{"id":30622,"date":"2021-10-12T15:51:09","date_gmt":"2021-10-12T15:51:09","guid":{"rendered":"https:\/\/championbaltics.com\/meist\/"},"modified":"2025-09-09T05:14:26","modified_gmt":"2025-09-09T05:14:26","slug":"meist","status":"publish","type":"page","link":"https:\/\/championbaltics.com\/et\/meist\/","title":{"rendered":"Meist"},"content":{"rendered":"<p>M\u00d5NED S\u00d5NAD MEIST\t\t\t\t<\/p>\n<h4>H\u00e4sti koordineeritud meeskonnat\u00f6\u00f6 r\u00e4\u00e4gib meist<\/h4>\n<h4\t\t\t\t\t\tclass=\"info-box-title title box-title-style-default wd-fontsize-m\" data-elementor-setting-key=\"title\">\n\t\t\t\t\t\t\t\tUSA-s valmistatud seadmed\t\t\t\t\t\t<\/h4>\n<p>Championi j\u00f5useadmete ametlik edasim\u00fc\u00fcja<\/p>\n<p>\t\t\t\t\t\t\t\t\t<a href=\"#\" aria-label=\"Infobox link\"><\/a><\/p>\n<h4\t\t\t\t\t\tclass=\"info-box-title title box-title-style-default wd-fontsize-m\" data-elementor-setting-key=\"title\">\n\t\t\t\t\t\t\t\tT.O Engineering O\u00dc<br \/>\n\t\t\t\t\t\t<\/h4>\n<p>Reg.12778360<\/p>\n<p>P\u00e4rnu mnt 144, Tallinn, Eesti<\/p>\n<p>VAT:EE102032772<\/p>\n<p>\t\t\t\t\t\t\t\t\t<a href=\"#\" aria-label=\"Infobox link\"><\/a><br \/>\n\t\t\t\t\t\t\t\t<img fetchpriority=\"high\" width=\"1605\" height=\"1070\" src=\"https:\/\/championbaltics.com\/wp-content\/uploads\/2025\/08\/MG_8442-scaled-e1756385359390.webp\" alt=\"\" decoding=\"async\" \/><br \/>\n\t\t\t\t\tPARIMAD LAHENDUSED CHAMPION POWER EQUIPMENTILT\t\t\t\t<\/p>\n<h4>Meie filosoofiast <\/h4>\n<p><em>Mitte lihtsalt j\u00e4rgmine <\/em><i>m\u00fc\u00fcja \u2013 oleme professionaalid, kes kasutavad Championi j\u00f5useadmeid erinevates missioonides ja olukordades.<\/i> <\/p>\n<p>T.O Engineering O\u00dc meeskond on pikka aega tegutsenud julgeoleku ja tsiviilkaitse valdkonnas. Otsisime sobivat tootjat, kelle omadused vastaksid kriitiliste olukordade ja tingimuste n\u00f5uetele. Nii j\u00f5udsime Champion Power Equipmentini. Testisime generaatoreid erinevates kriitilistes tingimustes ja operatsioonides. Nende antud kindlustunne v\u00f5imaldas meil neid m\u00fc\u00fcma hakata.    <\/p>\n<p><a href=\"http:\/\/xtemos.com\"><strong><em>ARR T.O Engineering O\u00dc @ 2025<\/em><\/strong><\/a><\/p>\n<p>\t\t\t\t\t\t\t\t\tJaga:<br \/>\n\t\t\t\t\t\t\t\t\t<a rel=\"noopener noreferrer nofollow\" href=\"https:\/\/www.facebook.com\/sharer\/sharer.php?u=\" target=\"_blank\" aria-label=\"Facebook social link\"><br \/>\n\t\t\t\t\t\t\t\t\t\t\t<\/a><br \/>\n\t\t\t\t\t\t\t\t\t<a rel=\"noopener noreferrer nofollow\" href=\"https:\/\/x.com\/share?url=\" target=\"_blank\" aria-label=\"X social link\"><br \/>\n\t\t\t\t\t\t\t\t\t\t\t<\/a><br \/>\n\t\t\t\t\t\t\t\t\t<a rel=\"noopener noreferrer nofollow\" href=\"mailto:?subject=Check%20this%20\" target=\"_blank\" aria-label=\"Email social link\"><br \/>\n\t\t\t\t\t\t\t\t\t\t\t<\/a><br \/>\n\t\t\t\t\t\t\t\t\t<a rel=\"noopener noreferrer nofollow\" href=\"https:\/\/pinterest.com\/pin\/create\/button\/?url=&#038;media=https:\/\/championbaltics.com\/wp-includes\/images\/media\/default.svg&#038;description=\" target=\"_blank\" aria-label=\"Pinterest social link\"><br \/>\n\t\t\t\t\t\t\t\t\t\t\t<\/a><br \/>\n\t\t\t\t\t\t\t\t\t<a rel=\"noopener noreferrer nofollow\" href=\"https:\/\/www.linkedin.com\/shareArticle?mini=true&#038;url=\" target=\"_blank\" aria-label=\"Linkedin social link\"><br \/>\n\t\t\t\t\t\t\t\t\t\t\t<\/a><br \/>\n\t\t\t\t\tS\u00d5NAD MEIST\t\t\t\t<\/p>\n<h4>Meie meeskond<\/h4>\n<p>Meie meeskond teeb k\u00f5vasti t\u00f6\u00f6d, et pakkuda parimat koolituse ja muude aspektide osas. Meeskond tunneb t\u00e4nap\u00e4evaseid riske, mis on seotud nii riigi- kui ka tsiviilkaitsega. Sellest tuleneb meie professionaalne soovitus iga toote kohta.  <\/p>\n<h4>\n\t\t\t\t\t\tT\u00f5nis Orumaa\t\t\t\t\t<\/h4>\n<p>\t\t\t\t\t\tTEGEVJUHT \/ ASUTAJA\t\t\t\t\t<\/p>\n<p>tonis@championbaltics.com<\/p>\n<p>\t\t\t\t\t\t\t\t\t<a rel=\"noopener noreferrer nofollow\" href=\"#\"><br \/>\n\t\t\t\t\t<\/a><br \/>\n\t\t\t\t\t\t\t\t\t<a rel=\"noopener noreferrer nofollow\" href=\"#\"><br \/>\n\t\t\t\t\t<\/a><br \/>\n\t\t\t\t\t\t\t\t\t<a rel=\"noopener noreferrer nofollow\" href=\"#\"><br \/>\n\t\t\t\t\t<\/a><br \/>\n\t\t\t\t\t\t\t\t\t<a rel=\"noopener noreferrer nofollow\" href=\"#\"><br \/>\n\t\t\t\t\t<\/a><br \/>\n\t\t\t\t\t\tProjektijuht\t\t\t\t\t<\/p>\n<p>info@championbaltics.com<\/p>\n<p>\t\t\t\t\t\t\t\t\t<a rel=\"noopener noreferrer nofollow\" href=\"https:\/\/facebook.com\/tonisorumaa\"><br \/>\n\t\t\t\t\t<\/a><br \/>\n\t\t\t\t\t\t\t\t\t<a rel=\"noopener noreferrer nofollow\" href=\"#\"><br \/>\n\t\t\t\t\t<\/a><br \/>\n\t\t\t\t\t\t\t\t\t<a rel=\"noopener noreferrer nofollow\" href=\"https:\/\/linkedin.com\/tonisorumaa\"><br \/>\n\t\t\t\t\t<\/a><br \/>\n\t\t\t\t\t\t\t\t\t<a rel=\"noopener noreferrer nofollow\" href=\"https:\/\/instagram.com\/tonisorumaa\"><br \/>\n\t\t\t\t\t<\/a><\/p>\n<h4>\n\t\t\t\t\t\tLiis K\u00e4sper\t\t\t\t\t<\/h4>\n<p>\t\t\t\t\t\tM\u00fc\u00fcgijuht\t\t\t\t\t<\/p>\n<p>liis@championbaltics.com<\/p>\n<p>\t\t\t\t\t\t\t\t\t<a rel=\"noopener noreferrer nofollow\" href=\"#\"><br \/>\n\t\t\t\t\t<\/a><br \/>\n\t\t\t\t\t\t\t\t\t<a rel=\"noopener noreferrer nofollow\" href=\"#\"><br \/>\n\t\t\t\t\t<\/a><br \/>\n\t\t\t\t\t\t\t\t\t<a rel=\"noopener noreferrer nofollow\" href=\"#\"><br \/>\n\t\t\t\t\t<\/a><br \/>\n\t\t\t\t\t\t\t\t\t<a rel=\"noopener noreferrer nofollow\" href=\"#\"><br \/>\n\t\t\t\t\t<\/a><br \/>\n\t\t\t\t\t\tM\u00fc\u00fcgiassistent\t\t\t\t\t<\/p>\n<p>info@championbaltics.com<\/p>\n<p>\t\t\t\t\t\t\t\t\t<a rel=\"noopener noreferrer nofollow\" href=\"#\"><br \/>\n\t\t\t\t\t<\/a><br \/>\n\t\t\t\t\t\t\t\t\t<a rel=\"noopener noreferrer nofollow\" href=\"#\"><br \/>\n\t\t\t\t\t<\/a><br \/>\n\t\t\t\t\t\t\t\t\t<a rel=\"noopener noreferrer nofollow\" href=\"#\"><br \/>\n\t\t\t\t\t<\/a><br \/>\n\t\t\t\t\t\t\t\t\t<a rel=\"noopener noreferrer nofollow\" href=\"#\"><br \/>\n\t\t\t\t\t<\/a><br \/>\n\t\t\t<a  href=\"https:\/\/championbaltics.com\/shop\/\"><br \/>\n\t\t\t\t\tChampioni j\u00f5useadmed<br \/>\n\t\t\t\t\t\t\t<\/a><br \/>\n\t\t\t\t\tChampion Baltics.\t\t\t\t<\/p>\n<h4>Parimad lahendused teile<\/h4>\n<p>\t\t\t\t2010<br \/>\n\t\t\t\t\tASUTAMISAASTA<br \/>\n\t\t\t\t450<br \/>\n\t\t\t\t\t\u00d5NNELIKUD KLIENDID<br \/>\n\t\t\t\t50<br \/>\n\t\t\t\t\tETTEV\u00d5TTED T\u00d6\u00d6TAVAD MEIEGA<br \/>\n\t\t\t\t2<br \/>\n\t\t\t\t\tKONTORID<br \/>\n\t\t\t\t8<br \/>\n\t\t\t\t\tMEESKONNALIIKMED<br \/>\n\t\t\t\t35<br \/>\n\t\t\t\t\tL\u00d5PETATUD PROJEKTID<\/p>\n","protected":false},"excerpt":{"rendered":"<p>M\u00d5NED S\u00d5NAD MEIST H\u00e4sti koordineeritud meeskonnat\u00f6\u00f6 r\u00e4\u00e4gib meist USA-s valmistatud seadmed Championi j\u00f5useadmete ametlik edasim\u00fc\u00fcja T.O Engineering O\u00dc Reg.12778360 P\u00e4rnu<\/p>\n","protected":false},"author":1,"featured_media":0,"parent":0,"menu_order":0,"comment_status":"closed","ping_status":"closed","template":"","meta":{"footnotes":""},"class_list":["post-30622","page","type-page","status-publish","hentry"],"yoast_head":"<!-- This site is optimized with the Yoast SEO Premium plugin v27.4 (Yoast SEO v27.4) - https:\/\/yoast.com\/product\/yoast-seo-premium-wordpress\/ -->\n<title>Meist - Champion Baltics<\/title>\n<meta name=\"robots\" content=\"index, follow, max-snippet:-1, max-image-preview:large, max-video-preview:-1\" \/>\n<link rel=\"canonical\" href=\"https:\/\/championbaltics.com\/et\/meist\/\" \/>\n<meta property=\"og:locale\" content=\"et_EE\" \/>\n<meta property=\"og:type\" content=\"article\" \/>\n<meta property=\"og:title\" content=\"Meist\" \/>\n<meta property=\"og:description\" content=\"M\u00d5NED S\u00d5NAD MEIST H\u00e4sti koordineeritud meeskonnat\u00f6\u00f6 r\u00e4\u00e4gib meist USA-s valmistatud seadmed Championi j\u00f5useadmete ametlik edasim\u00fc\u00fcja T.O Engineering O\u00dc Reg.12778360 P\u00e4rnu\" \/>\n<meta property=\"og:url\" content=\"https:\/\/championbaltics.com\/et\/meist\/\" \/>\n<meta property=\"og:site_name\" content=\"Champion Baltics\" \/>\n<meta property=\"article:publisher\" content=\"https:\/\/facebook.com\/championbaltics\" \/>\n<meta property=\"article:modified_time\" content=\"2025-09-09T05:14:26+00:00\" \/>\n<meta property=\"og:image\" content=\"https:\/\/championbaltics.com\/wp-content\/uploads\/2025\/08\/MG_8442-scaled-e1756385359390.webp\" \/>\n<meta name=\"twitter:card\" content=\"summary_large_image\" \/>\n<meta name=\"twitter:label1\" content=\"Est. reading time\" \/>\n\t<meta name=\"twitter:data1\" content=\"1 minut\" \/>\n<script type=\"application\/ld+json\" class=\"yoast-schema-graph\">{\"@context\":\"https:\\\/\\\/schema.org\",\"@graph\":[{\"@type\":\"WebPage\",\"@id\":\"https:\\\/\\\/championbaltics.com\\\/et\\\/meist\\\/\",\"url\":\"https:\\\/\\\/championbaltics.com\\\/et\\\/meist\\\/\",\"name\":\"Meist - Champion Baltics\",\"isPartOf\":{\"@id\":\"https:\\\/\\\/championbaltics.com\\\/et\\\/#website\"},\"primaryImageOfPage\":{\"@id\":\"https:\\\/\\\/championbaltics.com\\\/et\\\/meist\\\/#primaryimage\"},\"image\":{\"@id\":\"https:\\\/\\\/championbaltics.com\\\/et\\\/meist\\\/#primaryimage\"},\"thumbnailUrl\":\"https:\\\/\\\/championbaltics.com\\\/wp-content\\\/uploads\\\/2025\\\/08\\\/MG_8442-scaled-e1756385359390.webp\",\"datePublished\":\"2021-10-12T15:51:09+00:00\",\"dateModified\":\"2025-09-09T05:14:26+00:00\",\"breadcrumb\":{\"@id\":\"https:\\\/\\\/championbaltics.com\\\/et\\\/meist\\\/#breadcrumb\"},\"inLanguage\":\"et\",\"potentialAction\":[{\"@type\":\"ReadAction\",\"target\":[\"https:\\\/\\\/championbaltics.com\\\/et\\\/meist\\\/\"]}]},{\"@type\":\"ImageObject\",\"inLanguage\":\"et\",\"@id\":\"https:\\\/\\\/championbaltics.com\\\/et\\\/meist\\\/#primaryimage\",\"url\":\"https:\\\/\\\/championbaltics.com\\\/wp-content\\\/uploads\\\/2025\\\/08\\\/MG_8442-scaled-e1756385359390.webp\",\"contentUrl\":\"https:\\\/\\\/championbaltics.com\\\/wp-content\\\/uploads\\\/2025\\\/08\\\/MG_8442-scaled-e1756385359390.webp\"},{\"@type\":\"BreadcrumbList\",\"@id\":\"https:\\\/\\\/championbaltics.com\\\/et\\\/meist\\\/#breadcrumb\",\"itemListElement\":[{\"@type\":\"ListItem\",\"position\":1,\"name\":\"Home\",\"item\":\"https:\\\/\\\/championbaltics.com\\\/et\\\/\"},{\"@type\":\"ListItem\",\"position\":2,\"name\":\"Meist\"}]},{\"@type\":\"WebSite\",\"@id\":\"https:\\\/\\\/championbaltics.com\\\/et\\\/#website\",\"url\":\"https:\\\/\\\/championbaltics.com\\\/et\\\/\",\"name\":\"Champion Baltics\",\"description\":\"Power equipments\",\"publisher\":{\"@id\":\"https:\\\/\\\/championbaltics.com\\\/et\\\/#organization\"},\"alternateName\":\"Champion Power Equipment\",\"potentialAction\":[{\"@type\":\"SearchAction\",\"target\":{\"@type\":\"EntryPoint\",\"urlTemplate\":\"https:\\\/\\\/championbaltics.com\\\/et\\\/?s={search_term_string}\"},\"query-input\":{\"@type\":\"PropertyValueSpecification\",\"valueRequired\":true,\"valueName\":\"search_term_string\"}}],\"inLanguage\":\"et\"},{\"@type\":[\"Organization\",\"Place\"],\"@id\":\"https:\\\/\\\/championbaltics.com\\\/et\\\/#organization\",\"name\":\"Champion Baltics\",\"alternateName\":\"Champion Power Equipment\",\"url\":\"https:\\\/\\\/championbaltics.com\\\/et\\\/\",\"logo\":{\"@id\":\"https:\\\/\\\/championbaltics.com\\\/et\\\/meist\\\/#local-main-organization-logo\"},\"image\":{\"@id\":\"https:\\\/\\\/championbaltics.com\\\/et\\\/meist\\\/#local-main-organization-logo\"},\"sameAs\":[\"https:\\\/\\\/facebook.com\\\/championbaltics\"],\"description\":\"Champion power equipment representer of State of Baltics\",\"legalName\":\"T.O Engineering LLC\",\"foundingDate\":\"2015-01-07\",\"numberOfEmployees\":{\"@type\":\"QuantitativeValue\",\"minValue\":\"1\",\"maxValue\":\"10\"},\"hasMerchantReturnPolicy\":{\"@type\":\"MerchantReturnPolicy\",\"merchantReturnLink\":\"https:\\\/\\\/championbaltics.com\\\/refund_returns\\\/\"},\"address\":{\"@id\":\"https:\\\/\\\/championbaltics.com\\\/et\\\/meist\\\/#local-main-place-address\"},\"telephone\":[],\"contactPoint\":{\"@type\":\"ContactPoint\",\"telephone\":\"+3725204833\",\"email\":\"info@championbaltics.com\"},\"openingHoursSpecification\":[{\"@type\":\"OpeningHoursSpecification\",\"dayOfWeek\":[\"Monday\",\"Tuesday\",\"Wednesday\",\"Thursday\",\"Friday\",\"Saturday\",\"Sunday\"],\"opens\":\"09:00\",\"closes\":\"17:00\"}],\"email\":\"info@championbaltics.com\",\"vatID\":\"EE102032772\"},{\"@type\":\"PostalAddress\",\"@id\":\"https:\\\/\\\/championbaltics.com\\\/et\\\/meist\\\/#local-main-place-address\",\"streetAddress\":\"P\u00e4rnu mnt 144\",\"addressLocality\":\"Tallinn\",\"postalCode\":\"11317\",\"addressRegion\":\"Harju\",\"addressCountry\":\"EE\"},{\"@type\":\"ImageObject\",\"inLanguage\":\"et\",\"@id\":\"https:\\\/\\\/championbaltics.com\\\/et\\\/meist\\\/#local-main-organization-logo\",\"url\":\"https:\\\/\\\/championbaltics.com\\\/wp-content\\\/uploads\\\/2025\\\/08\\\/cropped-ChampionBalticsLogo.webp\",\"contentUrl\":\"https:\\\/\\\/championbaltics.com\\\/wp-content\\\/uploads\\\/2025\\\/08\\\/cropped-ChampionBalticsLogo.webp\",\"width\":512,\"height\":512,\"caption\":\"Champion Baltics\"}]}<\/script>\n<meta name=\"geo.placename\" content=\"Tallinn\" \/>\n<meta name=\"geo.region\" content=\"Estonia\" \/>\n<!-- \/ Yoast SEO Premium plugin. -->","yoast_head_json":{"title":"Meist - Champion Baltics","robots":{"index":"index","follow":"follow","max-snippet":"max-snippet:-1","max-image-preview":"max-image-preview:large","max-video-preview":"max-video-preview:-1"},"canonical":"https:\/\/championbaltics.com\/et\/meist\/","og_locale":"et_EE","og_type":"article","og_title":"Meist","og_description":"M\u00d5NED S\u00d5NAD MEIST H\u00e4sti koordineeritud meeskonnat\u00f6\u00f6 r\u00e4\u00e4gib meist USA-s valmistatud seadmed Championi j\u00f5useadmete ametlik edasim\u00fc\u00fcja T.O Engineering O\u00dc Reg.12778360 P\u00e4rnu","og_url":"https:\/\/championbaltics.com\/et\/meist\/","og_site_name":"Champion Baltics","article_publisher":"https:\/\/facebook.com\/championbaltics","article_modified_time":"2025-09-09T05:14:26+00:00","og_image":[{"url":"https:\/\/championbaltics.com\/wp-content\/uploads\/2025\/08\/MG_8442-scaled-e1756385359390.webp","type":"","width":"","height":""}],"twitter_card":"summary_large_image","twitter_misc":{"Est. reading time":"1 minut"},"schema":{"@context":"https:\/\/schema.org","@graph":[{"@type":"WebPage","@id":"https:\/\/championbaltics.com\/et\/meist\/","url":"https:\/\/championbaltics.com\/et\/meist\/","name":"Meist - Champion Baltics","isPartOf":{"@id":"https:\/\/championbaltics.com\/et\/#website"},"primaryImageOfPage":{"@id":"https:\/\/championbaltics.com\/et\/meist\/#primaryimage"},"image":{"@id":"https:\/\/championbaltics.com\/et\/meist\/#primaryimage"},"thumbnailUrl":"https:\/\/championbaltics.com\/wp-content\/uploads\/2025\/08\/MG_8442-scaled-e1756385359390.webp","datePublished":"2021-10-12T15:51:09+00:00","dateModified":"2025-09-09T05:14:26+00:00","breadcrumb":{"@id":"https:\/\/championbaltics.com\/et\/meist\/#breadcrumb"},"inLanguage":"et","potentialAction":[{"@type":"ReadAction","target":["https:\/\/championbaltics.com\/et\/meist\/"]}]},{"@type":"ImageObject","inLanguage":"et","@id":"https:\/\/championbaltics.com\/et\/meist\/#primaryimage","url":"https:\/\/championbaltics.com\/wp-content\/uploads\/2025\/08\/MG_8442-scaled-e1756385359390.webp","contentUrl":"https:\/\/championbaltics.com\/wp-content\/uploads\/2025\/08\/MG_8442-scaled-e1756385359390.webp"},{"@type":"BreadcrumbList","@id":"https:\/\/championbaltics.com\/et\/meist\/#breadcrumb","itemListElement":[{"@type":"ListItem","position":1,"name":"Home","item":"https:\/\/championbaltics.com\/et\/"},{"@type":"ListItem","position":2,"name":"Meist"}]},{"@type":"WebSite","@id":"https:\/\/championbaltics.com\/et\/#website","url":"https:\/\/championbaltics.com\/et\/","name":"Champion Baltics","description":"Power equipments","publisher":{"@id":"https:\/\/championbaltics.com\/et\/#organization"},"alternateName":"Champion Power Equipment","potentialAction":[{"@type":"SearchAction","target":{"@type":"EntryPoint","urlTemplate":"https:\/\/championbaltics.com\/et\/?s={search_term_string}"},"query-input":{"@type":"PropertyValueSpecification","valueRequired":true,"valueName":"search_term_string"}}],"inLanguage":"et"},{"@type":["Organization","Place"],"@id":"https:\/\/championbaltics.com\/et\/#organization","name":"Champion Baltics","alternateName":"Champion Power Equipment","url":"https:\/\/championbaltics.com\/et\/","logo":{"@id":"https:\/\/championbaltics.com\/et\/meist\/#local-main-organization-logo"},"image":{"@id":"https:\/\/championbaltics.com\/et\/meist\/#local-main-organization-logo"},"sameAs":["https:\/\/facebook.com\/championbaltics"],"description":"Champion power equipment representer of State of Baltics","legalName":"T.O Engineering LLC","foundingDate":"2015-01-07","numberOfEmployees":{"@type":"QuantitativeValue","minValue":"1","maxValue":"10"},"hasMerchantReturnPolicy":{"@type":"MerchantReturnPolicy","merchantReturnLink":"https:\/\/championbaltics.com\/refund_returns\/"},"address":{"@id":"https:\/\/championbaltics.com\/et\/meist\/#local-main-place-address"},"telephone":[],"contactPoint":{"@type":"ContactPoint","telephone":"+3725204833","email":"info@championbaltics.com"},"openingHoursSpecification":[{"@type":"OpeningHoursSpecification","dayOfWeek":["Monday","Tuesday","Wednesday","Thursday","Friday","Saturday","Sunday"],"opens":"09:00","closes":"17:00"}],"email":"info@championbaltics.com","vatID":"EE102032772"},{"@type":"PostalAddress","@id":"https:\/\/championbaltics.com\/et\/meist\/#local-main-place-address","streetAddress":"P\u00e4rnu mnt 144","addressLocality":"Tallinn","postalCode":"11317","addressRegion":"Harju","addressCountry":"EE"},{"@type":"ImageObject","inLanguage":"et","@id":"https:\/\/championbaltics.com\/et\/meist\/#local-main-organization-logo","url":"https:\/\/championbaltics.com\/wp-content\/uploads\/2025\/08\/cropped-ChampionBalticsLogo.webp","contentUrl":"https:\/\/championbaltics.com\/wp-content\/uploads\/2025\/08\/cropped-ChampionBalticsLogo.webp","width":512,"height":512,"caption":"Champion Baltics"}]},"geo.placename":"Tallinn","geo.region":"Estonia"},"_links":{"self":[{"href":"https:\/\/championbaltics.com\/et\/wp-json\/wp\/v2\/pages\/30622","targetHints":{"allow":["GET"]}}],"collection":[{"href":"https:\/\/championbaltics.com\/et\/wp-json\/wp\/v2\/pages"}],"about":[{"href":"https:\/\/championbaltics.com\/et\/wp-json\/wp\/v2\/types\/page"}],"author":[{"embeddable":true,"href":"https:\/\/championbaltics.com\/et\/wp-json\/wp\/v2\/users\/1"}],"replies":[{"embeddable":true,"href":"https:\/\/championbaltics.com\/et\/wp-json\/wp\/v2\/comments?post=30622"}],"version-history":[{"count":4,"href":"https:\/\/championbaltics.com\/et\/wp-json\/wp\/v2\/pages\/30622\/revisions"}],"predecessor-version":[{"id":31708,"href":"https:\/\/championbaltics.com\/et\/wp-json\/wp\/v2\/pages\/30622\/revisions\/31708"}],"wp:attachment":[{"href":"https:\/\/championbaltics.com\/et\/wp-json\/wp\/v2\/media?parent=30622"}],"curies":[{"name":"wp","href":"https:\/\/api.w.org\/{rel}","templated":true}]}}