{"id":31172,"date":"2025-08-18T16:06:28","date_gmt":"2025-08-18T16:06:28","guid":{"rendered":"https:\/\/championbaltics.com\/privaatsuspoliitika\/"},"modified":"2025-09-08T14:51:05","modified_gmt":"2025-09-08T14:51:05","slug":"privaatsuspoliitika","status":"publish","type":"page","link":"https:\/\/championbaltics.com\/et\/privaatsuspoliitika\/","title":{"rendered":"Privaatsuspoliitika"},"content":{"rendered":"\t\t<div data-elementor-type=\"wp-page\" data-elementor-id=\"31172\" class=\"elementor elementor-31172 elementor-3\">\n\t\t\t\t<div class=\"wd-negative-gap elementor-element elementor-element-6ec85468 e-flex e-con-boxed e-con e-parent\" data-id=\"6ec85468\" data-element_type=\"container\" data-e-type=\"container\">\n\t\t\t\t\t<div class=\"e-con-inner\">\n\t\t\t\t<div class=\"elementor-element elementor-element-73435e86 color-scheme-inherit text-left elementor-widget elementor-widget-text-editor\" data-id=\"73435e86\" data-element_type=\"widget\" data-e-type=\"widget\" data-widget_type=\"text-editor.default\">\n\t\t\t\t\t\t\t\t\t<h2 class=\"wp-block-heading\">Privaatsuspoliitika <\/h2>\n<p><\/p>\n<p>TO Engineering vastutab kliendi isikuandmete eest, mis esitatakse ostude sooritamisel, ja neid kasutatakse ainult tellimuse t\u00e4itmiseks ning klientidega kontakti hoidmiseks.<\/p>\n<p>Kliendi esitatud isikuandmeid k\u00e4sitletakse konfidentsiaalse teabena.<\/p>\n<p>TO Engineering j\u00e4tab endale \u00f5iguse saata klientidele teavet uute pakkumiste kohta.<\/p>\n<p>Kliendil on \u00f5igus teatada oma soovist mitte saada tulevikus <u><a href=\"http:\/\/laskmine.ee\/\">ee<\/a><\/u> saadetud pakkumisi ning n\u00f5uda oma andmete t\u00f6\u00f6tlemise l\u00f5petamist v\u00f5i seni kogutud andmete kustutamist T.O Engineeringu andmebaasist.<\/p>\n<p>K\u00f5ik kliendi isikuandmed, mis on saanud teatavaks <u><a href=\"http:\/\/laskmine.ee\/\">ee<\/a><\/u> e-poe k\u00fclastamise ja ostude sooritamise k\u00e4igus, loetakse konfidentsiaalseks teabeks. V\u00e4lja arvatud juhul, kui kuller vajab kauba kohaletoimetamiseks teie nime, telefoninumbrit ja tarneaadressi v\u00f5i muudel seadusega etten\u00e4htud juhtudel. <\/p>\n<p>Kr\u00fcpteeritud andmesidekanal pankadega tagab ostja isikuandmete ja pangainfo turvalisuse; lisaks puudub <u><a href=\"http:\/\/laskmine.ee\/\">ee<\/a><\/u> e-poel neile ligip\u00e4\u00e4s.<\/p>\n<p>M\u00fc\u00fcja tagab ostja andmete, sh isikuandmete kaitse ja kasutamise vastavalt \u00fcldtingimustes s\u00e4testatud korrale. Kehtivast seadusandlusest ja \u00fcldtingimuste s\u00e4tetest tulenevalt on m\u00fc\u00fcjal \u00f5igus t\u00f6\u00f6delda andmeid (sh isikuandmeid) ilma ostja n\u00f5usolekuta ulatuses, mis on vajalik e-poe kasutamiseks, m\u00fc\u00fcgilepingu t\u00e4itmiseks v\u00f5i m\u00fc\u00fcgilepingu t\u00e4itmise tagamiseks. Eelnevast tulenevalt on m\u00fc\u00fcjal ilma eraldi n\u00f5usolekuta muuhulgas \u00f5igus:<br>\u2013 saata ostjale e-poe teenuste kasutamisega seotud teateid, sh teateid, mille saatmine on e-poe kasutajate turvalisuse huvides;<br>\u2013 s\u00e4ilitada e-poodi sisse loginud ostja tellimuste andmeid ostjate paremaks teenindamiseks ja tehingute t\u00f5endamiseks, sh selliste tellimuste andmeid, mida ostja sessiooni k\u00e4igus m\u00f5istliku aja jooksul ei l\u00f5petanud.  <\/p>\n<p>Ostjal on \u00f5igus andmete turunduslikuks kasutamiseks antud n\u00f5usolek igal ajal tagasi v\u00f5tta, saates m\u00fc\u00fcjale vastava e-kirja v\u00f5i j\u00e4rgides tema e-posti aadressile saadetud otseturunduspakkumises olevaid juhiseid, et keelduda edasistest otseturunduspakkumistest.<\/p>\n<p><\/p>\n<h2 class=\"wp-block-heading\">Kommentaarid<\/h2>\n<p><\/p>\n<p>Kui k\u00fclastajad j\u00e4tavad saidile kommentaare, kogume kommentaarivormil n\u00e4idatud andmeid, samuti k\u00fclastaja IP-aadressi ja brauseri kasutajaagendi stringi, et aidata r\u00e4mpsposti tuvastada.<\/p>\n<p><\/p>\n<p>Teie e-posti aadressist loodud anon\u00fc\u00fcmne string (nimetatakse ka r\u00e4siks) v\u00f5idakse edastada Gravatari teenusele, et n\u00e4ha, kas te seda kasutate. Gravatari teenuse privaatsuspoliitika on saadaval siin: https:\/\/automattic.com\/privacy\/P\u00e4rast teie kommentaari heakskiitmist on teie profiilipilt avalikkusele n\u00e4htav teie kommentaari kontekstis. <\/p>\n<p><\/p>\n<h2 class=\"wp-block-heading\">Meedia<\/h2>\n<p><\/p>\n<p>Kui laadite veebisaidile pilte, peaksite v\u00e4ltima manustatud asukohaandmetega (EXIF GPS) piltide \u00fcleslaadimist. Veebisaidi k\u00fclastajad saavad veebisaidil olevatelt piltidelt alla laadida ja eraldada mis tahes asukohaandmeid. <\/p>\n<p><\/p>\n<h2 class=\"wp-block-heading\">K\u00fcpsised<\/h2>\n<p><\/p>\n<p>Kui j\u00e4tate meie saidile kommentaari, v\u00f5ite n\u00f5ustuda oma nime, e-posti aadressi ja veebisaidi salvestamisega k\u00fcpsistesse. Need on teie mugavuseks, et te ei peaks oma andmeid uuesti sisestama, kui j\u00e4tate uue kommentaari. Need k\u00fcpsised kestavad \u00fche aasta.  <\/p>\n<p><\/p>\n<p>Kui k\u00fclastate meie sisselogimislehte, seadistame ajutise k\u00fcpsise, et teha kindlaks, kas teie brauser aktsepteerib k\u00fcpsiseid. See k\u00fcpsis ei sisalda isikuandmeid ja see kustutatakse, kui brauseri sulgete. <\/p>\n<p><\/p>\n<p>Sisselogimisel seadistame ka mitu k\u00fcpsist, et salvestada teie sisselogimisteave ja ekraanikuva valikud. Sisselogimisk\u00fcpsised kehtivad kaks p\u00e4eva ja ekraanivalikute k\u00fcpsised \u00fche aasta. Kui valite \u201eJ\u00e4ta mind meelde\u201c, p\u00fcsib teie sisselogimine kaks n\u00e4dalat. Kui logite oma kontolt v\u00e4lja, eemaldatakse sisselogimisk\u00fcpsised.   <\/p>\n<p><\/p>\n<p>Kui muudate v\u00f5i avaldate artikli, salvestatakse teie brauserisse t\u00e4iendav k\u00fcpsis. See k\u00fcpsis ei sisalda isikuandmeid ja n\u00e4itab lihtsalt \u00e4sja muudetud artikli postituse ID-d. See aegub 1 p\u00e4eva p\u00e4rast.  <\/p>\n<p><\/p>\n<h2 class=\"wp-block-heading\">Manustatud sisu teistelt veebisaitidelt<\/h2>\n<p><\/p>\n<p>Sellel saidil olevad artiklid v\u00f5ivad sisaldada manustatud sisu (nt videod, pildid, artiklid jne). Teistelt veebisaitidelt p\u00e4rit manustatud sisu k\u00e4itub t\u00e4pselt samamoodi, nagu oleks k\u00fclastaja k\u00fclastanud teist veebisaiti. <\/p>\n<p><\/p>\n<p>Need veebisaidid v\u00f5ivad koguda teie kohta andmeid, kasutada k\u00fcpsiseid, manustada t\u00e4iendavat kolmanda osapoole j\u00e4lgimist ja j\u00e4lgida teie suhtlust selle manustatud sisuga, sealhulgas j\u00e4lgida teie suhtlust manustatud sisuga, kui teil on sellel veebisaidil konto ja olete sisse logitud.<\/p>\n<p><\/p>\n<h2 class=\"wp-block-heading\">Kellega me teie andmeid jagame<\/h2>\n<p><\/p>\n<p>Kui taotlete parooli l\u00e4htestamist, lisatakse teie IP-aadress l\u00e4htestamise e-kirja.<\/p>\n<p><\/p>\n<h2 class=\"wp-block-heading\">Kui kaua me teie andmeid s\u00e4ilitame<\/h2>\n<p><\/p>\n<p>Kui j\u00e4tate kommentaari, s\u00e4ilitatakse kommentaar ja selle metaandmed t\u00e4htajatult. See on selleks, et saaksime automaatselt \u00e4ra tunda ja heaks kiita k\u00f5ik j\u00e4rgnevad kommentaarid, selle asemel et hoida neid modereerimisj\u00e4rjekorras. <\/p>\n<p><\/p>\n<p>Meie veebisaidil registreerunud kasutajate (kui neid on) puhul salvestame ka isikuandmed, mida nad oma kasutajaprofiilis esitavad. K\u00f5ik kasutajad saavad oma isikuandmeid igal ajal vaadata, muuta v\u00f5i kustutada (v\u00e4lja arvatud see, et nad ei saa oma kasutajanime muuta). Veebisaidi administraatorid saavad seda teavet samuti vaadata ja muuta.  <\/p>\n<p><\/p>\n<h2 class=\"wp-block-heading\">Millised \u00f5igused teil oma andmete \u00fcle on<\/h2>\n<p><\/p>\n<p>Kui teil on sellel saidil konto v\u00f5i olete j\u00e4tnud kommentaare, v\u00f5ite taotleda teile kuuluva isikuandmete eksporditud faili, sealhulgas k\u00f5igi meile esitatud andmete saamist. Samuti v\u00f5ite taotleda, et kustutaksime k\u00f5ik teie kohta k\u00e4ivad isikuandmed. See ei h\u00f5lma andmeid, mida oleme kohustatud s\u00e4ilitama haldus-, \u00f5igus- v\u00f5i turvalisuse eesm\u00e4rkidel.  <\/p>\n<p><\/p>\n<h2 class=\"wp-block-heading\">Kuhu teie andmed saadetakse<\/h2>\n<p><\/p>\n<p>K\u00fclastajate kommentaare v\u00f5idakse kontrollida automatiseeritud r\u00e4mpsposti tuvastamise teenuse kaudu.<\/p>\n<p><\/p>\t\t\t\t\t\t\t\t<\/div>\n\t\t\t\t\t<\/div>\n\t\t\t\t<\/div>\n\t\t\t\t<\/div>\n\t\t","protected":false},"excerpt":{"rendered":"<p>Privaatsuspoliitika TO Engineering vastutab kliendi isikuandmete eest, mis esitatakse ostude sooritamisel, ja neid kasutatakse ainult tellimuse t\u00e4itmiseks ning klientidega kontakti<\/p>\n","protected":false},"author":1,"featured_media":0,"parent":0,"menu_order":0,"comment_status":"closed","ping_status":"open","template":"","meta":{"footnotes":""},"class_list":["post-31172","page","type-page","status-publish","hentry"],"yoast_head":"<!-- This site is optimized with the Yoast SEO Premium plugin v27.4 (Yoast SEO v27.4) - https:\/\/yoast.com\/product\/yoast-seo-premium-wordpress\/ -->\n<title>Privaatsuspoliitika - Champion Baltics<\/title>\n<meta name=\"robots\" content=\"index, follow, max-snippet:-1, max-image-preview:large, max-video-preview:-1\" \/>\n<link rel=\"canonical\" href=\"https:\/\/championbaltics.com\/et\/privaatsuspoliitika\/\" \/>\n<meta property=\"og:locale\" content=\"et_EE\" \/>\n<meta property=\"og:type\" content=\"article\" \/>\n<meta property=\"og:title\" content=\"Privaatsuspoliitika\" \/>\n<meta property=\"og:description\" content=\"Privaatsuspoliitika TO Engineering vastutab kliendi isikuandmete eest, mis esitatakse ostude sooritamisel, ja neid kasutatakse ainult tellimuse t\u00e4itmiseks ning klientidega kontakti\" \/>\n<meta property=\"og:url\" content=\"https:\/\/championbaltics.com\/et\/privaatsuspoliitika\/\" \/>\n<meta property=\"og:site_name\" content=\"Champion Baltics\" \/>\n<meta property=\"article:publisher\" content=\"https:\/\/facebook.com\/championbaltics\" \/>\n<meta property=\"article:modified_time\" content=\"2025-09-08T14:51:05+00:00\" \/>\n<meta property=\"og:image\" content=\"https:\/\/championbaltics.com\/wp-content\/uploads\/2025\/08\/cropped-ChampionBalticsLogo.webp\" \/>\n\t<meta property=\"og:image:width\" content=\"512\" \/>\n\t<meta property=\"og:image:height\" content=\"512\" \/>\n\t<meta property=\"og:image:type\" content=\"image\/webp\" \/>\n<meta name=\"twitter:card\" content=\"summary_large_image\" \/>\n<meta name=\"twitter:label1\" content=\"Est. reading time\" \/>\n\t<meta name=\"twitter:data1\" content=\"4 minutit\" \/>\n<script type=\"application\/ld+json\" class=\"yoast-schema-graph\">{\"@context\":\"https:\\\/\\\/schema.org\",\"@graph\":[{\"@type\":\"WebPage\",\"@id\":\"https:\\\/\\\/championbaltics.com\\\/et\\\/privaatsuspoliitika\\\/\",\"url\":\"https:\\\/\\\/championbaltics.com\\\/et\\\/privaatsuspoliitika\\\/\",\"name\":\"Privaatsuspoliitika - Champion Baltics\",\"isPartOf\":{\"@id\":\"https:\\\/\\\/championbaltics.com\\\/et\\\/#website\"},\"datePublished\":\"2025-08-18T16:06:28+00:00\",\"dateModified\":\"2025-09-08T14:51:05+00:00\",\"breadcrumb\":{\"@id\":\"https:\\\/\\\/championbaltics.com\\\/et\\\/privaatsuspoliitika\\\/#breadcrumb\"},\"inLanguage\":\"et\",\"potentialAction\":[{\"@type\":\"ReadAction\",\"target\":[\"https:\\\/\\\/championbaltics.com\\\/et\\\/privaatsuspoliitika\\\/\"]}]},{\"@type\":\"BreadcrumbList\",\"@id\":\"https:\\\/\\\/championbaltics.com\\\/et\\\/privaatsuspoliitika\\\/#breadcrumb\",\"itemListElement\":[{\"@type\":\"ListItem\",\"position\":1,\"name\":\"Home\",\"item\":\"https:\\\/\\\/championbaltics.com\\\/et\\\/\"},{\"@type\":\"ListItem\",\"position\":2,\"name\":\"Privaatsuspoliitika\"}]},{\"@type\":\"WebSite\",\"@id\":\"https:\\\/\\\/championbaltics.com\\\/et\\\/#website\",\"url\":\"https:\\\/\\\/championbaltics.com\\\/et\\\/\",\"name\":\"Champion Baltics\",\"description\":\"Power equipments\",\"publisher\":{\"@id\":\"https:\\\/\\\/championbaltics.com\\\/et\\\/#organization\"},\"alternateName\":\"Champion Power Equipment\",\"potentialAction\":[{\"@type\":\"SearchAction\",\"target\":{\"@type\":\"EntryPoint\",\"urlTemplate\":\"https:\\\/\\\/championbaltics.com\\\/et\\\/?s={search_term_string}\"},\"query-input\":{\"@type\":\"PropertyValueSpecification\",\"valueRequired\":true,\"valueName\":\"search_term_string\"}}],\"inLanguage\":\"et\"},{\"@type\":[\"Organization\",\"Place\"],\"@id\":\"https:\\\/\\\/championbaltics.com\\\/et\\\/#organization\",\"name\":\"Champion Baltics\",\"alternateName\":\"Champion Power Equipment\",\"url\":\"https:\\\/\\\/championbaltics.com\\\/et\\\/\",\"logo\":{\"@id\":\"https:\\\/\\\/championbaltics.com\\\/et\\\/privaatsuspoliitika\\\/#local-main-organization-logo\"},\"image\":{\"@id\":\"https:\\\/\\\/championbaltics.com\\\/et\\\/privaatsuspoliitika\\\/#local-main-organization-logo\"},\"sameAs\":[\"https:\\\/\\\/facebook.com\\\/championbaltics\"],\"description\":\"Champion power equipment representer of State of Baltics\",\"legalName\":\"T.O Engineering LLC\",\"foundingDate\":\"2015-01-07\",\"numberOfEmployees\":{\"@type\":\"QuantitativeValue\",\"minValue\":\"1\",\"maxValue\":\"10\"},\"hasMerchantReturnPolicy\":{\"@type\":\"MerchantReturnPolicy\",\"merchantReturnLink\":\"https:\\\/\\\/championbaltics.com\\\/refund_returns\\\/\"},\"address\":{\"@id\":\"https:\\\/\\\/championbaltics.com\\\/et\\\/privaatsuspoliitika\\\/#local-main-place-address\"},\"telephone\":[],\"contactPoint\":{\"@type\":\"ContactPoint\",\"telephone\":\"+3725204833\",\"email\":\"info@championbaltics.com\"},\"openingHoursSpecification\":[{\"@type\":\"OpeningHoursSpecification\",\"dayOfWeek\":[\"Monday\",\"Tuesday\",\"Wednesday\",\"Thursday\",\"Friday\",\"Saturday\",\"Sunday\"],\"opens\":\"09:00\",\"closes\":\"17:00\"}],\"email\":\"info@championbaltics.com\",\"vatID\":\"EE102032772\"},{\"@type\":\"PostalAddress\",\"@id\":\"https:\\\/\\\/championbaltics.com\\\/et\\\/privaatsuspoliitika\\\/#local-main-place-address\",\"streetAddress\":\"P\u00e4rnu mnt 144\",\"addressLocality\":\"Tallinn\",\"postalCode\":\"11317\",\"addressRegion\":\"Harju\",\"addressCountry\":\"EE\"},{\"@type\":\"ImageObject\",\"inLanguage\":\"et\",\"@id\":\"https:\\\/\\\/championbaltics.com\\\/et\\\/privaatsuspoliitika\\\/#local-main-organization-logo\",\"url\":\"https:\\\/\\\/championbaltics.com\\\/wp-content\\\/uploads\\\/2025\\\/08\\\/cropped-ChampionBalticsLogo.webp\",\"contentUrl\":\"https:\\\/\\\/championbaltics.com\\\/wp-content\\\/uploads\\\/2025\\\/08\\\/cropped-ChampionBalticsLogo.webp\",\"width\":512,\"height\":512,\"caption\":\"Champion Baltics\"}]}<\/script>\n<meta name=\"geo.placename\" content=\"Tallinn\" \/>\n<meta name=\"geo.region\" content=\"Estonia\" \/>\n<!-- \/ Yoast SEO Premium plugin. -->","yoast_head_json":{"title":"Privaatsuspoliitika - Champion Baltics","robots":{"index":"index","follow":"follow","max-snippet":"max-snippet:-1","max-image-preview":"max-image-preview:large","max-video-preview":"max-video-preview:-1"},"canonical":"https:\/\/championbaltics.com\/et\/privaatsuspoliitika\/","og_locale":"et_EE","og_type":"article","og_title":"Privaatsuspoliitika","og_description":"Privaatsuspoliitika TO Engineering vastutab kliendi isikuandmete eest, mis esitatakse ostude sooritamisel, ja neid kasutatakse ainult tellimuse t\u00e4itmiseks ning klientidega kontakti","og_url":"https:\/\/championbaltics.com\/et\/privaatsuspoliitika\/","og_site_name":"Champion Baltics","article_publisher":"https:\/\/facebook.com\/championbaltics","article_modified_time":"2025-09-08T14:51:05+00:00","og_image":[{"width":512,"height":512,"url":"https:\/\/championbaltics.com\/wp-content\/uploads\/2025\/08\/cropped-ChampionBalticsLogo.webp","type":"image\/webp"}],"twitter_card":"summary_large_image","twitter_misc":{"Est. reading time":"4 minutit"},"schema":{"@context":"https:\/\/schema.org","@graph":[{"@type":"WebPage","@id":"https:\/\/championbaltics.com\/et\/privaatsuspoliitika\/","url":"https:\/\/championbaltics.com\/et\/privaatsuspoliitika\/","name":"Privaatsuspoliitika - Champion Baltics","isPartOf":{"@id":"https:\/\/championbaltics.com\/et\/#website"},"datePublished":"2025-08-18T16:06:28+00:00","dateModified":"2025-09-08T14:51:05+00:00","breadcrumb":{"@id":"https:\/\/championbaltics.com\/et\/privaatsuspoliitika\/#breadcrumb"},"inLanguage":"et","potentialAction":[{"@type":"ReadAction","target":["https:\/\/championbaltics.com\/et\/privaatsuspoliitika\/"]}]},{"@type":"BreadcrumbList","@id":"https:\/\/championbaltics.com\/et\/privaatsuspoliitika\/#breadcrumb","itemListElement":[{"@type":"ListItem","position":1,"name":"Home","item":"https:\/\/championbaltics.com\/et\/"},{"@type":"ListItem","position":2,"name":"Privaatsuspoliitika"}]},{"@type":"WebSite","@id":"https:\/\/championbaltics.com\/et\/#website","url":"https:\/\/championbaltics.com\/et\/","name":"Champion Baltics","description":"Power equipments","publisher":{"@id":"https:\/\/championbaltics.com\/et\/#organization"},"alternateName":"Champion Power Equipment","potentialAction":[{"@type":"SearchAction","target":{"@type":"EntryPoint","urlTemplate":"https:\/\/championbaltics.com\/et\/?s={search_term_string}"},"query-input":{"@type":"PropertyValueSpecification","valueRequired":true,"valueName":"search_term_string"}}],"inLanguage":"et"},{"@type":["Organization","Place"],"@id":"https:\/\/championbaltics.com\/et\/#organization","name":"Champion Baltics","alternateName":"Champion Power Equipment","url":"https:\/\/championbaltics.com\/et\/","logo":{"@id":"https:\/\/championbaltics.com\/et\/privaatsuspoliitika\/#local-main-organization-logo"},"image":{"@id":"https:\/\/championbaltics.com\/et\/privaatsuspoliitika\/#local-main-organization-logo"},"sameAs":["https:\/\/facebook.com\/championbaltics"],"description":"Champion power equipment representer of State of Baltics","legalName":"T.O Engineering LLC","foundingDate":"2015-01-07","numberOfEmployees":{"@type":"QuantitativeValue","minValue":"1","maxValue":"10"},"hasMerchantReturnPolicy":{"@type":"MerchantReturnPolicy","merchantReturnLink":"https:\/\/championbaltics.com\/refund_returns\/"},"address":{"@id":"https:\/\/championbaltics.com\/et\/privaatsuspoliitika\/#local-main-place-address"},"telephone":[],"contactPoint":{"@type":"ContactPoint","telephone":"+3725204833","email":"info@championbaltics.com"},"openingHoursSpecification":[{"@type":"OpeningHoursSpecification","dayOfWeek":["Monday","Tuesday","Wednesday","Thursday","Friday","Saturday","Sunday"],"opens":"09:00","closes":"17:00"}],"email":"info@championbaltics.com","vatID":"EE102032772"},{"@type":"PostalAddress","@id":"https:\/\/championbaltics.com\/et\/privaatsuspoliitika\/#local-main-place-address","streetAddress":"P\u00e4rnu mnt 144","addressLocality":"Tallinn","postalCode":"11317","addressRegion":"Harju","addressCountry":"EE"},{"@type":"ImageObject","inLanguage":"et","@id":"https:\/\/championbaltics.com\/et\/privaatsuspoliitika\/#local-main-organization-logo","url":"https:\/\/championbaltics.com\/wp-content\/uploads\/2025\/08\/cropped-ChampionBalticsLogo.webp","contentUrl":"https:\/\/championbaltics.com\/wp-content\/uploads\/2025\/08\/cropped-ChampionBalticsLogo.webp","width":512,"height":512,"caption":"Champion Baltics"}]},"geo.placename":"Tallinn","geo.region":"Estonia"},"_links":{"self":[{"href":"https:\/\/championbaltics.com\/et\/wp-json\/wp\/v2\/pages\/31172","targetHints":{"allow":["GET"]}}],"collection":[{"href":"https:\/\/championbaltics.com\/et\/wp-json\/wp\/v2\/pages"}],"about":[{"href":"https:\/\/championbaltics.com\/et\/wp-json\/wp\/v2\/types\/page"}],"author":[{"embeddable":true,"href":"https:\/\/championbaltics.com\/et\/wp-json\/wp\/v2\/users\/1"}],"replies":[{"embeddable":true,"href":"https:\/\/championbaltics.com\/et\/wp-json\/wp\/v2\/comments?post=31172"}],"version-history":[{"count":2,"href":"https:\/\/championbaltics.com\/et\/wp-json\/wp\/v2\/pages\/31172\/revisions"}],"predecessor-version":[{"id":31633,"href":"https:\/\/championbaltics.com\/et\/wp-json\/wp\/v2\/pages\/31172\/revisions\/31633"}],"wp:attachment":[{"href":"https:\/\/championbaltics.com\/et\/wp-json\/wp\/v2\/media?parent=31172"}],"curies":[{"name":"wp","href":"https:\/\/api.w.org\/{rel}","templated":true}]}}