{"id":30314,"date":"2025-08-25T12:03:57","date_gmt":"2025-08-25T12:03:57","guid":{"rendered":"https:\/\/championbaltics.com\/toode\/champion-2200w-invertergeneraator-voimas-aatom\/"},"modified":"2025-11-25T07:44:31","modified_gmt":"2025-11-25T07:44:31","slug":"champion-2200w-invertergeneraator-voimas-aatom","status":"publish","type":"product","link":"https:\/\/championbaltics.com\/et\/toode\/champion-2200w-invertergeneraator-voimas-aatom\/","title":{"rendered":"Champion 2200w invertergeneraator \u2013 The Mighty Aatom!"},"content":{"rendered":"<h3>Champion 2200-vatine invertergeneraator \u2013 \u201eThe Mighty Aatom!\u201c<\/h3>\n<p><strong>Vaid 17,6 kg (38,8 naela) kaaluv 2,2 kW \u201eMighty Atom\u201c on isegi kergem kui praegu turul olev k\u00f5ige kergem 2000-vatine invertergeneraator*!<\/strong><\/p>\n<p>N\u00fc\u00fcd on kaasaskantav v\u00f5imsus ja kerge disain sinu k\u00e4eulatuses. Champion 2200w invertergeneraator. Saad kindel olla 79 cm\u00b3 mootorile ja naudi vaikset 58 dBA kuni 10,5 tundi t\u00f6\u00f6aega (25% koormusel).<\/p>\n<p>Puhas siinuslaine invertertehnoloogia muudab selle generaatori ideaalseks kasutades tundlikku elektroonikat, nagu arvutid, s\u00fclearvutid ja telerid, jaoks. Perfektne seade k\u00e4mpingus, v\u00e4ikestele majapidamisseadmetele nagu k\u00fclmikud, elektri t\u00f6\u00f6riistad, valgustusseadmed ja aiat\u00f6\u00f6riistad Sellel inverteril on paralleelv\u00f5imalus, mis v\u00f5imaldab sul \u00fchendada seda teiste Champion inverteritega, kasutades valikulist paralleelkomplekti.<\/p>\n<p>Kaetud 3-aastase garantiiga, v\u00f5id olla kindel kvaliteedis ja toetuses.<\/p>\n<p class=\"h6\">*Turuletoomise ajal juulis 2020. N\u00e4idatud kaal ei sisalda k\u00fctust.<\/p>\n<p class=\"h5\"><i class=\"fas fa-clipboard-check\"><\/i>K\u00f5ik \u00e4sja toodetud tooted vastavad EL V etapi n\u00f5uetele.<\/p>\n","protected":false},"excerpt":{"rendered":"<p>Vaid 17,5 kg kaaluv 2200W Mighty Aatom on isegi kergem kui praegu turul olev k\u00f5ige kergem 2000-vatine invertergeneraator. ParaLink valmidus.<\/p>\n<h4>Funktsioonid<\/h4>\n<ul>\n<li>Kaalub vaid 17,6 kg! Mighty Atom on maailma kergeim 2 kW invertergeneraator.<\/li>\n<li>Bensiinimootoriga 79 cm\u00b3 mootor, mille t\u00f6\u00f6aeg on kuni 10,5 tundi (25% koormusel).<\/li>\n<li>\u00dchendage oma elektroonika julgelt t\u00f5elise siinuslaine tehnoloogiaga (&lt; 3% THD).<\/li>\n<li>Usaldusv\u00e4\u00e4rne Champion mootor toodab 2200 maksimaalset vatti, 1900 pidevat vatti.<\/li>\n<li>Mitu pistikupesa, sealhulgas kaks 220 V 16 A pistikupesa ja \u00fcks 12 V alalisvoolu pistikupesa.<\/li>\n<li>Vaikne t\u00f6\u00f6 vaid 58 dBA juures 7 m kaugusel.<\/li>\n<li>LED-indikaatorid ja s\u00e4\u00e4sture\u017eiim k\u00fctuse s\u00e4\u00e4stmiseks.<\/li>\n<li>Madala \u00f5litaseme v\u00e4ljal\u00fclitusanduriga disainitud inverteril on 500 ml \u00f5limaht.<\/li>\n<li>\u00dchendage see inverter teise Champion 2200-vatise inverteriga suurema v\u00f5imsuse saamiseks (valikulise ParaLINK paralleelkomplektiga).<\/li>\n<\/ul>\n","protected":false},"featured_media":29782,"comment_status":"open","ping_status":"closed","template":"","meta":[],"product_brand":[86],"product_cat":[286,237],"product_tag":[188,109],"class_list":{"0":"post-30314","1":"product","2":"type-product","3":"status-publish","4":"has-post-thumbnail","6":"product_brand-champion","7":"product_cat-bensiini-generaatorid","8":"product_cat-inverte-generaator","9":"product_tag-generaator","10":"product_tag-invertergeneraator","12":"first","13":"instock","14":"taxable","15":"shipping-taxable","16":"purchasable","17":"product-type-simple"},"yoast_head":"<!-- This site is optimized with the Yoast SEO Premium plugin v27.5 (Yoast SEO v27.5) - https:\/\/yoast.com\/product\/yoast-seo-premium-wordpress\/ -->\n<title>Champion 2200w invertergeneraator \u2013 The Mighty Aatom! - Champion Baltics<\/title>\n<meta name=\"description\" content=\"Champion Mighty Atom 2200W invertergeneraator: vaid 17,6 kg, vaikne 58 dBA, 10,5h t\u00f6\u00f6aeg, EL V n\u00f5uetele vastav, paralleelvalmidus, 3a garantii.\" \/>\n<meta name=\"robots\" content=\"index, follow, max-snippet:-1, max-image-preview:large, max-video-preview:-1\" \/>\n<link rel=\"canonical\" href=\"https:\/\/championbaltics.com\/et\/toode\/champion-2200w-invertergeneraator-voimas-aatom\/\" \/>\n<meta property=\"og:locale\" content=\"et_EE\" \/>\n<meta property=\"og:type\" content=\"article\" \/>\n<meta property=\"og:title\" content=\"Champion 2200w invertergeneraator \u2013 The Mighty Aatom!\" \/>\n<meta property=\"og:description\" content=\"Champion Mighty Atom 2200W invertergeneraator: vaid 17,6 kg, vaikne 58 dBA, 10,5h t\u00f6\u00f6aeg, EL V n\u00f5uetele vastav, paralleelvalmidus, 3a garantii.\" \/>\n<meta property=\"og:url\" content=\"https:\/\/championbaltics.com\/et\/toode\/champion-2200w-invertergeneraator-voimas-aatom\/\" \/>\n<meta property=\"og:site_name\" content=\"Champion Baltics\" \/>\n<meta property=\"article:publisher\" content=\"https:\/\/facebook.com\/championbaltics\" \/>\n<meta property=\"article:modified_time\" content=\"2025-11-25T07:44:31+00:00\" \/>\n<meta property=\"og:image\" content=\"https:\/\/championbaltics.com\/wp-content\/uploads\/2025\/08\/92001i-EU.webp\" \/>\n\t<meta property=\"og:image:width\" content=\"2500\" \/>\n\t<meta property=\"og:image:height\" content=\"2500\" \/>\n\t<meta property=\"og:image:type\" content=\"image\/jpeg\" \/>\n<meta name=\"twitter:card\" content=\"summary_large_image\" \/>\n<meta name=\"twitter:label1\" content=\"Price\" \/>\n\t<meta name=\"twitter:data1\" content=\"699,00&nbsp;&euro;\" \/>\n\t<meta name=\"twitter:label2\" content=\"Availability\" \/>\n\t<meta name=\"twitter:data2\" content=\"In stock\" \/>\n<script type=\"application\/ld+json\" class=\"yoast-schema-graph\">{\"@context\":\"https:\\\/\\\/schema.org\",\"@graph\":[{\"@type\":\"WebPage\",\"@id\":\"https:\\\/\\\/championbaltics.com\\\/et\\\/toode\\\/champion-2200w-invertergeneraator-voimas-aatom\\\/\",\"url\":\"https:\\\/\\\/championbaltics.com\\\/et\\\/toode\\\/champion-2200w-invertergeneraator-voimas-aatom\\\/\",\"name\":\"Champion 2200w invertergeneraator \u2013 The Mighty Aatom! - Champion Baltics\",\"isPartOf\":{\"@id\":\"https:\\\/\\\/championbaltics.com\\\/et\\\/#website\"},\"primaryImageOfPage\":{\"@id\":\"https:\\\/\\\/championbaltics.com\\\/et\\\/toode\\\/champion-2200w-invertergeneraator-voimas-aatom\\\/#primaryimage\"},\"image\":{\"@id\":\"https:\\\/\\\/championbaltics.com\\\/et\\\/toode\\\/champion-2200w-invertergeneraator-voimas-aatom\\\/#primaryimage\"},\"thumbnailUrl\":\"https:\\\/\\\/championbaltics.com\\\/wp-content\\\/uploads\\\/2025\\\/08\\\/92001i-EU.webp\",\"datePublished\":\"2025-08-25T12:03:57+00:00\",\"dateModified\":\"2025-11-25T07:44:31+00:00\",\"description\":\"Champion Mighty Atom 2200W invertergeneraator: vaid 17,6 kg, vaikne 58 dBA, 10,5h t\u00f6\u00f6aeg, EL V n\u00f5uetele vastav, paralleelvalmidus, 3a garantii.\",\"breadcrumb\":{\"@id\":\"https:\\\/\\\/championbaltics.com\\\/et\\\/toode\\\/champion-2200w-invertergeneraator-voimas-aatom\\\/#breadcrumb\"},\"inLanguage\":\"et\",\"potentialAction\":[{\"@type\":\"ReadAction\",\"target\":[\"https:\\\/\\\/championbaltics.com\\\/et\\\/toode\\\/champion-2200w-invertergeneraator-voimas-aatom\\\/\"]}]},{\"@type\":\"ImageObject\",\"inLanguage\":\"et\",\"@id\":\"https:\\\/\\\/championbaltics.com\\\/et\\\/toode\\\/champion-2200w-invertergeneraator-voimas-aatom\\\/#primaryimage\",\"url\":\"https:\\\/\\\/championbaltics.com\\\/wp-content\\\/uploads\\\/2025\\\/08\\\/92001i-EU.webp\",\"contentUrl\":\"https:\\\/\\\/championbaltics.com\\\/wp-content\\\/uploads\\\/2025\\\/08\\\/92001i-EU.webp\",\"width\":2500,\"height\":2500,\"caption\":\"Champion 2200w invertergeneraator \u2013 v\u00f5imas Aatom!\"},{\"@type\":\"BreadcrumbList\",\"@id\":\"https:\\\/\\\/championbaltics.com\\\/et\\\/toode\\\/champion-2200w-invertergeneraator-voimas-aatom\\\/#breadcrumb\",\"itemListElement\":[{\"@type\":\"ListItem\",\"position\":1,\"name\":\"Home\",\"item\":\"https:\\\/\\\/championbaltics.com\\\/et\\\/\"},{\"@type\":\"ListItem\",\"position\":2,\"name\":\"Pood\",\"item\":\"https:\\\/\\\/championbaltics.com\\\/et\\\/pood\\\/\"},{\"@type\":\"ListItem\",\"position\":3,\"name\":\"Champion 2200w invertergeneraator \u2013 The Mighty Aatom!\"}]},{\"@type\":\"WebSite\",\"@id\":\"https:\\\/\\\/championbaltics.com\\\/et\\\/#website\",\"url\":\"https:\\\/\\\/championbaltics.com\\\/et\\\/\",\"name\":\"Champion Baltics\",\"description\":\"Power equipments\",\"publisher\":{\"@id\":\"https:\\\/\\\/championbaltics.com\\\/et\\\/#organization\"},\"alternateName\":\"Champion Power Equipment\",\"potentialAction\":[{\"@type\":\"SearchAction\",\"target\":{\"@type\":\"EntryPoint\",\"urlTemplate\":\"https:\\\/\\\/championbaltics.com\\\/et\\\/?s={search_term_string}\"},\"query-input\":{\"@type\":\"PropertyValueSpecification\",\"valueRequired\":true,\"valueName\":\"search_term_string\"}}],\"inLanguage\":\"et\"},{\"@type\":[\"Organization\",\"Place\"],\"@id\":\"https:\\\/\\\/championbaltics.com\\\/et\\\/#organization\",\"name\":\"Champion Baltics\",\"alternateName\":\"Champion Power Equipment\",\"url\":\"https:\\\/\\\/championbaltics.com\\\/et\\\/\",\"logo\":{\"@id\":\"https:\\\/\\\/championbaltics.com\\\/et\\\/toode\\\/champion-2200w-invertergeneraator-voimas-aatom\\\/#local-main-organization-logo\"},\"image\":{\"@id\":\"https:\\\/\\\/championbaltics.com\\\/et\\\/toode\\\/champion-2200w-invertergeneraator-voimas-aatom\\\/#local-main-organization-logo\"},\"sameAs\":[\"https:\\\/\\\/facebook.com\\\/championbaltics\"],\"description\":\"Champion power equipment representer of State of Baltics\",\"legalName\":\"T.O Engineering LLC\",\"foundingDate\":\"2015-01-07\",\"numberOfEmployees\":{\"@type\":\"QuantitativeValue\",\"minValue\":\"1\",\"maxValue\":\"10\"},\"hasMerchantReturnPolicy\":{\"@type\":\"MerchantReturnPolicy\",\"merchantReturnLink\":\"https:\\\/\\\/championbaltics.com\\\/refund_returns\\\/\"},\"address\":{\"@id\":\"https:\\\/\\\/championbaltics.com\\\/et\\\/toode\\\/champion-2200w-invertergeneraator-voimas-aatom\\\/#local-main-place-address\"},\"telephone\":[],\"contactPoint\":{\"@type\":\"ContactPoint\",\"telephone\":\"+3725204833\",\"email\":\"info@championbaltics.com\"},\"openingHoursSpecification\":[{\"@type\":\"OpeningHoursSpecification\",\"dayOfWeek\":[\"Monday\",\"Tuesday\",\"Wednesday\",\"Thursday\",\"Friday\",\"Saturday\",\"Sunday\"],\"opens\":\"09:00\",\"closes\":\"17:00\"}],\"email\":\"info@championbaltics.com\",\"vatID\":\"EE102032772\"},{\"@type\":\"PostalAddress\",\"@id\":\"https:\\\/\\\/championbaltics.com\\\/et\\\/toode\\\/champion-2200w-invertergeneraator-voimas-aatom\\\/#local-main-place-address\",\"streetAddress\":\"P\u00e4rnu mnt 144\",\"addressLocality\":\"Tallinn\",\"postalCode\":\"11317\",\"addressRegion\":\"Harju\",\"addressCountry\":\"EE\"},{\"@type\":\"ImageObject\",\"inLanguage\":\"et\",\"@id\":\"https:\\\/\\\/championbaltics.com\\\/et\\\/toode\\\/champion-2200w-invertergeneraator-voimas-aatom\\\/#local-main-organization-logo\",\"url\":\"https:\\\/\\\/championbaltics.com\\\/wp-content\\\/uploads\\\/2025\\\/08\\\/cropped-ChampionBalticsLogo.webp\",\"contentUrl\":\"https:\\\/\\\/championbaltics.com\\\/wp-content\\\/uploads\\\/2025\\\/08\\\/cropped-ChampionBalticsLogo.webp\",\"width\":512,\"height\":512,\"caption\":\"Champion Baltics\"}]}<\/script>\n<meta property=\"product:brand\" content=\"Champion\" \/>\n<meta property=\"product:price:amount\" content=\"699.00\" \/>\n<meta property=\"product:price:currency\" content=\"EUR\" \/>\n<meta property=\"og:availability\" content=\"instock\" \/>\n<meta property=\"product:availability\" content=\"instock\" \/>\n<meta property=\"product:retailer_item_id\" content=\"92001i-EU-SC\" \/>\n<meta property=\"product:condition\" content=\"new\" \/>\n<meta name=\"geo.placename\" content=\"Tallinn\" \/>\n<meta name=\"geo.region\" content=\"Estonia\" \/>\n<!-- \/ Yoast SEO Premium plugin. -->","yoast_head_json":{"title":"Champion 2200w invertergeneraator \u2013 The Mighty Aatom! - Champion Baltics","description":"Champion Mighty Atom 2200W invertergeneraator: vaid 17,6 kg, vaikne 58 dBA, 10,5h t\u00f6\u00f6aeg, EL V n\u00f5uetele vastav, paralleelvalmidus, 3a garantii.","robots":{"index":"index","follow":"follow","max-snippet":"max-snippet:-1","max-image-preview":"max-image-preview:large","max-video-preview":"max-video-preview:-1"},"canonical":"https:\/\/championbaltics.com\/et\/toode\/champion-2200w-invertergeneraator-voimas-aatom\/","og_locale":"et_EE","og_type":"article","og_title":"Champion 2200w invertergeneraator \u2013 The Mighty Aatom!","og_description":"Champion Mighty Atom 2200W invertergeneraator: vaid 17,6 kg, vaikne 58 dBA, 10,5h t\u00f6\u00f6aeg, EL V n\u00f5uetele vastav, paralleelvalmidus, 3a garantii.","og_url":"https:\/\/championbaltics.com\/et\/toode\/champion-2200w-invertergeneraator-voimas-aatom\/","og_site_name":"Champion Baltics","article_publisher":"https:\/\/facebook.com\/championbaltics","article_modified_time":"2025-11-25T07:44:31+00:00","og_image":[{"width":2500,"height":2500,"url":"https:\/\/championbaltics.com\/wp-content\/uploads\/2025\/08\/92001i-EU.webp","type":"image\/jpeg"}],"twitter_card":"summary_large_image","twitter_misc":{"Price":"699,00&nbsp;&euro;","Availability":"In stock"},"schema":{"@context":"https:\/\/schema.org","@graph":[{"@type":"WebPage","@id":"https:\/\/championbaltics.com\/et\/toode\/champion-2200w-invertergeneraator-voimas-aatom\/","url":"https:\/\/championbaltics.com\/et\/toode\/champion-2200w-invertergeneraator-voimas-aatom\/","name":"Champion 2200w invertergeneraator \u2013 The Mighty Aatom! - Champion Baltics","isPartOf":{"@id":"https:\/\/championbaltics.com\/et\/#website"},"primaryImageOfPage":{"@id":"https:\/\/championbaltics.com\/et\/toode\/champion-2200w-invertergeneraator-voimas-aatom\/#primaryimage"},"image":{"@id":"https:\/\/championbaltics.com\/et\/toode\/champion-2200w-invertergeneraator-voimas-aatom\/#primaryimage"},"thumbnailUrl":"https:\/\/championbaltics.com\/wp-content\/uploads\/2025\/08\/92001i-EU.webp","datePublished":"2025-08-25T12:03:57+00:00","dateModified":"2025-11-25T07:44:31+00:00","description":"Champion Mighty Atom 2200W invertergeneraator: vaid 17,6 kg, vaikne 58 dBA, 10,5h t\u00f6\u00f6aeg, EL V n\u00f5uetele vastav, paralleelvalmidus, 3a garantii.","breadcrumb":{"@id":"https:\/\/championbaltics.com\/et\/toode\/champion-2200w-invertergeneraator-voimas-aatom\/#breadcrumb"},"inLanguage":"et","potentialAction":[{"@type":"ReadAction","target":["https:\/\/championbaltics.com\/et\/toode\/champion-2200w-invertergeneraator-voimas-aatom\/"]}]},{"@type":"ImageObject","inLanguage":"et","@id":"https:\/\/championbaltics.com\/et\/toode\/champion-2200w-invertergeneraator-voimas-aatom\/#primaryimage","url":"https:\/\/championbaltics.com\/wp-content\/uploads\/2025\/08\/92001i-EU.webp","contentUrl":"https:\/\/championbaltics.com\/wp-content\/uploads\/2025\/08\/92001i-EU.webp","width":2500,"height":2500,"caption":"Champion 2200w invertergeneraator \u2013 v\u00f5imas Aatom!"},{"@type":"BreadcrumbList","@id":"https:\/\/championbaltics.com\/et\/toode\/champion-2200w-invertergeneraator-voimas-aatom\/#breadcrumb","itemListElement":[{"@type":"ListItem","position":1,"name":"Home","item":"https:\/\/championbaltics.com\/et\/"},{"@type":"ListItem","position":2,"name":"Pood","item":"https:\/\/championbaltics.com\/et\/pood\/"},{"@type":"ListItem","position":3,"name":"Champion 2200w invertergeneraator \u2013 The Mighty Aatom!"}]},{"@type":"WebSite","@id":"https:\/\/championbaltics.com\/et\/#website","url":"https:\/\/championbaltics.com\/et\/","name":"Champion Baltics","description":"Power equipments","publisher":{"@id":"https:\/\/championbaltics.com\/et\/#organization"},"alternateName":"Champion Power Equipment","potentialAction":[{"@type":"SearchAction","target":{"@type":"EntryPoint","urlTemplate":"https:\/\/championbaltics.com\/et\/?s={search_term_string}"},"query-input":{"@type":"PropertyValueSpecification","valueRequired":true,"valueName":"search_term_string"}}],"inLanguage":"et"},{"@type":["Organization","Place"],"@id":"https:\/\/championbaltics.com\/et\/#organization","name":"Champion Baltics","alternateName":"Champion Power Equipment","url":"https:\/\/championbaltics.com\/et\/","logo":{"@id":"https:\/\/championbaltics.com\/et\/toode\/champion-2200w-invertergeneraator-voimas-aatom\/#local-main-organization-logo"},"image":{"@id":"https:\/\/championbaltics.com\/et\/toode\/champion-2200w-invertergeneraator-voimas-aatom\/#local-main-organization-logo"},"sameAs":["https:\/\/facebook.com\/championbaltics"],"description":"Champion power equipment representer of State of Baltics","legalName":"T.O Engineering LLC","foundingDate":"2015-01-07","numberOfEmployees":{"@type":"QuantitativeValue","minValue":"1","maxValue":"10"},"hasMerchantReturnPolicy":{"@type":"MerchantReturnPolicy","merchantReturnLink":"https:\/\/championbaltics.com\/refund_returns\/"},"address":{"@id":"https:\/\/championbaltics.com\/et\/toode\/champion-2200w-invertergeneraator-voimas-aatom\/#local-main-place-address"},"telephone":[],"contactPoint":{"@type":"ContactPoint","telephone":"+3725204833","email":"info@championbaltics.com"},"openingHoursSpecification":[{"@type":"OpeningHoursSpecification","dayOfWeek":["Monday","Tuesday","Wednesday","Thursday","Friday","Saturday","Sunday"],"opens":"09:00","closes":"17:00"}],"email":"info@championbaltics.com","vatID":"EE102032772"},{"@type":"PostalAddress","@id":"https:\/\/championbaltics.com\/et\/toode\/champion-2200w-invertergeneraator-voimas-aatom\/#local-main-place-address","streetAddress":"P\u00e4rnu mnt 144","addressLocality":"Tallinn","postalCode":"11317","addressRegion":"Harju","addressCountry":"EE"},{"@type":"ImageObject","inLanguage":"et","@id":"https:\/\/championbaltics.com\/et\/toode\/champion-2200w-invertergeneraator-voimas-aatom\/#local-main-organization-logo","url":"https:\/\/championbaltics.com\/wp-content\/uploads\/2025\/08\/cropped-ChampionBalticsLogo.webp","contentUrl":"https:\/\/championbaltics.com\/wp-content\/uploads\/2025\/08\/cropped-ChampionBalticsLogo.webp","width":512,"height":512,"caption":"Champion Baltics"}]},"product_brand":"Champion","product_price_amount":"699.00","product_price_currency":"EUR","og_availability":"instock","product_availability":"instock","product_retailer_item_id":"92001i-EU-SC","product_condition":"new","geo.placename":"Tallinn","geo.region":"Estonia"},"_links":{"self":[{"href":"https:\/\/championbaltics.com\/et\/wp-json\/wp\/v2\/product\/30314","targetHints":{"allow":["GET"]}}],"collection":[{"href":"https:\/\/championbaltics.com\/et\/wp-json\/wp\/v2\/product"}],"about":[{"href":"https:\/\/championbaltics.com\/et\/wp-json\/wp\/v2\/types\/product"}],"replies":[{"embeddable":true,"href":"https:\/\/championbaltics.com\/et\/wp-json\/wp\/v2\/comments?post=30314"}],"version-history":[{"count":11,"href":"https:\/\/championbaltics.com\/et\/wp-json\/wp\/v2\/product\/30314\/revisions"}],"predecessor-version":[{"id":32067,"href":"https:\/\/championbaltics.com\/et\/wp-json\/wp\/v2\/product\/30314\/revisions\/32067"}],"wp:featuredmedia":[{"embeddable":true,"href":"https:\/\/championbaltics.com\/et\/wp-json\/wp\/v2\/media\/29782"}],"wp:attachment":[{"href":"https:\/\/championbaltics.com\/et\/wp-json\/wp\/v2\/media?parent=30314"}],"wp:term":[{"taxonomy":"product_brand","embeddable":true,"href":"https:\/\/championbaltics.com\/et\/wp-json\/wp\/v2\/product_brand?post=30314"},{"taxonomy":"product_cat","embeddable":true,"href":"https:\/\/championbaltics.com\/et\/wp-json\/wp\/v2\/product_cat?post=30314"},{"taxonomy":"product_tag","embeddable":true,"href":"https:\/\/championbaltics.com\/et\/wp-json\/wp\/v2\/product_tag?post=30314"}],"curies":[{"name":"wp","href":"https:\/\/api.w.org\/{rel}","templated":true}]}}