{"id":30583,"date":"2025-08-25T14:01:28","date_gmt":"2025-08-25T14:01:28","guid":{"rendered":"https:\/\/championbaltics.com\/toode\/champion-3600-vatine-kahekutuseline-raamtuupi-inverter\/"},"modified":"2025-11-25T07:44:31","modified_gmt":"2025-11-25T07:44:31","slug":"champion-3600-vatine-hubriid-raamtuupi-inverter","status":"publish","type":"product","link":"https:\/\/championbaltics.com\/et\/toode\/champion-3600-vatine-hubriid-raamtuupi-inverter\/","title":{"rendered":"Champion 3600-vatine h\u00fcbriid raamt\u00fc\u00fcpi inverter"},"content":{"rendered":"<div class=\"callout primary\">\n<h3>Champion 3500W h\u00fcbriid invertergeneraator<\/h3>\n<h4><strong>Vaiksem, v\u00e4iksem ja kergem kui traditsioonilised generaatorid \u2013 ja n\u00fc\u00fcd saadaval h\u00fcbriid (LPG ja bensiin) v\u00f5imekusega!<\/strong><\/h4>\n<\/div>\n<p>Integreerides digitaalseid komponente, mida kasutatakse arenenumates inverterites <strong>\u201etuntud kui vaikne tehnoloogia\u201c<\/strong> ja kasutades t\u00f5husamat mehaanilist disaini, suutis Champion oluliselt v\u00e4hendada generaatori m\u00fcrataset ning selle \u00fcldist jalaj\u00e4lge ja kaalu.<\/p>\n<p>Vaikse tehnoloogia, pikendatud t\u00f6\u00f6aja, s\u00e4\u00e4sture\u017eiimi ja puhta energiaga on sellel digitaalsel h\u00fcbriidinverteril vajalik arenenud v\u00f5imsus.<\/p>\n<p>Championi usaldusv\u00e4\u00e4rne 224 cm\u00b3 Champion mootor toodab 3500 t\u00f6\u00f6vati ja t\u00f6\u00f6tab 14 tundi 25% koormusel 11-liitrise k\u00fctusepaagiga v\u00f5i 18 tundi LPG-ga 20-liitrise gaasiballooniga. 0,6-liitrise \u00f5limahutavusega (soovitatav 10W-30) ja madala \u00f5litaseme v\u00e4ljal\u00fclitusanduriga t\u00f6\u00f6tab see inverter 64 dBA juures 7 meetri (23 jala) kauguselt.<\/p>\n<p>\u00dchendage julgelt oma tundlikud elektroonikaseadmed, kuna meie h\u00fcbriid invertereneraator toodab ainult puhast voolu (Clean Power) (alla 3% THD). Kokkupandav ergonoomiline k\u00e4epide ja kaasasolev rattakomplekt torkekindlate rehvidega muudavad seadme liigutamise sinna, kuhu vaja, imelihtsaks.<\/p>\n<p>Ostke see CE ja EU5 sertifikaadiga generaator julgelt. Championi legendaarne klienditeeninduse meeskond toetab teie ostu 3-aastase piiratud garantiiga ja TASUTA eluaegse tehnilise toega.<\/p>\n<p><a href=\"https:\/\/championbaltics.com\/et\/tootesilt\/paralleellink\/\">ParaLink valmis.<\/a><\/p>\n","protected":false},"excerpt":{"rendered":"<p>Kaugjuhtimine. ParaLink valmis.<\/p>\n<h4>Funktsioonid<\/h4>\n<ul>\n<li>Kahek\u00fctuseline \u2013 saab t\u00f6\u00f6tada propaani\/LPG v\u00f5i bensiiniga<\/li>\n<li>Puhas energia \u2013 madal THD (3% v\u00f5i v\u00e4hem)<\/li>\n<li>Pikendatud t\u00f6\u00f6aeg \u2013 kuni 18 tundi t\u00f6\u00f6aega 25% koormusel<\/li>\n<li>Kiire puutepaneel \u2013 k\u00f5ik juhtnupud \u00fchel paneelil<\/li>\n<li>Puhas siinuslaine invertertehnoloogia<\/li>\n<\/ul>\n","protected":false},"featured_media":29901,"comment_status":"open","ping_status":"closed","template":"elementor_theme","meta":[],"product_brand":[86],"product_cat":[237,150],"product_tag":[188,109,151],"class_list":{"0":"post-30583","1":"product","2":"type-product","3":"status-publish","4":"has-post-thumbnail","6":"product_brand-champion","7":"product_cat-inverte-generaator","8":"product_cat-kahekutuselised-generaatorid","9":"product_tag-generaator","10":"product_tag-invertergeneraator","11":"product_tag-kahekutuseline","13":"first","14":"instock","15":"taxable","16":"shipping-taxable","17":"purchasable","18":"product-type-simple"},"yoast_head":"<!-- This site is optimized with the Yoast SEO Premium plugin v27.5 (Yoast SEO v27.5) - https:\/\/yoast.com\/product\/yoast-seo-premium-wordpress\/ -->\n<title>Champion 3600-vatine h\u00fcbriid raamt\u00fc\u00fcpi inverter - Champion Baltics<\/title>\n<meta name=\"description\" content=\"Champion 3500W h\u00fcbriid (LPG ja bensiin) invertergeneraator \u2013 vaikne digih\u00fcbriid, 14h t\u00f6\u00f6aeg, LPG, puhas vool, ratastega, EU5-\u00fchilduv, 3a garantii.\" \/>\n<meta name=\"robots\" content=\"index, follow, max-snippet:-1, max-image-preview:large, max-video-preview:-1\" \/>\n<link rel=\"canonical\" href=\"https:\/\/championbaltics.com\/et\/toode\/champion-3600-vatine-hubriid-raamtuupi-inverter\/\" \/>\n<meta property=\"og:locale\" content=\"et_EE\" \/>\n<meta property=\"og:type\" content=\"article\" \/>\n<meta property=\"og:title\" content=\"Champion 3600-vatine h\u00fcbriid raamt\u00fc\u00fcpi inverter\" \/>\n<meta property=\"og:description\" content=\"Champion 3500W h\u00fcbriid (LPG ja bensiin) invertergeneraator \u2013 vaikne digih\u00fcbriid, 14h t\u00f6\u00f6aeg, LPG, puhas vool, ratastega, EU5-\u00fchilduv, 3a garantii.\" \/>\n<meta property=\"og:url\" content=\"https:\/\/championbaltics.com\/et\/toode\/champion-3600-vatine-hubriid-raamtuupi-inverter\/\" \/>\n<meta property=\"og:site_name\" content=\"Champion Baltics\" \/>\n<meta property=\"article:publisher\" content=\"https:\/\/facebook.com\/championbaltics\" \/>\n<meta property=\"article:modified_time\" content=\"2025-11-25T07:44:31+00:00\" \/>\n<meta property=\"og:image\" content=\"https:\/\/championbaltics.com\/wp-content\/uploads\/2025\/08\/CPE_CPG4000DHY-DF_3-quarter-scaled.webp\" \/>\n\t<meta property=\"og:image:width\" content=\"2560\" \/>\n\t<meta property=\"og:image:height\" content=\"1798\" \/>\n\t<meta property=\"og:image:type\" content=\"image\/jpeg\" \/>\n<meta name=\"twitter:card\" content=\"summary_large_image\" \/>\n<meta name=\"twitter:label1\" content=\"Price\" \/>\n\t<meta name=\"twitter:data1\" content=\"1 249,00&nbsp;&euro;\" \/>\n\t<meta name=\"twitter:label2\" content=\"Availability\" \/>\n\t<meta name=\"twitter:data2\" content=\"In stock\" \/>\n<script type=\"application\/ld+json\" class=\"yoast-schema-graph\">{\"@context\":\"https:\\\/\\\/schema.org\",\"@graph\":[{\"@type\":\"WebPage\",\"@id\":\"https:\\\/\\\/championbaltics.com\\\/et\\\/toode\\\/champion-3600-vatine-hubriid-raamtuupi-inverter\\\/\",\"url\":\"https:\\\/\\\/championbaltics.com\\\/et\\\/toode\\\/champion-3600-vatine-hubriid-raamtuupi-inverter\\\/\",\"name\":\"Champion 3600-vatine h\u00fcbriid raamt\u00fc\u00fcpi inverter - Champion Baltics\",\"isPartOf\":{\"@id\":\"https:\\\/\\\/championbaltics.com\\\/et\\\/#website\"},\"primaryImageOfPage\":{\"@id\":\"https:\\\/\\\/championbaltics.com\\\/et\\\/toode\\\/champion-3600-vatine-hubriid-raamtuupi-inverter\\\/#primaryimage\"},\"image\":{\"@id\":\"https:\\\/\\\/championbaltics.com\\\/et\\\/toode\\\/champion-3600-vatine-hubriid-raamtuupi-inverter\\\/#primaryimage\"},\"thumbnailUrl\":\"https:\\\/\\\/championbaltics.com\\\/wp-content\\\/uploads\\\/2025\\\/08\\\/CPE_CPG4000DHY-DF_3-quarter-scaled.webp\",\"datePublished\":\"2025-08-25T14:01:28+00:00\",\"dateModified\":\"2025-11-25T07:44:31+00:00\",\"description\":\"Champion 3500W h\u00fcbriid (LPG ja bensiin) invertergeneraator \u2013 vaikne digih\u00fcbriid, 14h t\u00f6\u00f6aeg, LPG, puhas vool, ratastega, EU5-\u00fchilduv, 3a garantii.\",\"breadcrumb\":{\"@id\":\"https:\\\/\\\/championbaltics.com\\\/et\\\/toode\\\/champion-3600-vatine-hubriid-raamtuupi-inverter\\\/#breadcrumb\"},\"inLanguage\":\"et\",\"potentialAction\":[{\"@type\":\"ReadAction\",\"target\":[\"https:\\\/\\\/championbaltics.com\\\/et\\\/toode\\\/champion-3600-vatine-hubriid-raamtuupi-inverter\\\/\"]}]},{\"@type\":\"ImageObject\",\"inLanguage\":\"et\",\"@id\":\"https:\\\/\\\/championbaltics.com\\\/et\\\/toode\\\/champion-3600-vatine-hubriid-raamtuupi-inverter\\\/#primaryimage\",\"url\":\"https:\\\/\\\/championbaltics.com\\\/wp-content\\\/uploads\\\/2025\\\/08\\\/CPE_CPG4000DHY-DF_3-quarter-scaled.webp\",\"contentUrl\":\"https:\\\/\\\/championbaltics.com\\\/wp-content\\\/uploads\\\/2025\\\/08\\\/CPE_CPG4000DHY-DF_3-quarter-scaled.webp\",\"width\":2560,\"height\":1798},{\"@type\":\"BreadcrumbList\",\"@id\":\"https:\\\/\\\/championbaltics.com\\\/et\\\/toode\\\/champion-3600-vatine-hubriid-raamtuupi-inverter\\\/#breadcrumb\",\"itemListElement\":[{\"@type\":\"ListItem\",\"position\":1,\"name\":\"Home\",\"item\":\"https:\\\/\\\/championbaltics.com\\\/et\\\/\"},{\"@type\":\"ListItem\",\"position\":2,\"name\":\"Pood\",\"item\":\"https:\\\/\\\/championbaltics.com\\\/et\\\/pood\\\/\"},{\"@type\":\"ListItem\",\"position\":3,\"name\":\"Champion 3600-vatine h\u00fcbriid raamt\u00fc\u00fcpi inverter\"}]},{\"@type\":\"WebSite\",\"@id\":\"https:\\\/\\\/championbaltics.com\\\/et\\\/#website\",\"url\":\"https:\\\/\\\/championbaltics.com\\\/et\\\/\",\"name\":\"Champion Baltics\",\"description\":\"Power equipments\",\"publisher\":{\"@id\":\"https:\\\/\\\/championbaltics.com\\\/et\\\/#organization\"},\"alternateName\":\"Champion Power Equipment\",\"potentialAction\":[{\"@type\":\"SearchAction\",\"target\":{\"@type\":\"EntryPoint\",\"urlTemplate\":\"https:\\\/\\\/championbaltics.com\\\/et\\\/?s={search_term_string}\"},\"query-input\":{\"@type\":\"PropertyValueSpecification\",\"valueRequired\":true,\"valueName\":\"search_term_string\"}}],\"inLanguage\":\"et\"},{\"@type\":[\"Organization\",\"Place\"],\"@id\":\"https:\\\/\\\/championbaltics.com\\\/et\\\/#organization\",\"name\":\"Champion Baltics\",\"alternateName\":\"Champion Power Equipment\",\"url\":\"https:\\\/\\\/championbaltics.com\\\/et\\\/\",\"logo\":{\"@id\":\"https:\\\/\\\/championbaltics.com\\\/et\\\/toode\\\/champion-3600-vatine-hubriid-raamtuupi-inverter\\\/#local-main-organization-logo\"},\"image\":{\"@id\":\"https:\\\/\\\/championbaltics.com\\\/et\\\/toode\\\/champion-3600-vatine-hubriid-raamtuupi-inverter\\\/#local-main-organization-logo\"},\"sameAs\":[\"https:\\\/\\\/facebook.com\\\/championbaltics\"],\"description\":\"Champion power equipment representer of State of Baltics\",\"legalName\":\"T.O Engineering LLC\",\"foundingDate\":\"2015-01-07\",\"numberOfEmployees\":{\"@type\":\"QuantitativeValue\",\"minValue\":\"1\",\"maxValue\":\"10\"},\"hasMerchantReturnPolicy\":{\"@type\":\"MerchantReturnPolicy\",\"merchantReturnLink\":\"https:\\\/\\\/championbaltics.com\\\/refund_returns\\\/\"},\"address\":{\"@id\":\"https:\\\/\\\/championbaltics.com\\\/et\\\/toode\\\/champion-3600-vatine-hubriid-raamtuupi-inverter\\\/#local-main-place-address\"},\"telephone\":[],\"contactPoint\":{\"@type\":\"ContactPoint\",\"telephone\":\"+3725204833\",\"email\":\"info@championbaltics.com\"},\"openingHoursSpecification\":[{\"@type\":\"OpeningHoursSpecification\",\"dayOfWeek\":[\"Monday\",\"Tuesday\",\"Wednesday\",\"Thursday\",\"Friday\",\"Saturday\",\"Sunday\"],\"opens\":\"09:00\",\"closes\":\"17:00\"}],\"email\":\"info@championbaltics.com\",\"vatID\":\"EE102032772\"},{\"@type\":\"PostalAddress\",\"@id\":\"https:\\\/\\\/championbaltics.com\\\/et\\\/toode\\\/champion-3600-vatine-hubriid-raamtuupi-inverter\\\/#local-main-place-address\",\"streetAddress\":\"P\u00e4rnu mnt 144\",\"addressLocality\":\"Tallinn\",\"postalCode\":\"11317\",\"addressRegion\":\"Harju\",\"addressCountry\":\"EE\"},{\"@type\":\"ImageObject\",\"inLanguage\":\"et\",\"@id\":\"https:\\\/\\\/championbaltics.com\\\/et\\\/toode\\\/champion-3600-vatine-hubriid-raamtuupi-inverter\\\/#local-main-organization-logo\",\"url\":\"https:\\\/\\\/championbaltics.com\\\/wp-content\\\/uploads\\\/2025\\\/08\\\/cropped-ChampionBalticsLogo.webp\",\"contentUrl\":\"https:\\\/\\\/championbaltics.com\\\/wp-content\\\/uploads\\\/2025\\\/08\\\/cropped-ChampionBalticsLogo.webp\",\"width\":512,\"height\":512,\"caption\":\"Champion Baltics\"}]}<\/script>\n<meta property=\"product:brand\" content=\"Champion\" \/>\n<meta property=\"product:price:amount\" content=\"1249.00\" \/>\n<meta property=\"product:price:currency\" content=\"EUR\" \/>\n<meta property=\"og:availability\" content=\"instock\" \/>\n<meta property=\"product:availability\" content=\"instock\" \/>\n<meta property=\"product:retailer_item_id\" content=\"CPG4000DHY-DF-EU-SC\" \/>\n<meta property=\"product:condition\" content=\"new\" \/>\n<meta name=\"geo.placename\" content=\"Tallinn\" \/>\n<meta name=\"geo.region\" content=\"Estonia\" \/>\n<!-- \/ Yoast SEO Premium plugin. -->","yoast_head_json":{"title":"Champion 3600-vatine h\u00fcbriid raamt\u00fc\u00fcpi inverter - Champion Baltics","description":"Champion 3500W h\u00fcbriid (LPG ja bensiin) invertergeneraator \u2013 vaikne digih\u00fcbriid, 14h t\u00f6\u00f6aeg, LPG, puhas vool, ratastega, EU5-\u00fchilduv, 3a garantii.","robots":{"index":"index","follow":"follow","max-snippet":"max-snippet:-1","max-image-preview":"max-image-preview:large","max-video-preview":"max-video-preview:-1"},"canonical":"https:\/\/championbaltics.com\/et\/toode\/champion-3600-vatine-hubriid-raamtuupi-inverter\/","og_locale":"et_EE","og_type":"article","og_title":"Champion 3600-vatine h\u00fcbriid raamt\u00fc\u00fcpi inverter","og_description":"Champion 3500W h\u00fcbriid (LPG ja bensiin) invertergeneraator \u2013 vaikne digih\u00fcbriid, 14h t\u00f6\u00f6aeg, LPG, puhas vool, ratastega, EU5-\u00fchilduv, 3a garantii.","og_url":"https:\/\/championbaltics.com\/et\/toode\/champion-3600-vatine-hubriid-raamtuupi-inverter\/","og_site_name":"Champion Baltics","article_publisher":"https:\/\/facebook.com\/championbaltics","article_modified_time":"2025-11-25T07:44:31+00:00","og_image":[{"width":2560,"height":1798,"url":"https:\/\/championbaltics.com\/wp-content\/uploads\/2025\/08\/CPE_CPG4000DHY-DF_3-quarter-scaled.webp","type":"image\/jpeg"}],"twitter_card":"summary_large_image","twitter_misc":{"Price":"1 249,00&nbsp;&euro;","Availability":"In stock"},"schema":{"@context":"https:\/\/schema.org","@graph":[{"@type":"WebPage","@id":"https:\/\/championbaltics.com\/et\/toode\/champion-3600-vatine-hubriid-raamtuupi-inverter\/","url":"https:\/\/championbaltics.com\/et\/toode\/champion-3600-vatine-hubriid-raamtuupi-inverter\/","name":"Champion 3600-vatine h\u00fcbriid raamt\u00fc\u00fcpi inverter - Champion Baltics","isPartOf":{"@id":"https:\/\/championbaltics.com\/et\/#website"},"primaryImageOfPage":{"@id":"https:\/\/championbaltics.com\/et\/toode\/champion-3600-vatine-hubriid-raamtuupi-inverter\/#primaryimage"},"image":{"@id":"https:\/\/championbaltics.com\/et\/toode\/champion-3600-vatine-hubriid-raamtuupi-inverter\/#primaryimage"},"thumbnailUrl":"https:\/\/championbaltics.com\/wp-content\/uploads\/2025\/08\/CPE_CPG4000DHY-DF_3-quarter-scaled.webp","datePublished":"2025-08-25T14:01:28+00:00","dateModified":"2025-11-25T07:44:31+00:00","description":"Champion 3500W h\u00fcbriid (LPG ja bensiin) invertergeneraator \u2013 vaikne digih\u00fcbriid, 14h t\u00f6\u00f6aeg, LPG, puhas vool, ratastega, EU5-\u00fchilduv, 3a garantii.","breadcrumb":{"@id":"https:\/\/championbaltics.com\/et\/toode\/champion-3600-vatine-hubriid-raamtuupi-inverter\/#breadcrumb"},"inLanguage":"et","potentialAction":[{"@type":"ReadAction","target":["https:\/\/championbaltics.com\/et\/toode\/champion-3600-vatine-hubriid-raamtuupi-inverter\/"]}]},{"@type":"ImageObject","inLanguage":"et","@id":"https:\/\/championbaltics.com\/et\/toode\/champion-3600-vatine-hubriid-raamtuupi-inverter\/#primaryimage","url":"https:\/\/championbaltics.com\/wp-content\/uploads\/2025\/08\/CPE_CPG4000DHY-DF_3-quarter-scaled.webp","contentUrl":"https:\/\/championbaltics.com\/wp-content\/uploads\/2025\/08\/CPE_CPG4000DHY-DF_3-quarter-scaled.webp","width":2560,"height":1798},{"@type":"BreadcrumbList","@id":"https:\/\/championbaltics.com\/et\/toode\/champion-3600-vatine-hubriid-raamtuupi-inverter\/#breadcrumb","itemListElement":[{"@type":"ListItem","position":1,"name":"Home","item":"https:\/\/championbaltics.com\/et\/"},{"@type":"ListItem","position":2,"name":"Pood","item":"https:\/\/championbaltics.com\/et\/pood\/"},{"@type":"ListItem","position":3,"name":"Champion 3600-vatine h\u00fcbriid raamt\u00fc\u00fcpi inverter"}]},{"@type":"WebSite","@id":"https:\/\/championbaltics.com\/et\/#website","url":"https:\/\/championbaltics.com\/et\/","name":"Champion Baltics","description":"Power equipments","publisher":{"@id":"https:\/\/championbaltics.com\/et\/#organization"},"alternateName":"Champion Power Equipment","potentialAction":[{"@type":"SearchAction","target":{"@type":"EntryPoint","urlTemplate":"https:\/\/championbaltics.com\/et\/?s={search_term_string}"},"query-input":{"@type":"PropertyValueSpecification","valueRequired":true,"valueName":"search_term_string"}}],"inLanguage":"et"},{"@type":["Organization","Place"],"@id":"https:\/\/championbaltics.com\/et\/#organization","name":"Champion Baltics","alternateName":"Champion Power Equipment","url":"https:\/\/championbaltics.com\/et\/","logo":{"@id":"https:\/\/championbaltics.com\/et\/toode\/champion-3600-vatine-hubriid-raamtuupi-inverter\/#local-main-organization-logo"},"image":{"@id":"https:\/\/championbaltics.com\/et\/toode\/champion-3600-vatine-hubriid-raamtuupi-inverter\/#local-main-organization-logo"},"sameAs":["https:\/\/facebook.com\/championbaltics"],"description":"Champion power equipment representer of State of Baltics","legalName":"T.O Engineering LLC","foundingDate":"2015-01-07","numberOfEmployees":{"@type":"QuantitativeValue","minValue":"1","maxValue":"10"},"hasMerchantReturnPolicy":{"@type":"MerchantReturnPolicy","merchantReturnLink":"https:\/\/championbaltics.com\/refund_returns\/"},"address":{"@id":"https:\/\/championbaltics.com\/et\/toode\/champion-3600-vatine-hubriid-raamtuupi-inverter\/#local-main-place-address"},"telephone":[],"contactPoint":{"@type":"ContactPoint","telephone":"+3725204833","email":"info@championbaltics.com"},"openingHoursSpecification":[{"@type":"OpeningHoursSpecification","dayOfWeek":["Monday","Tuesday","Wednesday","Thursday","Friday","Saturday","Sunday"],"opens":"09:00","closes":"17:00"}],"email":"info@championbaltics.com","vatID":"EE102032772"},{"@type":"PostalAddress","@id":"https:\/\/championbaltics.com\/et\/toode\/champion-3600-vatine-hubriid-raamtuupi-inverter\/#local-main-place-address","streetAddress":"P\u00e4rnu mnt 144","addressLocality":"Tallinn","postalCode":"11317","addressRegion":"Harju","addressCountry":"EE"},{"@type":"ImageObject","inLanguage":"et","@id":"https:\/\/championbaltics.com\/et\/toode\/champion-3600-vatine-hubriid-raamtuupi-inverter\/#local-main-organization-logo","url":"https:\/\/championbaltics.com\/wp-content\/uploads\/2025\/08\/cropped-ChampionBalticsLogo.webp","contentUrl":"https:\/\/championbaltics.com\/wp-content\/uploads\/2025\/08\/cropped-ChampionBalticsLogo.webp","width":512,"height":512,"caption":"Champion Baltics"}]},"product_brand":"Champion","product_price_amount":"1249.00","product_price_currency":"EUR","og_availability":"instock","product_availability":"instock","product_retailer_item_id":"CPG4000DHY-DF-EU-SC","product_condition":"new","geo.placename":"Tallinn","geo.region":"Estonia"},"_links":{"self":[{"href":"https:\/\/championbaltics.com\/et\/wp-json\/wp\/v2\/product\/30583","targetHints":{"allow":["GET"]}}],"collection":[{"href":"https:\/\/championbaltics.com\/et\/wp-json\/wp\/v2\/product"}],"about":[{"href":"https:\/\/championbaltics.com\/et\/wp-json\/wp\/v2\/types\/product"}],"replies":[{"embeddable":true,"href":"https:\/\/championbaltics.com\/et\/wp-json\/wp\/v2\/comments?post=30583"}],"version-history":[{"count":6,"href":"https:\/\/championbaltics.com\/et\/wp-json\/wp\/v2\/product\/30583\/revisions"}],"predecessor-version":[{"id":32092,"href":"https:\/\/championbaltics.com\/et\/wp-json\/wp\/v2\/product\/30583\/revisions\/32092"}],"wp:featuredmedia":[{"embeddable":true,"href":"https:\/\/championbaltics.com\/et\/wp-json\/wp\/v2\/media\/29901"}],"wp:attachment":[{"href":"https:\/\/championbaltics.com\/et\/wp-json\/wp\/v2\/media?parent=30583"}],"wp:term":[{"taxonomy":"product_brand","embeddable":true,"href":"https:\/\/championbaltics.com\/et\/wp-json\/wp\/v2\/product_brand?post=30583"},{"taxonomy":"product_cat","embeddable":true,"href":"https:\/\/championbaltics.com\/et\/wp-json\/wp\/v2\/product_cat?post=30583"},{"taxonomy":"product_tag","embeddable":true,"href":"https:\/\/championbaltics.com\/et\/wp-json\/wp\/v2\/product_tag?post=30583"}],"curies":[{"name":"wp","href":"https:\/\/api.w.org\/{rel}","templated":true}]}}