{"id":31005,"date":"2025-08-26T11:01:31","date_gmt":"2025-08-26T11:01:31","guid":{"rendered":"https:\/\/championbaltics.com\/toode\/champion-5-cm-puhta-musta-vee-pump\/"},"modified":"2025-09-18T07:39:31","modified_gmt":"2025-09-18T07:39:31","slug":"champion-5-cm-puhta-musta-vee-pump","status":"publish","type":"product","link":"https:\/\/championbaltics.com\/et\/toode\/champion-5-cm-puhta-musta-vee-pump\/","title":{"rendered":"Champion 5 cm puhta\/musta vee pump"},"content":{"rendered":"<h3>Champion Power Equipment puhta\/musta vee pump 5 cm<\/h3>\n<p>Championi 100742 5 cm puhta\/musta vee pump koos rattakomplektiga suudab l\u00e4bi lasta kuni 1,2 cm l\u00e4bim\u00f5\u00f5duga tahkeid osakesi. See \u00fclekandepump on ideaalne lahendus vee kiireks ja t\u00f5husaks liigutamiseks.<\/p>\n<p>Olenemata sellest, kas t\u00fchjendate v\u00f5i t\u00e4idate oma basseini v\u00f5i t\u00fchjendate madalaid \u00fcleujutatud alasid, on sellel seadmel iset\u00e4ituv disain, mis hoiab t\u00e4ituvust isegi siis, kui see ei t\u00f6\u00f6ta (vajab t\u00f6\u00f6tamiseks esialgset t\u00e4itmist).<\/p>\n<p>Sellel kergekaalulisel ja kaasaskantaval \u00fclekandepumbal on maksimaalne tootlikkus kuni 598 liitrit minutis. 5 cm NPT sisse- ja v\u00e4ljalaskeavaga on selle seadme t\u00f5stek\u00f5rgus 28 m ja imemisk\u00f5rgus 8 m. T\u00e4nu kokkupandavale k\u00e4epidemele ja kaasasoleva rattakomplekti torkekindlatele rehvidele saate oma pumpa h\u00f5lpsasti \u00fchest t\u00f6\u00f6kohast teise transportida.<\/p>\n<p>Kerge ja vastupidav terasraam koos selle seadme kompaktse disainiga muudavad pumba hoiustamise mugavaks kuni j\u00e4rgmise kasutuskorrani.<\/p>\n","protected":false},"excerpt":{"rendered":"<p>Funktsioonid<\/p>\n<ul>\n<li>Suur vooluhulk: V\u00f5imeline pumpama kuni 598 liitrit minutis.<\/li>\n<li>V\u00f5imas mootor: Varustatud 212 cm\u00b3 mootori ja 11,5-liitrise k\u00fctusepaagiga, tagades pikaajalise t\u00f6\u00f6.<\/li>\n<li>Kiire k\u00e4ivitus: Omab laia t\u00e4itekorki lihtsaks ja kiireks k\u00e4ivitamiseks.<\/li>\n<li>Tahkete osakeste k\u00e4itlemine: Suudab k\u00e4idelda kuni 1,2 cm l\u00e4bim\u00f5\u00f5duga tahkeid osakesi.<\/li>\n<li>Kaasaskantav disain: Kaasas on rattakomplekt vaevata transportimiseks.<\/li>\n<\/ul>\n","protected":false},"featured_media":30064,"comment_status":"open","ping_status":"closed","template":"","meta":[],"product_brand":[86],"product_cat":[177],"product_tag":[179,178],"class_list":{"0":"post-31005","1":"product","2":"type-product","3":"status-publish","4":"has-post-thumbnail","6":"product_brand-champion","7":"product_cat-veepumbad","8":"product_tag-puhas-must-vesi","9":"product_tag-veepump","11":"first","12":"instock","13":"taxable","14":"shipping-taxable","15":"purchasable","16":"product-type-simple"},"yoast_head":"<!-- This site is optimized with the Yoast SEO Premium plugin v27.5 (Yoast SEO v27.5) - https:\/\/yoast.com\/product\/yoast-seo-premium-wordpress\/ -->\n<title>Champion 5 cm puhta\/musta vee pump - Champion Baltics<\/title>\n<meta name=\"description\" content=\"Champion 5 cm puhta\/musta vee pump. Maksimaalne veevool: 598 L\/min. Maksimaalne t\u00f5ste-\/imemisk\u00f5rgus: 28 m \/ 8 m. Maksimaalne tahke osakese suurus: 12 mm.\" \/>\n<meta name=\"robots\" content=\"index, follow, max-snippet:-1, max-image-preview:large, max-video-preview:-1\" \/>\n<link rel=\"canonical\" href=\"https:\/\/championbaltics.com\/et\/toode\/champion-5-cm-puhta-musta-vee-pump\/\" \/>\n<meta property=\"og:locale\" content=\"et_EE\" \/>\n<meta property=\"og:type\" content=\"article\" \/>\n<meta property=\"og:title\" content=\"Champion 5 cm puhta\/musta vee pump\" \/>\n<meta property=\"og:description\" content=\"Champion 5 cm puhta\/musta vee pump. Maksimaalne veevool: 598 L\/min. Maksimaalne t\u00f5ste-\/imemisk\u00f5rgus: 28 m \/ 8 m. Maksimaalne tahke osakese suurus: 12 mm.\" \/>\n<meta property=\"og:url\" content=\"https:\/\/championbaltics.com\/et\/toode\/champion-5-cm-puhta-musta-vee-pump\/\" \/>\n<meta property=\"og:site_name\" content=\"Champion Baltics\" \/>\n<meta property=\"article:publisher\" content=\"https:\/\/facebook.com\/championbaltics\" \/>\n<meta property=\"article:modified_time\" content=\"2025-09-18T07:39:31+00:00\" \/>\n<meta property=\"og:image\" content=\"https:\/\/championbaltics.com\/wp-content\/uploads\/2025\/08\/CPW100742-Produktbild-Medium.webp\" \/>\n\t<meta property=\"og:image:width\" content=\"640\" \/>\n\t<meta property=\"og:image:height\" content=\"640\" \/>\n\t<meta property=\"og:image:type\" content=\"image\/jpeg\" \/>\n<meta name=\"twitter:card\" content=\"summary_large_image\" \/>\n<meta name=\"twitter:label1\" content=\"Price\" \/>\n\t<meta name=\"twitter:data1\" content=\"499,00&nbsp;&euro;\" \/>\n\t<meta name=\"twitter:label2\" content=\"Availability\" \/>\n\t<meta name=\"twitter:data2\" content=\"In stock\" \/>\n<script type=\"application\/ld+json\" class=\"yoast-schema-graph\">{\"@context\":\"https:\\\/\\\/schema.org\",\"@graph\":[{\"@type\":\"WebPage\",\"@id\":\"https:\\\/\\\/championbaltics.com\\\/et\\\/toode\\\/champion-5-cm-puhta-musta-vee-pump\\\/\",\"url\":\"https:\\\/\\\/championbaltics.com\\\/et\\\/toode\\\/champion-5-cm-puhta-musta-vee-pump\\\/\",\"name\":\"Champion 5 cm puhta\\\/musta vee pump - Champion Baltics\",\"isPartOf\":{\"@id\":\"https:\\\/\\\/championbaltics.com\\\/et\\\/#website\"},\"primaryImageOfPage\":{\"@id\":\"https:\\\/\\\/championbaltics.com\\\/et\\\/toode\\\/champion-5-cm-puhta-musta-vee-pump\\\/#primaryimage\"},\"image\":{\"@id\":\"https:\\\/\\\/championbaltics.com\\\/et\\\/toode\\\/champion-5-cm-puhta-musta-vee-pump\\\/#primaryimage\"},\"thumbnailUrl\":\"https:\\\/\\\/championbaltics.com\\\/wp-content\\\/uploads\\\/2025\\\/08\\\/CPW100742-Produktbild-Medium.webp\",\"datePublished\":\"2025-08-26T11:01:31+00:00\",\"dateModified\":\"2025-09-18T07:39:31+00:00\",\"description\":\"Champion 5 cm puhta\\\/musta vee pump. Maksimaalne veevool: 598 L\\\/min. Maksimaalne t\u00f5ste-\\\/imemisk\u00f5rgus: 28 m \\\/ 8 m. Maksimaalne tahke osakese suurus: 12 mm.\",\"breadcrumb\":{\"@id\":\"https:\\\/\\\/championbaltics.com\\\/et\\\/toode\\\/champion-5-cm-puhta-musta-vee-pump\\\/#breadcrumb\"},\"inLanguage\":\"et\",\"potentialAction\":[{\"@type\":\"ReadAction\",\"target\":[\"https:\\\/\\\/championbaltics.com\\\/et\\\/toode\\\/champion-5-cm-puhta-musta-vee-pump\\\/\"]}]},{\"@type\":\"ImageObject\",\"inLanguage\":\"et\",\"@id\":\"https:\\\/\\\/championbaltics.com\\\/et\\\/toode\\\/champion-5-cm-puhta-musta-vee-pump\\\/#primaryimage\",\"url\":\"https:\\\/\\\/championbaltics.com\\\/wp-content\\\/uploads\\\/2025\\\/08\\\/CPW100742-Produktbild-Medium.webp\",\"contentUrl\":\"https:\\\/\\\/championbaltics.com\\\/wp-content\\\/uploads\\\/2025\\\/08\\\/CPW100742-Produktbild-Medium.webp\",\"width\":640,\"height\":640,\"caption\":\"Champion 5 cm puhta\\\/musta vee pump.\"},{\"@type\":\"BreadcrumbList\",\"@id\":\"https:\\\/\\\/championbaltics.com\\\/et\\\/toode\\\/champion-5-cm-puhta-musta-vee-pump\\\/#breadcrumb\",\"itemListElement\":[{\"@type\":\"ListItem\",\"position\":1,\"name\":\"Home\",\"item\":\"https:\\\/\\\/championbaltics.com\\\/et\\\/\"},{\"@type\":\"ListItem\",\"position\":2,\"name\":\"Pood\",\"item\":\"https:\\\/\\\/championbaltics.com\\\/et\\\/pood\\\/\"},{\"@type\":\"ListItem\",\"position\":3,\"name\":\"Champion 5 cm puhta\\\/musta vee pump\"}]},{\"@type\":\"WebSite\",\"@id\":\"https:\\\/\\\/championbaltics.com\\\/et\\\/#website\",\"url\":\"https:\\\/\\\/championbaltics.com\\\/et\\\/\",\"name\":\"Champion Baltics\",\"description\":\"Power equipments\",\"publisher\":{\"@id\":\"https:\\\/\\\/championbaltics.com\\\/et\\\/#organization\"},\"alternateName\":\"Champion Power Equipment\",\"potentialAction\":[{\"@type\":\"SearchAction\",\"target\":{\"@type\":\"EntryPoint\",\"urlTemplate\":\"https:\\\/\\\/championbaltics.com\\\/et\\\/?s={search_term_string}\"},\"query-input\":{\"@type\":\"PropertyValueSpecification\",\"valueRequired\":true,\"valueName\":\"search_term_string\"}}],\"inLanguage\":\"et\"},{\"@type\":[\"Organization\",\"Place\"],\"@id\":\"https:\\\/\\\/championbaltics.com\\\/et\\\/#organization\",\"name\":\"Champion Baltics\",\"alternateName\":\"Champion Power Equipment\",\"url\":\"https:\\\/\\\/championbaltics.com\\\/et\\\/\",\"logo\":{\"@id\":\"https:\\\/\\\/championbaltics.com\\\/et\\\/toode\\\/champion-5-cm-puhta-musta-vee-pump\\\/#local-main-organization-logo\"},\"image\":{\"@id\":\"https:\\\/\\\/championbaltics.com\\\/et\\\/toode\\\/champion-5-cm-puhta-musta-vee-pump\\\/#local-main-organization-logo\"},\"sameAs\":[\"https:\\\/\\\/facebook.com\\\/championbaltics\"],\"description\":\"Champion power equipment representer of State of Baltics\",\"legalName\":\"T.O Engineering LLC\",\"foundingDate\":\"2015-01-07\",\"numberOfEmployees\":{\"@type\":\"QuantitativeValue\",\"minValue\":\"1\",\"maxValue\":\"10\"},\"hasMerchantReturnPolicy\":{\"@type\":\"MerchantReturnPolicy\",\"merchantReturnLink\":\"https:\\\/\\\/championbaltics.com\\\/refund_returns\\\/\"},\"address\":{\"@id\":\"https:\\\/\\\/championbaltics.com\\\/et\\\/toode\\\/champion-5-cm-puhta-musta-vee-pump\\\/#local-main-place-address\"},\"telephone\":[],\"contactPoint\":{\"@type\":\"ContactPoint\",\"telephone\":\"+3725204833\",\"email\":\"info@championbaltics.com\"},\"openingHoursSpecification\":[{\"@type\":\"OpeningHoursSpecification\",\"dayOfWeek\":[\"Monday\",\"Tuesday\",\"Wednesday\",\"Thursday\",\"Friday\",\"Saturday\",\"Sunday\"],\"opens\":\"09:00\",\"closes\":\"17:00\"}],\"email\":\"info@championbaltics.com\",\"vatID\":\"EE102032772\"},{\"@type\":\"PostalAddress\",\"@id\":\"https:\\\/\\\/championbaltics.com\\\/et\\\/toode\\\/champion-5-cm-puhta-musta-vee-pump\\\/#local-main-place-address\",\"streetAddress\":\"P\u00e4rnu mnt 144\",\"addressLocality\":\"Tallinn\",\"postalCode\":\"11317\",\"addressRegion\":\"Harju\",\"addressCountry\":\"EE\"},{\"@type\":\"ImageObject\",\"inLanguage\":\"et\",\"@id\":\"https:\\\/\\\/championbaltics.com\\\/et\\\/toode\\\/champion-5-cm-puhta-musta-vee-pump\\\/#local-main-organization-logo\",\"url\":\"https:\\\/\\\/championbaltics.com\\\/wp-content\\\/uploads\\\/2025\\\/08\\\/cropped-ChampionBalticsLogo.webp\",\"contentUrl\":\"https:\\\/\\\/championbaltics.com\\\/wp-content\\\/uploads\\\/2025\\\/08\\\/cropped-ChampionBalticsLogo.webp\",\"width\":512,\"height\":512,\"caption\":\"Champion Baltics\"}]}<\/script>\n<meta property=\"product:brand\" content=\"Champion\" \/>\n<meta property=\"product:price:amount\" content=\"499.00\" \/>\n<meta property=\"product:price:currency\" content=\"EUR\" \/>\n<meta property=\"og:availability\" content=\"instock\" \/>\n<meta property=\"product:availability\" content=\"instock\" \/>\n<meta property=\"product:retailer_item_id\" content=\"CPW100742-EU\" \/>\n<meta property=\"product:condition\" content=\"new\" \/>\n<meta name=\"geo.placename\" content=\"Tallinn\" \/>\n<meta name=\"geo.region\" content=\"Estonia\" \/>\n<!-- \/ Yoast SEO Premium plugin. -->","yoast_head_json":{"title":"Champion 5 cm puhta\/musta vee pump - Champion Baltics","description":"Champion 5 cm puhta\/musta vee pump. Maksimaalne veevool: 598 L\/min. Maksimaalne t\u00f5ste-\/imemisk\u00f5rgus: 28 m \/ 8 m. Maksimaalne tahke osakese suurus: 12 mm.","robots":{"index":"index","follow":"follow","max-snippet":"max-snippet:-1","max-image-preview":"max-image-preview:large","max-video-preview":"max-video-preview:-1"},"canonical":"https:\/\/championbaltics.com\/et\/toode\/champion-5-cm-puhta-musta-vee-pump\/","og_locale":"et_EE","og_type":"article","og_title":"Champion 5 cm puhta\/musta vee pump","og_description":"Champion 5 cm puhta\/musta vee pump. Maksimaalne veevool: 598 L\/min. Maksimaalne t\u00f5ste-\/imemisk\u00f5rgus: 28 m \/ 8 m. Maksimaalne tahke osakese suurus: 12 mm.","og_url":"https:\/\/championbaltics.com\/et\/toode\/champion-5-cm-puhta-musta-vee-pump\/","og_site_name":"Champion Baltics","article_publisher":"https:\/\/facebook.com\/championbaltics","article_modified_time":"2025-09-18T07:39:31+00:00","og_image":[{"width":640,"height":640,"url":"https:\/\/championbaltics.com\/wp-content\/uploads\/2025\/08\/CPW100742-Produktbild-Medium.webp","type":"image\/jpeg"}],"twitter_card":"summary_large_image","twitter_misc":{"Price":"499,00&nbsp;&euro;","Availability":"In stock"},"schema":{"@context":"https:\/\/schema.org","@graph":[{"@type":"WebPage","@id":"https:\/\/championbaltics.com\/et\/toode\/champion-5-cm-puhta-musta-vee-pump\/","url":"https:\/\/championbaltics.com\/et\/toode\/champion-5-cm-puhta-musta-vee-pump\/","name":"Champion 5 cm puhta\/musta vee pump - Champion Baltics","isPartOf":{"@id":"https:\/\/championbaltics.com\/et\/#website"},"primaryImageOfPage":{"@id":"https:\/\/championbaltics.com\/et\/toode\/champion-5-cm-puhta-musta-vee-pump\/#primaryimage"},"image":{"@id":"https:\/\/championbaltics.com\/et\/toode\/champion-5-cm-puhta-musta-vee-pump\/#primaryimage"},"thumbnailUrl":"https:\/\/championbaltics.com\/wp-content\/uploads\/2025\/08\/CPW100742-Produktbild-Medium.webp","datePublished":"2025-08-26T11:01:31+00:00","dateModified":"2025-09-18T07:39:31+00:00","description":"Champion 5 cm puhta\/musta vee pump. Maksimaalne veevool: 598 L\/min. Maksimaalne t\u00f5ste-\/imemisk\u00f5rgus: 28 m \/ 8 m. Maksimaalne tahke osakese suurus: 12 mm.","breadcrumb":{"@id":"https:\/\/championbaltics.com\/et\/toode\/champion-5-cm-puhta-musta-vee-pump\/#breadcrumb"},"inLanguage":"et","potentialAction":[{"@type":"ReadAction","target":["https:\/\/championbaltics.com\/et\/toode\/champion-5-cm-puhta-musta-vee-pump\/"]}]},{"@type":"ImageObject","inLanguage":"et","@id":"https:\/\/championbaltics.com\/et\/toode\/champion-5-cm-puhta-musta-vee-pump\/#primaryimage","url":"https:\/\/championbaltics.com\/wp-content\/uploads\/2025\/08\/CPW100742-Produktbild-Medium.webp","contentUrl":"https:\/\/championbaltics.com\/wp-content\/uploads\/2025\/08\/CPW100742-Produktbild-Medium.webp","width":640,"height":640,"caption":"Champion 5 cm puhta\/musta vee pump."},{"@type":"BreadcrumbList","@id":"https:\/\/championbaltics.com\/et\/toode\/champion-5-cm-puhta-musta-vee-pump\/#breadcrumb","itemListElement":[{"@type":"ListItem","position":1,"name":"Home","item":"https:\/\/championbaltics.com\/et\/"},{"@type":"ListItem","position":2,"name":"Pood","item":"https:\/\/championbaltics.com\/et\/pood\/"},{"@type":"ListItem","position":3,"name":"Champion 5 cm puhta\/musta vee pump"}]},{"@type":"WebSite","@id":"https:\/\/championbaltics.com\/et\/#website","url":"https:\/\/championbaltics.com\/et\/","name":"Champion Baltics","description":"Power equipments","publisher":{"@id":"https:\/\/championbaltics.com\/et\/#organization"},"alternateName":"Champion Power Equipment","potentialAction":[{"@type":"SearchAction","target":{"@type":"EntryPoint","urlTemplate":"https:\/\/championbaltics.com\/et\/?s={search_term_string}"},"query-input":{"@type":"PropertyValueSpecification","valueRequired":true,"valueName":"search_term_string"}}],"inLanguage":"et"},{"@type":["Organization","Place"],"@id":"https:\/\/championbaltics.com\/et\/#organization","name":"Champion Baltics","alternateName":"Champion Power Equipment","url":"https:\/\/championbaltics.com\/et\/","logo":{"@id":"https:\/\/championbaltics.com\/et\/toode\/champion-5-cm-puhta-musta-vee-pump\/#local-main-organization-logo"},"image":{"@id":"https:\/\/championbaltics.com\/et\/toode\/champion-5-cm-puhta-musta-vee-pump\/#local-main-organization-logo"},"sameAs":["https:\/\/facebook.com\/championbaltics"],"description":"Champion power equipment representer of State of Baltics","legalName":"T.O Engineering LLC","foundingDate":"2015-01-07","numberOfEmployees":{"@type":"QuantitativeValue","minValue":"1","maxValue":"10"},"hasMerchantReturnPolicy":{"@type":"MerchantReturnPolicy","merchantReturnLink":"https:\/\/championbaltics.com\/refund_returns\/"},"address":{"@id":"https:\/\/championbaltics.com\/et\/toode\/champion-5-cm-puhta-musta-vee-pump\/#local-main-place-address"},"telephone":[],"contactPoint":{"@type":"ContactPoint","telephone":"+3725204833","email":"info@championbaltics.com"},"openingHoursSpecification":[{"@type":"OpeningHoursSpecification","dayOfWeek":["Monday","Tuesday","Wednesday","Thursday","Friday","Saturday","Sunday"],"opens":"09:00","closes":"17:00"}],"email":"info@championbaltics.com","vatID":"EE102032772"},{"@type":"PostalAddress","@id":"https:\/\/championbaltics.com\/et\/toode\/champion-5-cm-puhta-musta-vee-pump\/#local-main-place-address","streetAddress":"P\u00e4rnu mnt 144","addressLocality":"Tallinn","postalCode":"11317","addressRegion":"Harju","addressCountry":"EE"},{"@type":"ImageObject","inLanguage":"et","@id":"https:\/\/championbaltics.com\/et\/toode\/champion-5-cm-puhta-musta-vee-pump\/#local-main-organization-logo","url":"https:\/\/championbaltics.com\/wp-content\/uploads\/2025\/08\/cropped-ChampionBalticsLogo.webp","contentUrl":"https:\/\/championbaltics.com\/wp-content\/uploads\/2025\/08\/cropped-ChampionBalticsLogo.webp","width":512,"height":512,"caption":"Champion Baltics"}]},"product_brand":"Champion","product_price_amount":"499.00","product_price_currency":"EUR","og_availability":"instock","product_availability":"instock","product_retailer_item_id":"CPW100742-EU","product_condition":"new","geo.placename":"Tallinn","geo.region":"Estonia"},"_links":{"self":[{"href":"https:\/\/championbaltics.com\/et\/wp-json\/wp\/v2\/product\/31005","targetHints":{"allow":["GET"]}}],"collection":[{"href":"https:\/\/championbaltics.com\/et\/wp-json\/wp\/v2\/product"}],"about":[{"href":"https:\/\/championbaltics.com\/et\/wp-json\/wp\/v2\/types\/product"}],"replies":[{"embeddable":true,"href":"https:\/\/championbaltics.com\/et\/wp-json\/wp\/v2\/comments?post=31005"}],"version-history":[{"count":3,"href":"https:\/\/championbaltics.com\/et\/wp-json\/wp\/v2\/product\/31005\/revisions"}],"predecessor-version":[{"id":32116,"href":"https:\/\/championbaltics.com\/et\/wp-json\/wp\/v2\/product\/31005\/revisions\/32116"}],"wp:featuredmedia":[{"embeddable":true,"href":"https:\/\/championbaltics.com\/et\/wp-json\/wp\/v2\/media\/30064"}],"wp:attachment":[{"href":"https:\/\/championbaltics.com\/et\/wp-json\/wp\/v2\/media?parent=31005"}],"wp:term":[{"taxonomy":"product_brand","embeddable":true,"href":"https:\/\/championbaltics.com\/et\/wp-json\/wp\/v2\/product_brand?post=31005"},{"taxonomy":"product_cat","embeddable":true,"href":"https:\/\/championbaltics.com\/et\/wp-json\/wp\/v2\/product_cat?post=31005"},{"taxonomy":"product_tag","embeddable":true,"href":"https:\/\/championbaltics.com\/et\/wp-json\/wp\/v2\/product_tag?post=31005"}],"curies":[{"name":"wp","href":"https:\/\/api.w.org\/{rel}","templated":true}]}}