{"id":31006,"date":"2025-08-26T09:54:38","date_gmt":"2025-08-26T09:54:38","guid":{"rendered":"https:\/\/championbaltics.com\/toode\/champion-3600-w-invertergeneraator\/"},"modified":"2026-04-28T13:45:46","modified_gmt":"2026-04-28T13:45:46","slug":"champion-3600-w-invertergeneraator","status":"publish","type":"product","link":"https:\/\/championbaltics.com\/et\/toode\/champion-3600-w-invertergeneraator\/","title":{"rendered":"Champion 3600 W invertergeneraator"},"content":{"rendered":"<h1>Champion 3600 W invertergeneraator APEX<\/h1>\n<p><span dir=\"auto\">Champion APEX 500987-EU-SC on v\u00f5imas ja vaikne invertergeneraator, mis toodab pidevalt 3500 vatti ja saavutab maksimaalse v\u00e4ljundv\u00f5imsuse 4500 vatti. Kaasasoleva kaugjuhtimispuldi abil saate seadet sisse ja v\u00e4lja l\u00fclitada kuni 25 meetri kauguselt.<\/span><\/p>\n<p><span dir=\"auto\">Sellel generaatoril on 8,7-liitrine k\u00fctusepaak, mis v\u00f5imaldab kuni 14 tundi t\u00f6\u00f6d 25% koormusel. S\u00e4\u00e4sture\u017eiimi funktsioon optimeerib k\u00fctusekulu ja puhas siinuspinge muudab selle ohutuks tundlike seadmete, n\u00e4iteks arvutite ja muu \u00f5rna elektroonika jaoks. <\/span><\/p>\n<p><span dir=\"auto\">Mudelil on ka ainulaadne 15-sekundiline v\u00f5imsuse viivitus k\u00e4ivitamisel ja seiskamisel, mis kaitseb tundlikke seadmeid voolut\u00f5rgete eest. V\u00f5imas 212 cm\u00b3 Champion OHV mootor on varustatud \u00f5likaitsega, mis l\u00fclitab mootori automaatselt v\u00e4lja, kui \u00f5litase langeb liiga madalale. Samuti on sellel paralleel\u00fchenduse v\u00f5imalus, mis v\u00f5imaldab selle \u00fchendada teise sarnase v\u00f5i m\u00f5ne teise Championi invertergeneraatoriga lisav\u00f5imsuse saamiseks.  <\/span><\/p>\n<p><span dir=\"auto\">Ideaalne telkimiseks, jahipidamiseks, reisimiseks, \u00fcritusteks ja kergeks koduseks t\u00f6\u00f6ks. Sisseehitatud U-k\u00e4epide ja rattad muudavad seadme transportimise ja hoiustamise lihtsaks. <\/span><\/p>\n<p><span dir=\"auto\">Champion APEX vastab n\u00f5uetele ja on EURO5 sertifikaadiga \u2013 3-aastase garantiiga!<\/span><\/p>\n","protected":false},"excerpt":{"rendered":"<p>Omadused:<\/p>\n<div class=\"jet-listing-grid__item jet-listing-dynamic-post-3737\" data-post-id=\"3737\">\n<div class=\"elementor elementor-2932\" data-elementor-type=\"jet-listing-items\" data-elementor-id=\"2932\" data-elementor-post-type=\"jet-engine\">\n<div class=\"elementor-element elementor-element-f363238 e-flex e-con-boxed e-con e-parent e-lazyloaded\" data-id=\"f363238\" data-element_type=\"container\" data-e-type=\"container\" data-settings=\"{\"jet_parallax_layout_list\":[]}\">\n<div class=\"e-con-inner\">\n<div class=\"elementor-element elementor-element-9e57bf1 elementor-widget elementor-widget-jet-listing-dynamic-field\" data-id=\"9e57bf1\" data-element_type=\"widget\" data-e-type=\"widget\" data-widget_type=\"jet-listing-dynamic-field.default\">\n<div class=\"elementor-widget-container\">\n<div class=\"jet-listing jet-listing-dynamic-field display-inline\">\n<div class=\"jet-listing-dynamic-field__inline-wrap\">\n<div class=\"jet-listing-dynamic-field__content\"><span dir=\"auto\">JUHTMETA K\u00c4IVITUS \u2013 kuni 25 meetri kauguselt<\/span><\/div>\n<\/div>\n<\/div>\n<\/div>\n<\/div>\n<\/div>\n<\/div>\n<\/div>\n<\/div>\n<div class=\"jet-listing-grid__item jet-listing-dynamic-post-3737\" data-post-id=\"3737\">\n<div class=\"elementor elementor-2932\" data-elementor-type=\"jet-listing-items\" data-elementor-id=\"2932\" data-elementor-post-type=\"jet-engine\">\n<div class=\"elementor-element elementor-element-f363238 e-flex e-con-boxed e-con e-parent e-lazyloaded\" data-id=\"f363238\" data-element_type=\"container\" data-e-type=\"container\" data-settings=\"{\"jet_parallax_layout_list\":[]}\">\n<div class=\"e-con-inner\">\n<div class=\"elementor-element elementor-element-9e57bf1 elementor-widget elementor-widget-jet-listing-dynamic-field\" data-id=\"9e57bf1\" data-element_type=\"widget\" data-e-type=\"widget\" data-widget_type=\"jet-listing-dynamic-field.default\">\n<div class=\"elementor-widget-container\">\n<div class=\"jet-listing jet-listing-dynamic-field display-inline\">\n<div class=\"jet-listing-dynamic-field__inline-wrap\">\n<div class=\"jet-listing-dynamic-field__icon is-svg-icon\"><\/div>\n<div class=\"jet-listing-dynamic-field__content\"><span dir=\"auto\">STABIILNE ELEKTER \u2013 Puhas siinuslaine tundlikele elektriseadmetele<\/span><\/div>\n<\/div>\n<\/div>\n<\/div>\n<\/div>\n<\/div>\n<\/div>\n<\/div>\n<\/div>\n<div class=\"jet-listing-grid__item jet-listing-dynamic-post-3737\" data-post-id=\"3737\">\n<div class=\"elementor elementor-2932\" data-elementor-type=\"jet-listing-items\" data-elementor-id=\"2932\" data-elementor-post-type=\"jet-engine\">\n<div class=\"elementor-element elementor-element-f363238 e-flex e-con-boxed e-con e-parent e-lazyloaded\" data-id=\"f363238\" data-element_type=\"container\" data-e-type=\"container\" data-settings=\"{\"jet_parallax_layout_list\":[]}\">\n<div class=\"e-con-inner\">\n<div class=\"elementor-element elementor-element-9e57bf1 elementor-widget elementor-widget-jet-listing-dynamic-field\" data-id=\"9e57bf1\" data-element_type=\"widget\" data-e-type=\"widget\" data-widget_type=\"jet-listing-dynamic-field.default\">\n<div class=\"elementor-widget-container\">\n<div class=\"jet-listing jet-listing-dynamic-field display-inline\">\n<div class=\"jet-listing-dynamic-field__inline-wrap\">\n<div class=\"jet-listing-dynamic-field__icon is-svg-icon\"><\/div>\n<div class=\"jet-listing-dynamic-field__content\"><span dir=\"auto\">\u00c4\u00c4RMISELT VAIKNE \u2013 Madal m\u00fcratase, suur j\u00f5udlus<\/span><\/div>\n<\/div>\n<\/div>\n<\/div>\n<\/div>\n<\/div>\n<\/div>\n<\/div>\n<\/div>\n<div class=\"jet-listing-grid__item jet-listing-dynamic-post-3737\" data-post-id=\"3737\">\n<div class=\"elementor elementor-2932\" data-elementor-type=\"jet-listing-items\" data-elementor-id=\"2932\" data-elementor-post-type=\"jet-engine\">\n<div class=\"elementor-element elementor-element-f363238 e-flex e-con-boxed e-con e-parent e-lazyloaded\" data-id=\"f363238\" data-element_type=\"container\" data-e-type=\"container\" data-settings=\"{\"jet_parallax_layout_list\":[]}\">\n<div class=\"e-con-inner\">\n<div class=\"elementor-element elementor-element-9e57bf1 elementor-widget elementor-widget-jet-listing-dynamic-field\" data-id=\"9e57bf1\" data-element_type=\"widget\" data-e-type=\"widget\" data-widget_type=\"jet-listing-dynamic-field.default\">\n<div class=\"elementor-widget-container\">\n<div class=\"jet-listing jet-listing-dynamic-field display-inline\">\n<div class=\"jet-listing-dynamic-field__inline-wrap\">\n<div class=\"jet-listing-dynamic-field__icon is-svg-icon\"><\/div>\n<div class=\"jet-listing-dynamic-field__content\"><span dir=\"auto\">EZ START FUNCTION \u2013 Easy and smooth engine starting<\/span><\/div>\n<\/div>\n<\/div>\n<\/div>\n<\/div>\n<\/div>\n<\/div>\n<\/div>\n<\/div>\n<div class=\"jet-listing-grid__item jet-listing-dynamic-post-3737\" data-post-id=\"3737\">\n<div class=\"elementor elementor-2932\" data-elementor-type=\"jet-listing-items\" data-elementor-id=\"2932\" data-elementor-post-type=\"jet-engine\">\n<div class=\"elementor-element elementor-element-f363238 e-flex e-con-boxed e-con e-parent e-lazyloaded\" data-id=\"f363238\" data-element_type=\"container\" data-e-type=\"container\" data-settings=\"{\"jet_parallax_layout_list\":[]}\">\n<div class=\"e-con-inner\">\n<div class=\"elementor-element elementor-element-9e57bf1 elementor-widget elementor-widget-jet-listing-dynamic-field\" data-id=\"9e57bf1\" data-element_type=\"widget\" data-e-type=\"widget\" data-widget_type=\"jet-listing-dynamic-field.default\">\n<div class=\"elementor-widget-container\">\n<div class=\"jet-listing jet-listing-dynamic-field display-inline\">\n<div class=\"jet-listing-dynamic-field__inline-wrap\">\n<div class=\"jet-listing-dynamic-field__icon is-svg-icon\"><\/div>\n<div class=\"jet-listing-dynamic-field__content\"><span dir=\"auto\">PARALLEELSELT \u00dcHENDATAV \u2013 ParaLink valmidus. \u00dchenda 2 seadet lisav\u00f5imsuse saamiseks <\/span><\/div>\n<\/div>\n<\/div>\n<\/div>\n<\/div>\n<\/div>\n<\/div>\n<\/div>\n<\/div>\n<div class=\"jet-listing-grid__item jet-listing-dynamic-post-3737\" data-post-id=\"3737\">\n<div class=\"elementor elementor-2932\" data-elementor-type=\"jet-listing-items\" data-elementor-id=\"2932\" data-elementor-post-type=\"jet-engine\">\n<div class=\"elementor-element elementor-element-f363238 e-flex e-con-boxed e-con e-parent e-lazyloaded\" data-id=\"f363238\" data-element_type=\"container\" data-e-type=\"container\" data-settings=\"{\"jet_parallax_layout_list\":[]}\">\n<div class=\"e-con-inner\">\n<div class=\"elementor-element elementor-element-9e57bf1 elementor-widget elementor-widget-jet-listing-dynamic-field\" data-id=\"9e57bf1\" data-element_type=\"widget\" data-e-type=\"widget\" data-widget_type=\"jet-listing-dynamic-field.default\">\n<div class=\"elementor-widget-container\">\n<div class=\"jet-listing jet-listing-dynamic-field display-inline\">\n<div class=\"jet-listing-dynamic-field__inline-wrap\">\n<div class=\"jet-listing-dynamic-field__icon is-svg-icon\"><\/div>\n<div class=\"jet-listing-dynamic-field__content\"><span dir=\"auto\">SELGE LED-EKRAAN \u2013 n\u00e4itab energiatarbimist vahemikus 0\u2013100%<\/span><\/div>\n<\/div>\n<\/div>\n<\/div>\n<\/div>\n<\/div>\n<\/div>\n<\/div>\n<\/div>\n","protected":false},"featured_media":30034,"comment_status":"open","ping_status":"closed","template":"","meta":[],"product_brand":[],"product_cat":[286,237],"product_tag":[188,109],"class_list":{"0":"post-31006","1":"product","2":"type-product","3":"status-publish","4":"has-post-thumbnail","6":"product_cat-bensiini-generaatorid","7":"product_cat-inverte-generaator","8":"product_tag-generaator","9":"product_tag-invertergeneraator","11":"first","12":"instock","13":"taxable","14":"shipping-taxable","15":"purchasable","16":"product-type-simple"},"yoast_head":"<!-- This site is optimized with the Yoast SEO Premium plugin v27.4 (Yoast SEO v27.4) - https:\/\/yoast.com\/product\/yoast-seo-premium-wordpress\/ -->\n<title>Champion 3600 W invertergeneraator - Champion Baltics<\/title>\n<meta name=\"description\" content=\"Champion 3600 invertergeneraator, juhtmevaba k\u00e4ivitus kuni 25 m kauguselt. Puhas siinuslaine, madal m\u00fcratase, k\u00fclmk\u00e4ivitus, ParaLinki valmidus ja h\u00f5lpsasti kasutatav LED-ekraan.\" \/>\n<meta name=\"robots\" content=\"index, follow, max-snippet:-1, max-image-preview:large, max-video-preview:-1\" \/>\n<link rel=\"canonical\" href=\"https:\/\/championbaltics.com\/et\/toode\/champion-3600-w-invertergeneraator\/\" \/>\n<meta property=\"og:locale\" content=\"et_EE\" \/>\n<meta property=\"og:type\" content=\"article\" \/>\n<meta property=\"og:title\" content=\"Champion 3600 W invertergeneraator\" \/>\n<meta property=\"og:description\" content=\"Champion 3600 invertergeneraator, juhtmevaba k\u00e4ivitus kuni 25 m kauguselt. Puhas siinuslaine, madal m\u00fcratase, k\u00fclmk\u00e4ivitus, ParaLinki valmidus ja h\u00f5lpsasti kasutatav LED-ekraan.\" \/>\n<meta property=\"og:url\" content=\"https:\/\/championbaltics.com\/et\/toode\/champion-3600-w-invertergeneraator\/\" \/>\n<meta property=\"og:site_name\" content=\"Champion Baltics\" \/>\n<meta property=\"article:publisher\" content=\"https:\/\/facebook.com\/championbaltics\" \/>\n<meta property=\"article:modified_time\" content=\"2026-04-28T13:45:46+00:00\" \/>\n<meta property=\"og:image\" content=\"https:\/\/championbaltics.com\/wp-content\/uploads\/2025\/08\/500987-EU-SC-Champion-3.webp\" \/>\n\t<meta property=\"og:image:width\" content=\"2560\" \/>\n\t<meta property=\"og:image:height\" content=\"2560\" \/>\n\t<meta property=\"og:image:type\" content=\"image\/jpeg\" \/>\n<meta name=\"twitter:card\" content=\"summary_large_image\" \/>\n<meta name=\"twitter:label1\" content=\"Price\" \/>\n\t<meta name=\"twitter:data1\" content=\"1 399,00&nbsp;&euro;\" \/>\n\t<meta name=\"twitter:label2\" content=\"Availability\" \/>\n\t<meta name=\"twitter:data2\" content=\"In stock\" \/>\n<script type=\"application\/ld+json\" class=\"yoast-schema-graph\">{\"@context\":\"https:\\\/\\\/schema.org\",\"@graph\":[{\"@type\":\"WebPage\",\"@id\":\"https:\\\/\\\/championbaltics.com\\\/et\\\/toode\\\/champion-3600-w-invertergeneraator\\\/\",\"url\":\"https:\\\/\\\/championbaltics.com\\\/et\\\/toode\\\/champion-3600-w-invertergeneraator\\\/\",\"name\":\"Champion 3600 W invertergeneraator - Champion Baltics\",\"isPartOf\":{\"@id\":\"https:\\\/\\\/championbaltics.com\\\/et\\\/#website\"},\"primaryImageOfPage\":{\"@id\":\"https:\\\/\\\/championbaltics.com\\\/et\\\/toode\\\/champion-3600-w-invertergeneraator\\\/#primaryimage\"},\"image\":{\"@id\":\"https:\\\/\\\/championbaltics.com\\\/et\\\/toode\\\/champion-3600-w-invertergeneraator\\\/#primaryimage\"},\"thumbnailUrl\":\"https:\\\/\\\/championbaltics.com\\\/wp-content\\\/uploads\\\/2025\\\/08\\\/500987-EU-SC-Champion-3.webp\",\"datePublished\":\"2025-08-26T09:54:38+00:00\",\"dateModified\":\"2026-04-28T13:45:46+00:00\",\"description\":\"Champion 3600 invertergeneraator, juhtmevaba k\u00e4ivitus kuni 25 m kauguselt. Puhas siinuslaine, madal m\u00fcratase, k\u00fclmk\u00e4ivitus, ParaLinki valmidus ja h\u00f5lpsasti kasutatav LED-ekraan.\",\"breadcrumb\":{\"@id\":\"https:\\\/\\\/championbaltics.com\\\/et\\\/toode\\\/champion-3600-w-invertergeneraator\\\/#breadcrumb\"},\"inLanguage\":\"et\",\"potentialAction\":[{\"@type\":\"ReadAction\",\"target\":[\"https:\\\/\\\/championbaltics.com\\\/et\\\/toode\\\/champion-3600-w-invertergeneraator\\\/\"]}]},{\"@type\":\"ImageObject\",\"inLanguage\":\"et\",\"@id\":\"https:\\\/\\\/championbaltics.com\\\/et\\\/toode\\\/champion-3600-w-invertergeneraator\\\/#primaryimage\",\"url\":\"https:\\\/\\\/championbaltics.com\\\/wp-content\\\/uploads\\\/2025\\\/08\\\/500987-EU-SC-Champion-3.webp\",\"contentUrl\":\"https:\\\/\\\/championbaltics.com\\\/wp-content\\\/uploads\\\/2025\\\/08\\\/500987-EU-SC-Champion-3.webp\",\"width\":2560,\"height\":2560},{\"@type\":\"BreadcrumbList\",\"@id\":\"https:\\\/\\\/championbaltics.com\\\/et\\\/toode\\\/champion-3600-w-invertergeneraator\\\/#breadcrumb\",\"itemListElement\":[{\"@type\":\"ListItem\",\"position\":1,\"name\":\"Home\",\"item\":\"https:\\\/\\\/championbaltics.com\\\/et\\\/\"},{\"@type\":\"ListItem\",\"position\":2,\"name\":\"Pood\",\"item\":\"https:\\\/\\\/championbaltics.com\\\/et\\\/pood\\\/\"},{\"@type\":\"ListItem\",\"position\":3,\"name\":\"Champion 3600 W invertergeneraator\"}]},{\"@type\":\"WebSite\",\"@id\":\"https:\\\/\\\/championbaltics.com\\\/et\\\/#website\",\"url\":\"https:\\\/\\\/championbaltics.com\\\/et\\\/\",\"name\":\"Champion Baltics\",\"description\":\"Power equipments\",\"publisher\":{\"@id\":\"https:\\\/\\\/championbaltics.com\\\/et\\\/#organization\"},\"alternateName\":\"Champion Power Equipment\",\"potentialAction\":[{\"@type\":\"SearchAction\",\"target\":{\"@type\":\"EntryPoint\",\"urlTemplate\":\"https:\\\/\\\/championbaltics.com\\\/et\\\/?s={search_term_string}\"},\"query-input\":{\"@type\":\"PropertyValueSpecification\",\"valueRequired\":true,\"valueName\":\"search_term_string\"}}],\"inLanguage\":\"et\"},{\"@type\":[\"Organization\",\"Place\"],\"@id\":\"https:\\\/\\\/championbaltics.com\\\/et\\\/#organization\",\"name\":\"Champion Baltics\",\"alternateName\":\"Champion Power Equipment\",\"url\":\"https:\\\/\\\/championbaltics.com\\\/et\\\/\",\"logo\":{\"@id\":\"https:\\\/\\\/championbaltics.com\\\/et\\\/toode\\\/champion-3600-w-invertergeneraator\\\/#local-main-organization-logo\"},\"image\":{\"@id\":\"https:\\\/\\\/championbaltics.com\\\/et\\\/toode\\\/champion-3600-w-invertergeneraator\\\/#local-main-organization-logo\"},\"sameAs\":[\"https:\\\/\\\/facebook.com\\\/championbaltics\"],\"description\":\"Champion power equipment representer of State of Baltics\",\"legalName\":\"T.O Engineering LLC\",\"foundingDate\":\"2015-01-07\",\"numberOfEmployees\":{\"@type\":\"QuantitativeValue\",\"minValue\":\"1\",\"maxValue\":\"10\"},\"hasMerchantReturnPolicy\":{\"@type\":\"MerchantReturnPolicy\",\"merchantReturnLink\":\"https:\\\/\\\/championbaltics.com\\\/refund_returns\\\/\"},\"address\":{\"@id\":\"https:\\\/\\\/championbaltics.com\\\/et\\\/toode\\\/champion-3600-w-invertergeneraator\\\/#local-main-place-address\"},\"telephone\":[],\"contactPoint\":{\"@type\":\"ContactPoint\",\"telephone\":\"+3725204833\",\"email\":\"info@championbaltics.com\"},\"openingHoursSpecification\":[{\"@type\":\"OpeningHoursSpecification\",\"dayOfWeek\":[\"Monday\",\"Tuesday\",\"Wednesday\",\"Thursday\",\"Friday\",\"Saturday\",\"Sunday\"],\"opens\":\"09:00\",\"closes\":\"17:00\"}],\"email\":\"info@championbaltics.com\",\"vatID\":\"EE102032772\"},{\"@type\":\"PostalAddress\",\"@id\":\"https:\\\/\\\/championbaltics.com\\\/et\\\/toode\\\/champion-3600-w-invertergeneraator\\\/#local-main-place-address\",\"streetAddress\":\"P\u00e4rnu mnt 144\",\"addressLocality\":\"Tallinn\",\"postalCode\":\"11317\",\"addressRegion\":\"Harju\",\"addressCountry\":\"EE\"},{\"@type\":\"ImageObject\",\"inLanguage\":\"et\",\"@id\":\"https:\\\/\\\/championbaltics.com\\\/et\\\/toode\\\/champion-3600-w-invertergeneraator\\\/#local-main-organization-logo\",\"url\":\"https:\\\/\\\/championbaltics.com\\\/wp-content\\\/uploads\\\/2025\\\/08\\\/cropped-ChampionBalticsLogo.webp\",\"contentUrl\":\"https:\\\/\\\/championbaltics.com\\\/wp-content\\\/uploads\\\/2025\\\/08\\\/cropped-ChampionBalticsLogo.webp\",\"width\":512,\"height\":512,\"caption\":\"Champion Baltics\"}]}<\/script>\n<meta property=\"product:price:amount\" content=\"1399.00\" \/>\n<meta property=\"product:price:currency\" content=\"EUR\" \/>\n<meta property=\"og:availability\" content=\"instock\" \/>\n<meta property=\"product:availability\" content=\"instock\" \/>\n<meta property=\"product:retailer_item_id\" content=\"500987-EU-SC\" \/>\n<meta property=\"product:condition\" content=\"new\" \/>\n<meta name=\"geo.placename\" content=\"Tallinn\" \/>\n<meta name=\"geo.region\" content=\"Estonia\" \/>\n<!-- \/ Yoast SEO Premium plugin. -->","yoast_head_json":{"title":"Champion 3600 W invertergeneraator - Champion Baltics","description":"Champion 3600 invertergeneraator, juhtmevaba k\u00e4ivitus kuni 25 m kauguselt. Puhas siinuslaine, madal m\u00fcratase, k\u00fclmk\u00e4ivitus, ParaLinki valmidus ja h\u00f5lpsasti kasutatav LED-ekraan.","robots":{"index":"index","follow":"follow","max-snippet":"max-snippet:-1","max-image-preview":"max-image-preview:large","max-video-preview":"max-video-preview:-1"},"canonical":"https:\/\/championbaltics.com\/et\/toode\/champion-3600-w-invertergeneraator\/","og_locale":"et_EE","og_type":"article","og_title":"Champion 3600 W invertergeneraator","og_description":"Champion 3600 invertergeneraator, juhtmevaba k\u00e4ivitus kuni 25 m kauguselt. Puhas siinuslaine, madal m\u00fcratase, k\u00fclmk\u00e4ivitus, ParaLinki valmidus ja h\u00f5lpsasti kasutatav LED-ekraan.","og_url":"https:\/\/championbaltics.com\/et\/toode\/champion-3600-w-invertergeneraator\/","og_site_name":"Champion Baltics","article_publisher":"https:\/\/facebook.com\/championbaltics","article_modified_time":"2026-04-28T13:45:46+00:00","og_image":[{"width":2560,"height":2560,"url":"https:\/\/championbaltics.com\/wp-content\/uploads\/2025\/08\/500987-EU-SC-Champion-3.webp","type":"image\/jpeg"}],"twitter_card":"summary_large_image","twitter_misc":{"Price":"1 399,00&nbsp;&euro;","Availability":"In stock"},"schema":{"@context":"https:\/\/schema.org","@graph":[{"@type":"WebPage","@id":"https:\/\/championbaltics.com\/et\/toode\/champion-3600-w-invertergeneraator\/","url":"https:\/\/championbaltics.com\/et\/toode\/champion-3600-w-invertergeneraator\/","name":"Champion 3600 W invertergeneraator - Champion Baltics","isPartOf":{"@id":"https:\/\/championbaltics.com\/et\/#website"},"primaryImageOfPage":{"@id":"https:\/\/championbaltics.com\/et\/toode\/champion-3600-w-invertergeneraator\/#primaryimage"},"image":{"@id":"https:\/\/championbaltics.com\/et\/toode\/champion-3600-w-invertergeneraator\/#primaryimage"},"thumbnailUrl":"https:\/\/championbaltics.com\/wp-content\/uploads\/2025\/08\/500987-EU-SC-Champion-3.webp","datePublished":"2025-08-26T09:54:38+00:00","dateModified":"2026-04-28T13:45:46+00:00","description":"Champion 3600 invertergeneraator, juhtmevaba k\u00e4ivitus kuni 25 m kauguselt. Puhas siinuslaine, madal m\u00fcratase, k\u00fclmk\u00e4ivitus, ParaLinki valmidus ja h\u00f5lpsasti kasutatav LED-ekraan.","breadcrumb":{"@id":"https:\/\/championbaltics.com\/et\/toode\/champion-3600-w-invertergeneraator\/#breadcrumb"},"inLanguage":"et","potentialAction":[{"@type":"ReadAction","target":["https:\/\/championbaltics.com\/et\/toode\/champion-3600-w-invertergeneraator\/"]}]},{"@type":"ImageObject","inLanguage":"et","@id":"https:\/\/championbaltics.com\/et\/toode\/champion-3600-w-invertergeneraator\/#primaryimage","url":"https:\/\/championbaltics.com\/wp-content\/uploads\/2025\/08\/500987-EU-SC-Champion-3.webp","contentUrl":"https:\/\/championbaltics.com\/wp-content\/uploads\/2025\/08\/500987-EU-SC-Champion-3.webp","width":2560,"height":2560},{"@type":"BreadcrumbList","@id":"https:\/\/championbaltics.com\/et\/toode\/champion-3600-w-invertergeneraator\/#breadcrumb","itemListElement":[{"@type":"ListItem","position":1,"name":"Home","item":"https:\/\/championbaltics.com\/et\/"},{"@type":"ListItem","position":2,"name":"Pood","item":"https:\/\/championbaltics.com\/et\/pood\/"},{"@type":"ListItem","position":3,"name":"Champion 3600 W invertergeneraator"}]},{"@type":"WebSite","@id":"https:\/\/championbaltics.com\/et\/#website","url":"https:\/\/championbaltics.com\/et\/","name":"Champion Baltics","description":"Power equipments","publisher":{"@id":"https:\/\/championbaltics.com\/et\/#organization"},"alternateName":"Champion Power Equipment","potentialAction":[{"@type":"SearchAction","target":{"@type":"EntryPoint","urlTemplate":"https:\/\/championbaltics.com\/et\/?s={search_term_string}"},"query-input":{"@type":"PropertyValueSpecification","valueRequired":true,"valueName":"search_term_string"}}],"inLanguage":"et"},{"@type":["Organization","Place"],"@id":"https:\/\/championbaltics.com\/et\/#organization","name":"Champion Baltics","alternateName":"Champion Power Equipment","url":"https:\/\/championbaltics.com\/et\/","logo":{"@id":"https:\/\/championbaltics.com\/et\/toode\/champion-3600-w-invertergeneraator\/#local-main-organization-logo"},"image":{"@id":"https:\/\/championbaltics.com\/et\/toode\/champion-3600-w-invertergeneraator\/#local-main-organization-logo"},"sameAs":["https:\/\/facebook.com\/championbaltics"],"description":"Champion power equipment representer of State of Baltics","legalName":"T.O Engineering LLC","foundingDate":"2015-01-07","numberOfEmployees":{"@type":"QuantitativeValue","minValue":"1","maxValue":"10"},"hasMerchantReturnPolicy":{"@type":"MerchantReturnPolicy","merchantReturnLink":"https:\/\/championbaltics.com\/refund_returns\/"},"address":{"@id":"https:\/\/championbaltics.com\/et\/toode\/champion-3600-w-invertergeneraator\/#local-main-place-address"},"telephone":[],"contactPoint":{"@type":"ContactPoint","telephone":"+3725204833","email":"info@championbaltics.com"},"openingHoursSpecification":[{"@type":"OpeningHoursSpecification","dayOfWeek":["Monday","Tuesday","Wednesday","Thursday","Friday","Saturday","Sunday"],"opens":"09:00","closes":"17:00"}],"email":"info@championbaltics.com","vatID":"EE102032772"},{"@type":"PostalAddress","@id":"https:\/\/championbaltics.com\/et\/toode\/champion-3600-w-invertergeneraator\/#local-main-place-address","streetAddress":"P\u00e4rnu mnt 144","addressLocality":"Tallinn","postalCode":"11317","addressRegion":"Harju","addressCountry":"EE"},{"@type":"ImageObject","inLanguage":"et","@id":"https:\/\/championbaltics.com\/et\/toode\/champion-3600-w-invertergeneraator\/#local-main-organization-logo","url":"https:\/\/championbaltics.com\/wp-content\/uploads\/2025\/08\/cropped-ChampionBalticsLogo.webp","contentUrl":"https:\/\/championbaltics.com\/wp-content\/uploads\/2025\/08\/cropped-ChampionBalticsLogo.webp","width":512,"height":512,"caption":"Champion Baltics"}]},"product_price_amount":"1399.00","product_price_currency":"EUR","og_availability":"instock","product_availability":"instock","product_retailer_item_id":"500987-EU-SC","product_condition":"new","geo.placename":"Tallinn","geo.region":"Estonia"},"_links":{"self":[{"href":"https:\/\/championbaltics.com\/et\/wp-json\/wp\/v2\/product\/31006","targetHints":{"allow":["GET"]}}],"collection":[{"href":"https:\/\/championbaltics.com\/et\/wp-json\/wp\/v2\/product"}],"about":[{"href":"https:\/\/championbaltics.com\/et\/wp-json\/wp\/v2\/types\/product"}],"replies":[{"embeddable":true,"href":"https:\/\/championbaltics.com\/et\/wp-json\/wp\/v2\/comments?post=31006"}],"version-history":[{"count":2,"href":"https:\/\/championbaltics.com\/et\/wp-json\/wp\/v2\/product\/31006\/revisions"}],"predecessor-version":[{"id":34144,"href":"https:\/\/championbaltics.com\/et\/wp-json\/wp\/v2\/product\/31006\/revisions\/34144"}],"wp:featuredmedia":[{"embeddable":true,"href":"https:\/\/championbaltics.com\/et\/wp-json\/wp\/v2\/media\/30034"}],"wp:attachment":[{"href":"https:\/\/championbaltics.com\/et\/wp-json\/wp\/v2\/media?parent=31006"}],"wp:term":[{"taxonomy":"product_brand","embeddable":true,"href":"https:\/\/championbaltics.com\/et\/wp-json\/wp\/v2\/product_brand?post=31006"},{"taxonomy":"product_cat","embeddable":true,"href":"https:\/\/championbaltics.com\/et\/wp-json\/wp\/v2\/product_cat?post=31006"},{"taxonomy":"product_tag","embeddable":true,"href":"https:\/\/championbaltics.com\/et\/wp-json\/wp\/v2\/product_tag?post=31006"}],"curies":[{"name":"wp","href":"https:\/\/api.w.org\/{rel}","templated":true}]}}