{"id":31048,"date":"2025-08-27T08:00:06","date_gmt":"2025-08-27T08:00:06","guid":{"rendered":"https:\/\/championbaltics.com\/toode\/bimson-power-15-kva-kolmefaasiline-diiselgeneraator\/"},"modified":"2026-01-05T18:34:33","modified_gmt":"2026-01-05T18:34:33","slug":"bimson-power-15-kva-kolmefaasiline-diiselgeneraator","status":"publish","type":"product","link":"https:\/\/championbaltics.com\/et\/toode\/bimson-power-15-kva-kolmefaasiline-diiselgeneraator\/","title":{"rendered":"Bimson Power 15 kVA kolmefaasiline diiselgeneraator"},"content":{"rendered":"<p>See uus ja t\u00e4iustatud Bimson Poweri 15 kVA diiselgeneraator pakub suuremat v\u00f5imsust ja t\u00e4ielikult EU5 standardile vastavat mootorit, mille sees on vasest harjased, mis tagab \u00fchtlase mootorikiiruse.<\/p>\n<p><strong>Automaatne pingeregulaator (AVR)<\/strong> juhtimiss\u00fcsteem v\u00e4ljundi j\u00e4lgimiseks ja seadme kaitsmiseks pingek\u00f5ikumiste eest, tagades sujuvama siinuslaine.<\/p>\n<p>\u00dcmbritsetud <strong>helikindla korpusega<\/strong>, mis on kaetud kriimustuskindla mattviimistlusega, t\u00e4ielikku kaitset ja teisaldatavust h\u00f5lbustab vastupidav t\u00f6\u00f6stuslik raam. Lisaks on heli summutaval korpusele v\u00e4lja toodud v\u00f5tmega k\u00e4ivitamise v\u00f5imalus ja vibtrtsioonivastased kinnitused tagavad veelgi sujuvama t\u00f6\u00f6.<\/p>\n<p>T\u00e4ielikult tangitud<strong> 16-liitrine<\/strong> paak v\u00f5imaldab kergesti <strong>kuni 12 tundi<\/strong> t\u00f6\u00f6tada umbes 50% koormusega, muutes selle Bimson Poweri generaatori ideaalseks igasugusteks rakendusteks, nagu kodumajapidamiste varustamine, ehitus, toitlustus ja t\u00f6\u00f6stuslik kasutus n\u00e4iteks elektrit\u00f6\u00f6riistade ja valgustusseadmetega. Varugeneraatorina on see ideaalne toode elektrikatkestuste ja -h\u00e4irete ajal.<\/p>\n","protected":false},"excerpt":{"rendered":"<ul>\n<li>V\u00d5IMSUS \u2013 Bimson Power generaator on varustatud kvaliteetse V-twin diiselmootoriga, tagades usaldusv\u00e4\u00e4rse j\u00f5udluse. See on kolmefaasiliseks kasutuseks valmis, pakkudes mitmek\u00fclgseid kasutusv\u00f5imalusi.<\/li>\n<li>K\u00dcTUSES\u00c4\u00c4STLIKKUS \u2013 Generaatori 35-liitrine paak v\u00f5imaldab kuni 20 tundi pidevat t\u00f6\u00f6d umbes 50% koormusel, tagades pikema t\u00f6\u00f6aja.<\/li>\n<li>NUTIKAS + OHUTU \u2013 Madala \u00f5litaseme v\u00e4ljal\u00fclitusanduri ja automaatse pingeregulaatori (AVR) juhtimiss\u00fcsteemiga ohutuks kasutamiseks.<\/li>\n<li>MULJETAVALDAV V\u00d5IMSUS \u2013 15 kVa nimiv\u00f5imsusega suudab Bimson Power generaator anda maksimaalselt 13 000 vatti ja hoida pidevalt 12 000 vatti.<\/li>\n<li>MITU PISTIKUPESA \u2013 Varustatud 1 x 32A 415V, 1 x 16A 230V ja 1 x 32A 230V pistikupesadega erinevate toitevajaduste rahuldamiseks.<\/li>\n<li>Varustatud <a href=\"https:\/\/championbaltics.com\/et\/toode\/automaatne-umberluliti-diiselgeneraatorid\/\">ATS<\/a> sisendl\u00fclitiga (automaatse \u00fcmberl\u00fclituse l\u00fcliti)<\/li>\n<\/ul>\n","protected":false},"featured_media":33977,"comment_status":"open","ping_status":"closed","template":"","meta":[],"product_brand":[92],"product_cat":[187],"product_tag":[241,188],"class_list":{"0":"post-31048","1":"product","2":"type-product","3":"status-publish","4":"has-post-thumbnail","6":"product_brand-bimson","7":"product_cat-diiselgeneraatorid","8":"product_tag-diiselgeneraator","9":"product_tag-generaator","11":"first","12":"instock","13":"taxable","14":"shipping-taxable","15":"purchasable","16":"product-type-simple"},"yoast_head":"<!-- This site is optimized with the Yoast SEO Premium plugin v27.5 (Yoast SEO v27.5) - https:\/\/yoast.com\/product\/yoast-seo-premium-wordpress\/ -->\n<title>Bimson Power 15 kVA kolmefaasiline diiselgeneraator - Champion Baltics<\/title>\n<meta name=\"description\" content=\"Avastage uus 3 faasiline diiselgeneraator Bimson Power. EU5 mootori, AVR juhtimise, vaikse korpuse, 12-tunnise t\u00f6\u00f6aja ja t\u00f6\u00f6kindlus tagatud\" \/>\n<meta name=\"robots\" content=\"index, follow, max-snippet:-1, max-image-preview:large, max-video-preview:-1\" \/>\n<link rel=\"canonical\" href=\"https:\/\/championbaltics.com\/et\/toode\/bimson-power-15-kva-kolmefaasiline-diiselgeneraator\/\" \/>\n<meta property=\"og:locale\" content=\"et_EE\" \/>\n<meta property=\"og:type\" content=\"article\" \/>\n<meta property=\"og:title\" content=\"Bimson Power 15 kVA kolmefaasiline diiselgeneraator\" \/>\n<meta property=\"og:description\" content=\"Avastage uus 3 faasiline diiselgeneraator Bimson Power. EU5 mootori, AVR juhtimise, vaikse korpuse, 12-tunnise t\u00f6\u00f6aja ja t\u00f6\u00f6kindlus tagatud\" \/>\n<meta property=\"og:url\" content=\"https:\/\/championbaltics.com\/et\/toode\/bimson-power-15-kva-kolmefaasiline-diiselgeneraator\/\" \/>\n<meta property=\"og:site_name\" content=\"Champion Baltics\" \/>\n<meta property=\"article:publisher\" content=\"https:\/\/facebook.com\/championbaltics\" \/>\n<meta property=\"article:modified_time\" content=\"2026-01-05T18:34:33+00:00\" \/>\n<meta property=\"og:image\" content=\"https:\/\/championbaltics.com\/wp-content\/uploads\/2025\/08\/BP_LDG15S3-EU_front-view_900x556.webp\" \/>\n\t<meta property=\"og:image:width\" content=\"900\" \/>\n\t<meta property=\"og:image:height\" content=\"556\" \/>\n\t<meta property=\"og:image:type\" content=\"image\/webp\" \/>\n<meta name=\"twitter:card\" content=\"summary_large_image\" \/>\n<meta name=\"twitter:label1\" content=\"Price\" \/>\n\t<meta name=\"twitter:data1\" content=\"6 299,00&nbsp;&euro;\" \/>\n\t<meta name=\"twitter:label2\" content=\"Availability\" \/>\n\t<meta name=\"twitter:data2\" content=\"In stock\" \/>\n<script type=\"application\/ld+json\" class=\"yoast-schema-graph\">{\"@context\":\"https:\\\/\\\/schema.org\",\"@graph\":[{\"@type\":\"WebPage\",\"@id\":\"https:\\\/\\\/championbaltics.com\\\/et\\\/toode\\\/bimson-power-15-kva-kolmefaasiline-diiselgeneraator\\\/\",\"url\":\"https:\\\/\\\/championbaltics.com\\\/et\\\/toode\\\/bimson-power-15-kva-kolmefaasiline-diiselgeneraator\\\/\",\"name\":\"Bimson Power 15 kVA kolmefaasiline diiselgeneraator - Champion Baltics\",\"isPartOf\":{\"@id\":\"https:\\\/\\\/championbaltics.com\\\/et\\\/#website\"},\"primaryImageOfPage\":{\"@id\":\"https:\\\/\\\/championbaltics.com\\\/et\\\/toode\\\/bimson-power-15-kva-kolmefaasiline-diiselgeneraator\\\/#primaryimage\"},\"image\":{\"@id\":\"https:\\\/\\\/championbaltics.com\\\/et\\\/toode\\\/bimson-power-15-kva-kolmefaasiline-diiselgeneraator\\\/#primaryimage\"},\"thumbnailUrl\":\"https:\\\/\\\/championbaltics.com\\\/wp-content\\\/uploads\\\/2025\\\/08\\\/BP_LDG15S3-EU_front-view_900x556.webp\",\"datePublished\":\"2025-08-27T08:00:06+00:00\",\"dateModified\":\"2026-01-05T18:34:33+00:00\",\"description\":\"Avastage uus 3 faasiline diiselgeneraator Bimson Power. EU5 mootori, AVR juhtimise, vaikse korpuse, 12-tunnise t\u00f6\u00f6aja ja t\u00f6\u00f6kindlus tagatud\",\"breadcrumb\":{\"@id\":\"https:\\\/\\\/championbaltics.com\\\/et\\\/toode\\\/bimson-power-15-kva-kolmefaasiline-diiselgeneraator\\\/#breadcrumb\"},\"inLanguage\":\"et\",\"potentialAction\":[{\"@type\":\"ReadAction\",\"target\":[\"https:\\\/\\\/championbaltics.com\\\/et\\\/toode\\\/bimson-power-15-kva-kolmefaasiline-diiselgeneraator\\\/\"]}]},{\"@type\":\"ImageObject\",\"inLanguage\":\"et\",\"@id\":\"https:\\\/\\\/championbaltics.com\\\/et\\\/toode\\\/bimson-power-15-kva-kolmefaasiline-diiselgeneraator\\\/#primaryimage\",\"url\":\"https:\\\/\\\/championbaltics.com\\\/wp-content\\\/uploads\\\/2025\\\/08\\\/BP_LDG15S3-EU_front-view_900x556.webp\",\"contentUrl\":\"https:\\\/\\\/championbaltics.com\\\/wp-content\\\/uploads\\\/2025\\\/08\\\/BP_LDG15S3-EU_front-view_900x556.webp\",\"width\":900,\"height\":556},{\"@type\":\"BreadcrumbList\",\"@id\":\"https:\\\/\\\/championbaltics.com\\\/et\\\/toode\\\/bimson-power-15-kva-kolmefaasiline-diiselgeneraator\\\/#breadcrumb\",\"itemListElement\":[{\"@type\":\"ListItem\",\"position\":1,\"name\":\"Home\",\"item\":\"https:\\\/\\\/championbaltics.com\\\/et\\\/\"},{\"@type\":\"ListItem\",\"position\":2,\"name\":\"Pood\",\"item\":\"https:\\\/\\\/championbaltics.com\\\/et\\\/pood\\\/\"},{\"@type\":\"ListItem\",\"position\":3,\"name\":\"Bimson Power 15 kVA kolmefaasiline diiselgeneraator\"}]},{\"@type\":\"WebSite\",\"@id\":\"https:\\\/\\\/championbaltics.com\\\/et\\\/#website\",\"url\":\"https:\\\/\\\/championbaltics.com\\\/et\\\/\",\"name\":\"Champion Baltics\",\"description\":\"Power equipments\",\"publisher\":{\"@id\":\"https:\\\/\\\/championbaltics.com\\\/et\\\/#organization\"},\"alternateName\":\"Champion Power Equipment\",\"potentialAction\":[{\"@type\":\"SearchAction\",\"target\":{\"@type\":\"EntryPoint\",\"urlTemplate\":\"https:\\\/\\\/championbaltics.com\\\/et\\\/?s={search_term_string}\"},\"query-input\":{\"@type\":\"PropertyValueSpecification\",\"valueRequired\":true,\"valueName\":\"search_term_string\"}}],\"inLanguage\":\"et\"},{\"@type\":[\"Organization\",\"Place\"],\"@id\":\"https:\\\/\\\/championbaltics.com\\\/et\\\/#organization\",\"name\":\"Champion Baltics\",\"alternateName\":\"Champion Power Equipment\",\"url\":\"https:\\\/\\\/championbaltics.com\\\/et\\\/\",\"logo\":{\"@id\":\"https:\\\/\\\/championbaltics.com\\\/et\\\/toode\\\/bimson-power-15-kva-kolmefaasiline-diiselgeneraator\\\/#local-main-organization-logo\"},\"image\":{\"@id\":\"https:\\\/\\\/championbaltics.com\\\/et\\\/toode\\\/bimson-power-15-kva-kolmefaasiline-diiselgeneraator\\\/#local-main-organization-logo\"},\"sameAs\":[\"https:\\\/\\\/facebook.com\\\/championbaltics\"],\"description\":\"Champion power equipment representer of State of Baltics\",\"legalName\":\"T.O Engineering LLC\",\"foundingDate\":\"2015-01-07\",\"numberOfEmployees\":{\"@type\":\"QuantitativeValue\",\"minValue\":\"1\",\"maxValue\":\"10\"},\"hasMerchantReturnPolicy\":{\"@type\":\"MerchantReturnPolicy\",\"merchantReturnLink\":\"https:\\\/\\\/championbaltics.com\\\/refund_returns\\\/\"},\"address\":{\"@id\":\"https:\\\/\\\/championbaltics.com\\\/et\\\/toode\\\/bimson-power-15-kva-kolmefaasiline-diiselgeneraator\\\/#local-main-place-address\"},\"telephone\":[],\"contactPoint\":{\"@type\":\"ContactPoint\",\"telephone\":\"+3725204833\",\"email\":\"info@championbaltics.com\"},\"openingHoursSpecification\":[{\"@type\":\"OpeningHoursSpecification\",\"dayOfWeek\":[\"Monday\",\"Tuesday\",\"Wednesday\",\"Thursday\",\"Friday\",\"Saturday\",\"Sunday\"],\"opens\":\"09:00\",\"closes\":\"17:00\"}],\"email\":\"info@championbaltics.com\",\"vatID\":\"EE102032772\"},{\"@type\":\"PostalAddress\",\"@id\":\"https:\\\/\\\/championbaltics.com\\\/et\\\/toode\\\/bimson-power-15-kva-kolmefaasiline-diiselgeneraator\\\/#local-main-place-address\",\"streetAddress\":\"P\u00e4rnu mnt 144\",\"addressLocality\":\"Tallinn\",\"postalCode\":\"11317\",\"addressRegion\":\"Harju\",\"addressCountry\":\"EE\"},{\"@type\":\"ImageObject\",\"inLanguage\":\"et\",\"@id\":\"https:\\\/\\\/championbaltics.com\\\/et\\\/toode\\\/bimson-power-15-kva-kolmefaasiline-diiselgeneraator\\\/#local-main-organization-logo\",\"url\":\"https:\\\/\\\/championbaltics.com\\\/wp-content\\\/uploads\\\/2025\\\/08\\\/cropped-ChampionBalticsLogo.webp\",\"contentUrl\":\"https:\\\/\\\/championbaltics.com\\\/wp-content\\\/uploads\\\/2025\\\/08\\\/cropped-ChampionBalticsLogo.webp\",\"width\":512,\"height\":512,\"caption\":\"Champion Baltics\"}]}<\/script>\n<meta property=\"product:brand\" content=\"Bimson\" \/>\n<meta property=\"product:price:amount\" content=\"6299.00\" \/>\n<meta property=\"product:price:currency\" content=\"EUR\" \/>\n<meta property=\"og:availability\" content=\"instock\" \/>\n<meta property=\"product:availability\" content=\"instock\" \/>\n<meta property=\"product:retailer_item_id\" content=\"LDG15S3-EU\" \/>\n<meta property=\"product:condition\" content=\"new\" \/>\n<meta name=\"geo.placename\" content=\"Tallinn\" \/>\n<meta name=\"geo.region\" content=\"Estonia\" \/>\n<!-- \/ Yoast SEO Premium plugin. -->","yoast_head_json":{"title":"Bimson Power 15 kVA kolmefaasiline diiselgeneraator - Champion Baltics","description":"Avastage uus 3 faasiline diiselgeneraator Bimson Power. EU5 mootori, AVR juhtimise, vaikse korpuse, 12-tunnise t\u00f6\u00f6aja ja t\u00f6\u00f6kindlus tagatud","robots":{"index":"index","follow":"follow","max-snippet":"max-snippet:-1","max-image-preview":"max-image-preview:large","max-video-preview":"max-video-preview:-1"},"canonical":"https:\/\/championbaltics.com\/et\/toode\/bimson-power-15-kva-kolmefaasiline-diiselgeneraator\/","og_locale":"et_EE","og_type":"article","og_title":"Bimson Power 15 kVA kolmefaasiline diiselgeneraator","og_description":"Avastage uus 3 faasiline diiselgeneraator Bimson Power. EU5 mootori, AVR juhtimise, vaikse korpuse, 12-tunnise t\u00f6\u00f6aja ja t\u00f6\u00f6kindlus tagatud","og_url":"https:\/\/championbaltics.com\/et\/toode\/bimson-power-15-kva-kolmefaasiline-diiselgeneraator\/","og_site_name":"Champion Baltics","article_publisher":"https:\/\/facebook.com\/championbaltics","article_modified_time":"2026-01-05T18:34:33+00:00","og_image":[{"width":900,"height":556,"url":"https:\/\/championbaltics.com\/wp-content\/uploads\/2025\/08\/BP_LDG15S3-EU_front-view_900x556.webp","type":"image\/webp"}],"twitter_card":"summary_large_image","twitter_misc":{"Price":"6 299,00&nbsp;&euro;","Availability":"In stock"},"schema":{"@context":"https:\/\/schema.org","@graph":[{"@type":"WebPage","@id":"https:\/\/championbaltics.com\/et\/toode\/bimson-power-15-kva-kolmefaasiline-diiselgeneraator\/","url":"https:\/\/championbaltics.com\/et\/toode\/bimson-power-15-kva-kolmefaasiline-diiselgeneraator\/","name":"Bimson Power 15 kVA kolmefaasiline diiselgeneraator - Champion Baltics","isPartOf":{"@id":"https:\/\/championbaltics.com\/et\/#website"},"primaryImageOfPage":{"@id":"https:\/\/championbaltics.com\/et\/toode\/bimson-power-15-kva-kolmefaasiline-diiselgeneraator\/#primaryimage"},"image":{"@id":"https:\/\/championbaltics.com\/et\/toode\/bimson-power-15-kva-kolmefaasiline-diiselgeneraator\/#primaryimage"},"thumbnailUrl":"https:\/\/championbaltics.com\/wp-content\/uploads\/2025\/08\/BP_LDG15S3-EU_front-view_900x556.webp","datePublished":"2025-08-27T08:00:06+00:00","dateModified":"2026-01-05T18:34:33+00:00","description":"Avastage uus 3 faasiline diiselgeneraator Bimson Power. EU5 mootori, AVR juhtimise, vaikse korpuse, 12-tunnise t\u00f6\u00f6aja ja t\u00f6\u00f6kindlus tagatud","breadcrumb":{"@id":"https:\/\/championbaltics.com\/et\/toode\/bimson-power-15-kva-kolmefaasiline-diiselgeneraator\/#breadcrumb"},"inLanguage":"et","potentialAction":[{"@type":"ReadAction","target":["https:\/\/championbaltics.com\/et\/toode\/bimson-power-15-kva-kolmefaasiline-diiselgeneraator\/"]}]},{"@type":"ImageObject","inLanguage":"et","@id":"https:\/\/championbaltics.com\/et\/toode\/bimson-power-15-kva-kolmefaasiline-diiselgeneraator\/#primaryimage","url":"https:\/\/championbaltics.com\/wp-content\/uploads\/2025\/08\/BP_LDG15S3-EU_front-view_900x556.webp","contentUrl":"https:\/\/championbaltics.com\/wp-content\/uploads\/2025\/08\/BP_LDG15S3-EU_front-view_900x556.webp","width":900,"height":556},{"@type":"BreadcrumbList","@id":"https:\/\/championbaltics.com\/et\/toode\/bimson-power-15-kva-kolmefaasiline-diiselgeneraator\/#breadcrumb","itemListElement":[{"@type":"ListItem","position":1,"name":"Home","item":"https:\/\/championbaltics.com\/et\/"},{"@type":"ListItem","position":2,"name":"Pood","item":"https:\/\/championbaltics.com\/et\/pood\/"},{"@type":"ListItem","position":3,"name":"Bimson Power 15 kVA kolmefaasiline diiselgeneraator"}]},{"@type":"WebSite","@id":"https:\/\/championbaltics.com\/et\/#website","url":"https:\/\/championbaltics.com\/et\/","name":"Champion Baltics","description":"Power equipments","publisher":{"@id":"https:\/\/championbaltics.com\/et\/#organization"},"alternateName":"Champion Power Equipment","potentialAction":[{"@type":"SearchAction","target":{"@type":"EntryPoint","urlTemplate":"https:\/\/championbaltics.com\/et\/?s={search_term_string}"},"query-input":{"@type":"PropertyValueSpecification","valueRequired":true,"valueName":"search_term_string"}}],"inLanguage":"et"},{"@type":["Organization","Place"],"@id":"https:\/\/championbaltics.com\/et\/#organization","name":"Champion Baltics","alternateName":"Champion Power Equipment","url":"https:\/\/championbaltics.com\/et\/","logo":{"@id":"https:\/\/championbaltics.com\/et\/toode\/bimson-power-15-kva-kolmefaasiline-diiselgeneraator\/#local-main-organization-logo"},"image":{"@id":"https:\/\/championbaltics.com\/et\/toode\/bimson-power-15-kva-kolmefaasiline-diiselgeneraator\/#local-main-organization-logo"},"sameAs":["https:\/\/facebook.com\/championbaltics"],"description":"Champion power equipment representer of State of Baltics","legalName":"T.O Engineering LLC","foundingDate":"2015-01-07","numberOfEmployees":{"@type":"QuantitativeValue","minValue":"1","maxValue":"10"},"hasMerchantReturnPolicy":{"@type":"MerchantReturnPolicy","merchantReturnLink":"https:\/\/championbaltics.com\/refund_returns\/"},"address":{"@id":"https:\/\/championbaltics.com\/et\/toode\/bimson-power-15-kva-kolmefaasiline-diiselgeneraator\/#local-main-place-address"},"telephone":[],"contactPoint":{"@type":"ContactPoint","telephone":"+3725204833","email":"info@championbaltics.com"},"openingHoursSpecification":[{"@type":"OpeningHoursSpecification","dayOfWeek":["Monday","Tuesday","Wednesday","Thursday","Friday","Saturday","Sunday"],"opens":"09:00","closes":"17:00"}],"email":"info@championbaltics.com","vatID":"EE102032772"},{"@type":"PostalAddress","@id":"https:\/\/championbaltics.com\/et\/toode\/bimson-power-15-kva-kolmefaasiline-diiselgeneraator\/#local-main-place-address","streetAddress":"P\u00e4rnu mnt 144","addressLocality":"Tallinn","postalCode":"11317","addressRegion":"Harju","addressCountry":"EE"},{"@type":"ImageObject","inLanguage":"et","@id":"https:\/\/championbaltics.com\/et\/toode\/bimson-power-15-kva-kolmefaasiline-diiselgeneraator\/#local-main-organization-logo","url":"https:\/\/championbaltics.com\/wp-content\/uploads\/2025\/08\/cropped-ChampionBalticsLogo.webp","contentUrl":"https:\/\/championbaltics.com\/wp-content\/uploads\/2025\/08\/cropped-ChampionBalticsLogo.webp","width":512,"height":512,"caption":"Champion Baltics"}]},"product_brand":"Bimson","product_price_amount":"6299.00","product_price_currency":"EUR","og_availability":"instock","product_availability":"instock","product_retailer_item_id":"LDG15S3-EU","product_condition":"new","geo.placename":"Tallinn","geo.region":"Estonia"},"_links":{"self":[{"href":"https:\/\/championbaltics.com\/et\/wp-json\/wp\/v2\/product\/31048","targetHints":{"allow":["GET"]}}],"collection":[{"href":"https:\/\/championbaltics.com\/et\/wp-json\/wp\/v2\/product"}],"about":[{"href":"https:\/\/championbaltics.com\/et\/wp-json\/wp\/v2\/types\/product"}],"replies":[{"embeddable":true,"href":"https:\/\/championbaltics.com\/et\/wp-json\/wp\/v2\/comments?post=31048"}],"version-history":[{"count":7,"href":"https:\/\/championbaltics.com\/et\/wp-json\/wp\/v2\/product\/31048\/revisions"}],"predecessor-version":[{"id":33978,"href":"https:\/\/championbaltics.com\/et\/wp-json\/wp\/v2\/product\/31048\/revisions\/33978"}],"wp:featuredmedia":[{"embeddable":true,"href":"https:\/\/championbaltics.com\/et\/wp-json\/wp\/v2\/media\/33977"}],"wp:attachment":[{"href":"https:\/\/championbaltics.com\/et\/wp-json\/wp\/v2\/media?parent=31048"}],"wp:term":[{"taxonomy":"product_brand","embeddable":true,"href":"https:\/\/championbaltics.com\/et\/wp-json\/wp\/v2\/product_brand?post=31048"},{"taxonomy":"product_cat","embeddable":true,"href":"https:\/\/championbaltics.com\/et\/wp-json\/wp\/v2\/product_cat?post=31048"},{"taxonomy":"product_tag","embeddable":true,"href":"https:\/\/championbaltics.com\/et\/wp-json\/wp\/v2\/product_tag?post=31048"}],"curies":[{"name":"wp","href":"https:\/\/api.w.org\/{rel}","templated":true}]}}