{"id":31136,"date":"2025-08-25T12:26:38","date_gmt":"2025-08-25T12:26:38","guid":{"rendered":"https:\/\/championbaltics.com\/toode\/champion-voimas-atom-2200-vatine-kahekutuseline-invertergeneraator\/"},"modified":"2026-04-28T11:44:26","modified_gmt":"2026-04-28T11:44:26","slug":"champion-voimas-atom-2200-vatine-kahekutuseline-invertergeneraator","status":"publish","type":"product","link":"https:\/\/championbaltics.com\/et\/toode\/champion-voimas-atom-2200-vatine-kahekutuseline-invertergeneraator\/","title":{"rendered":"Champion The Mighty Atom 2200-vatine kahek\u00fctuseline invertergeneraator"},"content":{"rendered":"<p><strong>Vaid 17,6 kg (38,8 naela) kaaluv 2,2 kW v\u00f5imas Atom on isegi kergem kui k\u00f5ige kergem 2000-vatine invertergeneraator, mis praegu turul on. N\u00fc\u00fcd saadaval kahek\u00fctuselise tehnoloogiaga! <\/strong><\/p>\n<p>Kaasaskantav v\u00f5imsus ja kerge disain on sinu p\u00e4ralt t\u00e4nu Champion 2200-vatisele kahek\u00fctuselisele invertergeneraatorile. Tugine 79 cm\u00b3 mootorile ja naudi vaikset 58 dBA kuni 10,5 tundi t\u00f6\u00f6aega (25% koormusel) v\u00f5i isegi kuni 34 tundi t\u00f6\u00f6aega 19 kg propaanipudeliga. <\/p>\n<p>Puhas siinuslaine invertertehnoloogia muudab selle generaatori ideaalseks kasutades tundlikku elektroonikat, nagu arvutid, s\u00fclearvutid ja telerid, jaoks. Perfektne seade k\u00e4mpingus, v\u00e4ikestele majapidamisseadmetele nagu k\u00fclmikud, elektri t\u00f6\u00f6riistad, valgustusseadmed ja aiat\u00f6\u00f6riistad Sellel inverteril on paralleelv\u00f5imalus, mis v\u00f5imaldab seda \u00fchendada teiste Champion inverteritega, kasutades valikulist <a href=\"https:\/\/championbaltics.com\/et\/toode\/champion-paralink-paralleelkomplekt-kahekordista-oma-voimsus-2\/\">paralleelkomplekti<\/a>.<\/p>\n<p>Ostke see CE ja EU5 sertifikaadiga generaator julgelt. Championi legendaarne klienditeeninduse meeskond toetab teie ostu 3-aastase piiratud garantiiga ja TASUTA eluaegse tehnilise toega. <\/p>\n","protected":false},"excerpt":{"rendered":"<p>17,5 kg kaaluv Mighty Atom 2200W on kergeim generaator turul. ParaLink valmis.<\/p>\n<h4>Funktsioonid<\/h4>\n<ul>\n<li>Kahek\u00fctuseline \u2013 K\u00e4itage oma 2200-vatist kaasaskantavat generaatorit kohe karbist v\u00e4lja v\u00f5ttes kas bensiini v\u00f5i propaaniga, lisaks mahutab seade 378 ml \u00f5li (soovitatav 10W-30) ja sellel on madala \u00f5litaseme v\u00e4ljal\u00fclitusandur.<\/li>\n<li>Kaalub vaid 17,9 kg!<\/li>\n<li>EZ Start valikuketas \u2013 K\u00e4itage oma 2200-vatist kaasaskantavat generaatorit kohe karbist v\u00e4lja v\u00f5ttes kas bensiini v\u00f5i propaaniga, lisaks on \u00fclih\u00e4\u00e4letu t\u00f6\u00f6 (58 dBA 7 m kauguselt) ideaalne telkimiseks, haagissuvilaga reisimiseks ja muuks.<\/li>\n<li>Paralleelvalmidus \u2013 Kui otsustate osta valikulise paralleelkomplekti, on ruumis\u00e4\u00e4stlik disain paralleelvalmis ja seda saab \u00fchendada teise 2200-vatise inverteriga v\u00e4ljundv\u00f5imsuse suurendamiseks.<\/li>\n<li>LED-indikaatorid ja s\u00e4\u00e4sture\u017eiim k\u00fctuse s\u00e4\u00e4stmiseks.<\/li>\n<li>Madala \u00f5litaseme v\u00e4ljal\u00fclitusanduriga disainitud inverteril on 500 ml \u00f5limaht.<\/li>\n<\/ul>\n","protected":false},"featured_media":29808,"comment_status":"open","ping_status":"closed","template":"","meta":[],"product_brand":[],"product_cat":[237,150],"product_tag":[188,109,151],"class_list":{"0":"post-31136","1":"product","2":"type-product","3":"status-publish","4":"has-post-thumbnail","6":"product_cat-inverte-generaator","7":"product_cat-kahekutuselised-generaatorid","8":"product_tag-generaator","9":"product_tag-invertergeneraator","10":"product_tag-kahekutuseline","12":"first","13":"instock","14":"taxable","15":"shipping-taxable","16":"purchasable","17":"product-type-simple"},"yoast_head":"<!-- This site is optimized with the Yoast SEO Premium plugin v27.5 (Yoast SEO v27.5) - https:\/\/yoast.com\/product\/yoast-seo-premium-wordpress\/ -->\n<title>Champion The Mighty Atom 2200-vatine kahek\u00fctuseline invertergeneraator - Champion Baltics<\/title>\n<meta name=\"description\" content=\"Champion 2200W kahek\u00fctuseline invertergeneraator \u2013 17,6 kg, 58 dBA, kuni 34h LPG-ga, puhas siinusvool, 3a garantii.\" \/>\n<meta name=\"robots\" content=\"index, follow, max-snippet:-1, max-image-preview:large, max-video-preview:-1\" \/>\n<link rel=\"canonical\" href=\"https:\/\/championbaltics.com\/et\/toode\/champion-voimas-atom-2200-vatine-kahekutuseline-invertergeneraator\/\" \/>\n<meta property=\"og:locale\" content=\"et_EE\" \/>\n<meta property=\"og:type\" content=\"article\" \/>\n<meta property=\"og:title\" content=\"Champion The Mighty Atom 2200-vatine kahek\u00fctuseline invertergeneraator\" \/>\n<meta property=\"og:description\" content=\"Champion 2200W kahek\u00fctuseline invertergeneraator \u2013 17,6 kg, 58 dBA, kuni 34h LPG-ga, puhas siinusvool, 3a garantii.\" \/>\n<meta property=\"og:url\" content=\"https:\/\/championbaltics.com\/et\/toode\/champion-voimas-atom-2200-vatine-kahekutuseline-invertergeneraator\/\" \/>\n<meta property=\"og:site_name\" content=\"Champion Baltics\" \/>\n<meta property=\"article:publisher\" content=\"https:\/\/facebook.com\/championbaltics\" \/>\n<meta property=\"article:modified_time\" content=\"2026-04-28T11:44:26+00:00\" \/>\n<meta property=\"og:image\" content=\"https:\/\/championbaltics.com\/wp-content\/uploads\/2025\/08\/92001i-DF-EU-SC-scaled.webp\" \/>\n\t<meta property=\"og:image:width\" content=\"2560\" \/>\n\t<meta property=\"og:image:height\" content=\"2560\" \/>\n\t<meta property=\"og:image:type\" content=\"image\/jpeg\" \/>\n<meta name=\"twitter:card\" content=\"summary_large_image\" \/>\n<meta name=\"twitter:label1\" content=\"Price\" \/>\n\t<meta name=\"twitter:data1\" content=\"999,00&nbsp;&euro;\" \/>\n\t<meta name=\"twitter:label2\" content=\"Availability\" \/>\n\t<meta name=\"twitter:data2\" content=\"In stock\" \/>\n<script type=\"application\/ld+json\" class=\"yoast-schema-graph\">{\"@context\":\"https:\\\/\\\/schema.org\",\"@graph\":[{\"@type\":\"WebPage\",\"@id\":\"https:\\\/\\\/championbaltics.com\\\/et\\\/toode\\\/champion-voimas-atom-2200-vatine-kahekutuseline-invertergeneraator\\\/\",\"url\":\"https:\\\/\\\/championbaltics.com\\\/et\\\/toode\\\/champion-voimas-atom-2200-vatine-kahekutuseline-invertergeneraator\\\/\",\"name\":\"Champion The Mighty Atom 2200-vatine kahek\u00fctuseline invertergeneraator - Champion Baltics\",\"isPartOf\":{\"@id\":\"https:\\\/\\\/championbaltics.com\\\/et\\\/#website\"},\"primaryImageOfPage\":{\"@id\":\"https:\\\/\\\/championbaltics.com\\\/et\\\/toode\\\/champion-voimas-atom-2200-vatine-kahekutuseline-invertergeneraator\\\/#primaryimage\"},\"image\":{\"@id\":\"https:\\\/\\\/championbaltics.com\\\/et\\\/toode\\\/champion-voimas-atom-2200-vatine-kahekutuseline-invertergeneraator\\\/#primaryimage\"},\"thumbnailUrl\":\"https:\\\/\\\/championbaltics.com\\\/wp-content\\\/uploads\\\/2025\\\/08\\\/92001i-DF-EU-SC-scaled.webp\",\"datePublished\":\"2025-08-25T12:26:38+00:00\",\"dateModified\":\"2026-04-28T11:44:26+00:00\",\"description\":\"Champion 2200W kahek\u00fctuseline invertergeneraator \u2013 17,6 kg, 58 dBA, kuni 34h LPG-ga, puhas siinusvool, 3a garantii.\",\"breadcrumb\":{\"@id\":\"https:\\\/\\\/championbaltics.com\\\/et\\\/toode\\\/champion-voimas-atom-2200-vatine-kahekutuseline-invertergeneraator\\\/#breadcrumb\"},\"inLanguage\":\"et\",\"potentialAction\":[{\"@type\":\"ReadAction\",\"target\":[\"https:\\\/\\\/championbaltics.com\\\/et\\\/toode\\\/champion-voimas-atom-2200-vatine-kahekutuseline-invertergeneraator\\\/\"]}]},{\"@type\":\"ImageObject\",\"inLanguage\":\"et\",\"@id\":\"https:\\\/\\\/championbaltics.com\\\/et\\\/toode\\\/champion-voimas-atom-2200-vatine-kahekutuseline-invertergeneraator\\\/#primaryimage\",\"url\":\"https:\\\/\\\/championbaltics.com\\\/wp-content\\\/uploads\\\/2025\\\/08\\\/92001i-DF-EU-SC-scaled.webp\",\"contentUrl\":\"https:\\\/\\\/championbaltics.com\\\/wp-content\\\/uploads\\\/2025\\\/08\\\/92001i-DF-EU-SC-scaled.webp\",\"width\":2560,\"height\":2560},{\"@type\":\"BreadcrumbList\",\"@id\":\"https:\\\/\\\/championbaltics.com\\\/et\\\/toode\\\/champion-voimas-atom-2200-vatine-kahekutuseline-invertergeneraator\\\/#breadcrumb\",\"itemListElement\":[{\"@type\":\"ListItem\",\"position\":1,\"name\":\"Home\",\"item\":\"https:\\\/\\\/championbaltics.com\\\/et\\\/\"},{\"@type\":\"ListItem\",\"position\":2,\"name\":\"Pood\",\"item\":\"https:\\\/\\\/championbaltics.com\\\/et\\\/pood\\\/\"},{\"@type\":\"ListItem\",\"position\":3,\"name\":\"Champion The Mighty Atom 2200-vatine kahek\u00fctuseline invertergeneraator\"}]},{\"@type\":\"WebSite\",\"@id\":\"https:\\\/\\\/championbaltics.com\\\/et\\\/#website\",\"url\":\"https:\\\/\\\/championbaltics.com\\\/et\\\/\",\"name\":\"Champion Baltics\",\"description\":\"Power equipments\",\"publisher\":{\"@id\":\"https:\\\/\\\/championbaltics.com\\\/et\\\/#organization\"},\"alternateName\":\"Champion Power Equipment\",\"potentialAction\":[{\"@type\":\"SearchAction\",\"target\":{\"@type\":\"EntryPoint\",\"urlTemplate\":\"https:\\\/\\\/championbaltics.com\\\/et\\\/?s={search_term_string}\"},\"query-input\":{\"@type\":\"PropertyValueSpecification\",\"valueRequired\":true,\"valueName\":\"search_term_string\"}}],\"inLanguage\":\"et\"},{\"@type\":[\"Organization\",\"Place\"],\"@id\":\"https:\\\/\\\/championbaltics.com\\\/et\\\/#organization\",\"name\":\"Champion Baltics\",\"alternateName\":\"Champion Power Equipment\",\"url\":\"https:\\\/\\\/championbaltics.com\\\/et\\\/\",\"logo\":{\"@id\":\"https:\\\/\\\/championbaltics.com\\\/et\\\/toode\\\/champion-voimas-atom-2200-vatine-kahekutuseline-invertergeneraator\\\/#local-main-organization-logo\"},\"image\":{\"@id\":\"https:\\\/\\\/championbaltics.com\\\/et\\\/toode\\\/champion-voimas-atom-2200-vatine-kahekutuseline-invertergeneraator\\\/#local-main-organization-logo\"},\"sameAs\":[\"https:\\\/\\\/facebook.com\\\/championbaltics\"],\"description\":\"Champion power equipment representer of State of Baltics\",\"legalName\":\"T.O Engineering LLC\",\"foundingDate\":\"2015-01-07\",\"numberOfEmployees\":{\"@type\":\"QuantitativeValue\",\"minValue\":\"1\",\"maxValue\":\"10\"},\"hasMerchantReturnPolicy\":{\"@type\":\"MerchantReturnPolicy\",\"merchantReturnLink\":\"https:\\\/\\\/championbaltics.com\\\/refund_returns\\\/\"},\"address\":{\"@id\":\"https:\\\/\\\/championbaltics.com\\\/et\\\/toode\\\/champion-voimas-atom-2200-vatine-kahekutuseline-invertergeneraator\\\/#local-main-place-address\"},\"telephone\":[],\"contactPoint\":{\"@type\":\"ContactPoint\",\"telephone\":\"+3725204833\",\"email\":\"info@championbaltics.com\"},\"openingHoursSpecification\":[{\"@type\":\"OpeningHoursSpecification\",\"dayOfWeek\":[\"Monday\",\"Tuesday\",\"Wednesday\",\"Thursday\",\"Friday\",\"Saturday\",\"Sunday\"],\"opens\":\"09:00\",\"closes\":\"17:00\"}],\"email\":\"info@championbaltics.com\",\"vatID\":\"EE102032772\"},{\"@type\":\"PostalAddress\",\"@id\":\"https:\\\/\\\/championbaltics.com\\\/et\\\/toode\\\/champion-voimas-atom-2200-vatine-kahekutuseline-invertergeneraator\\\/#local-main-place-address\",\"streetAddress\":\"P\u00e4rnu mnt 144\",\"addressLocality\":\"Tallinn\",\"postalCode\":\"11317\",\"addressRegion\":\"Harju\",\"addressCountry\":\"EE\"},{\"@type\":\"ImageObject\",\"inLanguage\":\"et\",\"@id\":\"https:\\\/\\\/championbaltics.com\\\/et\\\/toode\\\/champion-voimas-atom-2200-vatine-kahekutuseline-invertergeneraator\\\/#local-main-organization-logo\",\"url\":\"https:\\\/\\\/championbaltics.com\\\/wp-content\\\/uploads\\\/2025\\\/08\\\/cropped-ChampionBalticsLogo.webp\",\"contentUrl\":\"https:\\\/\\\/championbaltics.com\\\/wp-content\\\/uploads\\\/2025\\\/08\\\/cropped-ChampionBalticsLogo.webp\",\"width\":512,\"height\":512,\"caption\":\"Champion Baltics\"}]}<\/script>\n<meta property=\"product:price:amount\" content=\"999.00\" \/>\n<meta property=\"product:price:currency\" content=\"EUR\" \/>\n<meta property=\"og:availability\" content=\"instock\" \/>\n<meta property=\"product:availability\" content=\"instock\" \/>\n<meta property=\"product:retailer_item_id\" content=\"92001i-DF-EU-SC\" \/>\n<meta property=\"product:condition\" content=\"new\" \/>\n<meta name=\"geo.placename\" content=\"Tallinn\" \/>\n<meta name=\"geo.region\" content=\"Estonia\" \/>\n<!-- \/ Yoast SEO Premium plugin. -->","yoast_head_json":{"title":"Champion The Mighty Atom 2200-vatine kahek\u00fctuseline invertergeneraator - Champion Baltics","description":"Champion 2200W kahek\u00fctuseline invertergeneraator \u2013 17,6 kg, 58 dBA, kuni 34h LPG-ga, puhas siinusvool, 3a garantii.","robots":{"index":"index","follow":"follow","max-snippet":"max-snippet:-1","max-image-preview":"max-image-preview:large","max-video-preview":"max-video-preview:-1"},"canonical":"https:\/\/championbaltics.com\/et\/toode\/champion-voimas-atom-2200-vatine-kahekutuseline-invertergeneraator\/","og_locale":"et_EE","og_type":"article","og_title":"Champion The Mighty Atom 2200-vatine kahek\u00fctuseline invertergeneraator","og_description":"Champion 2200W kahek\u00fctuseline invertergeneraator \u2013 17,6 kg, 58 dBA, kuni 34h LPG-ga, puhas siinusvool, 3a garantii.","og_url":"https:\/\/championbaltics.com\/et\/toode\/champion-voimas-atom-2200-vatine-kahekutuseline-invertergeneraator\/","og_site_name":"Champion Baltics","article_publisher":"https:\/\/facebook.com\/championbaltics","article_modified_time":"2026-04-28T11:44:26+00:00","og_image":[{"width":2560,"height":2560,"url":"https:\/\/championbaltics.com\/wp-content\/uploads\/2025\/08\/92001i-DF-EU-SC-scaled.webp","type":"image\/jpeg"}],"twitter_card":"summary_large_image","twitter_misc":{"Price":"999,00&nbsp;&euro;","Availability":"In stock"},"schema":{"@context":"https:\/\/schema.org","@graph":[{"@type":"WebPage","@id":"https:\/\/championbaltics.com\/et\/toode\/champion-voimas-atom-2200-vatine-kahekutuseline-invertergeneraator\/","url":"https:\/\/championbaltics.com\/et\/toode\/champion-voimas-atom-2200-vatine-kahekutuseline-invertergeneraator\/","name":"Champion The Mighty Atom 2200-vatine kahek\u00fctuseline invertergeneraator - Champion Baltics","isPartOf":{"@id":"https:\/\/championbaltics.com\/et\/#website"},"primaryImageOfPage":{"@id":"https:\/\/championbaltics.com\/et\/toode\/champion-voimas-atom-2200-vatine-kahekutuseline-invertergeneraator\/#primaryimage"},"image":{"@id":"https:\/\/championbaltics.com\/et\/toode\/champion-voimas-atom-2200-vatine-kahekutuseline-invertergeneraator\/#primaryimage"},"thumbnailUrl":"https:\/\/championbaltics.com\/wp-content\/uploads\/2025\/08\/92001i-DF-EU-SC-scaled.webp","datePublished":"2025-08-25T12:26:38+00:00","dateModified":"2026-04-28T11:44:26+00:00","description":"Champion 2200W kahek\u00fctuseline invertergeneraator \u2013 17,6 kg, 58 dBA, kuni 34h LPG-ga, puhas siinusvool, 3a garantii.","breadcrumb":{"@id":"https:\/\/championbaltics.com\/et\/toode\/champion-voimas-atom-2200-vatine-kahekutuseline-invertergeneraator\/#breadcrumb"},"inLanguage":"et","potentialAction":[{"@type":"ReadAction","target":["https:\/\/championbaltics.com\/et\/toode\/champion-voimas-atom-2200-vatine-kahekutuseline-invertergeneraator\/"]}]},{"@type":"ImageObject","inLanguage":"et","@id":"https:\/\/championbaltics.com\/et\/toode\/champion-voimas-atom-2200-vatine-kahekutuseline-invertergeneraator\/#primaryimage","url":"https:\/\/championbaltics.com\/wp-content\/uploads\/2025\/08\/92001i-DF-EU-SC-scaled.webp","contentUrl":"https:\/\/championbaltics.com\/wp-content\/uploads\/2025\/08\/92001i-DF-EU-SC-scaled.webp","width":2560,"height":2560},{"@type":"BreadcrumbList","@id":"https:\/\/championbaltics.com\/et\/toode\/champion-voimas-atom-2200-vatine-kahekutuseline-invertergeneraator\/#breadcrumb","itemListElement":[{"@type":"ListItem","position":1,"name":"Home","item":"https:\/\/championbaltics.com\/et\/"},{"@type":"ListItem","position":2,"name":"Pood","item":"https:\/\/championbaltics.com\/et\/pood\/"},{"@type":"ListItem","position":3,"name":"Champion The Mighty Atom 2200-vatine kahek\u00fctuseline invertergeneraator"}]},{"@type":"WebSite","@id":"https:\/\/championbaltics.com\/et\/#website","url":"https:\/\/championbaltics.com\/et\/","name":"Champion Baltics","description":"Power equipments","publisher":{"@id":"https:\/\/championbaltics.com\/et\/#organization"},"alternateName":"Champion Power Equipment","potentialAction":[{"@type":"SearchAction","target":{"@type":"EntryPoint","urlTemplate":"https:\/\/championbaltics.com\/et\/?s={search_term_string}"},"query-input":{"@type":"PropertyValueSpecification","valueRequired":true,"valueName":"search_term_string"}}],"inLanguage":"et"},{"@type":["Organization","Place"],"@id":"https:\/\/championbaltics.com\/et\/#organization","name":"Champion Baltics","alternateName":"Champion Power Equipment","url":"https:\/\/championbaltics.com\/et\/","logo":{"@id":"https:\/\/championbaltics.com\/et\/toode\/champion-voimas-atom-2200-vatine-kahekutuseline-invertergeneraator\/#local-main-organization-logo"},"image":{"@id":"https:\/\/championbaltics.com\/et\/toode\/champion-voimas-atom-2200-vatine-kahekutuseline-invertergeneraator\/#local-main-organization-logo"},"sameAs":["https:\/\/facebook.com\/championbaltics"],"description":"Champion power equipment representer of State of Baltics","legalName":"T.O Engineering LLC","foundingDate":"2015-01-07","numberOfEmployees":{"@type":"QuantitativeValue","minValue":"1","maxValue":"10"},"hasMerchantReturnPolicy":{"@type":"MerchantReturnPolicy","merchantReturnLink":"https:\/\/championbaltics.com\/refund_returns\/"},"address":{"@id":"https:\/\/championbaltics.com\/et\/toode\/champion-voimas-atom-2200-vatine-kahekutuseline-invertergeneraator\/#local-main-place-address"},"telephone":[],"contactPoint":{"@type":"ContactPoint","telephone":"+3725204833","email":"info@championbaltics.com"},"openingHoursSpecification":[{"@type":"OpeningHoursSpecification","dayOfWeek":["Monday","Tuesday","Wednesday","Thursday","Friday","Saturday","Sunday"],"opens":"09:00","closes":"17:00"}],"email":"info@championbaltics.com","vatID":"EE102032772"},{"@type":"PostalAddress","@id":"https:\/\/championbaltics.com\/et\/toode\/champion-voimas-atom-2200-vatine-kahekutuseline-invertergeneraator\/#local-main-place-address","streetAddress":"P\u00e4rnu mnt 144","addressLocality":"Tallinn","postalCode":"11317","addressRegion":"Harju","addressCountry":"EE"},{"@type":"ImageObject","inLanguage":"et","@id":"https:\/\/championbaltics.com\/et\/toode\/champion-voimas-atom-2200-vatine-kahekutuseline-invertergeneraator\/#local-main-organization-logo","url":"https:\/\/championbaltics.com\/wp-content\/uploads\/2025\/08\/cropped-ChampionBalticsLogo.webp","contentUrl":"https:\/\/championbaltics.com\/wp-content\/uploads\/2025\/08\/cropped-ChampionBalticsLogo.webp","width":512,"height":512,"caption":"Champion Baltics"}]},"product_price_amount":"999.00","product_price_currency":"EUR","og_availability":"instock","product_availability":"instock","product_retailer_item_id":"92001i-DF-EU-SC","product_condition":"new","geo.placename":"Tallinn","geo.region":"Estonia"},"_links":{"self":[{"href":"https:\/\/championbaltics.com\/et\/wp-json\/wp\/v2\/product\/31136","targetHints":{"allow":["GET"]}}],"collection":[{"href":"https:\/\/championbaltics.com\/et\/wp-json\/wp\/v2\/product"}],"about":[{"href":"https:\/\/championbaltics.com\/et\/wp-json\/wp\/v2\/types\/product"}],"replies":[{"embeddable":true,"href":"https:\/\/championbaltics.com\/et\/wp-json\/wp\/v2\/comments?post=31136"}],"version-history":[{"count":8,"href":"https:\/\/championbaltics.com\/et\/wp-json\/wp\/v2\/product\/31136\/revisions"}],"predecessor-version":[{"id":34134,"href":"https:\/\/championbaltics.com\/et\/wp-json\/wp\/v2\/product\/31136\/revisions\/34134"}],"wp:featuredmedia":[{"embeddable":true,"href":"https:\/\/championbaltics.com\/et\/wp-json\/wp\/v2\/media\/29808"}],"wp:attachment":[{"href":"https:\/\/championbaltics.com\/et\/wp-json\/wp\/v2\/media?parent=31136"}],"wp:term":[{"taxonomy":"product_brand","embeddable":true,"href":"https:\/\/championbaltics.com\/et\/wp-json\/wp\/v2\/product_brand?post=31136"},{"taxonomy":"product_cat","embeddable":true,"href":"https:\/\/championbaltics.com\/et\/wp-json\/wp\/v2\/product_cat?post=31136"},{"taxonomy":"product_tag","embeddable":true,"href":"https:\/\/championbaltics.com\/et\/wp-json\/wp\/v2\/product_tag?post=31136"}],"curies":[{"name":"wp","href":"https:\/\/api.w.org\/{rel}","templated":true}]}}