{"id":32948,"date":"2025-11-17T09:39:37","date_gmt":"2025-11-17T09:39:37","guid":{"rendered":"https:\/\/championbaltics.com\/toode\/gladiator-r-type-12500-elektrivints\/"},"modified":"2025-11-17T09:39:37","modified_gmt":"2025-11-17T09:39:37","slug":"gladiator-r-type-12500-elektrivints","status":"publish","type":"product","link":"https:\/\/championbaltics.com\/et\/toode\/gladiator-r-type-12500-elektrivints\/","title":{"rendered":"Gladiator R-Type 12500 elektrivints"},"content":{"rendered":"<div class=\"elementor-element elementor-element-bff7dea elementor-widget elementor-widget-theme-post-title elementor-page-title elementor-widget-heading\" data-id=\"bff7dea\" data-element_type=\"widget\" data-widget_type=\"theme-post-title.default\">\n<div class=\"elementor-element elementor-element-bff7dea elementor-widget elementor-widget-theme-post-title elementor-page-title elementor-widget-heading\" data-id=\"bff7dea\" data-element_type=\"widget\" data-widget_type=\"theme-post-title.default\">\n<div class=\"elementor-element elementor-element-bff7dea elementor-widget elementor-widget-theme-post-title elementor-page-title elementor-widget-heading\" data-id=\"bff7dea\" data-element_type=\"widget\" data-widget_type=\"theme-post-title.default\">\n<div class=\"elementor-element elementor-element-bff7dea elementor-widget elementor-widget-theme-post-title elementor-page-title elementor-widget-heading\" data-id=\"bff7dea\" data-element_type=\"widget\" data-widget_type=\"theme-post-title.default\">\n<div class=\"elementor-element elementor-element-bff7dea elementor-widget elementor-widget-theme-post-title elementor-page-title elementor-widget-heading\" data-id=\"bff7dea\" data-element_type=\"widget\" data-widget_type=\"theme-post-title.default\">\n<div class=\"elementor-element elementor-element-bff7dea elementor-widget elementor-widget-theme-post-title elementor-page-title elementor-widget-heading\" data-id=\"bff7dea\" data-element_type=\"widget\" data-widget_type=\"theme-post-title.default\">\n<div class=\"elementor-element elementor-element-bff7dea elementor-widget elementor-widget-theme-post-title elementor-page-title elementor-widget-heading\" data-id=\"bff7dea\" data-element_type=\"widget\" data-widget_type=\"theme-post-title.default\">\n<div class=\"elementor-element elementor-element-bff7dea elementor-widget elementor-widget-theme-post-title elementor-page-title elementor-widget-heading\" data-id=\"bff7dea\" data-element_type=\"widget\" data-widget_type=\"theme-post-title.default\">\n<div class=\"elementor-element elementor-element-bff7dea elementor-widget elementor-widget-theme-post-title elementor-page-title elementor-widget-heading\" data-id=\"bff7dea\" data-element_type=\"widget\" data-widget_type=\"theme-post-title.default\">\n<div class=\"elementor-element elementor-element-bff7dea elementor-widget elementor-widget-theme-post-title elementor-page-title elementor-widget-heading\" data-id=\"bff7dea\" data-element_type=\"widget\" data-widget_type=\"theme-post-title.default\">\n<div class=\"elementor-element elementor-element-bff7dea elementor-widget elementor-widget-theme-post-title elementor-page-title elementor-widget-heading\" data-id=\"bff7dea\" data-element_type=\"widget\" data-widget_type=\"theme-post-title.default\">\n<div class=\"elementor-element elementor-element-bff7dea elementor-widget elementor-widget-theme-post-title elementor-page-title elementor-widget-heading\" data-id=\"bff7dea\" data-element_type=\"widget\" data-widget_type=\"theme-post-title.default\">\n<div class=\"elementor-element elementor-element-bff7dea elementor-widget elementor-widget-theme-post-title elementor-page-title elementor-widget-heading\" data-id=\"bff7dea\" data-element_type=\"widget\" data-widget_type=\"theme-post-title.default\">\n<div class=\"elementor-element elementor-element-bff7dea elementor-widget elementor-widget-theme-post-title elementor-page-title elementor-widget-heading\" data-id=\"bff7dea\" data-element_type=\"widget\" data-widget_type=\"theme-post-title.default\">\n<div class=\"elementor-element elementor-element-bff7dea elementor-widget elementor-widget-theme-post-title elementor-page-title elementor-widget-heading\" data-id=\"bff7dea\" data-element_type=\"widget\" data-widget_type=\"theme-post-title.default\">\n<div class=\"elementor-element elementor-element-bff7dea elementor-widget elementor-widget-theme-post-title elementor-page-title elementor-widget-heading\" data-id=\"bff7dea\" data-element_type=\"widget\" data-widget_type=\"theme-post-title.default\">\n<div class=\"elementor-element elementor-element-bff7dea elementor-widget elementor-widget-theme-post-title elementor-page-title elementor-widget-heading\" data-id=\"bff7dea\" data-element_type=\"widget\" data-widget_type=\"theme-post-title.default\">\n<div class=\"elementor-element elementor-element-bff7dea elementor-widget elementor-widget-theme-post-title elementor-page-title elementor-widget-heading\" data-id=\"bff7dea\" data-element_type=\"widget\" data-widget_type=\"theme-post-title.default\">\n<div class=\"elementor-element elementor-element-bff7dea elementor-widget elementor-widget-theme-post-title elementor-page-title elementor-widget-heading\" data-id=\"bff7dea\" data-element_type=\"widget\" data-widget_type=\"theme-post-title.default\">\n<div class=\"elementor-element elementor-element-bff7dea elementor-widget elementor-widget-theme-post-title elementor-page-title elementor-widget-heading\" data-id=\"bff7dea\" data-element_type=\"widget\" data-widget_type=\"theme-post-title.default\">\n<h2>Gladiator R-Type 12500 elektrivints<\/h2>\n<p>Gladiator 12V 12500 naela elektrivints on osa meie uuest Premium Vintside seeriast, mis sobib ideaalselt maastikus\u00f5idukitele, haagistele, veoautodele, Jeepidele, maasturitele, 4&#215;4-dele ja v\u00e4iksemateks p\u00e4\u00e4steoperatsioonideks.<\/p>\n<p>Warriori Gladiator vintsid j\u00e4tkavad vintsimise \u00fcmberm\u00e4\u00e4ratlemist v\u00f5rratu vastupidavuse, j\u00f5udluse ja stiiliga. Sisseehitatud 2-in-1 juhtmega\/juhtmevaba laetav puldis\u00fcsteem muudab vintsimise lihtsaks kuni 15 meetri kauguselt. Termiline \u00fclekoormuskaitse tagab, et ei pea muretsema \u00fclekuumenemise ja kahjustuste p\u00e4rast \u00e4\u00e4rmuslikes tingimustes ja pikkade, raskete t\u00f5mmete ajal.  <\/p>\n<p>Meie revolutsiooniline v\u00e4line piduris\u00fcsteem hoiab soojuse trumlist eemal, v\u00e4hendades vintsin\u00f6\u00f6rile avalduvat pinget ja kulumist, samas kui meie HRC50 t\u00e4isterasest hammasrattad pakuvad \u00fclimat vastupidavust ja k\u00f5rget efektiivsust p\u00fcsiva t\u00f5mbej\u00f5u jaoks.<\/p>\n<p>Ulatuslik IP68 veekindlus koos h\u00f5be-vask mootoriga ja vaskharjahoidikutega ning vastupidav kate ja roostevabast terasest kinnitusdetailid tagavad suurep\u00e4rase korrosioonikindluse.<\/p>\n<p>Lisaks sellele pakume piiratud eluaegset garantiid koos 7-aastase garantiiga elektrikomponentidele ja \u00fcleriigilisi tugikeskusi t\u00e4ielikuks meelerahus.<\/p>\n<p>Need vintsid on meie parim premium valik heal p\u00f5hjusel ja n\u00e4evad v\u00e4lja sama head kui nende sooritusv\u00f5ime.<\/p>\n<\/div>\n<\/div>\n<\/div>\n<\/div>\n<\/div>\n<\/div>\n<\/div>\n<\/div>\n<\/div>\n<\/div>\n<\/div>\n<\/div>\n<\/div>\n<\/div>\n<\/div>\n<\/div>\n<\/div>\n<\/div>\n<\/div>\n<\/div>\n","protected":false},"excerpt":{"rendered":"<p>Gladiator 12V 12500 naela elektrivints on osa meie uuest Premium Vintside seeriast, mis sobib ideaalselt maastikus\u00f5idukitele, haagistele, veoautodele, Jeepidele, maasturitele, 4&#215;4-dele ja v\u00e4iksemateks p\u00e4\u00e4steoperatsioonideks.<\/p>\n<p>Omadused:<\/p>\n<p>Mootor ja k\u00e4igukast on t\u00e4ielikult kaitstud metallkestaga ning oleme teinud lisakaitse, kattes juhtploki tugeva alumiiniumiga maksimaalse kaitse tagamiseks.<br \/>\nVastupidav alumiiniumkate, v\u00e4line korrosioonivastane pulberkate ja roostevabast terasest kinnitusdetailid tagavad erakordse korrosioonikindluse \u00fcle 480 tunni soolaudu testis.<br \/>\n2-in-1 juhtmega\/juhtmevaba laetav pult lihtsaks kasutamiseks igas olukorras. USB-laadimiskaabel v\u00f5imaldab pulti laadida teie s\u00f5idukis.<br \/>\nTermiline \u00fclekoormuskaitse s\u00fcsteem hoiab \u00e4ra vintsi kahjustused, tagades meelerahu, et teie vints on kaitstud \u00e4\u00e4rmuslikes kasutustingimustes<br \/>\nWarriori v\u00f5imas mootor ja k\u00e4igukast tagavad k\u00f5rge j\u00f5udluse ja v\u00f5imsa t\u00f5mbev\u00f5ime, s\u00e4ilitades samal ajal \u00fclimadala voolutarbe, et aku ei t\u00fchjeneks.<br \/>\nMuljetavaldav koormuseta liinikiirus 8,5 m\/min on selles segmendis kiireim.<br \/>\n600-amprine h\u00f5betipuga kontaktor tagab suurema elektrilise efektiivsuse ja talub k\u00f5rgemaid temperatuure, samas kui madala korrosiooniga h\u00f5be-vask mootor vaskharjahoidikutega tagab pikema mootori eluea.<br \/>\nHRC50 t\u00e4isterasest hammasrattad tagavad \u00fclimat vastupidavust ja pika eluea.<br \/>\nUlatuslik veekindel tihendus IP68 standardi j\u00e4rgi hoiab vee ja ilmastiku eemal.<br \/>\nMeie revolutsiooniline v\u00e4line piduris\u00fcsteem t\u00e4hendab, et vintsin\u00f6\u00f6rile kantakse \u00fcle v\u00e4hem soojust ja pinget, pikendades selle eluiga ning tagades maksimaalse tootluse ja rahalist v\u00e4\u00e4rtust.<br \/>\nSuur terasest vintsitrummel v\u00e4hendab Armortek Extreme s\u00fcnteetilise k\u00f6ie kulumist.<br \/>\nRoostevabast terasest kinnitusdetailid, ulatuslik tihendus ja vastupidav v\u00e4line korrosioonivastane pulberkate tagavad suurep\u00e4rase korrosioonikindluse.<\/p>\n","protected":false},"featured_media":32902,"comment_status":"open","ping_status":"closed","template":"","meta":[],"product_brand":[292],"product_cat":[328],"product_tag":[330,332,333,331,329],"class_list":{"0":"post-32948","1":"product","2":"type-product","3":"status-publish","4":"has-post-thumbnail","6":"product_brand-warrior-winches","7":"product_cat-vintsid","8":"product_tag-elektrivints","9":"product_tag-gladiator","10":"product_tag-professionaalne","11":"product_tag-terastross","12":"product_tag-vints","14":"first","15":"instock","16":"taxable","17":"shipping-taxable","18":"purchasable","19":"product-type-simple"},"yoast_head":"<!-- This site is optimized with the Yoast SEO Premium plugin v27.5 (Yoast SEO v27.5) - https:\/\/yoast.com\/product\/yoast-seo-premium-wordpress\/ -->\n<title>Gladiator R-Type 12500 elektrivints - Champion Baltics<\/title>\n<meta name=\"description\" content=\"Gladiator R-Type 12500 elektrivints \u2013 premium 12V vints maastikus\u00f5idukitele, 4x4-dele, veoautodele ja p\u00e4\u00e4steoperatsioonideks. Sisaldab 2-in-1 juhtmevaba pulti, \u00fclekuumenemiskaitset, v\u00e4list piduris\u00fcsteemi, IP68 veekindlust ja eluaegset garantiid.\" \/>\n<meta name=\"robots\" content=\"index, follow, max-snippet:-1, max-image-preview:large, max-video-preview:-1\" \/>\n<link rel=\"canonical\" href=\"https:\/\/championbaltics.com\/et\/toode\/gladiator-r-type-12500-elektrivints\/\" \/>\n<meta property=\"og:locale\" content=\"et_EE\" \/>\n<meta property=\"og:type\" content=\"article\" \/>\n<meta property=\"og:title\" content=\"Gladiator R-Type 12500 elektrivints\" \/>\n<meta property=\"og:description\" content=\"Gladiator R-Type 12500 elektrivints \u2013 premium 12V vints maastikus\u00f5idukitele, 4x4-dele, veoautodele ja p\u00e4\u00e4steoperatsioonideks. Sisaldab 2-in-1 juhtmevaba pulti, \u00fclekuumenemiskaitset, v\u00e4list piduris\u00fcsteemi, IP68 veekindlust ja eluaegset garantiid.\" \/>\n<meta property=\"og:url\" content=\"https:\/\/championbaltics.com\/et\/toode\/gladiator-r-type-12500-elektrivints\/\" \/>\n<meta property=\"og:site_name\" content=\"Champion Baltics\" \/>\n<meta property=\"article:publisher\" content=\"https:\/\/facebook.com\/championbaltics\" \/>\n<meta property=\"og:image\" content=\"https:\/\/championbaltics.com\/wp-content\/uploads\/2025\/11\/Galdiator_12RTS12_front_view.webp\" \/>\n\t<meta property=\"og:image:width\" content=\"773\" \/>\n\t<meta property=\"og:image:height\" content=\"442\" \/>\n\t<meta property=\"og:image:type\" content=\"image\/webp\" \/>\n<meta name=\"twitter:card\" content=\"summary_large_image\" \/>\n<meta name=\"twitter:label1\" content=\"Price\" \/>\n\t<meta name=\"twitter:data1\" content=\"899,00&nbsp;&euro;\" \/>\n\t<meta name=\"twitter:label2\" content=\"Availability\" \/>\n\t<meta name=\"twitter:data2\" content=\"In stock\" \/>\n<script type=\"application\/ld+json\" class=\"yoast-schema-graph\">{\"@context\":\"https:\\\/\\\/schema.org\",\"@graph\":[{\"@type\":\"WebPage\",\"@id\":\"https:\\\/\\\/championbaltics.com\\\/et\\\/toode\\\/gladiator-r-type-12500-elektrivints\\\/\",\"url\":\"https:\\\/\\\/championbaltics.com\\\/et\\\/toode\\\/gladiator-r-type-12500-elektrivints\\\/\",\"name\":\"Gladiator R-Type 12500 elektrivints - Champion Baltics\",\"isPartOf\":{\"@id\":\"https:\\\/\\\/championbaltics.com\\\/et\\\/#website\"},\"primaryImageOfPage\":{\"@id\":\"https:\\\/\\\/championbaltics.com\\\/et\\\/toode\\\/gladiator-r-type-12500-elektrivints\\\/#primaryimage\"},\"image\":{\"@id\":\"https:\\\/\\\/championbaltics.com\\\/et\\\/toode\\\/gladiator-r-type-12500-elektrivints\\\/#primaryimage\"},\"thumbnailUrl\":\"https:\\\/\\\/championbaltics.com\\\/wp-content\\\/uploads\\\/2025\\\/11\\\/Galdiator_12RTS12_front_view.webp\",\"datePublished\":\"2025-11-17T09:39:37+00:00\",\"description\":\"Gladiator R-Type 12500 elektrivints \u2013 premium 12V vints maastikus\u00f5idukitele, 4x4-dele, veoautodele ja p\u00e4\u00e4steoperatsioonideks. Sisaldab 2-in-1 juhtmevaba pulti, \u00fclekuumenemiskaitset, v\u00e4list piduris\u00fcsteemi, IP68 veekindlust ja eluaegset garantiid.\",\"breadcrumb\":{\"@id\":\"https:\\\/\\\/championbaltics.com\\\/et\\\/toode\\\/gladiator-r-type-12500-elektrivints\\\/#breadcrumb\"},\"inLanguage\":\"et\",\"potentialAction\":[{\"@type\":\"ReadAction\",\"target\":[\"https:\\\/\\\/championbaltics.com\\\/et\\\/toode\\\/gladiator-r-type-12500-elektrivints\\\/\"]}]},{\"@type\":\"ImageObject\",\"inLanguage\":\"et\",\"@id\":\"https:\\\/\\\/championbaltics.com\\\/et\\\/toode\\\/gladiator-r-type-12500-elektrivints\\\/#primaryimage\",\"url\":\"https:\\\/\\\/championbaltics.com\\\/wp-content\\\/uploads\\\/2025\\\/11\\\/Galdiator_12RTS12_front_view.webp\",\"contentUrl\":\"https:\\\/\\\/championbaltics.com\\\/wp-content\\\/uploads\\\/2025\\\/11\\\/Galdiator_12RTS12_front_view.webp\",\"width\":773,\"height\":442},{\"@type\":\"BreadcrumbList\",\"@id\":\"https:\\\/\\\/championbaltics.com\\\/et\\\/toode\\\/gladiator-r-type-12500-elektrivints\\\/#breadcrumb\",\"itemListElement\":[{\"@type\":\"ListItem\",\"position\":1,\"name\":\"Home\",\"item\":\"https:\\\/\\\/championbaltics.com\\\/et\\\/\"},{\"@type\":\"ListItem\",\"position\":2,\"name\":\"Pood\",\"item\":\"https:\\\/\\\/championbaltics.com\\\/et\\\/pood\\\/\"},{\"@type\":\"ListItem\",\"position\":3,\"name\":\"Gladiator R-Type 12500 elektrivints\"}]},{\"@type\":\"WebSite\",\"@id\":\"https:\\\/\\\/championbaltics.com\\\/et\\\/#website\",\"url\":\"https:\\\/\\\/championbaltics.com\\\/et\\\/\",\"name\":\"Champion Baltics\",\"description\":\"Power equipments\",\"publisher\":{\"@id\":\"https:\\\/\\\/championbaltics.com\\\/et\\\/#organization\"},\"alternateName\":\"Champion Power Equipment\",\"potentialAction\":[{\"@type\":\"SearchAction\",\"target\":{\"@type\":\"EntryPoint\",\"urlTemplate\":\"https:\\\/\\\/championbaltics.com\\\/et\\\/?s={search_term_string}\"},\"query-input\":{\"@type\":\"PropertyValueSpecification\",\"valueRequired\":true,\"valueName\":\"search_term_string\"}}],\"inLanguage\":\"et\"},{\"@type\":[\"Organization\",\"Place\"],\"@id\":\"https:\\\/\\\/championbaltics.com\\\/et\\\/#organization\",\"name\":\"Champion Baltics\",\"alternateName\":\"Champion Power Equipment\",\"url\":\"https:\\\/\\\/championbaltics.com\\\/et\\\/\",\"logo\":{\"@id\":\"https:\\\/\\\/championbaltics.com\\\/et\\\/toode\\\/gladiator-r-type-12500-elektrivints\\\/#local-main-organization-logo\"},\"image\":{\"@id\":\"https:\\\/\\\/championbaltics.com\\\/et\\\/toode\\\/gladiator-r-type-12500-elektrivints\\\/#local-main-organization-logo\"},\"sameAs\":[\"https:\\\/\\\/facebook.com\\\/championbaltics\"],\"description\":\"Champion power equipment representer of State of Baltics\",\"legalName\":\"T.O Engineering LLC\",\"foundingDate\":\"2015-01-07\",\"numberOfEmployees\":{\"@type\":\"QuantitativeValue\",\"minValue\":\"1\",\"maxValue\":\"10\"},\"hasMerchantReturnPolicy\":{\"@type\":\"MerchantReturnPolicy\",\"merchantReturnLink\":\"https:\\\/\\\/championbaltics.com\\\/refund_returns\\\/\"},\"address\":{\"@id\":\"https:\\\/\\\/championbaltics.com\\\/et\\\/toode\\\/gladiator-r-type-12500-elektrivints\\\/#local-main-place-address\"},\"telephone\":[],\"contactPoint\":{\"@type\":\"ContactPoint\",\"telephone\":\"+3725204833\",\"email\":\"info@championbaltics.com\"},\"openingHoursSpecification\":[{\"@type\":\"OpeningHoursSpecification\",\"dayOfWeek\":[\"Monday\",\"Tuesday\",\"Wednesday\",\"Thursday\",\"Friday\",\"Saturday\",\"Sunday\"],\"opens\":\"09:00\",\"closes\":\"17:00\"}],\"email\":\"info@championbaltics.com\",\"vatID\":\"EE102032772\"},{\"@type\":\"PostalAddress\",\"@id\":\"https:\\\/\\\/championbaltics.com\\\/et\\\/toode\\\/gladiator-r-type-12500-elektrivints\\\/#local-main-place-address\",\"streetAddress\":\"P\u00e4rnu mnt 144\",\"addressLocality\":\"Tallinn\",\"postalCode\":\"11317\",\"addressRegion\":\"Harju\",\"addressCountry\":\"EE\"},{\"@type\":\"ImageObject\",\"inLanguage\":\"et\",\"@id\":\"https:\\\/\\\/championbaltics.com\\\/et\\\/toode\\\/gladiator-r-type-12500-elektrivints\\\/#local-main-organization-logo\",\"url\":\"https:\\\/\\\/championbaltics.com\\\/wp-content\\\/uploads\\\/2025\\\/08\\\/cropped-ChampionBalticsLogo.webp\",\"contentUrl\":\"https:\\\/\\\/championbaltics.com\\\/wp-content\\\/uploads\\\/2025\\\/08\\\/cropped-ChampionBalticsLogo.webp\",\"width\":512,\"height\":512,\"caption\":\"Champion Baltics\"}]}<\/script>\n<meta property=\"product:brand\" content=\"Warrior Winches\" \/>\n<meta property=\"product:price:amount\" content=\"899.00\" \/>\n<meta property=\"product:price:currency\" content=\"EUR\" \/>\n<meta property=\"og:availability\" content=\"instock\" \/>\n<meta property=\"product:availability\" content=\"instock\" \/>\n<meta property=\"product:retailer_item_id\" content=\"12RTS12\" \/>\n<meta property=\"product:condition\" content=\"new\" \/>\n<meta name=\"geo.placename\" content=\"Tallinn\" \/>\n<meta name=\"geo.region\" content=\"Estonia\" \/>\n<!-- \/ Yoast SEO Premium plugin. -->","yoast_head_json":{"title":"Gladiator R-Type 12500 elektrivints - Champion Baltics","description":"Gladiator R-Type 12500 elektrivints \u2013 premium 12V vints maastikus\u00f5idukitele, 4x4-dele, veoautodele ja p\u00e4\u00e4steoperatsioonideks. Sisaldab 2-in-1 juhtmevaba pulti, \u00fclekuumenemiskaitset, v\u00e4list piduris\u00fcsteemi, IP68 veekindlust ja eluaegset garantiid.","robots":{"index":"index","follow":"follow","max-snippet":"max-snippet:-1","max-image-preview":"max-image-preview:large","max-video-preview":"max-video-preview:-1"},"canonical":"https:\/\/championbaltics.com\/et\/toode\/gladiator-r-type-12500-elektrivints\/","og_locale":"et_EE","og_type":"article","og_title":"Gladiator R-Type 12500 elektrivints","og_description":"Gladiator R-Type 12500 elektrivints \u2013 premium 12V vints maastikus\u00f5idukitele, 4x4-dele, veoautodele ja p\u00e4\u00e4steoperatsioonideks. Sisaldab 2-in-1 juhtmevaba pulti, \u00fclekuumenemiskaitset, v\u00e4list piduris\u00fcsteemi, IP68 veekindlust ja eluaegset garantiid.","og_url":"https:\/\/championbaltics.com\/et\/toode\/gladiator-r-type-12500-elektrivints\/","og_site_name":"Champion Baltics","article_publisher":"https:\/\/facebook.com\/championbaltics","og_image":[{"width":773,"height":442,"url":"https:\/\/championbaltics.com\/wp-content\/uploads\/2025\/11\/Galdiator_12RTS12_front_view.webp","type":"image\/webp"}],"twitter_card":"summary_large_image","twitter_misc":{"Price":"899,00&nbsp;&euro;","Availability":"In stock"},"schema":{"@context":"https:\/\/schema.org","@graph":[{"@type":"WebPage","@id":"https:\/\/championbaltics.com\/et\/toode\/gladiator-r-type-12500-elektrivints\/","url":"https:\/\/championbaltics.com\/et\/toode\/gladiator-r-type-12500-elektrivints\/","name":"Gladiator R-Type 12500 elektrivints - Champion Baltics","isPartOf":{"@id":"https:\/\/championbaltics.com\/et\/#website"},"primaryImageOfPage":{"@id":"https:\/\/championbaltics.com\/et\/toode\/gladiator-r-type-12500-elektrivints\/#primaryimage"},"image":{"@id":"https:\/\/championbaltics.com\/et\/toode\/gladiator-r-type-12500-elektrivints\/#primaryimage"},"thumbnailUrl":"https:\/\/championbaltics.com\/wp-content\/uploads\/2025\/11\/Galdiator_12RTS12_front_view.webp","datePublished":"2025-11-17T09:39:37+00:00","description":"Gladiator R-Type 12500 elektrivints \u2013 premium 12V vints maastikus\u00f5idukitele, 4x4-dele, veoautodele ja p\u00e4\u00e4steoperatsioonideks. Sisaldab 2-in-1 juhtmevaba pulti, \u00fclekuumenemiskaitset, v\u00e4list piduris\u00fcsteemi, IP68 veekindlust ja eluaegset garantiid.","breadcrumb":{"@id":"https:\/\/championbaltics.com\/et\/toode\/gladiator-r-type-12500-elektrivints\/#breadcrumb"},"inLanguage":"et","potentialAction":[{"@type":"ReadAction","target":["https:\/\/championbaltics.com\/et\/toode\/gladiator-r-type-12500-elektrivints\/"]}]},{"@type":"ImageObject","inLanguage":"et","@id":"https:\/\/championbaltics.com\/et\/toode\/gladiator-r-type-12500-elektrivints\/#primaryimage","url":"https:\/\/championbaltics.com\/wp-content\/uploads\/2025\/11\/Galdiator_12RTS12_front_view.webp","contentUrl":"https:\/\/championbaltics.com\/wp-content\/uploads\/2025\/11\/Galdiator_12RTS12_front_view.webp","width":773,"height":442},{"@type":"BreadcrumbList","@id":"https:\/\/championbaltics.com\/et\/toode\/gladiator-r-type-12500-elektrivints\/#breadcrumb","itemListElement":[{"@type":"ListItem","position":1,"name":"Home","item":"https:\/\/championbaltics.com\/et\/"},{"@type":"ListItem","position":2,"name":"Pood","item":"https:\/\/championbaltics.com\/et\/pood\/"},{"@type":"ListItem","position":3,"name":"Gladiator R-Type 12500 elektrivints"}]},{"@type":"WebSite","@id":"https:\/\/championbaltics.com\/et\/#website","url":"https:\/\/championbaltics.com\/et\/","name":"Champion Baltics","description":"Power equipments","publisher":{"@id":"https:\/\/championbaltics.com\/et\/#organization"},"alternateName":"Champion Power Equipment","potentialAction":[{"@type":"SearchAction","target":{"@type":"EntryPoint","urlTemplate":"https:\/\/championbaltics.com\/et\/?s={search_term_string}"},"query-input":{"@type":"PropertyValueSpecification","valueRequired":true,"valueName":"search_term_string"}}],"inLanguage":"et"},{"@type":["Organization","Place"],"@id":"https:\/\/championbaltics.com\/et\/#organization","name":"Champion Baltics","alternateName":"Champion Power Equipment","url":"https:\/\/championbaltics.com\/et\/","logo":{"@id":"https:\/\/championbaltics.com\/et\/toode\/gladiator-r-type-12500-elektrivints\/#local-main-organization-logo"},"image":{"@id":"https:\/\/championbaltics.com\/et\/toode\/gladiator-r-type-12500-elektrivints\/#local-main-organization-logo"},"sameAs":["https:\/\/facebook.com\/championbaltics"],"description":"Champion power equipment representer of State of Baltics","legalName":"T.O Engineering LLC","foundingDate":"2015-01-07","numberOfEmployees":{"@type":"QuantitativeValue","minValue":"1","maxValue":"10"},"hasMerchantReturnPolicy":{"@type":"MerchantReturnPolicy","merchantReturnLink":"https:\/\/championbaltics.com\/refund_returns\/"},"address":{"@id":"https:\/\/championbaltics.com\/et\/toode\/gladiator-r-type-12500-elektrivints\/#local-main-place-address"},"telephone":[],"contactPoint":{"@type":"ContactPoint","telephone":"+3725204833","email":"info@championbaltics.com"},"openingHoursSpecification":[{"@type":"OpeningHoursSpecification","dayOfWeek":["Monday","Tuesday","Wednesday","Thursday","Friday","Saturday","Sunday"],"opens":"09:00","closes":"17:00"}],"email":"info@championbaltics.com","vatID":"EE102032772"},{"@type":"PostalAddress","@id":"https:\/\/championbaltics.com\/et\/toode\/gladiator-r-type-12500-elektrivints\/#local-main-place-address","streetAddress":"P\u00e4rnu mnt 144","addressLocality":"Tallinn","postalCode":"11317","addressRegion":"Harju","addressCountry":"EE"},{"@type":"ImageObject","inLanguage":"et","@id":"https:\/\/championbaltics.com\/et\/toode\/gladiator-r-type-12500-elektrivints\/#local-main-organization-logo","url":"https:\/\/championbaltics.com\/wp-content\/uploads\/2025\/08\/cropped-ChampionBalticsLogo.webp","contentUrl":"https:\/\/championbaltics.com\/wp-content\/uploads\/2025\/08\/cropped-ChampionBalticsLogo.webp","width":512,"height":512,"caption":"Champion Baltics"}]},"product_brand":"Warrior Winches","product_price_amount":"899.00","product_price_currency":"EUR","og_availability":"instock","product_availability":"instock","product_retailer_item_id":"12RTS12","product_condition":"new","geo.placename":"Tallinn","geo.region":"Estonia"},"_links":{"self":[{"href":"https:\/\/championbaltics.com\/et\/wp-json\/wp\/v2\/product\/32948","targetHints":{"allow":["GET"]}}],"collection":[{"href":"https:\/\/championbaltics.com\/et\/wp-json\/wp\/v2\/product"}],"about":[{"href":"https:\/\/championbaltics.com\/et\/wp-json\/wp\/v2\/types\/product"}],"replies":[{"embeddable":true,"href":"https:\/\/championbaltics.com\/et\/wp-json\/wp\/v2\/comments?post=32948"}],"version-history":[{"count":0,"href":"https:\/\/championbaltics.com\/et\/wp-json\/wp\/v2\/product\/32948\/revisions"}],"wp:featuredmedia":[{"embeddable":true,"href":"https:\/\/championbaltics.com\/et\/wp-json\/wp\/v2\/media\/32902"}],"wp:attachment":[{"href":"https:\/\/championbaltics.com\/et\/wp-json\/wp\/v2\/media?parent=32948"}],"wp:term":[{"taxonomy":"product_brand","embeddable":true,"href":"https:\/\/championbaltics.com\/et\/wp-json\/wp\/v2\/product_brand?post=32948"},{"taxonomy":"product_cat","embeddable":true,"href":"https:\/\/championbaltics.com\/et\/wp-json\/wp\/v2\/product_cat?post=32948"},{"taxonomy":"product_tag","embeddable":true,"href":"https:\/\/championbaltics.com\/et\/wp-json\/wp\/v2\/product_tag?post=32948"}],"curies":[{"name":"wp","href":"https:\/\/api.w.org\/{rel}","templated":true}]}}