{"id":33040,"date":"2025-11-05T14:29:44","date_gmt":"2025-11-05T14:29:44","guid":{"rendered":"https:\/\/championbaltics.com\/toode\/rv-15000-hudrauliline-vintsi-terastross\/"},"modified":"2025-11-05T14:29:44","modified_gmt":"2025-11-05T14:29:44","slug":"rv-15000-hudrauliline-vintsi-terastross","status":"publish","type":"product","link":"https:\/\/championbaltics.com\/et\/toode\/rv-15000-hudrauliline-vintsi-terastross\/","title":{"rendered":"RV 15000 h\u00fcdrauliline vintsi &#8211; terastross"},"content":{"rendered":"<div class=\"elementor-element elementor-element-bff7dea elementor-widget elementor-widget-theme-post-title elementor-page-title elementor-widget-heading\" data-id=\"bff7dea\" data-element_type=\"widget\" data-widget_type=\"theme-post-title.default\">\n<div class=\"elementor-element elementor-element-bff7dea elementor-widget elementor-widget-theme-post-title elementor-page-title elementor-widget-heading\" data-id=\"bff7dea\" data-element_type=\"widget\" data-widget_type=\"theme-post-title.default\">\n<div class=\"elementor-element elementor-element-bff7dea elementor-widget elementor-widget-theme-post-title elementor-page-title elementor-widget-heading\" data-id=\"bff7dea\" data-element_type=\"widget\" data-widget_type=\"theme-post-title.default\">\n<div class=\"elementor-element elementor-element-bff7dea elementor-widget elementor-widget-theme-post-title elementor-page-title elementor-widget-heading\" data-id=\"bff7dea\" data-element_type=\"widget\" data-widget_type=\"theme-post-title.default\">\n<div class=\"elementor-element elementor-element-bff7dea elementor-widget elementor-widget-theme-post-title elementor-page-title elementor-widget-heading\" data-id=\"bff7dea\" data-element_type=\"widget\" data-widget_type=\"theme-post-title.default\">\n<h2 class=\"elementor-heading-title elementor-size-default\"><span dir=\"auto\">RV 10000 h\u00fcdrauliline vintsi \u2013 terastross<\/span><\/h2>\n<\/div>\n<div class=\"elementor-element elementor-element-a536ae3 elementor-widget elementor-widget-jet-listing-dynamic-field\" data-id=\"a536ae3\" data-element_type=\"widget\" data-widget_type=\"jet-listing-dynamic-field.default\">\n<div class=\"jet-listing jet-listing-dynamic-field display-inline\">\n<div class=\"jet-listing-dynamic-field__inline-wrap\">\n<div class=\"jet-listing-dynamic-field__content\">\n<p><span dir=\"auto\">Warrior Winches&#8217;i h\u00fcdrauliline RV seeria on spetsiaalselt loodud vastama BS EN 14492-1:2006+A1:2009 ja SAEJ-706 standarditele. Mudelid on v\u00e4lja t\u00f6\u00f6tatud n\u00f5udlikeks kommerts- ja t\u00f6\u00f6stusrakendusteks ning on saadaval mahutavustega alates 8000 naela (3629 kg) kuni 18000 naela (8164 kg). Seerias on ka 8000 naela mudel l\u00fchikese trumliga.  <\/span><\/p>\n<p><span dir=\"auto\">Ohutus on meie jaoks oluline, mist\u00f5ttu oleme terastrossi suurendanud 2:1 ja kaabli kinnitus suudab taluda kuni 2,5 korda vintsi t\u00f5mbej\u00f5udu, pakkudes kasutajale t\u00e4iendavat ohutust ja t\u00f6\u00f6kindlust. RV seeria h\u00fcdrauliline pidur suudab taluda kogu t\u00f5mbe kaalu, pakkudes suurep\u00e4rast kontrolli, suurenenud ohutust ja t\u00f6\u00f6kindlust vintsimisel. <\/span><\/p>\n<p><span dir=\"auto\">ISTR18 paigaldusplaat on valikuline lisavarustus ja on samuti heaks kiidetud vastavalt BS EN 14492-1:2006+A1:2009.<\/span><\/p>\n<\/div>\n<\/div>\n<\/div>\n<\/div>\n<\/div>\n<\/div>\n<div class=\"elementor-element elementor-element-a536ae3 elementor-widget elementor-widget-jet-listing-dynamic-field\" data-id=\"a536ae3\" data-element_type=\"widget\" data-widget_type=\"jet-listing-dynamic-field.default\">\n<div class=\"jet-listing jet-listing-dynamic-field display-inline\">\n<p><img loading=\"lazy\" decoding=\"async\" class=\"alignnone wp-image-32445\" src=\"https:\/\/championbaltics.com\/wp-content\/uploads\/2025\/11\/chart_winch_2-400x112.png\" alt=\"\" width=\"764\" height=\"214\"><\/p>\n<\/div>\n<\/div>\n<\/div>\n<\/div>\n","protected":false},"excerpt":{"rendered":"<p>RV seeria on spetsiaalselt loodud vastama EN 14992 ja SAEJ-706 standarditele. Need on loodud n\u00f5udlikeks kommerts- ja t\u00f6\u00f6stusrakendusteks ning on saadaval mahutavustega 3629 kuni 8165 kg. Ohutus on esikohal, kuna suurendatud terastrossil on 2:1 suhe ja kaabli kinnitus suudab taluda kuni 2,5 korda vintsi t\u00f5mbej\u00f5udu. H\u00fcdrauliline pidur suudab k\u00e4sitleda kogu t\u00f5mbe kaalu, pakkudes suurep\u00e4rast kontrolli ja t\u00e4iendavat ohutust!   <\/p>\n<p>Omadused:<\/p>\n<p>Heaks kiidetud vastavalt EN14492-1 \/ Masinadirektiiv 2006\/42\/E\u00dc<br \/>\nTrumli trossi suhe 10:1<br \/>\nTerastrossi ohutustegur 2:1<br \/>\nH\u00fcdrauliline pidur, mis suudab koormat hoida<br \/>\nKaabli kinnitus suudab taluda 2,5 korda nimikoormust<br \/>\nP\u00f6\u00f6ratav orientatsioon: Need vintsid saab paigaldada mootori vasakule v\u00f5i paremale k\u00fcljele, kusjuures tross keritakse \u00fclevalt v\u00f5i alt.<\/p>\n","protected":false},"featured_media":32455,"comment_status":"open","ping_status":"closed","template":"","meta":[],"product_brand":[292],"product_cat":[328],"product_tag":[351,333,355,331,329],"class_list":{"0":"post-33040","1":"product","2":"type-product","3":"status-publish","4":"has-post-thumbnail","6":"product_brand-warrior-winches","7":"product_cat-vintsid","8":"product_tag-hudrauliline-vintsi","9":"product_tag-professionaalne","10":"product_tag-rv-seeria","11":"product_tag-terastross","12":"product_tag-vints","14":"first","15":"instock","16":"taxable","17":"shipping-taxable","18":"purchasable","19":"product-type-simple"},"yoast_head":"<!-- This site is optimized with the Yoast SEO Premium plugin v27.5 (Yoast SEO v27.5) - https:\/\/yoast.com\/product\/yoast-seo-premium-wordpress\/ -->\n<title>RV 15000 h\u00fcdrauliline vintsi - terastross - Champion Baltics<\/title>\n<meta name=\"description\" content=\"Warrior RV 15000 h\u00fcdrauliline vintsi terastrossiga. Kompaktne ja vastupidav 15 000 naela vintsi, millel on suure t\u00f5hususega mootor, patenteeritud k\u00e4igud ja turvaline pidur t\u00f6\u00f6stuslikuks ja kommertskasutuseks.\" \/>\n<meta name=\"robots\" content=\"index, follow, max-snippet:-1, max-image-preview:large, max-video-preview:-1\" \/>\n<link rel=\"canonical\" href=\"https:\/\/championbaltics.com\/et\/toode\/rv-15000-hudrauliline-vintsi-terastross\/\" \/>\n<meta property=\"og:locale\" content=\"et_EE\" \/>\n<meta property=\"og:type\" content=\"article\" \/>\n<meta property=\"og:title\" content=\"RV 15000 h\u00fcdrauliline vintsi - terastross\" \/>\n<meta property=\"og:description\" content=\"Warrior RV 15000 h\u00fcdrauliline vintsi terastrossiga. Kompaktne ja vastupidav 15 000 naela vintsi, millel on suure t\u00f5hususega mootor, patenteeritud k\u00e4igud ja turvaline pidur t\u00f6\u00f6stuslikuks ja kommertskasutuseks.\" \/>\n<meta property=\"og:url\" content=\"https:\/\/championbaltics.com\/et\/toode\/rv-15000-hudrauliline-vintsi-terastross\/\" \/>\n<meta property=\"og:site_name\" content=\"Champion Baltics\" \/>\n<meta property=\"article:publisher\" content=\"https:\/\/facebook.com\/championbaltics\" \/>\n<meta property=\"og:image\" content=\"https:\/\/championbaltics.com\/wp-content\/uploads\/2025\/11\/WW_15RVSHY_front-view-scaled.webp\" \/>\n\t<meta property=\"og:image:width\" content=\"1920\" \/>\n\t<meta property=\"og:image:height\" content=\"1263\" \/>\n\t<meta property=\"og:image:type\" content=\"image\/webp\" \/>\n<meta name=\"twitter:card\" content=\"summary_large_image\" \/>\n<meta name=\"twitter:label1\" content=\"Price\" \/>\n\t<meta name=\"twitter:data1\" content=\"1 799,00&nbsp;&euro;\" \/>\n\t<meta name=\"twitter:label2\" content=\"Availability\" \/>\n\t<meta name=\"twitter:data2\" content=\"In stock\" \/>\n<script type=\"application\/ld+json\" class=\"yoast-schema-graph\">{\"@context\":\"https:\\\/\\\/schema.org\",\"@graph\":[{\"@type\":\"WebPage\",\"@id\":\"https:\\\/\\\/championbaltics.com\\\/et\\\/toode\\\/rv-15000-hudrauliline-vintsi-terastross\\\/\",\"url\":\"https:\\\/\\\/championbaltics.com\\\/et\\\/toode\\\/rv-15000-hudrauliline-vintsi-terastross\\\/\",\"name\":\"RV 15000 h\u00fcdrauliline vintsi - terastross - Champion Baltics\",\"isPartOf\":{\"@id\":\"https:\\\/\\\/championbaltics.com\\\/et\\\/#website\"},\"primaryImageOfPage\":{\"@id\":\"https:\\\/\\\/championbaltics.com\\\/et\\\/toode\\\/rv-15000-hudrauliline-vintsi-terastross\\\/#primaryimage\"},\"image\":{\"@id\":\"https:\\\/\\\/championbaltics.com\\\/et\\\/toode\\\/rv-15000-hudrauliline-vintsi-terastross\\\/#primaryimage\"},\"thumbnailUrl\":\"https:\\\/\\\/championbaltics.com\\\/wp-content\\\/uploads\\\/2025\\\/11\\\/WW_15RVSHY_front-view-scaled.webp\",\"datePublished\":\"2025-11-05T14:29:44+00:00\",\"description\":\"Warrior RV 15000 h\u00fcdrauliline vintsi terastrossiga. Kompaktne ja vastupidav 15 000 naela vintsi, millel on suure t\u00f5hususega mootor, patenteeritud k\u00e4igud ja turvaline pidur t\u00f6\u00f6stuslikuks ja kommertskasutuseks.\",\"breadcrumb\":{\"@id\":\"https:\\\/\\\/championbaltics.com\\\/et\\\/toode\\\/rv-15000-hudrauliline-vintsi-terastross\\\/#breadcrumb\"},\"inLanguage\":\"et\",\"potentialAction\":[{\"@type\":\"ReadAction\",\"target\":[\"https:\\\/\\\/championbaltics.com\\\/et\\\/toode\\\/rv-15000-hudrauliline-vintsi-terastross\\\/\"]}]},{\"@type\":\"ImageObject\",\"inLanguage\":\"et\",\"@id\":\"https:\\\/\\\/championbaltics.com\\\/et\\\/toode\\\/rv-15000-hudrauliline-vintsi-terastross\\\/#primaryimage\",\"url\":\"https:\\\/\\\/championbaltics.com\\\/wp-content\\\/uploads\\\/2025\\\/11\\\/WW_15RVSHY_front-view-scaled.webp\",\"contentUrl\":\"https:\\\/\\\/championbaltics.com\\\/wp-content\\\/uploads\\\/2025\\\/11\\\/WW_15RVSHY_front-view-scaled.webp\",\"width\":1920,\"height\":1263,\"caption\":\"winch front\"},{\"@type\":\"BreadcrumbList\",\"@id\":\"https:\\\/\\\/championbaltics.com\\\/et\\\/toode\\\/rv-15000-hudrauliline-vintsi-terastross\\\/#breadcrumb\",\"itemListElement\":[{\"@type\":\"ListItem\",\"position\":1,\"name\":\"Home\",\"item\":\"https:\\\/\\\/championbaltics.com\\\/et\\\/\"},{\"@type\":\"ListItem\",\"position\":2,\"name\":\"Pood\",\"item\":\"https:\\\/\\\/championbaltics.com\\\/et\\\/pood\\\/\"},{\"@type\":\"ListItem\",\"position\":3,\"name\":\"RV 15000 h\u00fcdrauliline vintsi &#8211; terastross\"}]},{\"@type\":\"WebSite\",\"@id\":\"https:\\\/\\\/championbaltics.com\\\/et\\\/#website\",\"url\":\"https:\\\/\\\/championbaltics.com\\\/et\\\/\",\"name\":\"Champion Baltics\",\"description\":\"Power equipments\",\"publisher\":{\"@id\":\"https:\\\/\\\/championbaltics.com\\\/et\\\/#organization\"},\"alternateName\":\"Champion Power Equipment\",\"potentialAction\":[{\"@type\":\"SearchAction\",\"target\":{\"@type\":\"EntryPoint\",\"urlTemplate\":\"https:\\\/\\\/championbaltics.com\\\/et\\\/?s={search_term_string}\"},\"query-input\":{\"@type\":\"PropertyValueSpecification\",\"valueRequired\":true,\"valueName\":\"search_term_string\"}}],\"inLanguage\":\"et\"},{\"@type\":[\"Organization\",\"Place\"],\"@id\":\"https:\\\/\\\/championbaltics.com\\\/et\\\/#organization\",\"name\":\"Champion Baltics\",\"alternateName\":\"Champion Power Equipment\",\"url\":\"https:\\\/\\\/championbaltics.com\\\/et\\\/\",\"logo\":{\"@id\":\"https:\\\/\\\/championbaltics.com\\\/et\\\/toode\\\/rv-15000-hudrauliline-vintsi-terastross\\\/#local-main-organization-logo\"},\"image\":{\"@id\":\"https:\\\/\\\/championbaltics.com\\\/et\\\/toode\\\/rv-15000-hudrauliline-vintsi-terastross\\\/#local-main-organization-logo\"},\"sameAs\":[\"https:\\\/\\\/facebook.com\\\/championbaltics\"],\"description\":\"Champion power equipment representer of State of Baltics\",\"legalName\":\"T.O Engineering LLC\",\"foundingDate\":\"2015-01-07\",\"numberOfEmployees\":{\"@type\":\"QuantitativeValue\",\"minValue\":\"1\",\"maxValue\":\"10\"},\"hasMerchantReturnPolicy\":{\"@type\":\"MerchantReturnPolicy\",\"merchantReturnLink\":\"https:\\\/\\\/championbaltics.com\\\/refund_returns\\\/\"},\"address\":{\"@id\":\"https:\\\/\\\/championbaltics.com\\\/et\\\/toode\\\/rv-15000-hudrauliline-vintsi-terastross\\\/#local-main-place-address\"},\"telephone\":[],\"contactPoint\":{\"@type\":\"ContactPoint\",\"telephone\":\"+3725204833\",\"email\":\"info@championbaltics.com\"},\"openingHoursSpecification\":[{\"@type\":\"OpeningHoursSpecification\",\"dayOfWeek\":[\"Monday\",\"Tuesday\",\"Wednesday\",\"Thursday\",\"Friday\",\"Saturday\",\"Sunday\"],\"opens\":\"09:00\",\"closes\":\"17:00\"}],\"email\":\"info@championbaltics.com\",\"vatID\":\"EE102032772\"},{\"@type\":\"PostalAddress\",\"@id\":\"https:\\\/\\\/championbaltics.com\\\/et\\\/toode\\\/rv-15000-hudrauliline-vintsi-terastross\\\/#local-main-place-address\",\"streetAddress\":\"P\u00e4rnu mnt 144\",\"addressLocality\":\"Tallinn\",\"postalCode\":\"11317\",\"addressRegion\":\"Harju\",\"addressCountry\":\"EE\"},{\"@type\":\"ImageObject\",\"inLanguage\":\"et\",\"@id\":\"https:\\\/\\\/championbaltics.com\\\/et\\\/toode\\\/rv-15000-hudrauliline-vintsi-terastross\\\/#local-main-organization-logo\",\"url\":\"https:\\\/\\\/championbaltics.com\\\/wp-content\\\/uploads\\\/2025\\\/08\\\/cropped-ChampionBalticsLogo.webp\",\"contentUrl\":\"https:\\\/\\\/championbaltics.com\\\/wp-content\\\/uploads\\\/2025\\\/08\\\/cropped-ChampionBalticsLogo.webp\",\"width\":512,\"height\":512,\"caption\":\"Champion Baltics\"}]}<\/script>\n<meta property=\"product:brand\" content=\"Warrior Winches\" \/>\n<meta property=\"product:price:amount\" content=\"1799.00\" \/>\n<meta property=\"product:price:currency\" content=\"EUR\" \/>\n<meta property=\"og:availability\" content=\"instock\" \/>\n<meta property=\"product:availability\" content=\"instock\" \/>\n<meta property=\"product:retailer_item_id\" content=\"15RVSHY\" \/>\n<meta property=\"product:condition\" content=\"new\" \/>\n<meta name=\"geo.placename\" content=\"Tallinn\" \/>\n<meta name=\"geo.region\" content=\"Estonia\" \/>\n<!-- \/ Yoast SEO Premium plugin. -->","yoast_head_json":{"title":"RV 15000 h\u00fcdrauliline vintsi - terastross - Champion Baltics","description":"Warrior RV 15000 h\u00fcdrauliline vintsi terastrossiga. Kompaktne ja vastupidav 15 000 naela vintsi, millel on suure t\u00f5hususega mootor, patenteeritud k\u00e4igud ja turvaline pidur t\u00f6\u00f6stuslikuks ja kommertskasutuseks.","robots":{"index":"index","follow":"follow","max-snippet":"max-snippet:-1","max-image-preview":"max-image-preview:large","max-video-preview":"max-video-preview:-1"},"canonical":"https:\/\/championbaltics.com\/et\/toode\/rv-15000-hudrauliline-vintsi-terastross\/","og_locale":"et_EE","og_type":"article","og_title":"RV 15000 h\u00fcdrauliline vintsi - terastross","og_description":"Warrior RV 15000 h\u00fcdrauliline vintsi terastrossiga. Kompaktne ja vastupidav 15 000 naela vintsi, millel on suure t\u00f5hususega mootor, patenteeritud k\u00e4igud ja turvaline pidur t\u00f6\u00f6stuslikuks ja kommertskasutuseks.","og_url":"https:\/\/championbaltics.com\/et\/toode\/rv-15000-hudrauliline-vintsi-terastross\/","og_site_name":"Champion Baltics","article_publisher":"https:\/\/facebook.com\/championbaltics","og_image":[{"width":1920,"height":1263,"url":"https:\/\/championbaltics.com\/wp-content\/uploads\/2025\/11\/WW_15RVSHY_front-view-scaled.webp","type":"image\/webp"}],"twitter_card":"summary_large_image","twitter_misc":{"Price":"1 799,00&nbsp;&euro;","Availability":"In stock"},"schema":{"@context":"https:\/\/schema.org","@graph":[{"@type":"WebPage","@id":"https:\/\/championbaltics.com\/et\/toode\/rv-15000-hudrauliline-vintsi-terastross\/","url":"https:\/\/championbaltics.com\/et\/toode\/rv-15000-hudrauliline-vintsi-terastross\/","name":"RV 15000 h\u00fcdrauliline vintsi - terastross - Champion Baltics","isPartOf":{"@id":"https:\/\/championbaltics.com\/et\/#website"},"primaryImageOfPage":{"@id":"https:\/\/championbaltics.com\/et\/toode\/rv-15000-hudrauliline-vintsi-terastross\/#primaryimage"},"image":{"@id":"https:\/\/championbaltics.com\/et\/toode\/rv-15000-hudrauliline-vintsi-terastross\/#primaryimage"},"thumbnailUrl":"https:\/\/championbaltics.com\/wp-content\/uploads\/2025\/11\/WW_15RVSHY_front-view-scaled.webp","datePublished":"2025-11-05T14:29:44+00:00","description":"Warrior RV 15000 h\u00fcdrauliline vintsi terastrossiga. Kompaktne ja vastupidav 15 000 naela vintsi, millel on suure t\u00f5hususega mootor, patenteeritud k\u00e4igud ja turvaline pidur t\u00f6\u00f6stuslikuks ja kommertskasutuseks.","breadcrumb":{"@id":"https:\/\/championbaltics.com\/et\/toode\/rv-15000-hudrauliline-vintsi-terastross\/#breadcrumb"},"inLanguage":"et","potentialAction":[{"@type":"ReadAction","target":["https:\/\/championbaltics.com\/et\/toode\/rv-15000-hudrauliline-vintsi-terastross\/"]}]},{"@type":"ImageObject","inLanguage":"et","@id":"https:\/\/championbaltics.com\/et\/toode\/rv-15000-hudrauliline-vintsi-terastross\/#primaryimage","url":"https:\/\/championbaltics.com\/wp-content\/uploads\/2025\/11\/WW_15RVSHY_front-view-scaled.webp","contentUrl":"https:\/\/championbaltics.com\/wp-content\/uploads\/2025\/11\/WW_15RVSHY_front-view-scaled.webp","width":1920,"height":1263,"caption":"winch front"},{"@type":"BreadcrumbList","@id":"https:\/\/championbaltics.com\/et\/toode\/rv-15000-hudrauliline-vintsi-terastross\/#breadcrumb","itemListElement":[{"@type":"ListItem","position":1,"name":"Home","item":"https:\/\/championbaltics.com\/et\/"},{"@type":"ListItem","position":2,"name":"Pood","item":"https:\/\/championbaltics.com\/et\/pood\/"},{"@type":"ListItem","position":3,"name":"RV 15000 h\u00fcdrauliline vintsi &#8211; terastross"}]},{"@type":"WebSite","@id":"https:\/\/championbaltics.com\/et\/#website","url":"https:\/\/championbaltics.com\/et\/","name":"Champion Baltics","description":"Power equipments","publisher":{"@id":"https:\/\/championbaltics.com\/et\/#organization"},"alternateName":"Champion Power Equipment","potentialAction":[{"@type":"SearchAction","target":{"@type":"EntryPoint","urlTemplate":"https:\/\/championbaltics.com\/et\/?s={search_term_string}"},"query-input":{"@type":"PropertyValueSpecification","valueRequired":true,"valueName":"search_term_string"}}],"inLanguage":"et"},{"@type":["Organization","Place"],"@id":"https:\/\/championbaltics.com\/et\/#organization","name":"Champion Baltics","alternateName":"Champion Power Equipment","url":"https:\/\/championbaltics.com\/et\/","logo":{"@id":"https:\/\/championbaltics.com\/et\/toode\/rv-15000-hudrauliline-vintsi-terastross\/#local-main-organization-logo"},"image":{"@id":"https:\/\/championbaltics.com\/et\/toode\/rv-15000-hudrauliline-vintsi-terastross\/#local-main-organization-logo"},"sameAs":["https:\/\/facebook.com\/championbaltics"],"description":"Champion power equipment representer of State of Baltics","legalName":"T.O Engineering LLC","foundingDate":"2015-01-07","numberOfEmployees":{"@type":"QuantitativeValue","minValue":"1","maxValue":"10"},"hasMerchantReturnPolicy":{"@type":"MerchantReturnPolicy","merchantReturnLink":"https:\/\/championbaltics.com\/refund_returns\/"},"address":{"@id":"https:\/\/championbaltics.com\/et\/toode\/rv-15000-hudrauliline-vintsi-terastross\/#local-main-place-address"},"telephone":[],"contactPoint":{"@type":"ContactPoint","telephone":"+3725204833","email":"info@championbaltics.com"},"openingHoursSpecification":[{"@type":"OpeningHoursSpecification","dayOfWeek":["Monday","Tuesday","Wednesday","Thursday","Friday","Saturday","Sunday"],"opens":"09:00","closes":"17:00"}],"email":"info@championbaltics.com","vatID":"EE102032772"},{"@type":"PostalAddress","@id":"https:\/\/championbaltics.com\/et\/toode\/rv-15000-hudrauliline-vintsi-terastross\/#local-main-place-address","streetAddress":"P\u00e4rnu mnt 144","addressLocality":"Tallinn","postalCode":"11317","addressRegion":"Harju","addressCountry":"EE"},{"@type":"ImageObject","inLanguage":"et","@id":"https:\/\/championbaltics.com\/et\/toode\/rv-15000-hudrauliline-vintsi-terastross\/#local-main-organization-logo","url":"https:\/\/championbaltics.com\/wp-content\/uploads\/2025\/08\/cropped-ChampionBalticsLogo.webp","contentUrl":"https:\/\/championbaltics.com\/wp-content\/uploads\/2025\/08\/cropped-ChampionBalticsLogo.webp","width":512,"height":512,"caption":"Champion Baltics"}]},"product_brand":"Warrior Winches","product_price_amount":"1799.00","product_price_currency":"EUR","og_availability":"instock","product_availability":"instock","product_retailer_item_id":"15RVSHY","product_condition":"new","geo.placename":"Tallinn","geo.region":"Estonia"},"_links":{"self":[{"href":"https:\/\/championbaltics.com\/et\/wp-json\/wp\/v2\/product\/33040","targetHints":{"allow":["GET"]}}],"collection":[{"href":"https:\/\/championbaltics.com\/et\/wp-json\/wp\/v2\/product"}],"about":[{"href":"https:\/\/championbaltics.com\/et\/wp-json\/wp\/v2\/types\/product"}],"replies":[{"embeddable":true,"href":"https:\/\/championbaltics.com\/et\/wp-json\/wp\/v2\/comments?post=33040"}],"version-history":[{"count":0,"href":"https:\/\/championbaltics.com\/et\/wp-json\/wp\/v2\/product\/33040\/revisions"}],"wp:featuredmedia":[{"embeddable":true,"href":"https:\/\/championbaltics.com\/et\/wp-json\/wp\/v2\/media\/32455"}],"wp:attachment":[{"href":"https:\/\/championbaltics.com\/et\/wp-json\/wp\/v2\/media?parent=33040"}],"wp:term":[{"taxonomy":"product_brand","embeddable":true,"href":"https:\/\/championbaltics.com\/et\/wp-json\/wp\/v2\/product_brand?post=33040"},{"taxonomy":"product_cat","embeddable":true,"href":"https:\/\/championbaltics.com\/et\/wp-json\/wp\/v2\/product_cat?post=33040"},{"taxonomy":"product_tag","embeddable":true,"href":"https:\/\/championbaltics.com\/et\/wp-json\/wp\/v2\/product_tag?post=33040"}],"curies":[{"name":"wp","href":"https:\/\/api.w.org\/{rel}","templated":true}]}}