{"id":33400,"date":"2025-11-04T13:58:13","date_gmt":"2025-11-04T13:58:13","guid":{"rendered":"https:\/\/championbaltics.com\/toode\/titan-4500-elektriline-vintsid-24v-armortek-extreme\/"},"modified":"2025-11-04T13:58:13","modified_gmt":"2025-11-04T13:58:13","slug":"titan-4500-elektriline-vintsid-24v-armortek-extreme","status":"publish","type":"product","link":"https:\/\/championbaltics.com\/et\/toode\/titan-4500-elektriline-vintsid-24v-armortek-extreme\/","title":{"rendered":"Titan 4500 elektriline vintsid 24V &#8211; armortek extreme"},"content":{"rendered":"<div class=\"elementor-element elementor-element-bff7dea elementor-widget elementor-widget-theme-post-title elementor-page-title elementor-widget-heading\" data-id=\"bff7dea\" data-element_type=\"widget\" data-widget_type=\"theme-post-title.default\">\n<div class=\"elementor-element elementor-element-bff7dea elementor-widget elementor-widget-theme-post-title elementor-page-title elementor-widget-heading\" data-id=\"bff7dea\" data-element_type=\"widget\" data-widget_type=\"theme-post-title.default\">\n<div class=\"elementor-element elementor-element-bff7dea elementor-widget elementor-widget-theme-post-title elementor-page-title elementor-widget-heading\" data-id=\"bff7dea\" data-element_type=\"widget\" data-widget_type=\"theme-post-title.default\">\n<div class=\"elementor-element elementor-element-bff7dea elementor-widget elementor-widget-theme-post-title elementor-page-title elementor-widget-heading\" data-id=\"bff7dea\" data-element_type=\"widget\" data-widget_type=\"theme-post-title.default\">\n<div class=\"elementor-element elementor-element-bff7dea elementor-widget elementor-widget-theme-post-title elementor-page-title elementor-widget-heading\" data-id=\"bff7dea\" data-element_type=\"widget\" data-widget_type=\"theme-post-title.default\">\n<div class=\"elementor-element elementor-element-bff7dea elementor-widget elementor-widget-theme-post-title elementor-page-title elementor-widget-heading\" data-id=\"bff7dea\" data-element_type=\"widget\" data-widget_type=\"theme-post-title.default\">\n<div class=\"elementor-element elementor-element-bff7dea elementor-widget elementor-widget-theme-post-title elementor-page-title elementor-widget-heading\" data-id=\"bff7dea\" data-element_type=\"widget\" data-widget_type=\"theme-post-title.default\">\n<div class=\"elementor-element elementor-element-bff7dea elementor-widget elementor-widget-theme-post-title elementor-page-title elementor-widget-heading\" data-id=\"bff7dea\" data-element_type=\"widget\" data-widget_type=\"theme-post-title.default\">\n<div class=\"elementor-element elementor-element-bff7dea elementor-widget elementor-widget-theme-post-title elementor-page-title elementor-widget-heading\" data-id=\"bff7dea\" data-element_type=\"widget\" data-widget_type=\"theme-post-title.default\">\n<div class=\"elementor-element elementor-element-bff7dea elementor-widget elementor-widget-theme-post-title elementor-page-title elementor-widget-heading\" data-id=\"bff7dea\" data-element_type=\"widget\" data-widget_type=\"theme-post-title.default\">\n<div class=\"elementor-element elementor-element-bff7dea elementor-widget elementor-widget-theme-post-title elementor-page-title elementor-widget-heading\" data-id=\"bff7dea\" data-element_type=\"widget\" data-widget_type=\"theme-post-title.default\">\n<div class=\"elementor-element elementor-element-bff7dea elementor-widget elementor-widget-theme-post-title elementor-page-title elementor-widget-heading\" data-id=\"bff7dea\" data-element_type=\"widget\" data-widget_type=\"theme-post-title.default\">\n<div class=\"elementor-element elementor-element-bff7dea elementor-widget elementor-widget-theme-post-title elementor-page-title elementor-widget-heading\" data-id=\"bff7dea\" data-element_type=\"widget\" data-widget_type=\"theme-post-title.default\">\n<div class=\"elementor-element elementor-element-bff7dea elementor-widget elementor-widget-theme-post-title elementor-page-title elementor-widget-heading\" data-id=\"bff7dea\" data-element_type=\"widget\" data-widget_type=\"theme-post-title.default\">\n<h2 class=\"elementor-heading-title elementor-size-default\"><span dir=\"auto\">Titan 4500 elektriline vintsid 24V \u2013 Armortek Extreme<\/span><\/h2>\n<\/div>\n<div class=\"elementor-element elementor-element-a536ae3 elementor-widget elementor-widget-jet-listing-dynamic-field\" data-id=\"a536ae3\" data-element_type=\"widget\" data-widget_type=\"jet-listing-dynamic-field.default\">\n<div class=\"jet-listing jet-listing-dynamic-field display-inline\">\n<div class=\"jet-listing-dynamic-field__inline-wrap\">\n<div class=\"jet-listing-dynamic-field__content\">\n<p><span dir=\"auto\">Meie uue Titan seeriaga seame uue standardi ATV\/UTV\/QUAD ja haagise vintsimisel. Valmis k\u00f5ige n\u00f5udlikumateks tingimusteks spetsiaalselt disainitud pidurdustehnoloogia, 3-astmelise planetaar\u00fclekande ja vaikse, mugava kasutamisega. Siin saate t\u00e4ismetallist korpusega vintsi parema IP-hinnanguga (IP67), uue stiilse disaini ja uusima laetava juhtmevaba kaugjuhtimispuldiga.  <\/span><\/p>\n<p><span dir=\"auto\">Disainitud ekstreemsetele maastikus\u00f5idu entusiastidele ja rasketeks t\u00f6\u00f6deks, \u00fchendab Titan seeria t\u00e4iustatud insenerit\u00f6\u00f6 ja kvaliteetsed materjalid, et tagada usaldusv\u00e4\u00e4rne j\u00f5udlus, kui seda k\u00f5ige rohkem vajate.<\/span><\/p>\n<p><span dir=\"auto\">Olgu see siis kivistel radadel liikumine, s\u00fcgavast mudast v\u00e4lja t\u00f5mbamine, raske tehnika p\u00e4\u00e4stmine v\u00f5i paatide langetamine ja t\u00f5stmine, need vintsid pakuvad kiirust, j\u00f5udu ja kontrolli, mis on vajalikud iga v\u00e4ljakutse \u00fcletamiseks.<\/span><\/p>\n<p><span dir=\"auto\">Seeria sisaldab mudeleid 12V ja 24V versioonides kas terastrossi v\u00f5i Armortek Extreme trossiga, mis on turul k\u00f5ige vastupidavam s\u00fcnteetiline tross.<\/span><\/p>\n<p><span dir=\"auto\">K\u00f5igil seeria vintsidel on <\/span><strong><span dir=\"auto\">5-aastane garantii<\/span><\/strong><span dir=\"auto\">, mis annab teile meelerahu ja kindlustunde aastateks!<\/span><\/p>\n<\/div>\n<\/div>\n<\/div>\n<\/div>\n<\/div>\n<\/div>\n<\/div>\n<\/div>\n<\/div>\n<\/div>\n<\/div>\n<\/div>\n<\/div>\n<\/div>\n<\/div>\n<\/div>\n<\/div>\n","protected":false},"excerpt":{"rendered":"<p><span dir=\"auto\">Disainitud ekstreemsetele maastikus\u00f5idu entusiastidele ja rasketeks t\u00f6\u00f6deks, \u00fchendab Titan seeria t\u00e4iustatud insenerit\u00f6\u00f6 ja kvaliteetsed materjalid, et tagada usaldusv\u00e4\u00e4rne j\u00f5udlus, kui seda k\u00f5ige rohkem vajate.<\/span><\/p>\n<p>Omadused:<\/p>\n<p>Maksimaalne kaitse k\u00f5igis tingimustes: T\u00e4ismetallist korpus kaitseb sisemisi komponente ekstreemsetes tingimustes.<br \/>\nKiirem: Suurema kiirusega tross tagab kiirema vintsimise.<br \/>\nParem ohutus kallakutel ja raskete koormate puhul: Spetsiaalne pidurikonstruktsioon tagab t\u00e4pse pidurdusj\u00f5u.<br \/>\nVaiksem t\u00f6\u00f6 parema kasutajakogemuse jaoks: V\u00e4hendatud m\u00fcratasemed v\u00f5imaldavad sujuvamat ja mugavamat kasutamist.<br \/>\nV\u00f5imas j\u00f5udlus: 3-astmeline planetaar\u00fclekanne maksimeerib p\u00f6\u00f6rdemomendi, s\u00e4ilitades sujuva t\u00f6\u00f6.<br \/>\nLaetav 2-in-1 juhtmevaba\/juhtmega kaugjuhtimispult<br \/>\nVarustatud Armortek Extreme s\u00fcnteetilise trossiga, mis on turul k\u00f5ige arenenum s\u00fcnteetiline tross v\u00e4lise 24-kiulise lisakulumiskaitsega kogu pikkuses.<\/p>\n","protected":false},"featured_media":32286,"comment_status":"open","ping_status":"closed","template":"","meta":[],"product_brand":[292],"product_cat":[328],"product_tag":[330,360,384,329],"class_list":{"0":"post-33400","1":"product","2":"type-product","3":"status-publish","4":"has-post-thumbnail","6":"product_brand-warrior-winches","7":"product_cat-vintsid","8":"product_tag-elektrivints","9":"product_tag-sunteetiline-kois","10":"product_tag-titan","11":"product_tag-vints","13":"first","14":"instock","15":"taxable","16":"shipping-taxable","17":"purchasable","18":"product-type-simple"},"yoast_head":"<!-- This site is optimized with the Yoast SEO Premium plugin v27.5 (Yoast SEO v27.5) - https:\/\/yoast.com\/product\/yoast-seo-premium-wordpress\/ -->\n<title>Titan 4500 elektriline vintsid 24V - armortek extreme - Champion Baltics<\/title>\n<meta name=\"description\" content=\"Warrior Titan 4500 elektriline vintsid 24V s\u00fcnteetilise k\u00f6iega \u2013 IP67-sertifikaadiga, t\u00e4ismetallist korpus, t\u00e4iustatud pidurduss\u00fcsteem. M\u00f5eldud ATV, UTV ja haagise kasutamiseks 5-aastase garantiiga.\" \/>\n<meta name=\"robots\" content=\"index, follow, max-snippet:-1, max-image-preview:large, max-video-preview:-1\" \/>\n<link rel=\"canonical\" href=\"https:\/\/championbaltics.com\/et\/toode\/titan-4500-elektriline-vintsid-24v-armortek-extreme\/\" \/>\n<meta property=\"og:locale\" content=\"et_EE\" \/>\n<meta property=\"og:type\" content=\"article\" \/>\n<meta property=\"og:title\" content=\"Titan 4500 elektriline vintsid 24V - armortek extreme\" \/>\n<meta property=\"og:description\" content=\"Warrior Titan 4500 elektriline vintsid 24V s\u00fcnteetilise k\u00f6iega \u2013 IP67-sertifikaadiga, t\u00e4ismetallist korpus, t\u00e4iustatud pidurduss\u00fcsteem. M\u00f5eldud ATV, UTV ja haagise kasutamiseks 5-aastase garantiiga.\" \/>\n<meta property=\"og:url\" content=\"https:\/\/championbaltics.com\/et\/toode\/titan-4500-elektriline-vintsid-24v-armortek-extreme\/\" \/>\n<meta property=\"og:site_name\" content=\"Champion Baltics\" \/>\n<meta property=\"article:publisher\" content=\"https:\/\/facebook.com\/championbaltics\" \/>\n<meta property=\"og:image\" content=\"https:\/\/championbaltics.com\/wp-content\/uploads\/2025\/11\/WW_Titan-45TTAU_EU_front-view-scaled.webp\" \/>\n\t<meta property=\"og:image:width\" content=\"1920\" \/>\n\t<meta property=\"og:image:height\" content=\"1920\" \/>\n\t<meta property=\"og:image:type\" content=\"image\/webp\" \/>\n<meta name=\"twitter:card\" content=\"summary_large_image\" \/>\n<meta name=\"twitter:label1\" content=\"Price\" \/>\n\t<meta name=\"twitter:data1\" content=\"649,00&nbsp;&euro;\" \/>\n\t<meta name=\"twitter:label2\" content=\"Availability\" \/>\n\t<meta name=\"twitter:data2\" content=\"In stock\" \/>\n<script type=\"application\/ld+json\" class=\"yoast-schema-graph\">{\"@context\":\"https:\\\/\\\/schema.org\",\"@graph\":[{\"@type\":\"WebPage\",\"@id\":\"https:\\\/\\\/championbaltics.com\\\/et\\\/toode\\\/titan-4500-elektriline-vintsid-24v-armortek-extreme\\\/\",\"url\":\"https:\\\/\\\/championbaltics.com\\\/et\\\/toode\\\/titan-4500-elektriline-vintsid-24v-armortek-extreme\\\/\",\"name\":\"Titan 4500 elektriline vintsid 24V - armortek extreme - Champion Baltics\",\"isPartOf\":{\"@id\":\"https:\\\/\\\/championbaltics.com\\\/et\\\/#website\"},\"primaryImageOfPage\":{\"@id\":\"https:\\\/\\\/championbaltics.com\\\/et\\\/toode\\\/titan-4500-elektriline-vintsid-24v-armortek-extreme\\\/#primaryimage\"},\"image\":{\"@id\":\"https:\\\/\\\/championbaltics.com\\\/et\\\/toode\\\/titan-4500-elektriline-vintsid-24v-armortek-extreme\\\/#primaryimage\"},\"thumbnailUrl\":\"https:\\\/\\\/championbaltics.com\\\/wp-content\\\/uploads\\\/2025\\\/11\\\/WW_Titan-45TTAU_EU_front-view-scaled.webp\",\"datePublished\":\"2025-11-04T13:58:13+00:00\",\"description\":\"Warrior Titan 4500 elektriline vintsid 24V s\u00fcnteetilise k\u00f6iega \u2013 IP67-sertifikaadiga, t\u00e4ismetallist korpus, t\u00e4iustatud pidurduss\u00fcsteem. M\u00f5eldud ATV, UTV ja haagise kasutamiseks 5-aastase garantiiga.\",\"breadcrumb\":{\"@id\":\"https:\\\/\\\/championbaltics.com\\\/et\\\/toode\\\/titan-4500-elektriline-vintsid-24v-armortek-extreme\\\/#breadcrumb\"},\"inLanguage\":\"et\",\"potentialAction\":[{\"@type\":\"ReadAction\",\"target\":[\"https:\\\/\\\/championbaltics.com\\\/et\\\/toode\\\/titan-4500-elektriline-vintsid-24v-armortek-extreme\\\/\"]}]},{\"@type\":\"ImageObject\",\"inLanguage\":\"et\",\"@id\":\"https:\\\/\\\/championbaltics.com\\\/et\\\/toode\\\/titan-4500-elektriline-vintsid-24v-armortek-extreme\\\/#primaryimage\",\"url\":\"https:\\\/\\\/championbaltics.com\\\/wp-content\\\/uploads\\\/2025\\\/11\\\/WW_Titan-45TTAU_EU_front-view-scaled.webp\",\"contentUrl\":\"https:\\\/\\\/championbaltics.com\\\/wp-content\\\/uploads\\\/2025\\\/11\\\/WW_Titan-45TTAU_EU_front-view-scaled.webp\",\"width\":1920,\"height\":1920,\"caption\":\"winch front view\"},{\"@type\":\"BreadcrumbList\",\"@id\":\"https:\\\/\\\/championbaltics.com\\\/et\\\/toode\\\/titan-4500-elektriline-vintsid-24v-armortek-extreme\\\/#breadcrumb\",\"itemListElement\":[{\"@type\":\"ListItem\",\"position\":1,\"name\":\"Home\",\"item\":\"https:\\\/\\\/championbaltics.com\\\/et\\\/\"},{\"@type\":\"ListItem\",\"position\":2,\"name\":\"Pood\",\"item\":\"https:\\\/\\\/championbaltics.com\\\/et\\\/pood\\\/\"},{\"@type\":\"ListItem\",\"position\":3,\"name\":\"Titan 4500 elektriline vintsid 24V &#8211; armortek extreme\"}]},{\"@type\":\"WebSite\",\"@id\":\"https:\\\/\\\/championbaltics.com\\\/et\\\/#website\",\"url\":\"https:\\\/\\\/championbaltics.com\\\/et\\\/\",\"name\":\"Champion Baltics\",\"description\":\"Power equipments\",\"publisher\":{\"@id\":\"https:\\\/\\\/championbaltics.com\\\/et\\\/#organization\"},\"alternateName\":\"Champion Power Equipment\",\"potentialAction\":[{\"@type\":\"SearchAction\",\"target\":{\"@type\":\"EntryPoint\",\"urlTemplate\":\"https:\\\/\\\/championbaltics.com\\\/et\\\/?s={search_term_string}\"},\"query-input\":{\"@type\":\"PropertyValueSpecification\",\"valueRequired\":true,\"valueName\":\"search_term_string\"}}],\"inLanguage\":\"et\"},{\"@type\":[\"Organization\",\"Place\"],\"@id\":\"https:\\\/\\\/championbaltics.com\\\/et\\\/#organization\",\"name\":\"Champion Baltics\",\"alternateName\":\"Champion Power Equipment\",\"url\":\"https:\\\/\\\/championbaltics.com\\\/et\\\/\",\"logo\":{\"@id\":\"https:\\\/\\\/championbaltics.com\\\/et\\\/toode\\\/titan-4500-elektriline-vintsid-24v-armortek-extreme\\\/#local-main-organization-logo\"},\"image\":{\"@id\":\"https:\\\/\\\/championbaltics.com\\\/et\\\/toode\\\/titan-4500-elektriline-vintsid-24v-armortek-extreme\\\/#local-main-organization-logo\"},\"sameAs\":[\"https:\\\/\\\/facebook.com\\\/championbaltics\"],\"description\":\"Champion power equipment representer of State of Baltics\",\"legalName\":\"T.O Engineering LLC\",\"foundingDate\":\"2015-01-07\",\"numberOfEmployees\":{\"@type\":\"QuantitativeValue\",\"minValue\":\"1\",\"maxValue\":\"10\"},\"hasMerchantReturnPolicy\":{\"@type\":\"MerchantReturnPolicy\",\"merchantReturnLink\":\"https:\\\/\\\/championbaltics.com\\\/refund_returns\\\/\"},\"address\":{\"@id\":\"https:\\\/\\\/championbaltics.com\\\/et\\\/toode\\\/titan-4500-elektriline-vintsid-24v-armortek-extreme\\\/#local-main-place-address\"},\"telephone\":[],\"contactPoint\":{\"@type\":\"ContactPoint\",\"telephone\":\"+3725204833\",\"email\":\"info@championbaltics.com\"},\"openingHoursSpecification\":[{\"@type\":\"OpeningHoursSpecification\",\"dayOfWeek\":[\"Monday\",\"Tuesday\",\"Wednesday\",\"Thursday\",\"Friday\",\"Saturday\",\"Sunday\"],\"opens\":\"09:00\",\"closes\":\"17:00\"}],\"email\":\"info@championbaltics.com\",\"vatID\":\"EE102032772\"},{\"@type\":\"PostalAddress\",\"@id\":\"https:\\\/\\\/championbaltics.com\\\/et\\\/toode\\\/titan-4500-elektriline-vintsid-24v-armortek-extreme\\\/#local-main-place-address\",\"streetAddress\":\"P\u00e4rnu mnt 144\",\"addressLocality\":\"Tallinn\",\"postalCode\":\"11317\",\"addressRegion\":\"Harju\",\"addressCountry\":\"EE\"},{\"@type\":\"ImageObject\",\"inLanguage\":\"et\",\"@id\":\"https:\\\/\\\/championbaltics.com\\\/et\\\/toode\\\/titan-4500-elektriline-vintsid-24v-armortek-extreme\\\/#local-main-organization-logo\",\"url\":\"https:\\\/\\\/championbaltics.com\\\/wp-content\\\/uploads\\\/2025\\\/08\\\/cropped-ChampionBalticsLogo.webp\",\"contentUrl\":\"https:\\\/\\\/championbaltics.com\\\/wp-content\\\/uploads\\\/2025\\\/08\\\/cropped-ChampionBalticsLogo.webp\",\"width\":512,\"height\":512,\"caption\":\"Champion Baltics\"}]}<\/script>\n<meta property=\"product:brand\" content=\"Warrior Winches\" \/>\n<meta property=\"product:price:amount\" content=\"649.00\" \/>\n<meta property=\"product:price:currency\" content=\"EUR\" \/>\n<meta property=\"og:availability\" content=\"instock\" \/>\n<meta property=\"product:availability\" content=\"instock\" \/>\n<meta property=\"product:retailer_item_id\" content=\"45TTAU24\" \/>\n<meta property=\"product:condition\" content=\"new\" \/>\n<meta name=\"geo.placename\" content=\"Tallinn\" \/>\n<meta name=\"geo.region\" content=\"Estonia\" \/>\n<!-- \/ Yoast SEO Premium plugin. -->","yoast_head_json":{"title":"Titan 4500 elektriline vintsid 24V - armortek extreme - Champion Baltics","description":"Warrior Titan 4500 elektriline vintsid 24V s\u00fcnteetilise k\u00f6iega \u2013 IP67-sertifikaadiga, t\u00e4ismetallist korpus, t\u00e4iustatud pidurduss\u00fcsteem. M\u00f5eldud ATV, UTV ja haagise kasutamiseks 5-aastase garantiiga.","robots":{"index":"index","follow":"follow","max-snippet":"max-snippet:-1","max-image-preview":"max-image-preview:large","max-video-preview":"max-video-preview:-1"},"canonical":"https:\/\/championbaltics.com\/et\/toode\/titan-4500-elektriline-vintsid-24v-armortek-extreme\/","og_locale":"et_EE","og_type":"article","og_title":"Titan 4500 elektriline vintsid 24V - armortek extreme","og_description":"Warrior Titan 4500 elektriline vintsid 24V s\u00fcnteetilise k\u00f6iega \u2013 IP67-sertifikaadiga, t\u00e4ismetallist korpus, t\u00e4iustatud pidurduss\u00fcsteem. M\u00f5eldud ATV, UTV ja haagise kasutamiseks 5-aastase garantiiga.","og_url":"https:\/\/championbaltics.com\/et\/toode\/titan-4500-elektriline-vintsid-24v-armortek-extreme\/","og_site_name":"Champion Baltics","article_publisher":"https:\/\/facebook.com\/championbaltics","og_image":[{"width":1920,"height":1920,"url":"https:\/\/championbaltics.com\/wp-content\/uploads\/2025\/11\/WW_Titan-45TTAU_EU_front-view-scaled.webp","type":"image\/webp"}],"twitter_card":"summary_large_image","twitter_misc":{"Price":"649,00&nbsp;&euro;","Availability":"In stock"},"schema":{"@context":"https:\/\/schema.org","@graph":[{"@type":"WebPage","@id":"https:\/\/championbaltics.com\/et\/toode\/titan-4500-elektriline-vintsid-24v-armortek-extreme\/","url":"https:\/\/championbaltics.com\/et\/toode\/titan-4500-elektriline-vintsid-24v-armortek-extreme\/","name":"Titan 4500 elektriline vintsid 24V - armortek extreme - Champion Baltics","isPartOf":{"@id":"https:\/\/championbaltics.com\/et\/#website"},"primaryImageOfPage":{"@id":"https:\/\/championbaltics.com\/et\/toode\/titan-4500-elektriline-vintsid-24v-armortek-extreme\/#primaryimage"},"image":{"@id":"https:\/\/championbaltics.com\/et\/toode\/titan-4500-elektriline-vintsid-24v-armortek-extreme\/#primaryimage"},"thumbnailUrl":"https:\/\/championbaltics.com\/wp-content\/uploads\/2025\/11\/WW_Titan-45TTAU_EU_front-view-scaled.webp","datePublished":"2025-11-04T13:58:13+00:00","description":"Warrior Titan 4500 elektriline vintsid 24V s\u00fcnteetilise k\u00f6iega \u2013 IP67-sertifikaadiga, t\u00e4ismetallist korpus, t\u00e4iustatud pidurduss\u00fcsteem. M\u00f5eldud ATV, UTV ja haagise kasutamiseks 5-aastase garantiiga.","breadcrumb":{"@id":"https:\/\/championbaltics.com\/et\/toode\/titan-4500-elektriline-vintsid-24v-armortek-extreme\/#breadcrumb"},"inLanguage":"et","potentialAction":[{"@type":"ReadAction","target":["https:\/\/championbaltics.com\/et\/toode\/titan-4500-elektriline-vintsid-24v-armortek-extreme\/"]}]},{"@type":"ImageObject","inLanguage":"et","@id":"https:\/\/championbaltics.com\/et\/toode\/titan-4500-elektriline-vintsid-24v-armortek-extreme\/#primaryimage","url":"https:\/\/championbaltics.com\/wp-content\/uploads\/2025\/11\/WW_Titan-45TTAU_EU_front-view-scaled.webp","contentUrl":"https:\/\/championbaltics.com\/wp-content\/uploads\/2025\/11\/WW_Titan-45TTAU_EU_front-view-scaled.webp","width":1920,"height":1920,"caption":"winch front view"},{"@type":"BreadcrumbList","@id":"https:\/\/championbaltics.com\/et\/toode\/titan-4500-elektriline-vintsid-24v-armortek-extreme\/#breadcrumb","itemListElement":[{"@type":"ListItem","position":1,"name":"Home","item":"https:\/\/championbaltics.com\/et\/"},{"@type":"ListItem","position":2,"name":"Pood","item":"https:\/\/championbaltics.com\/et\/pood\/"},{"@type":"ListItem","position":3,"name":"Titan 4500 elektriline vintsid 24V &#8211; armortek extreme"}]},{"@type":"WebSite","@id":"https:\/\/championbaltics.com\/et\/#website","url":"https:\/\/championbaltics.com\/et\/","name":"Champion Baltics","description":"Power equipments","publisher":{"@id":"https:\/\/championbaltics.com\/et\/#organization"},"alternateName":"Champion Power Equipment","potentialAction":[{"@type":"SearchAction","target":{"@type":"EntryPoint","urlTemplate":"https:\/\/championbaltics.com\/et\/?s={search_term_string}"},"query-input":{"@type":"PropertyValueSpecification","valueRequired":true,"valueName":"search_term_string"}}],"inLanguage":"et"},{"@type":["Organization","Place"],"@id":"https:\/\/championbaltics.com\/et\/#organization","name":"Champion Baltics","alternateName":"Champion Power Equipment","url":"https:\/\/championbaltics.com\/et\/","logo":{"@id":"https:\/\/championbaltics.com\/et\/toode\/titan-4500-elektriline-vintsid-24v-armortek-extreme\/#local-main-organization-logo"},"image":{"@id":"https:\/\/championbaltics.com\/et\/toode\/titan-4500-elektriline-vintsid-24v-armortek-extreme\/#local-main-organization-logo"},"sameAs":["https:\/\/facebook.com\/championbaltics"],"description":"Champion power equipment representer of State of Baltics","legalName":"T.O Engineering LLC","foundingDate":"2015-01-07","numberOfEmployees":{"@type":"QuantitativeValue","minValue":"1","maxValue":"10"},"hasMerchantReturnPolicy":{"@type":"MerchantReturnPolicy","merchantReturnLink":"https:\/\/championbaltics.com\/refund_returns\/"},"address":{"@id":"https:\/\/championbaltics.com\/et\/toode\/titan-4500-elektriline-vintsid-24v-armortek-extreme\/#local-main-place-address"},"telephone":[],"contactPoint":{"@type":"ContactPoint","telephone":"+3725204833","email":"info@championbaltics.com"},"openingHoursSpecification":[{"@type":"OpeningHoursSpecification","dayOfWeek":["Monday","Tuesday","Wednesday","Thursday","Friday","Saturday","Sunday"],"opens":"09:00","closes":"17:00"}],"email":"info@championbaltics.com","vatID":"EE102032772"},{"@type":"PostalAddress","@id":"https:\/\/championbaltics.com\/et\/toode\/titan-4500-elektriline-vintsid-24v-armortek-extreme\/#local-main-place-address","streetAddress":"P\u00e4rnu mnt 144","addressLocality":"Tallinn","postalCode":"11317","addressRegion":"Harju","addressCountry":"EE"},{"@type":"ImageObject","inLanguage":"et","@id":"https:\/\/championbaltics.com\/et\/toode\/titan-4500-elektriline-vintsid-24v-armortek-extreme\/#local-main-organization-logo","url":"https:\/\/championbaltics.com\/wp-content\/uploads\/2025\/08\/cropped-ChampionBalticsLogo.webp","contentUrl":"https:\/\/championbaltics.com\/wp-content\/uploads\/2025\/08\/cropped-ChampionBalticsLogo.webp","width":512,"height":512,"caption":"Champion Baltics"}]},"product_brand":"Warrior Winches","product_price_amount":"649.00","product_price_currency":"EUR","og_availability":"instock","product_availability":"instock","product_retailer_item_id":"45TTAU24","product_condition":"new","geo.placename":"Tallinn","geo.region":"Estonia"},"_links":{"self":[{"href":"https:\/\/championbaltics.com\/et\/wp-json\/wp\/v2\/product\/33400","targetHints":{"allow":["GET"]}}],"collection":[{"href":"https:\/\/championbaltics.com\/et\/wp-json\/wp\/v2\/product"}],"about":[{"href":"https:\/\/championbaltics.com\/et\/wp-json\/wp\/v2\/types\/product"}],"replies":[{"embeddable":true,"href":"https:\/\/championbaltics.com\/et\/wp-json\/wp\/v2\/comments?post=33400"}],"version-history":[{"count":0,"href":"https:\/\/championbaltics.com\/et\/wp-json\/wp\/v2\/product\/33400\/revisions"}],"wp:featuredmedia":[{"embeddable":true,"href":"https:\/\/championbaltics.com\/et\/wp-json\/wp\/v2\/media\/32286"}],"wp:attachment":[{"href":"https:\/\/championbaltics.com\/et\/wp-json\/wp\/v2\/media?parent=33400"}],"wp:term":[{"taxonomy":"product_brand","embeddable":true,"href":"https:\/\/championbaltics.com\/et\/wp-json\/wp\/v2\/product_brand?post=33400"},{"taxonomy":"product_cat","embeddable":true,"href":"https:\/\/championbaltics.com\/et\/wp-json\/wp\/v2\/product_cat?post=33400"},{"taxonomy":"product_tag","embeddable":true,"href":"https:\/\/championbaltics.com\/et\/wp-json\/wp\/v2\/product_tag?post=33400"}],"curies":[{"name":"wp","href":"https:\/\/api.w.org\/{rel}","templated":true}]}}