{"id":33550,"date":"2025-11-03T16:11:52","date_gmt":"2025-11-03T16:11:52","guid":{"rendered":"https:\/\/championbaltics.com\/toode\/samurai-14500-elektriline-vints-12v-terastrossiga\/"},"modified":"2025-11-03T16:11:52","modified_gmt":"2025-11-03T16:11:52","slug":"samurai-14500-elektriline-vints-12v-terastrossiga","status":"publish","type":"product","link":"https:\/\/championbaltics.com\/et\/toode\/samurai-14500-elektriline-vints-12v-terastrossiga\/","title":{"rendered":"Samurai 14500 elektriline vints 12V \u2013 terastrossiga"},"content":{"rendered":"<div class=\"elementor-element elementor-element-bff7dea elementor-widget elementor-widget-theme-post-title elementor-page-title elementor-widget-heading\" data-id=\"bff7dea\" data-element_type=\"widget\" data-widget_type=\"theme-post-title.default\">\n<div class=\"elementor-element elementor-element-bff7dea elementor-widget elementor-widget-theme-post-title elementor-page-title elementor-widget-heading\" data-id=\"bff7dea\" data-element_type=\"widget\" data-widget_type=\"theme-post-title.default\">\n<div class=\"elementor-element elementor-element-bff7dea elementor-widget elementor-widget-theme-post-title elementor-page-title elementor-widget-heading\" data-id=\"bff7dea\" data-element_type=\"widget\" data-widget_type=\"theme-post-title.default\">\n<div class=\"elementor-element elementor-element-bff7dea elementor-widget elementor-widget-theme-post-title elementor-page-title elementor-widget-heading\" data-id=\"bff7dea\" data-element_type=\"widget\" data-widget_type=\"theme-post-title.default\">\n<div class=\"elementor-element elementor-element-bff7dea elementor-widget elementor-widget-theme-post-title elementor-page-title elementor-widget-heading\" data-id=\"bff7dea\" data-element_type=\"widget\" data-widget_type=\"theme-post-title.default\">\n<div class=\"elementor-element elementor-element-bff7dea elementor-widget elementor-widget-theme-post-title elementor-page-title elementor-widget-heading\" data-id=\"bff7dea\" data-element_type=\"widget\" data-widget_type=\"theme-post-title.default\">\n<div class=\"elementor-element elementor-element-bff7dea elementor-widget elementor-widget-theme-post-title elementor-page-title elementor-widget-heading\" data-id=\"bff7dea\" data-element_type=\"widget\" data-widget_type=\"theme-post-title.default\">\n<div class=\"elementor-element elementor-element-bff7dea elementor-widget elementor-widget-theme-post-title elementor-page-title elementor-widget-heading\" data-id=\"bff7dea\" data-element_type=\"widget\" data-widget_type=\"theme-post-title.default\">\n<h2 class=\"elementor-heading-title elementor-size-default\"><span dir=\"auto\">Samurai 14500 elektriline vints 12V \u2013 terastrossiga<\/span><\/h2>\n<\/div>\n<div class=\"elementor-element elementor-element-a536ae3 elementor-widget elementor-widget-jet-listing-dynamic-field\" data-id=\"a536ae3\" data-element_type=\"widget\" data-widget_type=\"jet-listing-dynamic-field.default\">\n<div class=\"jet-listing jet-listing-dynamic-field display-inline\">\n<div class=\"jet-listing-dynamic-field__inline-wrap\">\n<div class=\"jet-listing-dynamic-field__content\">\n<p><span dir=\"auto\">Warrior Winches&#8217;i Samurai seeria on n\u00fc\u00fcd teise p\u00f5lvkonna ja saadaval erinevates suurustes ja variatsioonides nii 12V kui ka 24V. K\u00f5ik seeria mudelid on varustatud revolutsioonilise v\u00e4lise piduriga, mis v\u00e4hendab trumli kuumenemist ja tagab, et see suudab peatudes ja v\u00e4lja t\u00f5mmates t\u00e4iskoormust hoida. <\/span><\/p>\n<p><span dir=\"auto\">Samurai seeria on ideaalne vints 4\u00d74, suurematele haagistele v\u00f5i professionaalseteks p\u00e4\u00e4stet\u00f6\u00f6deks. Oleme seeria varustanud muu hulgas seerialakitud topeltkinnise mootoriga, v\u00f5imsa 600A h\u00f5bedaga solenoidiga, IP68-reitinguga elektroonikaga, roostevabast terasest kinnituste ja juhttraadiga ning terasest planetaar\u00fclekandega. K\u00f5ik meie vintsid on enne pakendamist koormus- ja piduritestitud ning kolme aasta garantiiga v\u00f5ite olla kindel, et saate parima v\u00f5imaliku kvaliteedi.  <\/span><\/p>\n<p><span dir=\"auto\">Samurai 14500 on karm t\u00f6\u00f6loom, mis suudab t\u00f5mmata kuni 6,6 tonni. Sellel mudelil on 25 meetrit terastrossi ja k\u00f5ik, mida vajate vintsiga t\u00f6\u00f6tamiseks, on pakendis kaasas, sealhulgas eelpaigaldatud juhtmevaba kaugjuhtimispult. <\/span><\/p>\n<p><span dir=\"auto\">Kinnitusplaat IST600 on saadaval lisavarustusena<\/span><\/p>\n<\/div>\n<\/div>\n<\/div>\n<\/div>\n<\/div>\n<\/div>\n<\/div>\n<\/div>\n<\/div>\n<\/div>\n<\/div>\n","protected":false},"excerpt":{"rendered":"<p><span dir=\"auto\">Samurai 14500 on karm t\u00f6\u00f6loom, mis suudab t\u00f5mmata kuni 6,6 tonni. Sellel mudelil on 25 meetrit terastrossi ja k\u00f5ik, mida vajate vintsiga t\u00f6\u00f6tamiseks, on pakendis kaasas, sealhulgas eelpaigaldatud juhtmevaba kaugjuhtimispult. <\/span><\/p>\n<p>Omadused:<\/p>\n<p>Messinglakitud mootor, korrosioonivaba<br \/>\nTopeltkinnine mootor<br \/>\nSuletud, veekindlad kontaktorid<br \/>\nT\u00e4iendav terasest kontaktori kate t\u00f6\u00f6kindluse suurendamiseks<br \/>\nTopeltkinnine trummel (k\u00e4igukast\/mootor)<br \/>\nSuletud 3-astmeline planetaar\u00fclekanne<br \/>\n4-suunaline roostevabast terasest juhttraat<br \/>\nIntegreeritud juhtmevaba kaugjuhtimispult<\/p>\n","protected":false},"featured_media":32554,"comment_status":"open","ping_status":"closed","template":"","meta":[],"product_brand":[292],"product_cat":[328],"product_tag":[330,349,393,331,329],"class_list":{"0":"post-33550","1":"product","2":"type-product","3":"status-publish","4":"has-post-thumbnail","6":"product_brand-warrior-winches","7":"product_cat-vintsid","8":"product_tag-elektrivints","9":"product_tag-premium","10":"product_tag-samurai","11":"product_tag-terastross","12":"product_tag-vints","14":"first","15":"instock","16":"taxable","17":"shipping-taxable","18":"purchasable","19":"product-type-simple"},"yoast_head":"<!-- This site is optimized with the Yoast SEO Premium plugin v27.5 (Yoast SEO v27.5) - https:\/\/yoast.com\/product\/yoast-seo-premium-wordpress\/ -->\n<title>Samurai 14500 elektriline vints 12V \u2013 terastrossiga - Champion Baltics<\/title>\n<meta name=\"description\" content=\"Samurai 14500 elektriline vints 12V terastrossiga \u2013 v\u00f5imas 6,6-tonnine t\u00f5mbej\u00f5ud, IP68-reitinguga elektroonika, v\u00e4line pidur, juhtmevaba kaugjuhtimispult ja 3-aastane garantii 4x4 ja p\u00e4\u00e4stet\u00f6\u00f6deks.\" \/>\n<meta name=\"robots\" content=\"index, follow, max-snippet:-1, max-image-preview:large, max-video-preview:-1\" \/>\n<link rel=\"canonical\" href=\"https:\/\/championbaltics.com\/et\/toode\/samurai-14500-elektriline-vints-12v-terastrossiga\/\" \/>\n<meta property=\"og:locale\" content=\"et_EE\" \/>\n<meta property=\"og:type\" content=\"article\" \/>\n<meta property=\"og:title\" content=\"Samurai 14500 elektriline vints 12V \u2013 terastrossiga\" \/>\n<meta property=\"og:description\" content=\"Samurai 14500 elektriline vints 12V terastrossiga \u2013 v\u00f5imas 6,6-tonnine t\u00f5mbej\u00f5ud, IP68-reitinguga elektroonika, v\u00e4line pidur, juhtmevaba kaugjuhtimispult ja 3-aastane garantii 4x4 ja p\u00e4\u00e4stet\u00f6\u00f6deks.\" \/>\n<meta property=\"og:url\" content=\"https:\/\/championbaltics.com\/et\/toode\/samurai-14500-elektriline-vints-12v-terastrossiga\/\" \/>\n<meta property=\"og:site_name\" content=\"Champion Baltics\" \/>\n<meta property=\"article:publisher\" content=\"https:\/\/facebook.com\/championbaltics\" \/>\n<meta property=\"og:image\" content=\"https:\/\/championbaltics.com\/wp-content\/uploads\/2025\/11\/WW_145VS_front-image-scaled.webp\" \/>\n\t<meta property=\"og:image:width\" content=\"1920\" \/>\n\t<meta property=\"og:image:height\" content=\"1199\" \/>\n\t<meta property=\"og:image:type\" content=\"image\/webp\" \/>\n<meta name=\"twitter:card\" content=\"summary_large_image\" \/>\n<meta name=\"twitter:label1\" content=\"Price\" \/>\n\t<meta name=\"twitter:data1\" content=\"929,00&nbsp;&euro;\" \/>\n\t<meta name=\"twitter:label2\" content=\"Availability\" \/>\n\t<meta name=\"twitter:data2\" content=\"In stock\" \/>\n<script type=\"application\/ld+json\" class=\"yoast-schema-graph\">{\"@context\":\"https:\\\/\\\/schema.org\",\"@graph\":[{\"@type\":\"WebPage\",\"@id\":\"https:\\\/\\\/championbaltics.com\\\/et\\\/toode\\\/samurai-14500-elektriline-vints-12v-terastrossiga\\\/\",\"url\":\"https:\\\/\\\/championbaltics.com\\\/et\\\/toode\\\/samurai-14500-elektriline-vints-12v-terastrossiga\\\/\",\"name\":\"Samurai 14500 elektriline vints 12V \u2013 terastrossiga - Champion Baltics\",\"isPartOf\":{\"@id\":\"https:\\\/\\\/championbaltics.com\\\/et\\\/#website\"},\"primaryImageOfPage\":{\"@id\":\"https:\\\/\\\/championbaltics.com\\\/et\\\/toode\\\/samurai-14500-elektriline-vints-12v-terastrossiga\\\/#primaryimage\"},\"image\":{\"@id\":\"https:\\\/\\\/championbaltics.com\\\/et\\\/toode\\\/samurai-14500-elektriline-vints-12v-terastrossiga\\\/#primaryimage\"},\"thumbnailUrl\":\"https:\\\/\\\/championbaltics.com\\\/wp-content\\\/uploads\\\/2025\\\/11\\\/WW_145VS_front-image-scaled.webp\",\"datePublished\":\"2025-11-03T16:11:52+00:00\",\"description\":\"Samurai 14500 elektriline vints 12V terastrossiga \u2013 v\u00f5imas 6,6-tonnine t\u00f5mbej\u00f5ud, IP68-reitinguga elektroonika, v\u00e4line pidur, juhtmevaba kaugjuhtimispult ja 3-aastane garantii 4x4 ja p\u00e4\u00e4stet\u00f6\u00f6deks.\",\"breadcrumb\":{\"@id\":\"https:\\\/\\\/championbaltics.com\\\/et\\\/toode\\\/samurai-14500-elektriline-vints-12v-terastrossiga\\\/#breadcrumb\"},\"inLanguage\":\"et\",\"potentialAction\":[{\"@type\":\"ReadAction\",\"target\":[\"https:\\\/\\\/championbaltics.com\\\/et\\\/toode\\\/samurai-14500-elektriline-vints-12v-terastrossiga\\\/\"]}]},{\"@type\":\"ImageObject\",\"inLanguage\":\"et\",\"@id\":\"https:\\\/\\\/championbaltics.com\\\/et\\\/toode\\\/samurai-14500-elektriline-vints-12v-terastrossiga\\\/#primaryimage\",\"url\":\"https:\\\/\\\/championbaltics.com\\\/wp-content\\\/uploads\\\/2025\\\/11\\\/WW_145VS_front-image-scaled.webp\",\"contentUrl\":\"https:\\\/\\\/championbaltics.com\\\/wp-content\\\/uploads\\\/2025\\\/11\\\/WW_145VS_front-image-scaled.webp\",\"width\":1920,\"height\":1199},{\"@type\":\"BreadcrumbList\",\"@id\":\"https:\\\/\\\/championbaltics.com\\\/et\\\/toode\\\/samurai-14500-elektriline-vints-12v-terastrossiga\\\/#breadcrumb\",\"itemListElement\":[{\"@type\":\"ListItem\",\"position\":1,\"name\":\"Home\",\"item\":\"https:\\\/\\\/championbaltics.com\\\/et\\\/\"},{\"@type\":\"ListItem\",\"position\":2,\"name\":\"Pood\",\"item\":\"https:\\\/\\\/championbaltics.com\\\/et\\\/pood\\\/\"},{\"@type\":\"ListItem\",\"position\":3,\"name\":\"Samurai 14500 elektriline vints 12V \u2013 terastrossiga\"}]},{\"@type\":\"WebSite\",\"@id\":\"https:\\\/\\\/championbaltics.com\\\/et\\\/#website\",\"url\":\"https:\\\/\\\/championbaltics.com\\\/et\\\/\",\"name\":\"Champion Baltics\",\"description\":\"Power equipments\",\"publisher\":{\"@id\":\"https:\\\/\\\/championbaltics.com\\\/et\\\/#organization\"},\"alternateName\":\"Champion Power Equipment\",\"potentialAction\":[{\"@type\":\"SearchAction\",\"target\":{\"@type\":\"EntryPoint\",\"urlTemplate\":\"https:\\\/\\\/championbaltics.com\\\/et\\\/?s={search_term_string}\"},\"query-input\":{\"@type\":\"PropertyValueSpecification\",\"valueRequired\":true,\"valueName\":\"search_term_string\"}}],\"inLanguage\":\"et\"},{\"@type\":[\"Organization\",\"Place\"],\"@id\":\"https:\\\/\\\/championbaltics.com\\\/et\\\/#organization\",\"name\":\"Champion Baltics\",\"alternateName\":\"Champion Power Equipment\",\"url\":\"https:\\\/\\\/championbaltics.com\\\/et\\\/\",\"logo\":{\"@id\":\"https:\\\/\\\/championbaltics.com\\\/et\\\/toode\\\/samurai-14500-elektriline-vints-12v-terastrossiga\\\/#local-main-organization-logo\"},\"image\":{\"@id\":\"https:\\\/\\\/championbaltics.com\\\/et\\\/toode\\\/samurai-14500-elektriline-vints-12v-terastrossiga\\\/#local-main-organization-logo\"},\"sameAs\":[\"https:\\\/\\\/facebook.com\\\/championbaltics\"],\"description\":\"Champion power equipment representer of State of Baltics\",\"legalName\":\"T.O Engineering LLC\",\"foundingDate\":\"2015-01-07\",\"numberOfEmployees\":{\"@type\":\"QuantitativeValue\",\"minValue\":\"1\",\"maxValue\":\"10\"},\"hasMerchantReturnPolicy\":{\"@type\":\"MerchantReturnPolicy\",\"merchantReturnLink\":\"https:\\\/\\\/championbaltics.com\\\/refund_returns\\\/\"},\"address\":{\"@id\":\"https:\\\/\\\/championbaltics.com\\\/et\\\/toode\\\/samurai-14500-elektriline-vints-12v-terastrossiga\\\/#local-main-place-address\"},\"telephone\":[],\"contactPoint\":{\"@type\":\"ContactPoint\",\"telephone\":\"+3725204833\",\"email\":\"info@championbaltics.com\"},\"openingHoursSpecification\":[{\"@type\":\"OpeningHoursSpecification\",\"dayOfWeek\":[\"Monday\",\"Tuesday\",\"Wednesday\",\"Thursday\",\"Friday\",\"Saturday\",\"Sunday\"],\"opens\":\"09:00\",\"closes\":\"17:00\"}],\"email\":\"info@championbaltics.com\",\"vatID\":\"EE102032772\"},{\"@type\":\"PostalAddress\",\"@id\":\"https:\\\/\\\/championbaltics.com\\\/et\\\/toode\\\/samurai-14500-elektriline-vints-12v-terastrossiga\\\/#local-main-place-address\",\"streetAddress\":\"P\u00e4rnu mnt 144\",\"addressLocality\":\"Tallinn\",\"postalCode\":\"11317\",\"addressRegion\":\"Harju\",\"addressCountry\":\"EE\"},{\"@type\":\"ImageObject\",\"inLanguage\":\"et\",\"@id\":\"https:\\\/\\\/championbaltics.com\\\/et\\\/toode\\\/samurai-14500-elektriline-vints-12v-terastrossiga\\\/#local-main-organization-logo\",\"url\":\"https:\\\/\\\/championbaltics.com\\\/wp-content\\\/uploads\\\/2025\\\/08\\\/cropped-ChampionBalticsLogo.webp\",\"contentUrl\":\"https:\\\/\\\/championbaltics.com\\\/wp-content\\\/uploads\\\/2025\\\/08\\\/cropped-ChampionBalticsLogo.webp\",\"width\":512,\"height\":512,\"caption\":\"Champion Baltics\"}]}<\/script>\n<meta property=\"product:brand\" content=\"Warrior Winches\" \/>\n<meta property=\"product:price:amount\" content=\"929.00\" \/>\n<meta property=\"product:price:currency\" content=\"EUR\" \/>\n<meta property=\"og:availability\" content=\"instock\" \/>\n<meta property=\"product:availability\" content=\"instock\" \/>\n<meta property=\"product:retailer_item_id\" content=\"145VS12\" \/>\n<meta property=\"product:condition\" content=\"new\" \/>\n<meta name=\"geo.placename\" content=\"Tallinn\" \/>\n<meta name=\"geo.region\" content=\"Estonia\" \/>\n<!-- \/ Yoast SEO Premium plugin. -->","yoast_head_json":{"title":"Samurai 14500 elektriline vints 12V \u2013 terastrossiga - Champion Baltics","description":"Samurai 14500 elektriline vints 12V terastrossiga \u2013 v\u00f5imas 6,6-tonnine t\u00f5mbej\u00f5ud, IP68-reitinguga elektroonika, v\u00e4line pidur, juhtmevaba kaugjuhtimispult ja 3-aastane garantii 4x4 ja p\u00e4\u00e4stet\u00f6\u00f6deks.","robots":{"index":"index","follow":"follow","max-snippet":"max-snippet:-1","max-image-preview":"max-image-preview:large","max-video-preview":"max-video-preview:-1"},"canonical":"https:\/\/championbaltics.com\/et\/toode\/samurai-14500-elektriline-vints-12v-terastrossiga\/","og_locale":"et_EE","og_type":"article","og_title":"Samurai 14500 elektriline vints 12V \u2013 terastrossiga","og_description":"Samurai 14500 elektriline vints 12V terastrossiga \u2013 v\u00f5imas 6,6-tonnine t\u00f5mbej\u00f5ud, IP68-reitinguga elektroonika, v\u00e4line pidur, juhtmevaba kaugjuhtimispult ja 3-aastane garantii 4x4 ja p\u00e4\u00e4stet\u00f6\u00f6deks.","og_url":"https:\/\/championbaltics.com\/et\/toode\/samurai-14500-elektriline-vints-12v-terastrossiga\/","og_site_name":"Champion Baltics","article_publisher":"https:\/\/facebook.com\/championbaltics","og_image":[{"width":1920,"height":1199,"url":"https:\/\/championbaltics.com\/wp-content\/uploads\/2025\/11\/WW_145VS_front-image-scaled.webp","type":"image\/webp"}],"twitter_card":"summary_large_image","twitter_misc":{"Price":"929,00&nbsp;&euro;","Availability":"In stock"},"schema":{"@context":"https:\/\/schema.org","@graph":[{"@type":"WebPage","@id":"https:\/\/championbaltics.com\/et\/toode\/samurai-14500-elektriline-vints-12v-terastrossiga\/","url":"https:\/\/championbaltics.com\/et\/toode\/samurai-14500-elektriline-vints-12v-terastrossiga\/","name":"Samurai 14500 elektriline vints 12V \u2013 terastrossiga - Champion Baltics","isPartOf":{"@id":"https:\/\/championbaltics.com\/et\/#website"},"primaryImageOfPage":{"@id":"https:\/\/championbaltics.com\/et\/toode\/samurai-14500-elektriline-vints-12v-terastrossiga\/#primaryimage"},"image":{"@id":"https:\/\/championbaltics.com\/et\/toode\/samurai-14500-elektriline-vints-12v-terastrossiga\/#primaryimage"},"thumbnailUrl":"https:\/\/championbaltics.com\/wp-content\/uploads\/2025\/11\/WW_145VS_front-image-scaled.webp","datePublished":"2025-11-03T16:11:52+00:00","description":"Samurai 14500 elektriline vints 12V terastrossiga \u2013 v\u00f5imas 6,6-tonnine t\u00f5mbej\u00f5ud, IP68-reitinguga elektroonika, v\u00e4line pidur, juhtmevaba kaugjuhtimispult ja 3-aastane garantii 4x4 ja p\u00e4\u00e4stet\u00f6\u00f6deks.","breadcrumb":{"@id":"https:\/\/championbaltics.com\/et\/toode\/samurai-14500-elektriline-vints-12v-terastrossiga\/#breadcrumb"},"inLanguage":"et","potentialAction":[{"@type":"ReadAction","target":["https:\/\/championbaltics.com\/et\/toode\/samurai-14500-elektriline-vints-12v-terastrossiga\/"]}]},{"@type":"ImageObject","inLanguage":"et","@id":"https:\/\/championbaltics.com\/et\/toode\/samurai-14500-elektriline-vints-12v-terastrossiga\/#primaryimage","url":"https:\/\/championbaltics.com\/wp-content\/uploads\/2025\/11\/WW_145VS_front-image-scaled.webp","contentUrl":"https:\/\/championbaltics.com\/wp-content\/uploads\/2025\/11\/WW_145VS_front-image-scaled.webp","width":1920,"height":1199},{"@type":"BreadcrumbList","@id":"https:\/\/championbaltics.com\/et\/toode\/samurai-14500-elektriline-vints-12v-terastrossiga\/#breadcrumb","itemListElement":[{"@type":"ListItem","position":1,"name":"Home","item":"https:\/\/championbaltics.com\/et\/"},{"@type":"ListItem","position":2,"name":"Pood","item":"https:\/\/championbaltics.com\/et\/pood\/"},{"@type":"ListItem","position":3,"name":"Samurai 14500 elektriline vints 12V \u2013 terastrossiga"}]},{"@type":"WebSite","@id":"https:\/\/championbaltics.com\/et\/#website","url":"https:\/\/championbaltics.com\/et\/","name":"Champion Baltics","description":"Power equipments","publisher":{"@id":"https:\/\/championbaltics.com\/et\/#organization"},"alternateName":"Champion Power Equipment","potentialAction":[{"@type":"SearchAction","target":{"@type":"EntryPoint","urlTemplate":"https:\/\/championbaltics.com\/et\/?s={search_term_string}"},"query-input":{"@type":"PropertyValueSpecification","valueRequired":true,"valueName":"search_term_string"}}],"inLanguage":"et"},{"@type":["Organization","Place"],"@id":"https:\/\/championbaltics.com\/et\/#organization","name":"Champion Baltics","alternateName":"Champion Power Equipment","url":"https:\/\/championbaltics.com\/et\/","logo":{"@id":"https:\/\/championbaltics.com\/et\/toode\/samurai-14500-elektriline-vints-12v-terastrossiga\/#local-main-organization-logo"},"image":{"@id":"https:\/\/championbaltics.com\/et\/toode\/samurai-14500-elektriline-vints-12v-terastrossiga\/#local-main-organization-logo"},"sameAs":["https:\/\/facebook.com\/championbaltics"],"description":"Champion power equipment representer of State of Baltics","legalName":"T.O Engineering LLC","foundingDate":"2015-01-07","numberOfEmployees":{"@type":"QuantitativeValue","minValue":"1","maxValue":"10"},"hasMerchantReturnPolicy":{"@type":"MerchantReturnPolicy","merchantReturnLink":"https:\/\/championbaltics.com\/refund_returns\/"},"address":{"@id":"https:\/\/championbaltics.com\/et\/toode\/samurai-14500-elektriline-vints-12v-terastrossiga\/#local-main-place-address"},"telephone":[],"contactPoint":{"@type":"ContactPoint","telephone":"+3725204833","email":"info@championbaltics.com"},"openingHoursSpecification":[{"@type":"OpeningHoursSpecification","dayOfWeek":["Monday","Tuesday","Wednesday","Thursday","Friday","Saturday","Sunday"],"opens":"09:00","closes":"17:00"}],"email":"info@championbaltics.com","vatID":"EE102032772"},{"@type":"PostalAddress","@id":"https:\/\/championbaltics.com\/et\/toode\/samurai-14500-elektriline-vints-12v-terastrossiga\/#local-main-place-address","streetAddress":"P\u00e4rnu mnt 144","addressLocality":"Tallinn","postalCode":"11317","addressRegion":"Harju","addressCountry":"EE"},{"@type":"ImageObject","inLanguage":"et","@id":"https:\/\/championbaltics.com\/et\/toode\/samurai-14500-elektriline-vints-12v-terastrossiga\/#local-main-organization-logo","url":"https:\/\/championbaltics.com\/wp-content\/uploads\/2025\/08\/cropped-ChampionBalticsLogo.webp","contentUrl":"https:\/\/championbaltics.com\/wp-content\/uploads\/2025\/08\/cropped-ChampionBalticsLogo.webp","width":512,"height":512,"caption":"Champion Baltics"}]},"product_brand":"Warrior Winches","product_price_amount":"929.00","product_price_currency":"EUR","og_availability":"instock","product_availability":"instock","product_retailer_item_id":"145VS12","product_condition":"new","geo.placename":"Tallinn","geo.region":"Estonia"},"_links":{"self":[{"href":"https:\/\/championbaltics.com\/et\/wp-json\/wp\/v2\/product\/33550","targetHints":{"allow":["GET"]}}],"collection":[{"href":"https:\/\/championbaltics.com\/et\/wp-json\/wp\/v2\/product"}],"about":[{"href":"https:\/\/championbaltics.com\/et\/wp-json\/wp\/v2\/types\/product"}],"replies":[{"embeddable":true,"href":"https:\/\/championbaltics.com\/et\/wp-json\/wp\/v2\/comments?post=33550"}],"version-history":[{"count":0,"href":"https:\/\/championbaltics.com\/et\/wp-json\/wp\/v2\/product\/33550\/revisions"}],"wp:featuredmedia":[{"embeddable":true,"href":"https:\/\/championbaltics.com\/et\/wp-json\/wp\/v2\/media\/32554"}],"wp:attachment":[{"href":"https:\/\/championbaltics.com\/et\/wp-json\/wp\/v2\/media?parent=33550"}],"wp:term":[{"taxonomy":"product_brand","embeddable":true,"href":"https:\/\/championbaltics.com\/et\/wp-json\/wp\/v2\/product_brand?post=33550"},{"taxonomy":"product_cat","embeddable":true,"href":"https:\/\/championbaltics.com\/et\/wp-json\/wp\/v2\/product_cat?post=33550"},{"taxonomy":"product_tag","embeddable":true,"href":"https:\/\/championbaltics.com\/et\/wp-json\/wp\/v2\/product_tag?post=33550"}],"curies":[{"name":"wp","href":"https:\/\/api.w.org\/{rel}","templated":true}]}}