{"id":33808,"date":"2025-11-03T15:40:32","date_gmt":"2025-11-03T15:40:32","guid":{"rendered":"https:\/\/championbaltics.com\/toode\/samurai-9500-luhike-trummel-elektriline-vintsid-12v-sunteetilise-koiega\/"},"modified":"2025-11-03T15:40:32","modified_gmt":"2025-11-03T15:40:32","slug":"samurai-9500-luhike-trummel-elektriline-vintsid-12v-sunteetilise-koiega","status":"publish","type":"product","link":"https:\/\/championbaltics.com\/et\/toode\/samurai-9500-luhike-trummel-elektriline-vintsid-12v-sunteetilise-koiega\/","title":{"rendered":"Samurai 9500 l\u00fchike trummel elektriline vintsid 12V \u2013 s\u00fcnteetilise k\u00f6iega"},"content":{"rendered":"<div class=\"elementor-element elementor-element-bff7dea elementor-widget elementor-widget-theme-post-title elementor-page-title elementor-widget-heading\" data-id=\"bff7dea\" data-element_type=\"widget\" data-widget_type=\"theme-post-title.default\">\n<div class=\"elementor-element elementor-element-bff7dea elementor-widget elementor-widget-theme-post-title elementor-page-title elementor-widget-heading\" data-id=\"bff7dea\" data-element_type=\"widget\" data-widget_type=\"theme-post-title.default\">\n<div class=\"elementor-element elementor-element-bff7dea elementor-widget elementor-widget-theme-post-title elementor-page-title elementor-widget-heading\" data-id=\"bff7dea\" data-element_type=\"widget\" data-widget_type=\"theme-post-title.default\">\n<div class=\"elementor-element elementor-element-bff7dea elementor-widget elementor-widget-theme-post-title elementor-page-title elementor-widget-heading\" data-id=\"bff7dea\" data-element_type=\"widget\" data-widget_type=\"theme-post-title.default\">\n<div class=\"elementor-element elementor-element-bff7dea elementor-widget elementor-widget-theme-post-title elementor-page-title elementor-widget-heading\" data-id=\"bff7dea\" data-element_type=\"widget\" data-widget_type=\"theme-post-title.default\">\n<h2 class=\"elementor-heading-title elementor-size-default\"><span dir=\"auto\">Samurai 9500 l\u00fchike trummel elektriline vintsid 12V \u2013 s\u00fcnteetilise k\u00f6iega<\/span><\/h2>\n<\/div>\n<div class=\"elementor-element elementor-element-a536ae3 elementor-widget elementor-widget-jet-listing-dynamic-field\" data-id=\"a536ae3\" data-element_type=\"widget\" data-widget_type=\"jet-listing-dynamic-field.default\">\n<div class=\"jet-listing jet-listing-dynamic-field display-inline\">\n<div class=\"jet-listing-dynamic-field__inline-wrap\">\n<div class=\"jet-listing-dynamic-field__content\">\n<p><span dir=\"auto\">Warrior Winchi Samurai seeria on n\u00fc\u00fcd teises p\u00f5lvkonnas ja saadaval erinevates suurustes ja variantides nii 12V kui ka 24V. K\u00f5ik seeriamudelid on varustatud revolutsioonilise v\u00e4limise piduriga, mis v\u00e4hendab soojuse kogunemist trumlis ja tagab, et see suudab hoida t\u00e4iskoormust peatumisel ja v\u00e4ljat\u00f5mbamisel. <\/span><\/p>\n<p><span dir=\"auto\">Samurai seeria on ideaalne vintsid 4\u00d74, suuremate haagiste v\u00f5i professionaalsete p\u00e4\u00e4steoperatsioonide jaoks. Oleme varustanud seeriat muu hulgas m\u00e4hitud topeltkapseldatud mootori, v\u00f5imsa 600A h\u00f5bedaga solenoidi, IP68 klassifikatsiooniga elektroonika, roostevabast terasest konsoolide ja traadi juhi ning terasest planetaar\u00fclekandega. K\u00f5ik meie vintsid on enne pakendamist koormuse ja piduri testitud ning kolmeaastase garantiiga v\u00f5ite olla kindel, et saate parima v\u00f5imaliku kvaliteedi.  <\/span><\/p>\n<p><span dir=\"auto\">Samurai 9500 l\u00fchike trummel on meie tavap\u00e4rase 9500 mudeli versioon, kuid oleme l\u00fchendanud trumlit, muutes vintsi m\u00e4rkimisv\u00e4\u00e4rselt v\u00e4iksemaks ja kergemaks. Seda mudelit soovitatakse kasutada paadi- ja autohaagistel, kus v\u00e4iksem Ninja seeria ei ole piisav \u2013 v\u00f5i kus teil on vintsi jaoks piiratud ruum. K\u00f5ik, mida vintsi kasutamiseks vajate, on pakendis kaasas ning 14-meetrine s\u00fcnteetiline k\u00f6is on eelnevalt paigaldatud. See 12V mudel tuleb ka eelnevalt paigaldatud juhtmevaba kaugjuhtimispuldiga.   <\/span><\/p>\n<p><span dir=\"auto\">IST500 kinnitusplaat on saadaval lisatarvikuna.<\/span><\/p>\n<\/div>\n<\/div>\n<\/div>\n<\/div>\n<\/div>\n<\/div>\n<\/div>\n<\/div>\n","protected":false},"excerpt":{"rendered":"<p><span dir=\"auto\">Samurai 9500 l\u00fchike trummel on meie tavap\u00e4rase 9500 mudeli versioon, kuid oleme l\u00fchendanud trumlit, muutes vintsi m\u00e4rkimisv\u00e4\u00e4rselt v\u00e4iksemaks ja kergemaks. Seda mudelit soovitatakse kasutada paadi- ja autohaagistel, kus v\u00e4iksem <\/span><\/p>\n<p>Omadused:<\/p>\n<p>Veekindel 4-kontaktiline pistik<br \/>\nTahked messingkontaktid otse mootoriga \u00fchendatud<br \/>\nMootor h\u00f5beda ja vase osadega<br \/>\nKriimustuskindel pulberkatmine<br \/>\nT\u00e4iendav kaitsekest, mis tagab IP68 klassifikatsiooni<br \/>\nEemaldatav tugev konks kaasas<br \/>\nJuhtmevaba 2.4G juhtimine 12V mudelitel<br \/>\nAlumiinium Hawse Fairlead<br \/>\nHRC50 hammasrattad tahkest terasest<br \/>\nRevolutsiooniline v\u00e4limine pidur, mis on t\u00e4iesti omaette klassis<br \/>\nLaserr\u00f5hutatud ekstrudeeritud alumiiniumist<br \/>\n600A kontakt h\u00f5bedakattega<\/p>\n","protected":false},"featured_media":32528,"comment_status":"open","ping_status":"closed","template":"","meta":[],"product_brand":[292],"product_cat":[328],"product_tag":[330,349,393,360,329],"class_list":{"0":"post-33808","1":"product","2":"type-product","3":"status-publish","4":"has-post-thumbnail","6":"product_brand-warrior-winches","7":"product_cat-vintsid","8":"product_tag-elektrivints","9":"product_tag-premium","10":"product_tag-samurai","11":"product_tag-sunteetiline-kois","12":"product_tag-vints","14":"first","15":"instock","16":"taxable","17":"shipping-taxable","18":"purchasable","19":"product-type-simple"},"yoast_head":"<!-- This site is optimized with the Yoast SEO Premium plugin v27.5 (Yoast SEO v27.5) - https:\/\/yoast.com\/product\/yoast-seo-premium-wordpress\/ -->\n<title>Samurai 9500 l\u00fchike trummel elektriline vintsid 12V \u2013 s\u00fcnteetilise k\u00f6iega - Champion Baltics<\/title>\n<meta name=\"description\" content=\"Samurai 9500 l\u00fchike trummel elektriline vintsid 12V s\u00fcnteetilise k\u00f6iega \u2013 kompaktne 4x4 ja haagise vintsid, 14m k\u00f6is, v\u00e4limine pidur, IP68 elektroonika, juhtmevaba pult, 3-aastane garantii.\" \/>\n<meta name=\"robots\" content=\"index, follow, max-snippet:-1, max-image-preview:large, max-video-preview:-1\" \/>\n<link rel=\"canonical\" href=\"https:\/\/championbaltics.com\/et\/toode\/samurai-9500-luhike-trummel-elektriline-vintsid-12v-sunteetilise-koiega\/\" \/>\n<meta property=\"og:locale\" content=\"et_EE\" \/>\n<meta property=\"og:type\" content=\"article\" \/>\n<meta property=\"og:title\" content=\"Samurai 9500 l\u00fchike trummel elektriline vintsid 12V \u2013 s\u00fcnteetilise k\u00f6iega\" \/>\n<meta property=\"og:description\" content=\"Samurai 9500 l\u00fchike trummel elektriline vintsid 12V s\u00fcnteetilise k\u00f6iega \u2013 kompaktne 4x4 ja haagise vintsid, 14m k\u00f6is, v\u00e4limine pidur, IP68 elektroonika, juhtmevaba pult, 3-aastane garantii.\" \/>\n<meta property=\"og:url\" content=\"https:\/\/championbaltics.com\/et\/toode\/samurai-9500-luhike-trummel-elektriline-vintsid-12v-sunteetilise-koiega\/\" \/>\n<meta property=\"og:site_name\" content=\"Champion Baltics\" \/>\n<meta property=\"article:publisher\" content=\"https:\/\/facebook.com\/championbaltics\" \/>\n<meta property=\"og:image\" content=\"https:\/\/championbaltics.com\/wp-content\/uploads\/2025\/11\/Warrior_Samurai_95DVA12-CAD_winch_high-angle-leftrebranded-scaled.webp\" \/>\n\t<meta property=\"og:image:width\" content=\"1920\" \/>\n\t<meta property=\"og:image:height\" content=\"1920\" \/>\n\t<meta property=\"og:image:type\" content=\"image\/webp\" \/>\n<meta name=\"twitter:card\" content=\"summary_large_image\" \/>\n<meta name=\"twitter:label1\" content=\"Price\" \/>\n\t<meta name=\"twitter:data1\" content=\"829,00&nbsp;&euro;\" \/>\n\t<meta name=\"twitter:label2\" content=\"Availability\" \/>\n\t<meta name=\"twitter:data2\" content=\"In stock\" \/>\n<script type=\"application\/ld+json\" class=\"yoast-schema-graph\">{\"@context\":\"https:\\\/\\\/schema.org\",\"@graph\":[{\"@type\":\"WebPage\",\"@id\":\"https:\\\/\\\/championbaltics.com\\\/et\\\/toode\\\/samurai-9500-luhike-trummel-elektriline-vintsid-12v-sunteetilise-koiega\\\/\",\"url\":\"https:\\\/\\\/championbaltics.com\\\/et\\\/toode\\\/samurai-9500-luhike-trummel-elektriline-vintsid-12v-sunteetilise-koiega\\\/\",\"name\":\"Samurai 9500 l\u00fchike trummel elektriline vintsid 12V \u2013 s\u00fcnteetilise k\u00f6iega - Champion Baltics\",\"isPartOf\":{\"@id\":\"https:\\\/\\\/championbaltics.com\\\/et\\\/#website\"},\"primaryImageOfPage\":{\"@id\":\"https:\\\/\\\/championbaltics.com\\\/et\\\/toode\\\/samurai-9500-luhike-trummel-elektriline-vintsid-12v-sunteetilise-koiega\\\/#primaryimage\"},\"image\":{\"@id\":\"https:\\\/\\\/championbaltics.com\\\/et\\\/toode\\\/samurai-9500-luhike-trummel-elektriline-vintsid-12v-sunteetilise-koiega\\\/#primaryimage\"},\"thumbnailUrl\":\"https:\\\/\\\/championbaltics.com\\\/wp-content\\\/uploads\\\/2025\\\/11\\\/Warrior_Samurai_95DVA12-CAD_winch_high-angle-leftrebranded-scaled.webp\",\"datePublished\":\"2025-11-03T15:40:32+00:00\",\"description\":\"Samurai 9500 l\u00fchike trummel elektriline vintsid 12V s\u00fcnteetilise k\u00f6iega \u2013 kompaktne 4x4 ja haagise vintsid, 14m k\u00f6is, v\u00e4limine pidur, IP68 elektroonika, juhtmevaba pult, 3-aastane garantii.\",\"breadcrumb\":{\"@id\":\"https:\\\/\\\/championbaltics.com\\\/et\\\/toode\\\/samurai-9500-luhike-trummel-elektriline-vintsid-12v-sunteetilise-koiega\\\/#breadcrumb\"},\"inLanguage\":\"et\",\"potentialAction\":[{\"@type\":\"ReadAction\",\"target\":[\"https:\\\/\\\/championbaltics.com\\\/et\\\/toode\\\/samurai-9500-luhike-trummel-elektriline-vintsid-12v-sunteetilise-koiega\\\/\"]}]},{\"@type\":\"ImageObject\",\"inLanguage\":\"et\",\"@id\":\"https:\\\/\\\/championbaltics.com\\\/et\\\/toode\\\/samurai-9500-luhike-trummel-elektriline-vintsid-12v-sunteetilise-koiega\\\/#primaryimage\",\"url\":\"https:\\\/\\\/championbaltics.com\\\/wp-content\\\/uploads\\\/2025\\\/11\\\/Warrior_Samurai_95DVA12-CAD_winch_high-angle-leftrebranded-scaled.webp\",\"contentUrl\":\"https:\\\/\\\/championbaltics.com\\\/wp-content\\\/uploads\\\/2025\\\/11\\\/Warrior_Samurai_95DVA12-CAD_winch_high-angle-leftrebranded-scaled.webp\",\"width\":1920,\"height\":1920},{\"@type\":\"BreadcrumbList\",\"@id\":\"https:\\\/\\\/championbaltics.com\\\/et\\\/toode\\\/samurai-9500-luhike-trummel-elektriline-vintsid-12v-sunteetilise-koiega\\\/#breadcrumb\",\"itemListElement\":[{\"@type\":\"ListItem\",\"position\":1,\"name\":\"Home\",\"item\":\"https:\\\/\\\/championbaltics.com\\\/et\\\/\"},{\"@type\":\"ListItem\",\"position\":2,\"name\":\"Pood\",\"item\":\"https:\\\/\\\/championbaltics.com\\\/et\\\/pood\\\/\"},{\"@type\":\"ListItem\",\"position\":3,\"name\":\"Samurai 9500 l\u00fchike trummel elektriline vintsid 12V \u2013 s\u00fcnteetilise k\u00f6iega\"}]},{\"@type\":\"WebSite\",\"@id\":\"https:\\\/\\\/championbaltics.com\\\/et\\\/#website\",\"url\":\"https:\\\/\\\/championbaltics.com\\\/et\\\/\",\"name\":\"Champion Baltics\",\"description\":\"Power equipments\",\"publisher\":{\"@id\":\"https:\\\/\\\/championbaltics.com\\\/et\\\/#organization\"},\"alternateName\":\"Champion Power Equipment\",\"potentialAction\":[{\"@type\":\"SearchAction\",\"target\":{\"@type\":\"EntryPoint\",\"urlTemplate\":\"https:\\\/\\\/championbaltics.com\\\/et\\\/?s={search_term_string}\"},\"query-input\":{\"@type\":\"PropertyValueSpecification\",\"valueRequired\":true,\"valueName\":\"search_term_string\"}}],\"inLanguage\":\"et\"},{\"@type\":[\"Organization\",\"Place\"],\"@id\":\"https:\\\/\\\/championbaltics.com\\\/et\\\/#organization\",\"name\":\"Champion Baltics\",\"alternateName\":\"Champion Power Equipment\",\"url\":\"https:\\\/\\\/championbaltics.com\\\/et\\\/\",\"logo\":{\"@id\":\"https:\\\/\\\/championbaltics.com\\\/et\\\/toode\\\/samurai-9500-luhike-trummel-elektriline-vintsid-12v-sunteetilise-koiega\\\/#local-main-organization-logo\"},\"image\":{\"@id\":\"https:\\\/\\\/championbaltics.com\\\/et\\\/toode\\\/samurai-9500-luhike-trummel-elektriline-vintsid-12v-sunteetilise-koiega\\\/#local-main-organization-logo\"},\"sameAs\":[\"https:\\\/\\\/facebook.com\\\/championbaltics\"],\"description\":\"Champion power equipment representer of State of Baltics\",\"legalName\":\"T.O Engineering LLC\",\"foundingDate\":\"2015-01-07\",\"numberOfEmployees\":{\"@type\":\"QuantitativeValue\",\"minValue\":\"1\",\"maxValue\":\"10\"},\"hasMerchantReturnPolicy\":{\"@type\":\"MerchantReturnPolicy\",\"merchantReturnLink\":\"https:\\\/\\\/championbaltics.com\\\/refund_returns\\\/\"},\"address\":{\"@id\":\"https:\\\/\\\/championbaltics.com\\\/et\\\/toode\\\/samurai-9500-luhike-trummel-elektriline-vintsid-12v-sunteetilise-koiega\\\/#local-main-place-address\"},\"telephone\":[],\"contactPoint\":{\"@type\":\"ContactPoint\",\"telephone\":\"+3725204833\",\"email\":\"info@championbaltics.com\"},\"openingHoursSpecification\":[{\"@type\":\"OpeningHoursSpecification\",\"dayOfWeek\":[\"Monday\",\"Tuesday\",\"Wednesday\",\"Thursday\",\"Friday\",\"Saturday\",\"Sunday\"],\"opens\":\"09:00\",\"closes\":\"17:00\"}],\"email\":\"info@championbaltics.com\",\"vatID\":\"EE102032772\"},{\"@type\":\"PostalAddress\",\"@id\":\"https:\\\/\\\/championbaltics.com\\\/et\\\/toode\\\/samurai-9500-luhike-trummel-elektriline-vintsid-12v-sunteetilise-koiega\\\/#local-main-place-address\",\"streetAddress\":\"P\u00e4rnu mnt 144\",\"addressLocality\":\"Tallinn\",\"postalCode\":\"11317\",\"addressRegion\":\"Harju\",\"addressCountry\":\"EE\"},{\"@type\":\"ImageObject\",\"inLanguage\":\"et\",\"@id\":\"https:\\\/\\\/championbaltics.com\\\/et\\\/toode\\\/samurai-9500-luhike-trummel-elektriline-vintsid-12v-sunteetilise-koiega\\\/#local-main-organization-logo\",\"url\":\"https:\\\/\\\/championbaltics.com\\\/wp-content\\\/uploads\\\/2025\\\/08\\\/cropped-ChampionBalticsLogo.webp\",\"contentUrl\":\"https:\\\/\\\/championbaltics.com\\\/wp-content\\\/uploads\\\/2025\\\/08\\\/cropped-ChampionBalticsLogo.webp\",\"width\":512,\"height\":512,\"caption\":\"Champion Baltics\"}]}<\/script>\n<meta property=\"product:brand\" content=\"Warrior Winches\" \/>\n<meta property=\"product:price:amount\" content=\"829.00\" \/>\n<meta property=\"product:price:currency\" content=\"EUR\" \/>\n<meta property=\"og:availability\" content=\"instock\" \/>\n<meta property=\"product:availability\" content=\"instock\" \/>\n<meta property=\"product:retailer_item_id\" content=\"95DVA12\" \/>\n<meta property=\"product:condition\" content=\"new\" \/>\n<meta name=\"geo.placename\" content=\"Tallinn\" \/>\n<meta name=\"geo.region\" content=\"Estonia\" \/>\n<!-- \/ Yoast SEO Premium plugin. -->","yoast_head_json":{"title":"Samurai 9500 l\u00fchike trummel elektriline vintsid 12V \u2013 s\u00fcnteetilise k\u00f6iega - Champion Baltics","description":"Samurai 9500 l\u00fchike trummel elektriline vintsid 12V s\u00fcnteetilise k\u00f6iega \u2013 kompaktne 4x4 ja haagise vintsid, 14m k\u00f6is, v\u00e4limine pidur, IP68 elektroonika, juhtmevaba pult, 3-aastane garantii.","robots":{"index":"index","follow":"follow","max-snippet":"max-snippet:-1","max-image-preview":"max-image-preview:large","max-video-preview":"max-video-preview:-1"},"canonical":"https:\/\/championbaltics.com\/et\/toode\/samurai-9500-luhike-trummel-elektriline-vintsid-12v-sunteetilise-koiega\/","og_locale":"et_EE","og_type":"article","og_title":"Samurai 9500 l\u00fchike trummel elektriline vintsid 12V \u2013 s\u00fcnteetilise k\u00f6iega","og_description":"Samurai 9500 l\u00fchike trummel elektriline vintsid 12V s\u00fcnteetilise k\u00f6iega \u2013 kompaktne 4x4 ja haagise vintsid, 14m k\u00f6is, v\u00e4limine pidur, IP68 elektroonika, juhtmevaba pult, 3-aastane garantii.","og_url":"https:\/\/championbaltics.com\/et\/toode\/samurai-9500-luhike-trummel-elektriline-vintsid-12v-sunteetilise-koiega\/","og_site_name":"Champion Baltics","article_publisher":"https:\/\/facebook.com\/championbaltics","og_image":[{"width":1920,"height":1920,"url":"https:\/\/championbaltics.com\/wp-content\/uploads\/2025\/11\/Warrior_Samurai_95DVA12-CAD_winch_high-angle-leftrebranded-scaled.webp","type":"image\/webp"}],"twitter_card":"summary_large_image","twitter_misc":{"Price":"829,00&nbsp;&euro;","Availability":"In stock"},"schema":{"@context":"https:\/\/schema.org","@graph":[{"@type":"WebPage","@id":"https:\/\/championbaltics.com\/et\/toode\/samurai-9500-luhike-trummel-elektriline-vintsid-12v-sunteetilise-koiega\/","url":"https:\/\/championbaltics.com\/et\/toode\/samurai-9500-luhike-trummel-elektriline-vintsid-12v-sunteetilise-koiega\/","name":"Samurai 9500 l\u00fchike trummel elektriline vintsid 12V \u2013 s\u00fcnteetilise k\u00f6iega - Champion Baltics","isPartOf":{"@id":"https:\/\/championbaltics.com\/et\/#website"},"primaryImageOfPage":{"@id":"https:\/\/championbaltics.com\/et\/toode\/samurai-9500-luhike-trummel-elektriline-vintsid-12v-sunteetilise-koiega\/#primaryimage"},"image":{"@id":"https:\/\/championbaltics.com\/et\/toode\/samurai-9500-luhike-trummel-elektriline-vintsid-12v-sunteetilise-koiega\/#primaryimage"},"thumbnailUrl":"https:\/\/championbaltics.com\/wp-content\/uploads\/2025\/11\/Warrior_Samurai_95DVA12-CAD_winch_high-angle-leftrebranded-scaled.webp","datePublished":"2025-11-03T15:40:32+00:00","description":"Samurai 9500 l\u00fchike trummel elektriline vintsid 12V s\u00fcnteetilise k\u00f6iega \u2013 kompaktne 4x4 ja haagise vintsid, 14m k\u00f6is, v\u00e4limine pidur, IP68 elektroonika, juhtmevaba pult, 3-aastane garantii.","breadcrumb":{"@id":"https:\/\/championbaltics.com\/et\/toode\/samurai-9500-luhike-trummel-elektriline-vintsid-12v-sunteetilise-koiega\/#breadcrumb"},"inLanguage":"et","potentialAction":[{"@type":"ReadAction","target":["https:\/\/championbaltics.com\/et\/toode\/samurai-9500-luhike-trummel-elektriline-vintsid-12v-sunteetilise-koiega\/"]}]},{"@type":"ImageObject","inLanguage":"et","@id":"https:\/\/championbaltics.com\/et\/toode\/samurai-9500-luhike-trummel-elektriline-vintsid-12v-sunteetilise-koiega\/#primaryimage","url":"https:\/\/championbaltics.com\/wp-content\/uploads\/2025\/11\/Warrior_Samurai_95DVA12-CAD_winch_high-angle-leftrebranded-scaled.webp","contentUrl":"https:\/\/championbaltics.com\/wp-content\/uploads\/2025\/11\/Warrior_Samurai_95DVA12-CAD_winch_high-angle-leftrebranded-scaled.webp","width":1920,"height":1920},{"@type":"BreadcrumbList","@id":"https:\/\/championbaltics.com\/et\/toode\/samurai-9500-luhike-trummel-elektriline-vintsid-12v-sunteetilise-koiega\/#breadcrumb","itemListElement":[{"@type":"ListItem","position":1,"name":"Home","item":"https:\/\/championbaltics.com\/et\/"},{"@type":"ListItem","position":2,"name":"Pood","item":"https:\/\/championbaltics.com\/et\/pood\/"},{"@type":"ListItem","position":3,"name":"Samurai 9500 l\u00fchike trummel elektriline vintsid 12V \u2013 s\u00fcnteetilise k\u00f6iega"}]},{"@type":"WebSite","@id":"https:\/\/championbaltics.com\/et\/#website","url":"https:\/\/championbaltics.com\/et\/","name":"Champion Baltics","description":"Power equipments","publisher":{"@id":"https:\/\/championbaltics.com\/et\/#organization"},"alternateName":"Champion Power Equipment","potentialAction":[{"@type":"SearchAction","target":{"@type":"EntryPoint","urlTemplate":"https:\/\/championbaltics.com\/et\/?s={search_term_string}"},"query-input":{"@type":"PropertyValueSpecification","valueRequired":true,"valueName":"search_term_string"}}],"inLanguage":"et"},{"@type":["Organization","Place"],"@id":"https:\/\/championbaltics.com\/et\/#organization","name":"Champion Baltics","alternateName":"Champion Power Equipment","url":"https:\/\/championbaltics.com\/et\/","logo":{"@id":"https:\/\/championbaltics.com\/et\/toode\/samurai-9500-luhike-trummel-elektriline-vintsid-12v-sunteetilise-koiega\/#local-main-organization-logo"},"image":{"@id":"https:\/\/championbaltics.com\/et\/toode\/samurai-9500-luhike-trummel-elektriline-vintsid-12v-sunteetilise-koiega\/#local-main-organization-logo"},"sameAs":["https:\/\/facebook.com\/championbaltics"],"description":"Champion power equipment representer of State of Baltics","legalName":"T.O Engineering LLC","foundingDate":"2015-01-07","numberOfEmployees":{"@type":"QuantitativeValue","minValue":"1","maxValue":"10"},"hasMerchantReturnPolicy":{"@type":"MerchantReturnPolicy","merchantReturnLink":"https:\/\/championbaltics.com\/refund_returns\/"},"address":{"@id":"https:\/\/championbaltics.com\/et\/toode\/samurai-9500-luhike-trummel-elektriline-vintsid-12v-sunteetilise-koiega\/#local-main-place-address"},"telephone":[],"contactPoint":{"@type":"ContactPoint","telephone":"+3725204833","email":"info@championbaltics.com"},"openingHoursSpecification":[{"@type":"OpeningHoursSpecification","dayOfWeek":["Monday","Tuesday","Wednesday","Thursday","Friday","Saturday","Sunday"],"opens":"09:00","closes":"17:00"}],"email":"info@championbaltics.com","vatID":"EE102032772"},{"@type":"PostalAddress","@id":"https:\/\/championbaltics.com\/et\/toode\/samurai-9500-luhike-trummel-elektriline-vintsid-12v-sunteetilise-koiega\/#local-main-place-address","streetAddress":"P\u00e4rnu mnt 144","addressLocality":"Tallinn","postalCode":"11317","addressRegion":"Harju","addressCountry":"EE"},{"@type":"ImageObject","inLanguage":"et","@id":"https:\/\/championbaltics.com\/et\/toode\/samurai-9500-luhike-trummel-elektriline-vintsid-12v-sunteetilise-koiega\/#local-main-organization-logo","url":"https:\/\/championbaltics.com\/wp-content\/uploads\/2025\/08\/cropped-ChampionBalticsLogo.webp","contentUrl":"https:\/\/championbaltics.com\/wp-content\/uploads\/2025\/08\/cropped-ChampionBalticsLogo.webp","width":512,"height":512,"caption":"Champion Baltics"}]},"product_brand":"Warrior Winches","product_price_amount":"829.00","product_price_currency":"EUR","og_availability":"instock","product_availability":"instock","product_retailer_item_id":"95DVA12","product_condition":"new","geo.placename":"Tallinn","geo.region":"Estonia"},"_links":{"self":[{"href":"https:\/\/championbaltics.com\/et\/wp-json\/wp\/v2\/product\/33808","targetHints":{"allow":["GET"]}}],"collection":[{"href":"https:\/\/championbaltics.com\/et\/wp-json\/wp\/v2\/product"}],"about":[{"href":"https:\/\/championbaltics.com\/et\/wp-json\/wp\/v2\/types\/product"}],"replies":[{"embeddable":true,"href":"https:\/\/championbaltics.com\/et\/wp-json\/wp\/v2\/comments?post=33808"}],"version-history":[{"count":0,"href":"https:\/\/championbaltics.com\/et\/wp-json\/wp\/v2\/product\/33808\/revisions"}],"wp:featuredmedia":[{"embeddable":true,"href":"https:\/\/championbaltics.com\/et\/wp-json\/wp\/v2\/media\/32528"}],"wp:attachment":[{"href":"https:\/\/championbaltics.com\/et\/wp-json\/wp\/v2\/media?parent=33808"}],"wp:term":[{"taxonomy":"product_brand","embeddable":true,"href":"https:\/\/championbaltics.com\/et\/wp-json\/wp\/v2\/product_brand?post=33808"},{"taxonomy":"product_cat","embeddable":true,"href":"https:\/\/championbaltics.com\/et\/wp-json\/wp\/v2\/product_cat?post=33808"},{"taxonomy":"product_tag","embeddable":true,"href":"https:\/\/championbaltics.com\/et\/wp-json\/wp\/v2\/product_tag?post=33808"}],"curies":[{"name":"wp","href":"https:\/\/api.w.org\/{rel}","templated":true}]}}