{"id":34127,"date":"2026-04-28T08:13:01","date_gmt":"2026-04-28T08:13:01","guid":{"rendered":"https:\/\/championbaltics.com\/?post_type=product&#038;p=34127"},"modified":"2026-04-28T08:21:00","modified_gmt":"2026-04-28T08:21:00","slug":"armortek-konksuga-sunteetiline-kois-10-871kg-30-m-copy","status":"publish","type":"product","link":"https:\/\/championbaltics.com\/et\/toode\/armortek-konksuga-sunteetiline-kois-10-871kg-30-m-copy\/","title":{"rendered":"Armortek konksuga s\u00fcnteetiline k\u00f6is \/ 13 697kg"},"content":{"rendered":"<p>Armortek konksuga s\u00fcnteetiline k\u00f6is S\u00fcnteetiline k\u00f6is 11mm x 30m &#8211; max 13 697kg.<\/p>\n<p>Miks kaaluda terask\u00f6ie asemel s\u00fcnteetilist k\u00f6it: see on kergem ja katkemisel kukub maha mitte ei lenda tagasi<\/p>\n<p>&nbsp;<\/p>\n<p>Samas seerias veel:<\/p>\n<ul>\n<li>S\u00fcnteetiline k\u00f6is 5mm x 15m &#8211; max 3582kg.<\/li>\n<li>S\u00fcnteetiline k\u00f6is 6mm x 15m &#8211; max 4704kg.<\/li>\n<li>S\u00fcnteetiline k\u00f6is 9,5mm x 15m &#8211; max 8113kg.<\/li>\n<li>S\u00fcnteetiline k\u00f6is 9,5mm x 15m &#8211; max 10 871kg.<\/li>\n<li>S\u00fcnteetiline k\u00f6is 9,5mm x 30m &#8211; max 10 871kg.<\/li>\n<\/ul>\n","protected":false},"excerpt":{"rendered":"<p>Armortek konksuga s\u00fcnteetiline k\u00f6is<\/p>\n<p>S\u00fcnteetiline k\u00f6is 11mm x 30m &#8211; max 13 697kg.<\/p>\n","protected":false},"featured_media":34083,"comment_status":"open","ping_status":"closed","template":"","meta":[],"product_brand":[],"product_cat":[408,107,108],"product_tag":[404,360],"class_list":{"0":"post-34127","1":"product","2":"type-product","3":"status-publish","4":"has-post-thumbnail","6":"product_cat-kois","7":"product_cat-tarvikud","8":"product_cat-varuosad","9":"product_tag-konks","10":"product_tag-sunteetiline-kois","12":"first","13":"instock","14":"taxable","15":"shipping-taxable","16":"purchasable","17":"product-type-simple"},"yoast_head":"<!-- This site is optimized with the Yoast SEO Premium plugin v27.4 (Yoast SEO v27.4) - https:\/\/yoast.com\/product\/yoast-seo-premium-wordpress\/ -->\n<title>Armortek konksuga s\u00fcnteetiline k\u00f6is \/ 13 697kg - Champion Baltics<\/title>\n<meta name=\"description\" content=\"Armortek konksuga s\u00fcnteetiline k\u00f6is S\u00fcnteetiline k\u00f6is 11mm x 30m - max 13697kg.\" \/>\n<meta name=\"robots\" content=\"index, follow, max-snippet:-1, max-image-preview:large, max-video-preview:-1\" \/>\n<link rel=\"canonical\" href=\"https:\/\/championbaltics.com\/et\/toode\/armortek-konksuga-sunteetiline-kois-10-871kg-30-m-copy\/\" \/>\n<meta property=\"og:locale\" content=\"et_EE\" \/>\n<meta property=\"og:type\" content=\"article\" \/>\n<meta property=\"og:title\" content=\"Armortek konksuga s\u00fcnteetiline k\u00f6is \/ 13 697kg\" \/>\n<meta property=\"og:description\" content=\"Armortek konksuga s\u00fcnteetiline k\u00f6is S\u00fcnteetiline k\u00f6is 11mm x 30m - max 13697kg.\" \/>\n<meta property=\"og:url\" content=\"https:\/\/championbaltics.com\/et\/toode\/armortek-konksuga-sunteetiline-kois-10-871kg-30-m-copy\/\" \/>\n<meta property=\"og:site_name\" content=\"Champion Baltics\" \/>\n<meta property=\"article:publisher\" content=\"https:\/\/facebook.com\/championbaltics\" \/>\n<meta property=\"article:modified_time\" content=\"2026-04-28T08:21:00+00:00\" \/>\n<meta property=\"og:image\" content=\"https:\/\/championbaltics.com\/wp-content\/uploads\/2026\/04\/ARMORTEK-new.webp\" \/>\n\t<meta property=\"og:image:width\" content=\"1920\" \/>\n\t<meta property=\"og:image:height\" content=\"1440\" \/>\n\t<meta property=\"og:image:type\" content=\"image\/webp\" \/>\n<meta name=\"twitter:card\" content=\"summary_large_image\" \/>\n<meta name=\"twitter:label1\" content=\"Price\" \/>\n\t<meta name=\"twitter:data1\" content=\"299,00&nbsp;&euro;\" \/>\n\t<meta name=\"twitter:label2\" content=\"Availability\" \/>\n\t<meta name=\"twitter:data2\" content=\"In stock\" \/>\n<script type=\"application\/ld+json\" class=\"yoast-schema-graph\">{\"@context\":\"https:\\\/\\\/schema.org\",\"@graph\":[{\"@type\":\"WebPage\",\"@id\":\"https:\\\/\\\/championbaltics.com\\\/et\\\/toode\\\/armortek-konksuga-sunteetiline-kois-10-871kg-30-m-copy\\\/\",\"url\":\"https:\\\/\\\/championbaltics.com\\\/et\\\/toode\\\/armortek-konksuga-sunteetiline-kois-10-871kg-30-m-copy\\\/\",\"name\":\"Armortek konksuga s\u00fcnteetiline k\u00f6is \\\/ 13 697kg - Champion Baltics\",\"isPartOf\":{\"@id\":\"https:\\\/\\\/championbaltics.com\\\/et\\\/#website\"},\"primaryImageOfPage\":{\"@id\":\"https:\\\/\\\/championbaltics.com\\\/et\\\/toode\\\/armortek-konksuga-sunteetiline-kois-10-871kg-30-m-copy\\\/#primaryimage\"},\"image\":{\"@id\":\"https:\\\/\\\/championbaltics.com\\\/et\\\/toode\\\/armortek-konksuga-sunteetiline-kois-10-871kg-30-m-copy\\\/#primaryimage\"},\"thumbnailUrl\":\"https:\\\/\\\/championbaltics.com\\\/wp-content\\\/uploads\\\/2026\\\/04\\\/ARMORTEK-new.webp\",\"datePublished\":\"2026-04-28T08:13:01+00:00\",\"dateModified\":\"2026-04-28T08:21:00+00:00\",\"description\":\"Armortek konksuga s\u00fcnteetiline k\u00f6is S\u00fcnteetiline k\u00f6is 11mm x 30m - max 13697kg.\",\"breadcrumb\":{\"@id\":\"https:\\\/\\\/championbaltics.com\\\/et\\\/toode\\\/armortek-konksuga-sunteetiline-kois-10-871kg-30-m-copy\\\/#breadcrumb\"},\"inLanguage\":\"et\",\"potentialAction\":[{\"@type\":\"ReadAction\",\"target\":[\"https:\\\/\\\/championbaltics.com\\\/et\\\/toode\\\/armortek-konksuga-sunteetiline-kois-10-871kg-30-m-copy\\\/\"]}]},{\"@type\":\"ImageObject\",\"inLanguage\":\"et\",\"@id\":\"https:\\\/\\\/championbaltics.com\\\/et\\\/toode\\\/armortek-konksuga-sunteetiline-kois-10-871kg-30-m-copy\\\/#primaryimage\",\"url\":\"https:\\\/\\\/championbaltics.com\\\/wp-content\\\/uploads\\\/2026\\\/04\\\/ARMORTEK-new.webp\",\"contentUrl\":\"https:\\\/\\\/championbaltics.com\\\/wp-content\\\/uploads\\\/2026\\\/04\\\/ARMORTEK-new.webp\",\"width\":1920,\"height\":1440,\"caption\":\"red synthetic rope with yellow hook\"},{\"@type\":\"BreadcrumbList\",\"@id\":\"https:\\\/\\\/championbaltics.com\\\/et\\\/toode\\\/armortek-konksuga-sunteetiline-kois-10-871kg-30-m-copy\\\/#breadcrumb\",\"itemListElement\":[{\"@type\":\"ListItem\",\"position\":1,\"name\":\"Home\",\"item\":\"https:\\\/\\\/championbaltics.com\\\/et\\\/\"},{\"@type\":\"ListItem\",\"position\":2,\"name\":\"Pood\",\"item\":\"https:\\\/\\\/championbaltics.com\\\/et\\\/pood\\\/\"},{\"@type\":\"ListItem\",\"position\":3,\"name\":\"Armortek konksuga s\u00fcnteetiline k\u00f6is \\\/ 13 697kg\"}]},{\"@type\":\"WebSite\",\"@id\":\"https:\\\/\\\/championbaltics.com\\\/et\\\/#website\",\"url\":\"https:\\\/\\\/championbaltics.com\\\/et\\\/\",\"name\":\"Champion Baltics\",\"description\":\"Power equipments\",\"publisher\":{\"@id\":\"https:\\\/\\\/championbaltics.com\\\/et\\\/#organization\"},\"alternateName\":\"Champion Power Equipment\",\"potentialAction\":[{\"@type\":\"SearchAction\",\"target\":{\"@type\":\"EntryPoint\",\"urlTemplate\":\"https:\\\/\\\/championbaltics.com\\\/et\\\/?s={search_term_string}\"},\"query-input\":{\"@type\":\"PropertyValueSpecification\",\"valueRequired\":true,\"valueName\":\"search_term_string\"}}],\"inLanguage\":\"et\"},{\"@type\":[\"Organization\",\"Place\"],\"@id\":\"https:\\\/\\\/championbaltics.com\\\/et\\\/#organization\",\"name\":\"Champion Baltics\",\"alternateName\":\"Champion Power Equipment\",\"url\":\"https:\\\/\\\/championbaltics.com\\\/et\\\/\",\"logo\":{\"@id\":\"https:\\\/\\\/championbaltics.com\\\/et\\\/toode\\\/armortek-konksuga-sunteetiline-kois-10-871kg-30-m-copy\\\/#local-main-organization-logo\"},\"image\":{\"@id\":\"https:\\\/\\\/championbaltics.com\\\/et\\\/toode\\\/armortek-konksuga-sunteetiline-kois-10-871kg-30-m-copy\\\/#local-main-organization-logo\"},\"sameAs\":[\"https:\\\/\\\/facebook.com\\\/championbaltics\"],\"description\":\"Champion power equipment representer of State of Baltics\",\"legalName\":\"T.O Engineering LLC\",\"foundingDate\":\"2015-01-07\",\"numberOfEmployees\":{\"@type\":\"QuantitativeValue\",\"minValue\":\"1\",\"maxValue\":\"10\"},\"hasMerchantReturnPolicy\":{\"@type\":\"MerchantReturnPolicy\",\"merchantReturnLink\":\"https:\\\/\\\/championbaltics.com\\\/refund_returns\\\/\"},\"address\":{\"@id\":\"https:\\\/\\\/championbaltics.com\\\/et\\\/toode\\\/armortek-konksuga-sunteetiline-kois-10-871kg-30-m-copy\\\/#local-main-place-address\"},\"telephone\":[],\"contactPoint\":{\"@type\":\"ContactPoint\",\"telephone\":\"+3725204833\",\"email\":\"info@championbaltics.com\"},\"openingHoursSpecification\":[{\"@type\":\"OpeningHoursSpecification\",\"dayOfWeek\":[\"Monday\",\"Tuesday\",\"Wednesday\",\"Thursday\",\"Friday\",\"Saturday\",\"Sunday\"],\"opens\":\"09:00\",\"closes\":\"17:00\"}],\"email\":\"info@championbaltics.com\",\"vatID\":\"EE102032772\"},{\"@type\":\"PostalAddress\",\"@id\":\"https:\\\/\\\/championbaltics.com\\\/et\\\/toode\\\/armortek-konksuga-sunteetiline-kois-10-871kg-30-m-copy\\\/#local-main-place-address\",\"streetAddress\":\"P\u00e4rnu mnt 144\",\"addressLocality\":\"Tallinn\",\"postalCode\":\"11317\",\"addressRegion\":\"Harju\",\"addressCountry\":\"EE\"},{\"@type\":\"ImageObject\",\"inLanguage\":\"et\",\"@id\":\"https:\\\/\\\/championbaltics.com\\\/et\\\/toode\\\/armortek-konksuga-sunteetiline-kois-10-871kg-30-m-copy\\\/#local-main-organization-logo\",\"url\":\"https:\\\/\\\/championbaltics.com\\\/wp-content\\\/uploads\\\/2025\\\/08\\\/cropped-ChampionBalticsLogo.webp\",\"contentUrl\":\"https:\\\/\\\/championbaltics.com\\\/wp-content\\\/uploads\\\/2025\\\/08\\\/cropped-ChampionBalticsLogo.webp\",\"width\":512,\"height\":512,\"caption\":\"Champion Baltics\"}]}<\/script>\n<meta property=\"product:price:amount\" content=\"299.00\" \/>\n<meta property=\"product:price:currency\" content=\"EUR\" \/>\n<meta property=\"og:availability\" content=\"instock\" \/>\n<meta property=\"product:availability\" content=\"instock\" \/>\n<meta property=\"product:retailer_item_id\" content=\"11ARRMU\/30\" \/>\n<meta property=\"product:condition\" content=\"new\" \/>\n<meta name=\"geo.placename\" content=\"Tallinn\" \/>\n<meta name=\"geo.region\" content=\"Estonia\" \/>\n<!-- \/ Yoast SEO Premium plugin. -->","yoast_head_json":{"title":"Armortek konksuga s\u00fcnteetiline k\u00f6is \/ 13 697kg - Champion Baltics","description":"Armortek konksuga s\u00fcnteetiline k\u00f6is S\u00fcnteetiline k\u00f6is 11mm x 30m - max 13697kg.","robots":{"index":"index","follow":"follow","max-snippet":"max-snippet:-1","max-image-preview":"max-image-preview:large","max-video-preview":"max-video-preview:-1"},"canonical":"https:\/\/championbaltics.com\/et\/toode\/armortek-konksuga-sunteetiline-kois-10-871kg-30-m-copy\/","og_locale":"et_EE","og_type":"article","og_title":"Armortek konksuga s\u00fcnteetiline k\u00f6is \/ 13 697kg","og_description":"Armortek konksuga s\u00fcnteetiline k\u00f6is S\u00fcnteetiline k\u00f6is 11mm x 30m - max 13697kg.","og_url":"https:\/\/championbaltics.com\/et\/toode\/armortek-konksuga-sunteetiline-kois-10-871kg-30-m-copy\/","og_site_name":"Champion Baltics","article_publisher":"https:\/\/facebook.com\/championbaltics","article_modified_time":"2026-04-28T08:21:00+00:00","og_image":[{"width":1920,"height":1440,"url":"https:\/\/championbaltics.com\/wp-content\/uploads\/2026\/04\/ARMORTEK-new.webp","type":"image\/webp"}],"twitter_card":"summary_large_image","twitter_misc":{"Price":"299,00&nbsp;&euro;","Availability":"In stock"},"schema":{"@context":"https:\/\/schema.org","@graph":[{"@type":"WebPage","@id":"https:\/\/championbaltics.com\/et\/toode\/armortek-konksuga-sunteetiline-kois-10-871kg-30-m-copy\/","url":"https:\/\/championbaltics.com\/et\/toode\/armortek-konksuga-sunteetiline-kois-10-871kg-30-m-copy\/","name":"Armortek konksuga s\u00fcnteetiline k\u00f6is \/ 13 697kg - Champion Baltics","isPartOf":{"@id":"https:\/\/championbaltics.com\/et\/#website"},"primaryImageOfPage":{"@id":"https:\/\/championbaltics.com\/et\/toode\/armortek-konksuga-sunteetiline-kois-10-871kg-30-m-copy\/#primaryimage"},"image":{"@id":"https:\/\/championbaltics.com\/et\/toode\/armortek-konksuga-sunteetiline-kois-10-871kg-30-m-copy\/#primaryimage"},"thumbnailUrl":"https:\/\/championbaltics.com\/wp-content\/uploads\/2026\/04\/ARMORTEK-new.webp","datePublished":"2026-04-28T08:13:01+00:00","dateModified":"2026-04-28T08:21:00+00:00","description":"Armortek konksuga s\u00fcnteetiline k\u00f6is S\u00fcnteetiline k\u00f6is 11mm x 30m - max 13697kg.","breadcrumb":{"@id":"https:\/\/championbaltics.com\/et\/toode\/armortek-konksuga-sunteetiline-kois-10-871kg-30-m-copy\/#breadcrumb"},"inLanguage":"et","potentialAction":[{"@type":"ReadAction","target":["https:\/\/championbaltics.com\/et\/toode\/armortek-konksuga-sunteetiline-kois-10-871kg-30-m-copy\/"]}]},{"@type":"ImageObject","inLanguage":"et","@id":"https:\/\/championbaltics.com\/et\/toode\/armortek-konksuga-sunteetiline-kois-10-871kg-30-m-copy\/#primaryimage","url":"https:\/\/championbaltics.com\/wp-content\/uploads\/2026\/04\/ARMORTEK-new.webp","contentUrl":"https:\/\/championbaltics.com\/wp-content\/uploads\/2026\/04\/ARMORTEK-new.webp","width":1920,"height":1440,"caption":"red synthetic rope with yellow hook"},{"@type":"BreadcrumbList","@id":"https:\/\/championbaltics.com\/et\/toode\/armortek-konksuga-sunteetiline-kois-10-871kg-30-m-copy\/#breadcrumb","itemListElement":[{"@type":"ListItem","position":1,"name":"Home","item":"https:\/\/championbaltics.com\/et\/"},{"@type":"ListItem","position":2,"name":"Pood","item":"https:\/\/championbaltics.com\/et\/pood\/"},{"@type":"ListItem","position":3,"name":"Armortek konksuga s\u00fcnteetiline k\u00f6is \/ 13 697kg"}]},{"@type":"WebSite","@id":"https:\/\/championbaltics.com\/et\/#website","url":"https:\/\/championbaltics.com\/et\/","name":"Champion Baltics","description":"Power equipments","publisher":{"@id":"https:\/\/championbaltics.com\/et\/#organization"},"alternateName":"Champion Power Equipment","potentialAction":[{"@type":"SearchAction","target":{"@type":"EntryPoint","urlTemplate":"https:\/\/championbaltics.com\/et\/?s={search_term_string}"},"query-input":{"@type":"PropertyValueSpecification","valueRequired":true,"valueName":"search_term_string"}}],"inLanguage":"et"},{"@type":["Organization","Place"],"@id":"https:\/\/championbaltics.com\/et\/#organization","name":"Champion Baltics","alternateName":"Champion Power Equipment","url":"https:\/\/championbaltics.com\/et\/","logo":{"@id":"https:\/\/championbaltics.com\/et\/toode\/armortek-konksuga-sunteetiline-kois-10-871kg-30-m-copy\/#local-main-organization-logo"},"image":{"@id":"https:\/\/championbaltics.com\/et\/toode\/armortek-konksuga-sunteetiline-kois-10-871kg-30-m-copy\/#local-main-organization-logo"},"sameAs":["https:\/\/facebook.com\/championbaltics"],"description":"Champion power equipment representer of State of Baltics","legalName":"T.O Engineering LLC","foundingDate":"2015-01-07","numberOfEmployees":{"@type":"QuantitativeValue","minValue":"1","maxValue":"10"},"hasMerchantReturnPolicy":{"@type":"MerchantReturnPolicy","merchantReturnLink":"https:\/\/championbaltics.com\/refund_returns\/"},"address":{"@id":"https:\/\/championbaltics.com\/et\/toode\/armortek-konksuga-sunteetiline-kois-10-871kg-30-m-copy\/#local-main-place-address"},"telephone":[],"contactPoint":{"@type":"ContactPoint","telephone":"+3725204833","email":"info@championbaltics.com"},"openingHoursSpecification":[{"@type":"OpeningHoursSpecification","dayOfWeek":["Monday","Tuesday","Wednesday","Thursday","Friday","Saturday","Sunday"],"opens":"09:00","closes":"17:00"}],"email":"info@championbaltics.com","vatID":"EE102032772"},{"@type":"PostalAddress","@id":"https:\/\/championbaltics.com\/et\/toode\/armortek-konksuga-sunteetiline-kois-10-871kg-30-m-copy\/#local-main-place-address","streetAddress":"P\u00e4rnu mnt 144","addressLocality":"Tallinn","postalCode":"11317","addressRegion":"Harju","addressCountry":"EE"},{"@type":"ImageObject","inLanguage":"et","@id":"https:\/\/championbaltics.com\/et\/toode\/armortek-konksuga-sunteetiline-kois-10-871kg-30-m-copy\/#local-main-organization-logo","url":"https:\/\/championbaltics.com\/wp-content\/uploads\/2025\/08\/cropped-ChampionBalticsLogo.webp","contentUrl":"https:\/\/championbaltics.com\/wp-content\/uploads\/2025\/08\/cropped-ChampionBalticsLogo.webp","width":512,"height":512,"caption":"Champion Baltics"}]},"product_price_amount":"299.00","product_price_currency":"EUR","og_availability":"instock","product_availability":"instock","product_retailer_item_id":"11ARRMU\/30","product_condition":"new","geo.placename":"Tallinn","geo.region":"Estonia"},"_links":{"self":[{"href":"https:\/\/championbaltics.com\/et\/wp-json\/wp\/v2\/product\/34127","targetHints":{"allow":["GET"]}}],"collection":[{"href":"https:\/\/championbaltics.com\/et\/wp-json\/wp\/v2\/product"}],"about":[{"href":"https:\/\/championbaltics.com\/et\/wp-json\/wp\/v2\/types\/product"}],"replies":[{"embeddable":true,"href":"https:\/\/championbaltics.com\/et\/wp-json\/wp\/v2\/comments?post=34127"}],"version-history":[{"count":1,"href":"https:\/\/championbaltics.com\/et\/wp-json\/wp\/v2\/product\/34127\/revisions"}],"predecessor-version":[{"id":34131,"href":"https:\/\/championbaltics.com\/et\/wp-json\/wp\/v2\/product\/34127\/revisions\/34131"}],"wp:featuredmedia":[{"embeddable":true,"href":"https:\/\/championbaltics.com\/et\/wp-json\/wp\/v2\/media\/34083"}],"wp:attachment":[{"href":"https:\/\/championbaltics.com\/et\/wp-json\/wp\/v2\/media?parent=34127"}],"wp:term":[{"taxonomy":"product_brand","embeddable":true,"href":"https:\/\/championbaltics.com\/et\/wp-json\/wp\/v2\/product_brand?post=34127"},{"taxonomy":"product_cat","embeddable":true,"href":"https:\/\/championbaltics.com\/et\/wp-json\/wp\/v2\/product_cat?post=34127"},{"taxonomy":"product_tag","embeddable":true,"href":"https:\/\/championbaltics.com\/et\/wp-json\/wp\/v2\/product_tag?post=34127"}],"curies":[{"name":"wp","href":"https:\/\/api.w.org\/{rel}","templated":true}]}}