{"id":34225,"date":"2025-11-03T10:54:29","date_gmt":"2025-11-03T10:54:29","guid":{"rendered":"https:\/\/championbaltics.com\/toode\/ninja-4500-elektrivints-12v-sunteetilise-koiega\/"},"modified":"2025-11-03T10:54:29","modified_gmt":"2025-11-03T10:54:29","slug":"ninja-4500-elektrivints-12v-sunteetilise-koiega","status":"publish","type":"product","link":"https:\/\/championbaltics.com\/et\/toode\/ninja-4500-elektrivints-12v-sunteetilise-koiega\/","title":{"rendered":"Ninja 4500 elektrivints 12V \u2013 s\u00fcnteetilise k\u00f6iega"},"content":{"rendered":"<h3>Ninja 4500 elektrivints 12V \u2013 s\u00fcnteetilise k\u00f6iega<\/h3>\n<p>Warrior Winches Ninja seeria on suurep\u00e4rane universaalne vints. Ideaalne vints ATV\/UTV, haagiste ja v\u00e4iksemate rakenduste jaoks. Ninja mudelitel on ainulaadne vabastusfunktsioon, mis v\u00f5imaldab trossi tavap\u00e4rasest kiiremini v\u00e4lja t\u00f5mmata, ning need on saadaval nii terasest kui ka s\u00fcnteetilise k\u00f6iega. Sisseehitatud pidur, mis suudab hoida t\u00e4israskust ja kolmeastmeline planetaarne \u00fclekanne muudavad selle vintsi usaldusv\u00e4\u00e4rseks osaks iga tegevuse jaoks. 4500 naela (1829 kg) suurus t\u00e4hendab 2041 kg t\u00f5mbej\u00f5udu.    <\/p>\n<p>K\u00f5ik vajalik vintsi koheseks t\u00f6\u00f6lepanekuks on komplektis: 3,8 m kaabliga pult, konks, kaablid, kinnitusplaat, rihmaratas ja trossijuhik. Ninja on IP54 kaitseklassiga. <\/p>\n<p>See mudel SPA on s\u00fcnteetilise k\u00f6iega.<\/p>\n<p>Lisavarustusena on saadaval ATV lenkstangide kaugjuhtimispult ja\/v\u00f5i mitu juhtmevaba kaugjuhtimispulti.<\/p>\n","protected":false},"excerpt":{"rendered":"<p>Warrior Winchesi Ninja seeria on suurep\u00e4rane universaalne vints. Ideaalne vints ATV\/UTV, haagiste ja v\u00e4iksemate rakenduste jaoks. <\/p>\n<h3>Omadused:<\/h3>\n<ul>\n<li>Varjestatud suure j\u00f5udlusega mootor<\/li>\n<li>Tugevad veekindlad kontaktorid<\/li>\n<li>Terasest planetaar\u00fclekanne<\/li>\n<li>Tugevdatud trummel s\u00fcnteetilise k\u00f6ie jaoks<\/li>\n<li>Veekindel pistik kaugjuhtimispuldi jaoks<\/li>\n<li>Kriimustuskindel pulberv\u00e4rv<\/li>\n<\/ul>\n","protected":false},"featured_media":34216,"comment_status":"open","ping_status":"closed","template":"","meta":[],"product_brand":[],"product_cat":[328],"product_tag":[330,380,349,360,329],"class_list":{"0":"post-34225","1":"product","2":"type-product","3":"status-publish","4":"has-post-thumbnail","6":"product_cat-vintsid","7":"product_tag-elektrivints","8":"product_tag-ninja","9":"product_tag-premium","10":"product_tag-sunteetiline-kois","11":"product_tag-vints","13":"first","14":"instock","15":"taxable","16":"shipping-taxable","17":"purchasable","18":"product-type-simple"},"yoast_head":"<!-- This site is optimized with the Yoast SEO Premium plugin v27.5 (Yoast SEO v27.5) - https:\/\/yoast.com\/product\/yoast-seo-premium-wordpress\/ -->\n<title>Ninja 4500 elektrivints 12V \u2013 s\u00fcnteetilise k\u00f6iega - Champion Baltics<\/title>\n<meta name=\"description\" content=\"Ninja 4500 elektrivints 12V teraskaabliga \u2013 2041 kg t\u00f5mbej\u00f5ud, sisseehitatud pidur, 3-astmeline planetaar\u00fclekanne, kaugjuhtimispult, IP54 kaitseklass, ideaalne ATV\/UTV ja haagiste jaoks\" \/>\n<meta name=\"robots\" content=\"index, follow, max-snippet:-1, max-image-preview:large, max-video-preview:-1\" \/>\n<link rel=\"canonical\" href=\"https:\/\/championbaltics.com\/et\/toode\/ninja-4500-elektrivints-12v-sunteetilise-koiega\/\" \/>\n<meta property=\"og:locale\" content=\"et_EE\" \/>\n<meta property=\"og:type\" content=\"article\" \/>\n<meta property=\"og:title\" content=\"Ninja 4500 elektrivints 12V \u2013 s\u00fcnteetilise k\u00f6iega\" \/>\n<meta property=\"og:description\" content=\"Ninja 4500 elektrivints 12V teraskaabliga \u2013 2041 kg t\u00f5mbej\u00f5ud, sisseehitatud pidur, 3-astmeline planetaar\u00fclekanne, kaugjuhtimispult, IP54 kaitseklass, ideaalne ATV\/UTV ja haagiste jaoks\" \/>\n<meta property=\"og:url\" content=\"https:\/\/championbaltics.com\/et\/toode\/ninja-4500-elektrivints-12v-sunteetilise-koiega\/\" \/>\n<meta property=\"og:site_name\" content=\"Champion Baltics\" \/>\n<meta property=\"article:publisher\" content=\"https:\/\/facebook.com\/championbaltics\" \/>\n<meta property=\"og:image\" content=\"https:\/\/championbaltics.com\/wp-content\/uploads\/2025\/11\/Ninja_45SPA_winch-frontr-1-scaled.webp\" \/>\n\t<meta property=\"og:image:width\" content=\"1920\" \/>\n\t<meta property=\"og:image:height\" content=\"1920\" \/>\n\t<meta property=\"og:image:type\" content=\"image\/webp\" \/>\n<meta name=\"twitter:card\" content=\"summary_large_image\" \/>\n<meta name=\"twitter:label1\" content=\"Price\" \/>\n\t<meta name=\"twitter:data1\" content=\"369,00&nbsp;&euro;\" \/>\n\t<meta name=\"twitter:label2\" content=\"Availability\" \/>\n\t<meta name=\"twitter:data2\" content=\"In stock\" \/>\n<script type=\"application\/ld+json\" class=\"yoast-schema-graph\">{\"@context\":\"https:\\\/\\\/schema.org\",\"@graph\":[{\"@type\":\"WebPage\",\"@id\":\"https:\\\/\\\/championbaltics.com\\\/et\\\/toode\\\/ninja-4500-elektrivints-12v-sunteetilise-koiega\\\/\",\"url\":\"https:\\\/\\\/championbaltics.com\\\/et\\\/toode\\\/ninja-4500-elektrivints-12v-sunteetilise-koiega\\\/\",\"name\":\"Ninja 4500 elektrivints 12V \u2013 s\u00fcnteetilise k\u00f6iega - Champion Baltics\",\"isPartOf\":{\"@id\":\"https:\\\/\\\/championbaltics.com\\\/et\\\/#website\"},\"primaryImageOfPage\":{\"@id\":\"https:\\\/\\\/championbaltics.com\\\/et\\\/toode\\\/ninja-4500-elektrivints-12v-sunteetilise-koiega\\\/#primaryimage\"},\"image\":{\"@id\":\"https:\\\/\\\/championbaltics.com\\\/et\\\/toode\\\/ninja-4500-elektrivints-12v-sunteetilise-koiega\\\/#primaryimage\"},\"thumbnailUrl\":\"https:\\\/\\\/championbaltics.com\\\/wp-content\\\/uploads\\\/2025\\\/11\\\/Ninja_45SPA_winch-frontr-1-scaled.webp\",\"datePublished\":\"2025-11-03T10:54:29+00:00\",\"description\":\"Ninja 4500 elektrivints 12V teraskaabliga \u2013 2041 kg t\u00f5mbej\u00f5ud, sisseehitatud pidur, 3-astmeline planetaar\u00fclekanne, kaugjuhtimispult, IP54 kaitseklass, ideaalne ATV\\\/UTV ja haagiste jaoks\",\"breadcrumb\":{\"@id\":\"https:\\\/\\\/championbaltics.com\\\/et\\\/toode\\\/ninja-4500-elektrivints-12v-sunteetilise-koiega\\\/#breadcrumb\"},\"inLanguage\":\"et\",\"potentialAction\":[{\"@type\":\"ReadAction\",\"target\":[\"https:\\\/\\\/championbaltics.com\\\/et\\\/toode\\\/ninja-4500-elektrivints-12v-sunteetilise-koiega\\\/\"]}]},{\"@type\":\"ImageObject\",\"inLanguage\":\"et\",\"@id\":\"https:\\\/\\\/championbaltics.com\\\/et\\\/toode\\\/ninja-4500-elektrivints-12v-sunteetilise-koiega\\\/#primaryimage\",\"url\":\"https:\\\/\\\/championbaltics.com\\\/wp-content\\\/uploads\\\/2025\\\/11\\\/Ninja_45SPA_winch-frontr-1-scaled.webp\",\"contentUrl\":\"https:\\\/\\\/championbaltics.com\\\/wp-content\\\/uploads\\\/2025\\\/11\\\/Ninja_45SPA_winch-frontr-1-scaled.webp\",\"width\":1920,\"height\":1920,\"caption\":\"vintsi esivaade\"},{\"@type\":\"BreadcrumbList\",\"@id\":\"https:\\\/\\\/championbaltics.com\\\/et\\\/toode\\\/ninja-4500-elektrivints-12v-sunteetilise-koiega\\\/#breadcrumb\",\"itemListElement\":[{\"@type\":\"ListItem\",\"position\":1,\"name\":\"Home\",\"item\":\"https:\\\/\\\/championbaltics.com\\\/et\\\/\"},{\"@type\":\"ListItem\",\"position\":2,\"name\":\"Pood\",\"item\":\"https:\\\/\\\/championbaltics.com\\\/et\\\/pood\\\/\"},{\"@type\":\"ListItem\",\"position\":3,\"name\":\"Ninja 4500 elektrivints 12V \u2013 s\u00fcnteetilise k\u00f6iega\"}]},{\"@type\":\"WebSite\",\"@id\":\"https:\\\/\\\/championbaltics.com\\\/et\\\/#website\",\"url\":\"https:\\\/\\\/championbaltics.com\\\/et\\\/\",\"name\":\"Champion Baltics\",\"description\":\"Power equipments\",\"publisher\":{\"@id\":\"https:\\\/\\\/championbaltics.com\\\/et\\\/#organization\"},\"alternateName\":\"Champion Power Equipment\",\"potentialAction\":[{\"@type\":\"SearchAction\",\"target\":{\"@type\":\"EntryPoint\",\"urlTemplate\":\"https:\\\/\\\/championbaltics.com\\\/et\\\/?s={search_term_string}\"},\"query-input\":{\"@type\":\"PropertyValueSpecification\",\"valueRequired\":true,\"valueName\":\"search_term_string\"}}],\"inLanguage\":\"et\"},{\"@type\":[\"Organization\",\"Place\"],\"@id\":\"https:\\\/\\\/championbaltics.com\\\/et\\\/#organization\",\"name\":\"Champion Baltics\",\"alternateName\":\"Champion Power Equipment\",\"url\":\"https:\\\/\\\/championbaltics.com\\\/et\\\/\",\"logo\":{\"@id\":\"https:\\\/\\\/championbaltics.com\\\/et\\\/toode\\\/ninja-4500-elektrivints-12v-sunteetilise-koiega\\\/#local-main-organization-logo\"},\"image\":{\"@id\":\"https:\\\/\\\/championbaltics.com\\\/et\\\/toode\\\/ninja-4500-elektrivints-12v-sunteetilise-koiega\\\/#local-main-organization-logo\"},\"sameAs\":[\"https:\\\/\\\/facebook.com\\\/championbaltics\"],\"description\":\"Champion power equipment representer of State of Baltics\",\"legalName\":\"T.O Engineering LLC\",\"foundingDate\":\"2015-01-07\",\"numberOfEmployees\":{\"@type\":\"QuantitativeValue\",\"minValue\":\"1\",\"maxValue\":\"10\"},\"hasMerchantReturnPolicy\":{\"@type\":\"MerchantReturnPolicy\",\"merchantReturnLink\":\"https:\\\/\\\/championbaltics.com\\\/refund_returns\\\/\"},\"address\":{\"@id\":\"https:\\\/\\\/championbaltics.com\\\/et\\\/toode\\\/ninja-4500-elektrivints-12v-sunteetilise-koiega\\\/#local-main-place-address\"},\"telephone\":[],\"contactPoint\":{\"@type\":\"ContactPoint\",\"telephone\":\"+3725204833\",\"email\":\"info@championbaltics.com\"},\"openingHoursSpecification\":[{\"@type\":\"OpeningHoursSpecification\",\"dayOfWeek\":[\"Monday\",\"Tuesday\",\"Wednesday\",\"Thursday\",\"Friday\",\"Saturday\",\"Sunday\"],\"opens\":\"09:00\",\"closes\":\"17:00\"}],\"email\":\"info@championbaltics.com\",\"vatID\":\"EE102032772\"},{\"@type\":\"PostalAddress\",\"@id\":\"https:\\\/\\\/championbaltics.com\\\/et\\\/toode\\\/ninja-4500-elektrivints-12v-sunteetilise-koiega\\\/#local-main-place-address\",\"streetAddress\":\"P\u00e4rnu mnt 144\",\"addressLocality\":\"Tallinn\",\"postalCode\":\"11317\",\"addressRegion\":\"Harju\",\"addressCountry\":\"EE\"},{\"@type\":\"ImageObject\",\"inLanguage\":\"et\",\"@id\":\"https:\\\/\\\/championbaltics.com\\\/et\\\/toode\\\/ninja-4500-elektrivints-12v-sunteetilise-koiega\\\/#local-main-organization-logo\",\"url\":\"https:\\\/\\\/championbaltics.com\\\/wp-content\\\/uploads\\\/2025\\\/08\\\/cropped-ChampionBalticsLogo.webp\",\"contentUrl\":\"https:\\\/\\\/championbaltics.com\\\/wp-content\\\/uploads\\\/2025\\\/08\\\/cropped-ChampionBalticsLogo.webp\",\"width\":512,\"height\":512,\"caption\":\"Champion Baltics\"}]}<\/script>\n<meta property=\"product:price:amount\" content=\"369.00\" \/>\n<meta property=\"product:price:currency\" content=\"EUR\" \/>\n<meta property=\"og:availability\" content=\"instock\" \/>\n<meta property=\"product:availability\" content=\"instock\" \/>\n<meta property=\"product:retailer_item_id\" content=\"45SPA12\" \/>\n<meta property=\"product:condition\" content=\"new\" \/>\n<meta name=\"geo.placename\" content=\"Tallinn\" \/>\n<meta name=\"geo.region\" content=\"Estonia\" \/>\n<!-- \/ Yoast SEO Premium plugin. -->","yoast_head_json":{"title":"Ninja 4500 elektrivints 12V \u2013 s\u00fcnteetilise k\u00f6iega - Champion Baltics","description":"Ninja 4500 elektrivints 12V teraskaabliga \u2013 2041 kg t\u00f5mbej\u00f5ud, sisseehitatud pidur, 3-astmeline planetaar\u00fclekanne, kaugjuhtimispult, IP54 kaitseklass, ideaalne ATV\/UTV ja haagiste jaoks","robots":{"index":"index","follow":"follow","max-snippet":"max-snippet:-1","max-image-preview":"max-image-preview:large","max-video-preview":"max-video-preview:-1"},"canonical":"https:\/\/championbaltics.com\/et\/toode\/ninja-4500-elektrivints-12v-sunteetilise-koiega\/","og_locale":"et_EE","og_type":"article","og_title":"Ninja 4500 elektrivints 12V \u2013 s\u00fcnteetilise k\u00f6iega","og_description":"Ninja 4500 elektrivints 12V teraskaabliga \u2013 2041 kg t\u00f5mbej\u00f5ud, sisseehitatud pidur, 3-astmeline planetaar\u00fclekanne, kaugjuhtimispult, IP54 kaitseklass, ideaalne ATV\/UTV ja haagiste jaoks","og_url":"https:\/\/championbaltics.com\/et\/toode\/ninja-4500-elektrivints-12v-sunteetilise-koiega\/","og_site_name":"Champion Baltics","article_publisher":"https:\/\/facebook.com\/championbaltics","og_image":[{"width":1920,"height":1920,"url":"https:\/\/championbaltics.com\/wp-content\/uploads\/2025\/11\/Ninja_45SPA_winch-frontr-1-scaled.webp","type":"image\/webp"}],"twitter_card":"summary_large_image","twitter_misc":{"Price":"369,00&nbsp;&euro;","Availability":"In stock"},"schema":{"@context":"https:\/\/schema.org","@graph":[{"@type":"WebPage","@id":"https:\/\/championbaltics.com\/et\/toode\/ninja-4500-elektrivints-12v-sunteetilise-koiega\/","url":"https:\/\/championbaltics.com\/et\/toode\/ninja-4500-elektrivints-12v-sunteetilise-koiega\/","name":"Ninja 4500 elektrivints 12V \u2013 s\u00fcnteetilise k\u00f6iega - Champion Baltics","isPartOf":{"@id":"https:\/\/championbaltics.com\/et\/#website"},"primaryImageOfPage":{"@id":"https:\/\/championbaltics.com\/et\/toode\/ninja-4500-elektrivints-12v-sunteetilise-koiega\/#primaryimage"},"image":{"@id":"https:\/\/championbaltics.com\/et\/toode\/ninja-4500-elektrivints-12v-sunteetilise-koiega\/#primaryimage"},"thumbnailUrl":"https:\/\/championbaltics.com\/wp-content\/uploads\/2025\/11\/Ninja_45SPA_winch-frontr-1-scaled.webp","datePublished":"2025-11-03T10:54:29+00:00","description":"Ninja 4500 elektrivints 12V teraskaabliga \u2013 2041 kg t\u00f5mbej\u00f5ud, sisseehitatud pidur, 3-astmeline planetaar\u00fclekanne, kaugjuhtimispult, IP54 kaitseklass, ideaalne ATV\/UTV ja haagiste jaoks","breadcrumb":{"@id":"https:\/\/championbaltics.com\/et\/toode\/ninja-4500-elektrivints-12v-sunteetilise-koiega\/#breadcrumb"},"inLanguage":"et","potentialAction":[{"@type":"ReadAction","target":["https:\/\/championbaltics.com\/et\/toode\/ninja-4500-elektrivints-12v-sunteetilise-koiega\/"]}]},{"@type":"ImageObject","inLanguage":"et","@id":"https:\/\/championbaltics.com\/et\/toode\/ninja-4500-elektrivints-12v-sunteetilise-koiega\/#primaryimage","url":"https:\/\/championbaltics.com\/wp-content\/uploads\/2025\/11\/Ninja_45SPA_winch-frontr-1-scaled.webp","contentUrl":"https:\/\/championbaltics.com\/wp-content\/uploads\/2025\/11\/Ninja_45SPA_winch-frontr-1-scaled.webp","width":1920,"height":1920,"caption":"vintsi esivaade"},{"@type":"BreadcrumbList","@id":"https:\/\/championbaltics.com\/et\/toode\/ninja-4500-elektrivints-12v-sunteetilise-koiega\/#breadcrumb","itemListElement":[{"@type":"ListItem","position":1,"name":"Home","item":"https:\/\/championbaltics.com\/et\/"},{"@type":"ListItem","position":2,"name":"Pood","item":"https:\/\/championbaltics.com\/et\/pood\/"},{"@type":"ListItem","position":3,"name":"Ninja 4500 elektrivints 12V \u2013 s\u00fcnteetilise k\u00f6iega"}]},{"@type":"WebSite","@id":"https:\/\/championbaltics.com\/et\/#website","url":"https:\/\/championbaltics.com\/et\/","name":"Champion Baltics","description":"Power equipments","publisher":{"@id":"https:\/\/championbaltics.com\/et\/#organization"},"alternateName":"Champion Power Equipment","potentialAction":[{"@type":"SearchAction","target":{"@type":"EntryPoint","urlTemplate":"https:\/\/championbaltics.com\/et\/?s={search_term_string}"},"query-input":{"@type":"PropertyValueSpecification","valueRequired":true,"valueName":"search_term_string"}}],"inLanguage":"et"},{"@type":["Organization","Place"],"@id":"https:\/\/championbaltics.com\/et\/#organization","name":"Champion Baltics","alternateName":"Champion Power Equipment","url":"https:\/\/championbaltics.com\/et\/","logo":{"@id":"https:\/\/championbaltics.com\/et\/toode\/ninja-4500-elektrivints-12v-sunteetilise-koiega\/#local-main-organization-logo"},"image":{"@id":"https:\/\/championbaltics.com\/et\/toode\/ninja-4500-elektrivints-12v-sunteetilise-koiega\/#local-main-organization-logo"},"sameAs":["https:\/\/facebook.com\/championbaltics"],"description":"Champion power equipment representer of State of Baltics","legalName":"T.O Engineering LLC","foundingDate":"2015-01-07","numberOfEmployees":{"@type":"QuantitativeValue","minValue":"1","maxValue":"10"},"hasMerchantReturnPolicy":{"@type":"MerchantReturnPolicy","merchantReturnLink":"https:\/\/championbaltics.com\/refund_returns\/"},"address":{"@id":"https:\/\/championbaltics.com\/et\/toode\/ninja-4500-elektrivints-12v-sunteetilise-koiega\/#local-main-place-address"},"telephone":[],"contactPoint":{"@type":"ContactPoint","telephone":"+3725204833","email":"info@championbaltics.com"},"openingHoursSpecification":[{"@type":"OpeningHoursSpecification","dayOfWeek":["Monday","Tuesday","Wednesday","Thursday","Friday","Saturday","Sunday"],"opens":"09:00","closes":"17:00"}],"email":"info@championbaltics.com","vatID":"EE102032772"},{"@type":"PostalAddress","@id":"https:\/\/championbaltics.com\/et\/toode\/ninja-4500-elektrivints-12v-sunteetilise-koiega\/#local-main-place-address","streetAddress":"P\u00e4rnu mnt 144","addressLocality":"Tallinn","postalCode":"11317","addressRegion":"Harju","addressCountry":"EE"},{"@type":"ImageObject","inLanguage":"et","@id":"https:\/\/championbaltics.com\/et\/toode\/ninja-4500-elektrivints-12v-sunteetilise-koiega\/#local-main-organization-logo","url":"https:\/\/championbaltics.com\/wp-content\/uploads\/2025\/08\/cropped-ChampionBalticsLogo.webp","contentUrl":"https:\/\/championbaltics.com\/wp-content\/uploads\/2025\/08\/cropped-ChampionBalticsLogo.webp","width":512,"height":512,"caption":"Champion Baltics"}]},"product_price_amount":"369.00","product_price_currency":"EUR","og_availability":"instock","product_availability":"instock","product_retailer_item_id":"45SPA12","product_condition":"new","geo.placename":"Tallinn","geo.region":"Estonia"},"_links":{"self":[{"href":"https:\/\/championbaltics.com\/et\/wp-json\/wp\/v2\/product\/34225","targetHints":{"allow":["GET"]}}],"collection":[{"href":"https:\/\/championbaltics.com\/et\/wp-json\/wp\/v2\/product"}],"about":[{"href":"https:\/\/championbaltics.com\/et\/wp-json\/wp\/v2\/types\/product"}],"replies":[{"embeddable":true,"href":"https:\/\/championbaltics.com\/et\/wp-json\/wp\/v2\/comments?post=34225"}],"version-history":[{"count":0,"href":"https:\/\/championbaltics.com\/et\/wp-json\/wp\/v2\/product\/34225\/revisions"}],"wp:featuredmedia":[{"embeddable":true,"href":"https:\/\/championbaltics.com\/et\/wp-json\/wp\/v2\/media\/34216"}],"wp:attachment":[{"href":"https:\/\/championbaltics.com\/et\/wp-json\/wp\/v2\/media?parent=34225"}],"wp:term":[{"taxonomy":"product_brand","embeddable":true,"href":"https:\/\/championbaltics.com\/et\/wp-json\/wp\/v2\/product_brand?post=34225"},{"taxonomy":"product_cat","embeddable":true,"href":"https:\/\/championbaltics.com\/et\/wp-json\/wp\/v2\/product_cat?post=34225"},{"taxonomy":"product_tag","embeddable":true,"href":"https:\/\/championbaltics.com\/et\/wp-json\/wp\/v2\/product_tag?post=34225"}],"curies":[{"name":"wp","href":"https:\/\/api.w.org\/{rel}","templated":true}]}}