{"id":30625,"date":"2021-10-12T16:27:24","date_gmt":"2021-10-12T16:27:24","guid":{"rendered":"https:\/\/championbaltics.com\/susisiekite-su-mumis\/"},"modified":"2025-09-09T13:11:33","modified_gmt":"2025-09-09T13:11:33","slug":"susisiekite-su-mumis","status":"publish","type":"page","link":"https:\/\/championbaltics.com\/lt\/susisiekite-su-mumis\/","title":{"rendered":"Susisiekite su mumis"},"content":{"rendered":"<h4>Write or call to us<\/h4>\n<p>\t\t\t\t\tINFORMACIJOS KLAUSIMAI\t\t\t\t<\/p>\n<h4>DA\u017dNAI U\u017dDUODAMI KLAUSIMAI<\/h4>\n<p>\t\t\t\t\t\t\t\tKok\u012f aliej\u0173 tur\u0117\u010diau naudoti?\t\t\t\t\t\t\t<\/p>\n<p>Naudojimui pavasario, vasaros ir rudens m\u0117nesiais benzininiuose arba dyzeliniuose generatoriuose rekomenduojame naudoti 10w30, ta\u010diau kartais j\u012f sunku gauti. Tokiu atveju rekomenduojame \u012fsigyti 10w40, kuris puikiai tiks.<\/p>\n<p>Jei j\u016bs arba j\u016bs\u0173 klientas ketinate naudoti generatori\u0173 labai \u017eemoje temperat\u016broje, da\u017eniausiai \u017eiemos m\u0117nesiais, rekomenduojame naudoti 5w30.<\/p>\n<p>\t\t\t\t\t\t\t\tKoks yra mano generatoriaus degal\u0173 suvartojimas?\t\t\t\t\t\t\t<\/p>\n<p>\u017demiau pateikiama apytiksl\u0117 \u201eChampion\u201c generatori\u0173 degal\u0173 suvartojimo informacija. Visi duomenys paimti i\u0161 bandym\u0173 aplinkos gamykloje, nurodyti skai\u010diai yra tiksl\u016bs \u012fvertinimai bandymo metu ir gali skirtis. <\/p>\n<table border=\"1\" width=\"100%\" cellspacing=\"0\" cellpadding=\"4px\">\n<tbody>\n<tr>\n<th rowspan=\"2\">Generatoriaus<\/th>\n<th colspan=\"2\" rowspan=\"2\">degal\u0173<\/th>\n<th colspan=\"4\">s\u0105naudos be \u201eeco\u201c<\/th>\n<\/tr>\n<tr>\n<th>25%<\/th>\n<th>50%<\/th>\n<th>75%<\/th>\n<th>100%<\/th>\n<\/tr>\n<tr>\n<th>73001i \/ 73001i-p<\/th>\n<td>Benzinas<\/td>\n<td>L\/val.<\/td>\n<td>0.75<\/td>\n<td>0.92<\/td>\n<td>ND<\/td>\n<td>1.6<\/td>\n<\/tr>\n<tr>\n<th rowspan=\"2\">73001i-DF<\/th>\n<td>Benzinas<\/td>\n<td>L\/val.<\/td>\n<td>0.88<\/td>\n<td>1.2<\/td>\n<td>1.56<\/td>\n<td>1.97<\/td>\n<\/tr>\n<tr>\n<td>LPG<\/td>\n<td>Kg\/val.<\/td>\n<td>0.8<\/td>\n<td>0.8<\/td>\n<td>1<\/td>\n<td>1.26<\/td>\n<\/tr>\n<tr>\n<th>82001i<\/th>\n<td>Benzinas<\/td>\n<td>L\/val.<\/td>\n<td>0.38<\/td>\n<td><strong>62,5%:<\/strong><br \/>0.71<\/td>\n<td><strong>93,75%:<\/strong><br \/>1<\/td>\n<td>1.05<\/td>\n<\/tr>\n<tr>\n<th rowspan=\"2\">82001i-DF<\/th>\n<td>Benzinas<\/td>\n<td>L\/val.<\/td>\n<td>0.38<\/td>\n<td><strong>62,5%:<\/strong><br \/>0.71<\/td>\n<td><strong>93,75%:<\/strong><br \/>1<\/td>\n<td>1.05<\/td>\n<\/tr>\n<tr>\n<td>LPG<\/td>\n<td>Kg\/val.<\/td>\n<td>0.27<\/td>\n<td><strong>62,5%:<\/strong><br \/>0.52<\/td>\n<td><strong>93,75%:<\/strong><br \/>0.65<\/td>\n<td>0.554<\/td>\n<\/tr>\n<tr>\n<th>92001i<\/th>\n<td>Benzinas<\/td>\n<td>L\/val.<\/td>\n<td>0.47<\/td>\n<td>0.69<\/td>\n<td>0.95<\/td>\n<td>1.17<\/td>\n<\/tr>\n<tr>\n<th rowspan=\"2\">92001i-DF<\/th>\n<td>Benzinas<\/td>\n<td>L\/val.<\/td>\n<td>0.47<\/td>\n<td>0.69<\/td>\n<td>0.95<\/td>\n<td>1.17<\/td>\n<\/tr>\n<tr>\n<td>LPG<\/td>\n<td>Kg\/val.<\/td>\n<td>0.33<\/td>\n<td>0.43<\/td>\n<td>ND<\/td>\n<td>0.65<\/td>\n<\/tr>\n<tr>\n<th>CPG4000E1<\/th>\n<td>Benzinas<\/td>\n<td>L\/val.<\/td>\n<td>ND<\/td>\n<td>1.58<\/td>\n<td>2.03<\/td>\n<td>2.6<\/td>\n<\/tr>\n<tr>\n<th>CPG4000DHY<\/th>\n<td>Benzinas<\/td>\n<td>L\/val.<\/td>\n<td>0.79<\/td>\n<td>1.2<\/td>\n<td>1.70<\/td>\n<td>2.0<\/td>\n<\/tr>\n<tr>\n<th>500559\/60<\/th>\n<td>Benzinas<\/td>\n<td>L\/val.<\/td>\n<td>ND<\/td>\n<td>1.46<\/td>\n<td>1.73<\/td>\n<td>2.24<\/td>\n<\/tr>\n<tr>\n<th>CPG6500E2<\/th>\n<td>Benzinas<\/td>\n<td>L\/val.<\/td>\n<td>ND<\/td>\n<td>2.65<\/td>\n<td>3.29<\/td>\n<td>3.96<\/td>\n<\/tr>\n<tr>\n<th rowspan=\"2\">CPG7500E2-DF<\/th>\n<td>Benzinas<\/td>\n<td>L\/val.<\/td>\n<td>ND<\/td>\n<td>2.8<\/td>\n<td>3.6<\/td>\n<td>4.18<\/td>\n<\/tr>\n<tr>\n<td>LPG<\/td>\n<td>Kg\/val.<\/td>\n<td>ND<\/td>\n<td>2.64<\/td>\n<td>2.94<\/td>\n<td>3.4<\/td>\n<\/tr>\n<tr>\n<th>CPG9000E2<\/th>\n<td>Benzinas<\/td>\n<td>L\/val.<\/td>\n<td>ND<\/td>\n<td>2.80<\/td>\n<td>3.53<\/td>\n<td>4.14<\/td>\n<\/tr>\n<\/tbody>\n<\/table>\n<p><strong>ND = N\u0117ra duomen\u0173<\/strong><\/p>\n<p><strong>\u201eWarrior\u201c galios \u012frangos generatoriai<\/strong><\/p>\n<p>\u017demiau pateikiama apytiksl\u0117 \u201eWarrior\u201c galios \u012frangos generatori\u0173 degal\u0173 suvartojimo informacija. Visi duomenys paimti i\u0161 bandym\u0173 aplinkos gamykloje, nurodyti skai\u010diai yra tiksl\u016bs \u012fvertinimai bandymo metu ir gali skirtis. <\/p>\n<table border=\"1\">\n<colgroup>\n<col>\n<col>\n<col>\n<col>\n<col>\n<col>\n<col>\n<col><\/colgroup>\n<tbody>\n<tr>\n<td rowspan=\"2\">Modelis<\/td>\n<td width=\"115\" height=\"40\">Degal\u0173 bako talpa<\/td>\n<td colspan=\"2\" width=\"126\" height=\"40\">75% apkrova<\/td>\n<td width=\"75\">25% apkrova<\/td>\n<td width=\"76\">50% apkrova<\/td>\n<td width=\"75\">100% apkrova<\/td>\n<td width=\"101\">Galia<\/td>\n<\/tr>\n<tr>\n<td width=\"115\" height=\"19\">L<\/td>\n<td width=\"72\">g\/kWh<\/td>\n<td width=\"54\">L\/h<\/td>\n<td width=\"75\">h<\/td>\n<td width=\"76\">h<\/td>\n<td width=\"75\">h<\/td>\n<td width=\"101\">Kw<\/td>\n<\/tr>\n<tr>\n<td width=\"149\" height=\"20\"><strong>LDG6500SV<\/strong><\/td>\n<td width=\"115\" height=\"20\">16<\/td>\n<td width=\"72\">370<\/td>\n<td width=\"54\">1.67<\/td>\n<td width=\"75\">21.7<\/td>\n<td width=\"76\">12.4<\/td>\n<td width=\"75\">7.1  <\/td>\n<td width=\"101\">5.5<\/td>\n<\/tr>\n<tr>\n<td width=\"149\" height=\"20\"><strong>LDG6500SV3<\/strong><\/td>\n<td width=\"115\" height=\"20\">16<\/td>\n<td width=\"72\">370<\/td>\n<td width=\"54\">1.67<\/td>\n<td width=\"75\">21.7<\/td>\n<td width=\"76\">12.4<\/td>\n<td width=\"75\">7.1  <\/td>\n<td width=\"101\">5.5<\/td>\n<\/tr>\n<tr>\n<td width=\"149\" height=\"20\"><strong>LDG12S<\/strong><\/td>\n<td width=\"115\" height=\"20\">50<\/td>\n<td width=\"72\">350<\/td>\n<td width=\"54\">3.16<\/td>\n<td width=\"75\">35.8<\/td>\n<td>20.6  <\/td>\n<td width=\"75\">11.8  <\/td>\n<td width=\"101\">10<\/td>\n<\/tr>\n<tr>\n<td width=\"149\" height=\"20\"><strong>LDG12S3<\/strong><\/td>\n<td height=\"20\">50<\/td>\n<td>350<\/td>\n<td>3.16<\/td>\n<td>35.8<\/td>\n<td>20.6<\/td>\n<td>11.8  <\/td>\n<td>10<\/td>\n<\/tr>\n<tr>\n<td width=\"149\" height=\"20\"><strong>LDG15S<\/strong><\/td>\n<td height=\"20\">35<\/td>\n<td>310<\/td>\n<td>3.36<\/td>\n<td>23.6<\/td>\n<td>13.5<\/td>\n<td>7.8  <\/td>\n<td>12(3000rpm)<\/td>\n<\/tr>\n<tr>\n<td width=\"149\" height=\"20\"><strong>LDG15S3<\/strong><\/td>\n<td height=\"20\">35<\/td>\n<td>310<\/td>\n<td>3.36<\/td>\n<td>23.6<\/td>\n<td>13.5<\/td>\n<td>7.8  <\/td>\n<td>12(3000rpm)<\/td>\n<\/tr>\n<\/tbody>\n<\/table>\n<p>\t\t\t\t\tINFORMACIJA APIE MUS\t\t\t\t<\/p>\n<h4>SUSISIEKITE SU MUMIS D\u0116L BET KOKI\u0172 KLAUSIM\u0172<\/h4>\n<p role=\"status\" aria-live=\"polite\" aria-atomic=\"true\">\n<ul><\/ul>\n<form action=\"\/wp-json\/wpml\/tm\/v1\/ate\/jobs\/download#wpcf7-f1572-o7\" method=\"post\" aria-label=\"Contact form\" novalidate=\"novalidate\" data-status=\"init\">\n<fieldset><input type=\"hidden\" name=\"_wpcf7\" value=\"1572\" \/><input type=\"hidden\" name=\"_wpcf7_version\" value=\"6.1.1\" \/><input type=\"hidden\" name=\"_wpcf7_locale\" value=\"en_US\" \/><input type=\"hidden\" name=\"_wpcf7_unit_tag\" value=\"wpcf7-f1572-o7\" \/><input type=\"hidden\" name=\"_wpcf7_container_post\" value=\"0\" \/><input type=\"hidden\" name=\"_wpcf7_posted_data_hash\" value=\"\" \/><br \/>\n<\/fieldset>\n<p><label>Your Name<\/label><input size=\"40\" maxlength=\"400\" aria-required=\"true\" aria-invalid=\"false\" value=\"\" type=\"text\" name=\"your-name\" \/>\n\t\t\t<\/p>\n<p><label>Your Email<\/label><input size=\"40\" maxlength=\"400\" aria-required=\"true\" aria-invalid=\"false\" value=\"\" type=\"email\" name=\"your-email\" \/>\n\t\t\t<\/p>\n<p><label>Phone Number<\/label><input size=\"40\" maxlength=\"400\" aria-invalid=\"false\" value=\"\" type=\"tel\" name=\"your-phone\" \/>\n\t\t\t<\/p>\n<p><label>Company<\/label><input size=\"40\" maxlength=\"400\" aria-invalid=\"false\" value=\"\" type=\"text\" name=\"your-company\" \/>\n\t\t\t<\/p>\n<p><label>Your Message<\/label><textarea cols=\"40\" rows=\"10\" maxlength=\"2000\" aria-invalid=\"false\" name=\"your-message\"><\/textarea>\n\t\t<\/p>\n<p><input type=\"submit\" value=\"ASK A QUESTION\" \/>\n\t\t<\/p>\n<\/form>\n","protected":false},"excerpt":{"rendered":"<p>Write or call to us INFORMACIJOS KLAUSIMAI DA\u017dNAI U\u017dDUODAMI KLAUSIMAI Kok\u012f aliej\u0173 tur\u0117\u010diau naudoti? Naudojimui pavasario, vasaros ir rudens m\u0117nesiais<\/p>\n","protected":false},"author":1,"featured_media":0,"parent":0,"menu_order":0,"comment_status":"closed","ping_status":"closed","template":"","meta":{"footnotes":""},"class_list":["post-30625","page","type-page","status-publish","hentry"],"yoast_head":"<!-- This site is optimized with the Yoast SEO Premium plugin v27.4 (Yoast SEO v27.4) - https:\/\/yoast.com\/product\/yoast-seo-premium-wordpress\/ -->\n<title>Susisiekite su mumis - Champion Baltics<\/title>\n<meta name=\"robots\" content=\"index, follow, max-snippet:-1, max-image-preview:large, max-video-preview:-1\" \/>\n<link rel=\"canonical\" href=\"https:\/\/championbaltics.com\/lt\/susisiekite-su-mumis\/\" \/>\n<meta property=\"og:locale\" content=\"lt_LT\" \/>\n<meta property=\"og:type\" content=\"article\" \/>\n<meta property=\"og:title\" content=\"Susisiekite su mumis\" \/>\n<meta property=\"og:description\" content=\"Write or call to us INFORMACIJOS KLAUSIMAI DA\u017dNAI U\u017dDUODAMI KLAUSIMAI Kok\u012f aliej\u0173 tur\u0117\u010diau naudoti? Naudojimui pavasario, vasaros ir rudens m\u0117nesiais\" \/>\n<meta property=\"og:url\" content=\"https:\/\/championbaltics.com\/lt\/susisiekite-su-mumis\/\" \/>\n<meta property=\"og:site_name\" content=\"Champion Baltics\" \/>\n<meta property=\"article:publisher\" content=\"https:\/\/facebook.com\/championbaltics\" \/>\n<meta property=\"article:modified_time\" content=\"2025-09-09T13:11:33+00:00\" \/>\n<meta property=\"og:image\" content=\"https:\/\/championbaltics.com\/wp-content\/uploads\/2025\/08\/cropped-ChampionBalticsLogo.webp\" \/>\n\t<meta property=\"og:image:width\" content=\"512\" \/>\n\t<meta property=\"og:image:height\" content=\"512\" \/>\n\t<meta property=\"og:image:type\" content=\"image\/webp\" \/>\n<meta name=\"twitter:card\" content=\"summary_large_image\" \/>\n<meta name=\"twitter:label1\" content=\"Est. reading time\" \/>\n\t<meta name=\"twitter:data1\" content=\"1 minut\u0117\" \/>\n<script type=\"application\/ld+json\" class=\"yoast-schema-graph\">{\"@context\":\"https:\\\/\\\/schema.org\",\"@graph\":[{\"@type\":\"WebPage\",\"@id\":\"https:\\\/\\\/championbaltics.com\\\/lt\\\/susisiekite-su-mumis\\\/\",\"url\":\"https:\\\/\\\/championbaltics.com\\\/lt\\\/susisiekite-su-mumis\\\/\",\"name\":\"Susisiekite su mumis - Champion Baltics\",\"isPartOf\":{\"@id\":\"https:\\\/\\\/championbaltics.com\\\/lt\\\/#website\"},\"datePublished\":\"2021-10-12T16:27:24+00:00\",\"dateModified\":\"2025-09-09T13:11:33+00:00\",\"breadcrumb\":{\"@id\":\"https:\\\/\\\/championbaltics.com\\\/lt\\\/susisiekite-su-mumis\\\/#breadcrumb\"},\"inLanguage\":\"lt-LT\",\"potentialAction\":[{\"@type\":\"ReadAction\",\"target\":[\"https:\\\/\\\/championbaltics.com\\\/lt\\\/susisiekite-su-mumis\\\/\"]}]},{\"@type\":\"BreadcrumbList\",\"@id\":\"https:\\\/\\\/championbaltics.com\\\/lt\\\/susisiekite-su-mumis\\\/#breadcrumb\",\"itemListElement\":[{\"@type\":\"ListItem\",\"position\":1,\"name\":\"Home\",\"item\":\"https:\\\/\\\/championbaltics.com\\\/lt\\\/\"},{\"@type\":\"ListItem\",\"position\":2,\"name\":\"Susisiekite su mumis\"}]},{\"@type\":\"WebSite\",\"@id\":\"https:\\\/\\\/championbaltics.com\\\/lt\\\/#website\",\"url\":\"https:\\\/\\\/championbaltics.com\\\/lt\\\/\",\"name\":\"Champion Baltics\",\"description\":\"Power equipments\",\"publisher\":{\"@id\":\"https:\\\/\\\/championbaltics.com\\\/lt\\\/#organization\"},\"alternateName\":\"Champion Power Equipment\",\"potentialAction\":[{\"@type\":\"SearchAction\",\"target\":{\"@type\":\"EntryPoint\",\"urlTemplate\":\"https:\\\/\\\/championbaltics.com\\\/lt\\\/?s={search_term_string}\"},\"query-input\":{\"@type\":\"PropertyValueSpecification\",\"valueRequired\":true,\"valueName\":\"search_term_string\"}}],\"inLanguage\":\"lt-LT\"},{\"@type\":[\"Organization\",\"Place\"],\"@id\":\"https:\\\/\\\/championbaltics.com\\\/lt\\\/#organization\",\"name\":\"Champion Baltics\",\"alternateName\":\"Champion Power Equipment\",\"url\":\"https:\\\/\\\/championbaltics.com\\\/lt\\\/\",\"logo\":{\"@id\":\"https:\\\/\\\/championbaltics.com\\\/lt\\\/susisiekite-su-mumis\\\/#local-main-organization-logo\"},\"image\":{\"@id\":\"https:\\\/\\\/championbaltics.com\\\/lt\\\/susisiekite-su-mumis\\\/#local-main-organization-logo\"},\"sameAs\":[\"https:\\\/\\\/facebook.com\\\/championbaltics\"],\"description\":\"Champion power equipment representer of State of Baltics\",\"legalName\":\"T.O Engineering LLC\",\"foundingDate\":\"2015-01-07\",\"numberOfEmployees\":{\"@type\":\"QuantitativeValue\",\"minValue\":\"1\",\"maxValue\":\"10\"},\"hasMerchantReturnPolicy\":{\"@type\":\"MerchantReturnPolicy\",\"merchantReturnLink\":\"https:\\\/\\\/championbaltics.com\\\/refund_returns\\\/\"},\"address\":{\"@id\":\"https:\\\/\\\/championbaltics.com\\\/lt\\\/susisiekite-su-mumis\\\/#local-main-place-address\"},\"telephone\":[],\"contactPoint\":{\"@type\":\"ContactPoint\",\"telephone\":\"+3725204833\",\"email\":\"info@championbaltics.com\"},\"openingHoursSpecification\":[{\"@type\":\"OpeningHoursSpecification\",\"dayOfWeek\":[\"Monday\",\"Tuesday\",\"Wednesday\",\"Thursday\",\"Friday\",\"Saturday\",\"Sunday\"],\"opens\":\"09:00\",\"closes\":\"17:00\"}],\"email\":\"info@championbaltics.com\",\"vatID\":\"EE102032772\"},{\"@type\":\"PostalAddress\",\"@id\":\"https:\\\/\\\/championbaltics.com\\\/lt\\\/susisiekite-su-mumis\\\/#local-main-place-address\",\"streetAddress\":\"P\u00e4rnu mnt 144\",\"addressLocality\":\"Tallinn\",\"postalCode\":\"11317\",\"addressRegion\":\"Harju\",\"addressCountry\":\"EE\"},{\"@type\":\"ImageObject\",\"inLanguage\":\"lt-LT\",\"@id\":\"https:\\\/\\\/championbaltics.com\\\/lt\\\/susisiekite-su-mumis\\\/#local-main-organization-logo\",\"url\":\"https:\\\/\\\/championbaltics.com\\\/wp-content\\\/uploads\\\/2025\\\/08\\\/cropped-ChampionBalticsLogo.webp\",\"contentUrl\":\"https:\\\/\\\/championbaltics.com\\\/wp-content\\\/uploads\\\/2025\\\/08\\\/cropped-ChampionBalticsLogo.webp\",\"width\":512,\"height\":512,\"caption\":\"Champion Baltics\"}]}<\/script>\n<meta name=\"geo.placename\" content=\"Tallinn\" \/>\n<meta name=\"geo.region\" content=\"Estonia\" \/>\n<!-- \/ Yoast SEO Premium plugin. -->","yoast_head_json":{"title":"Susisiekite su mumis - Champion Baltics","robots":{"index":"index","follow":"follow","max-snippet":"max-snippet:-1","max-image-preview":"max-image-preview:large","max-video-preview":"max-video-preview:-1"},"canonical":"https:\/\/championbaltics.com\/lt\/susisiekite-su-mumis\/","og_locale":"lt_LT","og_type":"article","og_title":"Susisiekite su mumis","og_description":"Write or call to us INFORMACIJOS KLAUSIMAI DA\u017dNAI U\u017dDUODAMI KLAUSIMAI Kok\u012f aliej\u0173 tur\u0117\u010diau naudoti? Naudojimui pavasario, vasaros ir rudens m\u0117nesiais","og_url":"https:\/\/championbaltics.com\/lt\/susisiekite-su-mumis\/","og_site_name":"Champion Baltics","article_publisher":"https:\/\/facebook.com\/championbaltics","article_modified_time":"2025-09-09T13:11:33+00:00","og_image":[{"width":512,"height":512,"url":"https:\/\/championbaltics.com\/wp-content\/uploads\/2025\/08\/cropped-ChampionBalticsLogo.webp","type":"image\/webp"}],"twitter_card":"summary_large_image","twitter_misc":{"Est. reading time":"1 minut\u0117"},"schema":{"@context":"https:\/\/schema.org","@graph":[{"@type":"WebPage","@id":"https:\/\/championbaltics.com\/lt\/susisiekite-su-mumis\/","url":"https:\/\/championbaltics.com\/lt\/susisiekite-su-mumis\/","name":"Susisiekite su mumis - Champion Baltics","isPartOf":{"@id":"https:\/\/championbaltics.com\/lt\/#website"},"datePublished":"2021-10-12T16:27:24+00:00","dateModified":"2025-09-09T13:11:33+00:00","breadcrumb":{"@id":"https:\/\/championbaltics.com\/lt\/susisiekite-su-mumis\/#breadcrumb"},"inLanguage":"lt-LT","potentialAction":[{"@type":"ReadAction","target":["https:\/\/championbaltics.com\/lt\/susisiekite-su-mumis\/"]}]},{"@type":"BreadcrumbList","@id":"https:\/\/championbaltics.com\/lt\/susisiekite-su-mumis\/#breadcrumb","itemListElement":[{"@type":"ListItem","position":1,"name":"Home","item":"https:\/\/championbaltics.com\/lt\/"},{"@type":"ListItem","position":2,"name":"Susisiekite su mumis"}]},{"@type":"WebSite","@id":"https:\/\/championbaltics.com\/lt\/#website","url":"https:\/\/championbaltics.com\/lt\/","name":"Champion Baltics","description":"Power equipments","publisher":{"@id":"https:\/\/championbaltics.com\/lt\/#organization"},"alternateName":"Champion Power Equipment","potentialAction":[{"@type":"SearchAction","target":{"@type":"EntryPoint","urlTemplate":"https:\/\/championbaltics.com\/lt\/?s={search_term_string}"},"query-input":{"@type":"PropertyValueSpecification","valueRequired":true,"valueName":"search_term_string"}}],"inLanguage":"lt-LT"},{"@type":["Organization","Place"],"@id":"https:\/\/championbaltics.com\/lt\/#organization","name":"Champion Baltics","alternateName":"Champion Power Equipment","url":"https:\/\/championbaltics.com\/lt\/","logo":{"@id":"https:\/\/championbaltics.com\/lt\/susisiekite-su-mumis\/#local-main-organization-logo"},"image":{"@id":"https:\/\/championbaltics.com\/lt\/susisiekite-su-mumis\/#local-main-organization-logo"},"sameAs":["https:\/\/facebook.com\/championbaltics"],"description":"Champion power equipment representer of State of Baltics","legalName":"T.O Engineering LLC","foundingDate":"2015-01-07","numberOfEmployees":{"@type":"QuantitativeValue","minValue":"1","maxValue":"10"},"hasMerchantReturnPolicy":{"@type":"MerchantReturnPolicy","merchantReturnLink":"https:\/\/championbaltics.com\/refund_returns\/"},"address":{"@id":"https:\/\/championbaltics.com\/lt\/susisiekite-su-mumis\/#local-main-place-address"},"telephone":[],"contactPoint":{"@type":"ContactPoint","telephone":"+3725204833","email":"info@championbaltics.com"},"openingHoursSpecification":[{"@type":"OpeningHoursSpecification","dayOfWeek":["Monday","Tuesday","Wednesday","Thursday","Friday","Saturday","Sunday"],"opens":"09:00","closes":"17:00"}],"email":"info@championbaltics.com","vatID":"EE102032772"},{"@type":"PostalAddress","@id":"https:\/\/championbaltics.com\/lt\/susisiekite-su-mumis\/#local-main-place-address","streetAddress":"P\u00e4rnu mnt 144","addressLocality":"Tallinn","postalCode":"11317","addressRegion":"Harju","addressCountry":"EE"},{"@type":"ImageObject","inLanguage":"lt-LT","@id":"https:\/\/championbaltics.com\/lt\/susisiekite-su-mumis\/#local-main-organization-logo","url":"https:\/\/championbaltics.com\/wp-content\/uploads\/2025\/08\/cropped-ChampionBalticsLogo.webp","contentUrl":"https:\/\/championbaltics.com\/wp-content\/uploads\/2025\/08\/cropped-ChampionBalticsLogo.webp","width":512,"height":512,"caption":"Champion Baltics"}]},"geo.placename":"Tallinn","geo.region":"Estonia"},"_links":{"self":[{"href":"https:\/\/championbaltics.com\/lt\/wp-json\/wp\/v2\/pages\/30625","targetHints":{"allow":["GET"]}}],"collection":[{"href":"https:\/\/championbaltics.com\/lt\/wp-json\/wp\/v2\/pages"}],"about":[{"href":"https:\/\/championbaltics.com\/lt\/wp-json\/wp\/v2\/types\/page"}],"author":[{"embeddable":true,"href":"https:\/\/championbaltics.com\/lt\/wp-json\/wp\/v2\/users\/1"}],"replies":[{"embeddable":true,"href":"https:\/\/championbaltics.com\/lt\/wp-json\/wp\/v2\/comments?post=30625"}],"version-history":[{"count":8,"href":"https:\/\/championbaltics.com\/lt\/wp-json\/wp\/v2\/pages\/30625\/revisions"}],"predecessor-version":[{"id":31826,"href":"https:\/\/championbaltics.com\/lt\/wp-json\/wp\/v2\/pages\/30625\/revisions\/31826"}],"wp:attachment":[{"href":"https:\/\/championbaltics.com\/lt\/wp-json\/wp\/v2\/media?parent=30625"}],"curies":[{"name":"wp","href":"https:\/\/api.w.org\/{rel}","templated":true}]}}