{"id":30706,"date":"2025-08-18T16:06:28","date_gmt":"2025-08-18T16:06:28","guid":{"rendered":"https:\/\/championbaltics.com\/privatumo-politika\/"},"modified":"2025-09-08T17:58:30","modified_gmt":"2025-09-08T17:58:30","slug":"privatumo-politika","status":"publish","type":"page","link":"https:\/\/championbaltics.com\/lt\/privatumo-politika\/","title":{"rendered":"Privatumo politika"},"content":{"rendered":"\t\t<div data-elementor-type=\"wp-page\" data-elementor-id=\"30706\" class=\"elementor elementor-30706 elementor-3\">\n\t\t\t\t<div class=\"wd-negative-gap elementor-element elementor-element-6ec85468 e-flex e-con-boxed e-con e-parent\" data-id=\"6ec85468\" data-element_type=\"container\" data-e-type=\"container\">\n\t\t\t\t\t<div class=\"e-con-inner\">\n\t\t\t\t<div class=\"elementor-element elementor-element-73435e86 color-scheme-inherit text-left elementor-widget elementor-widget-text-editor\" data-id=\"73435e86\" data-element_type=\"widget\" data-e-type=\"widget\" data-widget_type=\"text-editor.default\">\n\t\t\t\t\t\t\t\t\t<h2 class=\"wp-block-heading\">Privatumo politika <\/h2>\n<p><\/p>\n<p>TO Engineering yra atsakinga u\u017e kliento asmens duomenis, pateiktus perkant, ir jie naudojami tik u\u017esakymui \u012fvykdyti ir palaikyti ry\u0161\u012f su klientais.<\/p>\n<p>Kliento pateikti asmens duomenys laikomi konfidencialia informacija.<\/p>\n<p>TO Engineering pasilieka teis\u0119 si\u0173sti klientams informacij\u0105 apie naujus pasi\u016blymus.<\/p>\n<p>Klientas turi teis\u0119 prane\u0161ti apie savo nor\u0105 ateityje negauti pasi\u016blym\u0173, siun\u010diam\u0173 <u><a href=\"http:\/\/laskmine.ee\/\">ee<\/a><\/u>, ir pra\u0161yti nutraukti jo\/jos duomen\u0173 tvarkym\u0105 arba i\u0161trinti iki \u0161iol surinktus duomenis i\u0161 T.O Engineering duomen\u0173 baz\u0117s.<\/p>\n<p>Visi kliento asmens duomenys, su\u017einoti lankantis <u><a href=\"http:\/\/laskmine.ee\/\">ee<\/a><\/u> e-parduotuv\u0117je ir perkant, laikomi konfidencialia informacija. I\u0161skyrus atvejus, kai kurjeriui reikia j\u016bs\u0173 vardo, telefono numerio ir pristatymo adreso preki\u0173 pristatymui arba kitais \u012fstatym\u0173 numatytais atvejais. <\/p>\n<p>U\u017e\u0161ifruotas duomen\u0173 perdavimo kanalas su bankais u\u017etikrina pirk\u0117jo asmens duomen\u0173 ir banko informacijos saugum\u0105; be to, <u><a href=\"http:\/\/laskmine.ee\/\">ee<\/a><\/u> e-parduotuv\u0117 neturi prieigos prie \u0161i\u0173 duomen\u0173.<\/p>\n<p>Pardav\u0117jas u\u017etikrina pirk\u0117jo duomen\u0173, \u012fskaitant asmens duomenis, apsaug\u0105 ir naudojim\u0105 pagal Bendr\u0173j\u0173 s\u0105lyg\u0173 nustatyt\u0105 tvark\u0105. Remiantis galiojan\u010diais teis\u0117s aktais ir Bendr\u0173j\u0173 s\u0105lyg\u0173 nuostatomis, pardav\u0117jas turi teis\u0119 tvarkyti duomenis (\u012fskaitant asmens duomenis) be pirk\u0117jo sutikimo tiek, kiek tai b\u016btina e-parduotuv\u0117s naudojimui, pardavimo sutarties vykdymui arba pardavimo sutarties vykdymo u\u017etikrinimui. Remiantis auk\u0161\u010diau i\u0161d\u0117stytu, pardav\u0117jas turi, be atskiro sutikimo, be kita ko, teis\u0119:<br>\u2013 si\u0173sti pirk\u0117jui prane\u0161imus, susijusius su e-parduotuv\u0117s paslaug\u0173 naudojimu, \u012fskaitant prane\u0161imus, kuri\u0173 siuntimas yra e-parduotuv\u0117s naudotoj\u0173 saugumo interesas;<br>\u2013 saugoti prisijungusio prie e-parduotuv\u0117s pirk\u0117jo u\u017esakym\u0173 duomenis, siekiant geriau aptarnauti pirk\u0117jus ir \u012frodyti sandorius, \u012fskaitant toki\u0173 u\u017esakym\u0173 duomenis, kuri\u0173 pirk\u0117jas nebaig\u0117 per sesij\u0105 per pagr\u012fst\u0105 laikotarp\u012f.  <\/p>\n<p>Pirk\u0117jas turi teis\u0119 bet kada at\u0161aukti duomen\u0173 naudojimo rinkodaros tikslais sutikim\u0105, si\u0173sdamas pardav\u0117jui atitinkam\u0105 el. lai\u0161k\u0105 arba sekdamas tiesiogin\u0117s rinkodaros pasi\u016blyme, atsi\u0173stame \u012f jo\/jos el. pa\u0161to adres\u0105, pateiktas instrukcijas, kaip atsisakyti tolesni\u0173 tiesiogin\u0117s rinkodaros pasi\u016blym\u0173.<\/p>\n<p><\/p>\n<h2 class=\"wp-block-heading\">Komentarai<\/h2>\n<p><\/p>\n<p>Kai lankytojai palieka komentarus svetain\u0117je, mes renkame duomenis, pateiktus komentar\u0173 formoje, taip pat lankytojo IP adres\u0105 ir nar\u0161ykl\u0117s naudotojo agento eilut\u0119, kad pad\u0117tume aptikti \u0161lam\u0161t\u0105.<\/p>\n<p><\/p>\n<p>Anonimizuota eilut\u0117, sukurta i\u0161 j\u016bs\u0173 el. pa\u0161to adreso (dar vadinama mai\u0161a), gali b\u016bti pateikta Gravatar paslaugai, kad patikrintum\u0117te, ar j\u0105 naudojate. Gravatar paslaugos privatumo politika yra prieinama \u010dia: https:\/\/automattic.com\/privacy\/Patvirtinus j\u016bs\u0173 komentar\u0105, j\u016bs\u0173 profilio nuotrauka bus matoma vie\u0161ai j\u016bs\u0173 komentaro kontekste. <\/p>\n<p><\/p>\n<h2 class=\"wp-block-heading\">Medija<\/h2>\n<p><\/p>\n<p>Jei \u012fkeliate vaizdus \u012f svetain\u0119, tur\u0117tum\u0117te vengti \u012fkelti vaizdus su \u012fterptais vietos duomenimis (EXIF GPS). Svetain\u0117s lankytojai gali atsisi\u0173sti ir i\u0161gauti bet kokius vietos duomenis i\u0161 svetain\u0117je esan\u010di\u0173 vaizd\u0173. <\/p>\n<p><\/p>\n<h2 class=\"wp-block-heading\">Slapukai<\/h2>\n<p><\/p>\n<p>Jei paliekate komentar\u0105 m\u016bs\u0173 svetain\u0117je, galite pasirinkti i\u0161saugoti savo vard\u0105, el. pa\u0161to adres\u0105 ir svetain\u0119 slapukuose. Tai yra j\u016bs\u0173 patogumui, kad nereik\u0117t\u0173 v\u0117l u\u017epildyti savo duomen\u0173, kai paliekate kit\u0105 komentar\u0105. \u0160ie slapukai galios vienerius metus.  <\/p>\n<p><\/p>\n<p>Jei apsilankysite m\u016bs\u0173 prisijungimo puslapyje, nustatysime laikin\u0105 slapuk\u0105, kad nustatytume, ar j\u016bs\u0173 nar\u0161ykl\u0117 priima slapukus. \u0160is slapukas neturi joki\u0173 asmenini\u0173 duomen\u0173 ir bus pa\u0161alintas u\u017edarius nar\u0161ykl\u0119. <\/p>\n<p><\/p>\n<p>Kai prisijungiate, mes taip pat nustatome kelis slapukus, kad i\u0161saugotume j\u016bs\u0173 prisijungimo informacij\u0105 ir ekrano rodymo pasirinkimus. Prisijungimo slapukai galioja dvi dienas, o ekrano pasirinkimo slapukai galioja vienerius metus. Jei pasirinksite \u201ePrisiminti mane\u201c, j\u016bs\u0173 prisijungimas bus i\u0161saugotas dvi savaites. Jei atsijungsite nuo savo paskyros, prisijungimo slapukai bus pa\u0161alinti.   <\/p>\n<p><\/p>\n<p>Jei redaguojate arba publikuojate straipsn\u012f, j\u016bs\u0173 nar\u0161ykl\u0117je bus i\u0161saugotas papildomas slapukas. \u0160is slapukas neturi joki\u0173 asmenini\u0173 duomen\u0173 ir tik nurodo k\u0105 tik redaguoto straipsnio ID. Jis nustos galioti po 1 dienos.  <\/p>\n<p><\/p>\n<h2 class=\"wp-block-heading\">\u012eterptasis turinys i\u0161 kit\u0173 svetaini\u0173<\/h2>\n<p><\/p>\n<p>Straipsniuose \u0161ioje svetain\u0117je gali b\u016bti \u012fterpto turinio (pvz., vaizdo \u012fra\u0161ai, vaizdai, straipsniai ir kt.). \u012eterptas turinys i\u0161 kit\u0173 svetaini\u0173 elgiasi lygiai taip pat, kaip jei lankytojas b\u016bt\u0173 apsilank\u0119s kitoje svetain\u0117je. <\/p>\n<p><\/p>\n<p>\u0160ios svetain\u0117s gali rinkti duomenis apie jus, naudoti slapukus, \u012fterpti papildom\u0105 tre\u010di\u0173j\u0173 \u0161ali\u0173 steb\u0117jim\u0105 ir steb\u0117ti j\u016bs\u0173 s\u0105veik\u0105 su tuo \u012fterptu turiniu, \u012fskaitant j\u016bs\u0173 s\u0105veikos su \u012fterptu turiniu steb\u0117jim\u0105, jei turite paskyr\u0105 ir esate prisijung\u0119 prie tos svetain\u0117s.<\/p>\n<p><\/p>\n<h2 class=\"wp-block-heading\">Su kuo dalijam\u0117s j\u016bs\u0173 duomenimis<\/h2>\n<p><\/p>\n<p>Jei pra\u0161ote slapta\u017eod\u017eio atstatymo, j\u016bs\u0173 IP adresas bus \u012ftrauktas \u012f atstatymo el. lai\u0161k\u0105.<\/p>\n<p><\/p>\n<h2 class=\"wp-block-heading\">Kiek laiko saugome j\u016bs\u0173 duomenis<\/h2>\n<p><\/p>\n<p>Jei paliekate komentar\u0105, komentaras ir jo metaduomenys saugomi neribot\u0105 laik\u0105. Tai daroma tam, kad gal\u0117tume automati\u0161kai atpa\u017einti ir patvirtinti bet kokius tolesnius komentarus, o ne laikyti juos moderavimo eil\u0117je. <\/p>\n<p><\/p>\n<p>Vartotojams, kurie registruojasi m\u016bs\u0173 svetain\u0117je (jei toki\u0173 yra), mes taip pat saugome j\u0173 pateikt\u0105 asmenin\u0119 informacij\u0105 j\u0173 vartotojo profilyje. Visi vartotojai gali bet kada per\u017ei\u016br\u0117ti, redaguoti arba i\u0161trinti savo asmenin\u0119 informacij\u0105 (i\u0161skyrus tai, kad negali pakeisti savo vartotojo vardo). Svetain\u0117s administratoriai taip pat gali per\u017ei\u016br\u0117ti ir redaguoti \u0161i\u0105 informacij\u0105.  <\/p>\n<p><\/p>\n<h2 class=\"wp-block-heading\">Kokias teises turite d\u0117l savo duomen\u0173<\/h2>\n<p><\/p>\n<p>Jei turite paskyr\u0105 \u0161ioje svetain\u0117je arba esate palik\u0119 komentar\u0173, galite pra\u0161yti gauti eksportuot\u0105 fail\u0105 su asmens duomenimis, kuriuos turime apie jus, \u012fskaitant bet kokius duomenis, kuriuos mums pateik\u0117te. Taip pat galite pra\u0161yti i\u0161trinti bet kokius asmens duomenis, kuriuos turime apie jus. Tai neapima joki\u0173 duomen\u0173, kuriuos privalome saugoti d\u0117l administracini\u0173, teisini\u0173 ar saugumo prie\u017eas\u010di\u0173.  <\/p>\n<p><\/p>\n<h2 class=\"wp-block-heading\">Kur siun\u010diami j\u016bs\u0173 duomenys<\/h2>\n<p><\/p>\n<p>Lankytoj\u0173 komentarai gali b\u016bti tikrinami per automatizuot\u0105 \u0161lam\u0161to aptikimo paslaug\u0105.<\/p>\n<p><\/p>\t\t\t\t\t\t\t\t<\/div>\n\t\t\t\t\t<\/div>\n\t\t\t\t<\/div>\n\t\t\t\t<\/div>\n\t\t","protected":false},"excerpt":{"rendered":"<p>Privatumo politika TO Engineering yra atsakinga u\u017e kliento asmens duomenis, pateiktus perkant, ir jie naudojami tik u\u017esakymui \u012fvykdyti ir palaikyti<\/p>\n","protected":false},"author":1,"featured_media":0,"parent":0,"menu_order":0,"comment_status":"closed","ping_status":"open","template":"","meta":{"footnotes":""},"class_list":["post-30706","page","type-page","status-publish","hentry"],"yoast_head":"<!-- This site is optimized with the Yoast SEO Premium plugin v27.4 (Yoast SEO v27.4) - https:\/\/yoast.com\/product\/yoast-seo-premium-wordpress\/ -->\n<title>Privatumo politika - Champion Baltics<\/title>\n<meta name=\"robots\" content=\"index, follow, max-snippet:-1, max-image-preview:large, max-video-preview:-1\" \/>\n<link rel=\"canonical\" href=\"https:\/\/championbaltics.com\/lt\/privatumo-politika\/\" \/>\n<meta property=\"og:locale\" content=\"lt_LT\" \/>\n<meta property=\"og:type\" content=\"article\" \/>\n<meta property=\"og:title\" content=\"Privatumo politika\" \/>\n<meta property=\"og:description\" content=\"Privatumo politika TO Engineering yra atsakinga u\u017e kliento asmens duomenis, pateiktus perkant, ir jie naudojami tik u\u017esakymui \u012fvykdyti ir palaikyti\" \/>\n<meta property=\"og:url\" content=\"https:\/\/championbaltics.com\/lt\/privatumo-politika\/\" \/>\n<meta property=\"og:site_name\" content=\"Champion Baltics\" \/>\n<meta property=\"article:publisher\" content=\"https:\/\/facebook.com\/championbaltics\" \/>\n<meta property=\"article:modified_time\" content=\"2025-09-08T17:58:30+00:00\" \/>\n<meta property=\"og:image\" content=\"https:\/\/championbaltics.com\/wp-content\/uploads\/2025\/08\/cropped-ChampionBalticsLogo.webp\" \/>\n\t<meta property=\"og:image:width\" content=\"512\" \/>\n\t<meta property=\"og:image:height\" content=\"512\" \/>\n\t<meta property=\"og:image:type\" content=\"image\/webp\" \/>\n<meta name=\"twitter:card\" content=\"summary_large_image\" \/>\n<meta name=\"twitter:label1\" content=\"Est. reading time\" \/>\n\t<meta name=\"twitter:data1\" content=\"5 minut\u0117s\" \/>\n<script type=\"application\/ld+json\" class=\"yoast-schema-graph\">{\"@context\":\"https:\\\/\\\/schema.org\",\"@graph\":[{\"@type\":\"WebPage\",\"@id\":\"https:\\\/\\\/championbaltics.com\\\/lt\\\/privatumo-politika\\\/\",\"url\":\"https:\\\/\\\/championbaltics.com\\\/lt\\\/privatumo-politika\\\/\",\"name\":\"Privatumo politika - Champion Baltics\",\"isPartOf\":{\"@id\":\"https:\\\/\\\/championbaltics.com\\\/lt\\\/#website\"},\"datePublished\":\"2025-08-18T16:06:28+00:00\",\"dateModified\":\"2025-09-08T17:58:30+00:00\",\"breadcrumb\":{\"@id\":\"https:\\\/\\\/championbaltics.com\\\/lt\\\/privatumo-politika\\\/#breadcrumb\"},\"inLanguage\":\"lt-LT\",\"potentialAction\":[{\"@type\":\"ReadAction\",\"target\":[\"https:\\\/\\\/championbaltics.com\\\/lt\\\/privatumo-politika\\\/\"]}]},{\"@type\":\"BreadcrumbList\",\"@id\":\"https:\\\/\\\/championbaltics.com\\\/lt\\\/privatumo-politika\\\/#breadcrumb\",\"itemListElement\":[{\"@type\":\"ListItem\",\"position\":1,\"name\":\"Home\",\"item\":\"https:\\\/\\\/championbaltics.com\\\/lt\\\/\"},{\"@type\":\"ListItem\",\"position\":2,\"name\":\"Privatumo politika\"}]},{\"@type\":\"WebSite\",\"@id\":\"https:\\\/\\\/championbaltics.com\\\/lt\\\/#website\",\"url\":\"https:\\\/\\\/championbaltics.com\\\/lt\\\/\",\"name\":\"Champion Baltics\",\"description\":\"Power equipments\",\"publisher\":{\"@id\":\"https:\\\/\\\/championbaltics.com\\\/lt\\\/#organization\"},\"alternateName\":\"Champion Power Equipment\",\"potentialAction\":[{\"@type\":\"SearchAction\",\"target\":{\"@type\":\"EntryPoint\",\"urlTemplate\":\"https:\\\/\\\/championbaltics.com\\\/lt\\\/?s={search_term_string}\"},\"query-input\":{\"@type\":\"PropertyValueSpecification\",\"valueRequired\":true,\"valueName\":\"search_term_string\"}}],\"inLanguage\":\"lt-LT\"},{\"@type\":[\"Organization\",\"Place\"],\"@id\":\"https:\\\/\\\/championbaltics.com\\\/lt\\\/#organization\",\"name\":\"Champion Baltics\",\"alternateName\":\"Champion Power Equipment\",\"url\":\"https:\\\/\\\/championbaltics.com\\\/lt\\\/\",\"logo\":{\"@id\":\"https:\\\/\\\/championbaltics.com\\\/lt\\\/privatumo-politika\\\/#local-main-organization-logo\"},\"image\":{\"@id\":\"https:\\\/\\\/championbaltics.com\\\/lt\\\/privatumo-politika\\\/#local-main-organization-logo\"},\"sameAs\":[\"https:\\\/\\\/facebook.com\\\/championbaltics\"],\"description\":\"Champion power equipment representer of State of Baltics\",\"legalName\":\"T.O Engineering LLC\",\"foundingDate\":\"2015-01-07\",\"numberOfEmployees\":{\"@type\":\"QuantitativeValue\",\"minValue\":\"1\",\"maxValue\":\"10\"},\"hasMerchantReturnPolicy\":{\"@type\":\"MerchantReturnPolicy\",\"merchantReturnLink\":\"https:\\\/\\\/championbaltics.com\\\/refund_returns\\\/\"},\"address\":{\"@id\":\"https:\\\/\\\/championbaltics.com\\\/lt\\\/privatumo-politika\\\/#local-main-place-address\"},\"telephone\":[],\"contactPoint\":{\"@type\":\"ContactPoint\",\"telephone\":\"+3725204833\",\"email\":\"info@championbaltics.com\"},\"openingHoursSpecification\":[{\"@type\":\"OpeningHoursSpecification\",\"dayOfWeek\":[\"Monday\",\"Tuesday\",\"Wednesday\",\"Thursday\",\"Friday\",\"Saturday\",\"Sunday\"],\"opens\":\"09:00\",\"closes\":\"17:00\"}],\"email\":\"info@championbaltics.com\",\"vatID\":\"EE102032772\"},{\"@type\":\"PostalAddress\",\"@id\":\"https:\\\/\\\/championbaltics.com\\\/lt\\\/privatumo-politika\\\/#local-main-place-address\",\"streetAddress\":\"P\u00e4rnu mnt 144\",\"addressLocality\":\"Tallinn\",\"postalCode\":\"11317\",\"addressRegion\":\"Harju\",\"addressCountry\":\"EE\"},{\"@type\":\"ImageObject\",\"inLanguage\":\"lt-LT\",\"@id\":\"https:\\\/\\\/championbaltics.com\\\/lt\\\/privatumo-politika\\\/#local-main-organization-logo\",\"url\":\"https:\\\/\\\/championbaltics.com\\\/wp-content\\\/uploads\\\/2025\\\/08\\\/cropped-ChampionBalticsLogo.webp\",\"contentUrl\":\"https:\\\/\\\/championbaltics.com\\\/wp-content\\\/uploads\\\/2025\\\/08\\\/cropped-ChampionBalticsLogo.webp\",\"width\":512,\"height\":512,\"caption\":\"Champion Baltics\"}]}<\/script>\n<meta name=\"geo.placename\" content=\"Tallinn\" \/>\n<meta name=\"geo.region\" content=\"Estonia\" \/>\n<!-- \/ Yoast SEO Premium plugin. -->","yoast_head_json":{"title":"Privatumo politika - Champion Baltics","robots":{"index":"index","follow":"follow","max-snippet":"max-snippet:-1","max-image-preview":"max-image-preview:large","max-video-preview":"max-video-preview:-1"},"canonical":"https:\/\/championbaltics.com\/lt\/privatumo-politika\/","og_locale":"lt_LT","og_type":"article","og_title":"Privatumo politika","og_description":"Privatumo politika TO Engineering yra atsakinga u\u017e kliento asmens duomenis, pateiktus perkant, ir jie naudojami tik u\u017esakymui \u012fvykdyti ir palaikyti","og_url":"https:\/\/championbaltics.com\/lt\/privatumo-politika\/","og_site_name":"Champion Baltics","article_publisher":"https:\/\/facebook.com\/championbaltics","article_modified_time":"2025-09-08T17:58:30+00:00","og_image":[{"width":512,"height":512,"url":"https:\/\/championbaltics.com\/wp-content\/uploads\/2025\/08\/cropped-ChampionBalticsLogo.webp","type":"image\/webp"}],"twitter_card":"summary_large_image","twitter_misc":{"Est. reading time":"5 minut\u0117s"},"schema":{"@context":"https:\/\/schema.org","@graph":[{"@type":"WebPage","@id":"https:\/\/championbaltics.com\/lt\/privatumo-politika\/","url":"https:\/\/championbaltics.com\/lt\/privatumo-politika\/","name":"Privatumo politika - Champion Baltics","isPartOf":{"@id":"https:\/\/championbaltics.com\/lt\/#website"},"datePublished":"2025-08-18T16:06:28+00:00","dateModified":"2025-09-08T17:58:30+00:00","breadcrumb":{"@id":"https:\/\/championbaltics.com\/lt\/privatumo-politika\/#breadcrumb"},"inLanguage":"lt-LT","potentialAction":[{"@type":"ReadAction","target":["https:\/\/championbaltics.com\/lt\/privatumo-politika\/"]}]},{"@type":"BreadcrumbList","@id":"https:\/\/championbaltics.com\/lt\/privatumo-politika\/#breadcrumb","itemListElement":[{"@type":"ListItem","position":1,"name":"Home","item":"https:\/\/championbaltics.com\/lt\/"},{"@type":"ListItem","position":2,"name":"Privatumo politika"}]},{"@type":"WebSite","@id":"https:\/\/championbaltics.com\/lt\/#website","url":"https:\/\/championbaltics.com\/lt\/","name":"Champion Baltics","description":"Power equipments","publisher":{"@id":"https:\/\/championbaltics.com\/lt\/#organization"},"alternateName":"Champion Power Equipment","potentialAction":[{"@type":"SearchAction","target":{"@type":"EntryPoint","urlTemplate":"https:\/\/championbaltics.com\/lt\/?s={search_term_string}"},"query-input":{"@type":"PropertyValueSpecification","valueRequired":true,"valueName":"search_term_string"}}],"inLanguage":"lt-LT"},{"@type":["Organization","Place"],"@id":"https:\/\/championbaltics.com\/lt\/#organization","name":"Champion Baltics","alternateName":"Champion Power Equipment","url":"https:\/\/championbaltics.com\/lt\/","logo":{"@id":"https:\/\/championbaltics.com\/lt\/privatumo-politika\/#local-main-organization-logo"},"image":{"@id":"https:\/\/championbaltics.com\/lt\/privatumo-politika\/#local-main-organization-logo"},"sameAs":["https:\/\/facebook.com\/championbaltics"],"description":"Champion power equipment representer of State of Baltics","legalName":"T.O Engineering LLC","foundingDate":"2015-01-07","numberOfEmployees":{"@type":"QuantitativeValue","minValue":"1","maxValue":"10"},"hasMerchantReturnPolicy":{"@type":"MerchantReturnPolicy","merchantReturnLink":"https:\/\/championbaltics.com\/refund_returns\/"},"address":{"@id":"https:\/\/championbaltics.com\/lt\/privatumo-politika\/#local-main-place-address"},"telephone":[],"contactPoint":{"@type":"ContactPoint","telephone":"+3725204833","email":"info@championbaltics.com"},"openingHoursSpecification":[{"@type":"OpeningHoursSpecification","dayOfWeek":["Monday","Tuesday","Wednesday","Thursday","Friday","Saturday","Sunday"],"opens":"09:00","closes":"17:00"}],"email":"info@championbaltics.com","vatID":"EE102032772"},{"@type":"PostalAddress","@id":"https:\/\/championbaltics.com\/lt\/privatumo-politika\/#local-main-place-address","streetAddress":"P\u00e4rnu mnt 144","addressLocality":"Tallinn","postalCode":"11317","addressRegion":"Harju","addressCountry":"EE"},{"@type":"ImageObject","inLanguage":"lt-LT","@id":"https:\/\/championbaltics.com\/lt\/privatumo-politika\/#local-main-organization-logo","url":"https:\/\/championbaltics.com\/wp-content\/uploads\/2025\/08\/cropped-ChampionBalticsLogo.webp","contentUrl":"https:\/\/championbaltics.com\/wp-content\/uploads\/2025\/08\/cropped-ChampionBalticsLogo.webp","width":512,"height":512,"caption":"Champion Baltics"}]},"geo.placename":"Tallinn","geo.region":"Estonia"},"_links":{"self":[{"href":"https:\/\/championbaltics.com\/lt\/wp-json\/wp\/v2\/pages\/30706","targetHints":{"allow":["GET"]}}],"collection":[{"href":"https:\/\/championbaltics.com\/lt\/wp-json\/wp\/v2\/pages"}],"about":[{"href":"https:\/\/championbaltics.com\/lt\/wp-json\/wp\/v2\/types\/page"}],"author":[{"embeddable":true,"href":"https:\/\/championbaltics.com\/lt\/wp-json\/wp\/v2\/users\/1"}],"replies":[{"embeddable":true,"href":"https:\/\/championbaltics.com\/lt\/wp-json\/wp\/v2\/comments?post=30706"}],"version-history":[{"count":2,"href":"https:\/\/championbaltics.com\/lt\/wp-json\/wp\/v2\/pages\/30706\/revisions"}],"predecessor-version":[{"id":31656,"href":"https:\/\/championbaltics.com\/lt\/wp-json\/wp\/v2\/pages\/30706\/revisions\/31656"}],"wp:attachment":[{"href":"https:\/\/championbaltics.com\/lt\/wp-json\/wp\/v2\/media?parent=30706"}],"curies":[{"name":"wp","href":"https:\/\/api.w.org\/{rel}","templated":true}]}}