{"id":30877,"date":"2021-10-12T15:51:09","date_gmt":"2021-10-12T15:51:09","guid":{"rendered":"https:\/\/championbaltics.com\/apie-mus\/"},"modified":"2025-09-09T05:14:26","modified_gmt":"2025-09-09T05:14:26","slug":"apie-mus","status":"publish","type":"page","link":"https:\/\/championbaltics.com\/lt\/apie-mus\/","title":{"rendered":"Apie mus"},"content":{"rendered":"<p>KELETAS \u017dOD\u017dI\u0172 APIE MUS\t\t\t\t<\/p>\n<h4>Gerai koordinuotas komandinis darbas kalba apie mus<\/h4>\n<h4\t\t\t\t\t\tclass=\"info-box-title title box-title-style-default wd-fontsize-m\" data-elementor-setting-key=\"title\">\n\t\t\t\t\t\t\t\tPagaminta JAV \u012franga\t\t\t\t\t\t<\/h4>\n<p>Oficialus Champion galios \u012frangos platintojas<\/p>\n<p>\t\t\t\t\t\t\t\t\t<a href=\"#\" aria-label=\"Infobox link\"><\/a><\/p>\n<h4\t\t\t\t\t\tclass=\"info-box-title title box-title-style-default wd-fontsize-m\" data-elementor-setting-key=\"title\">\n\t\t\t\t\t\t\t\tT.o engineering LLC<br \/>\n\t\t\t\t\t\t<\/h4>\n<p>Reg.12778360<\/p>\n<p>P\u00e4rnu mnt 144, Talinas, Estija<\/p>\n<p>PVM:EE102032772<\/p>\n<p>\t\t\t\t\t\t\t\t\t<a href=\"#\" aria-label=\"Infobox link\"><\/a><br \/>\n\t\t\t\t\t\t\t\t<img fetchpriority=\"high\" width=\"1605\" height=\"1070\" src=\"https:\/\/championbaltics.com\/wp-content\/uploads\/2025\/08\/MG_8442-scaled-e1756385359390.webp\" alt=\"\" decoding=\"async\" \/><br \/>\n\t\t\t\t\tGERIAUSI SPRENDIMAI I\u0160 CHAMPION POWER EQUIPMENT\t\t\t\t<\/p>\n<h4>Apie m\u016bs\u0173 filosofij\u0105 <\/h4>\n<p><em>Ne tik kiti <\/em><i>pardav\u0117jai &#8211; mes esame profesionalai, kurie naudoja Champion galios \u012frang\u0105 \u012fvairiose misijose ir situacijose <\/i> <\/p>\n<p>T.O Engineering O\u00dc komanda ilg\u0105 laik\u0105 dirba saugumo ir civilin\u0117s apsaugos srityje. Mes ie\u0161kojome tinkamo gamintojo, kurio savyb\u0117s atitikt\u0173 kritin\u0117ms situacijoms ir s\u0105lygoms keliamus reikalavimus. Taip mes atradome Champion Power Equipment. Mes i\u0161band\u0117me generatorius \u012fvairiomis kritin\u0117mis s\u0105lygomis ir operacijomis. Pasitik\u0117jimas, kur\u012f jie mums suteik\u0117, leido prad\u0117ti juos pardavin\u0117ti.    <\/p>\n<p><a href=\"http:\/\/xtemos.com\"><strong><em>ARR T.O Engineering LLC @ 2025<\/em><\/strong><\/a><\/p>\n<p>\t\t\t\t\t\t\t\t\tDalintis:<br \/>\n\t\t\t\t\t\t\t\t\t<a rel=\"noopener noreferrer nofollow\" href=\"https:\/\/www.facebook.com\/sharer\/sharer.php?u=\" target=\"_blank\" aria-label=\"Facebook social link\"><br \/>\n\t\t\t\t\t\t\t\t\t\t\t<\/a><br \/>\n\t\t\t\t\t\t\t\t\t<a rel=\"noopener noreferrer nofollow\" href=\"https:\/\/x.com\/share?url=\" target=\"_blank\" aria-label=\"X social link\"><br \/>\n\t\t\t\t\t\t\t\t\t\t\t<\/a><br \/>\n\t\t\t\t\t\t\t\t\t<a rel=\"noopener noreferrer nofollow\" href=\"mailto:?subject=Check%20this%20\" target=\"_blank\" aria-label=\"Email social link\"><br \/>\n\t\t\t\t\t\t\t\t\t\t\t<\/a><br \/>\n\t\t\t\t\t\t\t\t\t<a rel=\"noopener noreferrer nofollow\" href=\"https:\/\/pinterest.com\/pin\/create\/button\/?url=&#038;media=https:\/\/championbaltics.com\/wp-includes\/images\/media\/default.svg&#038;description=\" target=\"_blank\" aria-label=\"Pinterest social link\"><br \/>\n\t\t\t\t\t\t\t\t\t\t\t<\/a><br \/>\n\t\t\t\t\t\t\t\t\t<a rel=\"noopener noreferrer nofollow\" href=\"https:\/\/www.linkedin.com\/shareArticle?mini=true&#038;url=\" target=\"_blank\" aria-label=\"Linkedin social link\"><br \/>\n\t\t\t\t\t\t\t\t\t\t\t<\/a><br \/>\n\t\t\t\t\t\u017dOD\u017dIAI APIE MUS\t\t\t\t<\/p>\n<h4>M\u016bs\u0173 komanda<\/h4>\n<p>M\u016bs\u0173 komanda stengiasi suteikti geriausi\u0105 mokym\u0105 ir kitus aspektus. Komanda \u017eino \u0161iandienos rizikas, susijusias tiek su valstyb\u0117s, tiek su civiline apsauga. I\u0161 \u010dia kyla m\u016bs\u0173 profesionali rekomendacija kiekvienam produktui.  <\/p>\n<h4>\n\t\t\t\t\t\tT\u00f5nis Orumaa\t\t\t\t\t<\/h4>\n<p>\t\t\t\t\t\tCEO \/ \u012eK\u016aR\u0116JAS\t\t\t\t\t<\/p>\n<p>tonis@championbaltics.com<\/p>\n<p>\t\t\t\t\t\t\t\t\t<a rel=\"noopener noreferrer nofollow\" href=\"#\"><br \/>\n\t\t\t\t\t<\/a><br \/>\n\t\t\t\t\t\t\t\t\t<a rel=\"noopener noreferrer nofollow\" href=\"#\"><br \/>\n\t\t\t\t\t<\/a><br \/>\n\t\t\t\t\t\t\t\t\t<a rel=\"noopener noreferrer nofollow\" href=\"#\"><br \/>\n\t\t\t\t\t<\/a><br \/>\n\t\t\t\t\t\t\t\t\t<a rel=\"noopener noreferrer nofollow\" href=\"#\"><br \/>\n\t\t\t\t\t<\/a><br \/>\n\t\t\t\t\t\tProjekto vadovas\t\t\t\t\t<\/p>\n<p>info@championbaltics.com<\/p>\n<p>\t\t\t\t\t\t\t\t\t<a rel=\"noopener noreferrer nofollow\" href=\"https:\/\/facebook.com\/tonisorumaa\"><br \/>\n\t\t\t\t\t<\/a><br \/>\n\t\t\t\t\t\t\t\t\t<a rel=\"noopener noreferrer nofollow\" href=\"#\"><br \/>\n\t\t\t\t\t<\/a><br \/>\n\t\t\t\t\t\t\t\t\t<a rel=\"noopener noreferrer nofollow\" href=\"https:\/\/linkedin.com\/tonisorumaa\"><br \/>\n\t\t\t\t\t<\/a><br \/>\n\t\t\t\t\t\t\t\t\t<a rel=\"noopener noreferrer nofollow\" href=\"https:\/\/instagram.com\/tonisorumaa\"><br \/>\n\t\t\t\t\t<\/a><\/p>\n<h4>\n\t\t\t\t\t\tLiis K\u00e4sper\t\t\t\t\t<\/h4>\n<p>\t\t\t\t\t\tPardavim\u0173 vadov\u0117\t\t\t\t\t<\/p>\n<p>liis@championbaltics.com<\/p>\n<p>\t\t\t\t\t\t\t\t\t<a rel=\"noopener noreferrer nofollow\" href=\"#\"><br \/>\n\t\t\t\t\t<\/a><br \/>\n\t\t\t\t\t\t\t\t\t<a rel=\"noopener noreferrer nofollow\" href=\"#\"><br \/>\n\t\t\t\t\t<\/a><br \/>\n\t\t\t\t\t\t\t\t\t<a rel=\"noopener noreferrer nofollow\" href=\"#\"><br \/>\n\t\t\t\t\t<\/a><br \/>\n\t\t\t\t\t\t\t\t\t<a rel=\"noopener noreferrer nofollow\" href=\"#\"><br \/>\n\t\t\t\t\t<\/a><br \/>\n\t\t\t\t\t\tPardavim\u0173 asistent\u0117\t\t\t\t\t<\/p>\n<p>info@championbaltics.com<\/p>\n<p>\t\t\t\t\t\t\t\t\t<a rel=\"noopener noreferrer nofollow\" href=\"#\"><br \/>\n\t\t\t\t\t<\/a><br \/>\n\t\t\t\t\t\t\t\t\t<a rel=\"noopener noreferrer nofollow\" href=\"#\"><br \/>\n\t\t\t\t\t<\/a><br \/>\n\t\t\t\t\t\t\t\t\t<a rel=\"noopener noreferrer nofollow\" href=\"#\"><br \/>\n\t\t\t\t\t<\/a><br \/>\n\t\t\t\t\t\t\t\t\t<a rel=\"noopener noreferrer nofollow\" href=\"#\"><br \/>\n\t\t\t\t\t<\/a><br \/>\n\t\t\t<a  href=\"https:\/\/championbaltics.com\/shop\/\"><br \/>\n\t\t\t\t\tChampion galios \u012franga<br \/>\n\t\t\t\t\t\t\t<\/a><br \/>\n\t\t\t\t\tChampion Baltics.\t\t\t\t<\/p>\n<h4>Geriausi sprendimai jums<\/h4>\n<p>\t\t\t\t2010<br \/>\n\t\t\t\t\t\u012eK\u016aRIMO METAI<br \/>\n\t\t\t\t450<br \/>\n\t\t\t\t\tLAIMINGI KLIENTAI<br \/>\n\t\t\t\t50<br \/>\n\t\t\t\t\t\u012eMON\u0116 DIRBA SU MUMIS<br \/>\n\t\t\t\t2<br \/>\n\t\t\t\t\tBIURAI<br \/>\n\t\t\t\t8<br \/>\n\t\t\t\t\tKOMANDOS NARIAI<br \/>\n\t\t\t\t35<br \/>\n\t\t\t\t\tU\u017dBAIGTI PROJEKTAI<\/p>\n","protected":false},"excerpt":{"rendered":"<p>KELETAS \u017dOD\u017dI\u0172 APIE MUS Gerai koordinuotas komandinis darbas kalba apie mus Pagaminta JAV \u012franga Oficialus Champion galios \u012frangos platintojas T.o<\/p>\n","protected":false},"author":1,"featured_media":0,"parent":0,"menu_order":0,"comment_status":"closed","ping_status":"closed","template":"","meta":{"footnotes":""},"class_list":["post-30877","page","type-page","status-publish","hentry"],"yoast_head":"<!-- This site is optimized with the Yoast SEO Premium plugin v27.4 (Yoast SEO v27.4) - https:\/\/yoast.com\/product\/yoast-seo-premium-wordpress\/ -->\n<title>Apie mus - Champion Baltics<\/title>\n<meta name=\"robots\" content=\"index, follow, max-snippet:-1, max-image-preview:large, max-video-preview:-1\" \/>\n<link rel=\"canonical\" href=\"https:\/\/championbaltics.com\/lt\/apie-mus\/\" \/>\n<meta property=\"og:locale\" content=\"lt_LT\" \/>\n<meta property=\"og:type\" content=\"article\" \/>\n<meta property=\"og:title\" content=\"Apie mus\" \/>\n<meta property=\"og:description\" content=\"KELETAS \u017dOD\u017dI\u0172 APIE MUS Gerai koordinuotas komandinis darbas kalba apie mus Pagaminta JAV \u012franga Oficialus Champion galios \u012frangos platintojas T.o\" \/>\n<meta property=\"og:url\" content=\"https:\/\/championbaltics.com\/lt\/apie-mus\/\" \/>\n<meta property=\"og:site_name\" content=\"Champion Baltics\" \/>\n<meta property=\"article:publisher\" content=\"https:\/\/facebook.com\/championbaltics\" \/>\n<meta property=\"article:modified_time\" content=\"2025-09-09T05:14:26+00:00\" \/>\n<meta property=\"og:image\" content=\"https:\/\/championbaltics.com\/wp-content\/uploads\/2025\/08\/MG_8442-scaled-e1756385359390.webp\" \/>\n<meta name=\"twitter:card\" content=\"summary_large_image\" \/>\n<meta name=\"twitter:label1\" content=\"Est. reading time\" \/>\n\t<meta name=\"twitter:data1\" content=\"1 minut\u0117\" \/>\n<script type=\"application\/ld+json\" class=\"yoast-schema-graph\">{\"@context\":\"https:\\\/\\\/schema.org\",\"@graph\":[{\"@type\":\"WebPage\",\"@id\":\"https:\\\/\\\/championbaltics.com\\\/lt\\\/apie-mus\\\/\",\"url\":\"https:\\\/\\\/championbaltics.com\\\/lt\\\/apie-mus\\\/\",\"name\":\"Apie mus - Champion Baltics\",\"isPartOf\":{\"@id\":\"https:\\\/\\\/championbaltics.com\\\/lt\\\/#website\"},\"primaryImageOfPage\":{\"@id\":\"https:\\\/\\\/championbaltics.com\\\/lt\\\/apie-mus\\\/#primaryimage\"},\"image\":{\"@id\":\"https:\\\/\\\/championbaltics.com\\\/lt\\\/apie-mus\\\/#primaryimage\"},\"thumbnailUrl\":\"https:\\\/\\\/championbaltics.com\\\/wp-content\\\/uploads\\\/2025\\\/08\\\/MG_8442-scaled-e1756385359390.webp\",\"datePublished\":\"2021-10-12T15:51:09+00:00\",\"dateModified\":\"2025-09-09T05:14:26+00:00\",\"breadcrumb\":{\"@id\":\"https:\\\/\\\/championbaltics.com\\\/lt\\\/apie-mus\\\/#breadcrumb\"},\"inLanguage\":\"lt-LT\",\"potentialAction\":[{\"@type\":\"ReadAction\",\"target\":[\"https:\\\/\\\/championbaltics.com\\\/lt\\\/apie-mus\\\/\"]}]},{\"@type\":\"ImageObject\",\"inLanguage\":\"lt-LT\",\"@id\":\"https:\\\/\\\/championbaltics.com\\\/lt\\\/apie-mus\\\/#primaryimage\",\"url\":\"https:\\\/\\\/championbaltics.com\\\/wp-content\\\/uploads\\\/2025\\\/08\\\/MG_8442-scaled-e1756385359390.webp\",\"contentUrl\":\"https:\\\/\\\/championbaltics.com\\\/wp-content\\\/uploads\\\/2025\\\/08\\\/MG_8442-scaled-e1756385359390.webp\"},{\"@type\":\"BreadcrumbList\",\"@id\":\"https:\\\/\\\/championbaltics.com\\\/lt\\\/apie-mus\\\/#breadcrumb\",\"itemListElement\":[{\"@type\":\"ListItem\",\"position\":1,\"name\":\"Home\",\"item\":\"https:\\\/\\\/championbaltics.com\\\/lt\\\/\"},{\"@type\":\"ListItem\",\"position\":2,\"name\":\"Apie mus\"}]},{\"@type\":\"WebSite\",\"@id\":\"https:\\\/\\\/championbaltics.com\\\/lt\\\/#website\",\"url\":\"https:\\\/\\\/championbaltics.com\\\/lt\\\/\",\"name\":\"Champion Baltics\",\"description\":\"Power equipments\",\"publisher\":{\"@id\":\"https:\\\/\\\/championbaltics.com\\\/lt\\\/#organization\"},\"alternateName\":\"Champion Power Equipment\",\"potentialAction\":[{\"@type\":\"SearchAction\",\"target\":{\"@type\":\"EntryPoint\",\"urlTemplate\":\"https:\\\/\\\/championbaltics.com\\\/lt\\\/?s={search_term_string}\"},\"query-input\":{\"@type\":\"PropertyValueSpecification\",\"valueRequired\":true,\"valueName\":\"search_term_string\"}}],\"inLanguage\":\"lt-LT\"},{\"@type\":[\"Organization\",\"Place\"],\"@id\":\"https:\\\/\\\/championbaltics.com\\\/lt\\\/#organization\",\"name\":\"Champion Baltics\",\"alternateName\":\"Champion Power Equipment\",\"url\":\"https:\\\/\\\/championbaltics.com\\\/lt\\\/\",\"logo\":{\"@id\":\"https:\\\/\\\/championbaltics.com\\\/lt\\\/apie-mus\\\/#local-main-organization-logo\"},\"image\":{\"@id\":\"https:\\\/\\\/championbaltics.com\\\/lt\\\/apie-mus\\\/#local-main-organization-logo\"},\"sameAs\":[\"https:\\\/\\\/facebook.com\\\/championbaltics\"],\"description\":\"Champion power equipment representer of State of Baltics\",\"legalName\":\"T.O Engineering LLC\",\"foundingDate\":\"2015-01-07\",\"numberOfEmployees\":{\"@type\":\"QuantitativeValue\",\"minValue\":\"1\",\"maxValue\":\"10\"},\"hasMerchantReturnPolicy\":{\"@type\":\"MerchantReturnPolicy\",\"merchantReturnLink\":\"https:\\\/\\\/championbaltics.com\\\/refund_returns\\\/\"},\"address\":{\"@id\":\"https:\\\/\\\/championbaltics.com\\\/lt\\\/apie-mus\\\/#local-main-place-address\"},\"telephone\":[],\"contactPoint\":{\"@type\":\"ContactPoint\",\"telephone\":\"+3725204833\",\"email\":\"info@championbaltics.com\"},\"openingHoursSpecification\":[{\"@type\":\"OpeningHoursSpecification\",\"dayOfWeek\":[\"Monday\",\"Tuesday\",\"Wednesday\",\"Thursday\",\"Friday\",\"Saturday\",\"Sunday\"],\"opens\":\"09:00\",\"closes\":\"17:00\"}],\"email\":\"info@championbaltics.com\",\"vatID\":\"EE102032772\"},{\"@type\":\"PostalAddress\",\"@id\":\"https:\\\/\\\/championbaltics.com\\\/lt\\\/apie-mus\\\/#local-main-place-address\",\"streetAddress\":\"P\u00e4rnu mnt 144\",\"addressLocality\":\"Tallinn\",\"postalCode\":\"11317\",\"addressRegion\":\"Harju\",\"addressCountry\":\"EE\"},{\"@type\":\"ImageObject\",\"inLanguage\":\"lt-LT\",\"@id\":\"https:\\\/\\\/championbaltics.com\\\/lt\\\/apie-mus\\\/#local-main-organization-logo\",\"url\":\"https:\\\/\\\/championbaltics.com\\\/wp-content\\\/uploads\\\/2025\\\/08\\\/cropped-ChampionBalticsLogo.webp\",\"contentUrl\":\"https:\\\/\\\/championbaltics.com\\\/wp-content\\\/uploads\\\/2025\\\/08\\\/cropped-ChampionBalticsLogo.webp\",\"width\":512,\"height\":512,\"caption\":\"Champion Baltics\"}]}<\/script>\n<meta name=\"geo.placename\" content=\"Tallinn\" \/>\n<meta name=\"geo.region\" content=\"Estonia\" \/>\n<!-- \/ Yoast SEO Premium plugin. -->","yoast_head_json":{"title":"Apie mus - Champion Baltics","robots":{"index":"index","follow":"follow","max-snippet":"max-snippet:-1","max-image-preview":"max-image-preview:large","max-video-preview":"max-video-preview:-1"},"canonical":"https:\/\/championbaltics.com\/lt\/apie-mus\/","og_locale":"lt_LT","og_type":"article","og_title":"Apie mus","og_description":"KELETAS \u017dOD\u017dI\u0172 APIE MUS Gerai koordinuotas komandinis darbas kalba apie mus Pagaminta JAV \u012franga Oficialus Champion galios \u012frangos platintojas T.o","og_url":"https:\/\/championbaltics.com\/lt\/apie-mus\/","og_site_name":"Champion Baltics","article_publisher":"https:\/\/facebook.com\/championbaltics","article_modified_time":"2025-09-09T05:14:26+00:00","og_image":[{"url":"https:\/\/championbaltics.com\/wp-content\/uploads\/2025\/08\/MG_8442-scaled-e1756385359390.webp","type":"","width":"","height":""}],"twitter_card":"summary_large_image","twitter_misc":{"Est. reading time":"1 minut\u0117"},"schema":{"@context":"https:\/\/schema.org","@graph":[{"@type":"WebPage","@id":"https:\/\/championbaltics.com\/lt\/apie-mus\/","url":"https:\/\/championbaltics.com\/lt\/apie-mus\/","name":"Apie mus - Champion Baltics","isPartOf":{"@id":"https:\/\/championbaltics.com\/lt\/#website"},"primaryImageOfPage":{"@id":"https:\/\/championbaltics.com\/lt\/apie-mus\/#primaryimage"},"image":{"@id":"https:\/\/championbaltics.com\/lt\/apie-mus\/#primaryimage"},"thumbnailUrl":"https:\/\/championbaltics.com\/wp-content\/uploads\/2025\/08\/MG_8442-scaled-e1756385359390.webp","datePublished":"2021-10-12T15:51:09+00:00","dateModified":"2025-09-09T05:14:26+00:00","breadcrumb":{"@id":"https:\/\/championbaltics.com\/lt\/apie-mus\/#breadcrumb"},"inLanguage":"lt-LT","potentialAction":[{"@type":"ReadAction","target":["https:\/\/championbaltics.com\/lt\/apie-mus\/"]}]},{"@type":"ImageObject","inLanguage":"lt-LT","@id":"https:\/\/championbaltics.com\/lt\/apie-mus\/#primaryimage","url":"https:\/\/championbaltics.com\/wp-content\/uploads\/2025\/08\/MG_8442-scaled-e1756385359390.webp","contentUrl":"https:\/\/championbaltics.com\/wp-content\/uploads\/2025\/08\/MG_8442-scaled-e1756385359390.webp"},{"@type":"BreadcrumbList","@id":"https:\/\/championbaltics.com\/lt\/apie-mus\/#breadcrumb","itemListElement":[{"@type":"ListItem","position":1,"name":"Home","item":"https:\/\/championbaltics.com\/lt\/"},{"@type":"ListItem","position":2,"name":"Apie mus"}]},{"@type":"WebSite","@id":"https:\/\/championbaltics.com\/lt\/#website","url":"https:\/\/championbaltics.com\/lt\/","name":"Champion Baltics","description":"Power equipments","publisher":{"@id":"https:\/\/championbaltics.com\/lt\/#organization"},"alternateName":"Champion Power Equipment","potentialAction":[{"@type":"SearchAction","target":{"@type":"EntryPoint","urlTemplate":"https:\/\/championbaltics.com\/lt\/?s={search_term_string}"},"query-input":{"@type":"PropertyValueSpecification","valueRequired":true,"valueName":"search_term_string"}}],"inLanguage":"lt-LT"},{"@type":["Organization","Place"],"@id":"https:\/\/championbaltics.com\/lt\/#organization","name":"Champion Baltics","alternateName":"Champion Power Equipment","url":"https:\/\/championbaltics.com\/lt\/","logo":{"@id":"https:\/\/championbaltics.com\/lt\/apie-mus\/#local-main-organization-logo"},"image":{"@id":"https:\/\/championbaltics.com\/lt\/apie-mus\/#local-main-organization-logo"},"sameAs":["https:\/\/facebook.com\/championbaltics"],"description":"Champion power equipment representer of State of Baltics","legalName":"T.O Engineering LLC","foundingDate":"2015-01-07","numberOfEmployees":{"@type":"QuantitativeValue","minValue":"1","maxValue":"10"},"hasMerchantReturnPolicy":{"@type":"MerchantReturnPolicy","merchantReturnLink":"https:\/\/championbaltics.com\/refund_returns\/"},"address":{"@id":"https:\/\/championbaltics.com\/lt\/apie-mus\/#local-main-place-address"},"telephone":[],"contactPoint":{"@type":"ContactPoint","telephone":"+3725204833","email":"info@championbaltics.com"},"openingHoursSpecification":[{"@type":"OpeningHoursSpecification","dayOfWeek":["Monday","Tuesday","Wednesday","Thursday","Friday","Saturday","Sunday"],"opens":"09:00","closes":"17:00"}],"email":"info@championbaltics.com","vatID":"EE102032772"},{"@type":"PostalAddress","@id":"https:\/\/championbaltics.com\/lt\/apie-mus\/#local-main-place-address","streetAddress":"P\u00e4rnu mnt 144","addressLocality":"Tallinn","postalCode":"11317","addressRegion":"Harju","addressCountry":"EE"},{"@type":"ImageObject","inLanguage":"lt-LT","@id":"https:\/\/championbaltics.com\/lt\/apie-mus\/#local-main-organization-logo","url":"https:\/\/championbaltics.com\/wp-content\/uploads\/2025\/08\/cropped-ChampionBalticsLogo.webp","contentUrl":"https:\/\/championbaltics.com\/wp-content\/uploads\/2025\/08\/cropped-ChampionBalticsLogo.webp","width":512,"height":512,"caption":"Champion Baltics"}]},"geo.placename":"Tallinn","geo.region":"Estonia"},"_links":{"self":[{"href":"https:\/\/championbaltics.com\/lt\/wp-json\/wp\/v2\/pages\/30877","targetHints":{"allow":["GET"]}}],"collection":[{"href":"https:\/\/championbaltics.com\/lt\/wp-json\/wp\/v2\/pages"}],"about":[{"href":"https:\/\/championbaltics.com\/lt\/wp-json\/wp\/v2\/types\/page"}],"author":[{"embeddable":true,"href":"https:\/\/championbaltics.com\/lt\/wp-json\/wp\/v2\/users\/1"}],"replies":[{"embeddable":true,"href":"https:\/\/championbaltics.com\/lt\/wp-json\/wp\/v2\/comments?post=30877"}],"version-history":[{"count":3,"href":"https:\/\/championbaltics.com\/lt\/wp-json\/wp\/v2\/pages\/30877\/revisions"}],"predecessor-version":[{"id":31709,"href":"https:\/\/championbaltics.com\/lt\/wp-json\/wp\/v2\/pages\/30877\/revisions\/31709"}],"wp:attachment":[{"href":"https:\/\/championbaltics.com\/lt\/wp-json\/wp\/v2\/media?parent=30877"}],"curies":[{"name":"wp","href":"https:\/\/api.w.org\/{rel}","templated":true}]}}