{"id":31179,"date":"2025-08-23T14:48:47","date_gmt":"2025-08-23T14:48:47","guid":{"rendered":"https:\/\/championbaltics.com\/grazinimo-ir-prekiu-grazinimo-politika\/"},"modified":"2025-09-08T14:51:14","modified_gmt":"2025-09-08T14:51:14","slug":"grazinimo-ir-prekiu-grazinimo-politika","status":"publish","type":"page","link":"https:\/\/championbaltics.com\/lt\/grazinimo-ir-prekiu-grazinimo-politika\/","title":{"rendered":"Gr\u0105\u017einimo ir preki\u0173 gr\u0105\u017einimo politika"},"content":{"rendered":"\n<p><\/p>\n\n<h2 class=\"wp-block-heading\">Ap\u017evalga<\/h2>\n\n<p>M\u016bs\u0173 gr\u0105\u017einimo ir preki\u0173 gr\u0105\u017einimo politika galioja 30 dien\u0173. Jei nuo j\u016bs\u0173 pirkimo pra\u0117jo 30 dien\u0173, negalime pasi\u016blyti jums visos gr\u0105\u017einamosios i\u0161mokos ar keitimo. <\/p>\n\n<p>Kad b\u016bt\u0173 galima gr\u0105\u017einti prek\u0119, ji turi b\u016bti nenaudota ir tokios pa\u010dios b\u016bkl\u0117s, koki\u0105 gavote. Ji taip pat turi b\u016bti originalioje pakuot\u0117je. <\/p>\n\n<p>Keletas preki\u0173 tip\u0173 yra negr\u0105\u017einami. Greitai gendan\u010dios prek\u0117s, tokios kaip maistas, g\u0117l\u0117s, laikra\u0161\u010diai ar \u017eurnalai, negali b\u016bti gr\u0105\u017einamos. Taip pat nepriimame intymi\u0173 ar higienos preki\u0173, pavojing\u0173 med\u017eiag\u0173 ar degi\u0173 skys\u010di\u0173 ar duj\u0173.  <\/p>\n\n<p>Papildomos negr\u0105\u017einamos prek\u0117s:<\/p>\n\n<ul class=\"wp-block-list\">\n<li>Dovan\u0173 kortel\u0117s<\/li>\n\n\n\n<li>Atsisiun\u010diamos programin\u0117s \u012frangos produktai<\/li>\n<\/ul>\n\n<p>Nor\u0117dami u\u017ebaigti gr\u0105\u017einim\u0105, reikalaujame kvito arba pirkimo \u012frodymo.<\/p>\n\n<p>Pra\u0161ome nesi\u0173sti savo pirkimo atgal gamintojui.<\/p>\n\n<p>Yra tam tikr\u0173 situacij\u0173, kai suteikiamos tik dalin\u0117s gr\u0105\u017einamosios i\u0161mokos:<\/p>\n\n<ul class=\"wp-block-list\">\n<li>Bet kuri prek\u0117, kuri n\u0117ra originalios b\u016bkl\u0117s, yra sugadinta arba tr\u016bksta dali\u0173 d\u0117l prie\u017eas\u010di\u0173, nesusijusi\u0173 su m\u016bs\u0173 klaida.<\/li>\n\n\n\n<li>Bet kuri prek\u0117, kuri gr\u0105\u017einama pra\u0117jus daugiau nei 30 dien\u0173 po pristatymo<\/li>\n<\/ul>\n\n<h2 class=\"wp-block-heading\">Gr\u0105\u017einamosios i\u0161mokos<\/h2>\n\n<p>Kai j\u016bs\u0173 gr\u0105\u017einimas bus gautas ir patikrintas, atsi\u0173sime jums el. lai\u0161k\u0105, kad prane\u0161tume, jog gavome j\u016bs\u0173 gr\u0105\u017eint\u0105 prek\u0119. Taip pat prane\u0161ime apie j\u016bs\u0173 gr\u0105\u017einamosios i\u0161mokos patvirtinim\u0105 arba atmetim\u0105. <\/p>\n\n<p>Jei j\u016bs\u0173 gr\u0105\u017einamoji i\u0161moka bus patvirtinta, ji bus apdorota ir kreditas automati\u0161kai bus pritaikytas j\u016bs\u0173 kreditinei kortelei arba originaliam mok\u0117jimo b\u016bdui per tam tikr\u0105 dien\u0173 skai\u010di\u0173.<\/p>\n\n<h3 class=\"wp-block-heading\">Pav\u0117luotos arba tr\u016bkstamos gr\u0105\u017einamosios i\u0161mokos<\/h3>\n\n<p>Jei dar negavote gr\u0105\u017einamosios i\u0161mokos, pirmiausia dar kart\u0105 patikrinkite savo banko s\u0105skait\u0105.<\/p>\n\n<p>Tada susisiekite su savo kreditin\u0117s kortel\u0117s \u012fmone, gali praeiti \u0161iek tiek laiko, kol j\u016bs\u0173 gr\u0105\u017einamoji i\u0161moka bus oficialiai paskelbta.<\/p>\n\n<p>Tada susisiekite su savo banku. Da\u017enai yra tam tikras apdorojimo laikas, kol gr\u0105\u017einamoji i\u0161moka bus paskelbta. <\/p>\n\n<p>Jei atlikote visus \u0161iuos veiksmus ir vis dar negavote gr\u0105\u017einamosios i\u0161mokos, susisiekite su mumis adresu {el. pa\u0161to adresas}.<\/p>\n\n<h3 class=\"wp-block-heading\">I\u0161pardavimo prek\u0117s<\/h3>\n\n<p>Tik \u012fprastomis kainomis parduodamos prek\u0117s gali b\u016bti gr\u0105\u017einamos. I\u0161pardavimo prek\u0117s negali b\u016bti gr\u0105\u017einamos. <\/p>\n\n<h2 class=\"wp-block-heading\">Keitimai<\/h2>\n\n<p>Mes kei\u010diame prekes tik tuo atveju, jei jos yra su defektais arba sugadintos. Jei jums reikia pakeisti j\u0105 \u012f t\u0105 pa\u010di\u0105 prek\u0119, atsi\u0173skite mums el. lai\u0161k\u0105 adresu {el. pa\u0161to adresas} ir atsi\u0173skite savo prek\u0119 adresu: {fizinis adresas}. <\/p>\n\n<h2 class=\"wp-block-heading\">Dovanos<\/h2>\n\n<p>Jei prek\u0117 buvo pa\u017eym\u0117ta kaip dovana pirkimo metu ir i\u0161si\u0173sta tiesiogiai jums, gausite dovan\u0173 kredit\u0105 u\u017e j\u016bs\u0173 gr\u0105\u017einimo vert\u0119. Kai gr\u0105\u017einta prek\u0117 bus gauta, jums bus i\u0161si\u0173stas dovan\u0173 sertifikatas. <\/p>\n\n<p>Jei prek\u0117 nebuvo pa\u017eym\u0117ta kaip dovana pirkimo metu arba dovan\u0173 teik\u0117jas u\u017esakym\u0105 i\u0161siunt\u0117 sau, kad v\u0117liau jums \u012fteikt\u0173, mes i\u0161si\u0173sime gr\u0105\u017einam\u0105j\u0105 i\u0161mok\u0105 dovan\u0173 teik\u0117jui ir jie su\u017einos apie j\u016bs\u0173 gr\u0105\u017einim\u0105.<\/p>\n\n<h2 class=\"wp-block-heading\">Siuntimo gr\u0105\u017einimai<\/h2>\n\n<p>Nor\u0117dami gr\u0105\u017einti savo produkt\u0105, tur\u0117tum\u0117te j\u012f i\u0161si\u0173sti adresu: P\u00e4rnu mnt 144, Talinas, Estija.<\/p>\n\n<p>J\u016bs b\u016bsite atsakingi u\u017e savo siuntimo i\u0161laidas u\u017e prek\u0117s gr\u0105\u017einim\u0105. Siuntimo i\u0161laidos n\u0117ra gr\u0105\u017einamos. Jei gausite gr\u0105\u017einam\u0105j\u0105 i\u0161mok\u0105, gr\u0105\u017einimo siuntimo i\u0161laidos bus i\u0161skai\u010diuotos i\u0161 j\u016bs\u0173 gr\u0105\u017einamosios i\u0161mokos.  <\/p>\n\n<p>Priklausomai nuo to, kur gyvenate, laikas, per kur\u012f j\u016bs\u0173 pakeista prek\u0117 gali jus pasiekti, gali skirtis.<\/p>\n\n<p>Jei gr\u0105\u017einate brangesnes prekes, galite apsvarstyti galimyb\u0119 naudoti sekam\u0105 siuntimo paslaug\u0105 arba \u012fsigyti siuntimo draudim\u0105. Mes negarantuojame, kad gausime j\u016bs\u0173 gr\u0105\u017eint\u0105 prek\u0119. <\/p>\n\n<h2 class=\"wp-block-heading\">Reikia pagalbos?<\/h2>\n\n<p>Kreipkit\u0117s \u012f mus el. pa\u0161tu info@championbaltics.com d\u0117l klausim\u0173, susijusi\u0173 su gr\u0105\u017einimais ir kompensacijomis.<\/p>\n\n<p><\/p>\n","protected":false},"excerpt":{"rendered":"<p>Ap\u017evalga M\u016bs\u0173 gr\u0105\u017einimo ir preki\u0173 gr\u0105\u017einimo politika galioja 30 dien\u0173. Jei nuo j\u016bs\u0173 pirkimo pra\u0117jo 30 dien\u0173, negalime pasi\u016blyti jums<\/p>\n","protected":false},"author":1,"featured_media":0,"parent":0,"menu_order":0,"comment_status":"closed","ping_status":"closed","template":"","meta":{"footnotes":""},"class_list":["post-31179","page","type-page","status-publish","hentry"],"yoast_head":"<!-- This site is optimized with the Yoast SEO Premium plugin v27.4 (Yoast SEO v27.4) - https:\/\/yoast.com\/product\/yoast-seo-premium-wordpress\/ -->\n<title>Gr\u0105\u017einimo ir preki\u0173 gr\u0105\u017einimo politika - Champion Baltics<\/title>\n<meta name=\"description\" content=\"M\u016bs\u0173 gr\u0105\u017einimo ir preki\u0173 gr\u0105\u017einimo politika galioja 30 dien\u0173. Jei nuo j\u016bs\u0173 pirkimo pra\u0117jo 30 dien\u0173, negalime pasi\u016blyti jums visos gr\u0105\u017einamosios i\u0161mokos ar keitimo.\" \/>\n<meta name=\"robots\" content=\"index, follow, max-snippet:-1, max-image-preview:large, max-video-preview:-1\" \/>\n<link rel=\"canonical\" href=\"https:\/\/championbaltics.com\/lt\/grazinimo-ir-prekiu-grazinimo-politika\/\" \/>\n<meta property=\"og:locale\" content=\"lt_LT\" \/>\n<meta property=\"og:type\" content=\"article\" \/>\n<meta property=\"og:title\" content=\"Gr\u0105\u017einimo ir preki\u0173 gr\u0105\u017einimo politika\" \/>\n<meta property=\"og:description\" content=\"M\u016bs\u0173 gr\u0105\u017einimo ir preki\u0173 gr\u0105\u017einimo politika galioja 30 dien\u0173. Jei nuo j\u016bs\u0173 pirkimo pra\u0117jo 30 dien\u0173, negalime pasi\u016blyti jums visos gr\u0105\u017einamosios i\u0161mokos ar keitimo.\" \/>\n<meta property=\"og:url\" content=\"https:\/\/championbaltics.com\/lt\/grazinimo-ir-prekiu-grazinimo-politika\/\" \/>\n<meta property=\"og:site_name\" content=\"Champion Baltics\" \/>\n<meta property=\"article:publisher\" content=\"https:\/\/facebook.com\/championbaltics\" \/>\n<meta property=\"article:modified_time\" content=\"2025-09-08T14:51:14+00:00\" \/>\n<meta property=\"og:image\" content=\"https:\/\/championbaltics.com\/wp-content\/uploads\/2025\/08\/cropped-ChampionBalticsLogo.webp\" \/>\n\t<meta property=\"og:image:width\" content=\"512\" \/>\n\t<meta property=\"og:image:height\" content=\"512\" \/>\n\t<meta property=\"og:image:type\" content=\"image\/webp\" \/>\n<meta name=\"twitter:card\" content=\"summary_large_image\" \/>\n<meta name=\"twitter:label1\" content=\"Est. reading time\" \/>\n\t<meta name=\"twitter:data1\" content=\"3 minut\u0117s\" \/>\n<script type=\"application\/ld+json\" class=\"yoast-schema-graph\">{\"@context\":\"https:\\\/\\\/schema.org\",\"@graph\":[{\"@type\":\"WebPage\",\"@id\":\"https:\\\/\\\/championbaltics.com\\\/lt\\\/grazinimo-ir-prekiu-grazinimo-politika\\\/\",\"url\":\"https:\\\/\\\/championbaltics.com\\\/lt\\\/grazinimo-ir-prekiu-grazinimo-politika\\\/\",\"name\":\"Gr\u0105\u017einimo ir preki\u0173 gr\u0105\u017einimo politika - Champion Baltics\",\"isPartOf\":{\"@id\":\"https:\\\/\\\/championbaltics.com\\\/lt\\\/#website\"},\"datePublished\":\"2025-08-23T14:48:47+00:00\",\"dateModified\":\"2025-09-08T14:51:14+00:00\",\"description\":\"M\u016bs\u0173 gr\u0105\u017einimo ir preki\u0173 gr\u0105\u017einimo politika galioja 30 dien\u0173. Jei nuo j\u016bs\u0173 pirkimo pra\u0117jo 30 dien\u0173, negalime pasi\u016blyti jums visos gr\u0105\u017einamosios i\u0161mokos ar keitimo.\",\"breadcrumb\":{\"@id\":\"https:\\\/\\\/championbaltics.com\\\/lt\\\/grazinimo-ir-prekiu-grazinimo-politika\\\/#breadcrumb\"},\"inLanguage\":\"lt-LT\",\"potentialAction\":[{\"@type\":\"ReadAction\",\"target\":[\"https:\\\/\\\/championbaltics.com\\\/lt\\\/grazinimo-ir-prekiu-grazinimo-politika\\\/\"]}]},{\"@type\":\"BreadcrumbList\",\"@id\":\"https:\\\/\\\/championbaltics.com\\\/lt\\\/grazinimo-ir-prekiu-grazinimo-politika\\\/#breadcrumb\",\"itemListElement\":[{\"@type\":\"ListItem\",\"position\":1,\"name\":\"Home\",\"item\":\"https:\\\/\\\/championbaltics.com\\\/lt\\\/\"},{\"@type\":\"ListItem\",\"position\":2,\"name\":\"Gr\u0105\u017einimo ir preki\u0173 gr\u0105\u017einimo politika\"}]},{\"@type\":\"WebSite\",\"@id\":\"https:\\\/\\\/championbaltics.com\\\/lt\\\/#website\",\"url\":\"https:\\\/\\\/championbaltics.com\\\/lt\\\/\",\"name\":\"Champion Baltics\",\"description\":\"Power equipments\",\"publisher\":{\"@id\":\"https:\\\/\\\/championbaltics.com\\\/lt\\\/#organization\"},\"alternateName\":\"Champion Power Equipment\",\"potentialAction\":[{\"@type\":\"SearchAction\",\"target\":{\"@type\":\"EntryPoint\",\"urlTemplate\":\"https:\\\/\\\/championbaltics.com\\\/lt\\\/?s={search_term_string}\"},\"query-input\":{\"@type\":\"PropertyValueSpecification\",\"valueRequired\":true,\"valueName\":\"search_term_string\"}}],\"inLanguage\":\"lt-LT\"},{\"@type\":[\"Organization\",\"Place\"],\"@id\":\"https:\\\/\\\/championbaltics.com\\\/lt\\\/#organization\",\"name\":\"Champion Baltics\",\"alternateName\":\"Champion Power Equipment\",\"url\":\"https:\\\/\\\/championbaltics.com\\\/lt\\\/\",\"logo\":{\"@id\":\"https:\\\/\\\/championbaltics.com\\\/lt\\\/grazinimo-ir-prekiu-grazinimo-politika\\\/#local-main-organization-logo\"},\"image\":{\"@id\":\"https:\\\/\\\/championbaltics.com\\\/lt\\\/grazinimo-ir-prekiu-grazinimo-politika\\\/#local-main-organization-logo\"},\"sameAs\":[\"https:\\\/\\\/facebook.com\\\/championbaltics\"],\"description\":\"Champion power equipment representer of State of Baltics\",\"legalName\":\"T.O Engineering LLC\",\"foundingDate\":\"2015-01-07\",\"numberOfEmployees\":{\"@type\":\"QuantitativeValue\",\"minValue\":\"1\",\"maxValue\":\"10\"},\"hasMerchantReturnPolicy\":{\"@type\":\"MerchantReturnPolicy\",\"merchantReturnLink\":\"https:\\\/\\\/championbaltics.com\\\/refund_returns\\\/\"},\"address\":{\"@id\":\"https:\\\/\\\/championbaltics.com\\\/lt\\\/grazinimo-ir-prekiu-grazinimo-politika\\\/#local-main-place-address\"},\"telephone\":[],\"contactPoint\":{\"@type\":\"ContactPoint\",\"telephone\":\"+3725204833\",\"email\":\"info@championbaltics.com\"},\"openingHoursSpecification\":[{\"@type\":\"OpeningHoursSpecification\",\"dayOfWeek\":[\"Monday\",\"Tuesday\",\"Wednesday\",\"Thursday\",\"Friday\",\"Saturday\",\"Sunday\"],\"opens\":\"09:00\",\"closes\":\"17:00\"}],\"email\":\"info@championbaltics.com\",\"vatID\":\"EE102032772\"},{\"@type\":\"PostalAddress\",\"@id\":\"https:\\\/\\\/championbaltics.com\\\/lt\\\/grazinimo-ir-prekiu-grazinimo-politika\\\/#local-main-place-address\",\"streetAddress\":\"P\u00e4rnu mnt 144\",\"addressLocality\":\"Tallinn\",\"postalCode\":\"11317\",\"addressRegion\":\"Harju\",\"addressCountry\":\"EE\"},{\"@type\":\"ImageObject\",\"inLanguage\":\"lt-LT\",\"@id\":\"https:\\\/\\\/championbaltics.com\\\/lt\\\/grazinimo-ir-prekiu-grazinimo-politika\\\/#local-main-organization-logo\",\"url\":\"https:\\\/\\\/championbaltics.com\\\/wp-content\\\/uploads\\\/2025\\\/08\\\/cropped-ChampionBalticsLogo.webp\",\"contentUrl\":\"https:\\\/\\\/championbaltics.com\\\/wp-content\\\/uploads\\\/2025\\\/08\\\/cropped-ChampionBalticsLogo.webp\",\"width\":512,\"height\":512,\"caption\":\"Champion Baltics\"}]}<\/script>\n<meta name=\"geo.placename\" content=\"Tallinn\" \/>\n<meta name=\"geo.region\" content=\"Estonia\" \/>\n<!-- \/ Yoast SEO Premium plugin. -->","yoast_head_json":{"title":"Gr\u0105\u017einimo ir preki\u0173 gr\u0105\u017einimo politika - Champion Baltics","description":"M\u016bs\u0173 gr\u0105\u017einimo ir preki\u0173 gr\u0105\u017einimo politika galioja 30 dien\u0173. Jei nuo j\u016bs\u0173 pirkimo pra\u0117jo 30 dien\u0173, negalime pasi\u016blyti jums visos gr\u0105\u017einamosios i\u0161mokos ar keitimo.","robots":{"index":"index","follow":"follow","max-snippet":"max-snippet:-1","max-image-preview":"max-image-preview:large","max-video-preview":"max-video-preview:-1"},"canonical":"https:\/\/championbaltics.com\/lt\/grazinimo-ir-prekiu-grazinimo-politika\/","og_locale":"lt_LT","og_type":"article","og_title":"Gr\u0105\u017einimo ir preki\u0173 gr\u0105\u017einimo politika","og_description":"M\u016bs\u0173 gr\u0105\u017einimo ir preki\u0173 gr\u0105\u017einimo politika galioja 30 dien\u0173. Jei nuo j\u016bs\u0173 pirkimo pra\u0117jo 30 dien\u0173, negalime pasi\u016blyti jums visos gr\u0105\u017einamosios i\u0161mokos ar keitimo.","og_url":"https:\/\/championbaltics.com\/lt\/grazinimo-ir-prekiu-grazinimo-politika\/","og_site_name":"Champion Baltics","article_publisher":"https:\/\/facebook.com\/championbaltics","article_modified_time":"2025-09-08T14:51:14+00:00","og_image":[{"width":512,"height":512,"url":"https:\/\/championbaltics.com\/wp-content\/uploads\/2025\/08\/cropped-ChampionBalticsLogo.webp","type":"image\/webp"}],"twitter_card":"summary_large_image","twitter_misc":{"Est. reading time":"3 minut\u0117s"},"schema":{"@context":"https:\/\/schema.org","@graph":[{"@type":"WebPage","@id":"https:\/\/championbaltics.com\/lt\/grazinimo-ir-prekiu-grazinimo-politika\/","url":"https:\/\/championbaltics.com\/lt\/grazinimo-ir-prekiu-grazinimo-politika\/","name":"Gr\u0105\u017einimo ir preki\u0173 gr\u0105\u017einimo politika - Champion Baltics","isPartOf":{"@id":"https:\/\/championbaltics.com\/lt\/#website"},"datePublished":"2025-08-23T14:48:47+00:00","dateModified":"2025-09-08T14:51:14+00:00","description":"M\u016bs\u0173 gr\u0105\u017einimo ir preki\u0173 gr\u0105\u017einimo politika galioja 30 dien\u0173. Jei nuo j\u016bs\u0173 pirkimo pra\u0117jo 30 dien\u0173, negalime pasi\u016blyti jums visos gr\u0105\u017einamosios i\u0161mokos ar keitimo.","breadcrumb":{"@id":"https:\/\/championbaltics.com\/lt\/grazinimo-ir-prekiu-grazinimo-politika\/#breadcrumb"},"inLanguage":"lt-LT","potentialAction":[{"@type":"ReadAction","target":["https:\/\/championbaltics.com\/lt\/grazinimo-ir-prekiu-grazinimo-politika\/"]}]},{"@type":"BreadcrumbList","@id":"https:\/\/championbaltics.com\/lt\/grazinimo-ir-prekiu-grazinimo-politika\/#breadcrumb","itemListElement":[{"@type":"ListItem","position":1,"name":"Home","item":"https:\/\/championbaltics.com\/lt\/"},{"@type":"ListItem","position":2,"name":"Gr\u0105\u017einimo ir preki\u0173 gr\u0105\u017einimo politika"}]},{"@type":"WebSite","@id":"https:\/\/championbaltics.com\/lt\/#website","url":"https:\/\/championbaltics.com\/lt\/","name":"Champion Baltics","description":"Power equipments","publisher":{"@id":"https:\/\/championbaltics.com\/lt\/#organization"},"alternateName":"Champion Power Equipment","potentialAction":[{"@type":"SearchAction","target":{"@type":"EntryPoint","urlTemplate":"https:\/\/championbaltics.com\/lt\/?s={search_term_string}"},"query-input":{"@type":"PropertyValueSpecification","valueRequired":true,"valueName":"search_term_string"}}],"inLanguage":"lt-LT"},{"@type":["Organization","Place"],"@id":"https:\/\/championbaltics.com\/lt\/#organization","name":"Champion Baltics","alternateName":"Champion Power Equipment","url":"https:\/\/championbaltics.com\/lt\/","logo":{"@id":"https:\/\/championbaltics.com\/lt\/grazinimo-ir-prekiu-grazinimo-politika\/#local-main-organization-logo"},"image":{"@id":"https:\/\/championbaltics.com\/lt\/grazinimo-ir-prekiu-grazinimo-politika\/#local-main-organization-logo"},"sameAs":["https:\/\/facebook.com\/championbaltics"],"description":"Champion power equipment representer of State of Baltics","legalName":"T.O Engineering LLC","foundingDate":"2015-01-07","numberOfEmployees":{"@type":"QuantitativeValue","minValue":"1","maxValue":"10"},"hasMerchantReturnPolicy":{"@type":"MerchantReturnPolicy","merchantReturnLink":"https:\/\/championbaltics.com\/refund_returns\/"},"address":{"@id":"https:\/\/championbaltics.com\/lt\/grazinimo-ir-prekiu-grazinimo-politika\/#local-main-place-address"},"telephone":[],"contactPoint":{"@type":"ContactPoint","telephone":"+3725204833","email":"info@championbaltics.com"},"openingHoursSpecification":[{"@type":"OpeningHoursSpecification","dayOfWeek":["Monday","Tuesday","Wednesday","Thursday","Friday","Saturday","Sunday"],"opens":"09:00","closes":"17:00"}],"email":"info@championbaltics.com","vatID":"EE102032772"},{"@type":"PostalAddress","@id":"https:\/\/championbaltics.com\/lt\/grazinimo-ir-prekiu-grazinimo-politika\/#local-main-place-address","streetAddress":"P\u00e4rnu mnt 144","addressLocality":"Tallinn","postalCode":"11317","addressRegion":"Harju","addressCountry":"EE"},{"@type":"ImageObject","inLanguage":"lt-LT","@id":"https:\/\/championbaltics.com\/lt\/grazinimo-ir-prekiu-grazinimo-politika\/#local-main-organization-logo","url":"https:\/\/championbaltics.com\/wp-content\/uploads\/2025\/08\/cropped-ChampionBalticsLogo.webp","contentUrl":"https:\/\/championbaltics.com\/wp-content\/uploads\/2025\/08\/cropped-ChampionBalticsLogo.webp","width":512,"height":512,"caption":"Champion Baltics"}]},"geo.placename":"Tallinn","geo.region":"Estonia"},"_links":{"self":[{"href":"https:\/\/championbaltics.com\/lt\/wp-json\/wp\/v2\/pages\/31179","targetHints":{"allow":["GET"]}}],"collection":[{"href":"https:\/\/championbaltics.com\/lt\/wp-json\/wp\/v2\/pages"}],"about":[{"href":"https:\/\/championbaltics.com\/lt\/wp-json\/wp\/v2\/types\/page"}],"author":[{"embeddable":true,"href":"https:\/\/championbaltics.com\/lt\/wp-json\/wp\/v2\/users\/1"}],"replies":[{"embeddable":true,"href":"https:\/\/championbaltics.com\/lt\/wp-json\/wp\/v2\/comments?post=31179"}],"version-history":[{"count":2,"href":"https:\/\/championbaltics.com\/lt\/wp-json\/wp\/v2\/pages\/31179\/revisions"}],"predecessor-version":[{"id":31639,"href":"https:\/\/championbaltics.com\/lt\/wp-json\/wp\/v2\/pages\/31179\/revisions\/31639"}],"wp:attachment":[{"href":"https:\/\/championbaltics.com\/lt\/wp-json\/wp\/v2\/media?parent=31179"}],"curies":[{"name":"wp","href":"https:\/\/api.w.org\/{rel}","templated":true}]}}