{"id":34428,"date":"2026-05-09T12:23:00","date_gmt":"2026-05-09T09:23:00","guid":{"rendered":"https:\/\/championbaltics.com\/generatoriaus-galios-skaiciuokle\/"},"modified":"2026-05-09T13:40:56","modified_gmt":"2026-05-09T10:40:56","slug":"generatoriaus-galios-skaiciuokle","status":"publish","type":"page","link":"https:\/\/championbaltics.com\/lt\/generatoriaus-galios-skaiciuokle\/","title":{"rendered":"Generatoriaus galios skai\u010diuokl\u0117"},"content":{"rendered":"\t\t<div data-elementor-type=\"wp-page\" data-elementor-id=\"34428\" class=\"elementor elementor-34428 elementor-34404\" data-elementor-post-type=\"page\">\n\t\t\t\t<div class=\"wd-negative-gap elementor-element elementor-element-51fd5cc e-flex e-con-boxed e-con e-parent\" data-id=\"51fd5cc\" data-element_type=\"container\" data-e-type=\"container\">\n\t\t\t\t\t<div class=\"e-con-inner\">\n\t\t\t\t<div class=\"elementor-element elementor-element-2a23106 elementor-widget elementor-widget-theme-post-featured-image elementor-widget-image\" data-id=\"2a23106\" data-element_type=\"widget\" data-e-type=\"widget\" data-widget_type=\"theme-post-featured-image.default\">\n\t\t\t\t\t\t\t\t\t\t\t\t\t\t\t<img loading=\"lazy\" decoding=\"async\" width=\"1300\" height=\"734\" src=\"https:\/\/championbaltics.com\/wp-content\/uploads\/2025\/09\/Generators-Group-1300x734.webp\" class=\"attachment-large size-large wp-image-30434\" alt=\"Generators\" srcset=\"https:\/\/championbaltics.com\/wp-content\/uploads\/2025\/09\/Generators-Group-1300x734.webp 1300w, https:\/\/championbaltics.com\/wp-content\/uploads\/2025\/09\/Generators-Group-400x226.webp 400w, https:\/\/championbaltics.com\/wp-content\/uploads\/2025\/09\/Generators-Group-768x433.webp 768w, https:\/\/championbaltics.com\/wp-content\/uploads\/2025\/09\/Generators-Group-1536x867.webp 1536w, https:\/\/championbaltics.com\/wp-content\/uploads\/2025\/09\/Generators-Group-430x243.webp 430w, https:\/\/championbaltics.com\/wp-content\/uploads\/2025\/09\/Generators-Group-700x395.webp 700w, https:\/\/championbaltics.com\/wp-content\/uploads\/2025\/09\/Generators-Group-150x85.webp 150w, https:\/\/championbaltics.com\/wp-content\/uploads\/2025\/09\/Generators-Group.webp 1680w\" sizes=\"auto, (max-width: 1300px) 100vw, 1300px\" \/>\t\t\t\t\t\t\t\t\t\t\t\t\t\t\t<\/div>\n\t\t\t\t\t<\/div>\n\t\t\t\t<\/div>\n\t\t<div class=\"wd-negative-gap elementor-element elementor-element-85796b9 e-flex e-con-boxed e-con e-parent\" data-id=\"85796b9\" data-element_type=\"container\" data-e-type=\"container\">\n\t\t\t\t\t<div class=\"e-con-inner\">\n\t\t\t\t\t<\/div>\n\t\t\t\t<\/div>\n\t\t\t\t<\/div>\n\t\t","protected":false},"excerpt":{"rendered":"<p>Generatoriaus galios skai\u010diuokl\u0117 Prid\u0117kite savo prietaisus, kad apskai\u010diuotum\u0117te bendr\u0105 gali\u0105 ir rastum\u0117te tinkam\u0105 generatori\u0173. Add Total Required Power: 0 W<\/p>\n","protected":false},"author":3,"featured_media":0,"parent":0,"menu_order":0,"comment_status":"closed","ping_status":"closed","template":"","meta":{"_angie_page":false,"footnotes":""},"class_list":["post-34428","page","type-page","status-publish","hentry"],"yoast_head":"<!-- This site is optimized with the Yoast SEO Premium plugin v27.6 (Yoast SEO v27.6) - https:\/\/yoast.com\/product\/yoast-seo-premium-wordpress\/ -->\n<title>Generatoriaus galios skai\u010diuokl\u0117 - Champion Baltics<\/title>\n<meta name=\"description\" content=\"Generatoriaus galios skai\u010diuokl\u0117. Raskite tinkam\u0105 generatori\u0173 savo poreikiams. Prid\u0117kite visk\u0105, k\u0105 norite maitinti, ir paspauskite mygtuk\u0105 RASTI.\" \/>\n<meta name=\"robots\" content=\"index, follow, max-snippet:-1, max-image-preview:large, max-video-preview:-1\" \/>\n<link rel=\"canonical\" href=\"https:\/\/championbaltics.com\/lt\/generatoriaus-galios-skaiciuokle\/\" \/>\n<meta property=\"og:locale\" content=\"lt_LT\" \/>\n<meta property=\"og:type\" content=\"article\" \/>\n<meta property=\"og:title\" content=\"Generatoriaus galios skai\u010diuokl\u0117\" \/>\n<meta property=\"og:description\" content=\"Generatoriaus galios skai\u010diuokl\u0117. Raskite tinkam\u0105 generatori\u0173 savo poreikiams. Prid\u0117kite visk\u0105, k\u0105 norite maitinti, ir paspauskite mygtuk\u0105 RASTI.\" \/>\n<meta property=\"og:url\" content=\"https:\/\/championbaltics.com\/lt\/generatoriaus-galios-skaiciuokle\/\" \/>\n<meta property=\"og:site_name\" content=\"Champion Baltics\" \/>\n<meta property=\"article:publisher\" content=\"https:\/\/facebook.com\/championbaltics\" \/>\n<meta property=\"article:modified_time\" content=\"2026-05-09T10:40:56+00:00\" \/>\n<meta property=\"og:image\" content=\"https:\/\/championbaltics.com\/wp-content\/uploads\/2025\/08\/cropped-ChampionBalticsLogo.webp\" \/>\n\t<meta property=\"og:image:width\" content=\"512\" \/>\n\t<meta property=\"og:image:height\" content=\"512\" \/>\n\t<meta property=\"og:image:type\" content=\"image\/webp\" \/>\n<meta name=\"twitter:card\" content=\"summary_large_image\" \/>\n<script type=\"application\/ld+json\" class=\"yoast-schema-graph\">{\"@context\":\"https:\\\/\\\/schema.org\",\"@graph\":[{\"@type\":\"WebPage\",\"@id\":\"https:\\\/\\\/championbaltics.com\\\/lt\\\/generatoriaus-galios-skaiciuokle\\\/\",\"url\":\"https:\\\/\\\/championbaltics.com\\\/lt\\\/generatoriaus-galios-skaiciuokle\\\/\",\"name\":\"Generatoriaus galios skai\u010diuokl\u0117 - Champion Baltics\",\"isPartOf\":{\"@id\":\"https:\\\/\\\/championbaltics.com\\\/lt\\\/#website\"},\"datePublished\":\"2026-05-09T09:23:00+00:00\",\"dateModified\":\"2026-05-09T10:40:56+00:00\",\"description\":\"Generatoriaus galios skai\u010diuokl\u0117. Raskite tinkam\u0105 generatori\u0173 savo poreikiams. Prid\u0117kite visk\u0105, k\u0105 norite maitinti, ir paspauskite mygtuk\u0105 RASTI.\",\"breadcrumb\":{\"@id\":\"https:\\\/\\\/championbaltics.com\\\/lt\\\/generatoriaus-galios-skaiciuokle\\\/#breadcrumb\"},\"inLanguage\":\"lt-LT\",\"potentialAction\":[{\"@type\":\"ReadAction\",\"target\":[\"https:\\\/\\\/championbaltics.com\\\/lt\\\/generatoriaus-galios-skaiciuokle\\\/\"]}]},{\"@type\":\"BreadcrumbList\",\"@id\":\"https:\\\/\\\/championbaltics.com\\\/lt\\\/generatoriaus-galios-skaiciuokle\\\/#breadcrumb\",\"itemListElement\":[{\"@type\":\"ListItem\",\"position\":1,\"name\":\"Home\",\"item\":\"https:\\\/\\\/championbaltics.com\\\/lt\\\/namu-irankiai\\\/\"},{\"@type\":\"ListItem\",\"position\":2,\"name\":\"Generatoriaus galios skai\u010diuokl\u0117\"}]},{\"@type\":\"WebSite\",\"@id\":\"https:\\\/\\\/championbaltics.com\\\/lt\\\/#website\",\"url\":\"https:\\\/\\\/championbaltics.com\\\/lt\\\/\",\"name\":\"Champion Baltics\",\"description\":\"Power equipments\",\"publisher\":{\"@id\":\"https:\\\/\\\/championbaltics.com\\\/lt\\\/#organization\"},\"alternateName\":\"Champion Power Equipment\",\"potentialAction\":[{\"@type\":\"SearchAction\",\"target\":{\"@type\":\"EntryPoint\",\"urlTemplate\":\"https:\\\/\\\/championbaltics.com\\\/lt\\\/?s={search_term_string}\"},\"query-input\":{\"@type\":\"PropertyValueSpecification\",\"valueRequired\":true,\"valueName\":\"search_term_string\"}}],\"inLanguage\":\"lt-LT\"},{\"@type\":[\"Organization\",\"Place\"],\"@id\":\"https:\\\/\\\/championbaltics.com\\\/lt\\\/#organization\",\"name\":\"Champion Baltics\",\"alternateName\":\"Champion Power Equipment\",\"url\":\"https:\\\/\\\/championbaltics.com\\\/lt\\\/\",\"logo\":{\"@id\":\"https:\\\/\\\/championbaltics.com\\\/lt\\\/generatoriaus-galios-skaiciuokle\\\/#local-main-organization-logo\"},\"image\":{\"@id\":\"https:\\\/\\\/championbaltics.com\\\/lt\\\/generatoriaus-galios-skaiciuokle\\\/#local-main-organization-logo\"},\"sameAs\":[\"https:\\\/\\\/facebook.com\\\/championbaltics\"],\"description\":\"Champion power equipment representer of State of Baltics\",\"legalName\":\"T.O Engineering LLC\",\"foundingDate\":\"2015-01-07\",\"numberOfEmployees\":{\"@type\":\"QuantitativeValue\",\"minValue\":\"1\",\"maxValue\":\"10\"},\"hasMerchantReturnPolicy\":{\"@type\":\"MerchantReturnPolicy\",\"merchantReturnLink\":\"https:\\\/\\\/championbaltics.com\\\/refund_returns\\\/\"},\"address\":{\"@id\":\"https:\\\/\\\/championbaltics.com\\\/lt\\\/generatoriaus-galios-skaiciuokle\\\/#local-main-place-address\"},\"telephone\":[],\"contactPoint\":{\"@type\":\"ContactPoint\",\"telephone\":\"+3725204833\",\"email\":\"info@championbaltics.com\"},\"openingHoursSpecification\":[{\"@type\":\"OpeningHoursSpecification\",\"dayOfWeek\":[\"Monday\",\"Tuesday\",\"Wednesday\",\"Thursday\",\"Friday\",\"Saturday\",\"Sunday\"],\"opens\":\"09:00\",\"closes\":\"17:00\"}],\"email\":\"info@championbaltics.com\",\"vatID\":\"EE102032772\"},{\"@type\":\"PostalAddress\",\"@id\":\"https:\\\/\\\/championbaltics.com\\\/lt\\\/generatoriaus-galios-skaiciuokle\\\/#local-main-place-address\",\"streetAddress\":\"P\u00e4rnu mnt 144\",\"addressLocality\":\"Tallinn\",\"postalCode\":\"11317\",\"addressRegion\":\"Harju\",\"addressCountry\":\"EE\"},{\"@type\":\"ImageObject\",\"inLanguage\":\"lt-LT\",\"@id\":\"https:\\\/\\\/championbaltics.com\\\/lt\\\/generatoriaus-galios-skaiciuokle\\\/#local-main-organization-logo\",\"url\":\"https:\\\/\\\/championbaltics.com\\\/wp-content\\\/uploads\\\/2025\\\/08\\\/cropped-ChampionBalticsLogo.webp\",\"contentUrl\":\"https:\\\/\\\/championbaltics.com\\\/wp-content\\\/uploads\\\/2025\\\/08\\\/cropped-ChampionBalticsLogo.webp\",\"width\":512,\"height\":512,\"caption\":\"Champion Baltics\"}]}<\/script>\n<meta name=\"geo.placename\" content=\"Tallinn\" \/>\n<meta name=\"geo.region\" content=\"Estonia\" \/>\n<!-- \/ Yoast SEO Premium plugin. -->","yoast_head_json":{"title":"Generatoriaus galios skai\u010diuokl\u0117 - Champion Baltics","description":"Generatoriaus galios skai\u010diuokl\u0117. Raskite tinkam\u0105 generatori\u0173 savo poreikiams. Prid\u0117kite visk\u0105, k\u0105 norite maitinti, ir paspauskite mygtuk\u0105 RASTI.","robots":{"index":"index","follow":"follow","max-snippet":"max-snippet:-1","max-image-preview":"max-image-preview:large","max-video-preview":"max-video-preview:-1"},"canonical":"https:\/\/championbaltics.com\/lt\/generatoriaus-galios-skaiciuokle\/","og_locale":"lt_LT","og_type":"article","og_title":"Generatoriaus galios skai\u010diuokl\u0117","og_description":"Generatoriaus galios skai\u010diuokl\u0117. Raskite tinkam\u0105 generatori\u0173 savo poreikiams. Prid\u0117kite visk\u0105, k\u0105 norite maitinti, ir paspauskite mygtuk\u0105 RASTI.","og_url":"https:\/\/championbaltics.com\/lt\/generatoriaus-galios-skaiciuokle\/","og_site_name":"Champion Baltics","article_publisher":"https:\/\/facebook.com\/championbaltics","article_modified_time":"2026-05-09T10:40:56+00:00","og_image":[{"width":512,"height":512,"url":"https:\/\/championbaltics.com\/wp-content\/uploads\/2025\/08\/cropped-ChampionBalticsLogo.webp","type":"image\/webp"}],"twitter_card":"summary_large_image","schema":{"@context":"https:\/\/schema.org","@graph":[{"@type":"WebPage","@id":"https:\/\/championbaltics.com\/lt\/generatoriaus-galios-skaiciuokle\/","url":"https:\/\/championbaltics.com\/lt\/generatoriaus-galios-skaiciuokle\/","name":"Generatoriaus galios skai\u010diuokl\u0117 - Champion Baltics","isPartOf":{"@id":"https:\/\/championbaltics.com\/lt\/#website"},"datePublished":"2026-05-09T09:23:00+00:00","dateModified":"2026-05-09T10:40:56+00:00","description":"Generatoriaus galios skai\u010diuokl\u0117. Raskite tinkam\u0105 generatori\u0173 savo poreikiams. Prid\u0117kite visk\u0105, k\u0105 norite maitinti, ir paspauskite mygtuk\u0105 RASTI.","breadcrumb":{"@id":"https:\/\/championbaltics.com\/lt\/generatoriaus-galios-skaiciuokle\/#breadcrumb"},"inLanguage":"lt-LT","potentialAction":[{"@type":"ReadAction","target":["https:\/\/championbaltics.com\/lt\/generatoriaus-galios-skaiciuokle\/"]}]},{"@type":"BreadcrumbList","@id":"https:\/\/championbaltics.com\/lt\/generatoriaus-galios-skaiciuokle\/#breadcrumb","itemListElement":[{"@type":"ListItem","position":1,"name":"Home","item":"https:\/\/championbaltics.com\/lt\/namu-irankiai\/"},{"@type":"ListItem","position":2,"name":"Generatoriaus galios skai\u010diuokl\u0117"}]},{"@type":"WebSite","@id":"https:\/\/championbaltics.com\/lt\/#website","url":"https:\/\/championbaltics.com\/lt\/","name":"Champion Baltics","description":"Power equipments","publisher":{"@id":"https:\/\/championbaltics.com\/lt\/#organization"},"alternateName":"Champion Power Equipment","potentialAction":[{"@type":"SearchAction","target":{"@type":"EntryPoint","urlTemplate":"https:\/\/championbaltics.com\/lt\/?s={search_term_string}"},"query-input":{"@type":"PropertyValueSpecification","valueRequired":true,"valueName":"search_term_string"}}],"inLanguage":"lt-LT"},{"@type":["Organization","Place"],"@id":"https:\/\/championbaltics.com\/lt\/#organization","name":"Champion Baltics","alternateName":"Champion Power Equipment","url":"https:\/\/championbaltics.com\/lt\/","logo":{"@id":"https:\/\/championbaltics.com\/lt\/generatoriaus-galios-skaiciuokle\/#local-main-organization-logo"},"image":{"@id":"https:\/\/championbaltics.com\/lt\/generatoriaus-galios-skaiciuokle\/#local-main-organization-logo"},"sameAs":["https:\/\/facebook.com\/championbaltics"],"description":"Champion power equipment representer of State of Baltics","legalName":"T.O Engineering LLC","foundingDate":"2015-01-07","numberOfEmployees":{"@type":"QuantitativeValue","minValue":"1","maxValue":"10"},"hasMerchantReturnPolicy":{"@type":"MerchantReturnPolicy","merchantReturnLink":"https:\/\/championbaltics.com\/refund_returns\/"},"address":{"@id":"https:\/\/championbaltics.com\/lt\/generatoriaus-galios-skaiciuokle\/#local-main-place-address"},"telephone":[],"contactPoint":{"@type":"ContactPoint","telephone":"+3725204833","email":"info@championbaltics.com"},"openingHoursSpecification":[{"@type":"OpeningHoursSpecification","dayOfWeek":["Monday","Tuesday","Wednesday","Thursday","Friday","Saturday","Sunday"],"opens":"09:00","closes":"17:00"}],"email":"info@championbaltics.com","vatID":"EE102032772"},{"@type":"PostalAddress","@id":"https:\/\/championbaltics.com\/lt\/generatoriaus-galios-skaiciuokle\/#local-main-place-address","streetAddress":"P\u00e4rnu mnt 144","addressLocality":"Tallinn","postalCode":"11317","addressRegion":"Harju","addressCountry":"EE"},{"@type":"ImageObject","inLanguage":"lt-LT","@id":"https:\/\/championbaltics.com\/lt\/generatoriaus-galios-skaiciuokle\/#local-main-organization-logo","url":"https:\/\/championbaltics.com\/wp-content\/uploads\/2025\/08\/cropped-ChampionBalticsLogo.webp","contentUrl":"https:\/\/championbaltics.com\/wp-content\/uploads\/2025\/08\/cropped-ChampionBalticsLogo.webp","width":512,"height":512,"caption":"Champion Baltics"}]},"geo.placename":"Tallinn","geo.region":"Estonia"},"_links":{"self":[{"href":"https:\/\/championbaltics.com\/lt\/wp-json\/wp\/v2\/pages\/34428","targetHints":{"allow":["GET"]}}],"collection":[{"href":"https:\/\/championbaltics.com\/lt\/wp-json\/wp\/v2\/pages"}],"about":[{"href":"https:\/\/championbaltics.com\/lt\/wp-json\/wp\/v2\/types\/page"}],"author":[{"embeddable":true,"href":"https:\/\/championbaltics.com\/lt\/wp-json\/wp\/v2\/users\/3"}],"replies":[{"embeddable":true,"href":"https:\/\/championbaltics.com\/lt\/wp-json\/wp\/v2\/comments?post=34428"}],"version-history":[{"count":2,"href":"https:\/\/championbaltics.com\/lt\/wp-json\/wp\/v2\/pages\/34428\/revisions"}],"predecessor-version":[{"id":34430,"href":"https:\/\/championbaltics.com\/lt\/wp-json\/wp\/v2\/pages\/34428\/revisions\/34430"}],"wp:attachment":[{"href":"https:\/\/championbaltics.com\/lt\/wp-json\/wp\/v2\/media?parent=34428"}],"curies":[{"name":"wp","href":"https:\/\/api.w.org\/{rel}","templated":true}]}}