{"id":30614,"date":"2025-08-25T12:59:03","date_gmt":"2025-08-25T12:59:03","guid":{"rendered":"https:\/\/championbaltics.com\/toode\/champion-galingasis-3000-vatu-inverterinis-generatorius\/"},"modified":"2025-09-17T10:17:05","modified_gmt":"2025-09-17T10:17:05","slug":"champion-galingasis-3000-vatu-inverterinis-generatorius","status":"publish","type":"product","link":"https:\/\/championbaltics.com\/lt\/toode\/champion-galingasis-3000-vatu-inverterinis-generatorius\/","title":{"rendered":"Champion Atom Fusion 3000 vat\u0173 inverterinis generatorius"},"content":{"rendered":"<p><strong>Champion 3000 vat\u0173 inverterinis generatorius yra vienas lengviausi\u0173 pramon\u0117je, sveriantis tik 21,5 kg, tod\u0117l ne\u0161iojama galia tampa lengvesn\u0117 nei bet kada!<\/strong><\/p>\n<p>Pasikliaukite 149 cc varikliu. Lygiagre\u010di\u0173 jung\u010di\u0173 rinkinys (parduodamas atskirai) gali padidinti j\u016bs\u0173 i\u0161\u0117jimo gali\u0105. <\/p>\n<p>CO Shield\u00ae technologija stebi anglies monoksido (CO), nuoding\u0173 duj\u0173, susidaran\u010di\u0173 variklio i\u0161metamosiose dujose generatoriui veikiant, kaupim\u0105si. Jei CO Shield aptinka nesaugiai padid\u0117jusius CO duj\u0173 lygius, jis automati\u0161kai i\u0161jungia varikl\u012f. <\/p>\n<p>Su 3 met\u0173 garantija galite b\u016bti tikri d\u0117l kokyb\u0117s ir palaikymo.<\/p>\n<p class=\"h5\"><i class=\"fas fa-clipboard-check\"><\/i>Visi naujai pagaminti produktai atitinka ES V etapo reikalavimus.<\/p>\n","protected":false},"excerpt":{"rendered":"<p>ParaLink paruo\u0161tas. Geriausias galios ir svorio santykis savo klas\u0117je, svoris tik 21,5 kg.<\/p>\n<h4>Ypatyb\u0117s<\/h4>\n<ul>\n<li>Ypa\u010d lengvas, tik 21,5 kg<\/li>\n<li>CO Shield\u00ae saugos sistema<\/li>\n<li>Itin tylus, tik 58 dBA<\/li>\n<li>Tikros sinusin\u0117s bangos inverterio technologija<\/li>\n<li>Perkrovos apsauga<\/li>\n<li>Galima jungti lygiagre\u010diai su papildomu ParaLINK rinkiniu<\/li>\n<\/ul>\n","protected":false},"featured_media":30615,"comment_status":"open","ping_status":"closed","template":"","meta":[],"product_brand":[86],"product_cat":[144,246],"product_tag":[186,145],"class_list":{"0":"post-30614","1":"product","2":"type-product","3":"status-publish","4":"has-post-thumbnail","6":"product_brand-champion","7":"product_cat-benzininiai-generatoriai-benzino-generatoriai","8":"product_cat-inverterinis-generatorius","9":"product_tag-generatorius","10":"product_tag-keitiklio-generatorius","12":"first","13":"instock","14":"taxable","15":"shipping-taxable","16":"purchasable","17":"product-type-simple"},"yoast_head":"<!-- This site is optimized with the Yoast SEO Premium plugin v27.5 (Yoast SEO v27.5) - https:\/\/yoast.com\/product\/yoast-seo-premium-wordpress\/ -->\n<title>Champion Atom Fusion 3000 vat\u0173 inverterinis generatorius - Champion Baltics<\/title>\n<meta name=\"description\" content=\"Champion 3000W inverteris: 21.5kg, CO Shield\u00ae, lygiagretus, EU Stage V, 3m. garantija.\" \/>\n<meta name=\"robots\" content=\"index, follow, max-snippet:-1, max-image-preview:large, max-video-preview:-1\" \/>\n<link rel=\"canonical\" href=\"https:\/\/championbaltics.com\/lt\/toode\/champion-galingasis-3000-vatu-inverterinis-generatorius\/\" \/>\n<meta property=\"og:locale\" content=\"lt_LT\" \/>\n<meta property=\"og:type\" content=\"article\" \/>\n<meta property=\"og:title\" content=\"Champion Atom Fusion 3000 vat\u0173 inverterinis generatorius\" \/>\n<meta property=\"og:description\" content=\"Champion 3000W inverteris: 21.5kg, CO Shield\u00ae, lygiagretus, EU Stage V, 3m. garantija.\" \/>\n<meta property=\"og:url\" content=\"https:\/\/championbaltics.com\/lt\/toode\/champion-galingasis-3000-vatu-inverterinis-generatorius\/\" \/>\n<meta property=\"og:site_name\" content=\"Champion Baltics\" \/>\n<meta property=\"article:publisher\" content=\"https:\/\/facebook.com\/championbaltics\" \/>\n<meta property=\"article:modified_time\" content=\"2025-09-17T10:17:05+00:00\" \/>\n<meta property=\"og:image\" content=\"https:\/\/championbaltics.com\/wp-content\/uploads\/2025\/08\/CPE_93001i-EU_3-quarter-view-scaled.webp\" \/>\n\t<meta property=\"og:image:width\" content=\"2560\" \/>\n\t<meta property=\"og:image:height\" content=\"2476\" \/>\n\t<meta property=\"og:image:type\" content=\"image\/jpeg\" \/>\n<meta name=\"twitter:card\" content=\"summary_large_image\" \/>\n<meta name=\"twitter:label1\" content=\"Price\" \/>\n\t<meta name=\"twitter:data1\" content=\"999,00&nbsp;&euro;\" \/>\n\t<meta name=\"twitter:label2\" content=\"Availability\" \/>\n\t<meta name=\"twitter:data2\" content=\"In stock\" \/>\n<script type=\"application\/ld+json\" class=\"yoast-schema-graph\">{\"@context\":\"https:\\\/\\\/schema.org\",\"@graph\":[{\"@type\":\"WebPage\",\"@id\":\"https:\\\/\\\/championbaltics.com\\\/lt\\\/toode\\\/champion-galingasis-3000-vatu-inverterinis-generatorius\\\/\",\"url\":\"https:\\\/\\\/championbaltics.com\\\/lt\\\/toode\\\/champion-galingasis-3000-vatu-inverterinis-generatorius\\\/\",\"name\":\"Champion Atom Fusion 3000 vat\u0173 inverterinis generatorius - Champion Baltics\",\"isPartOf\":{\"@id\":\"https:\\\/\\\/championbaltics.com\\\/lt\\\/#website\"},\"primaryImageOfPage\":{\"@id\":\"https:\\\/\\\/championbaltics.com\\\/lt\\\/toode\\\/champion-galingasis-3000-vatu-inverterinis-generatorius\\\/#primaryimage\"},\"image\":{\"@id\":\"https:\\\/\\\/championbaltics.com\\\/lt\\\/toode\\\/champion-galingasis-3000-vatu-inverterinis-generatorius\\\/#primaryimage\"},\"thumbnailUrl\":\"https:\\\/\\\/championbaltics.com\\\/wp-content\\\/uploads\\\/2025\\\/08\\\/CPE_93001i-EU_3-quarter-view-scaled.webp\",\"datePublished\":\"2025-08-25T12:59:03+00:00\",\"dateModified\":\"2025-09-17T10:17:05+00:00\",\"description\":\"Champion 3000W inverteris: 21.5kg, CO Shield\u00ae, lygiagretus, EU Stage V, 3m. garantija.\",\"breadcrumb\":{\"@id\":\"https:\\\/\\\/championbaltics.com\\\/lt\\\/toode\\\/champion-galingasis-3000-vatu-inverterinis-generatorius\\\/#breadcrumb\"},\"inLanguage\":\"lt-LT\",\"potentialAction\":[{\"@type\":\"ReadAction\",\"target\":[\"https:\\\/\\\/championbaltics.com\\\/lt\\\/toode\\\/champion-galingasis-3000-vatu-inverterinis-generatorius\\\/\"]}]},{\"@type\":\"ImageObject\",\"inLanguage\":\"lt-LT\",\"@id\":\"https:\\\/\\\/championbaltics.com\\\/lt\\\/toode\\\/champion-galingasis-3000-vatu-inverterinis-generatorius\\\/#primaryimage\",\"url\":\"https:\\\/\\\/championbaltics.com\\\/wp-content\\\/uploads\\\/2025\\\/08\\\/CPE_93001i-EU_3-quarter-view-scaled.webp\",\"contentUrl\":\"https:\\\/\\\/championbaltics.com\\\/wp-content\\\/uploads\\\/2025\\\/08\\\/CPE_93001i-EU_3-quarter-view-scaled.webp\",\"width\":2560,\"height\":2476},{\"@type\":\"BreadcrumbList\",\"@id\":\"https:\\\/\\\/championbaltics.com\\\/lt\\\/toode\\\/champion-galingasis-3000-vatu-inverterinis-generatorius\\\/#breadcrumb\",\"itemListElement\":[{\"@type\":\"ListItem\",\"position\":1,\"name\":\"Home\",\"item\":\"https:\\\/\\\/championbaltics.com\\\/lt\\\/\"},{\"@type\":\"ListItem\",\"position\":2,\"name\":\"Parduotuv\u0117\",\"item\":\"https:\\\/\\\/championbaltics.com\\\/lt\\\/parduotuve\\\/\"},{\"@type\":\"ListItem\",\"position\":3,\"name\":\"Champion Atom Fusion 3000 vat\u0173 inverterinis generatorius\"}]},{\"@type\":\"WebSite\",\"@id\":\"https:\\\/\\\/championbaltics.com\\\/lt\\\/#website\",\"url\":\"https:\\\/\\\/championbaltics.com\\\/lt\\\/\",\"name\":\"Champion Baltics\",\"description\":\"Power equipments\",\"publisher\":{\"@id\":\"https:\\\/\\\/championbaltics.com\\\/lt\\\/#organization\"},\"alternateName\":\"Champion Power Equipment\",\"potentialAction\":[{\"@type\":\"SearchAction\",\"target\":{\"@type\":\"EntryPoint\",\"urlTemplate\":\"https:\\\/\\\/championbaltics.com\\\/lt\\\/?s={search_term_string}\"},\"query-input\":{\"@type\":\"PropertyValueSpecification\",\"valueRequired\":true,\"valueName\":\"search_term_string\"}}],\"inLanguage\":\"lt-LT\"},{\"@type\":[\"Organization\",\"Place\"],\"@id\":\"https:\\\/\\\/championbaltics.com\\\/lt\\\/#organization\",\"name\":\"Champion Baltics\",\"alternateName\":\"Champion Power Equipment\",\"url\":\"https:\\\/\\\/championbaltics.com\\\/lt\\\/\",\"logo\":{\"@id\":\"https:\\\/\\\/championbaltics.com\\\/lt\\\/toode\\\/champion-galingasis-3000-vatu-inverterinis-generatorius\\\/#local-main-organization-logo\"},\"image\":{\"@id\":\"https:\\\/\\\/championbaltics.com\\\/lt\\\/toode\\\/champion-galingasis-3000-vatu-inverterinis-generatorius\\\/#local-main-organization-logo\"},\"sameAs\":[\"https:\\\/\\\/facebook.com\\\/championbaltics\"],\"description\":\"Champion power equipment representer of State of Baltics\",\"legalName\":\"T.O Engineering LLC\",\"foundingDate\":\"2015-01-07\",\"numberOfEmployees\":{\"@type\":\"QuantitativeValue\",\"minValue\":\"1\",\"maxValue\":\"10\"},\"hasMerchantReturnPolicy\":{\"@type\":\"MerchantReturnPolicy\",\"merchantReturnLink\":\"https:\\\/\\\/championbaltics.com\\\/refund_returns\\\/\"},\"address\":{\"@id\":\"https:\\\/\\\/championbaltics.com\\\/lt\\\/toode\\\/champion-galingasis-3000-vatu-inverterinis-generatorius\\\/#local-main-place-address\"},\"telephone\":[],\"contactPoint\":{\"@type\":\"ContactPoint\",\"telephone\":\"+3725204833\",\"email\":\"info@championbaltics.com\"},\"openingHoursSpecification\":[{\"@type\":\"OpeningHoursSpecification\",\"dayOfWeek\":[\"Monday\",\"Tuesday\",\"Wednesday\",\"Thursday\",\"Friday\",\"Saturday\",\"Sunday\"],\"opens\":\"09:00\",\"closes\":\"17:00\"}],\"email\":\"info@championbaltics.com\",\"vatID\":\"EE102032772\"},{\"@type\":\"PostalAddress\",\"@id\":\"https:\\\/\\\/championbaltics.com\\\/lt\\\/toode\\\/champion-galingasis-3000-vatu-inverterinis-generatorius\\\/#local-main-place-address\",\"streetAddress\":\"P\u00e4rnu mnt 144\",\"addressLocality\":\"Tallinn\",\"postalCode\":\"11317\",\"addressRegion\":\"Harju\",\"addressCountry\":\"EE\"},{\"@type\":\"ImageObject\",\"inLanguage\":\"lt-LT\",\"@id\":\"https:\\\/\\\/championbaltics.com\\\/lt\\\/toode\\\/champion-galingasis-3000-vatu-inverterinis-generatorius\\\/#local-main-organization-logo\",\"url\":\"https:\\\/\\\/championbaltics.com\\\/wp-content\\\/uploads\\\/2025\\\/08\\\/cropped-ChampionBalticsLogo.webp\",\"contentUrl\":\"https:\\\/\\\/championbaltics.com\\\/wp-content\\\/uploads\\\/2025\\\/08\\\/cropped-ChampionBalticsLogo.webp\",\"width\":512,\"height\":512,\"caption\":\"Champion Baltics\"}]}<\/script>\n<meta property=\"product:brand\" content=\"Champion\" \/>\n<meta property=\"product:price:amount\" content=\"999.00\" \/>\n<meta property=\"product:price:currency\" content=\"EUR\" \/>\n<meta property=\"og:availability\" content=\"instock\" \/>\n<meta property=\"product:availability\" content=\"instock\" \/>\n<meta property=\"product:retailer_item_id\" content=\"93001i-EU-SC\" \/>\n<meta property=\"product:condition\" content=\"new\" \/>\n<meta name=\"geo.placename\" content=\"Tallinn\" \/>\n<meta name=\"geo.region\" content=\"Estonia\" \/>\n<!-- \/ Yoast SEO Premium plugin. -->","yoast_head_json":{"title":"Champion Atom Fusion 3000 vat\u0173 inverterinis generatorius - Champion Baltics","description":"Champion 3000W inverteris: 21.5kg, CO Shield\u00ae, lygiagretus, EU Stage V, 3m. garantija.","robots":{"index":"index","follow":"follow","max-snippet":"max-snippet:-1","max-image-preview":"max-image-preview:large","max-video-preview":"max-video-preview:-1"},"canonical":"https:\/\/championbaltics.com\/lt\/toode\/champion-galingasis-3000-vatu-inverterinis-generatorius\/","og_locale":"lt_LT","og_type":"article","og_title":"Champion Atom Fusion 3000 vat\u0173 inverterinis generatorius","og_description":"Champion 3000W inverteris: 21.5kg, CO Shield\u00ae, lygiagretus, EU Stage V, 3m. garantija.","og_url":"https:\/\/championbaltics.com\/lt\/toode\/champion-galingasis-3000-vatu-inverterinis-generatorius\/","og_site_name":"Champion Baltics","article_publisher":"https:\/\/facebook.com\/championbaltics","article_modified_time":"2025-09-17T10:17:05+00:00","og_image":[{"width":2560,"height":2476,"url":"https:\/\/championbaltics.com\/wp-content\/uploads\/2025\/08\/CPE_93001i-EU_3-quarter-view-scaled.webp","type":"image\/jpeg"}],"twitter_card":"summary_large_image","twitter_misc":{"Price":"999,00&nbsp;&euro;","Availability":"In stock"},"schema":{"@context":"https:\/\/schema.org","@graph":[{"@type":"WebPage","@id":"https:\/\/championbaltics.com\/lt\/toode\/champion-galingasis-3000-vatu-inverterinis-generatorius\/","url":"https:\/\/championbaltics.com\/lt\/toode\/champion-galingasis-3000-vatu-inverterinis-generatorius\/","name":"Champion Atom Fusion 3000 vat\u0173 inverterinis generatorius - Champion Baltics","isPartOf":{"@id":"https:\/\/championbaltics.com\/lt\/#website"},"primaryImageOfPage":{"@id":"https:\/\/championbaltics.com\/lt\/toode\/champion-galingasis-3000-vatu-inverterinis-generatorius\/#primaryimage"},"image":{"@id":"https:\/\/championbaltics.com\/lt\/toode\/champion-galingasis-3000-vatu-inverterinis-generatorius\/#primaryimage"},"thumbnailUrl":"https:\/\/championbaltics.com\/wp-content\/uploads\/2025\/08\/CPE_93001i-EU_3-quarter-view-scaled.webp","datePublished":"2025-08-25T12:59:03+00:00","dateModified":"2025-09-17T10:17:05+00:00","description":"Champion 3000W inverteris: 21.5kg, CO Shield\u00ae, lygiagretus, EU Stage V, 3m. garantija.","breadcrumb":{"@id":"https:\/\/championbaltics.com\/lt\/toode\/champion-galingasis-3000-vatu-inverterinis-generatorius\/#breadcrumb"},"inLanguage":"lt-LT","potentialAction":[{"@type":"ReadAction","target":["https:\/\/championbaltics.com\/lt\/toode\/champion-galingasis-3000-vatu-inverterinis-generatorius\/"]}]},{"@type":"ImageObject","inLanguage":"lt-LT","@id":"https:\/\/championbaltics.com\/lt\/toode\/champion-galingasis-3000-vatu-inverterinis-generatorius\/#primaryimage","url":"https:\/\/championbaltics.com\/wp-content\/uploads\/2025\/08\/CPE_93001i-EU_3-quarter-view-scaled.webp","contentUrl":"https:\/\/championbaltics.com\/wp-content\/uploads\/2025\/08\/CPE_93001i-EU_3-quarter-view-scaled.webp","width":2560,"height":2476},{"@type":"BreadcrumbList","@id":"https:\/\/championbaltics.com\/lt\/toode\/champion-galingasis-3000-vatu-inverterinis-generatorius\/#breadcrumb","itemListElement":[{"@type":"ListItem","position":1,"name":"Home","item":"https:\/\/championbaltics.com\/lt\/"},{"@type":"ListItem","position":2,"name":"Parduotuv\u0117","item":"https:\/\/championbaltics.com\/lt\/parduotuve\/"},{"@type":"ListItem","position":3,"name":"Champion Atom Fusion 3000 vat\u0173 inverterinis generatorius"}]},{"@type":"WebSite","@id":"https:\/\/championbaltics.com\/lt\/#website","url":"https:\/\/championbaltics.com\/lt\/","name":"Champion Baltics","description":"Power equipments","publisher":{"@id":"https:\/\/championbaltics.com\/lt\/#organization"},"alternateName":"Champion Power Equipment","potentialAction":[{"@type":"SearchAction","target":{"@type":"EntryPoint","urlTemplate":"https:\/\/championbaltics.com\/lt\/?s={search_term_string}"},"query-input":{"@type":"PropertyValueSpecification","valueRequired":true,"valueName":"search_term_string"}}],"inLanguage":"lt-LT"},{"@type":["Organization","Place"],"@id":"https:\/\/championbaltics.com\/lt\/#organization","name":"Champion Baltics","alternateName":"Champion Power Equipment","url":"https:\/\/championbaltics.com\/lt\/","logo":{"@id":"https:\/\/championbaltics.com\/lt\/toode\/champion-galingasis-3000-vatu-inverterinis-generatorius\/#local-main-organization-logo"},"image":{"@id":"https:\/\/championbaltics.com\/lt\/toode\/champion-galingasis-3000-vatu-inverterinis-generatorius\/#local-main-organization-logo"},"sameAs":["https:\/\/facebook.com\/championbaltics"],"description":"Champion power equipment representer of State of Baltics","legalName":"T.O Engineering LLC","foundingDate":"2015-01-07","numberOfEmployees":{"@type":"QuantitativeValue","minValue":"1","maxValue":"10"},"hasMerchantReturnPolicy":{"@type":"MerchantReturnPolicy","merchantReturnLink":"https:\/\/championbaltics.com\/refund_returns\/"},"address":{"@id":"https:\/\/championbaltics.com\/lt\/toode\/champion-galingasis-3000-vatu-inverterinis-generatorius\/#local-main-place-address"},"telephone":[],"contactPoint":{"@type":"ContactPoint","telephone":"+3725204833","email":"info@championbaltics.com"},"openingHoursSpecification":[{"@type":"OpeningHoursSpecification","dayOfWeek":["Monday","Tuesday","Wednesday","Thursday","Friday","Saturday","Sunday"],"opens":"09:00","closes":"17:00"}],"email":"info@championbaltics.com","vatID":"EE102032772"},{"@type":"PostalAddress","@id":"https:\/\/championbaltics.com\/lt\/toode\/champion-galingasis-3000-vatu-inverterinis-generatorius\/#local-main-place-address","streetAddress":"P\u00e4rnu mnt 144","addressLocality":"Tallinn","postalCode":"11317","addressRegion":"Harju","addressCountry":"EE"},{"@type":"ImageObject","inLanguage":"lt-LT","@id":"https:\/\/championbaltics.com\/lt\/toode\/champion-galingasis-3000-vatu-inverterinis-generatorius\/#local-main-organization-logo","url":"https:\/\/championbaltics.com\/wp-content\/uploads\/2025\/08\/cropped-ChampionBalticsLogo.webp","contentUrl":"https:\/\/championbaltics.com\/wp-content\/uploads\/2025\/08\/cropped-ChampionBalticsLogo.webp","width":512,"height":512,"caption":"Champion Baltics"}]},"product_brand":"Champion","product_price_amount":"999.00","product_price_currency":"EUR","og_availability":"instock","product_availability":"instock","product_retailer_item_id":"93001i-EU-SC","product_condition":"new","geo.placename":"Tallinn","geo.region":"Estonia"},"_links":{"self":[{"href":"https:\/\/championbaltics.com\/lt\/wp-json\/wp\/v2\/product\/30614","targetHints":{"allow":["GET"]}}],"collection":[{"href":"https:\/\/championbaltics.com\/lt\/wp-json\/wp\/v2\/product"}],"about":[{"href":"https:\/\/championbaltics.com\/lt\/wp-json\/wp\/v2\/types\/product"}],"replies":[{"embeddable":true,"href":"https:\/\/championbaltics.com\/lt\/wp-json\/wp\/v2\/comments?post=30614"}],"version-history":[{"count":3,"href":"https:\/\/championbaltics.com\/lt\/wp-json\/wp\/v2\/product\/30614\/revisions"}],"predecessor-version":[{"id":32071,"href":"https:\/\/championbaltics.com\/lt\/wp-json\/wp\/v2\/product\/30614\/revisions\/32071"}],"wp:featuredmedia":[{"embeddable":true,"href":"https:\/\/championbaltics.com\/lt\/wp-json\/wp\/v2\/media\/30615"}],"wp:attachment":[{"href":"https:\/\/championbaltics.com\/lt\/wp-json\/wp\/v2\/media?parent=30614"}],"wp:term":[{"taxonomy":"product_brand","embeddable":true,"href":"https:\/\/championbaltics.com\/lt\/wp-json\/wp\/v2\/product_brand?post=30614"},{"taxonomy":"product_cat","embeddable":true,"href":"https:\/\/championbaltics.com\/lt\/wp-json\/wp\/v2\/product_cat?post=30614"},{"taxonomy":"product_tag","embeddable":true,"href":"https:\/\/championbaltics.com\/lt\/wp-json\/wp\/v2\/product_tag?post=30614"}],"curies":[{"name":"wp","href":"https:\/\/api.w.org\/{rel}","templated":true}]}}