{"id":30987,"date":"2025-08-26T09:54:38","date_gmt":"2025-08-26T09:54:38","guid":{"rendered":"https:\/\/championbaltics.com\/toode\/champion-3600-vatu-inverterinis-generatorius\/"},"modified":"2026-04-28T13:56:29","modified_gmt":"2026-04-28T13:56:29","slug":"champion-3600-vatu-inverterinis-generatorius","status":"publish","type":"product","link":"https:\/\/championbaltics.com\/lt\/toode\/champion-3600-vatu-inverterinis-generatorius\/","title":{"rendered":"Champion 3600 vat\u0173 inverterinis generatorius"},"content":{"rendered":"<h1>Champion 3600 vat\u0173 inverterinis generatorius APEX<\/h1>\n<p><span dir=\"auto\">\u201eChampion APEX 500987-EU-SC\u201c yra galingas ir tylus inverterinis generatorius, nuolat generuojantis 3500 vat\u0173 gali\u0105 ir pasiekiantis maksimali\u0105 4500 vat\u0173 gali\u0105. Naudodami pridedam\u0105 nuotolinio valdymo pult\u0105, \u012frengin\u012f galite \u012fjungti ir i\u0161jungti iki 25 metr\u0173 atstumu.<\/span><\/p>\n<p><span dir=\"auto\">\u0160is generatorius turi 8,7 litro degal\u0173 bak\u0105, kuris leid\u017eia j\u012f naudoti iki 14 valand\u0173 esant 25 % apkrovai. Ekonominio re\u017eimo funkcija optimizuoja degal\u0173 s\u0105naudas, o gryna sinusoid\u0117s \u012ftampa leid\u017eia j\u012f saugiai naudoti su jautria \u012franga, pavyzd\u017eiui, kompiuteriais ir kita jautria elektronika. <\/span><\/p>\n<p><span dir=\"auto\">Modelis taip pat pasi\u017eymi unikaliu 15 sekund\u017ei\u0173 maitinimo u\u017edelsimu u\u017evedant ir sustabdant, apsaugan\u010diu jautri\u0105 \u012frang\u0105 nuo \u012ftampos \u0161uoli\u0173. Galingas 212cc \u201eChampion OHV\u201c variklis apr\u016bpintas alyvos apsauga, kuri automati\u0161kai i\u0161jungia varikl\u012f, jei alyvos lygis per \u017eemas. Jis taip pat turi lygiagretaus jungimo parinkt\u012f, leid\u017eian\u010di\u0105 j\u012f prijungti prie kito pana\u0161aus arba kito \u201eChampion\u201c inverterinio generatoriaus, kad b\u016bt\u0173 gauta papildoma galia.  <\/span><\/p>\n<p><span dir=\"auto\">Puikiai tinka stovyklavimui, med\u017eioklei, kelion\u0117ms, renginiams ir lengviems darbams namuose. \u012emontuota U formos rankena ir ratukai leid\u017eia lengvai transportuoti ir laikyti \u012frengin\u012f. <\/span><\/p>\n<p><span dir=\"auto\">\u201eChampion APEX\u201c atitinka reikalavimus ir yra sertifikuota EURO5 standarto \u2013 su 3 met\u0173 garantija!<\/span><\/p>\n","protected":false},"excerpt":{"rendered":"<p>Savyb\u0117s:<\/p>\n<div class=\"jet-listing-grid__item jet-listing-dynamic-post-3737\" data-post-id=\"3737\">\n<div class=\"elementor elementor-2932\" data-elementor-type=\"jet-listing-items\" data-elementor-id=\"2932\" data-elementor-post-type=\"jet-engine\">\n<div class=\"elementor-element elementor-element-f363238 e-flex e-con-boxed e-con e-parent e-lazyloaded\" data-id=\"f363238\" data-element_type=\"container\" data-e-type=\"container\" data-settings=\"{\"jet_parallax_layout_list\":[]}\">\n<div class=\"e-con-inner\">\n<div class=\"elementor-element elementor-element-9e57bf1 elementor-widget elementor-widget-jet-listing-dynamic-field\" data-id=\"9e57bf1\" data-element_type=\"widget\" data-e-type=\"widget\" data-widget_type=\"jet-listing-dynamic-field.default\">\n<div class=\"elementor-widget-container\">\n<div class=\"jet-listing jet-listing-dynamic-field display-inline\">\n<div class=\"jet-listing-dynamic-field__inline-wrap\">\n<div class=\"jet-listing-dynamic-field__content\"><span dir=\"auto\">BELAIDIS PRAD\u017dIA \u2013 iki 25 metr\u0173 atstumu<\/span><\/div>\n<\/div>\n<\/div>\n<\/div>\n<\/div>\n<\/div>\n<\/div>\n<\/div>\n<\/div>\n<div class=\"jet-listing-grid__item jet-listing-dynamic-post-3737\" data-post-id=\"3737\">\n<div class=\"elementor elementor-2932\" data-elementor-type=\"jet-listing-items\" data-elementor-id=\"2932\" data-elementor-post-type=\"jet-engine\">\n<div class=\"elementor-element elementor-element-f363238 e-flex e-con-boxed e-con e-parent e-lazyloaded\" data-id=\"f363238\" data-element_type=\"container\" data-e-type=\"container\" data-settings=\"{\"jet_parallax_layout_list\":[]}\">\n<div class=\"e-con-inner\">\n<div class=\"elementor-element elementor-element-9e57bf1 elementor-widget elementor-widget-jet-listing-dynamic-field\" data-id=\"9e57bf1\" data-element_type=\"widget\" data-e-type=\"widget\" data-widget_type=\"jet-listing-dynamic-field.default\">\n<div class=\"elementor-widget-container\">\n<div class=\"jet-listing jet-listing-dynamic-field display-inline\">\n<div class=\"jet-listing-dynamic-field__inline-wrap\">\n<div class=\"jet-listing-dynamic-field__icon is-svg-icon\"><\/div>\n<div class=\"jet-listing-dynamic-field__content\"><span dir=\"auto\">\u0160VARI ELEKTRA \u2013 gryna sinusin\u0117 banga jautriems elektros prietaisams<\/span><\/div>\n<\/div>\n<\/div>\n<\/div>\n<\/div>\n<\/div>\n<\/div>\n<\/div>\n<\/div>\n<div class=\"jet-listing-grid__item jet-listing-dynamic-post-3737\" data-post-id=\"3737\">\n<div class=\"elementor elementor-2932\" data-elementor-type=\"jet-listing-items\" data-elementor-id=\"2932\" data-elementor-post-type=\"jet-engine\">\n<div class=\"elementor-element elementor-element-f363238 e-flex e-con-boxed e-con e-parent e-lazyloaded\" data-id=\"f363238\" data-element_type=\"container\" data-e-type=\"container\" data-settings=\"{\"jet_parallax_layout_list\":[]}\">\n<div class=\"e-con-inner\">\n<div class=\"elementor-element elementor-element-9e57bf1 elementor-widget elementor-widget-jet-listing-dynamic-field\" data-id=\"9e57bf1\" data-element_type=\"widget\" data-e-type=\"widget\" data-widget_type=\"jet-listing-dynamic-field.default\">\n<div class=\"elementor-widget-container\">\n<div class=\"jet-listing jet-listing-dynamic-field display-inline\">\n<div class=\"jet-listing-dynamic-field__inline-wrap\">\n<div class=\"jet-listing-dynamic-field__icon is-svg-icon\"><\/div>\n<div class=\"jet-listing-dynamic-field__content\"><span dir=\"auto\">YPATINGAI TYLUS \u2013 Ma\u017eas triuk\u0161mo lygis, didelis na\u0161umas<\/span><\/div>\n<\/div>\n<\/div>\n<\/div>\n<\/div>\n<\/div>\n<\/div>\n<\/div>\n<\/div>\n<div class=\"jet-listing-grid__item jet-listing-dynamic-post-3737\" data-post-id=\"3737\">\n<div class=\"elementor elementor-2932\" data-elementor-type=\"jet-listing-items\" data-elementor-id=\"2932\" data-elementor-post-type=\"jet-engine\">\n<div class=\"elementor-element elementor-element-f363238 e-flex e-con-boxed e-con e-parent e-lazyloaded\" data-id=\"f363238\" data-element_type=\"container\" data-e-type=\"container\" data-settings=\"{\"jet_parallax_layout_list\":[]}\">\n<div class=\"e-con-inner\">\n<div class=\"elementor-element elementor-element-9e57bf1 elementor-widget elementor-widget-jet-listing-dynamic-field\" data-id=\"9e57bf1\" data-element_type=\"widget\" data-e-type=\"widget\" data-widget_type=\"jet-listing-dynamic-field.default\">\n<div class=\"elementor-widget-container\">\n<div class=\"jet-listing jet-listing-dynamic-field display-inline\">\n<div class=\"jet-listing-dynamic-field__inline-wrap\">\n<div class=\"jet-listing-dynamic-field__icon is-svg-icon\"><\/div>\n<div class=\"jet-listing-dynamic-field__content\"><span dir=\"auto\">EZ START FUNKCIJA \u2013 Lengvas ir sklandus variklio u\u017evedimas<\/span><\/div>\n<\/div>\n<\/div>\n<\/div>\n<\/div>\n<\/div>\n<\/div>\n<\/div>\n<\/div>\n<div class=\"jet-listing-grid__item jet-listing-dynamic-post-3737\" data-post-id=\"3737\">\n<div class=\"elementor elementor-2932\" data-elementor-type=\"jet-listing-items\" data-elementor-id=\"2932\" data-elementor-post-type=\"jet-engine\">\n<div class=\"elementor-element elementor-element-f363238 e-flex e-con-boxed e-con e-parent e-lazyloaded\" data-id=\"f363238\" data-element_type=\"container\" data-e-type=\"container\" data-settings=\"{\"jet_parallax_layout_list\":[]}\">\n<div class=\"e-con-inner\">\n<div class=\"elementor-element elementor-element-9e57bf1 elementor-widget elementor-widget-jet-listing-dynamic-field\" data-id=\"9e57bf1\" data-element_type=\"widget\" data-e-type=\"widget\" data-widget_type=\"jet-listing-dynamic-field.default\">\n<div class=\"elementor-widget-container\">\n<div class=\"jet-listing jet-listing-dynamic-field display-inline\">\n<div class=\"jet-listing-dynamic-field__inline-wrap\">\n<div class=\"jet-listing-dynamic-field__icon is-svg-icon\"><\/div>\n<div class=\"jet-listing-dynamic-field__content\"><span dir=\"auto\">LYGIAGREGIAMAS \u2013 paruo\u0161tas \u201eParaLink\u201c. Prijunkite 2 \u012frenginius, kad gautum\u0117te papildomos galios. <\/span><\/div>\n<\/div>\n<\/div>\n<\/div>\n<\/div>\n<\/div>\n<\/div>\n<\/div>\n<\/div>\n<div class=\"jet-listing-grid__item jet-listing-dynamic-post-3737\" data-post-id=\"3737\">\n<div class=\"elementor elementor-2932\" data-elementor-type=\"jet-listing-items\" data-elementor-id=\"2932\" data-elementor-post-type=\"jet-engine\">\n<div class=\"elementor-element elementor-element-f363238 e-flex e-con-boxed e-con e-parent e-lazyloaded\" data-id=\"f363238\" data-element_type=\"container\" data-e-type=\"container\" data-settings=\"{\"jet_parallax_layout_list\":[]}\">\n<div class=\"e-con-inner\">\n<div class=\"elementor-element elementor-element-9e57bf1 elementor-widget elementor-widget-jet-listing-dynamic-field\" data-id=\"9e57bf1\" data-element_type=\"widget\" data-e-type=\"widget\" data-widget_type=\"jet-listing-dynamic-field.default\">\n<div class=\"elementor-widget-container\">\n<div class=\"jet-listing jet-listing-dynamic-field display-inline\">\n<div class=\"jet-listing-dynamic-field__inline-wrap\">\n<div class=\"jet-listing-dynamic-field__icon is-svg-icon\"><\/div>\n<div class=\"jet-listing-dynamic-field__content\"><span dir=\"auto\">LENGVAS NAUDOTI LED EKRANAS \u2013 rodo energijos suvartojim\u0105 nuo 0 iki 100 %<\/span><\/div>\n<\/div>\n<\/div>\n<\/div>\n<\/div>\n<\/div>\n<\/div>\n<\/div>\n<\/div>\n","protected":false},"featured_media":30988,"comment_status":"open","ping_status":"closed","template":"","meta":[],"product_brand":[],"product_cat":[144,246],"product_tag":[186,145],"class_list":{"0":"post-30987","1":"product","2":"type-product","3":"status-publish","4":"has-post-thumbnail","6":"product_cat-benzininiai-generatoriai-benzino-generatoriai","7":"product_cat-inverterinis-generatorius","8":"product_tag-generatorius","9":"product_tag-keitiklio-generatorius","11":"first","12":"instock","13":"taxable","14":"shipping-taxable","15":"purchasable","16":"product-type-simple"},"yoast_head":"<!-- This site is optimized with the Yoast SEO Premium plugin v27.4 (Yoast SEO v27.4) - https:\/\/yoast.com\/product\/yoast-seo-premium-wordpress\/ -->\n<title>Champion 3600 vat\u0173 inverterinis generatorius - Champion Baltics<\/title>\n<meta name=\"description\" content=\"\u201eChampion 3600\u201c inverterinis generatorius, belaidis paleidimas iki 25 m atstumu. Gryna sinusin\u0117 banga, ma\u017eas triuk\u0161mo lygis, \u0161altasis paleidimas, paruo\u0161tas \u201eParaLink\u201c ry\u0161iui ir lengvai naudojamas LED ekranas.\" \/>\n<meta name=\"robots\" content=\"index, follow, max-snippet:-1, max-image-preview:large, max-video-preview:-1\" \/>\n<link rel=\"canonical\" href=\"https:\/\/championbaltics.com\/lt\/toode\/champion-3600-vatu-inverterinis-generatorius\/\" \/>\n<meta property=\"og:locale\" content=\"lt_LT\" \/>\n<meta property=\"og:type\" content=\"article\" \/>\n<meta property=\"og:title\" content=\"Champion 3600 vat\u0173 inverterinis generatorius\" \/>\n<meta property=\"og:description\" content=\"\u201eChampion 3600\u201c inverterinis generatorius, belaidis paleidimas iki 25 m atstumu. Gryna sinusin\u0117 banga, ma\u017eas triuk\u0161mo lygis, \u0161altasis paleidimas, paruo\u0161tas \u201eParaLink\u201c ry\u0161iui ir lengvai naudojamas LED ekranas.\" \/>\n<meta property=\"og:url\" content=\"https:\/\/championbaltics.com\/lt\/toode\/champion-3600-vatu-inverterinis-generatorius\/\" \/>\n<meta property=\"og:site_name\" content=\"Champion Baltics\" \/>\n<meta property=\"article:publisher\" content=\"https:\/\/facebook.com\/championbaltics\" \/>\n<meta property=\"article:modified_time\" content=\"2026-04-28T13:56:29+00:00\" \/>\n<meta property=\"og:image\" content=\"https:\/\/championbaltics.com\/wp-content\/uploads\/2025\/08\/500987-EU-SC-Champion-3.webp\" \/>\n\t<meta property=\"og:image:width\" content=\"2560\" \/>\n\t<meta property=\"og:image:height\" content=\"2560\" \/>\n\t<meta property=\"og:image:type\" content=\"image\/jpeg\" \/>\n<meta name=\"twitter:card\" content=\"summary_large_image\" \/>\n<meta name=\"twitter:label1\" content=\"Price\" \/>\n\t<meta name=\"twitter:data1\" content=\"1 399,00&nbsp;&euro;\" \/>\n\t<meta name=\"twitter:label2\" content=\"Availability\" \/>\n\t<meta name=\"twitter:data2\" content=\"In stock\" \/>\n<script type=\"application\/ld+json\" class=\"yoast-schema-graph\">{\"@context\":\"https:\\\/\\\/schema.org\",\"@graph\":[{\"@type\":\"WebPage\",\"@id\":\"https:\\\/\\\/championbaltics.com\\\/lt\\\/toode\\\/champion-3600-vatu-inverterinis-generatorius\\\/\",\"url\":\"https:\\\/\\\/championbaltics.com\\\/lt\\\/toode\\\/champion-3600-vatu-inverterinis-generatorius\\\/\",\"name\":\"Champion 3600 vat\u0173 inverterinis generatorius - Champion Baltics\",\"isPartOf\":{\"@id\":\"https:\\\/\\\/championbaltics.com\\\/lt\\\/#website\"},\"primaryImageOfPage\":{\"@id\":\"https:\\\/\\\/championbaltics.com\\\/lt\\\/toode\\\/champion-3600-vatu-inverterinis-generatorius\\\/#primaryimage\"},\"image\":{\"@id\":\"https:\\\/\\\/championbaltics.com\\\/lt\\\/toode\\\/champion-3600-vatu-inverterinis-generatorius\\\/#primaryimage\"},\"thumbnailUrl\":\"https:\\\/\\\/championbaltics.com\\\/wp-content\\\/uploads\\\/2025\\\/08\\\/500987-EU-SC-Champion-3.webp\",\"datePublished\":\"2025-08-26T09:54:38+00:00\",\"dateModified\":\"2026-04-28T13:56:29+00:00\",\"description\":\"\u201eChampion 3600\u201c inverterinis generatorius, belaidis paleidimas iki 25 m atstumu. Gryna sinusin\u0117 banga, ma\u017eas triuk\u0161mo lygis, \u0161altasis paleidimas, paruo\u0161tas \u201eParaLink\u201c ry\u0161iui ir lengvai naudojamas LED ekranas.\",\"breadcrumb\":{\"@id\":\"https:\\\/\\\/championbaltics.com\\\/lt\\\/toode\\\/champion-3600-vatu-inverterinis-generatorius\\\/#breadcrumb\"},\"inLanguage\":\"lt-LT\",\"potentialAction\":[{\"@type\":\"ReadAction\",\"target\":[\"https:\\\/\\\/championbaltics.com\\\/lt\\\/toode\\\/champion-3600-vatu-inverterinis-generatorius\\\/\"]}]},{\"@type\":\"ImageObject\",\"inLanguage\":\"lt-LT\",\"@id\":\"https:\\\/\\\/championbaltics.com\\\/lt\\\/toode\\\/champion-3600-vatu-inverterinis-generatorius\\\/#primaryimage\",\"url\":\"https:\\\/\\\/championbaltics.com\\\/wp-content\\\/uploads\\\/2025\\\/08\\\/500987-EU-SC-Champion-3.webp\",\"contentUrl\":\"https:\\\/\\\/championbaltics.com\\\/wp-content\\\/uploads\\\/2025\\\/08\\\/500987-EU-SC-Champion-3.webp\",\"width\":2560,\"height\":2560},{\"@type\":\"BreadcrumbList\",\"@id\":\"https:\\\/\\\/championbaltics.com\\\/lt\\\/toode\\\/champion-3600-vatu-inverterinis-generatorius\\\/#breadcrumb\",\"itemListElement\":[{\"@type\":\"ListItem\",\"position\":1,\"name\":\"Home\",\"item\":\"https:\\\/\\\/championbaltics.com\\\/lt\\\/\"},{\"@type\":\"ListItem\",\"position\":2,\"name\":\"Parduotuv\u0117\",\"item\":\"https:\\\/\\\/championbaltics.com\\\/lt\\\/parduotuve\\\/\"},{\"@type\":\"ListItem\",\"position\":3,\"name\":\"Champion 3600 vat\u0173 inverterinis generatorius\"}]},{\"@type\":\"WebSite\",\"@id\":\"https:\\\/\\\/championbaltics.com\\\/lt\\\/#website\",\"url\":\"https:\\\/\\\/championbaltics.com\\\/lt\\\/\",\"name\":\"Champion Baltics\",\"description\":\"Power equipments\",\"publisher\":{\"@id\":\"https:\\\/\\\/championbaltics.com\\\/lt\\\/#organization\"},\"alternateName\":\"Champion Power Equipment\",\"potentialAction\":[{\"@type\":\"SearchAction\",\"target\":{\"@type\":\"EntryPoint\",\"urlTemplate\":\"https:\\\/\\\/championbaltics.com\\\/lt\\\/?s={search_term_string}\"},\"query-input\":{\"@type\":\"PropertyValueSpecification\",\"valueRequired\":true,\"valueName\":\"search_term_string\"}}],\"inLanguage\":\"lt-LT\"},{\"@type\":[\"Organization\",\"Place\"],\"@id\":\"https:\\\/\\\/championbaltics.com\\\/lt\\\/#organization\",\"name\":\"Champion Baltics\",\"alternateName\":\"Champion Power Equipment\",\"url\":\"https:\\\/\\\/championbaltics.com\\\/lt\\\/\",\"logo\":{\"@id\":\"https:\\\/\\\/championbaltics.com\\\/lt\\\/toode\\\/champion-3600-vatu-inverterinis-generatorius\\\/#local-main-organization-logo\"},\"image\":{\"@id\":\"https:\\\/\\\/championbaltics.com\\\/lt\\\/toode\\\/champion-3600-vatu-inverterinis-generatorius\\\/#local-main-organization-logo\"},\"sameAs\":[\"https:\\\/\\\/facebook.com\\\/championbaltics\"],\"description\":\"Champion power equipment representer of State of Baltics\",\"legalName\":\"T.O Engineering LLC\",\"foundingDate\":\"2015-01-07\",\"numberOfEmployees\":{\"@type\":\"QuantitativeValue\",\"minValue\":\"1\",\"maxValue\":\"10\"},\"hasMerchantReturnPolicy\":{\"@type\":\"MerchantReturnPolicy\",\"merchantReturnLink\":\"https:\\\/\\\/championbaltics.com\\\/refund_returns\\\/\"},\"address\":{\"@id\":\"https:\\\/\\\/championbaltics.com\\\/lt\\\/toode\\\/champion-3600-vatu-inverterinis-generatorius\\\/#local-main-place-address\"},\"telephone\":[],\"contactPoint\":{\"@type\":\"ContactPoint\",\"telephone\":\"+3725204833\",\"email\":\"info@championbaltics.com\"},\"openingHoursSpecification\":[{\"@type\":\"OpeningHoursSpecification\",\"dayOfWeek\":[\"Monday\",\"Tuesday\",\"Wednesday\",\"Thursday\",\"Friday\",\"Saturday\",\"Sunday\"],\"opens\":\"09:00\",\"closes\":\"17:00\"}],\"email\":\"info@championbaltics.com\",\"vatID\":\"EE102032772\"},{\"@type\":\"PostalAddress\",\"@id\":\"https:\\\/\\\/championbaltics.com\\\/lt\\\/toode\\\/champion-3600-vatu-inverterinis-generatorius\\\/#local-main-place-address\",\"streetAddress\":\"P\u00e4rnu mnt 144\",\"addressLocality\":\"Tallinn\",\"postalCode\":\"11317\",\"addressRegion\":\"Harju\",\"addressCountry\":\"EE\"},{\"@type\":\"ImageObject\",\"inLanguage\":\"lt-LT\",\"@id\":\"https:\\\/\\\/championbaltics.com\\\/lt\\\/toode\\\/champion-3600-vatu-inverterinis-generatorius\\\/#local-main-organization-logo\",\"url\":\"https:\\\/\\\/championbaltics.com\\\/wp-content\\\/uploads\\\/2025\\\/08\\\/cropped-ChampionBalticsLogo.webp\",\"contentUrl\":\"https:\\\/\\\/championbaltics.com\\\/wp-content\\\/uploads\\\/2025\\\/08\\\/cropped-ChampionBalticsLogo.webp\",\"width\":512,\"height\":512,\"caption\":\"Champion Baltics\"}]}<\/script>\n<meta property=\"product:price:amount\" content=\"1399.00\" \/>\n<meta property=\"product:price:currency\" content=\"EUR\" \/>\n<meta property=\"og:availability\" content=\"instock\" \/>\n<meta property=\"product:availability\" content=\"instock\" \/>\n<meta property=\"product:retailer_item_id\" content=\"500987-EU-SC\" \/>\n<meta property=\"product:condition\" content=\"new\" \/>\n<meta name=\"geo.placename\" content=\"Tallinn\" \/>\n<meta name=\"geo.region\" content=\"Estonia\" \/>\n<!-- \/ Yoast SEO Premium plugin. -->","yoast_head_json":{"title":"Champion 3600 vat\u0173 inverterinis generatorius - Champion Baltics","description":"\u201eChampion 3600\u201c inverterinis generatorius, belaidis paleidimas iki 25 m atstumu. Gryna sinusin\u0117 banga, ma\u017eas triuk\u0161mo lygis, \u0161altasis paleidimas, paruo\u0161tas \u201eParaLink\u201c ry\u0161iui ir lengvai naudojamas LED ekranas.","robots":{"index":"index","follow":"follow","max-snippet":"max-snippet:-1","max-image-preview":"max-image-preview:large","max-video-preview":"max-video-preview:-1"},"canonical":"https:\/\/championbaltics.com\/lt\/toode\/champion-3600-vatu-inverterinis-generatorius\/","og_locale":"lt_LT","og_type":"article","og_title":"Champion 3600 vat\u0173 inverterinis generatorius","og_description":"\u201eChampion 3600\u201c inverterinis generatorius, belaidis paleidimas iki 25 m atstumu. Gryna sinusin\u0117 banga, ma\u017eas triuk\u0161mo lygis, \u0161altasis paleidimas, paruo\u0161tas \u201eParaLink\u201c ry\u0161iui ir lengvai naudojamas LED ekranas.","og_url":"https:\/\/championbaltics.com\/lt\/toode\/champion-3600-vatu-inverterinis-generatorius\/","og_site_name":"Champion Baltics","article_publisher":"https:\/\/facebook.com\/championbaltics","article_modified_time":"2026-04-28T13:56:29+00:00","og_image":[{"width":2560,"height":2560,"url":"https:\/\/championbaltics.com\/wp-content\/uploads\/2025\/08\/500987-EU-SC-Champion-3.webp","type":"image\/jpeg"}],"twitter_card":"summary_large_image","twitter_misc":{"Price":"1 399,00&nbsp;&euro;","Availability":"In stock"},"schema":{"@context":"https:\/\/schema.org","@graph":[{"@type":"WebPage","@id":"https:\/\/championbaltics.com\/lt\/toode\/champion-3600-vatu-inverterinis-generatorius\/","url":"https:\/\/championbaltics.com\/lt\/toode\/champion-3600-vatu-inverterinis-generatorius\/","name":"Champion 3600 vat\u0173 inverterinis generatorius - Champion Baltics","isPartOf":{"@id":"https:\/\/championbaltics.com\/lt\/#website"},"primaryImageOfPage":{"@id":"https:\/\/championbaltics.com\/lt\/toode\/champion-3600-vatu-inverterinis-generatorius\/#primaryimage"},"image":{"@id":"https:\/\/championbaltics.com\/lt\/toode\/champion-3600-vatu-inverterinis-generatorius\/#primaryimage"},"thumbnailUrl":"https:\/\/championbaltics.com\/wp-content\/uploads\/2025\/08\/500987-EU-SC-Champion-3.webp","datePublished":"2025-08-26T09:54:38+00:00","dateModified":"2026-04-28T13:56:29+00:00","description":"\u201eChampion 3600\u201c inverterinis generatorius, belaidis paleidimas iki 25 m atstumu. Gryna sinusin\u0117 banga, ma\u017eas triuk\u0161mo lygis, \u0161altasis paleidimas, paruo\u0161tas \u201eParaLink\u201c ry\u0161iui ir lengvai naudojamas LED ekranas.","breadcrumb":{"@id":"https:\/\/championbaltics.com\/lt\/toode\/champion-3600-vatu-inverterinis-generatorius\/#breadcrumb"},"inLanguage":"lt-LT","potentialAction":[{"@type":"ReadAction","target":["https:\/\/championbaltics.com\/lt\/toode\/champion-3600-vatu-inverterinis-generatorius\/"]}]},{"@type":"ImageObject","inLanguage":"lt-LT","@id":"https:\/\/championbaltics.com\/lt\/toode\/champion-3600-vatu-inverterinis-generatorius\/#primaryimage","url":"https:\/\/championbaltics.com\/wp-content\/uploads\/2025\/08\/500987-EU-SC-Champion-3.webp","contentUrl":"https:\/\/championbaltics.com\/wp-content\/uploads\/2025\/08\/500987-EU-SC-Champion-3.webp","width":2560,"height":2560},{"@type":"BreadcrumbList","@id":"https:\/\/championbaltics.com\/lt\/toode\/champion-3600-vatu-inverterinis-generatorius\/#breadcrumb","itemListElement":[{"@type":"ListItem","position":1,"name":"Home","item":"https:\/\/championbaltics.com\/lt\/"},{"@type":"ListItem","position":2,"name":"Parduotuv\u0117","item":"https:\/\/championbaltics.com\/lt\/parduotuve\/"},{"@type":"ListItem","position":3,"name":"Champion 3600 vat\u0173 inverterinis generatorius"}]},{"@type":"WebSite","@id":"https:\/\/championbaltics.com\/lt\/#website","url":"https:\/\/championbaltics.com\/lt\/","name":"Champion Baltics","description":"Power equipments","publisher":{"@id":"https:\/\/championbaltics.com\/lt\/#organization"},"alternateName":"Champion Power Equipment","potentialAction":[{"@type":"SearchAction","target":{"@type":"EntryPoint","urlTemplate":"https:\/\/championbaltics.com\/lt\/?s={search_term_string}"},"query-input":{"@type":"PropertyValueSpecification","valueRequired":true,"valueName":"search_term_string"}}],"inLanguage":"lt-LT"},{"@type":["Organization","Place"],"@id":"https:\/\/championbaltics.com\/lt\/#organization","name":"Champion Baltics","alternateName":"Champion Power Equipment","url":"https:\/\/championbaltics.com\/lt\/","logo":{"@id":"https:\/\/championbaltics.com\/lt\/toode\/champion-3600-vatu-inverterinis-generatorius\/#local-main-organization-logo"},"image":{"@id":"https:\/\/championbaltics.com\/lt\/toode\/champion-3600-vatu-inverterinis-generatorius\/#local-main-organization-logo"},"sameAs":["https:\/\/facebook.com\/championbaltics"],"description":"Champion power equipment representer of State of Baltics","legalName":"T.O Engineering LLC","foundingDate":"2015-01-07","numberOfEmployees":{"@type":"QuantitativeValue","minValue":"1","maxValue":"10"},"hasMerchantReturnPolicy":{"@type":"MerchantReturnPolicy","merchantReturnLink":"https:\/\/championbaltics.com\/refund_returns\/"},"address":{"@id":"https:\/\/championbaltics.com\/lt\/toode\/champion-3600-vatu-inverterinis-generatorius\/#local-main-place-address"},"telephone":[],"contactPoint":{"@type":"ContactPoint","telephone":"+3725204833","email":"info@championbaltics.com"},"openingHoursSpecification":[{"@type":"OpeningHoursSpecification","dayOfWeek":["Monday","Tuesday","Wednesday","Thursday","Friday","Saturday","Sunday"],"opens":"09:00","closes":"17:00"}],"email":"info@championbaltics.com","vatID":"EE102032772"},{"@type":"PostalAddress","@id":"https:\/\/championbaltics.com\/lt\/toode\/champion-3600-vatu-inverterinis-generatorius\/#local-main-place-address","streetAddress":"P\u00e4rnu mnt 144","addressLocality":"Tallinn","postalCode":"11317","addressRegion":"Harju","addressCountry":"EE"},{"@type":"ImageObject","inLanguage":"lt-LT","@id":"https:\/\/championbaltics.com\/lt\/toode\/champion-3600-vatu-inverterinis-generatorius\/#local-main-organization-logo","url":"https:\/\/championbaltics.com\/wp-content\/uploads\/2025\/08\/cropped-ChampionBalticsLogo.webp","contentUrl":"https:\/\/championbaltics.com\/wp-content\/uploads\/2025\/08\/cropped-ChampionBalticsLogo.webp","width":512,"height":512,"caption":"Champion Baltics"}]},"product_price_amount":"1399.00","product_price_currency":"EUR","og_availability":"instock","product_availability":"instock","product_retailer_item_id":"500987-EU-SC","product_condition":"new","geo.placename":"Tallinn","geo.region":"Estonia"},"_links":{"self":[{"href":"https:\/\/championbaltics.com\/lt\/wp-json\/wp\/v2\/product\/30987","targetHints":{"allow":["GET"]}}],"collection":[{"href":"https:\/\/championbaltics.com\/lt\/wp-json\/wp\/v2\/product"}],"about":[{"href":"https:\/\/championbaltics.com\/lt\/wp-json\/wp\/v2\/types\/product"}],"replies":[{"embeddable":true,"href":"https:\/\/championbaltics.com\/lt\/wp-json\/wp\/v2\/comments?post=30987"}],"version-history":[{"count":2,"href":"https:\/\/championbaltics.com\/lt\/wp-json\/wp\/v2\/product\/30987\/revisions"}],"predecessor-version":[{"id":34146,"href":"https:\/\/championbaltics.com\/lt\/wp-json\/wp\/v2\/product\/30987\/revisions\/34146"}],"wp:featuredmedia":[{"embeddable":true,"href":"https:\/\/championbaltics.com\/lt\/wp-json\/wp\/v2\/media\/30988"}],"wp:attachment":[{"href":"https:\/\/championbaltics.com\/lt\/wp-json\/wp\/v2\/media?parent=30987"}],"wp:term":[{"taxonomy":"product_brand","embeddable":true,"href":"https:\/\/championbaltics.com\/lt\/wp-json\/wp\/v2\/product_brand?post=30987"},{"taxonomy":"product_cat","embeddable":true,"href":"https:\/\/championbaltics.com\/lt\/wp-json\/wp\/v2\/product_cat?post=30987"},{"taxonomy":"product_tag","embeddable":true,"href":"https:\/\/championbaltics.com\/lt\/wp-json\/wp\/v2\/product_tag?post=30987"}],"curies":[{"name":"wp","href":"https:\/\/api.w.org\/{rel}","templated":true}]}}