{"id":31009,"date":"2025-08-26T11:37:50","date_gmt":"2025-08-26T11:37:50","guid":{"rendered":"https:\/\/championbaltics.com\/toode\/bimson-625-kva-dyzelinis-generatorius\/"},"modified":"2026-04-29T09:44:48","modified_gmt":"2026-04-29T09:44:48","slug":"bimson-625-kva-dyzelinis-generatorius","status":"publish","type":"product","link":"https:\/\/championbaltics.com\/lt\/toode\/bimson-625-kva-dyzelinis-generatorius\/","title":{"rendered":"\u201eBimson Power\u201c 6,25 kVA dyzelinis generatorius \u2013 belaidis u\u017evedimas, 1 faz\u0117"},"content":{"rendered":"<p>\u0160is naujas ir patobulintas \u201eBimson Power\u201c 6,25 kVa dyzelinis generatorius pasi\u017eymi padidinta galia ir visi\u0161kai atitinka EU5 standarto varikl\u012f, o jame esantis \u0161lifuoto vario generatorius u\u017etikrina pastov\u0173 variklio greit\u012f.<\/p>\n<p>Jame yra automatinio \u012ftampos reguliatoriaus (AVR) valdymo sistema, kuri stebi i\u0161\u0117jim\u0105 ir apsaugo \u012frengin\u012f nuo \u012ftampos svyravim\u0173, u\u017etikrindama sklandesn\u0119 sinusin\u0119 bang\u0105.<\/p>\n<p>U\u017edengtas garso nepraleid\u017eian\u010diu gaubtu, padengtas atspariu \u012fbr\u0117\u017eimams matiniu pavir\u0161iumi, patvarus sunkiosios pramon\u0117s r\u0117mas u\u017etikrina visi\u0161k\u0105 apsaug\u0105 ir palengvina transportavim\u0105. \u0160is tylus gaubtas turi papildom\u0105 privalum\u0105 &#8211; raktin\u012f u\u017evedim\u0105, o sklandus veikimas dar labiau pagerinamas d\u0117l vibracijos slopinan\u010di\u0173 tvirtinim\u0173. <\/p>\n<p>Visi\u0161kai u\u017epildytas 16 litr\u0173 bakas gali lengvai veikti iki 12 valand\u0173 esant ma\u017edaug 50% apkrovai, tod\u0117l \u0161is Bimson Power generatorius yra idealus \u012fvairioms reikm\u0117ms, tokioms kaip buitin\u0117 tiekimas, statybos, maitinimas ir pramoninis naudojimas, pavyzd\u017eiui, su elektriniais \u012frankiais ir ap\u0161vietimo \u012frenginiais. Kaip atsarginis generatorius, jis yra puikus produktas elektros tiekimo sutrikim\u0173 ir nutr\u016bkim\u0173 metu. <\/p>\n","protected":false},"excerpt":{"rendered":"<p>\u0160is naujas ir patobulintas \u201eBimson Power\u201c 6,25 kVa dyzelinis generatorius pasi\u017eymi padidinta galia ir visi\u0161kai atitinka EU5 standarto varikl\u012f, o jame esantis \u0161lifuoto vario generatorius u\u017etikrina pastov\u0173 variklio greit\u012f.<\/p>\n<ul>\n<li>BIMSON POWER KOKYB\u0116 \u2013 dyzelinis 474 cm\u00b3 variklis.<\/li>\n<li>GALINGUMAS \u2013 6,25 kVa generatorius, kurio did\u017eiausia galia 5500 W, o nominali galia 5000 W.<\/li>\n<li>VEIKIMO TRUKM\u0116 \u2013 16 litr\u0173 talpos bakas veikia iki 12 valand\u0173 esant 50 % apkrovai.<\/li>\n<li>I\u0160MANUS + SAUGUS \u2013 \u017eemo alyvos lygio i\u0161jungimo jutiklis ir automatin\u0117 \u012ftampos reguliatoriaus (AVR) valdymo sistema saugiam naudojimui.<\/li>\n<li>RAMYB\u0116 + TYLA \u2013 Tylus veikimas su vos 68 dBA triuk\u0161mo lygiu (7 metr\u0173 atstumu) ir apgaubtas garsui nepralaid\u017eiu gaubtu. (\u017dr. informacij\u0105 apie triuk\u0161mo lyg\u012f)<\/li>\n<li>KELETAS LIZD\u0172 \u2013 \u012fskaitant 1 x 120 V 32 A ir 1 x 240 V 32 A<\/li>\n<li>BELAIDIS NUOTOLINIS VALDYMAS \u2013 m\u0117gaukit\u0117s belaid\u017eiu patogumu, ta\u010diau atkreipkite d\u0117mes\u012f, kad \u0161is modelis nepalaiko ATS.<\/li>\n<\/ul>\n<p>PASTABA: ATS nesuderinamas su belaid\u017eio nuotolinio paleidimo modeliu.<\/p>\n","protected":false},"featured_media":34259,"comment_status":"open","ping_status":"closed","template":"","meta":[],"product_brand":[],"product_cat":[185],"product_tag":[243,186],"class_list":{"0":"post-31009","1":"product","2":"type-product","3":"status-publish","4":"has-post-thumbnail","6":"product_cat-dyzeliniai-generatoriai","7":"product_tag-dyzelinis-generatorius","8":"product_tag-generatorius","10":"first","11":"instock","12":"taxable","13":"shipping-taxable","14":"purchasable","15":"product-type-simple"},"yoast_head":"<!-- This site is optimized with the Yoast SEO Premium plugin v27.5 (Yoast SEO v27.5) - https:\/\/yoast.com\/product\/yoast-seo-premium-wordpress\/ -->\n<title>\u201eBimson Power\u201c 6,25 kVA dyzelinis generatorius \u2013 belaidis u\u017evedimas, 1 faz\u0117 - Champion Baltics<\/title>\n<meta name=\"description\" content=\"Patikimas ir tylus \u201eBimson Power\u201c dyzelinis generatorius su EU5 varikliu ir AVR technologija. Idealiai tinka nam\u0173 atsarginei galiai, statyboms, maitinimo paslaugoms ir pramoniniam naudojimui. Veikia iki 12 valand\u0173 su 16 l baku.\" \/>\n<meta name=\"robots\" content=\"index, follow, max-snippet:-1, max-image-preview:large, max-video-preview:-1\" \/>\n<link rel=\"canonical\" href=\"https:\/\/championbaltics.com\/lt\/toode\/bimson-625-kva-dyzelinis-generatorius\/\" \/>\n<meta property=\"og:locale\" content=\"lt_LT\" \/>\n<meta property=\"og:type\" content=\"article\" \/>\n<meta property=\"og:title\" content=\"\u201eBimson Power\u201c 6,25 kVA dyzelinis generatorius \u2013 belaidis u\u017evedimas, 1 faz\u0117\" \/>\n<meta property=\"og:description\" content=\"Patikimas ir tylus \u201eBimson Power\u201c dyzelinis generatorius su EU5 varikliu ir AVR technologija. Idealiai tinka nam\u0173 atsarginei galiai, statyboms, maitinimo paslaugoms ir pramoniniam naudojimui. Veikia iki 12 valand\u0173 su 16 l baku.\" \/>\n<meta property=\"og:url\" content=\"https:\/\/championbaltics.com\/lt\/toode\/bimson-625-kva-dyzelinis-generatorius\/\" \/>\n<meta property=\"og:site_name\" content=\"Champion Baltics\" \/>\n<meta property=\"article:publisher\" content=\"https:\/\/facebook.com\/championbaltics\" \/>\n<meta property=\"article:modified_time\" content=\"2026-04-29T09:44:48+00:00\" \/>\n<meta property=\"og:image\" content=\"https:\/\/championbaltics.com\/wp-content\/uploads\/2025\/08\/BPE_LDG6500SVWRC-EU_featured_900x556.webp\" \/>\n\t<meta property=\"og:image:width\" content=\"900\" \/>\n\t<meta property=\"og:image:height\" content=\"516\" \/>\n\t<meta property=\"og:image:type\" content=\"image\/webp\" \/>\n<meta name=\"twitter:card\" content=\"summary_large_image\" \/>\n<meta name=\"twitter:label1\" content=\"Price\" \/>\n\t<meta name=\"twitter:data1\" content=\"2 079,00&nbsp;&euro;\" \/>\n\t<meta name=\"twitter:label2\" content=\"Availability\" \/>\n\t<meta name=\"twitter:data2\" content=\"In stock\" \/>\n<script type=\"application\/ld+json\" class=\"yoast-schema-graph\">{\"@context\":\"https:\\\/\\\/schema.org\",\"@graph\":[{\"@type\":\"WebPage\",\"@id\":\"https:\\\/\\\/championbaltics.com\\\/lt\\\/toode\\\/bimson-625-kva-dyzelinis-generatorius\\\/\",\"url\":\"https:\\\/\\\/championbaltics.com\\\/lt\\\/toode\\\/bimson-625-kva-dyzelinis-generatorius\\\/\",\"name\":\"\u201eBimson Power\u201c 6,25 kVA dyzelinis generatorius \u2013 belaidis u\u017evedimas, 1 faz\u0117 - Champion Baltics\",\"isPartOf\":{\"@id\":\"https:\\\/\\\/championbaltics.com\\\/lt\\\/#website\"},\"primaryImageOfPage\":{\"@id\":\"https:\\\/\\\/championbaltics.com\\\/lt\\\/toode\\\/bimson-625-kva-dyzelinis-generatorius\\\/#primaryimage\"},\"image\":{\"@id\":\"https:\\\/\\\/championbaltics.com\\\/lt\\\/toode\\\/bimson-625-kva-dyzelinis-generatorius\\\/#primaryimage\"},\"thumbnailUrl\":\"https:\\\/\\\/championbaltics.com\\\/wp-content\\\/uploads\\\/2025\\\/08\\\/BPE_LDG6500SVWRC-EU_featured_900x556.webp\",\"datePublished\":\"2025-08-26T11:37:50+00:00\",\"dateModified\":\"2026-04-29T09:44:48+00:00\",\"description\":\"Patikimas ir tylus \u201eBimson Power\u201c dyzelinis generatorius su EU5 varikliu ir AVR technologija. Idealiai tinka nam\u0173 atsarginei galiai, statyboms, maitinimo paslaugoms ir pramoniniam naudojimui. Veikia iki 12 valand\u0173 su 16 l baku.\",\"breadcrumb\":{\"@id\":\"https:\\\/\\\/championbaltics.com\\\/lt\\\/toode\\\/bimson-625-kva-dyzelinis-generatorius\\\/#breadcrumb\"},\"inLanguage\":\"lt-LT\",\"potentialAction\":[{\"@type\":\"ReadAction\",\"target\":[\"https:\\\/\\\/championbaltics.com\\\/lt\\\/toode\\\/bimson-625-kva-dyzelinis-generatorius\\\/\"]}]},{\"@type\":\"ImageObject\",\"inLanguage\":\"lt-LT\",\"@id\":\"https:\\\/\\\/championbaltics.com\\\/lt\\\/toode\\\/bimson-625-kva-dyzelinis-generatorius\\\/#primaryimage\",\"url\":\"https:\\\/\\\/championbaltics.com\\\/wp-content\\\/uploads\\\/2025\\\/08\\\/BPE_LDG6500SVWRC-EU_featured_900x556.webp\",\"contentUrl\":\"https:\\\/\\\/championbaltics.com\\\/wp-content\\\/uploads\\\/2025\\\/08\\\/BPE_LDG6500SVWRC-EU_featured_900x556.webp\",\"width\":900,\"height\":516},{\"@type\":\"BreadcrumbList\",\"@id\":\"https:\\\/\\\/championbaltics.com\\\/lt\\\/toode\\\/bimson-625-kva-dyzelinis-generatorius\\\/#breadcrumb\",\"itemListElement\":[{\"@type\":\"ListItem\",\"position\":1,\"name\":\"Home\",\"item\":\"https:\\\/\\\/championbaltics.com\\\/lt\\\/\"},{\"@type\":\"ListItem\",\"position\":2,\"name\":\"Parduotuv\u0117\",\"item\":\"https:\\\/\\\/championbaltics.com\\\/lt\\\/parduotuve\\\/\"},{\"@type\":\"ListItem\",\"position\":3,\"name\":\"\u201eBimson Power\u201c 6,25 kVA dyzelinis generatorius \u2013 belaidis u\u017evedimas, 1 faz\u0117\"}]},{\"@type\":\"WebSite\",\"@id\":\"https:\\\/\\\/championbaltics.com\\\/lt\\\/#website\",\"url\":\"https:\\\/\\\/championbaltics.com\\\/lt\\\/\",\"name\":\"Champion Baltics\",\"description\":\"Power equipments\",\"publisher\":{\"@id\":\"https:\\\/\\\/championbaltics.com\\\/lt\\\/#organization\"},\"alternateName\":\"Champion Power Equipment\",\"potentialAction\":[{\"@type\":\"SearchAction\",\"target\":{\"@type\":\"EntryPoint\",\"urlTemplate\":\"https:\\\/\\\/championbaltics.com\\\/lt\\\/?s={search_term_string}\"},\"query-input\":{\"@type\":\"PropertyValueSpecification\",\"valueRequired\":true,\"valueName\":\"search_term_string\"}}],\"inLanguage\":\"lt-LT\"},{\"@type\":[\"Organization\",\"Place\"],\"@id\":\"https:\\\/\\\/championbaltics.com\\\/lt\\\/#organization\",\"name\":\"Champion Baltics\",\"alternateName\":\"Champion Power Equipment\",\"url\":\"https:\\\/\\\/championbaltics.com\\\/lt\\\/\",\"logo\":{\"@id\":\"https:\\\/\\\/championbaltics.com\\\/lt\\\/toode\\\/bimson-625-kva-dyzelinis-generatorius\\\/#local-main-organization-logo\"},\"image\":{\"@id\":\"https:\\\/\\\/championbaltics.com\\\/lt\\\/toode\\\/bimson-625-kva-dyzelinis-generatorius\\\/#local-main-organization-logo\"},\"sameAs\":[\"https:\\\/\\\/facebook.com\\\/championbaltics\"],\"description\":\"Champion power equipment representer of State of Baltics\",\"legalName\":\"T.O Engineering LLC\",\"foundingDate\":\"2015-01-07\",\"numberOfEmployees\":{\"@type\":\"QuantitativeValue\",\"minValue\":\"1\",\"maxValue\":\"10\"},\"hasMerchantReturnPolicy\":{\"@type\":\"MerchantReturnPolicy\",\"merchantReturnLink\":\"https:\\\/\\\/championbaltics.com\\\/refund_returns\\\/\"},\"address\":{\"@id\":\"https:\\\/\\\/championbaltics.com\\\/lt\\\/toode\\\/bimson-625-kva-dyzelinis-generatorius\\\/#local-main-place-address\"},\"telephone\":[],\"contactPoint\":{\"@type\":\"ContactPoint\",\"telephone\":\"+3725204833\",\"email\":\"info@championbaltics.com\"},\"openingHoursSpecification\":[{\"@type\":\"OpeningHoursSpecification\",\"dayOfWeek\":[\"Monday\",\"Tuesday\",\"Wednesday\",\"Thursday\",\"Friday\",\"Saturday\",\"Sunday\"],\"opens\":\"09:00\",\"closes\":\"17:00\"}],\"email\":\"info@championbaltics.com\",\"vatID\":\"EE102032772\"},{\"@type\":\"PostalAddress\",\"@id\":\"https:\\\/\\\/championbaltics.com\\\/lt\\\/toode\\\/bimson-625-kva-dyzelinis-generatorius\\\/#local-main-place-address\",\"streetAddress\":\"P\u00e4rnu mnt 144\",\"addressLocality\":\"Tallinn\",\"postalCode\":\"11317\",\"addressRegion\":\"Harju\",\"addressCountry\":\"EE\"},{\"@type\":\"ImageObject\",\"inLanguage\":\"lt-LT\",\"@id\":\"https:\\\/\\\/championbaltics.com\\\/lt\\\/toode\\\/bimson-625-kva-dyzelinis-generatorius\\\/#local-main-organization-logo\",\"url\":\"https:\\\/\\\/championbaltics.com\\\/wp-content\\\/uploads\\\/2025\\\/08\\\/cropped-ChampionBalticsLogo.webp\",\"contentUrl\":\"https:\\\/\\\/championbaltics.com\\\/wp-content\\\/uploads\\\/2025\\\/08\\\/cropped-ChampionBalticsLogo.webp\",\"width\":512,\"height\":512,\"caption\":\"Champion Baltics\"}]}<\/script>\n<meta property=\"product:price:amount\" content=\"2079.00\" \/>\n<meta property=\"product:price:currency\" content=\"EUR\" \/>\n<meta property=\"og:availability\" content=\"instock\" \/>\n<meta property=\"product:availability\" content=\"instock\" \/>\n<meta property=\"product:retailer_item_id\" content=\"LDG6500SVWRC-EU\" \/>\n<meta property=\"product:condition\" content=\"new\" \/>\n<meta name=\"geo.placename\" content=\"Tallinn\" \/>\n<meta name=\"geo.region\" content=\"Estonia\" \/>\n<!-- \/ Yoast SEO Premium plugin. -->","yoast_head_json":{"title":"\u201eBimson Power\u201c 6,25 kVA dyzelinis generatorius \u2013 belaidis u\u017evedimas, 1 faz\u0117 - Champion Baltics","description":"Patikimas ir tylus \u201eBimson Power\u201c dyzelinis generatorius su EU5 varikliu ir AVR technologija. Idealiai tinka nam\u0173 atsarginei galiai, statyboms, maitinimo paslaugoms ir pramoniniam naudojimui. Veikia iki 12 valand\u0173 su 16 l baku.","robots":{"index":"index","follow":"follow","max-snippet":"max-snippet:-1","max-image-preview":"max-image-preview:large","max-video-preview":"max-video-preview:-1"},"canonical":"https:\/\/championbaltics.com\/lt\/toode\/bimson-625-kva-dyzelinis-generatorius\/","og_locale":"lt_LT","og_type":"article","og_title":"\u201eBimson Power\u201c 6,25 kVA dyzelinis generatorius \u2013 belaidis u\u017evedimas, 1 faz\u0117","og_description":"Patikimas ir tylus \u201eBimson Power\u201c dyzelinis generatorius su EU5 varikliu ir AVR technologija. Idealiai tinka nam\u0173 atsarginei galiai, statyboms, maitinimo paslaugoms ir pramoniniam naudojimui. Veikia iki 12 valand\u0173 su 16 l baku.","og_url":"https:\/\/championbaltics.com\/lt\/toode\/bimson-625-kva-dyzelinis-generatorius\/","og_site_name":"Champion Baltics","article_publisher":"https:\/\/facebook.com\/championbaltics","article_modified_time":"2026-04-29T09:44:48+00:00","og_image":[{"width":900,"height":516,"url":"https:\/\/championbaltics.com\/wp-content\/uploads\/2025\/08\/BPE_LDG6500SVWRC-EU_featured_900x556.webp","type":"image\/webp"}],"twitter_card":"summary_large_image","twitter_misc":{"Price":"2 079,00&nbsp;&euro;","Availability":"In stock"},"schema":{"@context":"https:\/\/schema.org","@graph":[{"@type":"WebPage","@id":"https:\/\/championbaltics.com\/lt\/toode\/bimson-625-kva-dyzelinis-generatorius\/","url":"https:\/\/championbaltics.com\/lt\/toode\/bimson-625-kva-dyzelinis-generatorius\/","name":"\u201eBimson Power\u201c 6,25 kVA dyzelinis generatorius \u2013 belaidis u\u017evedimas, 1 faz\u0117 - Champion Baltics","isPartOf":{"@id":"https:\/\/championbaltics.com\/lt\/#website"},"primaryImageOfPage":{"@id":"https:\/\/championbaltics.com\/lt\/toode\/bimson-625-kva-dyzelinis-generatorius\/#primaryimage"},"image":{"@id":"https:\/\/championbaltics.com\/lt\/toode\/bimson-625-kva-dyzelinis-generatorius\/#primaryimage"},"thumbnailUrl":"https:\/\/championbaltics.com\/wp-content\/uploads\/2025\/08\/BPE_LDG6500SVWRC-EU_featured_900x556.webp","datePublished":"2025-08-26T11:37:50+00:00","dateModified":"2026-04-29T09:44:48+00:00","description":"Patikimas ir tylus \u201eBimson Power\u201c dyzelinis generatorius su EU5 varikliu ir AVR technologija. Idealiai tinka nam\u0173 atsarginei galiai, statyboms, maitinimo paslaugoms ir pramoniniam naudojimui. Veikia iki 12 valand\u0173 su 16 l baku.","breadcrumb":{"@id":"https:\/\/championbaltics.com\/lt\/toode\/bimson-625-kva-dyzelinis-generatorius\/#breadcrumb"},"inLanguage":"lt-LT","potentialAction":[{"@type":"ReadAction","target":["https:\/\/championbaltics.com\/lt\/toode\/bimson-625-kva-dyzelinis-generatorius\/"]}]},{"@type":"ImageObject","inLanguage":"lt-LT","@id":"https:\/\/championbaltics.com\/lt\/toode\/bimson-625-kva-dyzelinis-generatorius\/#primaryimage","url":"https:\/\/championbaltics.com\/wp-content\/uploads\/2025\/08\/BPE_LDG6500SVWRC-EU_featured_900x556.webp","contentUrl":"https:\/\/championbaltics.com\/wp-content\/uploads\/2025\/08\/BPE_LDG6500SVWRC-EU_featured_900x556.webp","width":900,"height":516},{"@type":"BreadcrumbList","@id":"https:\/\/championbaltics.com\/lt\/toode\/bimson-625-kva-dyzelinis-generatorius\/#breadcrumb","itemListElement":[{"@type":"ListItem","position":1,"name":"Home","item":"https:\/\/championbaltics.com\/lt\/"},{"@type":"ListItem","position":2,"name":"Parduotuv\u0117","item":"https:\/\/championbaltics.com\/lt\/parduotuve\/"},{"@type":"ListItem","position":3,"name":"\u201eBimson Power\u201c 6,25 kVA dyzelinis generatorius \u2013 belaidis u\u017evedimas, 1 faz\u0117"}]},{"@type":"WebSite","@id":"https:\/\/championbaltics.com\/lt\/#website","url":"https:\/\/championbaltics.com\/lt\/","name":"Champion Baltics","description":"Power equipments","publisher":{"@id":"https:\/\/championbaltics.com\/lt\/#organization"},"alternateName":"Champion Power Equipment","potentialAction":[{"@type":"SearchAction","target":{"@type":"EntryPoint","urlTemplate":"https:\/\/championbaltics.com\/lt\/?s={search_term_string}"},"query-input":{"@type":"PropertyValueSpecification","valueRequired":true,"valueName":"search_term_string"}}],"inLanguage":"lt-LT"},{"@type":["Organization","Place"],"@id":"https:\/\/championbaltics.com\/lt\/#organization","name":"Champion Baltics","alternateName":"Champion Power Equipment","url":"https:\/\/championbaltics.com\/lt\/","logo":{"@id":"https:\/\/championbaltics.com\/lt\/toode\/bimson-625-kva-dyzelinis-generatorius\/#local-main-organization-logo"},"image":{"@id":"https:\/\/championbaltics.com\/lt\/toode\/bimson-625-kva-dyzelinis-generatorius\/#local-main-organization-logo"},"sameAs":["https:\/\/facebook.com\/championbaltics"],"description":"Champion power equipment representer of State of Baltics","legalName":"T.O Engineering LLC","foundingDate":"2015-01-07","numberOfEmployees":{"@type":"QuantitativeValue","minValue":"1","maxValue":"10"},"hasMerchantReturnPolicy":{"@type":"MerchantReturnPolicy","merchantReturnLink":"https:\/\/championbaltics.com\/refund_returns\/"},"address":{"@id":"https:\/\/championbaltics.com\/lt\/toode\/bimson-625-kva-dyzelinis-generatorius\/#local-main-place-address"},"telephone":[],"contactPoint":{"@type":"ContactPoint","telephone":"+3725204833","email":"info@championbaltics.com"},"openingHoursSpecification":[{"@type":"OpeningHoursSpecification","dayOfWeek":["Monday","Tuesday","Wednesday","Thursday","Friday","Saturday","Sunday"],"opens":"09:00","closes":"17:00"}],"email":"info@championbaltics.com","vatID":"EE102032772"},{"@type":"PostalAddress","@id":"https:\/\/championbaltics.com\/lt\/toode\/bimson-625-kva-dyzelinis-generatorius\/#local-main-place-address","streetAddress":"P\u00e4rnu mnt 144","addressLocality":"Tallinn","postalCode":"11317","addressRegion":"Harju","addressCountry":"EE"},{"@type":"ImageObject","inLanguage":"lt-LT","@id":"https:\/\/championbaltics.com\/lt\/toode\/bimson-625-kva-dyzelinis-generatorius\/#local-main-organization-logo","url":"https:\/\/championbaltics.com\/wp-content\/uploads\/2025\/08\/cropped-ChampionBalticsLogo.webp","contentUrl":"https:\/\/championbaltics.com\/wp-content\/uploads\/2025\/08\/cropped-ChampionBalticsLogo.webp","width":512,"height":512,"caption":"Champion Baltics"}]},"product_price_amount":"2079.00","product_price_currency":"EUR","og_availability":"instock","product_availability":"instock","product_retailer_item_id":"LDG6500SVWRC-EU","product_condition":"new","geo.placename":"Tallinn","geo.region":"Estonia"},"_links":{"self":[{"href":"https:\/\/championbaltics.com\/lt\/wp-json\/wp\/v2\/product\/31009","targetHints":{"allow":["GET"]}}],"collection":[{"href":"https:\/\/championbaltics.com\/lt\/wp-json\/wp\/v2\/product"}],"about":[{"href":"https:\/\/championbaltics.com\/lt\/wp-json\/wp\/v2\/types\/product"}],"replies":[{"embeddable":true,"href":"https:\/\/championbaltics.com\/lt\/wp-json\/wp\/v2\/comments?post=31009"}],"version-history":[{"count":4,"href":"https:\/\/championbaltics.com\/lt\/wp-json\/wp\/v2\/product\/31009\/revisions"}],"predecessor-version":[{"id":34267,"href":"https:\/\/championbaltics.com\/lt\/wp-json\/wp\/v2\/product\/31009\/revisions\/34267"}],"wp:featuredmedia":[{"embeddable":true,"href":"https:\/\/championbaltics.com\/lt\/wp-json\/wp\/v2\/media\/34259"}],"wp:attachment":[{"href":"https:\/\/championbaltics.com\/lt\/wp-json\/wp\/v2\/media?parent=31009"}],"wp:term":[{"taxonomy":"product_brand","embeddable":true,"href":"https:\/\/championbaltics.com\/lt\/wp-json\/wp\/v2\/product_brand?post=31009"},{"taxonomy":"product_cat","embeddable":true,"href":"https:\/\/championbaltics.com\/lt\/wp-json\/wp\/v2\/product_cat?post=31009"},{"taxonomy":"product_tag","embeddable":true,"href":"https:\/\/championbaltics.com\/lt\/wp-json\/wp\/v2\/product_tag?post=31009"}],"curies":[{"name":"wp","href":"https:\/\/api.w.org\/{rel}","templated":true}]}}