{"id":31020,"date":"2025-08-26T11:37:50","date_gmt":"2025-08-26T11:37:50","guid":{"rendered":"https:\/\/championbaltics.com\/toode\/bimson-625-kva-dyzelinis-generatorius-3-fazes\/"},"modified":"2025-09-17T08:28:46","modified_gmt":"2025-09-17T08:28:46","slug":"bimson-625-kva-dyzelinis-generatorius-3-fazes","status":"publish","type":"product","link":"https:\/\/championbaltics.com\/lt\/toode\/bimson-625-kva-dyzelinis-generatorius-3-fazes\/","title":{"rendered":"Bimson power 6,25 kVA trifazis dyzelinis generatorius"},"content":{"rendered":"<h3>\u201eBimson&#8221; trifazis 6,25 kVA dyzelinis generatorius<\/h3>\n<p>\u0160is naujas ir patobulintas \u201eBimson&#8221; trifazio 6,25 kVA dyzelinio generatoriaus modelis si\u016blo didesn\u0119 gali\u0105 ir visi\u0161kai atitinkant\u012f EU5 standart\u0105 varikl\u012f su \u0161epet\u0117liniu variniu generatoriumi viduje, u\u017etikrinan\u010diu tolyg\u0173 variklio sukimosi greit\u012f.<\/p>\n<p>Jame \u012fdiegta automatin\u0117 \u012ftampos reguliatoriaus (AVR) valdymo sistema, skirta steb\u0117ti i\u0161\u0117jim\u0105 ir apsaugoti \u012frengin\u012f nuo \u012ftampos svyravim\u0173, u\u017etikrinant sklandesn\u0119 sinuso bang\u0105.<\/p>\n<p>Apgaubtas gars\u0105 izoliuojan\u010diu korpusu, padengtu atsparia \u012fbr\u0117\u017eimams matine apdaila, tvirtas pramoninis r\u0117mas suteikia visi\u0161k\u0105 apsaug\u0105 ir palengvina perne\u0161amum\u0105. \u0160is tylus korpusas taip pat turi rakteliu u\u017evedimo galimyb\u0119, o skland\u0173 veikim\u0105 dar labiau pagerina antivibraciniai tvirtinimai.  <\/p>\n<p>Pilnai pripildytas 16 litr\u0173 bakas leid\u017eia lengvai dirbti iki 12 valand\u0173 esant ma\u017edaug 50% apkrovai, tod\u0117l \u0161is Bimson Power generatorius idealiai tinka \u012fvairiems pritaikymams, tokiems kaip nam\u0173 \u016bki\u0173 apr\u016bpinimas, statyba, maitinimas ir pramoninis naudojimas, pavyzd\u017eiui, su elektriniais \u012frankiais ir ap\u0161vietimo \u012franga. Kaip atsarginis generatorius, tai idealus produktas elektros tiekimo nutr\u016bkimo ir trikd\u017ei\u0173 metu.  <\/p>\n<h3>Automatinis perjungiklis<\/h3>\n<p>ELEKTROS modelis net turi automatinio perjungimo sistemos (ATS) \u012fvesties prievad\u0105, suderinam\u0105 su m\u016bs\u0173 ATS skydeliu, kad generatorius automati\u0161kai \u012fsijungt\u0173 aptikus maitinimo nutr\u016bkim\u0105 ir sustot\u0173, kai tinklo maitinimas atkuriamas.<\/p>\n<p>Standartin\u0117je \u012frangoje yra 12 V akumuliatoriaus \u012fkrovimo lizdas bei 415 V trifaziai ir 240 V vienfaziai i\u0161\u0117jimo lizdai.<\/p>\n<p>ELEKTRINIS modelis (be nuotolinio valdymo pulto) taip pat turi ATS \u012fvesties prievad\u0105 ATS skydeliui 190102000010.<\/p>\n<p>Visi \u0161io produkto pateikti duomenys nurodo subalansuot\u0105 apkrov\u0105; naudojant nesubalansuotas apkrovas, turite patikrinti \u012frenginio duomenis.<\/p>\n<p>Atkreipkite d\u0117mes\u012f: Jei naudojate vienfaz\u0119 srov\u0119 per trifaz\u012f generatori\u0173, gausite tik apie 30-35% viso i\u0161\u0117jimo galingumo, nes j\u016bs\u0173 lizdas veikia tik su viena i\u0161 trij\u0173 galim\u0173 fazi\u0173.<\/p>\n","protected":false},"excerpt":{"rendered":"<h3>\u201eBimson&#8221; trifazis 6,25 kVA dyzelinis generatorius<\/h3>\n<p>\u0160is naujas ir patobulintas \u201eBimson&#8221; trifazio 6,25 kVA dyzelinio generatoriaus modelis si\u016blo didesn\u0119 gali\u0105 ir visi\u0161kai atitinkant\u012f EU5 standart\u0105 varikl\u012f su \u0161epet\u0117liniu variniu generatoriumi viduje, u\u017etikrinan\u010diu tolyg\u0173 variklio sukimosi greit\u012f.<\/p>\n<p>Nuotolinis valdymas.<\/p>\n<p>BIMSON POWER QUALITY \u2013 Dyzelinis variklis 474 cm\u00b3 \u2013 Paruo\u0161tas trifaziam darbui.<br \/>\nGALIA \u2013 6,25 kVA generatorius su maksimalia 5500 vat\u0173 galia, darbine 5000 vat\u0173 galia.<br \/>\nDARBO LAIKAS \u2013 16 litr\u0173 bakas leid\u017eia dirbti iki 12 valand\u0173 esant 50% apkrovai.<br \/>\nI\u0160MANUS + SAUGUS \u2013 Su \u017eemo alyvos lygio i\u0161jungimo jutikliu ir automatine \u012ftampos reguliatoriaus (AVR) valdymo sistema saugiam naudojimui.<br \/>\nRAMUS + TYLUS \u2013 Tylus veikimas, triuk\u0161mo lygis tik 68 dBA (7 metr\u0173 atstumu) ir garsui nepralaidus korpusas. (\u017dr. triuk\u0161mo lygio informacij\u0105)<br \/>\nKELETAS LIZD\u0172 \u2013 \u012eskaitant 1 x 415V 16A ir 1 x 240V 16A.<br \/>\nBELAIDIS NUOTOLINIS VALDYMAS \u2013 M\u0117gaukit\u0117s belaid\u017eiu patogumu, ta\u010diau atkreipkite d\u0117mes\u012f, kad \u0161is modelis nepalaiko ATS.  <\/p>\n","protected":false},"featured_media":34256,"comment_status":"open","ping_status":"closed","template":"","meta":[],"product_brand":[92],"product_cat":[185],"product_tag":[243,186],"class_list":{"0":"post-31020","1":"product","2":"type-product","3":"status-publish","4":"has-post-thumbnail","6":"product_brand-bimson","7":"product_cat-dyzeliniai-generatoriai","8":"product_tag-dyzelinis-generatorius","9":"product_tag-generatorius","11":"first","12":"instock","13":"taxable","14":"shipping-taxable","15":"purchasable","16":"product-type-simple"},"yoast_head":"<!-- This site is optimized with the Yoast SEO Premium plugin v27.5 (Yoast SEO v27.5) - https:\/\/yoast.com\/product\/yoast-seo-premium-wordpress\/ -->\n<title>Bimson power 6,25 kVA trifazis dyzelinis generatorius - Champion Baltics<\/title>\n<meta name=\"description\" content=\"\u201eBimson&quot; trifazis 6,25 kVA dyzelinis generatorius su EU5 varikliu ir AVR. Stabilus i\u0161\u0117jimas.\" \/>\n<meta name=\"robots\" content=\"index, follow, max-snippet:-1, max-image-preview:large, max-video-preview:-1\" \/>\n<link rel=\"canonical\" href=\"https:\/\/championbaltics.com\/lt\/toode\/bimson-625-kva-dyzelinis-generatorius-3-fazes\/\" \/>\n<meta property=\"og:locale\" content=\"lt_LT\" \/>\n<meta property=\"og:type\" content=\"article\" \/>\n<meta property=\"og:title\" content=\"Bimson power 6,25 kVA trifazis dyzelinis generatorius\" \/>\n<meta property=\"og:description\" content=\"\u201eBimson&quot; trifazis 6,25 kVA dyzelinis generatorius su EU5 varikliu ir AVR. Stabilus i\u0161\u0117jimas.\" \/>\n<meta property=\"og:url\" content=\"https:\/\/championbaltics.com\/lt\/toode\/bimson-625-kva-dyzelinis-generatorius-3-fazes\/\" \/>\n<meta property=\"og:site_name\" content=\"Champion Baltics\" \/>\n<meta property=\"article:publisher\" content=\"https:\/\/facebook.com\/championbaltics\" \/>\n<meta property=\"article:modified_time\" content=\"2025-09-17T08:28:46+00:00\" \/>\n<meta property=\"og:image\" content=\"https:\/\/championbaltics.com\/wp-content\/uploads\/2025\/08\/BP_LDG6500SV3WRC-EU_featured_900x556.webp\" \/>\n\t<meta property=\"og:image:width\" content=\"900\" \/>\n\t<meta property=\"og:image:height\" content=\"556\" \/>\n\t<meta property=\"og:image:type\" content=\"image\/jpeg\" \/>\n<meta name=\"twitter:card\" content=\"summary_large_image\" \/>\n<meta name=\"twitter:label1\" content=\"Price\" \/>\n\t<meta name=\"twitter:data1\" content=\"2 079,00&nbsp;&euro;\" \/>\n\t<meta name=\"twitter:label2\" content=\"Availability\" \/>\n\t<meta name=\"twitter:data2\" content=\"In stock\" \/>\n<script type=\"application\/ld+json\" class=\"yoast-schema-graph\">{\"@context\":\"https:\\\/\\\/schema.org\",\"@graph\":[{\"@type\":\"WebPage\",\"@id\":\"https:\\\/\\\/championbaltics.com\\\/lt\\\/toode\\\/bimson-625-kva-dyzelinis-generatorius-3-fazes\\\/\",\"url\":\"https:\\\/\\\/championbaltics.com\\\/lt\\\/toode\\\/bimson-625-kva-dyzelinis-generatorius-3-fazes\\\/\",\"name\":\"Bimson power 6,25 kVA trifazis dyzelinis generatorius - Champion Baltics\",\"isPartOf\":{\"@id\":\"https:\\\/\\\/championbaltics.com\\\/lt\\\/#website\"},\"primaryImageOfPage\":{\"@id\":\"https:\\\/\\\/championbaltics.com\\\/lt\\\/toode\\\/bimson-625-kva-dyzelinis-generatorius-3-fazes\\\/#primaryimage\"},\"image\":{\"@id\":\"https:\\\/\\\/championbaltics.com\\\/lt\\\/toode\\\/bimson-625-kva-dyzelinis-generatorius-3-fazes\\\/#primaryimage\"},\"thumbnailUrl\":\"https:\\\/\\\/championbaltics.com\\\/wp-content\\\/uploads\\\/2025\\\/08\\\/BP_LDG6500SV3WRC-EU_featured_900x556.webp\",\"datePublished\":\"2025-08-26T11:37:50+00:00\",\"dateModified\":\"2025-09-17T08:28:46+00:00\",\"description\":\"\u201eBimson\\\" trifazis 6,25 kVA dyzelinis generatorius su EU5 varikliu ir AVR. Stabilus i\u0161\u0117jimas.\",\"breadcrumb\":{\"@id\":\"https:\\\/\\\/championbaltics.com\\\/lt\\\/toode\\\/bimson-625-kva-dyzelinis-generatorius-3-fazes\\\/#breadcrumb\"},\"inLanguage\":\"lt-LT\",\"potentialAction\":[{\"@type\":\"ReadAction\",\"target\":[\"https:\\\/\\\/championbaltics.com\\\/lt\\\/toode\\\/bimson-625-kva-dyzelinis-generatorius-3-fazes\\\/\"]}]},{\"@type\":\"ImageObject\",\"inLanguage\":\"lt-LT\",\"@id\":\"https:\\\/\\\/championbaltics.com\\\/lt\\\/toode\\\/bimson-625-kva-dyzelinis-generatorius-3-fazes\\\/#primaryimage\",\"url\":\"https:\\\/\\\/championbaltics.com\\\/wp-content\\\/uploads\\\/2025\\\/08\\\/BP_LDG6500SV3WRC-EU_featured_900x556.webp\",\"contentUrl\":\"https:\\\/\\\/championbaltics.com\\\/wp-content\\\/uploads\\\/2025\\\/08\\\/BP_LDG6500SV3WRC-EU_featured_900x556.webp\",\"width\":900,\"height\":556},{\"@type\":\"BreadcrumbList\",\"@id\":\"https:\\\/\\\/championbaltics.com\\\/lt\\\/toode\\\/bimson-625-kva-dyzelinis-generatorius-3-fazes\\\/#breadcrumb\",\"itemListElement\":[{\"@type\":\"ListItem\",\"position\":1,\"name\":\"Home\",\"item\":\"https:\\\/\\\/championbaltics.com\\\/lt\\\/\"},{\"@type\":\"ListItem\",\"position\":2,\"name\":\"Parduotuv\u0117\",\"item\":\"https:\\\/\\\/championbaltics.com\\\/lt\\\/parduotuve\\\/\"},{\"@type\":\"ListItem\",\"position\":3,\"name\":\"Bimson power 6,25 kVA trifazis dyzelinis generatorius\"}]},{\"@type\":\"WebSite\",\"@id\":\"https:\\\/\\\/championbaltics.com\\\/lt\\\/#website\",\"url\":\"https:\\\/\\\/championbaltics.com\\\/lt\\\/\",\"name\":\"Champion Baltics\",\"description\":\"Power equipments\",\"publisher\":{\"@id\":\"https:\\\/\\\/championbaltics.com\\\/lt\\\/#organization\"},\"alternateName\":\"Champion Power Equipment\",\"potentialAction\":[{\"@type\":\"SearchAction\",\"target\":{\"@type\":\"EntryPoint\",\"urlTemplate\":\"https:\\\/\\\/championbaltics.com\\\/lt\\\/?s={search_term_string}\"},\"query-input\":{\"@type\":\"PropertyValueSpecification\",\"valueRequired\":true,\"valueName\":\"search_term_string\"}}],\"inLanguage\":\"lt-LT\"},{\"@type\":[\"Organization\",\"Place\"],\"@id\":\"https:\\\/\\\/championbaltics.com\\\/lt\\\/#organization\",\"name\":\"Champion Baltics\",\"alternateName\":\"Champion Power Equipment\",\"url\":\"https:\\\/\\\/championbaltics.com\\\/lt\\\/\",\"logo\":{\"@id\":\"https:\\\/\\\/championbaltics.com\\\/lt\\\/toode\\\/bimson-625-kva-dyzelinis-generatorius-3-fazes\\\/#local-main-organization-logo\"},\"image\":{\"@id\":\"https:\\\/\\\/championbaltics.com\\\/lt\\\/toode\\\/bimson-625-kva-dyzelinis-generatorius-3-fazes\\\/#local-main-organization-logo\"},\"sameAs\":[\"https:\\\/\\\/facebook.com\\\/championbaltics\"],\"description\":\"Champion power equipment representer of State of Baltics\",\"legalName\":\"T.O Engineering LLC\",\"foundingDate\":\"2015-01-07\",\"numberOfEmployees\":{\"@type\":\"QuantitativeValue\",\"minValue\":\"1\",\"maxValue\":\"10\"},\"hasMerchantReturnPolicy\":{\"@type\":\"MerchantReturnPolicy\",\"merchantReturnLink\":\"https:\\\/\\\/championbaltics.com\\\/refund_returns\\\/\"},\"address\":{\"@id\":\"https:\\\/\\\/championbaltics.com\\\/lt\\\/toode\\\/bimson-625-kva-dyzelinis-generatorius-3-fazes\\\/#local-main-place-address\"},\"telephone\":[],\"contactPoint\":{\"@type\":\"ContactPoint\",\"telephone\":\"+3725204833\",\"email\":\"info@championbaltics.com\"},\"openingHoursSpecification\":[{\"@type\":\"OpeningHoursSpecification\",\"dayOfWeek\":[\"Monday\",\"Tuesday\",\"Wednesday\",\"Thursday\",\"Friday\",\"Saturday\",\"Sunday\"],\"opens\":\"09:00\",\"closes\":\"17:00\"}],\"email\":\"info@championbaltics.com\",\"vatID\":\"EE102032772\"},{\"@type\":\"PostalAddress\",\"@id\":\"https:\\\/\\\/championbaltics.com\\\/lt\\\/toode\\\/bimson-625-kva-dyzelinis-generatorius-3-fazes\\\/#local-main-place-address\",\"streetAddress\":\"P\u00e4rnu mnt 144\",\"addressLocality\":\"Tallinn\",\"postalCode\":\"11317\",\"addressRegion\":\"Harju\",\"addressCountry\":\"EE\"},{\"@type\":\"ImageObject\",\"inLanguage\":\"lt-LT\",\"@id\":\"https:\\\/\\\/championbaltics.com\\\/lt\\\/toode\\\/bimson-625-kva-dyzelinis-generatorius-3-fazes\\\/#local-main-organization-logo\",\"url\":\"https:\\\/\\\/championbaltics.com\\\/wp-content\\\/uploads\\\/2025\\\/08\\\/cropped-ChampionBalticsLogo.webp\",\"contentUrl\":\"https:\\\/\\\/championbaltics.com\\\/wp-content\\\/uploads\\\/2025\\\/08\\\/cropped-ChampionBalticsLogo.webp\",\"width\":512,\"height\":512,\"caption\":\"Champion Baltics\"}]}<\/script>\n<meta property=\"product:brand\" content=\"Bimson\" \/>\n<meta property=\"product:price:amount\" content=\"2079.00\" \/>\n<meta property=\"product:price:currency\" content=\"EUR\" \/>\n<meta property=\"og:availability\" content=\"instock\" \/>\n<meta property=\"product:availability\" content=\"instock\" \/>\n<meta property=\"product:retailer_item_id\" content=\"LDG6500SV3WRC-EU\" \/>\n<meta property=\"product:condition\" content=\"new\" \/>\n<meta name=\"geo.placename\" content=\"Tallinn\" \/>\n<meta name=\"geo.region\" content=\"Estonia\" \/>\n<!-- \/ Yoast SEO Premium plugin. -->","yoast_head_json":{"title":"Bimson power 6,25 kVA trifazis dyzelinis generatorius - Champion Baltics","description":"\u201eBimson\" trifazis 6,25 kVA dyzelinis generatorius su EU5 varikliu ir AVR. Stabilus i\u0161\u0117jimas.","robots":{"index":"index","follow":"follow","max-snippet":"max-snippet:-1","max-image-preview":"max-image-preview:large","max-video-preview":"max-video-preview:-1"},"canonical":"https:\/\/championbaltics.com\/lt\/toode\/bimson-625-kva-dyzelinis-generatorius-3-fazes\/","og_locale":"lt_LT","og_type":"article","og_title":"Bimson power 6,25 kVA trifazis dyzelinis generatorius","og_description":"\u201eBimson\" trifazis 6,25 kVA dyzelinis generatorius su EU5 varikliu ir AVR. Stabilus i\u0161\u0117jimas.","og_url":"https:\/\/championbaltics.com\/lt\/toode\/bimson-625-kva-dyzelinis-generatorius-3-fazes\/","og_site_name":"Champion Baltics","article_publisher":"https:\/\/facebook.com\/championbaltics","article_modified_time":"2025-09-17T08:28:46+00:00","og_image":[{"width":900,"height":556,"url":"https:\/\/championbaltics.com\/wp-content\/uploads\/2025\/08\/BP_LDG6500SV3WRC-EU_featured_900x556.webp","type":"image\/jpeg"}],"twitter_card":"summary_large_image","twitter_misc":{"Price":"2 079,00&nbsp;&euro;","Availability":"In stock"},"schema":{"@context":"https:\/\/schema.org","@graph":[{"@type":"WebPage","@id":"https:\/\/championbaltics.com\/lt\/toode\/bimson-625-kva-dyzelinis-generatorius-3-fazes\/","url":"https:\/\/championbaltics.com\/lt\/toode\/bimson-625-kva-dyzelinis-generatorius-3-fazes\/","name":"Bimson power 6,25 kVA trifazis dyzelinis generatorius - Champion Baltics","isPartOf":{"@id":"https:\/\/championbaltics.com\/lt\/#website"},"primaryImageOfPage":{"@id":"https:\/\/championbaltics.com\/lt\/toode\/bimson-625-kva-dyzelinis-generatorius-3-fazes\/#primaryimage"},"image":{"@id":"https:\/\/championbaltics.com\/lt\/toode\/bimson-625-kva-dyzelinis-generatorius-3-fazes\/#primaryimage"},"thumbnailUrl":"https:\/\/championbaltics.com\/wp-content\/uploads\/2025\/08\/BP_LDG6500SV3WRC-EU_featured_900x556.webp","datePublished":"2025-08-26T11:37:50+00:00","dateModified":"2025-09-17T08:28:46+00:00","description":"\u201eBimson\" trifazis 6,25 kVA dyzelinis generatorius su EU5 varikliu ir AVR. Stabilus i\u0161\u0117jimas.","breadcrumb":{"@id":"https:\/\/championbaltics.com\/lt\/toode\/bimson-625-kva-dyzelinis-generatorius-3-fazes\/#breadcrumb"},"inLanguage":"lt-LT","potentialAction":[{"@type":"ReadAction","target":["https:\/\/championbaltics.com\/lt\/toode\/bimson-625-kva-dyzelinis-generatorius-3-fazes\/"]}]},{"@type":"ImageObject","inLanguage":"lt-LT","@id":"https:\/\/championbaltics.com\/lt\/toode\/bimson-625-kva-dyzelinis-generatorius-3-fazes\/#primaryimage","url":"https:\/\/championbaltics.com\/wp-content\/uploads\/2025\/08\/BP_LDG6500SV3WRC-EU_featured_900x556.webp","contentUrl":"https:\/\/championbaltics.com\/wp-content\/uploads\/2025\/08\/BP_LDG6500SV3WRC-EU_featured_900x556.webp","width":900,"height":556},{"@type":"BreadcrumbList","@id":"https:\/\/championbaltics.com\/lt\/toode\/bimson-625-kva-dyzelinis-generatorius-3-fazes\/#breadcrumb","itemListElement":[{"@type":"ListItem","position":1,"name":"Home","item":"https:\/\/championbaltics.com\/lt\/"},{"@type":"ListItem","position":2,"name":"Parduotuv\u0117","item":"https:\/\/championbaltics.com\/lt\/parduotuve\/"},{"@type":"ListItem","position":3,"name":"Bimson power 6,25 kVA trifazis dyzelinis generatorius"}]},{"@type":"WebSite","@id":"https:\/\/championbaltics.com\/lt\/#website","url":"https:\/\/championbaltics.com\/lt\/","name":"Champion Baltics","description":"Power equipments","publisher":{"@id":"https:\/\/championbaltics.com\/lt\/#organization"},"alternateName":"Champion Power Equipment","potentialAction":[{"@type":"SearchAction","target":{"@type":"EntryPoint","urlTemplate":"https:\/\/championbaltics.com\/lt\/?s={search_term_string}"},"query-input":{"@type":"PropertyValueSpecification","valueRequired":true,"valueName":"search_term_string"}}],"inLanguage":"lt-LT"},{"@type":["Organization","Place"],"@id":"https:\/\/championbaltics.com\/lt\/#organization","name":"Champion Baltics","alternateName":"Champion Power Equipment","url":"https:\/\/championbaltics.com\/lt\/","logo":{"@id":"https:\/\/championbaltics.com\/lt\/toode\/bimson-625-kva-dyzelinis-generatorius-3-fazes\/#local-main-organization-logo"},"image":{"@id":"https:\/\/championbaltics.com\/lt\/toode\/bimson-625-kva-dyzelinis-generatorius-3-fazes\/#local-main-organization-logo"},"sameAs":["https:\/\/facebook.com\/championbaltics"],"description":"Champion power equipment representer of State of Baltics","legalName":"T.O Engineering LLC","foundingDate":"2015-01-07","numberOfEmployees":{"@type":"QuantitativeValue","minValue":"1","maxValue":"10"},"hasMerchantReturnPolicy":{"@type":"MerchantReturnPolicy","merchantReturnLink":"https:\/\/championbaltics.com\/refund_returns\/"},"address":{"@id":"https:\/\/championbaltics.com\/lt\/toode\/bimson-625-kva-dyzelinis-generatorius-3-fazes\/#local-main-place-address"},"telephone":[],"contactPoint":{"@type":"ContactPoint","telephone":"+3725204833","email":"info@championbaltics.com"},"openingHoursSpecification":[{"@type":"OpeningHoursSpecification","dayOfWeek":["Monday","Tuesday","Wednesday","Thursday","Friday","Saturday","Sunday"],"opens":"09:00","closes":"17:00"}],"email":"info@championbaltics.com","vatID":"EE102032772"},{"@type":"PostalAddress","@id":"https:\/\/championbaltics.com\/lt\/toode\/bimson-625-kva-dyzelinis-generatorius-3-fazes\/#local-main-place-address","streetAddress":"P\u00e4rnu mnt 144","addressLocality":"Tallinn","postalCode":"11317","addressRegion":"Harju","addressCountry":"EE"},{"@type":"ImageObject","inLanguage":"lt-LT","@id":"https:\/\/championbaltics.com\/lt\/toode\/bimson-625-kva-dyzelinis-generatorius-3-fazes\/#local-main-organization-logo","url":"https:\/\/championbaltics.com\/wp-content\/uploads\/2025\/08\/cropped-ChampionBalticsLogo.webp","contentUrl":"https:\/\/championbaltics.com\/wp-content\/uploads\/2025\/08\/cropped-ChampionBalticsLogo.webp","width":512,"height":512,"caption":"Champion Baltics"}]},"product_brand":"Bimson","product_price_amount":"2079.00","product_price_currency":"EUR","og_availability":"instock","product_availability":"instock","product_retailer_item_id":"LDG6500SV3WRC-EU","product_condition":"new","geo.placename":"Tallinn","geo.region":"Estonia"},"_links":{"self":[{"href":"https:\/\/championbaltics.com\/lt\/wp-json\/wp\/v2\/product\/31020","targetHints":{"allow":["GET"]}}],"collection":[{"href":"https:\/\/championbaltics.com\/lt\/wp-json\/wp\/v2\/product"}],"about":[{"href":"https:\/\/championbaltics.com\/lt\/wp-json\/wp\/v2\/types\/product"}],"replies":[{"embeddable":true,"href":"https:\/\/championbaltics.com\/lt\/wp-json\/wp\/v2\/comments?post=31020"}],"version-history":[{"count":5,"href":"https:\/\/championbaltics.com\/lt\/wp-json\/wp\/v2\/product\/31020\/revisions"}],"predecessor-version":[{"id":32024,"href":"https:\/\/championbaltics.com\/lt\/wp-json\/wp\/v2\/product\/31020\/revisions\/32024"}],"wp:featuredmedia":[{"embeddable":true,"href":"https:\/\/championbaltics.com\/lt\/wp-json\/wp\/v2\/media\/34256"}],"wp:attachment":[{"href":"https:\/\/championbaltics.com\/lt\/wp-json\/wp\/v2\/media?parent=31020"}],"wp:term":[{"taxonomy":"product_brand","embeddable":true,"href":"https:\/\/championbaltics.com\/lt\/wp-json\/wp\/v2\/product_brand?post=31020"},{"taxonomy":"product_cat","embeddable":true,"href":"https:\/\/championbaltics.com\/lt\/wp-json\/wp\/v2\/product_cat?post=31020"},{"taxonomy":"product_tag","embeddable":true,"href":"https:\/\/championbaltics.com\/lt\/wp-json\/wp\/v2\/product_tag?post=31020"}],"curies":[{"name":"wp","href":"https:\/\/api.w.org\/{rel}","templated":true}]}}