{"id":31024,"date":"2025-08-26T11:37:50","date_gmt":"2025-08-26T11:37:50","guid":{"rendered":"https:\/\/championbaltics.com\/toode\/bimson-625-kva-dyzelinis-generatorius-3-fazes-2\/"},"modified":"2025-09-17T08:28:44","modified_gmt":"2025-09-17T08:28:44","slug":"bimson-625-kva-dyzelinis-generatorius-3-fazes-2","status":"publish","type":"product","link":"https:\/\/championbaltics.com\/lt\/toode\/bimson-625-kva-dyzelinis-generatorius-3-fazes-2\/","title":{"rendered":"Bimson power 6,25 kVA trifazis dyzelinis generatorius"},"content":{"rendered":"<p>\u0160is naujas ir patobulintas Bimson Power modelis si\u016blo didesn\u0119 gali\u0105 ir visi\u0161kai atitinkant\u012f EU5 standart\u0105 varikl\u012f su \u0161epet\u0117liniu variniu generatoriumi viduje, u\u017etikrinan\u010diu tolyg\u0173 variklio greit\u012f.<\/p>\n<p>Jis turi <strong>automatin\u0119 \u012ftampos reguliavimo (AVR)<\/strong> valdymo sistem\u0105 i\u0161\u0117jimo steb\u0117jimui ir \u012frenginio apsaugai nuo \u012ftampos svyravim\u0173, u\u017etikrinan\u010di\u0105 sklandesn\u0119 sinuso bang\u0105.<\/p>\n<p>Apgaubtas gars\u0105 izoliuojan\u010diu korpusu, padengtu atsparia \u012fbr\u0117\u017eimams matine apdaila, tvirtas pramoninis r\u0117mas suteikia visi\u0161k\u0105 apsaug\u0105 ir palengvina perne\u0161amum\u0105. \u0160is tylus korpusas taip pat turi rakteliu u\u017evedimo galimyb\u0119, o skland\u0173 veikim\u0105 dar labiau pagerina antivibraciniai tvirtinimai.  <\/p>\n<p>Pilnai pripildytas 16 litr\u0173 bakas leid\u017eia lengvai dirbti iki 12 valand\u0173 esant ma\u017edaug 50% apkrovai, tod\u0117l \u0161is Bimson Power generatorius idealiai tinka \u012fvairiems pritaikymams, tokiems kaip nam\u0173 \u016bki\u0173 apr\u016bpinimas, statyba, maitinimas ir pramoninis naudojimas, pavyzd\u017eiui, su elektriniais \u012frankiais ir ap\u0161vietimo \u012franga. Kaip atsarginis generatorius, tai idealus produktas elektros tiekimo nutr\u016bkimo ir trikd\u017ei\u0173 metu.  <\/p>\n<p>ELEKTRINIS modelis net turi <strong>automatinio perjungimo (ATS)<\/strong> \u012fvesties prievad\u0105, suderinam\u0105 su m\u016bs\u0173 ATS skydeliu, kad generatorius automati\u0161kai \u012fsijungt\u0173 nutr\u016bkus elektros tiekimui ir i\u0161sijungt\u0173, kai tinklo maitinimas atkuriamas.<\/p>\n<p>Standartin\u0117je \u012frangoje yra 12 V akumuliatoriaus \u012fkrovimo lizdas bei 415 V trifaziai ir 240 V vienfaziai i\u0161\u0117jimo lizdai.<\/p>\n<p>ELEKTRINIS modelis (be nuotolinio valdymo pulto) taip pat turi ATS \u012fvesties prievad\u0105 ATS skydeliui 190102000010.<\/p>\n<p>Visi \u0161io produkto pateikti duomenys nurodo subalansuot\u0105 apkrov\u0105; naudojant nesubalansuotas apkrovas, turite patikrinti \u012frenginio duomenis.<\/p>\n<p>Atkreipkite d\u0117mes\u012f: Jei naudojate vienfaz\u0119 srov\u0119 per trifaz\u012f generatori\u0173, gausite tik apie 30-35% viso i\u0161\u0117jimo galingumo, nes j\u016bs\u0173 lizdas veikia tik su viena i\u0161 trij\u0173 galim\u0173 fazi\u0173.<\/p>\n","protected":false},"excerpt":{"rendered":"<p>\u0160is Bimson Power modelis si\u016blo padidint\u0105 gali\u0105 ir visi\u0161kai atitinkant\u012f EU5 standart\u0105 varikl\u012f su \u0161epet\u0117liniu variniu generatoriumi viduje, u\u017etikrinan\u010diu tolyg\u0173 variklio greit\u012f.<\/p>\n<ul>\n<li>BIMSON POWER KOKYB\u0116 \u2013 Dyzelinis 474 cm\u00b3 variklis \u2013 3 fazi\u0173 paruo\u0161imas.<\/li>\n<li>GALIA \u2013 6,25 kVA generatorius su maksimalia 5 500 vat\u0173 galia, darbin\u0117 galia 5 000 vat\u0173.<\/li>\n<li>DARBO LAIKAS \u2013 16 litr\u0173 bakas leid\u017eia dirbti iki 12 valand\u0173 esant 50% apkrovai.<\/li>\n<li>I\u0160MANUS + SAUGUS \u2013 Su \u017eemo alyvos lygio i\u0161jungimo jutikliu ir automatiniu \u012ftampos reguliatoriumi (AVR) valdymo sistema saugiam naudojimui.<\/li>\n<li>RAMYB\u0116 + TYLUMAS \u2013 Tylus veikimas tik 68 dBA triuk\u0161mo lygiu (7 metr\u0173 atstumu) ir gars\u0105 izoliuojan\u010diu korpusu.<\/li>\n<li>KELI LIZDAI \u2013 \u012eskaitant 1 x 415 V 16 A ir 1 x 240 V 16 A.<\/li>\n<\/ul>\n<p>PASTABA: Paruo\u0161tas ATS.<\/p>\n","protected":false},"featured_media":0,"comment_status":"open","ping_status":"closed","template":"","meta":[],"product_brand":[92],"product_cat":[185],"product_tag":[243,186],"class_list":{"0":"post-31024","1":"product","2":"type-product","3":"status-publish","5":"product_brand-bimson","6":"product_cat-dyzeliniai-generatoriai","7":"product_tag-dyzelinis-generatorius","8":"product_tag-generatorius","10":"first","11":"instock","12":"taxable","13":"shipping-taxable","14":"purchasable","15":"product-type-simple"},"yoast_head":"<!-- This site is optimized with the Yoast SEO Premium plugin v27.4 (Yoast SEO v27.4) - https:\/\/yoast.com\/product\/yoast-seo-premium-wordpress\/ -->\n<title>Bimson power 6,25 kVA trifazis dyzelinis generatorius - Champion Baltics<\/title>\n<meta name=\"description\" content=\"Bimson Power 6,25 kVA dyzelinis generatorius: EU5, AVR, ATS, 12 val. darbo laikas, 3 faz\u0117s, tylus, el. paleidimas.\" \/>\n<meta name=\"robots\" content=\"index, follow, max-snippet:-1, max-image-preview:large, max-video-preview:-1\" \/>\n<link rel=\"canonical\" href=\"https:\/\/championbaltics.com\/lt\/toode\/bimson-625-kva-dyzelinis-generatorius-3-fazes-2\/\" \/>\n<meta property=\"og:locale\" content=\"lt_LT\" \/>\n<meta property=\"og:type\" content=\"article\" \/>\n<meta property=\"og:title\" content=\"Bimson power 6,25 kVA trifazis dyzelinis generatorius\" \/>\n<meta property=\"og:description\" content=\"Bimson Power 6,25 kVA dyzelinis generatorius: EU5, AVR, ATS, 12 val. darbo laikas, 3 faz\u0117s, tylus, el. paleidimas.\" \/>\n<meta property=\"og:url\" content=\"https:\/\/championbaltics.com\/lt\/toode\/bimson-625-kva-dyzelinis-generatorius-3-fazes-2\/\" \/>\n<meta property=\"og:site_name\" content=\"Champion Baltics\" \/>\n<meta property=\"article:publisher\" content=\"https:\/\/facebook.com\/championbaltics\" \/>\n<meta property=\"article:modified_time\" content=\"2025-09-17T08:28:44+00:00\" \/>\n<meta property=\"og:image\" content=\"https:\/\/championbaltics.com\/wp-content\/uploads\/2025\/08\/BPE_LDG6500SV3-EU_front-view_900x556.webp\" \/>\n\t<meta property=\"og:image:width\" content=\"900\" \/>\n\t<meta property=\"og:image:height\" content=\"556\" \/>\n\t<meta property=\"og:image:type\" content=\"image\/jpeg\" \/>\n<meta name=\"twitter:card\" content=\"summary_large_image\" \/>\n<meta name=\"twitter:label1\" content=\"Price\" \/>\n\t<meta name=\"twitter:data1\" content=\"2 079,00&nbsp;&euro;\" \/>\n\t<meta name=\"twitter:label2\" content=\"Availability\" \/>\n\t<meta name=\"twitter:data2\" content=\"In stock\" \/>\n<script type=\"application\/ld+json\" class=\"yoast-schema-graph\">{\"@context\":\"https:\\\/\\\/schema.org\",\"@graph\":[{\"@type\":\"WebPage\",\"@id\":\"https:\\\/\\\/championbaltics.com\\\/lt\\\/toode\\\/bimson-625-kva-dyzelinis-generatorius-3-fazes-2\\\/\",\"url\":\"https:\\\/\\\/championbaltics.com\\\/lt\\\/toode\\\/bimson-625-kva-dyzelinis-generatorius-3-fazes-2\\\/\",\"name\":\"Bimson power 6,25 kVA trifazis dyzelinis generatorius - Champion Baltics\",\"isPartOf\":{\"@id\":\"https:\\\/\\\/championbaltics.com\\\/lt\\\/#website\"},\"datePublished\":\"2025-08-26T11:37:50+00:00\",\"dateModified\":\"2025-09-17T08:28:44+00:00\",\"description\":\"Bimson Power 6,25 kVA dyzelinis generatorius: EU5, AVR, ATS, 12 val. darbo laikas, 3 faz\u0117s, tylus, el. paleidimas.\",\"breadcrumb\":{\"@id\":\"https:\\\/\\\/championbaltics.com\\\/lt\\\/toode\\\/bimson-625-kva-dyzelinis-generatorius-3-fazes-2\\\/#breadcrumb\"},\"inLanguage\":\"lt-LT\",\"potentialAction\":[{\"@type\":\"ReadAction\",\"target\":[\"https:\\\/\\\/championbaltics.com\\\/lt\\\/toode\\\/bimson-625-kva-dyzelinis-generatorius-3-fazes-2\\\/\"]}]},{\"@type\":\"BreadcrumbList\",\"@id\":\"https:\\\/\\\/championbaltics.com\\\/lt\\\/toode\\\/bimson-625-kva-dyzelinis-generatorius-3-fazes-2\\\/#breadcrumb\",\"itemListElement\":[{\"@type\":\"ListItem\",\"position\":1,\"name\":\"Home\",\"item\":\"https:\\\/\\\/championbaltics.com\\\/lt\\\/\"},{\"@type\":\"ListItem\",\"position\":2,\"name\":\"Parduotuv\u0117\",\"item\":\"https:\\\/\\\/championbaltics.com\\\/lt\\\/parduotuve\\\/\"},{\"@type\":\"ListItem\",\"position\":3,\"name\":\"Bimson power 6,25 kVA trifazis dyzelinis generatorius\"}]},{\"@type\":\"WebSite\",\"@id\":\"https:\\\/\\\/championbaltics.com\\\/lt\\\/#website\",\"url\":\"https:\\\/\\\/championbaltics.com\\\/lt\\\/\",\"name\":\"Champion Baltics\",\"description\":\"Power equipments\",\"publisher\":{\"@id\":\"https:\\\/\\\/championbaltics.com\\\/lt\\\/#organization\"},\"alternateName\":\"Champion Power Equipment\",\"potentialAction\":[{\"@type\":\"SearchAction\",\"target\":{\"@type\":\"EntryPoint\",\"urlTemplate\":\"https:\\\/\\\/championbaltics.com\\\/lt\\\/?s={search_term_string}\"},\"query-input\":{\"@type\":\"PropertyValueSpecification\",\"valueRequired\":true,\"valueName\":\"search_term_string\"}}],\"inLanguage\":\"lt-LT\"},{\"@type\":[\"Organization\",\"Place\"],\"@id\":\"https:\\\/\\\/championbaltics.com\\\/lt\\\/#organization\",\"name\":\"Champion Baltics\",\"alternateName\":\"Champion Power Equipment\",\"url\":\"https:\\\/\\\/championbaltics.com\\\/lt\\\/\",\"logo\":{\"@id\":\"https:\\\/\\\/championbaltics.com\\\/lt\\\/toode\\\/bimson-625-kva-dyzelinis-generatorius-3-fazes-2\\\/#local-main-organization-logo\"},\"image\":{\"@id\":\"https:\\\/\\\/championbaltics.com\\\/lt\\\/toode\\\/bimson-625-kva-dyzelinis-generatorius-3-fazes-2\\\/#local-main-organization-logo\"},\"sameAs\":[\"https:\\\/\\\/facebook.com\\\/championbaltics\"],\"description\":\"Champion power equipment representer of State of Baltics\",\"legalName\":\"T.O Engineering LLC\",\"foundingDate\":\"2015-01-07\",\"numberOfEmployees\":{\"@type\":\"QuantitativeValue\",\"minValue\":\"1\",\"maxValue\":\"10\"},\"hasMerchantReturnPolicy\":{\"@type\":\"MerchantReturnPolicy\",\"merchantReturnLink\":\"https:\\\/\\\/championbaltics.com\\\/refund_returns\\\/\"},\"address\":{\"@id\":\"https:\\\/\\\/championbaltics.com\\\/lt\\\/toode\\\/bimson-625-kva-dyzelinis-generatorius-3-fazes-2\\\/#local-main-place-address\"},\"telephone\":[],\"contactPoint\":{\"@type\":\"ContactPoint\",\"telephone\":\"+3725204833\",\"email\":\"info@championbaltics.com\"},\"openingHoursSpecification\":[{\"@type\":\"OpeningHoursSpecification\",\"dayOfWeek\":[\"Monday\",\"Tuesday\",\"Wednesday\",\"Thursday\",\"Friday\",\"Saturday\",\"Sunday\"],\"opens\":\"09:00\",\"closes\":\"17:00\"}],\"email\":\"info@championbaltics.com\",\"vatID\":\"EE102032772\"},{\"@type\":\"PostalAddress\",\"@id\":\"https:\\\/\\\/championbaltics.com\\\/lt\\\/toode\\\/bimson-625-kva-dyzelinis-generatorius-3-fazes-2\\\/#local-main-place-address\",\"streetAddress\":\"P\u00e4rnu mnt 144\",\"addressLocality\":\"Tallinn\",\"postalCode\":\"11317\",\"addressRegion\":\"Harju\",\"addressCountry\":\"EE\"},{\"@type\":\"ImageObject\",\"inLanguage\":\"lt-LT\",\"@id\":\"https:\\\/\\\/championbaltics.com\\\/lt\\\/toode\\\/bimson-625-kva-dyzelinis-generatorius-3-fazes-2\\\/#local-main-organization-logo\",\"url\":\"https:\\\/\\\/championbaltics.com\\\/wp-content\\\/uploads\\\/2025\\\/08\\\/cropped-ChampionBalticsLogo.webp\",\"contentUrl\":\"https:\\\/\\\/championbaltics.com\\\/wp-content\\\/uploads\\\/2025\\\/08\\\/cropped-ChampionBalticsLogo.webp\",\"width\":512,\"height\":512,\"caption\":\"Champion Baltics\"}]}<\/script>\n<meta property=\"product:brand\" content=\"Bimson\" \/>\n<meta property=\"product:price:amount\" content=\"2079.00\" \/>\n<meta property=\"product:price:currency\" content=\"EUR\" \/>\n<meta property=\"og:availability\" content=\"instock\" \/>\n<meta property=\"product:availability\" content=\"instock\" \/>\n<meta property=\"product:retailer_item_id\" content=\"LDG6500SV3-EU\" \/>\n<meta property=\"product:condition\" content=\"new\" \/>\n<meta name=\"geo.placename\" content=\"Tallinn\" \/>\n<meta name=\"geo.region\" content=\"Estonia\" \/>\n<!-- \/ Yoast SEO Premium plugin. -->","yoast_head_json":{"title":"Bimson power 6,25 kVA trifazis dyzelinis generatorius - Champion Baltics","description":"Bimson Power 6,25 kVA dyzelinis generatorius: EU5, AVR, ATS, 12 val. darbo laikas, 3 faz\u0117s, tylus, el. paleidimas.","robots":{"index":"index","follow":"follow","max-snippet":"max-snippet:-1","max-image-preview":"max-image-preview:large","max-video-preview":"max-video-preview:-1"},"canonical":"https:\/\/championbaltics.com\/lt\/toode\/bimson-625-kva-dyzelinis-generatorius-3-fazes-2\/","og_locale":"lt_LT","og_type":"article","og_title":"Bimson power 6,25 kVA trifazis dyzelinis generatorius","og_description":"Bimson Power 6,25 kVA dyzelinis generatorius: EU5, AVR, ATS, 12 val. darbo laikas, 3 faz\u0117s, tylus, el. paleidimas.","og_url":"https:\/\/championbaltics.com\/lt\/toode\/bimson-625-kva-dyzelinis-generatorius-3-fazes-2\/","og_site_name":"Champion Baltics","article_publisher":"https:\/\/facebook.com\/championbaltics","article_modified_time":"2025-09-17T08:28:44+00:00","og_image":[{"width":900,"height":556,"url":"https:\/\/championbaltics.com\/wp-content\/uploads\/2025\/08\/BPE_LDG6500SV3-EU_front-view_900x556.webp","type":"image\/jpeg"}],"twitter_card":"summary_large_image","twitter_misc":{"Price":"2 079,00&nbsp;&euro;","Availability":"In stock"},"schema":{"@context":"https:\/\/schema.org","@graph":[{"@type":"WebPage","@id":"https:\/\/championbaltics.com\/lt\/toode\/bimson-625-kva-dyzelinis-generatorius-3-fazes-2\/","url":"https:\/\/championbaltics.com\/lt\/toode\/bimson-625-kva-dyzelinis-generatorius-3-fazes-2\/","name":"Bimson power 6,25 kVA trifazis dyzelinis generatorius - Champion Baltics","isPartOf":{"@id":"https:\/\/championbaltics.com\/lt\/#website"},"datePublished":"2025-08-26T11:37:50+00:00","dateModified":"2025-09-17T08:28:44+00:00","description":"Bimson Power 6,25 kVA dyzelinis generatorius: EU5, AVR, ATS, 12 val. darbo laikas, 3 faz\u0117s, tylus, el. paleidimas.","breadcrumb":{"@id":"https:\/\/championbaltics.com\/lt\/toode\/bimson-625-kva-dyzelinis-generatorius-3-fazes-2\/#breadcrumb"},"inLanguage":"lt-LT","potentialAction":[{"@type":"ReadAction","target":["https:\/\/championbaltics.com\/lt\/toode\/bimson-625-kva-dyzelinis-generatorius-3-fazes-2\/"]}]},{"@type":"BreadcrumbList","@id":"https:\/\/championbaltics.com\/lt\/toode\/bimson-625-kva-dyzelinis-generatorius-3-fazes-2\/#breadcrumb","itemListElement":[{"@type":"ListItem","position":1,"name":"Home","item":"https:\/\/championbaltics.com\/lt\/"},{"@type":"ListItem","position":2,"name":"Parduotuv\u0117","item":"https:\/\/championbaltics.com\/lt\/parduotuve\/"},{"@type":"ListItem","position":3,"name":"Bimson power 6,25 kVA trifazis dyzelinis generatorius"}]},{"@type":"WebSite","@id":"https:\/\/championbaltics.com\/lt\/#website","url":"https:\/\/championbaltics.com\/lt\/","name":"Champion Baltics","description":"Power equipments","publisher":{"@id":"https:\/\/championbaltics.com\/lt\/#organization"},"alternateName":"Champion Power Equipment","potentialAction":[{"@type":"SearchAction","target":{"@type":"EntryPoint","urlTemplate":"https:\/\/championbaltics.com\/lt\/?s={search_term_string}"},"query-input":{"@type":"PropertyValueSpecification","valueRequired":true,"valueName":"search_term_string"}}],"inLanguage":"lt-LT"},{"@type":["Organization","Place"],"@id":"https:\/\/championbaltics.com\/lt\/#organization","name":"Champion Baltics","alternateName":"Champion Power Equipment","url":"https:\/\/championbaltics.com\/lt\/","logo":{"@id":"https:\/\/championbaltics.com\/lt\/toode\/bimson-625-kva-dyzelinis-generatorius-3-fazes-2\/#local-main-organization-logo"},"image":{"@id":"https:\/\/championbaltics.com\/lt\/toode\/bimson-625-kva-dyzelinis-generatorius-3-fazes-2\/#local-main-organization-logo"},"sameAs":["https:\/\/facebook.com\/championbaltics"],"description":"Champion power equipment representer of State of Baltics","legalName":"T.O Engineering LLC","foundingDate":"2015-01-07","numberOfEmployees":{"@type":"QuantitativeValue","minValue":"1","maxValue":"10"},"hasMerchantReturnPolicy":{"@type":"MerchantReturnPolicy","merchantReturnLink":"https:\/\/championbaltics.com\/refund_returns\/"},"address":{"@id":"https:\/\/championbaltics.com\/lt\/toode\/bimson-625-kva-dyzelinis-generatorius-3-fazes-2\/#local-main-place-address"},"telephone":[],"contactPoint":{"@type":"ContactPoint","telephone":"+3725204833","email":"info@championbaltics.com"},"openingHoursSpecification":[{"@type":"OpeningHoursSpecification","dayOfWeek":["Monday","Tuesday","Wednesday","Thursday","Friday","Saturday","Sunday"],"opens":"09:00","closes":"17:00"}],"email":"info@championbaltics.com","vatID":"EE102032772"},{"@type":"PostalAddress","@id":"https:\/\/championbaltics.com\/lt\/toode\/bimson-625-kva-dyzelinis-generatorius-3-fazes-2\/#local-main-place-address","streetAddress":"P\u00e4rnu mnt 144","addressLocality":"Tallinn","postalCode":"11317","addressRegion":"Harju","addressCountry":"EE"},{"@type":"ImageObject","inLanguage":"lt-LT","@id":"https:\/\/championbaltics.com\/lt\/toode\/bimson-625-kva-dyzelinis-generatorius-3-fazes-2\/#local-main-organization-logo","url":"https:\/\/championbaltics.com\/wp-content\/uploads\/2025\/08\/cropped-ChampionBalticsLogo.webp","contentUrl":"https:\/\/championbaltics.com\/wp-content\/uploads\/2025\/08\/cropped-ChampionBalticsLogo.webp","width":512,"height":512,"caption":"Champion Baltics"}]},"product_brand":"Bimson","product_price_amount":"2079.00","product_price_currency":"EUR","og_availability":"instock","product_availability":"instock","product_retailer_item_id":"LDG6500SV3-EU","product_condition":"new","geo.placename":"Tallinn","geo.region":"Estonia"},"_links":{"self":[{"href":"https:\/\/championbaltics.com\/lt\/wp-json\/wp\/v2\/product\/31024","targetHints":{"allow":["GET"]}}],"collection":[{"href":"https:\/\/championbaltics.com\/lt\/wp-json\/wp\/v2\/product"}],"about":[{"href":"https:\/\/championbaltics.com\/lt\/wp-json\/wp\/v2\/types\/product"}],"replies":[{"embeddable":true,"href":"https:\/\/championbaltics.com\/lt\/wp-json\/wp\/v2\/comments?post=31024"}],"version-history":[{"count":4,"href":"https:\/\/championbaltics.com\/lt\/wp-json\/wp\/v2\/product\/31024\/revisions"}],"predecessor-version":[{"id":32019,"href":"https:\/\/championbaltics.com\/lt\/wp-json\/wp\/v2\/product\/31024\/revisions\/32019"}],"wp:attachment":[{"href":"https:\/\/championbaltics.com\/lt\/wp-json\/wp\/v2\/media?parent=31024"}],"wp:term":[{"taxonomy":"product_brand","embeddable":true,"href":"https:\/\/championbaltics.com\/lt\/wp-json\/wp\/v2\/product_brand?post=31024"},{"taxonomy":"product_cat","embeddable":true,"href":"https:\/\/championbaltics.com\/lt\/wp-json\/wp\/v2\/product_cat?post=31024"},{"taxonomy":"product_tag","embeddable":true,"href":"https:\/\/championbaltics.com\/lt\/wp-json\/wp\/v2\/product_tag?post=31024"}],"curies":[{"name":"wp","href":"https:\/\/api.w.org\/{rel}","templated":true}]}}