{"id":31096,"date":"2025-08-27T08:41:43","date_gmt":"2025-08-27T08:41:43","guid":{"rendered":"https:\/\/championbaltics.com\/toode\/champion-289-bar-4200-psi-151-lpm-slegio-plovimo-irenginys\/"},"modified":"2025-09-18T10:04:04","modified_gmt":"2025-09-18T10:04:04","slug":"champion-289-bar-4200-psi-151-lpm-slegio-plovimo-irenginys","status":"publish","type":"product","link":"https:\/\/championbaltics.com\/lt\/toode\/champion-289-bar-4200-psi-151-lpm-slegio-plovimo-irenginys\/","title":{"rendered":"Champion 289 bar (4200 PSI) 15,1 LPM sl\u0117gio plovimo \u012frenginys"},"content":{"rendered":"<h3>Champion galios \u012frangos 4200 PSI 15,1 LPM sl\u0117gio plovimo \u012frenginys<\/h3>\n<p>Champion Power Equipment 4200-PSI 15,1 LPM \u017eemo profilio benzininis sl\u0117gio plovimo \u012frenginys suteikia ekonomi\u0161k\u0105, \u201epasidaryk pats\u201c valymo gali\u0105. Praktini\u0173 funkcij\u0173 ir auk\u0161tos kokyb\u0117s komponent\u0173 derinys leid\u017eia lengviau ir efektyviau valyti visus j\u016bs\u0173 lauko projektus. <\/p>\n<p>\u0160is <strong>4200 PSI sl\u0117gio plovimo \u012frenginys<\/strong> puikiai veikia esant sl\u0117giui, nepriklausomai nuo darbo. Nesvarbu, ar j\u016bs\u0173 lauko valymo projektas apima teras\u0105, den\u012f, lauko baldus, apdail\u0105, tvor\u0105, va\u017eiuojam\u0105j\u0105 dal\u012f, automobil\u012f, sunkve\u017eim\u012f, valt\u012f, RV, \u017eem\u0117s \u016bkio \u012frang\u0105 ar k\u0105 nors kita, Champion \u017eemo profilio sl\u0117gio plovimo \u012frenginys turi visk\u0105, ko reikia bet kokiam darbui atlikti. <\/p>\n<p>Svarbu pasirinkti tinkam\u0105 purk\u0161tuk\u0105 darbui, nes purk\u0161tuko dydis veikia vandens sraut\u0105 ir sl\u0117g\u012f. <strong>Penki greito prijungimo purk\u0161tukai<\/strong> (0\u00b0, 15\u00b0, 25\u00b0, 40\u00b0, muilas) u\u017etikrina maksimal\u0173 valymo efektyvum\u0105 bet kokio tipo projekte. <\/p>\n<p>Padidinkite savo pasiekiamum\u0105 su pridedama <strong>15,2 m auk\u0161to sl\u0117gio, greito prijungimo \u017earna<\/strong> ir be r\u016bpes\u010di\u0173 naudokite valymo priemones su 1,2 m ploviklio \u017earna.<\/p>\n<p><strong>Annovi Reverberi triplex siurblys<\/strong> yra sukurtas dideliam na\u0161umui, dideliam efektyvumui ir ilgam siurblio tarnavimo laikui bei u\u017etikrins pastov\u0173 purk\u0161tuko sl\u0117g\u012f nuosekliam valymo efektyvumui.<\/p>\n<p>Champion \u017eemo profilio dizainas kartu su <strong>25,4 cm kietomis padangomis<\/strong> leid\u017eia lengvai manevruoti \u0161iuo sl\u0117gio plovimo \u012frenginiu. Patogi borto saugykla auk\u0161to sl\u0117gio \u017earnai, paleidimo pistoletui ir pur\u0161kimo lazdai u\u017etikrina, kad tur\u0117site tai, ko jums reikia, kai jums to reikia, be to, gal\u0117site jud\u0117ti toliau, nesustodami ir ned\u0117dami daikt\u0173 \u012f \u0161al\u012f. <\/p>\n<p>Patvarus <strong>plieninis r\u0117mas<\/strong> yra sukurtas tarnauti ilgai. \u0160\u012f \u012frengin\u012f maitina 389 cm3 <strong>Champion vieno cilindro OHV variklis<\/strong> su 6 litr\u0173 degal\u0173 baku ir suprojektuotas su \u017eemo alyvos i\u0161jungimo jutikliu, \u0161io \u012frenginio alyvos talpa yra 1,1 litro (<a href=\"https:\/\/championbaltics.com\/lt\/toode\/champion-tekma-power-x-variklio-alyva-pagal-motul-10w30-1l\/\">rekomenduojama 10W-30<\/a>). <\/p>\n<div class=\"callout warning\">\n<h4>\u012eSP\u0116JIMAS<\/h4>\n<p>\u0160ie sl\u0117gio plovimo \u012frenginiai yra skirti tik pagrindiniam tiekimui ir reikalauja ma\u017eiausio srauto grei\u010dio 5 ltr\/min. Jie n\u0117ra skirti naudoti su ne\u0161iojamais bakais ar konteineriais. <\/p>\n<\/div>\n","protected":false},"excerpt":{"rendered":"<p>Champion Power Equipment 4200-PSI 15,1 LPM \u017eemo profilio benzininis sl\u0117gio plovimo \u012frenginys suteikia ekonomi\u0161k\u0105, \u201epasidaryk pats\u201c valymo gali\u0105. Praktini\u0173 funkcij\u0173 ir auk\u0161tos kokyb\u0117s komponent\u0173 derinys leid\u017eia lengviau ir efektyviau valyti visus j\u016bs\u0173 lauko projektus. <\/p>\n<p>\u0160is 4200-PSI sl\u0117gio plovimo \u012frenginys puikiai veikia esant bet kokiam sl\u0117giui, nesvarbu, koks darbas. Nesvarbu, ar j\u016bs\u0173 lauko valymo projektas apima teras\u0105, den\u012f, lauko baldus, apdail\u0105, tvor\u0105, va\u017eiuojam\u0105j\u0105 dal\u012f, automobil\u012f, sunkve\u017eim\u012f, valt\u012f, kemper\u012f, \u016bkio \u012frang\u0105 ar k\u0105 nors kit\u0105, Champion \u017eemo profilio sl\u0117gio plovimo \u012frenginys turi visk\u0105, ko reikia bet kokiam darbui atlikti. <\/p>\n<p>Svarbu pasirinkti tinkam\u0105 antgal\u012f darbui, nes antgalio dydis veikia vandens sraut\u0105 ir sl\u0117g\u012f. Penki greito prijungimo antgaliai (0\u00b0, 15\u00b0, 25\u00b0, 40\u00b0, muilas) u\u017etikrina maksimal\u0173 valymo efektyvum\u0105 bet kokio tipo projektuose. <\/p>\n<p>Ypatyb\u0117s<\/p>\n<ul>\n<li>Benzinu varomas sl\u0117gio plovimo \u012frenginys su 4200 PSI (289 bar)<\/li>\n<li>Minimalus srautas 15,1 LPM<\/li>\n<li>Padidinkite savo pasiekiamum\u0105 su pridedama 15,2 m auk\u0161to sl\u0117gio \u017earna<\/li>\n<li>389 cm3 Champion vieno cilindro OHV variklis su 6 litr\u0173 degal\u0173 baku<\/li>\n<li>Penki greito prijungimo antgaliai, skirti \u012fvairioms reikm\u0117ms \u2013 0\u00b0, 15\u00b0, 25\u00b0, 40\u00b0, muilas<\/li>\n<li>Annovi Reverberi triplex siurblys, sukurtas dideliam na\u0161umui<\/li>\n<li>\u017demo alyvos lygio i\u0161jungimo jutiklis<\/li>\n<li>Patvarus plieninis r\u0117mas yra sukurtas tarnauti ilgai<\/li>\n<li>25,4 cm kietos padangos leid\u017eia lengvai manevruoti \u0161iuo sl\u0117gio plovimo \u012frenginiu<\/li>\n<li>Integruota \u017earnos laikymo vieta<\/li>\n<\/ul>\n","protected":false},"featured_media":31097,"comment_status":"open","ping_status":"closed","template":"","meta":[],"product_brand":[86],"product_cat":[191],"product_tag":[245],"class_list":{"0":"post-31096","1":"product","2":"type-product","3":"status-publish","4":"has-post-thumbnail","6":"product_brand-champion","7":"product_cat-auksto-slegio-plovyklos","8":"product_tag-auksto-slegio-plovimo-irenginys","10":"first","11":"instock","12":"taxable","13":"shipping-taxable","14":"purchasable","15":"product-type-simple"},"yoast_head":"<!-- This site is optimized with the Yoast SEO Premium plugin v27.5 (Yoast SEO v27.5) - https:\/\/yoast.com\/product\/yoast-seo-premium-wordpress\/ -->\n<title>Champion 289 bar (4200 PSI) 15,1 LPM sl\u0117gio plovimo \u012frenginys - Champion Baltics<\/title>\n<meta name=\"description\" content=\"Champion 4200 PSI sl\u0117gio plovimo \u012frenginys. \u017demo profilio benzininis sl\u0117gio plovimo \u012frenginys u\u017etikrina ekonomi\u0161k\u0105, &quot;pasidaryk pats&quot; valymo gali\u0105.\" \/>\n<meta name=\"robots\" content=\"index, follow, max-snippet:-1, max-image-preview:large, max-video-preview:-1\" \/>\n<link rel=\"canonical\" href=\"https:\/\/championbaltics.com\/lt\/toode\/champion-289-bar-4200-psi-151-lpm-slegio-plovimo-irenginys\/\" \/>\n<meta property=\"og:locale\" content=\"lt_LT\" \/>\n<meta property=\"og:type\" content=\"article\" \/>\n<meta property=\"og:title\" content=\"Champion 289 bar (4200 PSI) 15,1 LPM sl\u0117gio plovimo \u012frenginys\" \/>\n<meta property=\"og:description\" content=\"Champion 4200 PSI sl\u0117gio plovimo \u012frenginys. \u017demo profilio benzininis sl\u0117gio plovimo \u012frenginys u\u017etikrina ekonomi\u0161k\u0105, &quot;pasidaryk pats&quot; valymo gali\u0105.\" \/>\n<meta property=\"og:url\" content=\"https:\/\/championbaltics.com\/lt\/toode\/champion-289-bar-4200-psi-151-lpm-slegio-plovimo-irenginys\/\" \/>\n<meta property=\"og:site_name\" content=\"Champion Baltics\" \/>\n<meta property=\"article:publisher\" content=\"https:\/\/facebook.com\/championbaltics\" \/>\n<meta property=\"article:modified_time\" content=\"2025-09-18T10:04:04+00:00\" \/>\n<meta property=\"og:image\" content=\"https:\/\/championbaltics.com\/wp-content\/uploads\/2025\/08\/100386-Pressure-Washer-scaled.webp\" \/>\n\t<meta property=\"og:image:width\" content=\"2560\" \/>\n\t<meta property=\"og:image:height\" content=\"2044\" \/>\n\t<meta property=\"og:image:type\" content=\"image\/jpeg\" \/>\n<meta name=\"twitter:card\" content=\"summary_large_image\" \/>\n<meta name=\"twitter:label1\" content=\"Price\" \/>\n\t<meta name=\"twitter:data1\" content=\"1 299,00&nbsp;&euro;\" \/>\n\t<meta name=\"twitter:label2\" content=\"Availability\" \/>\n\t<meta name=\"twitter:data2\" content=\"In stock\" \/>\n<script type=\"application\/ld+json\" class=\"yoast-schema-graph\">{\"@context\":\"https:\\\/\\\/schema.org\",\"@graph\":[{\"@type\":\"WebPage\",\"@id\":\"https:\\\/\\\/championbaltics.com\\\/lt\\\/toode\\\/champion-289-bar-4200-psi-151-lpm-slegio-plovimo-irenginys\\\/\",\"url\":\"https:\\\/\\\/championbaltics.com\\\/lt\\\/toode\\\/champion-289-bar-4200-psi-151-lpm-slegio-plovimo-irenginys\\\/\",\"name\":\"Champion 289 bar (4200 PSI) 15,1 LPM sl\u0117gio plovimo \u012frenginys - Champion Baltics\",\"isPartOf\":{\"@id\":\"https:\\\/\\\/championbaltics.com\\\/lt\\\/#website\"},\"primaryImageOfPage\":{\"@id\":\"https:\\\/\\\/championbaltics.com\\\/lt\\\/toode\\\/champion-289-bar-4200-psi-151-lpm-slegio-plovimo-irenginys\\\/#primaryimage\"},\"image\":{\"@id\":\"https:\\\/\\\/championbaltics.com\\\/lt\\\/toode\\\/champion-289-bar-4200-psi-151-lpm-slegio-plovimo-irenginys\\\/#primaryimage\"},\"thumbnailUrl\":\"https:\\\/\\\/championbaltics.com\\\/wp-content\\\/uploads\\\/2025\\\/08\\\/100386-Pressure-Washer-scaled.webp\",\"datePublished\":\"2025-08-27T08:41:43+00:00\",\"dateModified\":\"2025-09-18T10:04:04+00:00\",\"description\":\"Champion 4200 PSI sl\u0117gio plovimo \u012frenginys. \u017demo profilio benzininis sl\u0117gio plovimo \u012frenginys u\u017etikrina ekonomi\u0161k\u0105, \\\"pasidaryk pats\\\" valymo gali\u0105.\",\"breadcrumb\":{\"@id\":\"https:\\\/\\\/championbaltics.com\\\/lt\\\/toode\\\/champion-289-bar-4200-psi-151-lpm-slegio-plovimo-irenginys\\\/#breadcrumb\"},\"inLanguage\":\"lt-LT\",\"potentialAction\":[{\"@type\":\"ReadAction\",\"target\":[\"https:\\\/\\\/championbaltics.com\\\/lt\\\/toode\\\/champion-289-bar-4200-psi-151-lpm-slegio-plovimo-irenginys\\\/\"]}]},{\"@type\":\"ImageObject\",\"inLanguage\":\"lt-LT\",\"@id\":\"https:\\\/\\\/championbaltics.com\\\/lt\\\/toode\\\/champion-289-bar-4200-psi-151-lpm-slegio-plovimo-irenginys\\\/#primaryimage\",\"url\":\"https:\\\/\\\/championbaltics.com\\\/wp-content\\\/uploads\\\/2025\\\/08\\\/100386-Pressure-Washer-scaled.webp\",\"contentUrl\":\"https:\\\/\\\/championbaltics.com\\\/wp-content\\\/uploads\\\/2025\\\/08\\\/100386-Pressure-Washer-scaled.webp\",\"width\":2560,\"height\":2044},{\"@type\":\"BreadcrumbList\",\"@id\":\"https:\\\/\\\/championbaltics.com\\\/lt\\\/toode\\\/champion-289-bar-4200-psi-151-lpm-slegio-plovimo-irenginys\\\/#breadcrumb\",\"itemListElement\":[{\"@type\":\"ListItem\",\"position\":1,\"name\":\"Home\",\"item\":\"https:\\\/\\\/championbaltics.com\\\/lt\\\/\"},{\"@type\":\"ListItem\",\"position\":2,\"name\":\"Parduotuv\u0117\",\"item\":\"https:\\\/\\\/championbaltics.com\\\/lt\\\/parduotuve\\\/\"},{\"@type\":\"ListItem\",\"position\":3,\"name\":\"Champion 289 bar (4200 PSI) 15,1 LPM sl\u0117gio plovimo \u012frenginys\"}]},{\"@type\":\"WebSite\",\"@id\":\"https:\\\/\\\/championbaltics.com\\\/lt\\\/#website\",\"url\":\"https:\\\/\\\/championbaltics.com\\\/lt\\\/\",\"name\":\"Champion Baltics\",\"description\":\"Power equipments\",\"publisher\":{\"@id\":\"https:\\\/\\\/championbaltics.com\\\/lt\\\/#organization\"},\"alternateName\":\"Champion Power Equipment\",\"potentialAction\":[{\"@type\":\"SearchAction\",\"target\":{\"@type\":\"EntryPoint\",\"urlTemplate\":\"https:\\\/\\\/championbaltics.com\\\/lt\\\/?s={search_term_string}\"},\"query-input\":{\"@type\":\"PropertyValueSpecification\",\"valueRequired\":true,\"valueName\":\"search_term_string\"}}],\"inLanguage\":\"lt-LT\"},{\"@type\":[\"Organization\",\"Place\"],\"@id\":\"https:\\\/\\\/championbaltics.com\\\/lt\\\/#organization\",\"name\":\"Champion Baltics\",\"alternateName\":\"Champion Power Equipment\",\"url\":\"https:\\\/\\\/championbaltics.com\\\/lt\\\/\",\"logo\":{\"@id\":\"https:\\\/\\\/championbaltics.com\\\/lt\\\/toode\\\/champion-289-bar-4200-psi-151-lpm-slegio-plovimo-irenginys\\\/#local-main-organization-logo\"},\"image\":{\"@id\":\"https:\\\/\\\/championbaltics.com\\\/lt\\\/toode\\\/champion-289-bar-4200-psi-151-lpm-slegio-plovimo-irenginys\\\/#local-main-organization-logo\"},\"sameAs\":[\"https:\\\/\\\/facebook.com\\\/championbaltics\"],\"description\":\"Champion power equipment representer of State of Baltics\",\"legalName\":\"T.O Engineering LLC\",\"foundingDate\":\"2015-01-07\",\"numberOfEmployees\":{\"@type\":\"QuantitativeValue\",\"minValue\":\"1\",\"maxValue\":\"10\"},\"hasMerchantReturnPolicy\":{\"@type\":\"MerchantReturnPolicy\",\"merchantReturnLink\":\"https:\\\/\\\/championbaltics.com\\\/refund_returns\\\/\"},\"address\":{\"@id\":\"https:\\\/\\\/championbaltics.com\\\/lt\\\/toode\\\/champion-289-bar-4200-psi-151-lpm-slegio-plovimo-irenginys\\\/#local-main-place-address\"},\"telephone\":[],\"contactPoint\":{\"@type\":\"ContactPoint\",\"telephone\":\"+3725204833\",\"email\":\"info@championbaltics.com\"},\"openingHoursSpecification\":[{\"@type\":\"OpeningHoursSpecification\",\"dayOfWeek\":[\"Monday\",\"Tuesday\",\"Wednesday\",\"Thursday\",\"Friday\",\"Saturday\",\"Sunday\"],\"opens\":\"09:00\",\"closes\":\"17:00\"}],\"email\":\"info@championbaltics.com\",\"vatID\":\"EE102032772\"},{\"@type\":\"PostalAddress\",\"@id\":\"https:\\\/\\\/championbaltics.com\\\/lt\\\/toode\\\/champion-289-bar-4200-psi-151-lpm-slegio-plovimo-irenginys\\\/#local-main-place-address\",\"streetAddress\":\"P\u00e4rnu mnt 144\",\"addressLocality\":\"Tallinn\",\"postalCode\":\"11317\",\"addressRegion\":\"Harju\",\"addressCountry\":\"EE\"},{\"@type\":\"ImageObject\",\"inLanguage\":\"lt-LT\",\"@id\":\"https:\\\/\\\/championbaltics.com\\\/lt\\\/toode\\\/champion-289-bar-4200-psi-151-lpm-slegio-plovimo-irenginys\\\/#local-main-organization-logo\",\"url\":\"https:\\\/\\\/championbaltics.com\\\/wp-content\\\/uploads\\\/2025\\\/08\\\/cropped-ChampionBalticsLogo.webp\",\"contentUrl\":\"https:\\\/\\\/championbaltics.com\\\/wp-content\\\/uploads\\\/2025\\\/08\\\/cropped-ChampionBalticsLogo.webp\",\"width\":512,\"height\":512,\"caption\":\"Champion Baltics\"}]}<\/script>\n<meta property=\"product:brand\" content=\"Champion\" \/>\n<meta property=\"product:price:amount\" content=\"1299.00\" \/>\n<meta property=\"product:price:currency\" content=\"EUR\" \/>\n<meta property=\"og:availability\" content=\"instock\" \/>\n<meta property=\"product:availability\" content=\"instock\" \/>\n<meta property=\"product:retailer_item_id\" content=\"100386\" \/>\n<meta property=\"product:condition\" content=\"new\" \/>\n<meta name=\"geo.placename\" content=\"Tallinn\" \/>\n<meta name=\"geo.region\" content=\"Estonia\" \/>\n<!-- \/ Yoast SEO Premium plugin. -->","yoast_head_json":{"title":"Champion 289 bar (4200 PSI) 15,1 LPM sl\u0117gio plovimo \u012frenginys - Champion Baltics","description":"Champion 4200 PSI sl\u0117gio plovimo \u012frenginys. \u017demo profilio benzininis sl\u0117gio plovimo \u012frenginys u\u017etikrina ekonomi\u0161k\u0105, \"pasidaryk pats\" valymo gali\u0105.","robots":{"index":"index","follow":"follow","max-snippet":"max-snippet:-1","max-image-preview":"max-image-preview:large","max-video-preview":"max-video-preview:-1"},"canonical":"https:\/\/championbaltics.com\/lt\/toode\/champion-289-bar-4200-psi-151-lpm-slegio-plovimo-irenginys\/","og_locale":"lt_LT","og_type":"article","og_title":"Champion 289 bar (4200 PSI) 15,1 LPM sl\u0117gio plovimo \u012frenginys","og_description":"Champion 4200 PSI sl\u0117gio plovimo \u012frenginys. \u017demo profilio benzininis sl\u0117gio plovimo \u012frenginys u\u017etikrina ekonomi\u0161k\u0105, \"pasidaryk pats\" valymo gali\u0105.","og_url":"https:\/\/championbaltics.com\/lt\/toode\/champion-289-bar-4200-psi-151-lpm-slegio-plovimo-irenginys\/","og_site_name":"Champion Baltics","article_publisher":"https:\/\/facebook.com\/championbaltics","article_modified_time":"2025-09-18T10:04:04+00:00","og_image":[{"width":2560,"height":2044,"url":"https:\/\/championbaltics.com\/wp-content\/uploads\/2025\/08\/100386-Pressure-Washer-scaled.webp","type":"image\/jpeg"}],"twitter_card":"summary_large_image","twitter_misc":{"Price":"1 299,00&nbsp;&euro;","Availability":"In stock"},"schema":{"@context":"https:\/\/schema.org","@graph":[{"@type":"WebPage","@id":"https:\/\/championbaltics.com\/lt\/toode\/champion-289-bar-4200-psi-151-lpm-slegio-plovimo-irenginys\/","url":"https:\/\/championbaltics.com\/lt\/toode\/champion-289-bar-4200-psi-151-lpm-slegio-plovimo-irenginys\/","name":"Champion 289 bar (4200 PSI) 15,1 LPM sl\u0117gio plovimo \u012frenginys - Champion Baltics","isPartOf":{"@id":"https:\/\/championbaltics.com\/lt\/#website"},"primaryImageOfPage":{"@id":"https:\/\/championbaltics.com\/lt\/toode\/champion-289-bar-4200-psi-151-lpm-slegio-plovimo-irenginys\/#primaryimage"},"image":{"@id":"https:\/\/championbaltics.com\/lt\/toode\/champion-289-bar-4200-psi-151-lpm-slegio-plovimo-irenginys\/#primaryimage"},"thumbnailUrl":"https:\/\/championbaltics.com\/wp-content\/uploads\/2025\/08\/100386-Pressure-Washer-scaled.webp","datePublished":"2025-08-27T08:41:43+00:00","dateModified":"2025-09-18T10:04:04+00:00","description":"Champion 4200 PSI sl\u0117gio plovimo \u012frenginys. \u017demo profilio benzininis sl\u0117gio plovimo \u012frenginys u\u017etikrina ekonomi\u0161k\u0105, \"pasidaryk pats\" valymo gali\u0105.","breadcrumb":{"@id":"https:\/\/championbaltics.com\/lt\/toode\/champion-289-bar-4200-psi-151-lpm-slegio-plovimo-irenginys\/#breadcrumb"},"inLanguage":"lt-LT","potentialAction":[{"@type":"ReadAction","target":["https:\/\/championbaltics.com\/lt\/toode\/champion-289-bar-4200-psi-151-lpm-slegio-plovimo-irenginys\/"]}]},{"@type":"ImageObject","inLanguage":"lt-LT","@id":"https:\/\/championbaltics.com\/lt\/toode\/champion-289-bar-4200-psi-151-lpm-slegio-plovimo-irenginys\/#primaryimage","url":"https:\/\/championbaltics.com\/wp-content\/uploads\/2025\/08\/100386-Pressure-Washer-scaled.webp","contentUrl":"https:\/\/championbaltics.com\/wp-content\/uploads\/2025\/08\/100386-Pressure-Washer-scaled.webp","width":2560,"height":2044},{"@type":"BreadcrumbList","@id":"https:\/\/championbaltics.com\/lt\/toode\/champion-289-bar-4200-psi-151-lpm-slegio-plovimo-irenginys\/#breadcrumb","itemListElement":[{"@type":"ListItem","position":1,"name":"Home","item":"https:\/\/championbaltics.com\/lt\/"},{"@type":"ListItem","position":2,"name":"Parduotuv\u0117","item":"https:\/\/championbaltics.com\/lt\/parduotuve\/"},{"@type":"ListItem","position":3,"name":"Champion 289 bar (4200 PSI) 15,1 LPM sl\u0117gio plovimo \u012frenginys"}]},{"@type":"WebSite","@id":"https:\/\/championbaltics.com\/lt\/#website","url":"https:\/\/championbaltics.com\/lt\/","name":"Champion Baltics","description":"Power equipments","publisher":{"@id":"https:\/\/championbaltics.com\/lt\/#organization"},"alternateName":"Champion Power Equipment","potentialAction":[{"@type":"SearchAction","target":{"@type":"EntryPoint","urlTemplate":"https:\/\/championbaltics.com\/lt\/?s={search_term_string}"},"query-input":{"@type":"PropertyValueSpecification","valueRequired":true,"valueName":"search_term_string"}}],"inLanguage":"lt-LT"},{"@type":["Organization","Place"],"@id":"https:\/\/championbaltics.com\/lt\/#organization","name":"Champion Baltics","alternateName":"Champion Power Equipment","url":"https:\/\/championbaltics.com\/lt\/","logo":{"@id":"https:\/\/championbaltics.com\/lt\/toode\/champion-289-bar-4200-psi-151-lpm-slegio-plovimo-irenginys\/#local-main-organization-logo"},"image":{"@id":"https:\/\/championbaltics.com\/lt\/toode\/champion-289-bar-4200-psi-151-lpm-slegio-plovimo-irenginys\/#local-main-organization-logo"},"sameAs":["https:\/\/facebook.com\/championbaltics"],"description":"Champion power equipment representer of State of Baltics","legalName":"T.O Engineering LLC","foundingDate":"2015-01-07","numberOfEmployees":{"@type":"QuantitativeValue","minValue":"1","maxValue":"10"},"hasMerchantReturnPolicy":{"@type":"MerchantReturnPolicy","merchantReturnLink":"https:\/\/championbaltics.com\/refund_returns\/"},"address":{"@id":"https:\/\/championbaltics.com\/lt\/toode\/champion-289-bar-4200-psi-151-lpm-slegio-plovimo-irenginys\/#local-main-place-address"},"telephone":[],"contactPoint":{"@type":"ContactPoint","telephone":"+3725204833","email":"info@championbaltics.com"},"openingHoursSpecification":[{"@type":"OpeningHoursSpecification","dayOfWeek":["Monday","Tuesday","Wednesday","Thursday","Friday","Saturday","Sunday"],"opens":"09:00","closes":"17:00"}],"email":"info@championbaltics.com","vatID":"EE102032772"},{"@type":"PostalAddress","@id":"https:\/\/championbaltics.com\/lt\/toode\/champion-289-bar-4200-psi-151-lpm-slegio-plovimo-irenginys\/#local-main-place-address","streetAddress":"P\u00e4rnu mnt 144","addressLocality":"Tallinn","postalCode":"11317","addressRegion":"Harju","addressCountry":"EE"},{"@type":"ImageObject","inLanguage":"lt-LT","@id":"https:\/\/championbaltics.com\/lt\/toode\/champion-289-bar-4200-psi-151-lpm-slegio-plovimo-irenginys\/#local-main-organization-logo","url":"https:\/\/championbaltics.com\/wp-content\/uploads\/2025\/08\/cropped-ChampionBalticsLogo.webp","contentUrl":"https:\/\/championbaltics.com\/wp-content\/uploads\/2025\/08\/cropped-ChampionBalticsLogo.webp","width":512,"height":512,"caption":"Champion Baltics"}]},"product_brand":"Champion","product_price_amount":"1299.00","product_price_currency":"EUR","og_availability":"instock","product_availability":"instock","product_retailer_item_id":"100386","product_condition":"new","geo.placename":"Tallinn","geo.region":"Estonia"},"_links":{"self":[{"href":"https:\/\/championbaltics.com\/lt\/wp-json\/wp\/v2\/product\/31096","targetHints":{"allow":["GET"]}}],"collection":[{"href":"https:\/\/championbaltics.com\/lt\/wp-json\/wp\/v2\/product"}],"about":[{"href":"https:\/\/championbaltics.com\/lt\/wp-json\/wp\/v2\/types\/product"}],"replies":[{"embeddable":true,"href":"https:\/\/championbaltics.com\/lt\/wp-json\/wp\/v2\/comments?post=31096"}],"version-history":[{"count":3,"href":"https:\/\/championbaltics.com\/lt\/wp-json\/wp\/v2\/product\/31096\/revisions"}],"predecessor-version":[{"id":32148,"href":"https:\/\/championbaltics.com\/lt\/wp-json\/wp\/v2\/product\/31096\/revisions\/32148"}],"wp:featuredmedia":[{"embeddable":true,"href":"https:\/\/championbaltics.com\/lt\/wp-json\/wp\/v2\/media\/31097"}],"wp:attachment":[{"href":"https:\/\/championbaltics.com\/lt\/wp-json\/wp\/v2\/media?parent=31096"}],"wp:term":[{"taxonomy":"product_brand","embeddable":true,"href":"https:\/\/championbaltics.com\/lt\/wp-json\/wp\/v2\/product_brand?post=31096"},{"taxonomy":"product_cat","embeddable":true,"href":"https:\/\/championbaltics.com\/lt\/wp-json\/wp\/v2\/product_cat?post=31096"},{"taxonomy":"product_tag","embeddable":true,"href":"https:\/\/championbaltics.com\/lt\/wp-json\/wp\/v2\/product_tag?post=31096"}],"curies":[{"name":"wp","href":"https:\/\/api.w.org\/{rel}","templated":true}]}}