{"id":31203,"date":"2025-08-27T09:57:41","date_gmt":"2025-08-27T09:57:41","guid":{"rendered":"https:\/\/championbaltics.com\/toode\/champion-auksto-slegio-plovimo-irenginio-pakeitimo-15-m-zarna\/"},"modified":"2025-09-19T07:17:10","modified_gmt":"2025-09-19T07:17:10","slug":"champion-auksto-slegio-plovimo-irenginio-pakeitimo-15-m-zarna","status":"publish","type":"product","link":"https:\/\/championbaltics.com\/lt\/toode\/champion-auksto-slegio-plovimo-irenginio-pakeitimo-15-m-zarna\/","title":{"rendered":"Champion auk\u0161to sl\u0117gio plovimo \u012frenginio pakeitimo 15 m \u017earna"},"content":{"rendered":"<h3 data-start=\"558\" data-end=\"619\">Prat\u0119skite savo \u201eChampion 100386\u201c auk\u0161to sl\u0117gio plovimo \u012frenginio tarnavimo laik\u0105<\/h3>\n<p data-start=\"620\" data-end=\"879\">U\u017etikrinkite skland\u0173 valymo darb\u0105 naudodami <strong data-start=\"670\" data-end=\"725\">\u201eChampion\u201c auk\u0161to sl\u0117gio plovimo \u012frenginio pakaitin\u0119 15 m ilgio \u017earn\u0105<\/strong>. \u0160i auk\u0161to sl\u0117gio \u017earna, specialiai sukurta <a href=\"https:\/\/championbaltics.com\/lt\/toode\/champion-289-bar-4200-psi-151-lpm-slegio-plovimo-irenginys\/\"><strong data-start=\"754\" data-end=\"779\">\u201eChampion 100386\u201c modeliui<\/strong><\/a>, u\u017etikrina patikim\u0105 veikim\u0105 ir didesn\u012f atstum\u0105 atliekant sunkius valymo darbus. <\/p>\n<h3 data-start=\"881\" data-end=\"922\">Sukurta didelio sl\u0117gio veikimui<\/h3>\n<ul data-start=\"923\" data-end=\"1226\">\n<li data-start=\"923\" data-end=\"1031\">\n<p data-start=\"925\" data-end=\"1031\"><strong data-start=\"925\" data-end=\"961\">Sukurta 4200 PSI (289 bar\u0173) sl\u0117giui:<\/strong> Puikiai tinka 100386 modelio benzininiam veikimui.<\/p>\n<\/li>\n<li data-start=\"1032\" data-end=\"1140\">\n<p data-start=\"1034\" data-end=\"1140\"><strong data-start=\"1034\" data-end=\"1056\">15 m \u017earnos ilgis:<\/strong> Padidinkite atstum\u0105, kad gal\u0117tum\u0117te valyti \u012fva\u017eiavimus, transporto priemones, terasas ir dideles lauko zonas.<\/p>\n<\/li>\n<li data-start=\"1141\" data-end=\"1226\">\n<p data-start=\"1143\" data-end=\"1226\"><strong data-start=\"1143\" data-end=\"1168\">Patvari konstrukcija:<\/strong> Pagaminta taip, kad atlaikyt\u0173 sud\u0117tingas sl\u0117gio plovimo s\u0105lygas.<\/p>\n<\/li>\n<\/ul>\n<h3 data-start=\"1228\" data-end=\"1281\">Suderinama su \u201eChampion 100386\u201c auk\u0161to sl\u0117gio plovimo \u012frenginiu<\/h3>\n<p data-start=\"1282\" data-end=\"1409\">\u201eChampion 100386\u201c yra <strong data-start=\"1307\" data-end=\"1347\">389 cm\u00b3 darbinio t\u016brio benzinis auk\u0161to sl\u0117gio plovimo \u012frenginys<\/strong>, u\u017etikrinantis <strong data-start=\"1359\" data-end=\"1382\">15,1 l\/min vandens sraut\u0105<\/strong> ir komplektuojamas su:<\/p>\n<ul data-start=\"1410\" data-end=\"1696\">\n<li data-start=\"1410\" data-end=\"1470\">\n<p data-start=\"1412\" data-end=\"1470\"><strong data-start=\"1412\" data-end=\"1442\">Penkiais greito prijungimo antgaliais<\/strong> (0\u00b0, 15\u00b0, 25\u00b0, 40\u00b0, muilas)<\/p>\n<\/li>\n<li data-start=\"1471\" data-end=\"1536\">\n<p data-start=\"1473\" data-end=\"1536\"><strong data-start=\"1473\" data-end=\"1506\">\u201eAnnovi Reverberi\u201c triplex siurbliu<\/strong>, u\u017etikrinan\u010diu puiki\u0105 valymo gali\u0105<\/p>\n<\/li>\n<li data-start=\"1537\" data-end=\"1616\">\n<p data-start=\"1539\" data-end=\"1616\"><strong data-start=\"1539\" data-end=\"1583\">6 l degal\u0173 baku ir \u017eemo alyvos lygio i\u0161jungimo jutikliu<\/strong>, u\u017etikrinan\u010diu saugum\u0105 ir ilgesn\u012f veikimo laik\u0105<\/p>\n<\/li>\n<li data-start=\"1617\" data-end=\"1696\">\n<p data-start=\"1619\" data-end=\"1696\"><strong data-start=\"1619\" data-end=\"1663\">Tvirtu plieniniu r\u0117mu ir 25,4 cm padangomis<\/strong>, u\u017etikrinan\u010diais patvarum\u0105 ir perkeliamum\u0105<\/p>\n<\/li>\n<\/ul>\n<h3 data-start=\"1698\" data-end=\"1754\">Kod\u0117l verta rinktis oficiali\u0105 \u201eChampion\u201c pakaitin\u0119 \u017earn\u0105?<\/h3>\n<p data-start=\"1755\" data-end=\"1814\">Naudojant <strong data-start=\"1765\" data-end=\"1803\">originali\u0105 \u201eChampion\u201c pakaitin\u0119 \u017earn\u0105<\/strong> u\u017etikrinama:<\/p>\n<ul data-start=\"1815\" data-end=\"1904\">\n<li data-start=\"1815\" data-end=\"1848\">\n<p data-start=\"1817\" data-end=\"1848\">Puikus prigludimas ir suderinamumas<\/p>\n<\/li>\n<li data-start=\"1849\" data-end=\"1870\">\n<p data-start=\"1851\" data-end=\"1870\">Ilgas tarnavimo laikas<\/p>\n<\/li>\n<li data-start=\"1871\" data-end=\"1904\">\n<p data-start=\"1873\" data-end=\"1904\">Optimalus saugumas ir efektyvumas<\/p>\n<\/li>\n<\/ul>\n<p data-start=\"1906\" data-end=\"2054\">Jei ant j\u016bs\u0173 \u017earnos matomi susid\u0117v\u0117jimo ar pa\u017eeidimo po\u017eymiai, pakeitus j\u0105 originalia \u201eChampion\u201c 15 m \u017earna, j\u016bs\u0173 auk\u0161to sl\u0117gio plovimo \u012frenginys v\u0117l veiks maksimaliai efektyviai.<\/p>\n","protected":false},"excerpt":{"rendered":"<p data-start=\"244\" data-end=\"554\">Padidinkite atstum\u0105 ir u\u017etikrinkite, kad j\u016bs\u0173 \u201eChampion 100386\u201c veikt\u0173 maksimaliai efektyviai, naudodami \u0161i\u0105 originali\u0105 <strong data-start=\"365\" data-end=\"403\">15 m ilgio auk\u0161to sl\u0117gio pakaitin\u0119 \u017earn\u0105<\/strong>. \u0160i patvari \u017earna, sukurta atlaikyti iki <strong data-start=\"427\" data-end=\"449\">4200 PSI (289 bar\u0173)<\/strong> sl\u0117g\u012f, yra skirta tik <strong data-start=\"501\" data-end=\"551\">\u201eChampion 100386\u201c benzininiam auk\u0161to sl\u0117gio plovimo \u012frenginiui<\/strong>. <\/p>\n<p data-start=\"556\" data-end=\"575\"><strong data-start=\"556\" data-end=\"573\">Pagrindin\u0117s savyb\u0117s:<\/strong><\/p>\n<ul data-start=\"576\" data-end=\"822\">\n<li data-start=\"576\" data-end=\"630\">\n<p data-start=\"578\" data-end=\"630\">15 m ilgio auk\u0161to sl\u0117gio \u017earna didesniam valymo atstumui<\/p>\n<\/li>\n<li data-start=\"631\" data-end=\"675\">\n<p data-start=\"633\" data-end=\"675\">Nominalus 4200 PSI (289 bar\u0173) veikimas<\/p>\n<\/li>\n<li data-start=\"676\" data-end=\"746\">\n<p data-start=\"678\" data-end=\"746\">Originali \u201eChampion\u201c dalis \u2013 garantuotas suderinamumas su modeliu 100386<\/p>\n<\/li>\n<li data-start=\"747\" data-end=\"792\">\n<p data-start=\"749\" data-end=\"792\">Patvari konstrukcija ilgam naudojimui<\/p>\n<\/li>\n<li data-start=\"793\" data-end=\"822\">\n<p data-start=\"795\" data-end=\"822\">Lengva prijungti ir laikyti<\/p>\n<\/li>\n<\/ul>\n","protected":false},"featured_media":31201,"comment_status":"open","ping_status":"closed","template":"","meta":[],"product_brand":[86],"product_cat":[198],"product_tag":[199],"class_list":{"0":"post-31203","1":"product","2":"type-product","3":"status-publish","4":"has-post-thumbnail","6":"product_brand-champion","7":"product_cat-atsargines-dalys","8":"product_tag-zarna","10":"first","11":"instock","12":"taxable","13":"shipping-taxable","14":"purchasable","15":"product-type-simple"},"yoast_head":"<!-- This site is optimized with the Yoast SEO Premium plugin v27.5 (Yoast SEO v27.5) - https:\/\/yoast.com\/product\/yoast-seo-premium-wordpress\/ -->\n<title>Champion auk\u0161to sl\u0117gio plovimo \u012frenginio pakeitimo 15 m \u017earna - Champion Baltics<\/title>\n<meta name=\"description\" content=\"Atnaujinkite savo \u201eChampion 100386\u201c auk\u0161to sl\u0117gio plovimo \u012frengin\u012f naudodami oficiali\u0105 15 m ilgio auk\u0161to sl\u0117gio \u017earn\u0105. Sukurta patvarumui ir na\u0161umui esant 4200 PSI (289 bar\u0173) sl\u0117giui.\" \/>\n<meta name=\"robots\" content=\"index, follow, max-snippet:-1, max-image-preview:large, max-video-preview:-1\" \/>\n<link rel=\"canonical\" href=\"https:\/\/championbaltics.com\/lt\/toode\/champion-auksto-slegio-plovimo-irenginio-pakeitimo-15-m-zarna\/\" \/>\n<meta property=\"og:locale\" content=\"lt_LT\" \/>\n<meta property=\"og:type\" content=\"article\" \/>\n<meta property=\"og:title\" content=\"Champion auk\u0161to sl\u0117gio plovimo \u012frenginio pakeitimo 15 m \u017earna\" \/>\n<meta property=\"og:description\" content=\"Atnaujinkite savo \u201eChampion 100386\u201c auk\u0161to sl\u0117gio plovimo \u012frengin\u012f naudodami oficiali\u0105 15 m ilgio auk\u0161to sl\u0117gio \u017earn\u0105. Sukurta patvarumui ir na\u0161umui esant 4200 PSI (289 bar\u0173) sl\u0117giui.\" \/>\n<meta property=\"og:url\" content=\"https:\/\/championbaltics.com\/lt\/toode\/champion-auksto-slegio-plovimo-irenginio-pakeitimo-15-m-zarna\/\" \/>\n<meta property=\"og:site_name\" content=\"Champion Baltics\" \/>\n<meta property=\"article:publisher\" content=\"https:\/\/facebook.com\/championbaltics\" \/>\n<meta property=\"article:modified_time\" content=\"2025-09-19T07:17:10+00:00\" \/>\n<meta property=\"og:image\" content=\"https:\/\/championbaltics.com\/wp-content\/uploads\/2025\/08\/Champion-Pressure-Washer-hose.webp\" \/>\n\t<meta property=\"og:image:width\" content=\"522\" \/>\n\t<meta property=\"og:image:height\" content=\"614\" \/>\n\t<meta property=\"og:image:type\" content=\"image\/png\" \/>\n<meta name=\"twitter:card\" content=\"summary_large_image\" \/>\n<meta name=\"twitter:label1\" content=\"Price\" \/>\n\t<meta name=\"twitter:data1\" content=\"199,90&nbsp;&euro;\" \/>\n\t<meta name=\"twitter:label2\" content=\"Availability\" \/>\n\t<meta name=\"twitter:data2\" content=\"In stock\" \/>\n<script type=\"application\/ld+json\" class=\"yoast-schema-graph\">{\"@context\":\"https:\\\/\\\/schema.org\",\"@graph\":[{\"@type\":\"WebPage\",\"@id\":\"https:\\\/\\\/championbaltics.com\\\/lt\\\/toode\\\/champion-auksto-slegio-plovimo-irenginio-pakeitimo-15-m-zarna\\\/\",\"url\":\"https:\\\/\\\/championbaltics.com\\\/lt\\\/toode\\\/champion-auksto-slegio-plovimo-irenginio-pakeitimo-15-m-zarna\\\/\",\"name\":\"Champion auk\u0161to sl\u0117gio plovimo \u012frenginio pakeitimo 15 m \u017earna - Champion Baltics\",\"isPartOf\":{\"@id\":\"https:\\\/\\\/championbaltics.com\\\/lt\\\/#website\"},\"primaryImageOfPage\":{\"@id\":\"https:\\\/\\\/championbaltics.com\\\/lt\\\/toode\\\/champion-auksto-slegio-plovimo-irenginio-pakeitimo-15-m-zarna\\\/#primaryimage\"},\"image\":{\"@id\":\"https:\\\/\\\/championbaltics.com\\\/lt\\\/toode\\\/champion-auksto-slegio-plovimo-irenginio-pakeitimo-15-m-zarna\\\/#primaryimage\"},\"thumbnailUrl\":\"https:\\\/\\\/championbaltics.com\\\/wp-content\\\/uploads\\\/2025\\\/08\\\/Champion-Pressure-Washer-hose.webp\",\"datePublished\":\"2025-08-27T09:57:41+00:00\",\"dateModified\":\"2025-09-19T07:17:10+00:00\",\"description\":\"Atnaujinkite savo \u201eChampion 100386\u201c auk\u0161to sl\u0117gio plovimo \u012frengin\u012f naudodami oficiali\u0105 15 m ilgio auk\u0161to sl\u0117gio \u017earn\u0105. Sukurta patvarumui ir na\u0161umui esant 4200 PSI (289 bar\u0173) sl\u0117giui.\",\"breadcrumb\":{\"@id\":\"https:\\\/\\\/championbaltics.com\\\/lt\\\/toode\\\/champion-auksto-slegio-plovimo-irenginio-pakeitimo-15-m-zarna\\\/#breadcrumb\"},\"inLanguage\":\"lt-LT\",\"potentialAction\":[{\"@type\":\"ReadAction\",\"target\":[\"https:\\\/\\\/championbaltics.com\\\/lt\\\/toode\\\/champion-auksto-slegio-plovimo-irenginio-pakeitimo-15-m-zarna\\\/\"]}]},{\"@type\":\"ImageObject\",\"inLanguage\":\"lt-LT\",\"@id\":\"https:\\\/\\\/championbaltics.com\\\/lt\\\/toode\\\/champion-auksto-slegio-plovimo-irenginio-pakeitimo-15-m-zarna\\\/#primaryimage\",\"url\":\"https:\\\/\\\/championbaltics.com\\\/wp-content\\\/uploads\\\/2025\\\/08\\\/Champion-Pressure-Washer-hose.webp\",\"contentUrl\":\"https:\\\/\\\/championbaltics.com\\\/wp-content\\\/uploads\\\/2025\\\/08\\\/Champion-Pressure-Washer-hose.webp\",\"width\":522,\"height\":614},{\"@type\":\"BreadcrumbList\",\"@id\":\"https:\\\/\\\/championbaltics.com\\\/lt\\\/toode\\\/champion-auksto-slegio-plovimo-irenginio-pakeitimo-15-m-zarna\\\/#breadcrumb\",\"itemListElement\":[{\"@type\":\"ListItem\",\"position\":1,\"name\":\"Home\",\"item\":\"https:\\\/\\\/championbaltics.com\\\/lt\\\/\"},{\"@type\":\"ListItem\",\"position\":2,\"name\":\"Parduotuv\u0117\",\"item\":\"https:\\\/\\\/championbaltics.com\\\/lt\\\/parduotuve\\\/\"},{\"@type\":\"ListItem\",\"position\":3,\"name\":\"Champion auk\u0161to sl\u0117gio plovimo \u012frenginio pakeitimo 15 m \u017earna\"}]},{\"@type\":\"WebSite\",\"@id\":\"https:\\\/\\\/championbaltics.com\\\/lt\\\/#website\",\"url\":\"https:\\\/\\\/championbaltics.com\\\/lt\\\/\",\"name\":\"Champion Baltics\",\"description\":\"Power equipments\",\"publisher\":{\"@id\":\"https:\\\/\\\/championbaltics.com\\\/lt\\\/#organization\"},\"alternateName\":\"Champion Power Equipment\",\"potentialAction\":[{\"@type\":\"SearchAction\",\"target\":{\"@type\":\"EntryPoint\",\"urlTemplate\":\"https:\\\/\\\/championbaltics.com\\\/lt\\\/?s={search_term_string}\"},\"query-input\":{\"@type\":\"PropertyValueSpecification\",\"valueRequired\":true,\"valueName\":\"search_term_string\"}}],\"inLanguage\":\"lt-LT\"},{\"@type\":[\"Organization\",\"Place\"],\"@id\":\"https:\\\/\\\/championbaltics.com\\\/lt\\\/#organization\",\"name\":\"Champion Baltics\",\"alternateName\":\"Champion Power Equipment\",\"url\":\"https:\\\/\\\/championbaltics.com\\\/lt\\\/\",\"logo\":{\"@id\":\"https:\\\/\\\/championbaltics.com\\\/lt\\\/toode\\\/champion-auksto-slegio-plovimo-irenginio-pakeitimo-15-m-zarna\\\/#local-main-organization-logo\"},\"image\":{\"@id\":\"https:\\\/\\\/championbaltics.com\\\/lt\\\/toode\\\/champion-auksto-slegio-plovimo-irenginio-pakeitimo-15-m-zarna\\\/#local-main-organization-logo\"},\"sameAs\":[\"https:\\\/\\\/facebook.com\\\/championbaltics\"],\"description\":\"Champion power equipment representer of State of Baltics\",\"legalName\":\"T.O Engineering LLC\",\"foundingDate\":\"2015-01-07\",\"numberOfEmployees\":{\"@type\":\"QuantitativeValue\",\"minValue\":\"1\",\"maxValue\":\"10\"},\"hasMerchantReturnPolicy\":{\"@type\":\"MerchantReturnPolicy\",\"merchantReturnLink\":\"https:\\\/\\\/championbaltics.com\\\/refund_returns\\\/\"},\"address\":{\"@id\":\"https:\\\/\\\/championbaltics.com\\\/lt\\\/toode\\\/champion-auksto-slegio-plovimo-irenginio-pakeitimo-15-m-zarna\\\/#local-main-place-address\"},\"telephone\":[],\"contactPoint\":{\"@type\":\"ContactPoint\",\"telephone\":\"+3725204833\",\"email\":\"info@championbaltics.com\"},\"openingHoursSpecification\":[{\"@type\":\"OpeningHoursSpecification\",\"dayOfWeek\":[\"Monday\",\"Tuesday\",\"Wednesday\",\"Thursday\",\"Friday\",\"Saturday\",\"Sunday\"],\"opens\":\"09:00\",\"closes\":\"17:00\"}],\"email\":\"info@championbaltics.com\",\"vatID\":\"EE102032772\"},{\"@type\":\"PostalAddress\",\"@id\":\"https:\\\/\\\/championbaltics.com\\\/lt\\\/toode\\\/champion-auksto-slegio-plovimo-irenginio-pakeitimo-15-m-zarna\\\/#local-main-place-address\",\"streetAddress\":\"P\u00e4rnu mnt 144\",\"addressLocality\":\"Tallinn\",\"postalCode\":\"11317\",\"addressRegion\":\"Harju\",\"addressCountry\":\"EE\"},{\"@type\":\"ImageObject\",\"inLanguage\":\"lt-LT\",\"@id\":\"https:\\\/\\\/championbaltics.com\\\/lt\\\/toode\\\/champion-auksto-slegio-plovimo-irenginio-pakeitimo-15-m-zarna\\\/#local-main-organization-logo\",\"url\":\"https:\\\/\\\/championbaltics.com\\\/wp-content\\\/uploads\\\/2025\\\/08\\\/cropped-ChampionBalticsLogo.webp\",\"contentUrl\":\"https:\\\/\\\/championbaltics.com\\\/wp-content\\\/uploads\\\/2025\\\/08\\\/cropped-ChampionBalticsLogo.webp\",\"width\":512,\"height\":512,\"caption\":\"Champion Baltics\"}]}<\/script>\n<meta property=\"product:brand\" content=\"Champion\" \/>\n<meta property=\"product:price:amount\" content=\"199.90\" \/>\n<meta property=\"product:price:currency\" content=\"EUR\" \/>\n<meta property=\"og:availability\" content=\"instock\" \/>\n<meta property=\"product:availability\" content=\"instock\" \/>\n<meta property=\"product:retailer_item_id\" content=\"255.250100.05\" \/>\n<meta property=\"product:condition\" content=\"new\" \/>\n<meta name=\"geo.placename\" content=\"Tallinn\" \/>\n<meta name=\"geo.region\" content=\"Estonia\" \/>\n<!-- \/ Yoast SEO Premium plugin. -->","yoast_head_json":{"title":"Champion auk\u0161to sl\u0117gio plovimo \u012frenginio pakeitimo 15 m \u017earna - Champion Baltics","description":"Atnaujinkite savo \u201eChampion 100386\u201c auk\u0161to sl\u0117gio plovimo \u012frengin\u012f naudodami oficiali\u0105 15 m ilgio auk\u0161to sl\u0117gio \u017earn\u0105. Sukurta patvarumui ir na\u0161umui esant 4200 PSI (289 bar\u0173) sl\u0117giui.","robots":{"index":"index","follow":"follow","max-snippet":"max-snippet:-1","max-image-preview":"max-image-preview:large","max-video-preview":"max-video-preview:-1"},"canonical":"https:\/\/championbaltics.com\/lt\/toode\/champion-auksto-slegio-plovimo-irenginio-pakeitimo-15-m-zarna\/","og_locale":"lt_LT","og_type":"article","og_title":"Champion auk\u0161to sl\u0117gio plovimo \u012frenginio pakeitimo 15 m \u017earna","og_description":"Atnaujinkite savo \u201eChampion 100386\u201c auk\u0161to sl\u0117gio plovimo \u012frengin\u012f naudodami oficiali\u0105 15 m ilgio auk\u0161to sl\u0117gio \u017earn\u0105. Sukurta patvarumui ir na\u0161umui esant 4200 PSI (289 bar\u0173) sl\u0117giui.","og_url":"https:\/\/championbaltics.com\/lt\/toode\/champion-auksto-slegio-plovimo-irenginio-pakeitimo-15-m-zarna\/","og_site_name":"Champion Baltics","article_publisher":"https:\/\/facebook.com\/championbaltics","article_modified_time":"2025-09-19T07:17:10+00:00","og_image":[{"width":522,"height":614,"url":"https:\/\/championbaltics.com\/wp-content\/uploads\/2025\/08\/Champion-Pressure-Washer-hose.webp","type":"image\/png"}],"twitter_card":"summary_large_image","twitter_misc":{"Price":"199,90&nbsp;&euro;","Availability":"In stock"},"schema":{"@context":"https:\/\/schema.org","@graph":[{"@type":"WebPage","@id":"https:\/\/championbaltics.com\/lt\/toode\/champion-auksto-slegio-plovimo-irenginio-pakeitimo-15-m-zarna\/","url":"https:\/\/championbaltics.com\/lt\/toode\/champion-auksto-slegio-plovimo-irenginio-pakeitimo-15-m-zarna\/","name":"Champion auk\u0161to sl\u0117gio plovimo \u012frenginio pakeitimo 15 m \u017earna - Champion Baltics","isPartOf":{"@id":"https:\/\/championbaltics.com\/lt\/#website"},"primaryImageOfPage":{"@id":"https:\/\/championbaltics.com\/lt\/toode\/champion-auksto-slegio-plovimo-irenginio-pakeitimo-15-m-zarna\/#primaryimage"},"image":{"@id":"https:\/\/championbaltics.com\/lt\/toode\/champion-auksto-slegio-plovimo-irenginio-pakeitimo-15-m-zarna\/#primaryimage"},"thumbnailUrl":"https:\/\/championbaltics.com\/wp-content\/uploads\/2025\/08\/Champion-Pressure-Washer-hose.webp","datePublished":"2025-08-27T09:57:41+00:00","dateModified":"2025-09-19T07:17:10+00:00","description":"Atnaujinkite savo \u201eChampion 100386\u201c auk\u0161to sl\u0117gio plovimo \u012frengin\u012f naudodami oficiali\u0105 15 m ilgio auk\u0161to sl\u0117gio \u017earn\u0105. Sukurta patvarumui ir na\u0161umui esant 4200 PSI (289 bar\u0173) sl\u0117giui.","breadcrumb":{"@id":"https:\/\/championbaltics.com\/lt\/toode\/champion-auksto-slegio-plovimo-irenginio-pakeitimo-15-m-zarna\/#breadcrumb"},"inLanguage":"lt-LT","potentialAction":[{"@type":"ReadAction","target":["https:\/\/championbaltics.com\/lt\/toode\/champion-auksto-slegio-plovimo-irenginio-pakeitimo-15-m-zarna\/"]}]},{"@type":"ImageObject","inLanguage":"lt-LT","@id":"https:\/\/championbaltics.com\/lt\/toode\/champion-auksto-slegio-plovimo-irenginio-pakeitimo-15-m-zarna\/#primaryimage","url":"https:\/\/championbaltics.com\/wp-content\/uploads\/2025\/08\/Champion-Pressure-Washer-hose.webp","contentUrl":"https:\/\/championbaltics.com\/wp-content\/uploads\/2025\/08\/Champion-Pressure-Washer-hose.webp","width":522,"height":614},{"@type":"BreadcrumbList","@id":"https:\/\/championbaltics.com\/lt\/toode\/champion-auksto-slegio-plovimo-irenginio-pakeitimo-15-m-zarna\/#breadcrumb","itemListElement":[{"@type":"ListItem","position":1,"name":"Home","item":"https:\/\/championbaltics.com\/lt\/"},{"@type":"ListItem","position":2,"name":"Parduotuv\u0117","item":"https:\/\/championbaltics.com\/lt\/parduotuve\/"},{"@type":"ListItem","position":3,"name":"Champion auk\u0161to sl\u0117gio plovimo \u012frenginio pakeitimo 15 m \u017earna"}]},{"@type":"WebSite","@id":"https:\/\/championbaltics.com\/lt\/#website","url":"https:\/\/championbaltics.com\/lt\/","name":"Champion Baltics","description":"Power equipments","publisher":{"@id":"https:\/\/championbaltics.com\/lt\/#organization"},"alternateName":"Champion Power Equipment","potentialAction":[{"@type":"SearchAction","target":{"@type":"EntryPoint","urlTemplate":"https:\/\/championbaltics.com\/lt\/?s={search_term_string}"},"query-input":{"@type":"PropertyValueSpecification","valueRequired":true,"valueName":"search_term_string"}}],"inLanguage":"lt-LT"},{"@type":["Organization","Place"],"@id":"https:\/\/championbaltics.com\/lt\/#organization","name":"Champion Baltics","alternateName":"Champion Power Equipment","url":"https:\/\/championbaltics.com\/lt\/","logo":{"@id":"https:\/\/championbaltics.com\/lt\/toode\/champion-auksto-slegio-plovimo-irenginio-pakeitimo-15-m-zarna\/#local-main-organization-logo"},"image":{"@id":"https:\/\/championbaltics.com\/lt\/toode\/champion-auksto-slegio-plovimo-irenginio-pakeitimo-15-m-zarna\/#local-main-organization-logo"},"sameAs":["https:\/\/facebook.com\/championbaltics"],"description":"Champion power equipment representer of State of Baltics","legalName":"T.O Engineering LLC","foundingDate":"2015-01-07","numberOfEmployees":{"@type":"QuantitativeValue","minValue":"1","maxValue":"10"},"hasMerchantReturnPolicy":{"@type":"MerchantReturnPolicy","merchantReturnLink":"https:\/\/championbaltics.com\/refund_returns\/"},"address":{"@id":"https:\/\/championbaltics.com\/lt\/toode\/champion-auksto-slegio-plovimo-irenginio-pakeitimo-15-m-zarna\/#local-main-place-address"},"telephone":[],"contactPoint":{"@type":"ContactPoint","telephone":"+3725204833","email":"info@championbaltics.com"},"openingHoursSpecification":[{"@type":"OpeningHoursSpecification","dayOfWeek":["Monday","Tuesday","Wednesday","Thursday","Friday","Saturday","Sunday"],"opens":"09:00","closes":"17:00"}],"email":"info@championbaltics.com","vatID":"EE102032772"},{"@type":"PostalAddress","@id":"https:\/\/championbaltics.com\/lt\/toode\/champion-auksto-slegio-plovimo-irenginio-pakeitimo-15-m-zarna\/#local-main-place-address","streetAddress":"P\u00e4rnu mnt 144","addressLocality":"Tallinn","postalCode":"11317","addressRegion":"Harju","addressCountry":"EE"},{"@type":"ImageObject","inLanguage":"lt-LT","@id":"https:\/\/championbaltics.com\/lt\/toode\/champion-auksto-slegio-plovimo-irenginio-pakeitimo-15-m-zarna\/#local-main-organization-logo","url":"https:\/\/championbaltics.com\/wp-content\/uploads\/2025\/08\/cropped-ChampionBalticsLogo.webp","contentUrl":"https:\/\/championbaltics.com\/wp-content\/uploads\/2025\/08\/cropped-ChampionBalticsLogo.webp","width":512,"height":512,"caption":"Champion Baltics"}]},"product_brand":"Champion","product_price_amount":"199.90","product_price_currency":"EUR","og_availability":"instock","product_availability":"instock","product_retailer_item_id":"255.250100.05","product_condition":"new","geo.placename":"Tallinn","geo.region":"Estonia"},"_links":{"self":[{"href":"https:\/\/championbaltics.com\/lt\/wp-json\/wp\/v2\/product\/31203","targetHints":{"allow":["GET"]}}],"collection":[{"href":"https:\/\/championbaltics.com\/lt\/wp-json\/wp\/v2\/product"}],"about":[{"href":"https:\/\/championbaltics.com\/lt\/wp-json\/wp\/v2\/types\/product"}],"replies":[{"embeddable":true,"href":"https:\/\/championbaltics.com\/lt\/wp-json\/wp\/v2\/comments?post=31203"}],"version-history":[{"count":1,"href":"https:\/\/championbaltics.com\/lt\/wp-json\/wp\/v2\/product\/31203\/revisions"}],"predecessor-version":[{"id":32154,"href":"https:\/\/championbaltics.com\/lt\/wp-json\/wp\/v2\/product\/31203\/revisions\/32154"}],"wp:featuredmedia":[{"embeddable":true,"href":"https:\/\/championbaltics.com\/lt\/wp-json\/wp\/v2\/media\/31201"}],"wp:attachment":[{"href":"https:\/\/championbaltics.com\/lt\/wp-json\/wp\/v2\/media?parent=31203"}],"wp:term":[{"taxonomy":"product_brand","embeddable":true,"href":"https:\/\/championbaltics.com\/lt\/wp-json\/wp\/v2\/product_brand?post=31203"},{"taxonomy":"product_cat","embeddable":true,"href":"https:\/\/championbaltics.com\/lt\/wp-json\/wp\/v2\/product_cat?post=31203"},{"taxonomy":"product_tag","embeddable":true,"href":"https:\/\/championbaltics.com\/lt\/wp-json\/wp\/v2\/product_tag?post=31203"}],"curies":[{"name":"wp","href":"https:\/\/api.w.org\/{rel}","templated":true}]}}