{"id":32655,"date":"2025-11-13T11:35:13","date_gmt":"2025-11-13T11:35:13","guid":{"rendered":"https:\/\/championbaltics.com\/?post_type=product&#038;p=32655"},"modified":"2025-12-05T09:50:24","modified_gmt":"2025-12-05T09:50:24","slug":"champion-3200-vatu-benzininis-generatorius","status":"publish","type":"product","link":"https:\/\/championbaltics.com\/lt\/toode\/champion-3200-vatu-benzininis-generatorius\/","title":{"rendered":"Champion 3200 vat\u0173 benzininis generatorius"},"content":{"rendered":"<h2>Champion 3200 vat\u0173 benzininis generatorius<\/h2>\n<p>\u0160is naujai suprojektuotas ne\u0161iojamas generatorius si\u016blo padidint\u0105 i\u0161\u0117jimo gali\u0105 su skaitmeniniu ekranu ir yra idealus \u012fvairioms reikm\u0117ms, \u012fskaitant nam\u0173, statyb\u0173, pramon\u0117s bei ma\u017e\u0173 maitinimo furgon\u0173 naudojim\u0105.<\/p>\n<p>\u0160is automatinis generatorius su AVR technologija u\u017etikrina pastovi\u0105 i\u0161\u0117jimo signalo bang\u0105. Tvirtas pramoninis r\u0117mo dizainas suteikia apsaug\u0105 ir palengvina transportavim\u0105, ypa\u010d su ratukais ir rankenos rinkiniu. <\/p>\n<p>\u0160is ne\u0161iojamas generatorius turi 12VDC i\u0161\u0117jimo tiekim\u0105 bei dvi 16A 230V SCHUKO lizdus.<\/p>\n<p>\u0160io ne\u0161iojamo generatoriaus savyb\u0117s yra keturtaktis OHV benzininis variklis, u\u017etikrinantis skland\u0173 veikim\u0105, antivibraciniai tvirtinimai, kuro matuoklis ir automatinis ma\u017eo alyvos lygio i\u0161jungimas saugumui u\u017etikrinti.<\/p>\n<p>Su 17,8 litro kuro baku \u0161is \u012frenginys gali veikti iki 12 valand\u0173 esant 50% apkrovai.<\/p>\n<hr>\n<p class=\"h5\"><i class=\"fas fa-clipboard-check\"><\/i>Visi naujai pagaminti produktai atitinka ES V etapo reikalavimus.<\/p>\n","protected":false},"excerpt":{"rendered":"<p>Savyb\u0117s:<\/p>\n<ul>\n<li>Benzinu varomas 224cc variklis su iki 12 valand\u0173 veikimo laiku esant 50% apkrovai.<\/li>\n<li>Patikimas Champion variklis generuoja 2800 veikimo vat\u0173.<\/li>\n<li>Ma\u017eo alyvos lygio i\u0161jungimo jutiklis, \u0161is generatorius turi 600 ml alyvos talp\u0105.<\/li>\n<li>Daugyb\u0117 lizd\u0173, \u012fskaitant 2 x 220v 16amp.<\/li>\n<li>68 dBA triuk\u0161mo lygis @ 7 metrai.<\/li>\n<li>Patvarus vamzdinis plieninis r\u0117mas.<\/li>\n<li>Ratukai lengvam transportavimui.<\/li>\n<\/ul>\n","protected":false},"featured_media":32664,"comment_status":"open","ping_status":"closed","template":"","meta":[],"product_brand":[86],"product_cat":[144],"product_tag":[396,186],"class_list":{"0":"post-32655","1":"product","2":"type-product","3":"status-publish","4":"has-post-thumbnail","6":"product_brand-champion","7":"product_cat-benzininiai-generatoriai-benzino-generatoriai","8":"product_tag-benzininis-generatorius","9":"product_tag-generatorius","11":"first","12":"instock","13":"taxable","14":"shipping-taxable","15":"purchasable","16":"product-type-simple"},"yoast_head":"<!-- This site is optimized with the Yoast SEO Premium plugin v27.5 (Yoast SEO v27.5) - https:\/\/yoast.com\/product\/yoast-seo-premium-wordpress\/ -->\n<title>Champion 3200 vat\u0173 benzininis generatorius - Champion Baltics<\/title>\n<meta name=\"description\" content=\"Champion 3200 vat\u0173 benzininis generatorius\" \/>\n<meta name=\"robots\" content=\"index, follow, max-snippet:-1, max-image-preview:large, max-video-preview:-1\" \/>\n<link rel=\"canonical\" href=\"https:\/\/championbaltics.com\/lt\/toode\/champion-3200-vatu-benzininis-generatorius\/\" \/>\n<meta property=\"og:locale\" content=\"lt_LT\" \/>\n<meta property=\"og:type\" content=\"article\" \/>\n<meta property=\"og:title\" content=\"Champion 3200 vat\u0173 benzininis generatorius\" \/>\n<meta property=\"og:description\" content=\"Champion 3200 vat\u0173 benzininis generatorius\" \/>\n<meta property=\"og:url\" content=\"https:\/\/championbaltics.com\/lt\/toode\/champion-3200-vatu-benzininis-generatorius\/\" \/>\n<meta property=\"og:site_name\" content=\"Champion Baltics\" \/>\n<meta property=\"article:publisher\" content=\"https:\/\/facebook.com\/championbaltics\" \/>\n<meta property=\"article:modified_time\" content=\"2025-12-05T09:50:24+00:00\" \/>\n<meta property=\"og:image\" content=\"https:\/\/championbaltics.com\/wp-content\/uploads\/2025\/11\/5000559-EU-1.webp\" \/>\n\t<meta property=\"og:image:width\" content=\"2000\" \/>\n\t<meta property=\"og:image:height\" content=\"1404\" \/>\n\t<meta property=\"og:image:type\" content=\"image\/jpeg\" \/>\n<meta name=\"twitter:card\" content=\"summary_large_image\" \/>\n<meta name=\"twitter:label1\" content=\"Price\" \/>\n\t<meta name=\"twitter:data1\" content=\"629,00&nbsp;&euro;\" \/>\n\t<meta name=\"twitter:label2\" content=\"Availability\" \/>\n\t<meta name=\"twitter:data2\" content=\"In stock\" \/>\n<script type=\"application\/ld+json\" class=\"yoast-schema-graph\">{\"@context\":\"https:\\\/\\\/schema.org\",\"@graph\":[{\"@type\":\"WebPage\",\"@id\":\"https:\\\/\\\/championbaltics.com\\\/lt\\\/toode\\\/champion-3200-vatu-benzininis-generatorius\\\/\",\"url\":\"https:\\\/\\\/championbaltics.com\\\/lt\\\/toode\\\/champion-3200-vatu-benzininis-generatorius\\\/\",\"name\":\"Champion 3200 vat\u0173 benzininis generatorius - Champion Baltics\",\"isPartOf\":{\"@id\":\"https:\\\/\\\/championbaltics.com\\\/lt\\\/#website\"},\"primaryImageOfPage\":{\"@id\":\"https:\\\/\\\/championbaltics.com\\\/lt\\\/toode\\\/champion-3200-vatu-benzininis-generatorius\\\/#primaryimage\"},\"image\":{\"@id\":\"https:\\\/\\\/championbaltics.com\\\/lt\\\/toode\\\/champion-3200-vatu-benzininis-generatorius\\\/#primaryimage\"},\"thumbnailUrl\":\"https:\\\/\\\/championbaltics.com\\\/wp-content\\\/uploads\\\/2025\\\/11\\\/5000559-EU-1.webp\",\"datePublished\":\"2025-11-13T11:35:13+00:00\",\"dateModified\":\"2025-12-05T09:50:24+00:00\",\"description\":\"Champion 3200 vat\u0173 benzininis generatorius\",\"breadcrumb\":{\"@id\":\"https:\\\/\\\/championbaltics.com\\\/lt\\\/toode\\\/champion-3200-vatu-benzininis-generatorius\\\/#breadcrumb\"},\"inLanguage\":\"lt-LT\",\"potentialAction\":[{\"@type\":\"ReadAction\",\"target\":[\"https:\\\/\\\/championbaltics.com\\\/lt\\\/toode\\\/champion-3200-vatu-benzininis-generatorius\\\/\"]}]},{\"@type\":\"ImageObject\",\"inLanguage\":\"lt-LT\",\"@id\":\"https:\\\/\\\/championbaltics.com\\\/lt\\\/toode\\\/champion-3200-vatu-benzininis-generatorius\\\/#primaryimage\",\"url\":\"https:\\\/\\\/championbaltics.com\\\/wp-content\\\/uploads\\\/2025\\\/11\\\/5000559-EU-1.webp\",\"contentUrl\":\"https:\\\/\\\/championbaltics.com\\\/wp-content\\\/uploads\\\/2025\\\/11\\\/5000559-EU-1.webp\",\"width\":2000,\"height\":1404},{\"@type\":\"BreadcrumbList\",\"@id\":\"https:\\\/\\\/championbaltics.com\\\/lt\\\/toode\\\/champion-3200-vatu-benzininis-generatorius\\\/#breadcrumb\",\"itemListElement\":[{\"@type\":\"ListItem\",\"position\":1,\"name\":\"Home\",\"item\":\"https:\\\/\\\/championbaltics.com\\\/lt\\\/\"},{\"@type\":\"ListItem\",\"position\":2,\"name\":\"Parduotuv\u0117\",\"item\":\"https:\\\/\\\/championbaltics.com\\\/lt\\\/parduotuve\\\/\"},{\"@type\":\"ListItem\",\"position\":3,\"name\":\"Champion 3200 vat\u0173 benzininis generatorius\"}]},{\"@type\":\"WebSite\",\"@id\":\"https:\\\/\\\/championbaltics.com\\\/lt\\\/#website\",\"url\":\"https:\\\/\\\/championbaltics.com\\\/lt\\\/\",\"name\":\"Champion Baltics\",\"description\":\"Power equipments\",\"publisher\":{\"@id\":\"https:\\\/\\\/championbaltics.com\\\/lt\\\/#organization\"},\"alternateName\":\"Champion Power Equipment\",\"potentialAction\":[{\"@type\":\"SearchAction\",\"target\":{\"@type\":\"EntryPoint\",\"urlTemplate\":\"https:\\\/\\\/championbaltics.com\\\/lt\\\/?s={search_term_string}\"},\"query-input\":{\"@type\":\"PropertyValueSpecification\",\"valueRequired\":true,\"valueName\":\"search_term_string\"}}],\"inLanguage\":\"lt-LT\"},{\"@type\":[\"Organization\",\"Place\"],\"@id\":\"https:\\\/\\\/championbaltics.com\\\/lt\\\/#organization\",\"name\":\"Champion Baltics\",\"alternateName\":\"Champion Power Equipment\",\"url\":\"https:\\\/\\\/championbaltics.com\\\/lt\\\/\",\"logo\":{\"@id\":\"https:\\\/\\\/championbaltics.com\\\/lt\\\/toode\\\/champion-3200-vatu-benzininis-generatorius\\\/#local-main-organization-logo\"},\"image\":{\"@id\":\"https:\\\/\\\/championbaltics.com\\\/lt\\\/toode\\\/champion-3200-vatu-benzininis-generatorius\\\/#local-main-organization-logo\"},\"sameAs\":[\"https:\\\/\\\/facebook.com\\\/championbaltics\"],\"description\":\"Champion power equipment representer of State of Baltics\",\"legalName\":\"T.O Engineering LLC\",\"foundingDate\":\"2015-01-07\",\"numberOfEmployees\":{\"@type\":\"QuantitativeValue\",\"minValue\":\"1\",\"maxValue\":\"10\"},\"hasMerchantReturnPolicy\":{\"@type\":\"MerchantReturnPolicy\",\"merchantReturnLink\":\"https:\\\/\\\/championbaltics.com\\\/refund_returns\\\/\"},\"address\":{\"@id\":\"https:\\\/\\\/championbaltics.com\\\/lt\\\/toode\\\/champion-3200-vatu-benzininis-generatorius\\\/#local-main-place-address\"},\"telephone\":[],\"contactPoint\":{\"@type\":\"ContactPoint\",\"telephone\":\"+3725204833\",\"email\":\"info@championbaltics.com\"},\"openingHoursSpecification\":[{\"@type\":\"OpeningHoursSpecification\",\"dayOfWeek\":[\"Monday\",\"Tuesday\",\"Wednesday\",\"Thursday\",\"Friday\",\"Saturday\",\"Sunday\"],\"opens\":\"09:00\",\"closes\":\"17:00\"}],\"email\":\"info@championbaltics.com\",\"vatID\":\"EE102032772\"},{\"@type\":\"PostalAddress\",\"@id\":\"https:\\\/\\\/championbaltics.com\\\/lt\\\/toode\\\/champion-3200-vatu-benzininis-generatorius\\\/#local-main-place-address\",\"streetAddress\":\"P\u00e4rnu mnt 144\",\"addressLocality\":\"Tallinn\",\"postalCode\":\"11317\",\"addressRegion\":\"Harju\",\"addressCountry\":\"EE\"},{\"@type\":\"ImageObject\",\"inLanguage\":\"lt-LT\",\"@id\":\"https:\\\/\\\/championbaltics.com\\\/lt\\\/toode\\\/champion-3200-vatu-benzininis-generatorius\\\/#local-main-organization-logo\",\"url\":\"https:\\\/\\\/championbaltics.com\\\/wp-content\\\/uploads\\\/2025\\\/08\\\/cropped-ChampionBalticsLogo.webp\",\"contentUrl\":\"https:\\\/\\\/championbaltics.com\\\/wp-content\\\/uploads\\\/2025\\\/08\\\/cropped-ChampionBalticsLogo.webp\",\"width\":512,\"height\":512,\"caption\":\"Champion Baltics\"}]}<\/script>\n<meta property=\"product:brand\" content=\"Champion\" \/>\n<meta property=\"product:price:amount\" content=\"629.00\" \/>\n<meta property=\"product:price:currency\" content=\"EUR\" \/>\n<meta property=\"og:availability\" content=\"instock\" \/>\n<meta property=\"product:availability\" content=\"instock\" \/>\n<meta property=\"product:retailer_item_id\" content=\"500599-EU-SC\" \/>\n<meta property=\"product:condition\" content=\"new\" \/>\n<meta name=\"geo.placename\" content=\"Tallinn\" \/>\n<meta name=\"geo.region\" content=\"Estonia\" \/>\n<!-- \/ Yoast SEO Premium plugin. -->","yoast_head_json":{"title":"Champion 3200 vat\u0173 benzininis generatorius - Champion Baltics","description":"Champion 3200 vat\u0173 benzininis generatorius","robots":{"index":"index","follow":"follow","max-snippet":"max-snippet:-1","max-image-preview":"max-image-preview:large","max-video-preview":"max-video-preview:-1"},"canonical":"https:\/\/championbaltics.com\/lt\/toode\/champion-3200-vatu-benzininis-generatorius\/","og_locale":"lt_LT","og_type":"article","og_title":"Champion 3200 vat\u0173 benzininis generatorius","og_description":"Champion 3200 vat\u0173 benzininis generatorius","og_url":"https:\/\/championbaltics.com\/lt\/toode\/champion-3200-vatu-benzininis-generatorius\/","og_site_name":"Champion Baltics","article_publisher":"https:\/\/facebook.com\/championbaltics","article_modified_time":"2025-12-05T09:50:24+00:00","og_image":[{"width":2000,"height":1404,"url":"https:\/\/championbaltics.com\/wp-content\/uploads\/2025\/11\/5000559-EU-1.webp","type":"image\/jpeg"}],"twitter_card":"summary_large_image","twitter_misc":{"Price":"629,00&nbsp;&euro;","Availability":"In stock"},"schema":{"@context":"https:\/\/schema.org","@graph":[{"@type":"WebPage","@id":"https:\/\/championbaltics.com\/lt\/toode\/champion-3200-vatu-benzininis-generatorius\/","url":"https:\/\/championbaltics.com\/lt\/toode\/champion-3200-vatu-benzininis-generatorius\/","name":"Champion 3200 vat\u0173 benzininis generatorius - Champion Baltics","isPartOf":{"@id":"https:\/\/championbaltics.com\/lt\/#website"},"primaryImageOfPage":{"@id":"https:\/\/championbaltics.com\/lt\/toode\/champion-3200-vatu-benzininis-generatorius\/#primaryimage"},"image":{"@id":"https:\/\/championbaltics.com\/lt\/toode\/champion-3200-vatu-benzininis-generatorius\/#primaryimage"},"thumbnailUrl":"https:\/\/championbaltics.com\/wp-content\/uploads\/2025\/11\/5000559-EU-1.webp","datePublished":"2025-11-13T11:35:13+00:00","dateModified":"2025-12-05T09:50:24+00:00","description":"Champion 3200 vat\u0173 benzininis generatorius","breadcrumb":{"@id":"https:\/\/championbaltics.com\/lt\/toode\/champion-3200-vatu-benzininis-generatorius\/#breadcrumb"},"inLanguage":"lt-LT","potentialAction":[{"@type":"ReadAction","target":["https:\/\/championbaltics.com\/lt\/toode\/champion-3200-vatu-benzininis-generatorius\/"]}]},{"@type":"ImageObject","inLanguage":"lt-LT","@id":"https:\/\/championbaltics.com\/lt\/toode\/champion-3200-vatu-benzininis-generatorius\/#primaryimage","url":"https:\/\/championbaltics.com\/wp-content\/uploads\/2025\/11\/5000559-EU-1.webp","contentUrl":"https:\/\/championbaltics.com\/wp-content\/uploads\/2025\/11\/5000559-EU-1.webp","width":2000,"height":1404},{"@type":"BreadcrumbList","@id":"https:\/\/championbaltics.com\/lt\/toode\/champion-3200-vatu-benzininis-generatorius\/#breadcrumb","itemListElement":[{"@type":"ListItem","position":1,"name":"Home","item":"https:\/\/championbaltics.com\/lt\/"},{"@type":"ListItem","position":2,"name":"Parduotuv\u0117","item":"https:\/\/championbaltics.com\/lt\/parduotuve\/"},{"@type":"ListItem","position":3,"name":"Champion 3200 vat\u0173 benzininis generatorius"}]},{"@type":"WebSite","@id":"https:\/\/championbaltics.com\/lt\/#website","url":"https:\/\/championbaltics.com\/lt\/","name":"Champion Baltics","description":"Power equipments","publisher":{"@id":"https:\/\/championbaltics.com\/lt\/#organization"},"alternateName":"Champion Power Equipment","potentialAction":[{"@type":"SearchAction","target":{"@type":"EntryPoint","urlTemplate":"https:\/\/championbaltics.com\/lt\/?s={search_term_string}"},"query-input":{"@type":"PropertyValueSpecification","valueRequired":true,"valueName":"search_term_string"}}],"inLanguage":"lt-LT"},{"@type":["Organization","Place"],"@id":"https:\/\/championbaltics.com\/lt\/#organization","name":"Champion Baltics","alternateName":"Champion Power Equipment","url":"https:\/\/championbaltics.com\/lt\/","logo":{"@id":"https:\/\/championbaltics.com\/lt\/toode\/champion-3200-vatu-benzininis-generatorius\/#local-main-organization-logo"},"image":{"@id":"https:\/\/championbaltics.com\/lt\/toode\/champion-3200-vatu-benzininis-generatorius\/#local-main-organization-logo"},"sameAs":["https:\/\/facebook.com\/championbaltics"],"description":"Champion power equipment representer of State of Baltics","legalName":"T.O Engineering LLC","foundingDate":"2015-01-07","numberOfEmployees":{"@type":"QuantitativeValue","minValue":"1","maxValue":"10"},"hasMerchantReturnPolicy":{"@type":"MerchantReturnPolicy","merchantReturnLink":"https:\/\/championbaltics.com\/refund_returns\/"},"address":{"@id":"https:\/\/championbaltics.com\/lt\/toode\/champion-3200-vatu-benzininis-generatorius\/#local-main-place-address"},"telephone":[],"contactPoint":{"@type":"ContactPoint","telephone":"+3725204833","email":"info@championbaltics.com"},"openingHoursSpecification":[{"@type":"OpeningHoursSpecification","dayOfWeek":["Monday","Tuesday","Wednesday","Thursday","Friday","Saturday","Sunday"],"opens":"09:00","closes":"17:00"}],"email":"info@championbaltics.com","vatID":"EE102032772"},{"@type":"PostalAddress","@id":"https:\/\/championbaltics.com\/lt\/toode\/champion-3200-vatu-benzininis-generatorius\/#local-main-place-address","streetAddress":"P\u00e4rnu mnt 144","addressLocality":"Tallinn","postalCode":"11317","addressRegion":"Harju","addressCountry":"EE"},{"@type":"ImageObject","inLanguage":"lt-LT","@id":"https:\/\/championbaltics.com\/lt\/toode\/champion-3200-vatu-benzininis-generatorius\/#local-main-organization-logo","url":"https:\/\/championbaltics.com\/wp-content\/uploads\/2025\/08\/cropped-ChampionBalticsLogo.webp","contentUrl":"https:\/\/championbaltics.com\/wp-content\/uploads\/2025\/08\/cropped-ChampionBalticsLogo.webp","width":512,"height":512,"caption":"Champion Baltics"}]},"product_brand":"Champion","product_price_amount":"629.00","product_price_currency":"EUR","og_availability":"instock","product_availability":"instock","product_retailer_item_id":"500599-EU-SC","product_condition":"new","geo.placename":"Tallinn","geo.region":"Estonia"},"_links":{"self":[{"href":"https:\/\/championbaltics.com\/lt\/wp-json\/wp\/v2\/product\/32655","targetHints":{"allow":["GET"]}}],"collection":[{"href":"https:\/\/championbaltics.com\/lt\/wp-json\/wp\/v2\/product"}],"about":[{"href":"https:\/\/championbaltics.com\/lt\/wp-json\/wp\/v2\/types\/product"}],"replies":[{"embeddable":true,"href":"https:\/\/championbaltics.com\/lt\/wp-json\/wp\/v2\/comments?post=32655"}],"version-history":[{"count":4,"href":"https:\/\/championbaltics.com\/lt\/wp-json\/wp\/v2\/product\/32655\/revisions"}],"predecessor-version":[{"id":33956,"href":"https:\/\/championbaltics.com\/lt\/wp-json\/wp\/v2\/product\/32655\/revisions\/33956"}],"wp:featuredmedia":[{"embeddable":true,"href":"https:\/\/championbaltics.com\/lt\/wp-json\/wp\/v2\/media\/32664"}],"wp:attachment":[{"href":"https:\/\/championbaltics.com\/lt\/wp-json\/wp\/v2\/media?parent=32655"}],"wp:term":[{"taxonomy":"product_brand","embeddable":true,"href":"https:\/\/championbaltics.com\/lt\/wp-json\/wp\/v2\/product_brand?post=32655"},{"taxonomy":"product_cat","embeddable":true,"href":"https:\/\/championbaltics.com\/lt\/wp-json\/wp\/v2\/product_cat?post=32655"},{"taxonomy":"product_tag","embeddable":true,"href":"https:\/\/championbaltics.com\/lt\/wp-json\/wp\/v2\/product_tag?post=32655"}],"curies":[{"name":"wp","href":"https:\/\/api.w.org\/{rel}","templated":true}]}}