{"id":32943,"date":"2025-11-17T09:39:37","date_gmt":"2025-11-17T09:39:37","guid":{"rendered":"https:\/\/championbaltics.com\/toode\/gladiator-r-type-12500-elektrine-gerve\/"},"modified":"2025-11-17T09:39:37","modified_gmt":"2025-11-17T09:39:37","slug":"gladiator-r-type-12500-elektrine-gerve","status":"publish","type":"product","link":"https:\/\/championbaltics.com\/lt\/toode\/gladiator-r-type-12500-elektrine-gerve\/","title":{"rendered":"Gladiator R-Type 12500 elektrin\u0117 gerv\u0117"},"content":{"rendered":"<div class=\"elementor-element elementor-element-bff7dea elementor-widget elementor-widget-theme-post-title elementor-page-title elementor-widget-heading\" data-id=\"bff7dea\" data-element_type=\"widget\" data-widget_type=\"theme-post-title.default\">\n<div class=\"elementor-element elementor-element-bff7dea elementor-widget elementor-widget-theme-post-title elementor-page-title elementor-widget-heading\" data-id=\"bff7dea\" data-element_type=\"widget\" data-widget_type=\"theme-post-title.default\">\n<div class=\"elementor-element elementor-element-bff7dea elementor-widget elementor-widget-theme-post-title elementor-page-title elementor-widget-heading\" data-id=\"bff7dea\" data-element_type=\"widget\" data-widget_type=\"theme-post-title.default\">\n<div class=\"elementor-element elementor-element-bff7dea elementor-widget elementor-widget-theme-post-title elementor-page-title elementor-widget-heading\" data-id=\"bff7dea\" data-element_type=\"widget\" data-widget_type=\"theme-post-title.default\">\n<div class=\"elementor-element elementor-element-bff7dea elementor-widget elementor-widget-theme-post-title elementor-page-title elementor-widget-heading\" data-id=\"bff7dea\" data-element_type=\"widget\" data-widget_type=\"theme-post-title.default\">\n<div class=\"elementor-element elementor-element-bff7dea elementor-widget elementor-widget-theme-post-title elementor-page-title elementor-widget-heading\" data-id=\"bff7dea\" data-element_type=\"widget\" data-widget_type=\"theme-post-title.default\">\n<div class=\"elementor-element elementor-element-bff7dea elementor-widget elementor-widget-theme-post-title elementor-page-title elementor-widget-heading\" data-id=\"bff7dea\" data-element_type=\"widget\" data-widget_type=\"theme-post-title.default\">\n<div class=\"elementor-element elementor-element-bff7dea elementor-widget elementor-widget-theme-post-title elementor-page-title elementor-widget-heading\" data-id=\"bff7dea\" data-element_type=\"widget\" data-widget_type=\"theme-post-title.default\">\n<div class=\"elementor-element elementor-element-bff7dea elementor-widget elementor-widget-theme-post-title elementor-page-title elementor-widget-heading\" data-id=\"bff7dea\" data-element_type=\"widget\" data-widget_type=\"theme-post-title.default\">\n<div class=\"elementor-element elementor-element-bff7dea elementor-widget elementor-widget-theme-post-title elementor-page-title elementor-widget-heading\" data-id=\"bff7dea\" data-element_type=\"widget\" data-widget_type=\"theme-post-title.default\">\n<div class=\"elementor-element elementor-element-bff7dea elementor-widget elementor-widget-theme-post-title elementor-page-title elementor-widget-heading\" data-id=\"bff7dea\" data-element_type=\"widget\" data-widget_type=\"theme-post-title.default\">\n<div class=\"elementor-element elementor-element-bff7dea elementor-widget elementor-widget-theme-post-title elementor-page-title elementor-widget-heading\" data-id=\"bff7dea\" data-element_type=\"widget\" data-widget_type=\"theme-post-title.default\">\n<div class=\"elementor-element elementor-element-bff7dea elementor-widget elementor-widget-theme-post-title elementor-page-title elementor-widget-heading\" data-id=\"bff7dea\" data-element_type=\"widget\" data-widget_type=\"theme-post-title.default\">\n<div class=\"elementor-element elementor-element-bff7dea elementor-widget elementor-widget-theme-post-title elementor-page-title elementor-widget-heading\" data-id=\"bff7dea\" data-element_type=\"widget\" data-widget_type=\"theme-post-title.default\">\n<div class=\"elementor-element elementor-element-bff7dea elementor-widget elementor-widget-theme-post-title elementor-page-title elementor-widget-heading\" data-id=\"bff7dea\" data-element_type=\"widget\" data-widget_type=\"theme-post-title.default\">\n<div class=\"elementor-element elementor-element-bff7dea elementor-widget elementor-widget-theme-post-title elementor-page-title elementor-widget-heading\" data-id=\"bff7dea\" data-element_type=\"widget\" data-widget_type=\"theme-post-title.default\">\n<div class=\"elementor-element elementor-element-bff7dea elementor-widget elementor-widget-theme-post-title elementor-page-title elementor-widget-heading\" data-id=\"bff7dea\" data-element_type=\"widget\" data-widget_type=\"theme-post-title.default\">\n<div class=\"elementor-element elementor-element-bff7dea elementor-widget elementor-widget-theme-post-title elementor-page-title elementor-widget-heading\" data-id=\"bff7dea\" data-element_type=\"widget\" data-widget_type=\"theme-post-title.default\">\n<div class=\"elementor-element elementor-element-bff7dea elementor-widget elementor-widget-theme-post-title elementor-page-title elementor-widget-heading\" data-id=\"bff7dea\" data-element_type=\"widget\" data-widget_type=\"theme-post-title.default\">\n<div class=\"elementor-element elementor-element-bff7dea elementor-widget elementor-widget-theme-post-title elementor-page-title elementor-widget-heading\" data-id=\"bff7dea\" data-element_type=\"widget\" data-widget_type=\"theme-post-title.default\">\n<h2>Gladiator R-Type 12500 elektrin\u0117 gerv\u0117<\/h2>\n<p>Gladiator 12v 12500 lbs elektrin\u0117 gerv\u0117 yra m\u016bs\u0173 naujos auk\u0161\u010diausios kokyb\u0117s gervi\u0173 asortimento dalis, puikiai tinkanti bekel\u0117s, priekaboms, sunkve\u017eimiams, d\u017eipams, visureigiams, 4&#215;4 ir ma\u017eam gelb\u0117jimui.<\/p>\n<p>Warrior Gladiator gerv\u0117s ir toliau apibr\u0117\u017eia gervi\u0173 standartus su neprilygstamu patvarumu, na\u0161umu ir stiliumi. Integruota 2-in-1 laidin\u0117\/belaid\u0117 \u012fkraunama nuotolinio valdymo sistema leid\u017eia lengvai valdyti gerv\u0119 iki 15 m atstumu. \u0160ilumin\u0117s perkrovos apsaugos sistema u\u017etikrina, kad gerv\u0117 neperkaist\u0173 ir neb\u016bt\u0173 pa\u017eeista ekstremaliomis s\u0105lygomis ir ilg\u0173, sunki\u0173 traukim\u0173 metu.  <\/p>\n<p>M\u016bs\u0173 revoliucinis i\u0161orinis stabd\u017ei\u0173 dizainas neleid\u017eia \u0161ilumai pasiekti b\u016bgno, ma\u017eindamas \u012ftamp\u0105 ir nusid\u0117v\u0117jim\u0105 j\u016bs\u0173 gerv\u0117s virv\u0117je, o m\u016bs\u0173 HRC50 pilno plieno krumpliara\u010diai u\u017etikrina auk\u0161\u010diausi\u0105 patvarum\u0105 ir didel\u012f efektyvum\u0105 ilgalaikiam traukimo paj\u0117gumui.<\/p>\n<p>Platus IP68 atsparumas vandeniui kartu su sidabro vario varikliu su vario \u0161epet\u0117li\u0173 laikikliais, taip pat patvari danga ir ner\u016bdijan\u010dio plieno tvirtinimo detal\u0117s u\u017etikrina auk\u0161\u010diausi\u0105 atsparum\u0105 korozijai.<\/p>\n<p>Prid\u0117kite prie to m\u016bs\u0173 ribot\u0105 viso gyvenimo garantij\u0105 su 7 met\u0173 garantija elektrin\u0117ms dalims ir nacionaliniais palaikymo centrais, kad u\u017etikrintum\u0117te visi\u0161k\u0105 ramyb\u0119.<\/p>\n<p>\u0160ios gerv\u0117s yra m\u016bs\u0173 auk\u0161\u010diausios kokyb\u0117s pasirinkimas d\u0117l geros prie\u017easties ir atrodo taip pat gerai, kaip ir veikia.<\/p>\n<\/div>\n<\/div>\n<\/div>\n<\/div>\n<\/div>\n<\/div>\n<\/div>\n<\/div>\n<\/div>\n<\/div>\n<\/div>\n<\/div>\n<\/div>\n<\/div>\n<\/div>\n<\/div>\n<\/div>\n<\/div>\n<\/div>\n<\/div>\n","protected":false},"excerpt":{"rendered":"<p>Gladiator 12v 12500 lbs elektrin\u0117 gerv\u0117 yra m\u016bs\u0173 naujos auk\u0161\u010diausios kokyb\u0117s gervi\u0173 asortimento dalis, puikiai tinkanti bekel\u0117s, priekaboms, sunkve\u017eimiams, d\u017eipams, visureigiams, 4&#215;4 ir ma\u017eam gelb\u0117jimui.<\/p>\n<p>Savyb\u0117s:<\/p>\n<p>Variklis ir pavar\u0173 d\u0117\u017e\u0117 yra visi\u0161kai apsaugoti pilno metalo \u0161arvais, o mes papildomai apsaugojome valdymo blok\u0105 tvirtu aliuminiu, kad u\u017etikrintume maksimali\u0105 apsaug\u0105.<br \/>\nPatvari aliuminio danga, lauko antikorozin\u0117 miltelin\u0117 danga ir ner\u016bdijan\u010dio plieno tvirtinimo detal\u0117s u\u017etikrina i\u0161skirtin\u012f atsparum\u0105 korozijai, daugiau nei 480 valand\u0173 druskos pur\u0161kimo bandym\u0173.<br \/>\n2-in-1 laidinis\/belaidis \u012fkraunamas nuotolinio valdymo pultas, kad b\u016bt\u0173 lengva naudoti bet kokioje situacijoje. USB \u012fkrovimo kabelis rei\u0161kia, kad galite \u012fkrauti nuotolinio valdymo pult\u0105 savo transporto priemon\u0117je.<br \/>\n\u0160ilumin\u0117s perkrovos apsaugos sistema apsaugo gerv\u0119 nuo pa\u017eeidim\u0173, suteikdama jums ramyb\u0119, kad j\u016bs\u0173 gerv\u0117 yra apsaugota ekstremaliomis naudojimo s\u0105lygomis<br \/>\nWarrior auk\u0161tos galios variklis ir pavar\u0173 d\u0117\u017e\u0117 u\u017etikrina auk\u0161t\u0105 na\u0161um\u0105 ir galing\u0105 traukimo paj\u0117gum\u0105, tuo pa\u010diu i\u0161laikant itin ma\u017e\u0105 srov\u0117s suvartojim\u0105, kad nei\u0161sikraut\u0173 j\u016bs\u0173 akumuliatorius.<br \/>\n\u012esp\u016bdingas be apkrovos linijos greitis 8,5 m\/min yra grei\u010diausias \u0161iame segmente.<br \/>\n600 amper\u0173 sidabro galiuko kontaktorius u\u017etikrina didesn\u012f elektros efektyvum\u0105 ir atlaiko auk\u0161tesnes temperat\u016bras, o ma\u017eai korozinis sidabro vario variklis su vario \u0161epet\u0117li\u0173 laikikliais u\u017etikrina ilgesn\u012f variklio tarnavimo laik\u0105.<br \/>\nHRC50 pilno plieno krumpliara\u010diai u\u017etikrina auk\u0161\u010diausi\u0105 patvarum\u0105 ir ilg\u0105 tarnavimo laik\u0105.<br \/>\nPlatus atsparumas vandeniui pagal IP68 standart\u0105 neleid\u017eia vandeniui ir elementams patekti \u012f vid\u0173.<br \/>\nM\u016bs\u0173 revoliucinis i\u0161orinis stabd\u017ei\u0173 dizainas rei\u0161kia, kad ma\u017eiau \u0161ilumos ir \u012ftampos perduodama j\u016bs\u0173 gerv\u0117s virvei, prailginant jos tarnavimo laik\u0105, suteikiant jums maksimali\u0105 gr\u0105\u017e\u0105 ir vert\u0119 u\u017e pinigus.<br \/>\nDidelis plieno gerv\u0117s b\u016bgnas suma\u017eina nusid\u0117v\u0117jim\u0105 Armortek Extreme sintetin\u0117je virv\u0117je.<br \/>\nNer\u016bdijan\u010dio plieno tvirtinimo detal\u0117s, platus sandarinimas ir patvari lauko antikorozin\u0117 miltelin\u0117 danga u\u017etikrina auk\u0161\u010diausi\u0105 atsparum\u0105 korozijai.<\/p>\n","protected":false},"featured_media":32902,"comment_status":"open","ping_status":"closed","template":"","meta":[],"product_brand":[292],"product_cat":[319],"product_tag":[325,320,326,321,327],"class_list":{"0":"post-32943","1":"product","2":"type-product","3":"status-publish","4":"has-post-thumbnail","6":"product_brand-warrior-winches","7":"product_cat-gerves","8":"product_tag-elektrine-gerve","9":"product_tag-gerve","10":"product_tag-gladiatorius","11":"product_tag-plieninis-kabelis","12":"product_tag-profesionalus","14":"first","15":"instock","16":"taxable","17":"shipping-taxable","18":"purchasable","19":"product-type-simple"},"yoast_head":"<!-- This site is optimized with the Yoast SEO Premium plugin v27.5 (Yoast SEO v27.5) - https:\/\/yoast.com\/product\/yoast-seo-premium-wordpress\/ -->\n<title>Gladiator R-Type 12500 elektrin\u0117 gerv\u0117 - Champion Baltics<\/title>\n<meta name=\"description\" content=\"Gladiator R-Type 12500 elektrin\u0117 gerv\u0117 \u2013 auk\u0161\u010diausios kokyb\u0117s 12V gerv\u0117, skirta bekel\u0117s, 4x4, sunkve\u017eimiams ir gelb\u0117jimui. Yra 2-in-1 belaidis nuotolinio valdymo pultas, \u0161ilumin\u0117 apsauga, i\u0161orinis stabd\u017ei\u0173 dizainas, IP68 atsparumas vandeniui ir viso gyvenimo garantija.\" \/>\n<meta name=\"robots\" content=\"index, follow, max-snippet:-1, max-image-preview:large, max-video-preview:-1\" \/>\n<link rel=\"canonical\" href=\"https:\/\/championbaltics.com\/lt\/toode\/gladiator-r-type-12500-elektrine-gerve\/\" \/>\n<meta property=\"og:locale\" content=\"lt_LT\" \/>\n<meta property=\"og:type\" content=\"article\" \/>\n<meta property=\"og:title\" content=\"Gladiator R-Type 12500 elektrin\u0117 gerv\u0117\" \/>\n<meta property=\"og:description\" content=\"Gladiator R-Type 12500 elektrin\u0117 gerv\u0117 \u2013 auk\u0161\u010diausios kokyb\u0117s 12V gerv\u0117, skirta bekel\u0117s, 4x4, sunkve\u017eimiams ir gelb\u0117jimui. Yra 2-in-1 belaidis nuotolinio valdymo pultas, \u0161ilumin\u0117 apsauga, i\u0161orinis stabd\u017ei\u0173 dizainas, IP68 atsparumas vandeniui ir viso gyvenimo garantija.\" \/>\n<meta property=\"og:url\" content=\"https:\/\/championbaltics.com\/lt\/toode\/gladiator-r-type-12500-elektrine-gerve\/\" \/>\n<meta property=\"og:site_name\" content=\"Champion Baltics\" \/>\n<meta property=\"article:publisher\" content=\"https:\/\/facebook.com\/championbaltics\" \/>\n<meta property=\"og:image\" content=\"https:\/\/championbaltics.com\/wp-content\/uploads\/2025\/11\/Galdiator_12RTS12_front_view.webp\" \/>\n\t<meta property=\"og:image:width\" content=\"773\" \/>\n\t<meta property=\"og:image:height\" content=\"442\" \/>\n\t<meta property=\"og:image:type\" content=\"image\/webp\" \/>\n<meta name=\"twitter:card\" content=\"summary_large_image\" \/>\n<meta name=\"twitter:label1\" content=\"Price\" \/>\n\t<meta name=\"twitter:data1\" content=\"899,00&nbsp;&euro;\" \/>\n\t<meta name=\"twitter:label2\" content=\"Availability\" \/>\n\t<meta name=\"twitter:data2\" content=\"In stock\" \/>\n<script type=\"application\/ld+json\" class=\"yoast-schema-graph\">{\"@context\":\"https:\\\/\\\/schema.org\",\"@graph\":[{\"@type\":\"WebPage\",\"@id\":\"https:\\\/\\\/championbaltics.com\\\/lt\\\/toode\\\/gladiator-r-type-12500-elektrine-gerve\\\/\",\"url\":\"https:\\\/\\\/championbaltics.com\\\/lt\\\/toode\\\/gladiator-r-type-12500-elektrine-gerve\\\/\",\"name\":\"Gladiator R-Type 12500 elektrin\u0117 gerv\u0117 - Champion Baltics\",\"isPartOf\":{\"@id\":\"https:\\\/\\\/championbaltics.com\\\/lt\\\/#website\"},\"primaryImageOfPage\":{\"@id\":\"https:\\\/\\\/championbaltics.com\\\/lt\\\/toode\\\/gladiator-r-type-12500-elektrine-gerve\\\/#primaryimage\"},\"image\":{\"@id\":\"https:\\\/\\\/championbaltics.com\\\/lt\\\/toode\\\/gladiator-r-type-12500-elektrine-gerve\\\/#primaryimage\"},\"thumbnailUrl\":\"https:\\\/\\\/championbaltics.com\\\/wp-content\\\/uploads\\\/2025\\\/11\\\/Galdiator_12RTS12_front_view.webp\",\"datePublished\":\"2025-11-17T09:39:37+00:00\",\"description\":\"Gladiator R-Type 12500 elektrin\u0117 gerv\u0117 \u2013 auk\u0161\u010diausios kokyb\u0117s 12V gerv\u0117, skirta bekel\u0117s, 4x4, sunkve\u017eimiams ir gelb\u0117jimui. Yra 2-in-1 belaidis nuotolinio valdymo pultas, \u0161ilumin\u0117 apsauga, i\u0161orinis stabd\u017ei\u0173 dizainas, IP68 atsparumas vandeniui ir viso gyvenimo garantija.\",\"breadcrumb\":{\"@id\":\"https:\\\/\\\/championbaltics.com\\\/lt\\\/toode\\\/gladiator-r-type-12500-elektrine-gerve\\\/#breadcrumb\"},\"inLanguage\":\"lt-LT\",\"potentialAction\":[{\"@type\":\"ReadAction\",\"target\":[\"https:\\\/\\\/championbaltics.com\\\/lt\\\/toode\\\/gladiator-r-type-12500-elektrine-gerve\\\/\"]}]},{\"@type\":\"ImageObject\",\"inLanguage\":\"lt-LT\",\"@id\":\"https:\\\/\\\/championbaltics.com\\\/lt\\\/toode\\\/gladiator-r-type-12500-elektrine-gerve\\\/#primaryimage\",\"url\":\"https:\\\/\\\/championbaltics.com\\\/wp-content\\\/uploads\\\/2025\\\/11\\\/Galdiator_12RTS12_front_view.webp\",\"contentUrl\":\"https:\\\/\\\/championbaltics.com\\\/wp-content\\\/uploads\\\/2025\\\/11\\\/Galdiator_12RTS12_front_view.webp\",\"width\":773,\"height\":442},{\"@type\":\"BreadcrumbList\",\"@id\":\"https:\\\/\\\/championbaltics.com\\\/lt\\\/toode\\\/gladiator-r-type-12500-elektrine-gerve\\\/#breadcrumb\",\"itemListElement\":[{\"@type\":\"ListItem\",\"position\":1,\"name\":\"Home\",\"item\":\"https:\\\/\\\/championbaltics.com\\\/lt\\\/\"},{\"@type\":\"ListItem\",\"position\":2,\"name\":\"Parduotuv\u0117\",\"item\":\"https:\\\/\\\/championbaltics.com\\\/lt\\\/parduotuve\\\/\"},{\"@type\":\"ListItem\",\"position\":3,\"name\":\"Gladiator R-Type 12500 elektrin\u0117 gerv\u0117\"}]},{\"@type\":\"WebSite\",\"@id\":\"https:\\\/\\\/championbaltics.com\\\/lt\\\/#website\",\"url\":\"https:\\\/\\\/championbaltics.com\\\/lt\\\/\",\"name\":\"Champion Baltics\",\"description\":\"Power equipments\",\"publisher\":{\"@id\":\"https:\\\/\\\/championbaltics.com\\\/lt\\\/#organization\"},\"alternateName\":\"Champion Power Equipment\",\"potentialAction\":[{\"@type\":\"SearchAction\",\"target\":{\"@type\":\"EntryPoint\",\"urlTemplate\":\"https:\\\/\\\/championbaltics.com\\\/lt\\\/?s={search_term_string}\"},\"query-input\":{\"@type\":\"PropertyValueSpecification\",\"valueRequired\":true,\"valueName\":\"search_term_string\"}}],\"inLanguage\":\"lt-LT\"},{\"@type\":[\"Organization\",\"Place\"],\"@id\":\"https:\\\/\\\/championbaltics.com\\\/lt\\\/#organization\",\"name\":\"Champion Baltics\",\"alternateName\":\"Champion Power Equipment\",\"url\":\"https:\\\/\\\/championbaltics.com\\\/lt\\\/\",\"logo\":{\"@id\":\"https:\\\/\\\/championbaltics.com\\\/lt\\\/toode\\\/gladiator-r-type-12500-elektrine-gerve\\\/#local-main-organization-logo\"},\"image\":{\"@id\":\"https:\\\/\\\/championbaltics.com\\\/lt\\\/toode\\\/gladiator-r-type-12500-elektrine-gerve\\\/#local-main-organization-logo\"},\"sameAs\":[\"https:\\\/\\\/facebook.com\\\/championbaltics\"],\"description\":\"Champion power equipment representer of State of Baltics\",\"legalName\":\"T.O Engineering LLC\",\"foundingDate\":\"2015-01-07\",\"numberOfEmployees\":{\"@type\":\"QuantitativeValue\",\"minValue\":\"1\",\"maxValue\":\"10\"},\"hasMerchantReturnPolicy\":{\"@type\":\"MerchantReturnPolicy\",\"merchantReturnLink\":\"https:\\\/\\\/championbaltics.com\\\/refund_returns\\\/\"},\"address\":{\"@id\":\"https:\\\/\\\/championbaltics.com\\\/lt\\\/toode\\\/gladiator-r-type-12500-elektrine-gerve\\\/#local-main-place-address\"},\"telephone\":[],\"contactPoint\":{\"@type\":\"ContactPoint\",\"telephone\":\"+3725204833\",\"email\":\"info@championbaltics.com\"},\"openingHoursSpecification\":[{\"@type\":\"OpeningHoursSpecification\",\"dayOfWeek\":[\"Monday\",\"Tuesday\",\"Wednesday\",\"Thursday\",\"Friday\",\"Saturday\",\"Sunday\"],\"opens\":\"09:00\",\"closes\":\"17:00\"}],\"email\":\"info@championbaltics.com\",\"vatID\":\"EE102032772\"},{\"@type\":\"PostalAddress\",\"@id\":\"https:\\\/\\\/championbaltics.com\\\/lt\\\/toode\\\/gladiator-r-type-12500-elektrine-gerve\\\/#local-main-place-address\",\"streetAddress\":\"P\u00e4rnu mnt 144\",\"addressLocality\":\"Tallinn\",\"postalCode\":\"11317\",\"addressRegion\":\"Harju\",\"addressCountry\":\"EE\"},{\"@type\":\"ImageObject\",\"inLanguage\":\"lt-LT\",\"@id\":\"https:\\\/\\\/championbaltics.com\\\/lt\\\/toode\\\/gladiator-r-type-12500-elektrine-gerve\\\/#local-main-organization-logo\",\"url\":\"https:\\\/\\\/championbaltics.com\\\/wp-content\\\/uploads\\\/2025\\\/08\\\/cropped-ChampionBalticsLogo.webp\",\"contentUrl\":\"https:\\\/\\\/championbaltics.com\\\/wp-content\\\/uploads\\\/2025\\\/08\\\/cropped-ChampionBalticsLogo.webp\",\"width\":512,\"height\":512,\"caption\":\"Champion Baltics\"}]}<\/script>\n<meta property=\"product:brand\" content=\"Warrior Winches\" \/>\n<meta property=\"product:price:amount\" content=\"899.00\" \/>\n<meta property=\"product:price:currency\" content=\"EUR\" \/>\n<meta property=\"og:availability\" content=\"instock\" \/>\n<meta property=\"product:availability\" content=\"instock\" \/>\n<meta property=\"product:retailer_item_id\" content=\"12RTS12\" \/>\n<meta property=\"product:condition\" content=\"new\" \/>\n<meta name=\"geo.placename\" content=\"Tallinn\" \/>\n<meta name=\"geo.region\" content=\"Estonia\" \/>\n<!-- \/ Yoast SEO Premium plugin. -->","yoast_head_json":{"title":"Gladiator R-Type 12500 elektrin\u0117 gerv\u0117 - Champion Baltics","description":"Gladiator R-Type 12500 elektrin\u0117 gerv\u0117 \u2013 auk\u0161\u010diausios kokyb\u0117s 12V gerv\u0117, skirta bekel\u0117s, 4x4, sunkve\u017eimiams ir gelb\u0117jimui. Yra 2-in-1 belaidis nuotolinio valdymo pultas, \u0161ilumin\u0117 apsauga, i\u0161orinis stabd\u017ei\u0173 dizainas, IP68 atsparumas vandeniui ir viso gyvenimo garantija.","robots":{"index":"index","follow":"follow","max-snippet":"max-snippet:-1","max-image-preview":"max-image-preview:large","max-video-preview":"max-video-preview:-1"},"canonical":"https:\/\/championbaltics.com\/lt\/toode\/gladiator-r-type-12500-elektrine-gerve\/","og_locale":"lt_LT","og_type":"article","og_title":"Gladiator R-Type 12500 elektrin\u0117 gerv\u0117","og_description":"Gladiator R-Type 12500 elektrin\u0117 gerv\u0117 \u2013 auk\u0161\u010diausios kokyb\u0117s 12V gerv\u0117, skirta bekel\u0117s, 4x4, sunkve\u017eimiams ir gelb\u0117jimui. Yra 2-in-1 belaidis nuotolinio valdymo pultas, \u0161ilumin\u0117 apsauga, i\u0161orinis stabd\u017ei\u0173 dizainas, IP68 atsparumas vandeniui ir viso gyvenimo garantija.","og_url":"https:\/\/championbaltics.com\/lt\/toode\/gladiator-r-type-12500-elektrine-gerve\/","og_site_name":"Champion Baltics","article_publisher":"https:\/\/facebook.com\/championbaltics","og_image":[{"width":773,"height":442,"url":"https:\/\/championbaltics.com\/wp-content\/uploads\/2025\/11\/Galdiator_12RTS12_front_view.webp","type":"image\/webp"}],"twitter_card":"summary_large_image","twitter_misc":{"Price":"899,00&nbsp;&euro;","Availability":"In stock"},"schema":{"@context":"https:\/\/schema.org","@graph":[{"@type":"WebPage","@id":"https:\/\/championbaltics.com\/lt\/toode\/gladiator-r-type-12500-elektrine-gerve\/","url":"https:\/\/championbaltics.com\/lt\/toode\/gladiator-r-type-12500-elektrine-gerve\/","name":"Gladiator R-Type 12500 elektrin\u0117 gerv\u0117 - Champion Baltics","isPartOf":{"@id":"https:\/\/championbaltics.com\/lt\/#website"},"primaryImageOfPage":{"@id":"https:\/\/championbaltics.com\/lt\/toode\/gladiator-r-type-12500-elektrine-gerve\/#primaryimage"},"image":{"@id":"https:\/\/championbaltics.com\/lt\/toode\/gladiator-r-type-12500-elektrine-gerve\/#primaryimage"},"thumbnailUrl":"https:\/\/championbaltics.com\/wp-content\/uploads\/2025\/11\/Galdiator_12RTS12_front_view.webp","datePublished":"2025-11-17T09:39:37+00:00","description":"Gladiator R-Type 12500 elektrin\u0117 gerv\u0117 \u2013 auk\u0161\u010diausios kokyb\u0117s 12V gerv\u0117, skirta bekel\u0117s, 4x4, sunkve\u017eimiams ir gelb\u0117jimui. Yra 2-in-1 belaidis nuotolinio valdymo pultas, \u0161ilumin\u0117 apsauga, i\u0161orinis stabd\u017ei\u0173 dizainas, IP68 atsparumas vandeniui ir viso gyvenimo garantija.","breadcrumb":{"@id":"https:\/\/championbaltics.com\/lt\/toode\/gladiator-r-type-12500-elektrine-gerve\/#breadcrumb"},"inLanguage":"lt-LT","potentialAction":[{"@type":"ReadAction","target":["https:\/\/championbaltics.com\/lt\/toode\/gladiator-r-type-12500-elektrine-gerve\/"]}]},{"@type":"ImageObject","inLanguage":"lt-LT","@id":"https:\/\/championbaltics.com\/lt\/toode\/gladiator-r-type-12500-elektrine-gerve\/#primaryimage","url":"https:\/\/championbaltics.com\/wp-content\/uploads\/2025\/11\/Galdiator_12RTS12_front_view.webp","contentUrl":"https:\/\/championbaltics.com\/wp-content\/uploads\/2025\/11\/Galdiator_12RTS12_front_view.webp","width":773,"height":442},{"@type":"BreadcrumbList","@id":"https:\/\/championbaltics.com\/lt\/toode\/gladiator-r-type-12500-elektrine-gerve\/#breadcrumb","itemListElement":[{"@type":"ListItem","position":1,"name":"Home","item":"https:\/\/championbaltics.com\/lt\/"},{"@type":"ListItem","position":2,"name":"Parduotuv\u0117","item":"https:\/\/championbaltics.com\/lt\/parduotuve\/"},{"@type":"ListItem","position":3,"name":"Gladiator R-Type 12500 elektrin\u0117 gerv\u0117"}]},{"@type":"WebSite","@id":"https:\/\/championbaltics.com\/lt\/#website","url":"https:\/\/championbaltics.com\/lt\/","name":"Champion Baltics","description":"Power equipments","publisher":{"@id":"https:\/\/championbaltics.com\/lt\/#organization"},"alternateName":"Champion Power Equipment","potentialAction":[{"@type":"SearchAction","target":{"@type":"EntryPoint","urlTemplate":"https:\/\/championbaltics.com\/lt\/?s={search_term_string}"},"query-input":{"@type":"PropertyValueSpecification","valueRequired":true,"valueName":"search_term_string"}}],"inLanguage":"lt-LT"},{"@type":["Organization","Place"],"@id":"https:\/\/championbaltics.com\/lt\/#organization","name":"Champion Baltics","alternateName":"Champion Power Equipment","url":"https:\/\/championbaltics.com\/lt\/","logo":{"@id":"https:\/\/championbaltics.com\/lt\/toode\/gladiator-r-type-12500-elektrine-gerve\/#local-main-organization-logo"},"image":{"@id":"https:\/\/championbaltics.com\/lt\/toode\/gladiator-r-type-12500-elektrine-gerve\/#local-main-organization-logo"},"sameAs":["https:\/\/facebook.com\/championbaltics"],"description":"Champion power equipment representer of State of Baltics","legalName":"T.O Engineering LLC","foundingDate":"2015-01-07","numberOfEmployees":{"@type":"QuantitativeValue","minValue":"1","maxValue":"10"},"hasMerchantReturnPolicy":{"@type":"MerchantReturnPolicy","merchantReturnLink":"https:\/\/championbaltics.com\/refund_returns\/"},"address":{"@id":"https:\/\/championbaltics.com\/lt\/toode\/gladiator-r-type-12500-elektrine-gerve\/#local-main-place-address"},"telephone":[],"contactPoint":{"@type":"ContactPoint","telephone":"+3725204833","email":"info@championbaltics.com"},"openingHoursSpecification":[{"@type":"OpeningHoursSpecification","dayOfWeek":["Monday","Tuesday","Wednesday","Thursday","Friday","Saturday","Sunday"],"opens":"09:00","closes":"17:00"}],"email":"info@championbaltics.com","vatID":"EE102032772"},{"@type":"PostalAddress","@id":"https:\/\/championbaltics.com\/lt\/toode\/gladiator-r-type-12500-elektrine-gerve\/#local-main-place-address","streetAddress":"P\u00e4rnu mnt 144","addressLocality":"Tallinn","postalCode":"11317","addressRegion":"Harju","addressCountry":"EE"},{"@type":"ImageObject","inLanguage":"lt-LT","@id":"https:\/\/championbaltics.com\/lt\/toode\/gladiator-r-type-12500-elektrine-gerve\/#local-main-organization-logo","url":"https:\/\/championbaltics.com\/wp-content\/uploads\/2025\/08\/cropped-ChampionBalticsLogo.webp","contentUrl":"https:\/\/championbaltics.com\/wp-content\/uploads\/2025\/08\/cropped-ChampionBalticsLogo.webp","width":512,"height":512,"caption":"Champion Baltics"}]},"product_brand":"Warrior Winches","product_price_amount":"899.00","product_price_currency":"EUR","og_availability":"instock","product_availability":"instock","product_retailer_item_id":"12RTS12","product_condition":"new","geo.placename":"Tallinn","geo.region":"Estonia"},"_links":{"self":[{"href":"https:\/\/championbaltics.com\/lt\/wp-json\/wp\/v2\/product\/32943","targetHints":{"allow":["GET"]}}],"collection":[{"href":"https:\/\/championbaltics.com\/lt\/wp-json\/wp\/v2\/product"}],"about":[{"href":"https:\/\/championbaltics.com\/lt\/wp-json\/wp\/v2\/types\/product"}],"replies":[{"embeddable":true,"href":"https:\/\/championbaltics.com\/lt\/wp-json\/wp\/v2\/comments?post=32943"}],"version-history":[{"count":0,"href":"https:\/\/championbaltics.com\/lt\/wp-json\/wp\/v2\/product\/32943\/revisions"}],"wp:featuredmedia":[{"embeddable":true,"href":"https:\/\/championbaltics.com\/lt\/wp-json\/wp\/v2\/media\/32902"}],"wp:attachment":[{"href":"https:\/\/championbaltics.com\/lt\/wp-json\/wp\/v2\/media?parent=32943"}],"wp:term":[{"taxonomy":"product_brand","embeddable":true,"href":"https:\/\/championbaltics.com\/lt\/wp-json\/wp\/v2\/product_brand?post=32943"},{"taxonomy":"product_cat","embeddable":true,"href":"https:\/\/championbaltics.com\/lt\/wp-json\/wp\/v2\/product_cat?post=32943"},{"taxonomy":"product_tag","embeddable":true,"href":"https:\/\/championbaltics.com\/lt\/wp-json\/wp\/v2\/product_tag?post=32943"}],"curies":[{"name":"wp","href":"https:\/\/api.w.org\/{rel}","templated":true}]}}