{"id":33001,"date":"2025-11-05T14:02:21","date_gmt":"2025-11-05T14:02:21","guid":{"rendered":"https:\/\/championbaltics.com\/toode\/rv-8000-hidraulinis-gerve-plienine-viela\/"},"modified":"2025-11-05T14:02:21","modified_gmt":"2025-11-05T14:02:21","slug":"rv-8000-hidraulinis-gerve-plienine-viela","status":"publish","type":"product","link":"https:\/\/championbaltics.com\/lt\/toode\/rv-8000-hidraulinis-gerve-plienine-viela\/","title":{"rendered":"RV 8000 hidraulinis gerv\u0117 &#8211; plienin\u0117 viela"},"content":{"rendered":"<div class=\"elementor-element elementor-element-bff7dea elementor-widget elementor-widget-theme-post-title elementor-page-title elementor-widget-heading\" data-id=\"bff7dea\" data-element_type=\"widget\" data-widget_type=\"theme-post-title.default\">\n<div class=\"elementor-element elementor-element-bff7dea elementor-widget elementor-widget-theme-post-title elementor-page-title elementor-widget-heading\" data-id=\"bff7dea\" data-element_type=\"widget\" data-widget_type=\"theme-post-title.default\">\n<div class=\"elementor-element elementor-element-bff7dea elementor-widget elementor-widget-theme-post-title elementor-page-title elementor-widget-heading\" data-id=\"bff7dea\" data-element_type=\"widget\" data-widget_type=\"theme-post-title.default\">\n<div class=\"elementor-element elementor-element-bff7dea elementor-widget elementor-widget-theme-post-title elementor-page-title elementor-widget-heading\" data-id=\"bff7dea\" data-element_type=\"widget\" data-widget_type=\"theme-post-title.default\">\n<h2 class=\"elementor-heading-title elementor-size-default\"><span dir=\"auto\">RV 8000 hidraulinis gerv\u0117 \u2013 plienin\u0117 viela<\/span><\/h2>\n<\/div>\n<div class=\"elementor-element elementor-element-a536ae3 elementor-widget elementor-widget-jet-listing-dynamic-field\" data-id=\"a536ae3\" data-element_type=\"widget\" data-widget_type=\"jet-listing-dynamic-field.default\">\n<div class=\"jet-listing jet-listing-dynamic-field display-inline\">\n<div class=\"jet-listing-dynamic-field__inline-wrap\">\n<div class=\"jet-listing-dynamic-field__content\">\n<p><span dir=\"auto\">Warrior Winches hidraulin\u0117 RV serija yra specialiai sukurta atitikti BS EN 14492-1:2006+A1:2009 ir SAEJ-706 standartus. Modeliai sukurti reiklioms komercin\u0117ms ir pramonin\u0117ms reikm\u0117ms ir yra prieinami nuo 8000 svar\u0173 (3629 kg) iki 18000 svar\u0173 (8164 kg) talpos. Serijoje taip pat yra 8000 svar\u0173 modelis su trumpu b\u016bgnu.  <\/span><\/p>\n<p><span dir=\"auto\">Saugumas mums yra svarbus, tod\u0117l plienin\u012f kabel\u012f padidinome 2:1, o kabelio tvirtinimas gali atlaikyti iki 2,5 karto didesn\u0119 gerv\u0117s traukimo j\u0117g\u0105, suteikdamas vartotojui papildom\u0105 saugum\u0105 ir patikimum\u0105. RV serijos hidrauliniai stabd\u017eiai gali atlaikyti vis\u0105 traukimo svor\u012f, u\u017etikrindami puiki\u0105 kontrol\u0119, padidint\u0105 saugum\u0105 ir patikimum\u0105 naudojant gerv\u0119. <\/span><\/p>\n<p><span dir=\"auto\">ISTR18 montavimo plok\u0161t\u0117 yra pasirenkamas priedas ir taip pat patvirtinta pagal BS EN 14492-1:2006+A1:2009.<\/span><\/p>\n<\/div>\n<\/div>\n<\/div>\n<\/div>\n<\/div>\n<div class=\"elementor-element elementor-element-a536ae3 elementor-widget elementor-widget-jet-listing-dynamic-field\" data-id=\"a536ae3\" data-element_type=\"widget\" data-widget_type=\"jet-listing-dynamic-field.default\">\n<div class=\"jet-listing jet-listing-dynamic-field display-inline\">\n<p><img loading=\"lazy\" decoding=\"async\" class=\"alignnone wp-image-32445\" src=\"https:\/\/championbaltics.com\/wp-content\/uploads\/2025\/11\/chart_winch_2-400x112.png\" alt=\"\" width=\"764\" height=\"214\"><\/p>\n<\/div>\n<\/div>\n<\/div>\n<\/div>\n","protected":false},"excerpt":{"rendered":"<p>RV serija yra specialiai sukurta atitikti EN 14992 ir SAEJ-706 standartus. Jie sukurti reiklioms komercin\u0117ms ir pramonin\u0117ms reikm\u0117ms ir yra prieinami nuo 3629 iki 8165 kg talpos. Saugumas yra svarbiausias, nes plieninis kabelis turi 2:1 santyk\u012f, o kabelio tvirtinimas gali atlaikyti iki 2,5 karto didesn\u0119 gerv\u0117s traukimo j\u0117g\u0105. Hidraulinis stabdys gali atlaikyti vis\u0105 traukimo svor\u012f, suteikdamas puiki\u0105 kontrol\u0119 ir papildom\u0105 saugum\u0105!   <\/p>\n<p>Savyb\u0117s:<\/p>\n<p>Patvirtinta pagal EN14492-1 \/ Ma\u0161in\u0173 direktyv\u0105 2006\/42\/EB<br \/>\nB\u016bgno virv\u0117s santykis 10:1<br \/>\nPlienin\u0117s vielos virv\u0117s saugumo koeficientas 2:1<br \/>\nHidrauliniai stabd\u017eiai, galintys laikyti krovin\u012f<br \/>\nKabelio tvirtinimas gali atlaikyti 2,5 karto didesn\u0119 nominali\u0105 apkrov\u0105<br \/>\nReversin\u0117 orientacija: \u0160ios gerv\u0117s gali b\u016bti montuojamos kair\u0117je arba de\u0161in\u0117je variklio pus\u0117je, su virve, vyniojama i\u0161 vir\u0161aus arba apa\u010dios.<\/p>\n","protected":false},"featured_media":32446,"comment_status":"open","ping_status":"closed","template":"","meta":[],"product_brand":[292],"product_cat":[319],"product_tag":[320,323,321,327,354],"class_list":{"0":"post-33001","1":"product","2":"type-product","3":"status-publish","4":"has-post-thumbnail","6":"product_brand-warrior-winches","7":"product_cat-gerves","8":"product_tag-gerve","9":"product_tag-hidrauline-gerve","10":"product_tag-plieninis-kabelis","11":"product_tag-profesionalus","12":"product_tag-rv-serija","14":"first","15":"instock","16":"taxable","17":"shipping-taxable","18":"purchasable","19":"product-type-simple"},"yoast_head":"<!-- This site is optimized with the Yoast SEO Premium plugin v27.5 (Yoast SEO v27.5) - https:\/\/yoast.com\/product\/yoast-seo-premium-wordpress\/ -->\n<title>RV 8000 hidraulinis gerv\u0117 - plienin\u0117 viela - Champion Baltics<\/title>\n<meta name=\"description\" content=\"Warrior RV 8000 hidraulinis gerv\u0117 su plienine viela. Kompakti\u0161ka ir patvari 8 000 svar\u0173 gerv\u0117 su auk\u0161to efektyvumo varikliu, patentuotais krumpliara\u010diais ir saugia stabd\u017ei\u0173 sistema pramoniniam ir komerciniam naudojimui.\" \/>\n<meta name=\"robots\" content=\"index, follow, max-snippet:-1, max-image-preview:large, max-video-preview:-1\" \/>\n<link rel=\"canonical\" href=\"https:\/\/championbaltics.com\/lt\/toode\/rv-8000-hidraulinis-gerve-plienine-viela\/\" \/>\n<meta property=\"og:locale\" content=\"lt_LT\" \/>\n<meta property=\"og:type\" content=\"article\" \/>\n<meta property=\"og:title\" content=\"RV 8000 hidraulinis gerv\u0117 - plienin\u0117 viela\" \/>\n<meta property=\"og:description\" content=\"Warrior RV 8000 hidraulinis gerv\u0117 su plienine viela. Kompakti\u0161ka ir patvari 8 000 svar\u0173 gerv\u0117 su auk\u0161to efektyvumo varikliu, patentuotais krumpliara\u010diais ir saugia stabd\u017ei\u0173 sistema pramoniniam ir komerciniam naudojimui.\" \/>\n<meta property=\"og:url\" content=\"https:\/\/championbaltics.com\/lt\/toode\/rv-8000-hidraulinis-gerve-plienine-viela\/\" \/>\n<meta property=\"og:site_name\" content=\"Champion Baltics\" \/>\n<meta property=\"article:publisher\" content=\"https:\/\/facebook.com\/championbaltics\" \/>\n<meta property=\"og:image\" content=\"https:\/\/championbaltics.com\/wp-content\/uploads\/2025\/11\/WW_80RVSHY_front-view-scaled.webp\" \/>\n\t<meta property=\"og:image:width\" content=\"1920\" \/>\n\t<meta property=\"og:image:height\" content=\"1317\" \/>\n\t<meta property=\"og:image:type\" content=\"image\/webp\" \/>\n<meta name=\"twitter:card\" content=\"summary_large_image\" \/>\n<meta name=\"twitter:label1\" content=\"Price\" \/>\n\t<meta name=\"twitter:data1\" content=\"1 649,00&nbsp;&euro;\" \/>\n\t<meta name=\"twitter:label2\" content=\"Availability\" \/>\n\t<meta name=\"twitter:data2\" content=\"In stock\" \/>\n<script type=\"application\/ld+json\" class=\"yoast-schema-graph\">{\"@context\":\"https:\\\/\\\/schema.org\",\"@graph\":[{\"@type\":\"WebPage\",\"@id\":\"https:\\\/\\\/championbaltics.com\\\/lt\\\/toode\\\/rv-8000-hidraulinis-gerve-plienine-viela\\\/\",\"url\":\"https:\\\/\\\/championbaltics.com\\\/lt\\\/toode\\\/rv-8000-hidraulinis-gerve-plienine-viela\\\/\",\"name\":\"RV 8000 hidraulinis gerv\u0117 - plienin\u0117 viela - Champion Baltics\",\"isPartOf\":{\"@id\":\"https:\\\/\\\/championbaltics.com\\\/lt\\\/#website\"},\"primaryImageOfPage\":{\"@id\":\"https:\\\/\\\/championbaltics.com\\\/lt\\\/toode\\\/rv-8000-hidraulinis-gerve-plienine-viela\\\/#primaryimage\"},\"image\":{\"@id\":\"https:\\\/\\\/championbaltics.com\\\/lt\\\/toode\\\/rv-8000-hidraulinis-gerve-plienine-viela\\\/#primaryimage\"},\"thumbnailUrl\":\"https:\\\/\\\/championbaltics.com\\\/wp-content\\\/uploads\\\/2025\\\/11\\\/WW_80RVSHY_front-view-scaled.webp\",\"datePublished\":\"2025-11-05T14:02:21+00:00\",\"description\":\"Warrior RV 8000 hidraulinis gerv\u0117 su plienine viela. Kompakti\u0161ka ir patvari 8 000 svar\u0173 gerv\u0117 su auk\u0161to efektyvumo varikliu, patentuotais krumpliara\u010diais ir saugia stabd\u017ei\u0173 sistema pramoniniam ir komerciniam naudojimui.\",\"breadcrumb\":{\"@id\":\"https:\\\/\\\/championbaltics.com\\\/lt\\\/toode\\\/rv-8000-hidraulinis-gerve-plienine-viela\\\/#breadcrumb\"},\"inLanguage\":\"lt-LT\",\"potentialAction\":[{\"@type\":\"ReadAction\",\"target\":[\"https:\\\/\\\/championbaltics.com\\\/lt\\\/toode\\\/rv-8000-hidraulinis-gerve-plienine-viela\\\/\"]}]},{\"@type\":\"ImageObject\",\"inLanguage\":\"lt-LT\",\"@id\":\"https:\\\/\\\/championbaltics.com\\\/lt\\\/toode\\\/rv-8000-hidraulinis-gerve-plienine-viela\\\/#primaryimage\",\"url\":\"https:\\\/\\\/championbaltics.com\\\/wp-content\\\/uploads\\\/2025\\\/11\\\/WW_80RVSHY_front-view-scaled.webp\",\"contentUrl\":\"https:\\\/\\\/championbaltics.com\\\/wp-content\\\/uploads\\\/2025\\\/11\\\/WW_80RVSHY_front-view-scaled.webp\",\"width\":1920,\"height\":1317},{\"@type\":\"BreadcrumbList\",\"@id\":\"https:\\\/\\\/championbaltics.com\\\/lt\\\/toode\\\/rv-8000-hidraulinis-gerve-plienine-viela\\\/#breadcrumb\",\"itemListElement\":[{\"@type\":\"ListItem\",\"position\":1,\"name\":\"Home\",\"item\":\"https:\\\/\\\/championbaltics.com\\\/lt\\\/\"},{\"@type\":\"ListItem\",\"position\":2,\"name\":\"Parduotuv\u0117\",\"item\":\"https:\\\/\\\/championbaltics.com\\\/lt\\\/parduotuve\\\/\"},{\"@type\":\"ListItem\",\"position\":3,\"name\":\"RV 8000 hidraulinis gerv\u0117 &#8211; plienin\u0117 viela\"}]},{\"@type\":\"WebSite\",\"@id\":\"https:\\\/\\\/championbaltics.com\\\/lt\\\/#website\",\"url\":\"https:\\\/\\\/championbaltics.com\\\/lt\\\/\",\"name\":\"Champion Baltics\",\"description\":\"Power equipments\",\"publisher\":{\"@id\":\"https:\\\/\\\/championbaltics.com\\\/lt\\\/#organization\"},\"alternateName\":\"Champion Power Equipment\",\"potentialAction\":[{\"@type\":\"SearchAction\",\"target\":{\"@type\":\"EntryPoint\",\"urlTemplate\":\"https:\\\/\\\/championbaltics.com\\\/lt\\\/?s={search_term_string}\"},\"query-input\":{\"@type\":\"PropertyValueSpecification\",\"valueRequired\":true,\"valueName\":\"search_term_string\"}}],\"inLanguage\":\"lt-LT\"},{\"@type\":[\"Organization\",\"Place\"],\"@id\":\"https:\\\/\\\/championbaltics.com\\\/lt\\\/#organization\",\"name\":\"Champion Baltics\",\"alternateName\":\"Champion Power Equipment\",\"url\":\"https:\\\/\\\/championbaltics.com\\\/lt\\\/\",\"logo\":{\"@id\":\"https:\\\/\\\/championbaltics.com\\\/lt\\\/toode\\\/rv-8000-hidraulinis-gerve-plienine-viela\\\/#local-main-organization-logo\"},\"image\":{\"@id\":\"https:\\\/\\\/championbaltics.com\\\/lt\\\/toode\\\/rv-8000-hidraulinis-gerve-plienine-viela\\\/#local-main-organization-logo\"},\"sameAs\":[\"https:\\\/\\\/facebook.com\\\/championbaltics\"],\"description\":\"Champion power equipment representer of State of Baltics\",\"legalName\":\"T.O Engineering LLC\",\"foundingDate\":\"2015-01-07\",\"numberOfEmployees\":{\"@type\":\"QuantitativeValue\",\"minValue\":\"1\",\"maxValue\":\"10\"},\"hasMerchantReturnPolicy\":{\"@type\":\"MerchantReturnPolicy\",\"merchantReturnLink\":\"https:\\\/\\\/championbaltics.com\\\/refund_returns\\\/\"},\"address\":{\"@id\":\"https:\\\/\\\/championbaltics.com\\\/lt\\\/toode\\\/rv-8000-hidraulinis-gerve-plienine-viela\\\/#local-main-place-address\"},\"telephone\":[],\"contactPoint\":{\"@type\":\"ContactPoint\",\"telephone\":\"+3725204833\",\"email\":\"info@championbaltics.com\"},\"openingHoursSpecification\":[{\"@type\":\"OpeningHoursSpecification\",\"dayOfWeek\":[\"Monday\",\"Tuesday\",\"Wednesday\",\"Thursday\",\"Friday\",\"Saturday\",\"Sunday\"],\"opens\":\"09:00\",\"closes\":\"17:00\"}],\"email\":\"info@championbaltics.com\",\"vatID\":\"EE102032772\"},{\"@type\":\"PostalAddress\",\"@id\":\"https:\\\/\\\/championbaltics.com\\\/lt\\\/toode\\\/rv-8000-hidraulinis-gerve-plienine-viela\\\/#local-main-place-address\",\"streetAddress\":\"P\u00e4rnu mnt 144\",\"addressLocality\":\"Tallinn\",\"postalCode\":\"11317\",\"addressRegion\":\"Harju\",\"addressCountry\":\"EE\"},{\"@type\":\"ImageObject\",\"inLanguage\":\"lt-LT\",\"@id\":\"https:\\\/\\\/championbaltics.com\\\/lt\\\/toode\\\/rv-8000-hidraulinis-gerve-plienine-viela\\\/#local-main-organization-logo\",\"url\":\"https:\\\/\\\/championbaltics.com\\\/wp-content\\\/uploads\\\/2025\\\/08\\\/cropped-ChampionBalticsLogo.webp\",\"contentUrl\":\"https:\\\/\\\/championbaltics.com\\\/wp-content\\\/uploads\\\/2025\\\/08\\\/cropped-ChampionBalticsLogo.webp\",\"width\":512,\"height\":512,\"caption\":\"Champion Baltics\"}]}<\/script>\n<meta property=\"product:brand\" content=\"Warrior Winches\" \/>\n<meta property=\"product:price:amount\" content=\"1649.00\" \/>\n<meta property=\"product:price:currency\" content=\"EUR\" \/>\n<meta property=\"og:availability\" content=\"instock\" \/>\n<meta property=\"product:availability\" content=\"instock\" \/>\n<meta property=\"product:retailer_item_id\" content=\"80RVSHY\" \/>\n<meta property=\"product:condition\" content=\"new\" \/>\n<meta name=\"geo.placename\" content=\"Tallinn\" \/>\n<meta name=\"geo.region\" content=\"Estonia\" \/>\n<!-- \/ Yoast SEO Premium plugin. -->","yoast_head_json":{"title":"RV 8000 hidraulinis gerv\u0117 - plienin\u0117 viela - Champion Baltics","description":"Warrior RV 8000 hidraulinis gerv\u0117 su plienine viela. Kompakti\u0161ka ir patvari 8 000 svar\u0173 gerv\u0117 su auk\u0161to efektyvumo varikliu, patentuotais krumpliara\u010diais ir saugia stabd\u017ei\u0173 sistema pramoniniam ir komerciniam naudojimui.","robots":{"index":"index","follow":"follow","max-snippet":"max-snippet:-1","max-image-preview":"max-image-preview:large","max-video-preview":"max-video-preview:-1"},"canonical":"https:\/\/championbaltics.com\/lt\/toode\/rv-8000-hidraulinis-gerve-plienine-viela\/","og_locale":"lt_LT","og_type":"article","og_title":"RV 8000 hidraulinis gerv\u0117 - plienin\u0117 viela","og_description":"Warrior RV 8000 hidraulinis gerv\u0117 su plienine viela. Kompakti\u0161ka ir patvari 8 000 svar\u0173 gerv\u0117 su auk\u0161to efektyvumo varikliu, patentuotais krumpliara\u010diais ir saugia stabd\u017ei\u0173 sistema pramoniniam ir komerciniam naudojimui.","og_url":"https:\/\/championbaltics.com\/lt\/toode\/rv-8000-hidraulinis-gerve-plienine-viela\/","og_site_name":"Champion Baltics","article_publisher":"https:\/\/facebook.com\/championbaltics","og_image":[{"width":1920,"height":1317,"url":"https:\/\/championbaltics.com\/wp-content\/uploads\/2025\/11\/WW_80RVSHY_front-view-scaled.webp","type":"image\/webp"}],"twitter_card":"summary_large_image","twitter_misc":{"Price":"1 649,00&nbsp;&euro;","Availability":"In stock"},"schema":{"@context":"https:\/\/schema.org","@graph":[{"@type":"WebPage","@id":"https:\/\/championbaltics.com\/lt\/toode\/rv-8000-hidraulinis-gerve-plienine-viela\/","url":"https:\/\/championbaltics.com\/lt\/toode\/rv-8000-hidraulinis-gerve-plienine-viela\/","name":"RV 8000 hidraulinis gerv\u0117 - plienin\u0117 viela - Champion Baltics","isPartOf":{"@id":"https:\/\/championbaltics.com\/lt\/#website"},"primaryImageOfPage":{"@id":"https:\/\/championbaltics.com\/lt\/toode\/rv-8000-hidraulinis-gerve-plienine-viela\/#primaryimage"},"image":{"@id":"https:\/\/championbaltics.com\/lt\/toode\/rv-8000-hidraulinis-gerve-plienine-viela\/#primaryimage"},"thumbnailUrl":"https:\/\/championbaltics.com\/wp-content\/uploads\/2025\/11\/WW_80RVSHY_front-view-scaled.webp","datePublished":"2025-11-05T14:02:21+00:00","description":"Warrior RV 8000 hidraulinis gerv\u0117 su plienine viela. Kompakti\u0161ka ir patvari 8 000 svar\u0173 gerv\u0117 su auk\u0161to efektyvumo varikliu, patentuotais krumpliara\u010diais ir saugia stabd\u017ei\u0173 sistema pramoniniam ir komerciniam naudojimui.","breadcrumb":{"@id":"https:\/\/championbaltics.com\/lt\/toode\/rv-8000-hidraulinis-gerve-plienine-viela\/#breadcrumb"},"inLanguage":"lt-LT","potentialAction":[{"@type":"ReadAction","target":["https:\/\/championbaltics.com\/lt\/toode\/rv-8000-hidraulinis-gerve-plienine-viela\/"]}]},{"@type":"ImageObject","inLanguage":"lt-LT","@id":"https:\/\/championbaltics.com\/lt\/toode\/rv-8000-hidraulinis-gerve-plienine-viela\/#primaryimage","url":"https:\/\/championbaltics.com\/wp-content\/uploads\/2025\/11\/WW_80RVSHY_front-view-scaled.webp","contentUrl":"https:\/\/championbaltics.com\/wp-content\/uploads\/2025\/11\/WW_80RVSHY_front-view-scaled.webp","width":1920,"height":1317},{"@type":"BreadcrumbList","@id":"https:\/\/championbaltics.com\/lt\/toode\/rv-8000-hidraulinis-gerve-plienine-viela\/#breadcrumb","itemListElement":[{"@type":"ListItem","position":1,"name":"Home","item":"https:\/\/championbaltics.com\/lt\/"},{"@type":"ListItem","position":2,"name":"Parduotuv\u0117","item":"https:\/\/championbaltics.com\/lt\/parduotuve\/"},{"@type":"ListItem","position":3,"name":"RV 8000 hidraulinis gerv\u0117 &#8211; plienin\u0117 viela"}]},{"@type":"WebSite","@id":"https:\/\/championbaltics.com\/lt\/#website","url":"https:\/\/championbaltics.com\/lt\/","name":"Champion Baltics","description":"Power equipments","publisher":{"@id":"https:\/\/championbaltics.com\/lt\/#organization"},"alternateName":"Champion Power Equipment","potentialAction":[{"@type":"SearchAction","target":{"@type":"EntryPoint","urlTemplate":"https:\/\/championbaltics.com\/lt\/?s={search_term_string}"},"query-input":{"@type":"PropertyValueSpecification","valueRequired":true,"valueName":"search_term_string"}}],"inLanguage":"lt-LT"},{"@type":["Organization","Place"],"@id":"https:\/\/championbaltics.com\/lt\/#organization","name":"Champion Baltics","alternateName":"Champion Power Equipment","url":"https:\/\/championbaltics.com\/lt\/","logo":{"@id":"https:\/\/championbaltics.com\/lt\/toode\/rv-8000-hidraulinis-gerve-plienine-viela\/#local-main-organization-logo"},"image":{"@id":"https:\/\/championbaltics.com\/lt\/toode\/rv-8000-hidraulinis-gerve-plienine-viela\/#local-main-organization-logo"},"sameAs":["https:\/\/facebook.com\/championbaltics"],"description":"Champion power equipment representer of State of Baltics","legalName":"T.O Engineering LLC","foundingDate":"2015-01-07","numberOfEmployees":{"@type":"QuantitativeValue","minValue":"1","maxValue":"10"},"hasMerchantReturnPolicy":{"@type":"MerchantReturnPolicy","merchantReturnLink":"https:\/\/championbaltics.com\/refund_returns\/"},"address":{"@id":"https:\/\/championbaltics.com\/lt\/toode\/rv-8000-hidraulinis-gerve-plienine-viela\/#local-main-place-address"},"telephone":[],"contactPoint":{"@type":"ContactPoint","telephone":"+3725204833","email":"info@championbaltics.com"},"openingHoursSpecification":[{"@type":"OpeningHoursSpecification","dayOfWeek":["Monday","Tuesday","Wednesday","Thursday","Friday","Saturday","Sunday"],"opens":"09:00","closes":"17:00"}],"email":"info@championbaltics.com","vatID":"EE102032772"},{"@type":"PostalAddress","@id":"https:\/\/championbaltics.com\/lt\/toode\/rv-8000-hidraulinis-gerve-plienine-viela\/#local-main-place-address","streetAddress":"P\u00e4rnu mnt 144","addressLocality":"Tallinn","postalCode":"11317","addressRegion":"Harju","addressCountry":"EE"},{"@type":"ImageObject","inLanguage":"lt-LT","@id":"https:\/\/championbaltics.com\/lt\/toode\/rv-8000-hidraulinis-gerve-plienine-viela\/#local-main-organization-logo","url":"https:\/\/championbaltics.com\/wp-content\/uploads\/2025\/08\/cropped-ChampionBalticsLogo.webp","contentUrl":"https:\/\/championbaltics.com\/wp-content\/uploads\/2025\/08\/cropped-ChampionBalticsLogo.webp","width":512,"height":512,"caption":"Champion Baltics"}]},"product_brand":"Warrior Winches","product_price_amount":"1649.00","product_price_currency":"EUR","og_availability":"instock","product_availability":"instock","product_retailer_item_id":"80RVSHY","product_condition":"new","geo.placename":"Tallinn","geo.region":"Estonia"},"_links":{"self":[{"href":"https:\/\/championbaltics.com\/lt\/wp-json\/wp\/v2\/product\/33001","targetHints":{"allow":["GET"]}}],"collection":[{"href":"https:\/\/championbaltics.com\/lt\/wp-json\/wp\/v2\/product"}],"about":[{"href":"https:\/\/championbaltics.com\/lt\/wp-json\/wp\/v2\/types\/product"}],"replies":[{"embeddable":true,"href":"https:\/\/championbaltics.com\/lt\/wp-json\/wp\/v2\/comments?post=33001"}],"version-history":[{"count":0,"href":"https:\/\/championbaltics.com\/lt\/wp-json\/wp\/v2\/product\/33001\/revisions"}],"wp:featuredmedia":[{"embeddable":true,"href":"https:\/\/championbaltics.com\/lt\/wp-json\/wp\/v2\/media\/32446"}],"wp:attachment":[{"href":"https:\/\/championbaltics.com\/lt\/wp-json\/wp\/v2\/media?parent=33001"}],"wp:term":[{"taxonomy":"product_brand","embeddable":true,"href":"https:\/\/championbaltics.com\/lt\/wp-json\/wp\/v2\/product_brand?post=33001"},{"taxonomy":"product_cat","embeddable":true,"href":"https:\/\/championbaltics.com\/lt\/wp-json\/wp\/v2\/product_cat?post=33001"},{"taxonomy":"product_tag","embeddable":true,"href":"https:\/\/championbaltics.com\/lt\/wp-json\/wp\/v2\/product_tag?post=33001"}],"curies":[{"name":"wp","href":"https:\/\/api.w.org\/{rel}","templated":true}]}}