{"id":33119,"date":"2025-11-06T08:59:09","date_gmt":"2025-11-06T08:59:09","guid":{"rendered":"https:\/\/championbaltics.com\/toode\/jr-20-pramonine-hidrauline-gerve\/"},"modified":"2025-11-06T08:59:09","modified_gmt":"2025-11-06T08:59:09","slug":"jr-20-pramonine-hidrauline-gerve","status":"publish","type":"product","link":"https:\/\/championbaltics.com\/lt\/toode\/jr-20-pramonine-hidrauline-gerve\/","title":{"rendered":"JR 20 pramonin\u0117 hidraulin\u0117 gerv\u0117"},"content":{"rendered":"<div class=\"elementor-element elementor-element-bff7dea elementor-widget elementor-widget-theme-post-title elementor-page-title elementor-widget-heading\" data-id=\"bff7dea\" data-element_type=\"widget\" data-widget_type=\"theme-post-title.default\">\n<div class=\"elementor-element elementor-element-bff7dea elementor-widget elementor-widget-theme-post-title elementor-page-title elementor-widget-heading\" data-id=\"bff7dea\" data-element_type=\"widget\" data-widget_type=\"theme-post-title.default\">\n<div class=\"elementor-element elementor-element-bff7dea elementor-widget elementor-widget-theme-post-title elementor-page-title elementor-widget-heading\" data-id=\"bff7dea\" data-element_type=\"widget\" data-widget_type=\"theme-post-title.default\">\n<div class=\"elementor-element elementor-element-bff7dea elementor-widget elementor-widget-theme-post-title elementor-page-title elementor-widget-heading\" data-id=\"bff7dea\" data-element_type=\"widget\" data-widget_type=\"theme-post-title.default\">\n<div class=\"elementor-element elementor-element-bff7dea elementor-widget elementor-widget-theme-post-title elementor-page-title elementor-widget-heading\" data-id=\"bff7dea\" data-element_type=\"widget\" data-widget_type=\"theme-post-title.default\">\n<div class=\"elementor-element elementor-element-bff7dea elementor-widget elementor-widget-theme-post-title elementor-page-title elementor-widget-heading\" data-id=\"bff7dea\" data-element_type=\"widget\" data-widget_type=\"theme-post-title.default\">\n<div class=\"elementor-element elementor-element-bff7dea elementor-widget elementor-widget-theme-post-title elementor-page-title elementor-widget-heading\" data-id=\"bff7dea\" data-element_type=\"widget\" data-widget_type=\"theme-post-title.default\">\n<div class=\"elementor-element elementor-element-bff7dea elementor-widget elementor-widget-theme-post-title elementor-page-title elementor-widget-heading\" data-id=\"bff7dea\" data-element_type=\"widget\" data-widget_type=\"theme-post-title.default\">\n<div class=\"elementor-element elementor-element-bff7dea elementor-widget elementor-widget-theme-post-title elementor-page-title elementor-widget-heading\" data-id=\"bff7dea\" data-element_type=\"widget\" data-widget_type=\"theme-post-title.default\">\n<h2 class=\"elementor-heading-title elementor-size-default\"><span dir=\"auto\">JR 20 pramonin\u0117 hidraulin\u0117 gerv\u0117<\/span><\/h2>\n<\/div>\n<div class=\"elementor-element elementor-element-a536ae3 elementor-widget elementor-widget-jet-listing-dynamic-field\" data-id=\"a536ae3\" data-element_type=\"widget\" data-widget_type=\"jet-listing-dynamic-field.default\">\n<div class=\"jet-listing jet-listing-dynamic-field display-inline\">\n<div class=\"jet-listing-dynamic-field__inline-wrap\">\n<div class=\"jet-listing-dynamic-field__content\">\n<p><strong><span dir=\"auto\">JR serija<\/span><\/strong><span dir=\"auto\"> yra naujausia Warrior Winches hidraulini\u0173 gervi\u0173 serija ir pati paj\u0117giausia i\u0161 trij\u0173 serij\u0173. Tai puiki sunki\u0173j\u0173 darb\u0173 gerv\u0117, sukurta pa\u010dioms reikliausioms u\u017eduotims. Gerv\u0117 tiekiama su i\u0161 anksto \u012frengtu balansiniu vo\u017etuvu, oro jungtimi, plieniniu lynu ir patvariu lyno reguliatoriumi, u\u017etikrinan\u010diu teising\u0105 lyno suvyniojim\u0105. JR20 turi planetin\u012f krumpliarat\u012f, varikl\u012f su ne\u012ftik\u0117tina sukimo j\u0117ga ir daugiasluoksn\u012f stabd\u012f.   <\/span><\/p>\n<p><span dir=\"auto\">Tinkamai \u012fdiegus, ji atitinka visus EN BS 14492-1:2006+A1:2009 reikalavimus.<\/span><\/p>\n<\/div>\n<\/div>\n<\/div>\n<\/div>\n<\/div>\n<\/div>\n<\/div>\n<\/div>\n<\/div>\n<\/div>\n<\/div>\n<\/div>\n","protected":false},"excerpt":{"rendered":"<p>JR serija yra m\u016bs\u0173 paj\u0117giausia hidraulini\u0173 gervi\u0173 serija. Ji sukurta pa\u010dioms reikliausioms u\u017eduotims. Gerv\u0117 tiekiama i\u0161 anksto surinkta su balansiniu vo\u017etuvu, oro jungtimi, kabeliu ir patvariu kabelio reguliatoriumi. JR serijos modeliai turi planetin\u012f krumpliarat\u012f, varikl\u012f su ne\u012ftik\u0117tinu sukimo momentu ir daugiasluoksn\u012f st\u016bmoklin\u012f stabd\u012f.   <\/p>\n<p>Savyb\u0117s:<\/p>\n<p>Pramoninis variklis su dideliu sukimo momentu<br \/>\nDaugiasluoksnis stabdis<br \/>\nOro ir rankin\u0117 jungtis<br \/>\nPatvari ketaus konstrukcija<br \/>\nTiekiama su balansiniu vo\u017etuvu<\/p>\n","protected":false},"featured_media":32506,"comment_status":"open","ping_status":"closed","template":"","meta":[],"product_brand":[292],"product_cat":[319],"product_tag":[320,323,324,321,322],"class_list":{"0":"post-33119","1":"product","2":"type-product","3":"status-publish","4":"has-post-thumbnail","6":"product_brand-warrior-winches","7":"product_cat-gerves","8":"product_tag-gerve","9":"product_tag-hidrauline-gerve","10":"product_tag-jr-serija","11":"product_tag-plieninis-kabelis","12":"product_tag-pramonine","14":"first","15":"instock","16":"taxable","17":"shipping-taxable","18":"purchasable","19":"product-type-simple"},"yoast_head":"<!-- This site is optimized with the Yoast SEO Premium plugin v27.5 (Yoast SEO v27.5) - https:\/\/yoast.com\/product\/yoast-seo-premium-wordpress\/ -->\n<title>JR 20 pramonin\u0117 hidraulin\u0117 gerv\u0117 - Champion Baltics<\/title>\n<meta name=\"description\" content=\"Warrior JR 20 pramonin\u0117 hidraulin\u0117 gerv\u0117 \u2013 tai sunki\u0173j\u0173 darb\u0173 hidraulin\u0117 gerv\u0117 su dviej\u0173 pakop\u0173 planetiniais krumpliara\u010diais, balansiniu vo\u017etuvu, oro jungtimi ir plieniniu lynu. Sukurta pagal EN BS 14492-1 standartus reikliam pramoniniam naudojimui.\" \/>\n<meta name=\"robots\" content=\"index, follow, max-snippet:-1, max-image-preview:large, max-video-preview:-1\" \/>\n<link rel=\"canonical\" href=\"https:\/\/championbaltics.com\/lt\/toode\/jr-20-pramonine-hidrauline-gerve\/\" \/>\n<meta property=\"og:locale\" content=\"lt_LT\" \/>\n<meta property=\"og:type\" content=\"article\" \/>\n<meta property=\"og:title\" content=\"JR 20 pramonin\u0117 hidraulin\u0117 gerv\u0117\" \/>\n<meta property=\"og:description\" content=\"Warrior JR 20 pramonin\u0117 hidraulin\u0117 gerv\u0117 \u2013 tai sunki\u0173j\u0173 darb\u0173 hidraulin\u0117 gerv\u0117 su dviej\u0173 pakop\u0173 planetiniais krumpliara\u010diais, balansiniu vo\u017etuvu, oro jungtimi ir plieniniu lynu. Sukurta pagal EN BS 14492-1 standartus reikliam pramoniniam naudojimui.\" \/>\n<meta property=\"og:url\" content=\"https:\/\/championbaltics.com\/lt\/toode\/jr-20-pramonine-hidrauline-gerve\/\" \/>\n<meta property=\"og:site_name\" content=\"Champion Baltics\" \/>\n<meta property=\"article:publisher\" content=\"https:\/\/facebook.com\/championbaltics\" \/>\n<meta property=\"og:image\" content=\"https:\/\/championbaltics.com\/wp-content\/uploads\/2025\/11\/WW_20JR03H_front-view-1-scaled.webp\" \/>\n\t<meta property=\"og:image:width\" content=\"1920\" \/>\n\t<meta property=\"og:image:height\" content=\"1217\" \/>\n\t<meta property=\"og:image:type\" content=\"image\/webp\" \/>\n<meta name=\"twitter:card\" content=\"summary_large_image\" \/>\n<meta name=\"twitter:label1\" content=\"Price\" \/>\n\t<meta name=\"twitter:data1\" content=\"12 099,00&nbsp;&euro;\" \/>\n\t<meta name=\"twitter:label2\" content=\"Availability\" \/>\n\t<meta name=\"twitter:data2\" content=\"In stock\" \/>\n<script type=\"application\/ld+json\" class=\"yoast-schema-graph\">{\"@context\":\"https:\\\/\\\/schema.org\",\"@graph\":[{\"@type\":\"WebPage\",\"@id\":\"https:\\\/\\\/championbaltics.com\\\/lt\\\/toode\\\/jr-20-pramonine-hidrauline-gerve\\\/\",\"url\":\"https:\\\/\\\/championbaltics.com\\\/lt\\\/toode\\\/jr-20-pramonine-hidrauline-gerve\\\/\",\"name\":\"JR 20 pramonin\u0117 hidraulin\u0117 gerv\u0117 - Champion Baltics\",\"isPartOf\":{\"@id\":\"https:\\\/\\\/championbaltics.com\\\/lt\\\/#website\"},\"primaryImageOfPage\":{\"@id\":\"https:\\\/\\\/championbaltics.com\\\/lt\\\/toode\\\/jr-20-pramonine-hidrauline-gerve\\\/#primaryimage\"},\"image\":{\"@id\":\"https:\\\/\\\/championbaltics.com\\\/lt\\\/toode\\\/jr-20-pramonine-hidrauline-gerve\\\/#primaryimage\"},\"thumbnailUrl\":\"https:\\\/\\\/championbaltics.com\\\/wp-content\\\/uploads\\\/2025\\\/11\\\/WW_20JR03H_front-view-1-scaled.webp\",\"datePublished\":\"2025-11-06T08:59:09+00:00\",\"description\":\"Warrior JR 20 pramonin\u0117 hidraulin\u0117 gerv\u0117 \u2013 tai sunki\u0173j\u0173 darb\u0173 hidraulin\u0117 gerv\u0117 su dviej\u0173 pakop\u0173 planetiniais krumpliara\u010diais, balansiniu vo\u017etuvu, oro jungtimi ir plieniniu lynu. Sukurta pagal EN BS 14492-1 standartus reikliam pramoniniam naudojimui.\",\"breadcrumb\":{\"@id\":\"https:\\\/\\\/championbaltics.com\\\/lt\\\/toode\\\/jr-20-pramonine-hidrauline-gerve\\\/#breadcrumb\"},\"inLanguage\":\"lt-LT\",\"potentialAction\":[{\"@type\":\"ReadAction\",\"target\":[\"https:\\\/\\\/championbaltics.com\\\/lt\\\/toode\\\/jr-20-pramonine-hidrauline-gerve\\\/\"]}]},{\"@type\":\"ImageObject\",\"inLanguage\":\"lt-LT\",\"@id\":\"https:\\\/\\\/championbaltics.com\\\/lt\\\/toode\\\/jr-20-pramonine-hidrauline-gerve\\\/#primaryimage\",\"url\":\"https:\\\/\\\/championbaltics.com\\\/wp-content\\\/uploads\\\/2025\\\/11\\\/WW_20JR03H_front-view-1-scaled.webp\",\"contentUrl\":\"https:\\\/\\\/championbaltics.com\\\/wp-content\\\/uploads\\\/2025\\\/11\\\/WW_20JR03H_front-view-1-scaled.webp\",\"width\":1920,\"height\":1217},{\"@type\":\"BreadcrumbList\",\"@id\":\"https:\\\/\\\/championbaltics.com\\\/lt\\\/toode\\\/jr-20-pramonine-hidrauline-gerve\\\/#breadcrumb\",\"itemListElement\":[{\"@type\":\"ListItem\",\"position\":1,\"name\":\"Home\",\"item\":\"https:\\\/\\\/championbaltics.com\\\/lt\\\/\"},{\"@type\":\"ListItem\",\"position\":2,\"name\":\"Parduotuv\u0117\",\"item\":\"https:\\\/\\\/championbaltics.com\\\/lt\\\/parduotuve\\\/\"},{\"@type\":\"ListItem\",\"position\":3,\"name\":\"JR 20 pramonin\u0117 hidraulin\u0117 gerv\u0117\"}]},{\"@type\":\"WebSite\",\"@id\":\"https:\\\/\\\/championbaltics.com\\\/lt\\\/#website\",\"url\":\"https:\\\/\\\/championbaltics.com\\\/lt\\\/\",\"name\":\"Champion Baltics\",\"description\":\"Power equipments\",\"publisher\":{\"@id\":\"https:\\\/\\\/championbaltics.com\\\/lt\\\/#organization\"},\"alternateName\":\"Champion Power Equipment\",\"potentialAction\":[{\"@type\":\"SearchAction\",\"target\":{\"@type\":\"EntryPoint\",\"urlTemplate\":\"https:\\\/\\\/championbaltics.com\\\/lt\\\/?s={search_term_string}\"},\"query-input\":{\"@type\":\"PropertyValueSpecification\",\"valueRequired\":true,\"valueName\":\"search_term_string\"}}],\"inLanguage\":\"lt-LT\"},{\"@type\":[\"Organization\",\"Place\"],\"@id\":\"https:\\\/\\\/championbaltics.com\\\/lt\\\/#organization\",\"name\":\"Champion Baltics\",\"alternateName\":\"Champion Power Equipment\",\"url\":\"https:\\\/\\\/championbaltics.com\\\/lt\\\/\",\"logo\":{\"@id\":\"https:\\\/\\\/championbaltics.com\\\/lt\\\/toode\\\/jr-20-pramonine-hidrauline-gerve\\\/#local-main-organization-logo\"},\"image\":{\"@id\":\"https:\\\/\\\/championbaltics.com\\\/lt\\\/toode\\\/jr-20-pramonine-hidrauline-gerve\\\/#local-main-organization-logo\"},\"sameAs\":[\"https:\\\/\\\/facebook.com\\\/championbaltics\"],\"description\":\"Champion power equipment representer of State of Baltics\",\"legalName\":\"T.O Engineering LLC\",\"foundingDate\":\"2015-01-07\",\"numberOfEmployees\":{\"@type\":\"QuantitativeValue\",\"minValue\":\"1\",\"maxValue\":\"10\"},\"hasMerchantReturnPolicy\":{\"@type\":\"MerchantReturnPolicy\",\"merchantReturnLink\":\"https:\\\/\\\/championbaltics.com\\\/refund_returns\\\/\"},\"address\":{\"@id\":\"https:\\\/\\\/championbaltics.com\\\/lt\\\/toode\\\/jr-20-pramonine-hidrauline-gerve\\\/#local-main-place-address\"},\"telephone\":[],\"contactPoint\":{\"@type\":\"ContactPoint\",\"telephone\":\"+3725204833\",\"email\":\"info@championbaltics.com\"},\"openingHoursSpecification\":[{\"@type\":\"OpeningHoursSpecification\",\"dayOfWeek\":[\"Monday\",\"Tuesday\",\"Wednesday\",\"Thursday\",\"Friday\",\"Saturday\",\"Sunday\"],\"opens\":\"09:00\",\"closes\":\"17:00\"}],\"email\":\"info@championbaltics.com\",\"vatID\":\"EE102032772\"},{\"@type\":\"PostalAddress\",\"@id\":\"https:\\\/\\\/championbaltics.com\\\/lt\\\/toode\\\/jr-20-pramonine-hidrauline-gerve\\\/#local-main-place-address\",\"streetAddress\":\"P\u00e4rnu mnt 144\",\"addressLocality\":\"Tallinn\",\"postalCode\":\"11317\",\"addressRegion\":\"Harju\",\"addressCountry\":\"EE\"},{\"@type\":\"ImageObject\",\"inLanguage\":\"lt-LT\",\"@id\":\"https:\\\/\\\/championbaltics.com\\\/lt\\\/toode\\\/jr-20-pramonine-hidrauline-gerve\\\/#local-main-organization-logo\",\"url\":\"https:\\\/\\\/championbaltics.com\\\/wp-content\\\/uploads\\\/2025\\\/08\\\/cropped-ChampionBalticsLogo.webp\",\"contentUrl\":\"https:\\\/\\\/championbaltics.com\\\/wp-content\\\/uploads\\\/2025\\\/08\\\/cropped-ChampionBalticsLogo.webp\",\"width\":512,\"height\":512,\"caption\":\"Champion Baltics\"}]}<\/script>\n<meta property=\"product:brand\" content=\"Warrior Winches\" \/>\n<meta property=\"product:price:amount\" content=\"12099.00\" \/>\n<meta property=\"product:price:currency\" content=\"EUR\" \/>\n<meta property=\"og:availability\" content=\"instock\" \/>\n<meta property=\"product:availability\" content=\"instock\" \/>\n<meta property=\"product:retailer_item_id\" content=\"20JR03H\" \/>\n<meta property=\"product:condition\" content=\"new\" \/>\n<meta name=\"geo.placename\" content=\"Tallinn\" \/>\n<meta name=\"geo.region\" content=\"Estonia\" \/>\n<!-- \/ Yoast SEO Premium plugin. -->","yoast_head_json":{"title":"JR 20 pramonin\u0117 hidraulin\u0117 gerv\u0117 - Champion Baltics","description":"Warrior JR 20 pramonin\u0117 hidraulin\u0117 gerv\u0117 \u2013 tai sunki\u0173j\u0173 darb\u0173 hidraulin\u0117 gerv\u0117 su dviej\u0173 pakop\u0173 planetiniais krumpliara\u010diais, balansiniu vo\u017etuvu, oro jungtimi ir plieniniu lynu. Sukurta pagal EN BS 14492-1 standartus reikliam pramoniniam naudojimui.","robots":{"index":"index","follow":"follow","max-snippet":"max-snippet:-1","max-image-preview":"max-image-preview:large","max-video-preview":"max-video-preview:-1"},"canonical":"https:\/\/championbaltics.com\/lt\/toode\/jr-20-pramonine-hidrauline-gerve\/","og_locale":"lt_LT","og_type":"article","og_title":"JR 20 pramonin\u0117 hidraulin\u0117 gerv\u0117","og_description":"Warrior JR 20 pramonin\u0117 hidraulin\u0117 gerv\u0117 \u2013 tai sunki\u0173j\u0173 darb\u0173 hidraulin\u0117 gerv\u0117 su dviej\u0173 pakop\u0173 planetiniais krumpliara\u010diais, balansiniu vo\u017etuvu, oro jungtimi ir plieniniu lynu. Sukurta pagal EN BS 14492-1 standartus reikliam pramoniniam naudojimui.","og_url":"https:\/\/championbaltics.com\/lt\/toode\/jr-20-pramonine-hidrauline-gerve\/","og_site_name":"Champion Baltics","article_publisher":"https:\/\/facebook.com\/championbaltics","og_image":[{"width":1920,"height":1217,"url":"https:\/\/championbaltics.com\/wp-content\/uploads\/2025\/11\/WW_20JR03H_front-view-1-scaled.webp","type":"image\/webp"}],"twitter_card":"summary_large_image","twitter_misc":{"Price":"12 099,00&nbsp;&euro;","Availability":"In stock"},"schema":{"@context":"https:\/\/schema.org","@graph":[{"@type":"WebPage","@id":"https:\/\/championbaltics.com\/lt\/toode\/jr-20-pramonine-hidrauline-gerve\/","url":"https:\/\/championbaltics.com\/lt\/toode\/jr-20-pramonine-hidrauline-gerve\/","name":"JR 20 pramonin\u0117 hidraulin\u0117 gerv\u0117 - Champion Baltics","isPartOf":{"@id":"https:\/\/championbaltics.com\/lt\/#website"},"primaryImageOfPage":{"@id":"https:\/\/championbaltics.com\/lt\/toode\/jr-20-pramonine-hidrauline-gerve\/#primaryimage"},"image":{"@id":"https:\/\/championbaltics.com\/lt\/toode\/jr-20-pramonine-hidrauline-gerve\/#primaryimage"},"thumbnailUrl":"https:\/\/championbaltics.com\/wp-content\/uploads\/2025\/11\/WW_20JR03H_front-view-1-scaled.webp","datePublished":"2025-11-06T08:59:09+00:00","description":"Warrior JR 20 pramonin\u0117 hidraulin\u0117 gerv\u0117 \u2013 tai sunki\u0173j\u0173 darb\u0173 hidraulin\u0117 gerv\u0117 su dviej\u0173 pakop\u0173 planetiniais krumpliara\u010diais, balansiniu vo\u017etuvu, oro jungtimi ir plieniniu lynu. Sukurta pagal EN BS 14492-1 standartus reikliam pramoniniam naudojimui.","breadcrumb":{"@id":"https:\/\/championbaltics.com\/lt\/toode\/jr-20-pramonine-hidrauline-gerve\/#breadcrumb"},"inLanguage":"lt-LT","potentialAction":[{"@type":"ReadAction","target":["https:\/\/championbaltics.com\/lt\/toode\/jr-20-pramonine-hidrauline-gerve\/"]}]},{"@type":"ImageObject","inLanguage":"lt-LT","@id":"https:\/\/championbaltics.com\/lt\/toode\/jr-20-pramonine-hidrauline-gerve\/#primaryimage","url":"https:\/\/championbaltics.com\/wp-content\/uploads\/2025\/11\/WW_20JR03H_front-view-1-scaled.webp","contentUrl":"https:\/\/championbaltics.com\/wp-content\/uploads\/2025\/11\/WW_20JR03H_front-view-1-scaled.webp","width":1920,"height":1217},{"@type":"BreadcrumbList","@id":"https:\/\/championbaltics.com\/lt\/toode\/jr-20-pramonine-hidrauline-gerve\/#breadcrumb","itemListElement":[{"@type":"ListItem","position":1,"name":"Home","item":"https:\/\/championbaltics.com\/lt\/"},{"@type":"ListItem","position":2,"name":"Parduotuv\u0117","item":"https:\/\/championbaltics.com\/lt\/parduotuve\/"},{"@type":"ListItem","position":3,"name":"JR 20 pramonin\u0117 hidraulin\u0117 gerv\u0117"}]},{"@type":"WebSite","@id":"https:\/\/championbaltics.com\/lt\/#website","url":"https:\/\/championbaltics.com\/lt\/","name":"Champion Baltics","description":"Power equipments","publisher":{"@id":"https:\/\/championbaltics.com\/lt\/#organization"},"alternateName":"Champion Power Equipment","potentialAction":[{"@type":"SearchAction","target":{"@type":"EntryPoint","urlTemplate":"https:\/\/championbaltics.com\/lt\/?s={search_term_string}"},"query-input":{"@type":"PropertyValueSpecification","valueRequired":true,"valueName":"search_term_string"}}],"inLanguage":"lt-LT"},{"@type":["Organization","Place"],"@id":"https:\/\/championbaltics.com\/lt\/#organization","name":"Champion Baltics","alternateName":"Champion Power Equipment","url":"https:\/\/championbaltics.com\/lt\/","logo":{"@id":"https:\/\/championbaltics.com\/lt\/toode\/jr-20-pramonine-hidrauline-gerve\/#local-main-organization-logo"},"image":{"@id":"https:\/\/championbaltics.com\/lt\/toode\/jr-20-pramonine-hidrauline-gerve\/#local-main-organization-logo"},"sameAs":["https:\/\/facebook.com\/championbaltics"],"description":"Champion power equipment representer of State of Baltics","legalName":"T.O Engineering LLC","foundingDate":"2015-01-07","numberOfEmployees":{"@type":"QuantitativeValue","minValue":"1","maxValue":"10"},"hasMerchantReturnPolicy":{"@type":"MerchantReturnPolicy","merchantReturnLink":"https:\/\/championbaltics.com\/refund_returns\/"},"address":{"@id":"https:\/\/championbaltics.com\/lt\/toode\/jr-20-pramonine-hidrauline-gerve\/#local-main-place-address"},"telephone":[],"contactPoint":{"@type":"ContactPoint","telephone":"+3725204833","email":"info@championbaltics.com"},"openingHoursSpecification":[{"@type":"OpeningHoursSpecification","dayOfWeek":["Monday","Tuesday","Wednesday","Thursday","Friday","Saturday","Sunday"],"opens":"09:00","closes":"17:00"}],"email":"info@championbaltics.com","vatID":"EE102032772"},{"@type":"PostalAddress","@id":"https:\/\/championbaltics.com\/lt\/toode\/jr-20-pramonine-hidrauline-gerve\/#local-main-place-address","streetAddress":"P\u00e4rnu mnt 144","addressLocality":"Tallinn","postalCode":"11317","addressRegion":"Harju","addressCountry":"EE"},{"@type":"ImageObject","inLanguage":"lt-LT","@id":"https:\/\/championbaltics.com\/lt\/toode\/jr-20-pramonine-hidrauline-gerve\/#local-main-organization-logo","url":"https:\/\/championbaltics.com\/wp-content\/uploads\/2025\/08\/cropped-ChampionBalticsLogo.webp","contentUrl":"https:\/\/championbaltics.com\/wp-content\/uploads\/2025\/08\/cropped-ChampionBalticsLogo.webp","width":512,"height":512,"caption":"Champion Baltics"}]},"product_brand":"Warrior Winches","product_price_amount":"12099.00","product_price_currency":"EUR","og_availability":"instock","product_availability":"instock","product_retailer_item_id":"20JR03H","product_condition":"new","geo.placename":"Tallinn","geo.region":"Estonia"},"_links":{"self":[{"href":"https:\/\/championbaltics.com\/lt\/wp-json\/wp\/v2\/product\/33119","targetHints":{"allow":["GET"]}}],"collection":[{"href":"https:\/\/championbaltics.com\/lt\/wp-json\/wp\/v2\/product"}],"about":[{"href":"https:\/\/championbaltics.com\/lt\/wp-json\/wp\/v2\/types\/product"}],"replies":[{"embeddable":true,"href":"https:\/\/championbaltics.com\/lt\/wp-json\/wp\/v2\/comments?post=33119"}],"version-history":[{"count":0,"href":"https:\/\/championbaltics.com\/lt\/wp-json\/wp\/v2\/product\/33119\/revisions"}],"wp:featuredmedia":[{"embeddable":true,"href":"https:\/\/championbaltics.com\/lt\/wp-json\/wp\/v2\/media\/32506"}],"wp:attachment":[{"href":"https:\/\/championbaltics.com\/lt\/wp-json\/wp\/v2\/media?parent=33119"}],"wp:term":[{"taxonomy":"product_brand","embeddable":true,"href":"https:\/\/championbaltics.com\/lt\/wp-json\/wp\/v2\/product_brand?post=33119"},{"taxonomy":"product_cat","embeddable":true,"href":"https:\/\/championbaltics.com\/lt\/wp-json\/wp\/v2\/product_cat?post=33119"},{"taxonomy":"product_tag","embeddable":true,"href":"https:\/\/championbaltics.com\/lt\/wp-json\/wp\/v2\/product_tag?post=33119"}],"curies":[{"name":"wp","href":"https:\/\/api.w.org\/{rel}","templated":true}]}}