{"id":33169,"date":"2025-11-05T13:11:15","date_gmt":"2025-11-05T13:11:15","guid":{"rendered":"https:\/\/championbaltics.com\/toode\/t1000-22000-gynybos-pajegu-gerve-24v-plieninis-lynas\/"},"modified":"2025-11-05T13:11:15","modified_gmt":"2025-11-05T13:11:15","slug":"t1000-22000-gynybos-pajegu-gerve-24v-plieninis-lynas","status":"publish","type":"product","link":"https:\/\/championbaltics.com\/lt\/toode\/t1000-22000-gynybos-pajegu-gerve-24v-plieninis-lynas\/","title":{"rendered":"T1000 22000 gynybos paj\u0117g\u0173 gerv\u0117 24V &#8211; plieninis lynas"},"content":{"rendered":"<div class=\"elementor-element elementor-element-bff7dea elementor-widget elementor-widget-theme-post-title elementor-page-title elementor-widget-heading\" data-id=\"bff7dea\" data-element_type=\"widget\" data-widget_type=\"theme-post-title.default\">\n<div class=\"elementor-element elementor-element-bff7dea elementor-widget elementor-widget-theme-post-title elementor-page-title elementor-widget-heading\" data-id=\"bff7dea\" data-element_type=\"widget\" data-widget_type=\"theme-post-title.default\">\n<div class=\"elementor-element elementor-element-bff7dea elementor-widget elementor-widget-theme-post-title elementor-page-title elementor-widget-heading\" data-id=\"bff7dea\" data-element_type=\"widget\" data-widget_type=\"theme-post-title.default\">\n<h2 class=\"elementor-heading-title elementor-size-default\"><span dir=\"auto\">T1000 22000 gynybos paj\u0117g\u0173 gerv\u0117 24V \u2013 plieninis lynas<\/span><\/h2>\n<\/div>\n<div class=\"elementor-element elementor-element-a536ae3 elementor-widget elementor-widget-jet-listing-dynamic-field\" data-id=\"a536ae3\" data-element_type=\"widget\" data-widget_type=\"jet-listing-dynamic-field.default\">\n<div class=\"jet-listing jet-listing-dynamic-field display-inline\">\n<div class=\"jet-listing-dynamic-field__inline-wrap\">\n<div class=\"jet-listing-dynamic-field__content\">\n<p><span dir=\"auto\">T1000 serija yra ekstremaliausia Warrior Winches elektrin\u0117 gerv\u0117. Ji buvo sukurta kaip labai pa\u017eangus prototipas karin\u0117ms reikm\u0117ms, kur geb\u0117jimas veikti bet kokiame klimate, aplinkoje ar s\u0105lygose yra itin svarbus. <\/span><\/p>\n<p><span dir=\"auto\">Po s\u0117kmingo naudojimo \u012fvairi\u0173 gynybos paj\u0117g\u0173 lauke ir didelio susidom\u0117jimo serija Defence and Security Equipment International Expo parodoje, buvo nuspr\u0119sta i\u0161pl\u0117sti T1000 serijos rinkodar\u0105 ir pasi\u016blyti j\u0105 bendram naudojimui.<\/span><br \/>\n<span dir=\"auto\">Ta\u010diau tai ta pati gerv\u0117, visi\u0161kai nepakitusi, kuri\u0105 \u0161iandien si\u016blome rinkai.<\/span><\/p>\n<p><span dir=\"auto\">T1000 yra prieinama tiek 12V, tiek 24V versijose, su plieniniu lynu ir populiaresne Armortek Extreme versija. Asortimentas apima gerves, kuri\u0173 talpa svyruoja nuo 14 500 svar\u0173 (6577 kg) iki masyvi\u0173 22 000 svar\u0173 (10 ton\u0173!), ir kaip \u012fprasta su Warrior Winches, skai\u010dius nurodo, k\u0105 gerv\u0117 gali i\u0161 tikr\u0173j\u0173 traukti ilg\u0105 laik\u0105 \u2013 ne tik kelias sekundes. <\/span><\/p>\n<p><span dir=\"auto\">T1000 tinka visiems tikslams, nes ji gali atlaikyti bet k\u0105. Nesvarbu, ar tai pramoninis, komercinis ar karinis naudojimas, ar asmenims, kurie nori tik geriausio, T1000 yra daugiau nei galimas sprendimas \u2013 tai sprendimas. Kaip ir jos pavadinimas rodo, T1000 yra viena pa\u017eangiausi\u0173 ma\u0161in\u0173 rinkoje ir tikrai yra auk\u0161\u010diausios klas\u0117s Warrior.  <\/span><\/p>\n<\/div>\n<\/div>\n<\/div>\n<\/div>\n<\/div>\n<\/div>\n","protected":false},"excerpt":{"rendered":"<p>Warrior T1000 serija buvo sukurta kaip auk\u0161t\u0173j\u0173 technologij\u0173 prototipai karin\u0117ms reikm\u0117ms, kur geb\u0117jimas veikti ekstremaliuose klimatuose ir pa\u010diose sud\u0117tingiausiose aplinkose yra b\u016btinas. Po s\u0117kming\u0173 lauko operacij\u0173 ir auk\u0161t\u0173 \u012fvertinim\u0173 Defence and Security Equipment International Expo parodoje, buvo nuspr\u0119sta padaryti T1000 serij\u0105 prieinam\u0105 bendram naudojimui. <\/p>\n<p>Savyb\u0117s:<\/p>\n<p>Karinis IP68 \u012fvertinimas gerv\u0117s ir valdymo bloko<br \/>\nRevoliucinis i\u0161orinis stabdis, sukurtas siekiant i\u0161vengti kritinio temperat\u016bros kaupimosi b\u016bgne, kuris kitaip gal\u0117t\u0173 pa\u017eeisti sintetin\u012f lyn\u0105<br \/>\nI\u0161orinis stabdis sukurtas taip, kad geriau nuleist\u0173 ir laikyt\u0173 krovin\u012f nei standartiniai stabd\u017eiai<br \/>\nSpecialus li\u010dio tepimas u\u017etikrina, kad gerv\u0117 veikt\u0173 visomis klimato s\u0105lygomis<br \/>\nGr\u016bdintas trij\u0173 pakop\u0173 planetinis reduktorius u\u017etikrina patikimum\u0105 ir efektyvum\u0105<br \/>\nChemi\u0161kai ir korozijai atspari miltelin\u0117 danga<br \/>\nAliuminio vielos vadovas kaip standartas<br \/>\nNer\u016bdijan\u010dio plieno tvirtinimo detal\u0117s<\/p>\n","protected":false},"featured_media":32413,"comment_status":"open","ping_status":"closed","template":"","meta":[],"product_brand":[292],"product_cat":[319],"product_tag":[325,320,321,322,376],"class_list":{"0":"post-33169","1":"product","2":"type-product","3":"status-publish","4":"has-post-thumbnail","6":"product_brand-warrior-winches","7":"product_cat-gerves","8":"product_tag-elektrine-gerve","9":"product_tag-gerve","10":"product_tag-plieninis-kabelis","11":"product_tag-pramonine","12":"product_tag-terminatorius","14":"first","15":"instock","16":"taxable","17":"shipping-taxable","18":"purchasable","19":"product-type-simple"},"yoast_head":"<!-- This site is optimized with the Yoast SEO Premium plugin v27.5 (Yoast SEO v27.5) - https:\/\/yoast.com\/product\/yoast-seo-premium-wordpress\/ -->\n<title>T1000 22000 gynybos paj\u0117g\u0173 gerv\u0117 24V - plieninis lynas - Champion Baltics<\/title>\n<meta name=\"description\" content=\"Warrior T1000 22000 gynybos paj\u0117g\u0173 gerv\u0117 24V su plieniniu lynu. Karinio lygio galia ir patvarumas, 22 000 svar\u0173 traukos j\u0117ga, sukurta bet kokiam reljefui ar s\u0105lygoms\" \/>\n<meta name=\"robots\" content=\"index, follow, max-snippet:-1, max-image-preview:large, max-video-preview:-1\" \/>\n<link rel=\"canonical\" href=\"https:\/\/championbaltics.com\/lt\/toode\/t1000-22000-gynybos-pajegu-gerve-24v-plieninis-lynas\/\" \/>\n<meta property=\"og:locale\" content=\"lt_LT\" \/>\n<meta property=\"og:type\" content=\"article\" \/>\n<meta property=\"og:title\" content=\"T1000 22000 gynybos paj\u0117g\u0173 gerv\u0117 24V - plieninis lynas\" \/>\n<meta property=\"og:description\" content=\"Warrior T1000 22000 gynybos paj\u0117g\u0173 gerv\u0117 24V su plieniniu lynu. Karinio lygio galia ir patvarumas, 22 000 svar\u0173 traukos j\u0117ga, sukurta bet kokiam reljefui ar s\u0105lygoms\" \/>\n<meta property=\"og:url\" content=\"https:\/\/championbaltics.com\/lt\/toode\/t1000-22000-gynybos-pajegu-gerve-24v-plieninis-lynas\/\" \/>\n<meta property=\"og:site_name\" content=\"Champion Baltics\" \/>\n<meta property=\"article:publisher\" content=\"https:\/\/facebook.com\/championbaltics\" \/>\n<meta property=\"og:image\" content=\"https:\/\/championbaltics.com\/wp-content\/uploads\/2025\/11\/T122S12_steel-2-scaled.webp\" \/>\n\t<meta property=\"og:image:width\" content=\"1920\" \/>\n\t<meta property=\"og:image:height\" content=\"1283\" \/>\n\t<meta property=\"og:image:type\" content=\"image\/webp\" \/>\n<meta name=\"twitter:card\" content=\"summary_large_image\" \/>\n<meta name=\"twitter:label1\" content=\"Price\" \/>\n\t<meta name=\"twitter:data1\" content=\"2 199,00&nbsp;&euro;\" \/>\n\t<meta name=\"twitter:label2\" content=\"Availability\" \/>\n\t<meta name=\"twitter:data2\" content=\"In stock\" \/>\n<script type=\"application\/ld+json\" class=\"yoast-schema-graph\">{\"@context\":\"https:\\\/\\\/schema.org\",\"@graph\":[{\"@type\":\"WebPage\",\"@id\":\"https:\\\/\\\/championbaltics.com\\\/lt\\\/toode\\\/t1000-22000-gynybos-pajegu-gerve-24v-plieninis-lynas\\\/\",\"url\":\"https:\\\/\\\/championbaltics.com\\\/lt\\\/toode\\\/t1000-22000-gynybos-pajegu-gerve-24v-plieninis-lynas\\\/\",\"name\":\"T1000 22000 gynybos paj\u0117g\u0173 gerv\u0117 24V - plieninis lynas - Champion Baltics\",\"isPartOf\":{\"@id\":\"https:\\\/\\\/championbaltics.com\\\/lt\\\/#website\"},\"primaryImageOfPage\":{\"@id\":\"https:\\\/\\\/championbaltics.com\\\/lt\\\/toode\\\/t1000-22000-gynybos-pajegu-gerve-24v-plieninis-lynas\\\/#primaryimage\"},\"image\":{\"@id\":\"https:\\\/\\\/championbaltics.com\\\/lt\\\/toode\\\/t1000-22000-gynybos-pajegu-gerve-24v-plieninis-lynas\\\/#primaryimage\"},\"thumbnailUrl\":\"https:\\\/\\\/championbaltics.com\\\/wp-content\\\/uploads\\\/2025\\\/11\\\/T122S12_steel-2-scaled.webp\",\"datePublished\":\"2025-11-05T13:11:15+00:00\",\"description\":\"Warrior T1000 22000 gynybos paj\u0117g\u0173 gerv\u0117 24V su plieniniu lynu. Karinio lygio galia ir patvarumas, 22 000 svar\u0173 traukos j\u0117ga, sukurta bet kokiam reljefui ar s\u0105lygoms\",\"breadcrumb\":{\"@id\":\"https:\\\/\\\/championbaltics.com\\\/lt\\\/toode\\\/t1000-22000-gynybos-pajegu-gerve-24v-plieninis-lynas\\\/#breadcrumb\"},\"inLanguage\":\"lt-LT\",\"potentialAction\":[{\"@type\":\"ReadAction\",\"target\":[\"https:\\\/\\\/championbaltics.com\\\/lt\\\/toode\\\/t1000-22000-gynybos-pajegu-gerve-24v-plieninis-lynas\\\/\"]}]},{\"@type\":\"ImageObject\",\"inLanguage\":\"lt-LT\",\"@id\":\"https:\\\/\\\/championbaltics.com\\\/lt\\\/toode\\\/t1000-22000-gynybos-pajegu-gerve-24v-plieninis-lynas\\\/#primaryimage\",\"url\":\"https:\\\/\\\/championbaltics.com\\\/wp-content\\\/uploads\\\/2025\\\/11\\\/T122S12_steel-2-scaled.webp\",\"contentUrl\":\"https:\\\/\\\/championbaltics.com\\\/wp-content\\\/uploads\\\/2025\\\/11\\\/T122S12_steel-2-scaled.webp\",\"width\":1920,\"height\":1283,\"caption\":\"winch front\"},{\"@type\":\"BreadcrumbList\",\"@id\":\"https:\\\/\\\/championbaltics.com\\\/lt\\\/toode\\\/t1000-22000-gynybos-pajegu-gerve-24v-plieninis-lynas\\\/#breadcrumb\",\"itemListElement\":[{\"@type\":\"ListItem\",\"position\":1,\"name\":\"Home\",\"item\":\"https:\\\/\\\/championbaltics.com\\\/lt\\\/\"},{\"@type\":\"ListItem\",\"position\":2,\"name\":\"Parduotuv\u0117\",\"item\":\"https:\\\/\\\/championbaltics.com\\\/lt\\\/parduotuve\\\/\"},{\"@type\":\"ListItem\",\"position\":3,\"name\":\"T1000 22000 gynybos paj\u0117g\u0173 gerv\u0117 24V &#8211; plieninis lynas\"}]},{\"@type\":\"WebSite\",\"@id\":\"https:\\\/\\\/championbaltics.com\\\/lt\\\/#website\",\"url\":\"https:\\\/\\\/championbaltics.com\\\/lt\\\/\",\"name\":\"Champion Baltics\",\"description\":\"Power equipments\",\"publisher\":{\"@id\":\"https:\\\/\\\/championbaltics.com\\\/lt\\\/#organization\"},\"alternateName\":\"Champion Power Equipment\",\"potentialAction\":[{\"@type\":\"SearchAction\",\"target\":{\"@type\":\"EntryPoint\",\"urlTemplate\":\"https:\\\/\\\/championbaltics.com\\\/lt\\\/?s={search_term_string}\"},\"query-input\":{\"@type\":\"PropertyValueSpecification\",\"valueRequired\":true,\"valueName\":\"search_term_string\"}}],\"inLanguage\":\"lt-LT\"},{\"@type\":[\"Organization\",\"Place\"],\"@id\":\"https:\\\/\\\/championbaltics.com\\\/lt\\\/#organization\",\"name\":\"Champion Baltics\",\"alternateName\":\"Champion Power Equipment\",\"url\":\"https:\\\/\\\/championbaltics.com\\\/lt\\\/\",\"logo\":{\"@id\":\"https:\\\/\\\/championbaltics.com\\\/lt\\\/toode\\\/t1000-22000-gynybos-pajegu-gerve-24v-plieninis-lynas\\\/#local-main-organization-logo\"},\"image\":{\"@id\":\"https:\\\/\\\/championbaltics.com\\\/lt\\\/toode\\\/t1000-22000-gynybos-pajegu-gerve-24v-plieninis-lynas\\\/#local-main-organization-logo\"},\"sameAs\":[\"https:\\\/\\\/facebook.com\\\/championbaltics\"],\"description\":\"Champion power equipment representer of State of Baltics\",\"legalName\":\"T.O Engineering LLC\",\"foundingDate\":\"2015-01-07\",\"numberOfEmployees\":{\"@type\":\"QuantitativeValue\",\"minValue\":\"1\",\"maxValue\":\"10\"},\"hasMerchantReturnPolicy\":{\"@type\":\"MerchantReturnPolicy\",\"merchantReturnLink\":\"https:\\\/\\\/championbaltics.com\\\/refund_returns\\\/\"},\"address\":{\"@id\":\"https:\\\/\\\/championbaltics.com\\\/lt\\\/toode\\\/t1000-22000-gynybos-pajegu-gerve-24v-plieninis-lynas\\\/#local-main-place-address\"},\"telephone\":[],\"contactPoint\":{\"@type\":\"ContactPoint\",\"telephone\":\"+3725204833\",\"email\":\"info@championbaltics.com\"},\"openingHoursSpecification\":[{\"@type\":\"OpeningHoursSpecification\",\"dayOfWeek\":[\"Monday\",\"Tuesday\",\"Wednesday\",\"Thursday\",\"Friday\",\"Saturday\",\"Sunday\"],\"opens\":\"09:00\",\"closes\":\"17:00\"}],\"email\":\"info@championbaltics.com\",\"vatID\":\"EE102032772\"},{\"@type\":\"PostalAddress\",\"@id\":\"https:\\\/\\\/championbaltics.com\\\/lt\\\/toode\\\/t1000-22000-gynybos-pajegu-gerve-24v-plieninis-lynas\\\/#local-main-place-address\",\"streetAddress\":\"P\u00e4rnu mnt 144\",\"addressLocality\":\"Tallinn\",\"postalCode\":\"11317\",\"addressRegion\":\"Harju\",\"addressCountry\":\"EE\"},{\"@type\":\"ImageObject\",\"inLanguage\":\"lt-LT\",\"@id\":\"https:\\\/\\\/championbaltics.com\\\/lt\\\/toode\\\/t1000-22000-gynybos-pajegu-gerve-24v-plieninis-lynas\\\/#local-main-organization-logo\",\"url\":\"https:\\\/\\\/championbaltics.com\\\/wp-content\\\/uploads\\\/2025\\\/08\\\/cropped-ChampionBalticsLogo.webp\",\"contentUrl\":\"https:\\\/\\\/championbaltics.com\\\/wp-content\\\/uploads\\\/2025\\\/08\\\/cropped-ChampionBalticsLogo.webp\",\"width\":512,\"height\":512,\"caption\":\"Champion Baltics\"}]}<\/script>\n<meta property=\"product:brand\" content=\"Warrior Winches\" \/>\n<meta property=\"product:price:amount\" content=\"2199.00\" \/>\n<meta property=\"product:price:currency\" content=\"EUR\" \/>\n<meta property=\"og:availability\" content=\"instock\" \/>\n<meta property=\"product:availability\" content=\"instock\" \/>\n<meta property=\"product:retailer_item_id\" content=\"T122S24\" \/>\n<meta property=\"product:condition\" content=\"new\" \/>\n<meta name=\"geo.placename\" content=\"Tallinn\" \/>\n<meta name=\"geo.region\" content=\"Estonia\" \/>\n<!-- \/ Yoast SEO Premium plugin. -->","yoast_head_json":{"title":"T1000 22000 gynybos paj\u0117g\u0173 gerv\u0117 24V - plieninis lynas - Champion Baltics","description":"Warrior T1000 22000 gynybos paj\u0117g\u0173 gerv\u0117 24V su plieniniu lynu. Karinio lygio galia ir patvarumas, 22 000 svar\u0173 traukos j\u0117ga, sukurta bet kokiam reljefui ar s\u0105lygoms","robots":{"index":"index","follow":"follow","max-snippet":"max-snippet:-1","max-image-preview":"max-image-preview:large","max-video-preview":"max-video-preview:-1"},"canonical":"https:\/\/championbaltics.com\/lt\/toode\/t1000-22000-gynybos-pajegu-gerve-24v-plieninis-lynas\/","og_locale":"lt_LT","og_type":"article","og_title":"T1000 22000 gynybos paj\u0117g\u0173 gerv\u0117 24V - plieninis lynas","og_description":"Warrior T1000 22000 gynybos paj\u0117g\u0173 gerv\u0117 24V su plieniniu lynu. Karinio lygio galia ir patvarumas, 22 000 svar\u0173 traukos j\u0117ga, sukurta bet kokiam reljefui ar s\u0105lygoms","og_url":"https:\/\/championbaltics.com\/lt\/toode\/t1000-22000-gynybos-pajegu-gerve-24v-plieninis-lynas\/","og_site_name":"Champion Baltics","article_publisher":"https:\/\/facebook.com\/championbaltics","og_image":[{"width":1920,"height":1283,"url":"https:\/\/championbaltics.com\/wp-content\/uploads\/2025\/11\/T122S12_steel-2-scaled.webp","type":"image\/webp"}],"twitter_card":"summary_large_image","twitter_misc":{"Price":"2 199,00&nbsp;&euro;","Availability":"In stock"},"schema":{"@context":"https:\/\/schema.org","@graph":[{"@type":"WebPage","@id":"https:\/\/championbaltics.com\/lt\/toode\/t1000-22000-gynybos-pajegu-gerve-24v-plieninis-lynas\/","url":"https:\/\/championbaltics.com\/lt\/toode\/t1000-22000-gynybos-pajegu-gerve-24v-plieninis-lynas\/","name":"T1000 22000 gynybos paj\u0117g\u0173 gerv\u0117 24V - plieninis lynas - Champion Baltics","isPartOf":{"@id":"https:\/\/championbaltics.com\/lt\/#website"},"primaryImageOfPage":{"@id":"https:\/\/championbaltics.com\/lt\/toode\/t1000-22000-gynybos-pajegu-gerve-24v-plieninis-lynas\/#primaryimage"},"image":{"@id":"https:\/\/championbaltics.com\/lt\/toode\/t1000-22000-gynybos-pajegu-gerve-24v-plieninis-lynas\/#primaryimage"},"thumbnailUrl":"https:\/\/championbaltics.com\/wp-content\/uploads\/2025\/11\/T122S12_steel-2-scaled.webp","datePublished":"2025-11-05T13:11:15+00:00","description":"Warrior T1000 22000 gynybos paj\u0117g\u0173 gerv\u0117 24V su plieniniu lynu. Karinio lygio galia ir patvarumas, 22 000 svar\u0173 traukos j\u0117ga, sukurta bet kokiam reljefui ar s\u0105lygoms","breadcrumb":{"@id":"https:\/\/championbaltics.com\/lt\/toode\/t1000-22000-gynybos-pajegu-gerve-24v-plieninis-lynas\/#breadcrumb"},"inLanguage":"lt-LT","potentialAction":[{"@type":"ReadAction","target":["https:\/\/championbaltics.com\/lt\/toode\/t1000-22000-gynybos-pajegu-gerve-24v-plieninis-lynas\/"]}]},{"@type":"ImageObject","inLanguage":"lt-LT","@id":"https:\/\/championbaltics.com\/lt\/toode\/t1000-22000-gynybos-pajegu-gerve-24v-plieninis-lynas\/#primaryimage","url":"https:\/\/championbaltics.com\/wp-content\/uploads\/2025\/11\/T122S12_steel-2-scaled.webp","contentUrl":"https:\/\/championbaltics.com\/wp-content\/uploads\/2025\/11\/T122S12_steel-2-scaled.webp","width":1920,"height":1283,"caption":"winch front"},{"@type":"BreadcrumbList","@id":"https:\/\/championbaltics.com\/lt\/toode\/t1000-22000-gynybos-pajegu-gerve-24v-plieninis-lynas\/#breadcrumb","itemListElement":[{"@type":"ListItem","position":1,"name":"Home","item":"https:\/\/championbaltics.com\/lt\/"},{"@type":"ListItem","position":2,"name":"Parduotuv\u0117","item":"https:\/\/championbaltics.com\/lt\/parduotuve\/"},{"@type":"ListItem","position":3,"name":"T1000 22000 gynybos paj\u0117g\u0173 gerv\u0117 24V &#8211; plieninis lynas"}]},{"@type":"WebSite","@id":"https:\/\/championbaltics.com\/lt\/#website","url":"https:\/\/championbaltics.com\/lt\/","name":"Champion Baltics","description":"Power equipments","publisher":{"@id":"https:\/\/championbaltics.com\/lt\/#organization"},"alternateName":"Champion Power Equipment","potentialAction":[{"@type":"SearchAction","target":{"@type":"EntryPoint","urlTemplate":"https:\/\/championbaltics.com\/lt\/?s={search_term_string}"},"query-input":{"@type":"PropertyValueSpecification","valueRequired":true,"valueName":"search_term_string"}}],"inLanguage":"lt-LT"},{"@type":["Organization","Place"],"@id":"https:\/\/championbaltics.com\/lt\/#organization","name":"Champion Baltics","alternateName":"Champion Power Equipment","url":"https:\/\/championbaltics.com\/lt\/","logo":{"@id":"https:\/\/championbaltics.com\/lt\/toode\/t1000-22000-gynybos-pajegu-gerve-24v-plieninis-lynas\/#local-main-organization-logo"},"image":{"@id":"https:\/\/championbaltics.com\/lt\/toode\/t1000-22000-gynybos-pajegu-gerve-24v-plieninis-lynas\/#local-main-organization-logo"},"sameAs":["https:\/\/facebook.com\/championbaltics"],"description":"Champion power equipment representer of State of Baltics","legalName":"T.O Engineering LLC","foundingDate":"2015-01-07","numberOfEmployees":{"@type":"QuantitativeValue","minValue":"1","maxValue":"10"},"hasMerchantReturnPolicy":{"@type":"MerchantReturnPolicy","merchantReturnLink":"https:\/\/championbaltics.com\/refund_returns\/"},"address":{"@id":"https:\/\/championbaltics.com\/lt\/toode\/t1000-22000-gynybos-pajegu-gerve-24v-plieninis-lynas\/#local-main-place-address"},"telephone":[],"contactPoint":{"@type":"ContactPoint","telephone":"+3725204833","email":"info@championbaltics.com"},"openingHoursSpecification":[{"@type":"OpeningHoursSpecification","dayOfWeek":["Monday","Tuesday","Wednesday","Thursday","Friday","Saturday","Sunday"],"opens":"09:00","closes":"17:00"}],"email":"info@championbaltics.com","vatID":"EE102032772"},{"@type":"PostalAddress","@id":"https:\/\/championbaltics.com\/lt\/toode\/t1000-22000-gynybos-pajegu-gerve-24v-plieninis-lynas\/#local-main-place-address","streetAddress":"P\u00e4rnu mnt 144","addressLocality":"Tallinn","postalCode":"11317","addressRegion":"Harju","addressCountry":"EE"},{"@type":"ImageObject","inLanguage":"lt-LT","@id":"https:\/\/championbaltics.com\/lt\/toode\/t1000-22000-gynybos-pajegu-gerve-24v-plieninis-lynas\/#local-main-organization-logo","url":"https:\/\/championbaltics.com\/wp-content\/uploads\/2025\/08\/cropped-ChampionBalticsLogo.webp","contentUrl":"https:\/\/championbaltics.com\/wp-content\/uploads\/2025\/08\/cropped-ChampionBalticsLogo.webp","width":512,"height":512,"caption":"Champion Baltics"}]},"product_brand":"Warrior Winches","product_price_amount":"2199.00","product_price_currency":"EUR","og_availability":"instock","product_availability":"instock","product_retailer_item_id":"T122S24","product_condition":"new","geo.placename":"Tallinn","geo.region":"Estonia"},"_links":{"self":[{"href":"https:\/\/championbaltics.com\/lt\/wp-json\/wp\/v2\/product\/33169","targetHints":{"allow":["GET"]}}],"collection":[{"href":"https:\/\/championbaltics.com\/lt\/wp-json\/wp\/v2\/product"}],"about":[{"href":"https:\/\/championbaltics.com\/lt\/wp-json\/wp\/v2\/types\/product"}],"replies":[{"embeddable":true,"href":"https:\/\/championbaltics.com\/lt\/wp-json\/wp\/v2\/comments?post=33169"}],"version-history":[{"count":0,"href":"https:\/\/championbaltics.com\/lt\/wp-json\/wp\/v2\/product\/33169\/revisions"}],"wp:featuredmedia":[{"embeddable":true,"href":"https:\/\/championbaltics.com\/lt\/wp-json\/wp\/v2\/media\/32413"}],"wp:attachment":[{"href":"https:\/\/championbaltics.com\/lt\/wp-json\/wp\/v2\/media?parent=33169"}],"wp:term":[{"taxonomy":"product_brand","embeddable":true,"href":"https:\/\/championbaltics.com\/lt\/wp-json\/wp\/v2\/product_brand?post=33169"},{"taxonomy":"product_cat","embeddable":true,"href":"https:\/\/championbaltics.com\/lt\/wp-json\/wp\/v2\/product_cat?post=33169"},{"taxonomy":"product_tag","embeddable":true,"href":"https:\/\/championbaltics.com\/lt\/wp-json\/wp\/v2\/product_tag?post=33169"}],"curies":[{"name":"wp","href":"https:\/\/api.w.org\/{rel}","templated":true}]}}