{"id":33412,"date":"2025-11-04T14:04:41","date_gmt":"2025-11-04T14:04:41","guid":{"rendered":"https:\/\/championbaltics.com\/toode\/titan-6000-elektrine-gerve-24v-su-plieniniu-lynu\/"},"modified":"2025-11-04T14:04:41","modified_gmt":"2025-11-04T14:04:41","slug":"titan-6000-elektrine-gerve-24v-su-plieniniu-lynu","status":"publish","type":"product","link":"https:\/\/championbaltics.com\/lt\/toode\/titan-6000-elektrine-gerve-24v-su-plieniniu-lynu\/","title":{"rendered":"Titan 6000 elektrin\u0117 gerv\u0117 24V &#8211; su plieniniu lynu"},"content":{"rendered":"<div class=\"elementor-element elementor-element-bff7dea elementor-widget elementor-widget-theme-post-title elementor-page-title elementor-widget-heading\" data-id=\"bff7dea\" data-element_type=\"widget\" data-widget_type=\"theme-post-title.default\">\n<div class=\"elementor-element elementor-element-bff7dea elementor-widget elementor-widget-theme-post-title elementor-page-title elementor-widget-heading\" data-id=\"bff7dea\" data-element_type=\"widget\" data-widget_type=\"theme-post-title.default\">\n<div class=\"elementor-element elementor-element-bff7dea elementor-widget elementor-widget-theme-post-title elementor-page-title elementor-widget-heading\" data-id=\"bff7dea\" data-element_type=\"widget\" data-widget_type=\"theme-post-title.default\">\n<div class=\"elementor-element elementor-element-bff7dea elementor-widget elementor-widget-theme-post-title elementor-page-title elementor-widget-heading\" data-id=\"bff7dea\" data-element_type=\"widget\" data-widget_type=\"theme-post-title.default\">\n<div class=\"elementor-element elementor-element-bff7dea elementor-widget elementor-widget-theme-post-title elementor-page-title elementor-widget-heading\" data-id=\"bff7dea\" data-element_type=\"widget\" data-widget_type=\"theme-post-title.default\">\n<div class=\"elementor-element elementor-element-bff7dea elementor-widget elementor-widget-theme-post-title elementor-page-title elementor-widget-heading\" data-id=\"bff7dea\" data-element_type=\"widget\" data-widget_type=\"theme-post-title.default\">\n<div class=\"elementor-element elementor-element-bff7dea elementor-widget elementor-widget-theme-post-title elementor-page-title elementor-widget-heading\" data-id=\"bff7dea\" data-element_type=\"widget\" data-widget_type=\"theme-post-title.default\">\n<div class=\"elementor-element elementor-element-bff7dea elementor-widget elementor-widget-theme-post-title elementor-page-title elementor-widget-heading\" data-id=\"bff7dea\" data-element_type=\"widget\" data-widget_type=\"theme-post-title.default\">\n<div class=\"elementor-element elementor-element-bff7dea elementor-widget elementor-widget-theme-post-title elementor-page-title elementor-widget-heading\" data-id=\"bff7dea\" data-element_type=\"widget\" data-widget_type=\"theme-post-title.default\">\n<div class=\"elementor-element elementor-element-bff7dea elementor-widget elementor-widget-theme-post-title elementor-page-title elementor-widget-heading\" data-id=\"bff7dea\" data-element_type=\"widget\" data-widget_type=\"theme-post-title.default\">\n<div class=\"elementor-element elementor-element-bff7dea elementor-widget elementor-widget-theme-post-title elementor-page-title elementor-widget-heading\" data-id=\"bff7dea\" data-element_type=\"widget\" data-widget_type=\"theme-post-title.default\">\n<div class=\"elementor-element elementor-element-bff7dea elementor-widget elementor-widget-theme-post-title elementor-page-title elementor-widget-heading\" data-id=\"bff7dea\" data-element_type=\"widget\" data-widget_type=\"theme-post-title.default\">\n<div class=\"elementor-element elementor-element-bff7dea elementor-widget elementor-widget-theme-post-title elementor-page-title elementor-widget-heading\" data-id=\"bff7dea\" data-element_type=\"widget\" data-widget_type=\"theme-post-title.default\">\n<div class=\"elementor-element elementor-element-bff7dea elementor-widget elementor-widget-theme-post-title elementor-page-title elementor-widget-heading\" data-id=\"bff7dea\" data-element_type=\"widget\" data-widget_type=\"theme-post-title.default\">\n<h2 class=\"elementor-heading-title elementor-size-default\"><span dir=\"auto\">Titan 6000 elektrin\u0117 gerv\u0117 24V \u2013 su plieniniu lynu<\/span><\/h2>\n<\/div>\n<div class=\"elementor-element elementor-element-a536ae3 elementor-widget elementor-widget-jet-listing-dynamic-field\" data-id=\"a536ae3\" data-element_type=\"widget\" data-widget_type=\"jet-listing-dynamic-field.default\">\n<div class=\"jet-listing jet-listing-dynamic-field display-inline\">\n<div class=\"jet-listing-dynamic-field__inline-wrap\">\n<div class=\"jet-listing-dynamic-field__content\">\n<p><span dir=\"auto\">Su m\u016bs\u0173 nauja Titan serija nustatome nauj\u0105 standart\u0105 ATV\/UTV\/QUAD ir priekab\u0173 gerv\u0117ms. Paruo\u0161ta pa\u010dioms reikliausioms s\u0105lygoms su specialiai sukurta stabd\u017ei\u0173 technologija, 3 pakop\u0173 planetine pavar\u0173 d\u0117\u017ee ir tyliu, patogiu veikimu. \u010cia gaunate pilno metalo korpuso gerv\u0119 su patobulinta IP klasifikacija (IP67), nauju stilingu dizainu ir naujausiu \u012fkraunamu belaid\u017eiu nuotolinio valdymo pultu.  <\/span><\/p>\n<p><span dir=\"auto\">Sukurta ekstremaliems bekel\u0117s entuziastams ir sunkiems darbams, Titan serija sujungia pa\u017eangi\u0105 in\u017einerij\u0105 ir auk\u0161\u010diausios kokyb\u0117s med\u017eiagas, kad u\u017etikrint\u0173 patikim\u0105 veikim\u0105, kai to labiausiai reikia.<\/span><\/p>\n<p><span dir=\"auto\">Nesvarbu, ar tai b\u016bt\u0173 akmenuot\u0173 tak\u0173 kirtimas, traukimas per gil\u0173 purv\u0105, sunki\u0173 \u012frengini\u0173 gelb\u0117jimas, ar laiv\u0173 nuleidimas ir pak\u0117limas, \u0161ios gerv\u0117s suteikia greit\u012f, gali\u0105 ir kontrol\u0119, reikaling\u0105 \u012fveikti kiekvien\u0105 i\u0161\u0161\u016bk\u012f.<\/span><\/p>\n<p><span dir=\"auto\">Serijoje yra modeliai su 12V ir 24V versijomis, su plienine virve arba Armortek Extreme virve, patvariausia sintetika rinkoje.<\/span><\/p>\n<p><span dir=\"auto\">Visos serijos gerv\u0117s turi <\/span><strong><span dir=\"auto\">5 met\u0173 garantij\u0105<\/span><\/strong><span dir=\"auto\">, suteikian\u010di\u0105 ramyb\u0119 ir pasitik\u0117jim\u0105 ateinantiems metams!<\/span><\/p>\n<\/div>\n<\/div>\n<\/div>\n<\/div>\n<\/div>\n<\/div>\n<\/div>\n<\/div>\n<\/div>\n<\/div>\n<\/div>\n<\/div>\n<\/div>\n<\/div>\n<\/div>\n<\/div>\n<\/div>\n","protected":false},"excerpt":{"rendered":"<p><span dir=\"auto\">Sukurta ekstremali\u0173 bekel\u0117s entuziast\u0173 ir sunki\u0173j\u0173 darb\u0173 naudotojams, Titan serija sujungia pa\u017eangi\u0105 in\u017einerij\u0105 ir auk\u0161\u010diausios kokyb\u0117s med\u017eiagas, kad u\u017etikrint\u0173 patikim\u0105 veikim\u0105, kai to labiausiai reikia.<\/span><\/p>\n<p>Ypatyb\u0117s:<\/p>\n<p>Maksimali apsauga visomis s\u0105lygomis: Pilno metalo korpusas apsaugo vidinius komponentus ekstremaliomis s\u0105lygomis.<br \/>\nGreitesnis: Didesnis lyno greitis u\u017etikrina greitesn\u012f gerv\u0117s veikim\u0105<br \/>\nPagerintas saugumas \u0161laituose ir sunkiems kroviniams: Specialus stabd\u017ei\u0173 dizainas u\u017etikrina tiksl\u0173 stabdymo j\u0117g\u0105.<br \/>\nTylesnis veikimas geresnei naudotojo patir\u010diai: Suma\u017eintas triuk\u0161mo lygis leid\u017eia skland\u017eiau ir patogiau naudoti.<br \/>\nGalingas veikimas: 3 pakop\u0173 planetin\u0117 pavar\u0173 d\u0117\u017e\u0117 maksimaliai padidina sukimo moment\u0105, i\u0161laikant skland\u0173 veikim\u0105.<br \/>\n\u012ekraunamas 2-in-1 belaidis\/laidas nuotolinio valdymo pultas<\/p>\n","protected":false},"featured_media":33417,"comment_status":"open","ping_status":"closed","template":"","meta":[],"product_brand":[],"product_cat":[319],"product_tag":[325,320,321,386],"class_list":{"0":"post-33412","1":"product","2":"type-product","3":"status-publish","4":"has-post-thumbnail","6":"product_cat-gerves","7":"product_tag-elektrine-gerve","8":"product_tag-gerve","9":"product_tag-plieninis-kabelis","10":"product_tag-titanas","12":"first","13":"instock","14":"taxable","15":"shipping-taxable","16":"purchasable","17":"product-type-simple"},"yoast_head":"<!-- This site is optimized with the Yoast SEO Premium plugin v27.5 (Yoast SEO v27.5) - https:\/\/yoast.com\/product\/yoast-seo-premium-wordpress\/ -->\n<title>Titan 6000 elektrin\u0117 gerv\u0117 24V - su plieniniu lynu - Champion Baltics<\/title>\n<meta name=\"description\" content=\"Warrior Titan 6000 elektrin\u0117 gerv\u0117 24V su patvariu plieniniu lynu \u2013 IP67 klas\u0117s, pilno metalo korpusas, 3 pakop\u0173 pavar\u0173 d\u0117\u017e\u0117, pa\u017eangi stabd\u017ei\u0173 sistema ir belaidis nuotolinio valdymo pultas. Skirta naudoti su ATV, UTV ir priekabomis. \u012etraukta 5 met\u0173 garantija.\" \/>\n<meta name=\"robots\" content=\"index, follow, max-snippet:-1, max-image-preview:large, max-video-preview:-1\" \/>\n<link rel=\"canonical\" href=\"https:\/\/championbaltics.com\/lt\/toode\/titan-6000-elektrine-gerve-24v-su-plieniniu-lynu\/\" \/>\n<meta property=\"og:locale\" content=\"lt_LT\" \/>\n<meta property=\"og:type\" content=\"article\" \/>\n<meta property=\"og:title\" content=\"Titan 6000 elektrin\u0117 gerv\u0117 24V - su plieniniu lynu\" \/>\n<meta property=\"og:description\" content=\"Warrior Titan 6000 elektrin\u0117 gerv\u0117 24V su patvariu plieniniu lynu \u2013 IP67 klas\u0117s, pilno metalo korpusas, 3 pakop\u0173 pavar\u0173 d\u0117\u017e\u0117, pa\u017eangi stabd\u017ei\u0173 sistema ir belaidis nuotolinio valdymo pultas. Skirta naudoti su ATV, UTV ir priekabomis. \u012etraukta 5 met\u0173 garantija.\" \/>\n<meta property=\"og:url\" content=\"https:\/\/championbaltics.com\/lt\/toode\/titan-6000-elektrine-gerve-24v-su-plieniniu-lynu\/\" \/>\n<meta property=\"og:site_name\" content=\"Champion Baltics\" \/>\n<meta property=\"article:publisher\" content=\"https:\/\/facebook.com\/championbaltics\" \/>\n<meta property=\"og:image\" content=\"https:\/\/championbaltics.com\/wp-content\/uploads\/2025\/11\/WW_Titan-60TTSU_EU_Front-view-scaled.webp\" \/>\n\t<meta property=\"og:image:width\" content=\"1920\" \/>\n\t<meta property=\"og:image:height\" content=\"1920\" \/>\n\t<meta property=\"og:image:type\" content=\"image\/webp\" \/>\n<meta name=\"twitter:card\" content=\"summary_large_image\" \/>\n<meta name=\"twitter:label1\" content=\"Price\" \/>\n\t<meta name=\"twitter:data1\" content=\"649,00&nbsp;&euro;\" \/>\n\t<meta name=\"twitter:label2\" content=\"Availability\" \/>\n\t<meta name=\"twitter:data2\" content=\"In stock\" \/>\n<script type=\"application\/ld+json\" class=\"yoast-schema-graph\">{\"@context\":\"https:\\\/\\\/schema.org\",\"@graph\":[{\"@type\":\"WebPage\",\"@id\":\"https:\\\/\\\/championbaltics.com\\\/lt\\\/toode\\\/titan-6000-elektrine-gerve-24v-su-plieniniu-lynu\\\/\",\"url\":\"https:\\\/\\\/championbaltics.com\\\/lt\\\/toode\\\/titan-6000-elektrine-gerve-24v-su-plieniniu-lynu\\\/\",\"name\":\"Titan 6000 elektrin\u0117 gerv\u0117 24V - su plieniniu lynu - Champion Baltics\",\"isPartOf\":{\"@id\":\"https:\\\/\\\/championbaltics.com\\\/lt\\\/#website\"},\"primaryImageOfPage\":{\"@id\":\"https:\\\/\\\/championbaltics.com\\\/lt\\\/toode\\\/titan-6000-elektrine-gerve-24v-su-plieniniu-lynu\\\/#primaryimage\"},\"image\":{\"@id\":\"https:\\\/\\\/championbaltics.com\\\/lt\\\/toode\\\/titan-6000-elektrine-gerve-24v-su-plieniniu-lynu\\\/#primaryimage\"},\"thumbnailUrl\":\"https:\\\/\\\/championbaltics.com\\\/wp-content\\\/uploads\\\/2025\\\/11\\\/WW_Titan-60TTSU_EU_Front-view-scaled.webp\",\"datePublished\":\"2025-11-04T14:04:41+00:00\",\"description\":\"Warrior Titan 6000 elektrin\u0117 gerv\u0117 24V su patvariu plieniniu lynu \u2013 IP67 klas\u0117s, pilno metalo korpusas, 3 pakop\u0173 pavar\u0173 d\u0117\u017e\u0117, pa\u017eangi stabd\u017ei\u0173 sistema ir belaidis nuotolinio valdymo pultas. Skirta naudoti su ATV, UTV ir priekabomis. \u012etraukta 5 met\u0173 garantija.\",\"breadcrumb\":{\"@id\":\"https:\\\/\\\/championbaltics.com\\\/lt\\\/toode\\\/titan-6000-elektrine-gerve-24v-su-plieniniu-lynu\\\/#breadcrumb\"},\"inLanguage\":\"lt-LT\",\"potentialAction\":[{\"@type\":\"ReadAction\",\"target\":[\"https:\\\/\\\/championbaltics.com\\\/lt\\\/toode\\\/titan-6000-elektrine-gerve-24v-su-plieniniu-lynu\\\/\"]}]},{\"@type\":\"ImageObject\",\"inLanguage\":\"lt-LT\",\"@id\":\"https:\\\/\\\/championbaltics.com\\\/lt\\\/toode\\\/titan-6000-elektrine-gerve-24v-su-plieniniu-lynu\\\/#primaryimage\",\"url\":\"https:\\\/\\\/championbaltics.com\\\/wp-content\\\/uploads\\\/2025\\\/11\\\/WW_Titan-60TTSU_EU_Front-view-scaled.webp\",\"contentUrl\":\"https:\\\/\\\/championbaltics.com\\\/wp-content\\\/uploads\\\/2025\\\/11\\\/WW_Titan-60TTSU_EU_Front-view-scaled.webp\",\"width\":1920,\"height\":1920,\"caption\":\"gerv\u0117s priekinis vaizdas\"},{\"@type\":\"BreadcrumbList\",\"@id\":\"https:\\\/\\\/championbaltics.com\\\/lt\\\/toode\\\/titan-6000-elektrine-gerve-24v-su-plieniniu-lynu\\\/#breadcrumb\",\"itemListElement\":[{\"@type\":\"ListItem\",\"position\":1,\"name\":\"Home\",\"item\":\"https:\\\/\\\/championbaltics.com\\\/lt\\\/\"},{\"@type\":\"ListItem\",\"position\":2,\"name\":\"Parduotuv\u0117\",\"item\":\"https:\\\/\\\/championbaltics.com\\\/lt\\\/parduotuve\\\/\"},{\"@type\":\"ListItem\",\"position\":3,\"name\":\"Titan 6000 elektrin\u0117 gerv\u0117 24V &#8211; su plieniniu lynu\"}]},{\"@type\":\"WebSite\",\"@id\":\"https:\\\/\\\/championbaltics.com\\\/lt\\\/#website\",\"url\":\"https:\\\/\\\/championbaltics.com\\\/lt\\\/\",\"name\":\"Champion Baltics\",\"description\":\"Power equipments\",\"publisher\":{\"@id\":\"https:\\\/\\\/championbaltics.com\\\/lt\\\/#organization\"},\"alternateName\":\"Champion Power Equipment\",\"potentialAction\":[{\"@type\":\"SearchAction\",\"target\":{\"@type\":\"EntryPoint\",\"urlTemplate\":\"https:\\\/\\\/championbaltics.com\\\/lt\\\/?s={search_term_string}\"},\"query-input\":{\"@type\":\"PropertyValueSpecification\",\"valueRequired\":true,\"valueName\":\"search_term_string\"}}],\"inLanguage\":\"lt-LT\"},{\"@type\":[\"Organization\",\"Place\"],\"@id\":\"https:\\\/\\\/championbaltics.com\\\/lt\\\/#organization\",\"name\":\"Champion Baltics\",\"alternateName\":\"Champion Power Equipment\",\"url\":\"https:\\\/\\\/championbaltics.com\\\/lt\\\/\",\"logo\":{\"@id\":\"https:\\\/\\\/championbaltics.com\\\/lt\\\/toode\\\/titan-6000-elektrine-gerve-24v-su-plieniniu-lynu\\\/#local-main-organization-logo\"},\"image\":{\"@id\":\"https:\\\/\\\/championbaltics.com\\\/lt\\\/toode\\\/titan-6000-elektrine-gerve-24v-su-plieniniu-lynu\\\/#local-main-organization-logo\"},\"sameAs\":[\"https:\\\/\\\/facebook.com\\\/championbaltics\"],\"description\":\"Champion power equipment representer of State of Baltics\",\"legalName\":\"T.O Engineering LLC\",\"foundingDate\":\"2015-01-07\",\"numberOfEmployees\":{\"@type\":\"QuantitativeValue\",\"minValue\":\"1\",\"maxValue\":\"10\"},\"hasMerchantReturnPolicy\":{\"@type\":\"MerchantReturnPolicy\",\"merchantReturnLink\":\"https:\\\/\\\/championbaltics.com\\\/refund_returns\\\/\"},\"address\":{\"@id\":\"https:\\\/\\\/championbaltics.com\\\/lt\\\/toode\\\/titan-6000-elektrine-gerve-24v-su-plieniniu-lynu\\\/#local-main-place-address\"},\"telephone\":[],\"contactPoint\":{\"@type\":\"ContactPoint\",\"telephone\":\"+3725204833\",\"email\":\"info@championbaltics.com\"},\"openingHoursSpecification\":[{\"@type\":\"OpeningHoursSpecification\",\"dayOfWeek\":[\"Monday\",\"Tuesday\",\"Wednesday\",\"Thursday\",\"Friday\",\"Saturday\",\"Sunday\"],\"opens\":\"09:00\",\"closes\":\"17:00\"}],\"email\":\"info@championbaltics.com\",\"vatID\":\"EE102032772\"},{\"@type\":\"PostalAddress\",\"@id\":\"https:\\\/\\\/championbaltics.com\\\/lt\\\/toode\\\/titan-6000-elektrine-gerve-24v-su-plieniniu-lynu\\\/#local-main-place-address\",\"streetAddress\":\"P\u00e4rnu mnt 144\",\"addressLocality\":\"Tallinn\",\"postalCode\":\"11317\",\"addressRegion\":\"Harju\",\"addressCountry\":\"EE\"},{\"@type\":\"ImageObject\",\"inLanguage\":\"lt-LT\",\"@id\":\"https:\\\/\\\/championbaltics.com\\\/lt\\\/toode\\\/titan-6000-elektrine-gerve-24v-su-plieniniu-lynu\\\/#local-main-organization-logo\",\"url\":\"https:\\\/\\\/championbaltics.com\\\/wp-content\\\/uploads\\\/2025\\\/08\\\/cropped-ChampionBalticsLogo.webp\",\"contentUrl\":\"https:\\\/\\\/championbaltics.com\\\/wp-content\\\/uploads\\\/2025\\\/08\\\/cropped-ChampionBalticsLogo.webp\",\"width\":512,\"height\":512,\"caption\":\"Champion Baltics\"}]}<\/script>\n<meta property=\"product:price:amount\" content=\"649.00\" \/>\n<meta property=\"product:price:currency\" content=\"EUR\" \/>\n<meta property=\"og:availability\" content=\"instock\" \/>\n<meta property=\"product:availability\" content=\"instock\" \/>\n<meta property=\"product:retailer_item_id\" content=\"60TTSU24\" \/>\n<meta property=\"product:condition\" content=\"new\" \/>\n<meta name=\"geo.placename\" content=\"Tallinn\" \/>\n<meta name=\"geo.region\" content=\"Estonia\" \/>\n<!-- \/ Yoast SEO Premium plugin. -->","yoast_head_json":{"title":"Titan 6000 elektrin\u0117 gerv\u0117 24V - su plieniniu lynu - Champion Baltics","description":"Warrior Titan 6000 elektrin\u0117 gerv\u0117 24V su patvariu plieniniu lynu \u2013 IP67 klas\u0117s, pilno metalo korpusas, 3 pakop\u0173 pavar\u0173 d\u0117\u017e\u0117, pa\u017eangi stabd\u017ei\u0173 sistema ir belaidis nuotolinio valdymo pultas. Skirta naudoti su ATV, UTV ir priekabomis. \u012etraukta 5 met\u0173 garantija.","robots":{"index":"index","follow":"follow","max-snippet":"max-snippet:-1","max-image-preview":"max-image-preview:large","max-video-preview":"max-video-preview:-1"},"canonical":"https:\/\/championbaltics.com\/lt\/toode\/titan-6000-elektrine-gerve-24v-su-plieniniu-lynu\/","og_locale":"lt_LT","og_type":"article","og_title":"Titan 6000 elektrin\u0117 gerv\u0117 24V - su plieniniu lynu","og_description":"Warrior Titan 6000 elektrin\u0117 gerv\u0117 24V su patvariu plieniniu lynu \u2013 IP67 klas\u0117s, pilno metalo korpusas, 3 pakop\u0173 pavar\u0173 d\u0117\u017e\u0117, pa\u017eangi stabd\u017ei\u0173 sistema ir belaidis nuotolinio valdymo pultas. Skirta naudoti su ATV, UTV ir priekabomis. \u012etraukta 5 met\u0173 garantija.","og_url":"https:\/\/championbaltics.com\/lt\/toode\/titan-6000-elektrine-gerve-24v-su-plieniniu-lynu\/","og_site_name":"Champion Baltics","article_publisher":"https:\/\/facebook.com\/championbaltics","og_image":[{"width":1920,"height":1920,"url":"https:\/\/championbaltics.com\/wp-content\/uploads\/2025\/11\/WW_Titan-60TTSU_EU_Front-view-scaled.webp","type":"image\/webp"}],"twitter_card":"summary_large_image","twitter_misc":{"Price":"649,00&nbsp;&euro;","Availability":"In stock"},"schema":{"@context":"https:\/\/schema.org","@graph":[{"@type":"WebPage","@id":"https:\/\/championbaltics.com\/lt\/toode\/titan-6000-elektrine-gerve-24v-su-plieniniu-lynu\/","url":"https:\/\/championbaltics.com\/lt\/toode\/titan-6000-elektrine-gerve-24v-su-plieniniu-lynu\/","name":"Titan 6000 elektrin\u0117 gerv\u0117 24V - su plieniniu lynu - Champion Baltics","isPartOf":{"@id":"https:\/\/championbaltics.com\/lt\/#website"},"primaryImageOfPage":{"@id":"https:\/\/championbaltics.com\/lt\/toode\/titan-6000-elektrine-gerve-24v-su-plieniniu-lynu\/#primaryimage"},"image":{"@id":"https:\/\/championbaltics.com\/lt\/toode\/titan-6000-elektrine-gerve-24v-su-plieniniu-lynu\/#primaryimage"},"thumbnailUrl":"https:\/\/championbaltics.com\/wp-content\/uploads\/2025\/11\/WW_Titan-60TTSU_EU_Front-view-scaled.webp","datePublished":"2025-11-04T14:04:41+00:00","description":"Warrior Titan 6000 elektrin\u0117 gerv\u0117 24V su patvariu plieniniu lynu \u2013 IP67 klas\u0117s, pilno metalo korpusas, 3 pakop\u0173 pavar\u0173 d\u0117\u017e\u0117, pa\u017eangi stabd\u017ei\u0173 sistema ir belaidis nuotolinio valdymo pultas. Skirta naudoti su ATV, UTV ir priekabomis. \u012etraukta 5 met\u0173 garantija.","breadcrumb":{"@id":"https:\/\/championbaltics.com\/lt\/toode\/titan-6000-elektrine-gerve-24v-su-plieniniu-lynu\/#breadcrumb"},"inLanguage":"lt-LT","potentialAction":[{"@type":"ReadAction","target":["https:\/\/championbaltics.com\/lt\/toode\/titan-6000-elektrine-gerve-24v-su-plieniniu-lynu\/"]}]},{"@type":"ImageObject","inLanguage":"lt-LT","@id":"https:\/\/championbaltics.com\/lt\/toode\/titan-6000-elektrine-gerve-24v-su-plieniniu-lynu\/#primaryimage","url":"https:\/\/championbaltics.com\/wp-content\/uploads\/2025\/11\/WW_Titan-60TTSU_EU_Front-view-scaled.webp","contentUrl":"https:\/\/championbaltics.com\/wp-content\/uploads\/2025\/11\/WW_Titan-60TTSU_EU_Front-view-scaled.webp","width":1920,"height":1920,"caption":"gerv\u0117s priekinis vaizdas"},{"@type":"BreadcrumbList","@id":"https:\/\/championbaltics.com\/lt\/toode\/titan-6000-elektrine-gerve-24v-su-plieniniu-lynu\/#breadcrumb","itemListElement":[{"@type":"ListItem","position":1,"name":"Home","item":"https:\/\/championbaltics.com\/lt\/"},{"@type":"ListItem","position":2,"name":"Parduotuv\u0117","item":"https:\/\/championbaltics.com\/lt\/parduotuve\/"},{"@type":"ListItem","position":3,"name":"Titan 6000 elektrin\u0117 gerv\u0117 24V &#8211; su plieniniu lynu"}]},{"@type":"WebSite","@id":"https:\/\/championbaltics.com\/lt\/#website","url":"https:\/\/championbaltics.com\/lt\/","name":"Champion Baltics","description":"Power equipments","publisher":{"@id":"https:\/\/championbaltics.com\/lt\/#organization"},"alternateName":"Champion Power Equipment","potentialAction":[{"@type":"SearchAction","target":{"@type":"EntryPoint","urlTemplate":"https:\/\/championbaltics.com\/lt\/?s={search_term_string}"},"query-input":{"@type":"PropertyValueSpecification","valueRequired":true,"valueName":"search_term_string"}}],"inLanguage":"lt-LT"},{"@type":["Organization","Place"],"@id":"https:\/\/championbaltics.com\/lt\/#organization","name":"Champion Baltics","alternateName":"Champion Power Equipment","url":"https:\/\/championbaltics.com\/lt\/","logo":{"@id":"https:\/\/championbaltics.com\/lt\/toode\/titan-6000-elektrine-gerve-24v-su-plieniniu-lynu\/#local-main-organization-logo"},"image":{"@id":"https:\/\/championbaltics.com\/lt\/toode\/titan-6000-elektrine-gerve-24v-su-plieniniu-lynu\/#local-main-organization-logo"},"sameAs":["https:\/\/facebook.com\/championbaltics"],"description":"Champion power equipment representer of State of Baltics","legalName":"T.O Engineering LLC","foundingDate":"2015-01-07","numberOfEmployees":{"@type":"QuantitativeValue","minValue":"1","maxValue":"10"},"hasMerchantReturnPolicy":{"@type":"MerchantReturnPolicy","merchantReturnLink":"https:\/\/championbaltics.com\/refund_returns\/"},"address":{"@id":"https:\/\/championbaltics.com\/lt\/toode\/titan-6000-elektrine-gerve-24v-su-plieniniu-lynu\/#local-main-place-address"},"telephone":[],"contactPoint":{"@type":"ContactPoint","telephone":"+3725204833","email":"info@championbaltics.com"},"openingHoursSpecification":[{"@type":"OpeningHoursSpecification","dayOfWeek":["Monday","Tuesday","Wednesday","Thursday","Friday","Saturday","Sunday"],"opens":"09:00","closes":"17:00"}],"email":"info@championbaltics.com","vatID":"EE102032772"},{"@type":"PostalAddress","@id":"https:\/\/championbaltics.com\/lt\/toode\/titan-6000-elektrine-gerve-24v-su-plieniniu-lynu\/#local-main-place-address","streetAddress":"P\u00e4rnu mnt 144","addressLocality":"Tallinn","postalCode":"11317","addressRegion":"Harju","addressCountry":"EE"},{"@type":"ImageObject","inLanguage":"lt-LT","@id":"https:\/\/championbaltics.com\/lt\/toode\/titan-6000-elektrine-gerve-24v-su-plieniniu-lynu\/#local-main-organization-logo","url":"https:\/\/championbaltics.com\/wp-content\/uploads\/2025\/08\/cropped-ChampionBalticsLogo.webp","contentUrl":"https:\/\/championbaltics.com\/wp-content\/uploads\/2025\/08\/cropped-ChampionBalticsLogo.webp","width":512,"height":512,"caption":"Champion Baltics"}]},"product_price_amount":"649.00","product_price_currency":"EUR","og_availability":"instock","product_availability":"instock","product_retailer_item_id":"60TTSU24","product_condition":"new","geo.placename":"Tallinn","geo.region":"Estonia"},"_links":{"self":[{"href":"https:\/\/championbaltics.com\/lt\/wp-json\/wp\/v2\/product\/33412","targetHints":{"allow":["GET"]}}],"collection":[{"href":"https:\/\/championbaltics.com\/lt\/wp-json\/wp\/v2\/product"}],"about":[{"href":"https:\/\/championbaltics.com\/lt\/wp-json\/wp\/v2\/types\/product"}],"replies":[{"embeddable":true,"href":"https:\/\/championbaltics.com\/lt\/wp-json\/wp\/v2\/comments?post=33412"}],"version-history":[{"count":0,"href":"https:\/\/championbaltics.com\/lt\/wp-json\/wp\/v2\/product\/33412\/revisions"}],"wp:featuredmedia":[{"embeddable":true,"href":"https:\/\/championbaltics.com\/lt\/wp-json\/wp\/v2\/media\/33417"}],"wp:attachment":[{"href":"https:\/\/championbaltics.com\/lt\/wp-json\/wp\/v2\/media?parent=33412"}],"wp:term":[{"taxonomy":"product_brand","embeddable":true,"href":"https:\/\/championbaltics.com\/lt\/wp-json\/wp\/v2\/product_brand?post=33412"},{"taxonomy":"product_cat","embeddable":true,"href":"https:\/\/championbaltics.com\/lt\/wp-json\/wp\/v2\/product_cat?post=33412"},{"taxonomy":"product_tag","embeddable":true,"href":"https:\/\/championbaltics.com\/lt\/wp-json\/wp\/v2\/product_tag?post=33412"}],"curies":[{"name":"wp","href":"https:\/\/api.w.org\/{rel}","templated":true}]}}