{"id":33792,"date":"2025-11-03T15:40:32","date_gmt":"2025-11-03T15:40:32","guid":{"rendered":"https:\/\/championbaltics.com\/toode\/samurajus-9500-trumpas-bugno-elektrinis-gerve-12v-su-sintetiniu-lynu\/"},"modified":"2025-11-03T15:40:32","modified_gmt":"2025-11-03T15:40:32","slug":"samurajus-9500-trumpas-bugno-elektrinis-gerve-12v-su-sintetiniu-lynu","status":"publish","type":"product","link":"https:\/\/championbaltics.com\/lt\/toode\/samurajus-9500-trumpas-bugno-elektrinis-gerve-12v-su-sintetiniu-lynu\/","title":{"rendered":"Samurajus 9500 trumpas b\u016bgno elektrinis gerv\u0117 12V \u2013 su sintetiniu lynu"},"content":{"rendered":"<div class=\"elementor-element elementor-element-bff7dea elementor-widget elementor-widget-theme-post-title elementor-page-title elementor-widget-heading\" data-id=\"bff7dea\" data-element_type=\"widget\" data-widget_type=\"theme-post-title.default\">\n<div class=\"elementor-element elementor-element-bff7dea elementor-widget elementor-widget-theme-post-title elementor-page-title elementor-widget-heading\" data-id=\"bff7dea\" data-element_type=\"widget\" data-widget_type=\"theme-post-title.default\">\n<div class=\"elementor-element elementor-element-bff7dea elementor-widget elementor-widget-theme-post-title elementor-page-title elementor-widget-heading\" data-id=\"bff7dea\" data-element_type=\"widget\" data-widget_type=\"theme-post-title.default\">\n<div class=\"elementor-element elementor-element-bff7dea elementor-widget elementor-widget-theme-post-title elementor-page-title elementor-widget-heading\" data-id=\"bff7dea\" data-element_type=\"widget\" data-widget_type=\"theme-post-title.default\">\n<div class=\"elementor-element elementor-element-bff7dea elementor-widget elementor-widget-theme-post-title elementor-page-title elementor-widget-heading\" data-id=\"bff7dea\" data-element_type=\"widget\" data-widget_type=\"theme-post-title.default\">\n<h2 class=\"elementor-heading-title elementor-size-default\"><span dir=\"auto\">Samurajus 9500 trumpas b\u016bgno elektrinis gerv\u0117 12V \u2013 su sintetiniu lynu<\/span><\/h2>\n<\/div>\n<div class=\"elementor-element elementor-element-a536ae3 elementor-widget elementor-widget-jet-listing-dynamic-field\" data-id=\"a536ae3\" data-element_type=\"widget\" data-widget_type=\"jet-listing-dynamic-field.default\">\n<div class=\"jet-listing jet-listing-dynamic-field display-inline\">\n<div class=\"jet-listing-dynamic-field__inline-wrap\">\n<div class=\"jet-listing-dynamic-field__content\">\n<p><span dir=\"auto\">Warrior Winch Samuraj\u0173 serija dabar yra antros kartos ir yra \u012fvairi\u0173 dyd\u017ei\u0173 bei variant\u0173 tiek 12V, tiek 24V. Visuose serijos modeliuose yra revoliucinis i\u0161orinis stabdis, kuris suma\u017eina \u0161ilumos kaupim\u0105si b\u016bgne ir u\u017etikrina, kad jis gali laikyti piln\u0105 apkrov\u0105, kai sustabdytas ir i\u0161trauktas. <\/span><\/p>\n<p><span dir=\"auto\">Samuraj\u0173 serija yra puiki gerv\u0117 4\u00d74, didesn\u0117ms priekaboms ar profesionalioms gelb\u0117jimo operacijoms. Mes apr\u016bpinome serij\u0105, be kita ko, dvigubai u\u017edaru varikliu, galingu 600A solenoidu su sidabru, IP68 klas\u0117s elektronika, ner\u016bdijan\u010dio plieno laikikliais ir vielos vadovu bei plienine planetine pavara. Visos m\u016bs\u0173 gerv\u0117s yra apkrovos ir stabd\u017ei\u0173 testuotos prie\u0161 pakuojant, o su trij\u0173 met\u0173 garantija galite b\u016bti tikri, kad gaunate geriausi\u0105 kokyb\u0119.  <\/span><\/p>\n<p><span dir=\"auto\">Samurajus 9500 trumpas b\u016bgnas yra m\u016bs\u0173 \u012fprasto 9500 modelio versija, ta\u010diau mes sutrumpinome b\u016bgn\u0105, tod\u0117l gerv\u0117 yra \u017eymiai ma\u017eesn\u0117 ir lengvesn\u0117. \u0160is modelis rekomenduojamas naudoti laiv\u0173 ir automobili\u0173 priekabose, kur ma\u017eesn\u0117 Ninja serija n\u0117ra pakankama &#8211; arba kur turite ribot\u0105 viet\u0105 gerv\u0117s montavimui. Viskas, ko reikia gerv\u0117s naudojimui, yra \u012ftraukta \u012f paket\u0105, o 14 metr\u0173 sintetinis lynas yra i\u0161 anksto \u012fdiegtas. \u0160is 12V modelis taip pat turi i\u0161 anksto \u012fdiegt\u0105 belaid\u012f nuotolinio valdymo pult\u0105.   <\/span><\/p>\n<p><span dir=\"auto\">IST500 montavimo plok\u0161t\u0117 yra prieinama kaip priedas.<\/span><\/p>\n<\/div>\n<\/div>\n<\/div>\n<\/div>\n<\/div>\n<\/div>\n<\/div>\n<\/div>\n","protected":false},"excerpt":{"rendered":"<p><span dir=\"auto\">Samurajus 9500 trumpas b\u016bgnas yra m\u016bs\u0173 \u012fprasto 9500 modelio versija, ta\u010diau mes sutrumpinome b\u016bgn\u0105, tod\u0117l gerv\u0117 yra \u017eymiai ma\u017eesn\u0117 ir lengvesn\u0117. \u0160is modelis rekomenduojamas naudoti laiv\u0173 ir automobili\u0173 priekabose, kur ma\u017eesn\u0117 <\/span><\/p>\n<p>Savyb\u0117s:<\/p>\n<p>Atsparus vandeniui 4 kontakt\u0173 jungtis<br \/>\nTvirti \u017ealvariniai kontaktai tiesiogiai sujungti su varikliu<br \/>\nVariklis su sidabro ir vario dalimis<br \/>\nAtsparus \u012fbr\u0117\u017eimams miltelinis da\u017eymas<br \/>\nPapildomas apsauginis korpusas, suteikiantis IP68 klas\u0119<br \/>\nNuimamas stiprus kabliukas \u012ftrauktas<br \/>\nBelaidis 2.4G valdymas 12V modeliuose<br \/>\nAliuminio Hawse Fairlead<br \/>\nHRC50 pavaros i\u0161 tvirto plieno<br \/>\nRevoliucinis i\u0161orinis stabdis, kuris yra visi\u0161kai unikalus<br \/>\nLazeriu graviruotas i\u0161 ekstruzinio aliuminio<br \/>\n600A kontaktas su sidabro danga<\/p>\n","protected":false},"featured_media":32528,"comment_status":"open","ping_status":"closed","template":"","meta":[],"product_brand":[292],"product_cat":[319],"product_tag":[342,325,320,391,358],"class_list":{"0":"post-33792","1":"product","2":"type-product","3":"status-publish","4":"has-post-thumbnail","6":"product_brand-warrior-winches","7":"product_cat-gerves","8":"product_tag-auksciausios-kokybes","9":"product_tag-elektrine-gerve","10":"product_tag-gerve","11":"product_tag-samurajus","12":"product_tag-sintetinis-lynas","14":"first","15":"instock","16":"taxable","17":"shipping-taxable","18":"purchasable","19":"product-type-simple"},"yoast_head":"<!-- This site is optimized with the Yoast SEO Premium plugin v27.5 (Yoast SEO v27.5) - https:\/\/yoast.com\/product\/yoast-seo-premium-wordpress\/ -->\n<title>Samurajus 9500 trumpas b\u016bgno elektrinis gerv\u0117 12V \u2013 su sintetiniu lynu - Champion Baltics<\/title>\n<meta name=\"description\" content=\"Samurajus 9500 trumpas b\u016bgno elektrinis gerv\u0117 12V su sintetiniu lynu \u2013 kompakti\u0161ka 4x4 ir priekab\u0173 gerv\u0117, 14 m lynas, i\u0161orinis stabdis, IP68 elektronika, belaidis nuotolinio valdymo pultas, 3 met\u0173 garantija.\" \/>\n<meta name=\"robots\" content=\"index, follow, max-snippet:-1, max-image-preview:large, max-video-preview:-1\" \/>\n<link rel=\"canonical\" href=\"https:\/\/championbaltics.com\/lt\/toode\/samurajus-9500-trumpas-bugno-elektrinis-gerve-12v-su-sintetiniu-lynu\/\" \/>\n<meta property=\"og:locale\" content=\"lt_LT\" \/>\n<meta property=\"og:type\" content=\"article\" \/>\n<meta property=\"og:title\" content=\"Samurajus 9500 trumpas b\u016bgno elektrinis gerv\u0117 12V \u2013 su sintetiniu lynu\" \/>\n<meta property=\"og:description\" content=\"Samurajus 9500 trumpas b\u016bgno elektrinis gerv\u0117 12V su sintetiniu lynu \u2013 kompakti\u0161ka 4x4 ir priekab\u0173 gerv\u0117, 14 m lynas, i\u0161orinis stabdis, IP68 elektronika, belaidis nuotolinio valdymo pultas, 3 met\u0173 garantija.\" \/>\n<meta property=\"og:url\" content=\"https:\/\/championbaltics.com\/lt\/toode\/samurajus-9500-trumpas-bugno-elektrinis-gerve-12v-su-sintetiniu-lynu\/\" \/>\n<meta property=\"og:site_name\" content=\"Champion Baltics\" \/>\n<meta property=\"article:publisher\" content=\"https:\/\/facebook.com\/championbaltics\" \/>\n<meta property=\"og:image\" content=\"https:\/\/championbaltics.com\/wp-content\/uploads\/2025\/11\/Warrior_Samurai_95DVA12-CAD_winch_high-angle-leftrebranded-scaled.webp\" \/>\n\t<meta property=\"og:image:width\" content=\"1920\" \/>\n\t<meta property=\"og:image:height\" content=\"1920\" \/>\n\t<meta property=\"og:image:type\" content=\"image\/webp\" \/>\n<meta name=\"twitter:card\" content=\"summary_large_image\" \/>\n<meta name=\"twitter:label1\" content=\"Price\" \/>\n\t<meta name=\"twitter:data1\" content=\"829,00&nbsp;&euro;\" \/>\n\t<meta name=\"twitter:label2\" content=\"Availability\" \/>\n\t<meta name=\"twitter:data2\" content=\"In stock\" \/>\n<script type=\"application\/ld+json\" class=\"yoast-schema-graph\">{\"@context\":\"https:\\\/\\\/schema.org\",\"@graph\":[{\"@type\":\"WebPage\",\"@id\":\"https:\\\/\\\/championbaltics.com\\\/lt\\\/toode\\\/samurajus-9500-trumpas-bugno-elektrinis-gerve-12v-su-sintetiniu-lynu\\\/\",\"url\":\"https:\\\/\\\/championbaltics.com\\\/lt\\\/toode\\\/samurajus-9500-trumpas-bugno-elektrinis-gerve-12v-su-sintetiniu-lynu\\\/\",\"name\":\"Samurajus 9500 trumpas b\u016bgno elektrinis gerv\u0117 12V \u2013 su sintetiniu lynu - Champion Baltics\",\"isPartOf\":{\"@id\":\"https:\\\/\\\/championbaltics.com\\\/lt\\\/#website\"},\"primaryImageOfPage\":{\"@id\":\"https:\\\/\\\/championbaltics.com\\\/lt\\\/toode\\\/samurajus-9500-trumpas-bugno-elektrinis-gerve-12v-su-sintetiniu-lynu\\\/#primaryimage\"},\"image\":{\"@id\":\"https:\\\/\\\/championbaltics.com\\\/lt\\\/toode\\\/samurajus-9500-trumpas-bugno-elektrinis-gerve-12v-su-sintetiniu-lynu\\\/#primaryimage\"},\"thumbnailUrl\":\"https:\\\/\\\/championbaltics.com\\\/wp-content\\\/uploads\\\/2025\\\/11\\\/Warrior_Samurai_95DVA12-CAD_winch_high-angle-leftrebranded-scaled.webp\",\"datePublished\":\"2025-11-03T15:40:32+00:00\",\"description\":\"Samurajus 9500 trumpas b\u016bgno elektrinis gerv\u0117 12V su sintetiniu lynu \u2013 kompakti\u0161ka 4x4 ir priekab\u0173 gerv\u0117, 14 m lynas, i\u0161orinis stabdis, IP68 elektronika, belaidis nuotolinio valdymo pultas, 3 met\u0173 garantija.\",\"breadcrumb\":{\"@id\":\"https:\\\/\\\/championbaltics.com\\\/lt\\\/toode\\\/samurajus-9500-trumpas-bugno-elektrinis-gerve-12v-su-sintetiniu-lynu\\\/#breadcrumb\"},\"inLanguage\":\"lt-LT\",\"potentialAction\":[{\"@type\":\"ReadAction\",\"target\":[\"https:\\\/\\\/championbaltics.com\\\/lt\\\/toode\\\/samurajus-9500-trumpas-bugno-elektrinis-gerve-12v-su-sintetiniu-lynu\\\/\"]}]},{\"@type\":\"ImageObject\",\"inLanguage\":\"lt-LT\",\"@id\":\"https:\\\/\\\/championbaltics.com\\\/lt\\\/toode\\\/samurajus-9500-trumpas-bugno-elektrinis-gerve-12v-su-sintetiniu-lynu\\\/#primaryimage\",\"url\":\"https:\\\/\\\/championbaltics.com\\\/wp-content\\\/uploads\\\/2025\\\/11\\\/Warrior_Samurai_95DVA12-CAD_winch_high-angle-leftrebranded-scaled.webp\",\"contentUrl\":\"https:\\\/\\\/championbaltics.com\\\/wp-content\\\/uploads\\\/2025\\\/11\\\/Warrior_Samurai_95DVA12-CAD_winch_high-angle-leftrebranded-scaled.webp\",\"width\":1920,\"height\":1920},{\"@type\":\"BreadcrumbList\",\"@id\":\"https:\\\/\\\/championbaltics.com\\\/lt\\\/toode\\\/samurajus-9500-trumpas-bugno-elektrinis-gerve-12v-su-sintetiniu-lynu\\\/#breadcrumb\",\"itemListElement\":[{\"@type\":\"ListItem\",\"position\":1,\"name\":\"Home\",\"item\":\"https:\\\/\\\/championbaltics.com\\\/lt\\\/\"},{\"@type\":\"ListItem\",\"position\":2,\"name\":\"Parduotuv\u0117\",\"item\":\"https:\\\/\\\/championbaltics.com\\\/lt\\\/parduotuve\\\/\"},{\"@type\":\"ListItem\",\"position\":3,\"name\":\"Samurajus 9500 trumpas b\u016bgno elektrinis gerv\u0117 12V \u2013 su sintetiniu lynu\"}]},{\"@type\":\"WebSite\",\"@id\":\"https:\\\/\\\/championbaltics.com\\\/lt\\\/#website\",\"url\":\"https:\\\/\\\/championbaltics.com\\\/lt\\\/\",\"name\":\"Champion Baltics\",\"description\":\"Power equipments\",\"publisher\":{\"@id\":\"https:\\\/\\\/championbaltics.com\\\/lt\\\/#organization\"},\"alternateName\":\"Champion Power Equipment\",\"potentialAction\":[{\"@type\":\"SearchAction\",\"target\":{\"@type\":\"EntryPoint\",\"urlTemplate\":\"https:\\\/\\\/championbaltics.com\\\/lt\\\/?s={search_term_string}\"},\"query-input\":{\"@type\":\"PropertyValueSpecification\",\"valueRequired\":true,\"valueName\":\"search_term_string\"}}],\"inLanguage\":\"lt-LT\"},{\"@type\":[\"Organization\",\"Place\"],\"@id\":\"https:\\\/\\\/championbaltics.com\\\/lt\\\/#organization\",\"name\":\"Champion Baltics\",\"alternateName\":\"Champion Power Equipment\",\"url\":\"https:\\\/\\\/championbaltics.com\\\/lt\\\/\",\"logo\":{\"@id\":\"https:\\\/\\\/championbaltics.com\\\/lt\\\/toode\\\/samurajus-9500-trumpas-bugno-elektrinis-gerve-12v-su-sintetiniu-lynu\\\/#local-main-organization-logo\"},\"image\":{\"@id\":\"https:\\\/\\\/championbaltics.com\\\/lt\\\/toode\\\/samurajus-9500-trumpas-bugno-elektrinis-gerve-12v-su-sintetiniu-lynu\\\/#local-main-organization-logo\"},\"sameAs\":[\"https:\\\/\\\/facebook.com\\\/championbaltics\"],\"description\":\"Champion power equipment representer of State of Baltics\",\"legalName\":\"T.O Engineering LLC\",\"foundingDate\":\"2015-01-07\",\"numberOfEmployees\":{\"@type\":\"QuantitativeValue\",\"minValue\":\"1\",\"maxValue\":\"10\"},\"hasMerchantReturnPolicy\":{\"@type\":\"MerchantReturnPolicy\",\"merchantReturnLink\":\"https:\\\/\\\/championbaltics.com\\\/refund_returns\\\/\"},\"address\":{\"@id\":\"https:\\\/\\\/championbaltics.com\\\/lt\\\/toode\\\/samurajus-9500-trumpas-bugno-elektrinis-gerve-12v-su-sintetiniu-lynu\\\/#local-main-place-address\"},\"telephone\":[],\"contactPoint\":{\"@type\":\"ContactPoint\",\"telephone\":\"+3725204833\",\"email\":\"info@championbaltics.com\"},\"openingHoursSpecification\":[{\"@type\":\"OpeningHoursSpecification\",\"dayOfWeek\":[\"Monday\",\"Tuesday\",\"Wednesday\",\"Thursday\",\"Friday\",\"Saturday\",\"Sunday\"],\"opens\":\"09:00\",\"closes\":\"17:00\"}],\"email\":\"info@championbaltics.com\",\"vatID\":\"EE102032772\"},{\"@type\":\"PostalAddress\",\"@id\":\"https:\\\/\\\/championbaltics.com\\\/lt\\\/toode\\\/samurajus-9500-trumpas-bugno-elektrinis-gerve-12v-su-sintetiniu-lynu\\\/#local-main-place-address\",\"streetAddress\":\"P\u00e4rnu mnt 144\",\"addressLocality\":\"Tallinn\",\"postalCode\":\"11317\",\"addressRegion\":\"Harju\",\"addressCountry\":\"EE\"},{\"@type\":\"ImageObject\",\"inLanguage\":\"lt-LT\",\"@id\":\"https:\\\/\\\/championbaltics.com\\\/lt\\\/toode\\\/samurajus-9500-trumpas-bugno-elektrinis-gerve-12v-su-sintetiniu-lynu\\\/#local-main-organization-logo\",\"url\":\"https:\\\/\\\/championbaltics.com\\\/wp-content\\\/uploads\\\/2025\\\/08\\\/cropped-ChampionBalticsLogo.webp\",\"contentUrl\":\"https:\\\/\\\/championbaltics.com\\\/wp-content\\\/uploads\\\/2025\\\/08\\\/cropped-ChampionBalticsLogo.webp\",\"width\":512,\"height\":512,\"caption\":\"Champion Baltics\"}]}<\/script>\n<meta property=\"product:brand\" content=\"Warrior Winches\" \/>\n<meta property=\"product:price:amount\" content=\"829.00\" \/>\n<meta property=\"product:price:currency\" content=\"EUR\" \/>\n<meta property=\"og:availability\" content=\"instock\" \/>\n<meta property=\"product:availability\" content=\"instock\" \/>\n<meta property=\"product:retailer_item_id\" content=\"95DVA12\" \/>\n<meta property=\"product:condition\" content=\"new\" \/>\n<meta name=\"geo.placename\" content=\"Tallinn\" \/>\n<meta name=\"geo.region\" content=\"Estonia\" \/>\n<!-- \/ Yoast SEO Premium plugin. -->","yoast_head_json":{"title":"Samurajus 9500 trumpas b\u016bgno elektrinis gerv\u0117 12V \u2013 su sintetiniu lynu - Champion Baltics","description":"Samurajus 9500 trumpas b\u016bgno elektrinis gerv\u0117 12V su sintetiniu lynu \u2013 kompakti\u0161ka 4x4 ir priekab\u0173 gerv\u0117, 14 m lynas, i\u0161orinis stabdis, IP68 elektronika, belaidis nuotolinio valdymo pultas, 3 met\u0173 garantija.","robots":{"index":"index","follow":"follow","max-snippet":"max-snippet:-1","max-image-preview":"max-image-preview:large","max-video-preview":"max-video-preview:-1"},"canonical":"https:\/\/championbaltics.com\/lt\/toode\/samurajus-9500-trumpas-bugno-elektrinis-gerve-12v-su-sintetiniu-lynu\/","og_locale":"lt_LT","og_type":"article","og_title":"Samurajus 9500 trumpas b\u016bgno elektrinis gerv\u0117 12V \u2013 su sintetiniu lynu","og_description":"Samurajus 9500 trumpas b\u016bgno elektrinis gerv\u0117 12V su sintetiniu lynu \u2013 kompakti\u0161ka 4x4 ir priekab\u0173 gerv\u0117, 14 m lynas, i\u0161orinis stabdis, IP68 elektronika, belaidis nuotolinio valdymo pultas, 3 met\u0173 garantija.","og_url":"https:\/\/championbaltics.com\/lt\/toode\/samurajus-9500-trumpas-bugno-elektrinis-gerve-12v-su-sintetiniu-lynu\/","og_site_name":"Champion Baltics","article_publisher":"https:\/\/facebook.com\/championbaltics","og_image":[{"width":1920,"height":1920,"url":"https:\/\/championbaltics.com\/wp-content\/uploads\/2025\/11\/Warrior_Samurai_95DVA12-CAD_winch_high-angle-leftrebranded-scaled.webp","type":"image\/webp"}],"twitter_card":"summary_large_image","twitter_misc":{"Price":"829,00&nbsp;&euro;","Availability":"In stock"},"schema":{"@context":"https:\/\/schema.org","@graph":[{"@type":"WebPage","@id":"https:\/\/championbaltics.com\/lt\/toode\/samurajus-9500-trumpas-bugno-elektrinis-gerve-12v-su-sintetiniu-lynu\/","url":"https:\/\/championbaltics.com\/lt\/toode\/samurajus-9500-trumpas-bugno-elektrinis-gerve-12v-su-sintetiniu-lynu\/","name":"Samurajus 9500 trumpas b\u016bgno elektrinis gerv\u0117 12V \u2013 su sintetiniu lynu - Champion Baltics","isPartOf":{"@id":"https:\/\/championbaltics.com\/lt\/#website"},"primaryImageOfPage":{"@id":"https:\/\/championbaltics.com\/lt\/toode\/samurajus-9500-trumpas-bugno-elektrinis-gerve-12v-su-sintetiniu-lynu\/#primaryimage"},"image":{"@id":"https:\/\/championbaltics.com\/lt\/toode\/samurajus-9500-trumpas-bugno-elektrinis-gerve-12v-su-sintetiniu-lynu\/#primaryimage"},"thumbnailUrl":"https:\/\/championbaltics.com\/wp-content\/uploads\/2025\/11\/Warrior_Samurai_95DVA12-CAD_winch_high-angle-leftrebranded-scaled.webp","datePublished":"2025-11-03T15:40:32+00:00","description":"Samurajus 9500 trumpas b\u016bgno elektrinis gerv\u0117 12V su sintetiniu lynu \u2013 kompakti\u0161ka 4x4 ir priekab\u0173 gerv\u0117, 14 m lynas, i\u0161orinis stabdis, IP68 elektronika, belaidis nuotolinio valdymo pultas, 3 met\u0173 garantija.","breadcrumb":{"@id":"https:\/\/championbaltics.com\/lt\/toode\/samurajus-9500-trumpas-bugno-elektrinis-gerve-12v-su-sintetiniu-lynu\/#breadcrumb"},"inLanguage":"lt-LT","potentialAction":[{"@type":"ReadAction","target":["https:\/\/championbaltics.com\/lt\/toode\/samurajus-9500-trumpas-bugno-elektrinis-gerve-12v-su-sintetiniu-lynu\/"]}]},{"@type":"ImageObject","inLanguage":"lt-LT","@id":"https:\/\/championbaltics.com\/lt\/toode\/samurajus-9500-trumpas-bugno-elektrinis-gerve-12v-su-sintetiniu-lynu\/#primaryimage","url":"https:\/\/championbaltics.com\/wp-content\/uploads\/2025\/11\/Warrior_Samurai_95DVA12-CAD_winch_high-angle-leftrebranded-scaled.webp","contentUrl":"https:\/\/championbaltics.com\/wp-content\/uploads\/2025\/11\/Warrior_Samurai_95DVA12-CAD_winch_high-angle-leftrebranded-scaled.webp","width":1920,"height":1920},{"@type":"BreadcrumbList","@id":"https:\/\/championbaltics.com\/lt\/toode\/samurajus-9500-trumpas-bugno-elektrinis-gerve-12v-su-sintetiniu-lynu\/#breadcrumb","itemListElement":[{"@type":"ListItem","position":1,"name":"Home","item":"https:\/\/championbaltics.com\/lt\/"},{"@type":"ListItem","position":2,"name":"Parduotuv\u0117","item":"https:\/\/championbaltics.com\/lt\/parduotuve\/"},{"@type":"ListItem","position":3,"name":"Samurajus 9500 trumpas b\u016bgno elektrinis gerv\u0117 12V \u2013 su sintetiniu lynu"}]},{"@type":"WebSite","@id":"https:\/\/championbaltics.com\/lt\/#website","url":"https:\/\/championbaltics.com\/lt\/","name":"Champion Baltics","description":"Power equipments","publisher":{"@id":"https:\/\/championbaltics.com\/lt\/#organization"},"alternateName":"Champion Power Equipment","potentialAction":[{"@type":"SearchAction","target":{"@type":"EntryPoint","urlTemplate":"https:\/\/championbaltics.com\/lt\/?s={search_term_string}"},"query-input":{"@type":"PropertyValueSpecification","valueRequired":true,"valueName":"search_term_string"}}],"inLanguage":"lt-LT"},{"@type":["Organization","Place"],"@id":"https:\/\/championbaltics.com\/lt\/#organization","name":"Champion Baltics","alternateName":"Champion Power Equipment","url":"https:\/\/championbaltics.com\/lt\/","logo":{"@id":"https:\/\/championbaltics.com\/lt\/toode\/samurajus-9500-trumpas-bugno-elektrinis-gerve-12v-su-sintetiniu-lynu\/#local-main-organization-logo"},"image":{"@id":"https:\/\/championbaltics.com\/lt\/toode\/samurajus-9500-trumpas-bugno-elektrinis-gerve-12v-su-sintetiniu-lynu\/#local-main-organization-logo"},"sameAs":["https:\/\/facebook.com\/championbaltics"],"description":"Champion power equipment representer of State of Baltics","legalName":"T.O Engineering LLC","foundingDate":"2015-01-07","numberOfEmployees":{"@type":"QuantitativeValue","minValue":"1","maxValue":"10"},"hasMerchantReturnPolicy":{"@type":"MerchantReturnPolicy","merchantReturnLink":"https:\/\/championbaltics.com\/refund_returns\/"},"address":{"@id":"https:\/\/championbaltics.com\/lt\/toode\/samurajus-9500-trumpas-bugno-elektrinis-gerve-12v-su-sintetiniu-lynu\/#local-main-place-address"},"telephone":[],"contactPoint":{"@type":"ContactPoint","telephone":"+3725204833","email":"info@championbaltics.com"},"openingHoursSpecification":[{"@type":"OpeningHoursSpecification","dayOfWeek":["Monday","Tuesday","Wednesday","Thursday","Friday","Saturday","Sunday"],"opens":"09:00","closes":"17:00"}],"email":"info@championbaltics.com","vatID":"EE102032772"},{"@type":"PostalAddress","@id":"https:\/\/championbaltics.com\/lt\/toode\/samurajus-9500-trumpas-bugno-elektrinis-gerve-12v-su-sintetiniu-lynu\/#local-main-place-address","streetAddress":"P\u00e4rnu mnt 144","addressLocality":"Tallinn","postalCode":"11317","addressRegion":"Harju","addressCountry":"EE"},{"@type":"ImageObject","inLanguage":"lt-LT","@id":"https:\/\/championbaltics.com\/lt\/toode\/samurajus-9500-trumpas-bugno-elektrinis-gerve-12v-su-sintetiniu-lynu\/#local-main-organization-logo","url":"https:\/\/championbaltics.com\/wp-content\/uploads\/2025\/08\/cropped-ChampionBalticsLogo.webp","contentUrl":"https:\/\/championbaltics.com\/wp-content\/uploads\/2025\/08\/cropped-ChampionBalticsLogo.webp","width":512,"height":512,"caption":"Champion Baltics"}]},"product_brand":"Warrior Winches","product_price_amount":"829.00","product_price_currency":"EUR","og_availability":"instock","product_availability":"instock","product_retailer_item_id":"95DVA12","product_condition":"new","geo.placename":"Tallinn","geo.region":"Estonia"},"_links":{"self":[{"href":"https:\/\/championbaltics.com\/lt\/wp-json\/wp\/v2\/product\/33792","targetHints":{"allow":["GET"]}}],"collection":[{"href":"https:\/\/championbaltics.com\/lt\/wp-json\/wp\/v2\/product"}],"about":[{"href":"https:\/\/championbaltics.com\/lt\/wp-json\/wp\/v2\/types\/product"}],"replies":[{"embeddable":true,"href":"https:\/\/championbaltics.com\/lt\/wp-json\/wp\/v2\/comments?post=33792"}],"version-history":[{"count":0,"href":"https:\/\/championbaltics.com\/lt\/wp-json\/wp\/v2\/product\/33792\/revisions"}],"wp:featuredmedia":[{"embeddable":true,"href":"https:\/\/championbaltics.com\/lt\/wp-json\/wp\/v2\/media\/32528"}],"wp:attachment":[{"href":"https:\/\/championbaltics.com\/lt\/wp-json\/wp\/v2\/media?parent=33792"}],"wp:term":[{"taxonomy":"product_brand","embeddable":true,"href":"https:\/\/championbaltics.com\/lt\/wp-json\/wp\/v2\/product_brand?post=33792"},{"taxonomy":"product_cat","embeddable":true,"href":"https:\/\/championbaltics.com\/lt\/wp-json\/wp\/v2\/product_cat?post=33792"},{"taxonomy":"product_tag","embeddable":true,"href":"https:\/\/championbaltics.com\/lt\/wp-json\/wp\/v2\/product_tag?post=33792"}],"curies":[{"name":"wp","href":"https:\/\/api.w.org\/{rel}","templated":true}]}}