{"id":34245,"date":"2025-11-03T10:54:29","date_gmt":"2025-11-03T10:54:29","guid":{"rendered":"https:\/\/championbaltics.com\/toode\/ninja-4500-elektrine-gerve-12-v-su-sintetiniu-lynu\/"},"modified":"2025-11-03T10:54:29","modified_gmt":"2025-11-03T10:54:29","slug":"ninja-4500-elektrine-gerve-12-v-su-sintetiniu-lynu","status":"publish","type":"product","link":"https:\/\/championbaltics.com\/lt\/toode\/ninja-4500-elektrine-gerve-12-v-su-sintetiniu-lynu\/","title":{"rendered":"Ninja 4500 elektrin\u0117 gerv\u0117 12 V \u2013 su sintetiniu lynu"},"content":{"rendered":"<h3>Ninja 4500 Electric Winch 12V \u2013 With Synthetic Rope<\/h3>\n<p>\u201eWarrior Winches\u201c \u201eNinja\u201c serijos gerv\u0117 \u2013 tai neprilygstama universali gerv\u0117. Tai tobula gerv\u0117 keturra\u010diams\/UTV, priekaboms ir smulkioms reikm\u0117ms.  \u201eNinja\u201c modeliai pasi\u017eymi unikalia atleidimo funkcija, leid\u017eian\u010dia lyn\u0105 i\u0161traukti grei\u010diau nei \u012fprastai, ir yra tiek su plieniniu, tiek su sintetiniu lynu. \u012emontuotas stabdys, galintis i\u0161laikyti vis\u0105 svor\u012f, kartu su trij\u0173 pakop\u0173 planetine pavara daro \u0161i\u0105 gerv\u0119 patikima dalimi bet kokiam naudojimui. 4500 svar\u0173 dydis rei\u0161kia 2041 kg traukos j\u0117g\u0105.  <\/p>\n<p>Pakuot\u0117je yra viskas, ko reikia, kad gerv\u0117 b\u016bt\u0173 galima nedelsiant paleisti ir naudoti: nuotolinio valdymo pultas su 3,8 m ilgio kabeliu, kablys, kabeliai, tvirtinimo plok\u0161t\u0117, skriemulys ir kabelio kreiptuvas. \u201eNinja\u201c yra IP54 apsaugos klas\u0117s. <\/p>\n<p>\u0160is modelis SPA tiekiamas su sintetine virve.<\/p>\n<p>Kaip papildoma \u012franga galima \u012fsigyti nuotolinio valdymo pult\u0105 keturra\u010dio vairui ir (arba) kelis belaid\u017eius nuotolinio valdymo pultus.<\/p>\n","protected":false},"excerpt":{"rendered":"<p>\u201eWarrior Winches\u201c \u201eNinja\u201c serijos gerv\u0117 \u2013 tai neprilygstama universali gerv\u0117. Tai tobula gerv\u0117 keturra\u010diams\/UTV, priekaboms ir smulkioms reikm\u0117ms. <\/p>\n<h3>Savyb\u0117s:<\/h3>\n<ul>\n<li>Apsaugotas didelio na\u0161umo variklis<\/li>\n<li>Stipr\u016bs vandeniui atspar\u016bs kontaktoriai<\/li>\n<li>Plienin\u0117 planetin\u0117 pavara<\/li>\n<li>Reinforced drum for synthetic rope<\/li>\n<li>Vandeniui atspari jungtis nuotolinio valdymo pultui<\/li>\n<li>\u012ebr\u0117\u017eimams atspari miltelin\u0117 danga<\/li>\n<\/ul>\n","protected":false},"featured_media":34236,"comment_status":"open","ping_status":"closed","template":"","meta":[],"product_brand":[],"product_cat":[319],"product_tag":[342,325,320,381,358],"class_list":{"0":"post-34245","1":"product","2":"type-product","3":"status-publish","4":"has-post-thumbnail","6":"product_cat-gerves","7":"product_tag-auksciausios-kokybes","8":"product_tag-elektrine-gerve","9":"product_tag-gerve","10":"product_tag-ninja","11":"product_tag-sintetinis-lynas","13":"first","14":"instock","15":"taxable","16":"shipping-taxable","17":"purchasable","18":"product-type-simple"},"yoast_head":"<!-- This site is optimized with the Yoast SEO Premium plugin v27.5 (Yoast SEO v27.5) - https:\/\/yoast.com\/product\/yoast-seo-premium-wordpress\/ -->\n<title>Ninja 4500 elektrin\u0117 gerv\u0117 12 V \u2013 su sintetiniu lynu - Champion Baltics<\/title>\n<meta name=\"description\" content=\"\u201eNinja 4500\u201c elektrin\u0117 gerv\u0117 12 V su plieniniu lynu \u2013 2041 kg traukos galia, \u012fmontuotas stabdys, 3 pakop\u0173 planetin\u0117 pavara, nuotolinio valdymo pultas, IP54 apsaugos klas\u0117, idealiai tinka ATV\/UTV ir priekaboms\" \/>\n<meta name=\"robots\" content=\"index, follow, max-snippet:-1, max-image-preview:large, max-video-preview:-1\" \/>\n<link rel=\"canonical\" href=\"https:\/\/championbaltics.com\/lt\/toode\/ninja-4500-elektrine-gerve-12-v-su-sintetiniu-lynu\/\" \/>\n<meta property=\"og:locale\" content=\"lt_LT\" \/>\n<meta property=\"og:type\" content=\"article\" \/>\n<meta property=\"og:title\" content=\"Ninja 4500 elektrin\u0117 gerv\u0117 12 V \u2013 su sintetiniu lynu\" \/>\n<meta property=\"og:description\" content=\"\u201eNinja 4500\u201c elektrin\u0117 gerv\u0117 12 V su plieniniu lynu \u2013 2041 kg traukos galia, \u012fmontuotas stabdys, 3 pakop\u0173 planetin\u0117 pavara, nuotolinio valdymo pultas, IP54 apsaugos klas\u0117, idealiai tinka ATV\/UTV ir priekaboms\" \/>\n<meta property=\"og:url\" content=\"https:\/\/championbaltics.com\/lt\/toode\/ninja-4500-elektrine-gerve-12-v-su-sintetiniu-lynu\/\" \/>\n<meta property=\"og:site_name\" content=\"Champion Baltics\" \/>\n<meta property=\"article:publisher\" content=\"https:\/\/facebook.com\/championbaltics\" \/>\n<meta property=\"og:image\" content=\"https:\/\/championbaltics.com\/wp-content\/uploads\/2025\/11\/Ninja_45SPA_winch-frontr-1-scaled.webp\" \/>\n\t<meta property=\"og:image:width\" content=\"1920\" \/>\n\t<meta property=\"og:image:height\" content=\"1920\" \/>\n\t<meta property=\"og:image:type\" content=\"image\/webp\" \/>\n<meta name=\"twitter:card\" content=\"summary_large_image\" \/>\n<meta name=\"twitter:label1\" content=\"Price\" \/>\n\t<meta name=\"twitter:data1\" content=\"369,00&nbsp;&euro;\" \/>\n\t<meta name=\"twitter:label2\" content=\"Availability\" \/>\n\t<meta name=\"twitter:data2\" content=\"In stock\" \/>\n<script type=\"application\/ld+json\" class=\"yoast-schema-graph\">{\"@context\":\"https:\\\/\\\/schema.org\",\"@graph\":[{\"@type\":\"WebPage\",\"@id\":\"https:\\\/\\\/championbaltics.com\\\/lt\\\/toode\\\/ninja-4500-elektrine-gerve-12-v-su-sintetiniu-lynu\\\/\",\"url\":\"https:\\\/\\\/championbaltics.com\\\/lt\\\/toode\\\/ninja-4500-elektrine-gerve-12-v-su-sintetiniu-lynu\\\/\",\"name\":\"Ninja 4500 elektrin\u0117 gerv\u0117 12 V \u2013 su sintetiniu lynu - Champion Baltics\",\"isPartOf\":{\"@id\":\"https:\\\/\\\/championbaltics.com\\\/lt\\\/#website\"},\"primaryImageOfPage\":{\"@id\":\"https:\\\/\\\/championbaltics.com\\\/lt\\\/toode\\\/ninja-4500-elektrine-gerve-12-v-su-sintetiniu-lynu\\\/#primaryimage\"},\"image\":{\"@id\":\"https:\\\/\\\/championbaltics.com\\\/lt\\\/toode\\\/ninja-4500-elektrine-gerve-12-v-su-sintetiniu-lynu\\\/#primaryimage\"},\"thumbnailUrl\":\"https:\\\/\\\/championbaltics.com\\\/wp-content\\\/uploads\\\/2025\\\/11\\\/Ninja_45SPA_winch-frontr-1-scaled.webp\",\"datePublished\":\"2025-11-03T10:54:29+00:00\",\"description\":\"\u201eNinja 4500\u201c elektrin\u0117 gerv\u0117 12 V su plieniniu lynu \u2013 2041 kg traukos galia, \u012fmontuotas stabdys, 3 pakop\u0173 planetin\u0117 pavara, nuotolinio valdymo pultas, IP54 apsaugos klas\u0117, idealiai tinka ATV\\\/UTV ir priekaboms\",\"breadcrumb\":{\"@id\":\"https:\\\/\\\/championbaltics.com\\\/lt\\\/toode\\\/ninja-4500-elektrine-gerve-12-v-su-sintetiniu-lynu\\\/#breadcrumb\"},\"inLanguage\":\"lt-LT\",\"potentialAction\":[{\"@type\":\"ReadAction\",\"target\":[\"https:\\\/\\\/championbaltics.com\\\/lt\\\/toode\\\/ninja-4500-elektrine-gerve-12-v-su-sintetiniu-lynu\\\/\"]}]},{\"@type\":\"ImageObject\",\"inLanguage\":\"lt-LT\",\"@id\":\"https:\\\/\\\/championbaltics.com\\\/lt\\\/toode\\\/ninja-4500-elektrine-gerve-12-v-su-sintetiniu-lynu\\\/#primaryimage\",\"url\":\"https:\\\/\\\/championbaltics.com\\\/wp-content\\\/uploads\\\/2025\\\/11\\\/Ninja_45SPA_winch-frontr-1-scaled.webp\",\"contentUrl\":\"https:\\\/\\\/championbaltics.com\\\/wp-content\\\/uploads\\\/2025\\\/11\\\/Ninja_45SPA_winch-frontr-1-scaled.webp\",\"width\":1920,\"height\":1920,\"caption\":\"gerv\u0117s priekinis vaizdas\"},{\"@type\":\"BreadcrumbList\",\"@id\":\"https:\\\/\\\/championbaltics.com\\\/lt\\\/toode\\\/ninja-4500-elektrine-gerve-12-v-su-sintetiniu-lynu\\\/#breadcrumb\",\"itemListElement\":[{\"@type\":\"ListItem\",\"position\":1,\"name\":\"Home\",\"item\":\"https:\\\/\\\/championbaltics.com\\\/lt\\\/\"},{\"@type\":\"ListItem\",\"position\":2,\"name\":\"Parduotuv\u0117\",\"item\":\"https:\\\/\\\/championbaltics.com\\\/lt\\\/parduotuve\\\/\"},{\"@type\":\"ListItem\",\"position\":3,\"name\":\"Ninja 4500 elektrin\u0117 gerv\u0117 12 V \u2013 su sintetiniu lynu\"}]},{\"@type\":\"WebSite\",\"@id\":\"https:\\\/\\\/championbaltics.com\\\/lt\\\/#website\",\"url\":\"https:\\\/\\\/championbaltics.com\\\/lt\\\/\",\"name\":\"Champion Baltics\",\"description\":\"Power equipments\",\"publisher\":{\"@id\":\"https:\\\/\\\/championbaltics.com\\\/lt\\\/#organization\"},\"alternateName\":\"Champion Power Equipment\",\"potentialAction\":[{\"@type\":\"SearchAction\",\"target\":{\"@type\":\"EntryPoint\",\"urlTemplate\":\"https:\\\/\\\/championbaltics.com\\\/lt\\\/?s={search_term_string}\"},\"query-input\":{\"@type\":\"PropertyValueSpecification\",\"valueRequired\":true,\"valueName\":\"search_term_string\"}}],\"inLanguage\":\"lt-LT\"},{\"@type\":[\"Organization\",\"Place\"],\"@id\":\"https:\\\/\\\/championbaltics.com\\\/lt\\\/#organization\",\"name\":\"Champion Baltics\",\"alternateName\":\"Champion Power Equipment\",\"url\":\"https:\\\/\\\/championbaltics.com\\\/lt\\\/\",\"logo\":{\"@id\":\"https:\\\/\\\/championbaltics.com\\\/lt\\\/toode\\\/ninja-4500-elektrine-gerve-12-v-su-sintetiniu-lynu\\\/#local-main-organization-logo\"},\"image\":{\"@id\":\"https:\\\/\\\/championbaltics.com\\\/lt\\\/toode\\\/ninja-4500-elektrine-gerve-12-v-su-sintetiniu-lynu\\\/#local-main-organization-logo\"},\"sameAs\":[\"https:\\\/\\\/facebook.com\\\/championbaltics\"],\"description\":\"Champion power equipment representer of State of Baltics\",\"legalName\":\"T.O Engineering LLC\",\"foundingDate\":\"2015-01-07\",\"numberOfEmployees\":{\"@type\":\"QuantitativeValue\",\"minValue\":\"1\",\"maxValue\":\"10\"},\"hasMerchantReturnPolicy\":{\"@type\":\"MerchantReturnPolicy\",\"merchantReturnLink\":\"https:\\\/\\\/championbaltics.com\\\/refund_returns\\\/\"},\"address\":{\"@id\":\"https:\\\/\\\/championbaltics.com\\\/lt\\\/toode\\\/ninja-4500-elektrine-gerve-12-v-su-sintetiniu-lynu\\\/#local-main-place-address\"},\"telephone\":[],\"contactPoint\":{\"@type\":\"ContactPoint\",\"telephone\":\"+3725204833\",\"email\":\"info@championbaltics.com\"},\"openingHoursSpecification\":[{\"@type\":\"OpeningHoursSpecification\",\"dayOfWeek\":[\"Monday\",\"Tuesday\",\"Wednesday\",\"Thursday\",\"Friday\",\"Saturday\",\"Sunday\"],\"opens\":\"09:00\",\"closes\":\"17:00\"}],\"email\":\"info@championbaltics.com\",\"vatID\":\"EE102032772\"},{\"@type\":\"PostalAddress\",\"@id\":\"https:\\\/\\\/championbaltics.com\\\/lt\\\/toode\\\/ninja-4500-elektrine-gerve-12-v-su-sintetiniu-lynu\\\/#local-main-place-address\",\"streetAddress\":\"P\u00e4rnu mnt 144\",\"addressLocality\":\"Tallinn\",\"postalCode\":\"11317\",\"addressRegion\":\"Harju\",\"addressCountry\":\"EE\"},{\"@type\":\"ImageObject\",\"inLanguage\":\"lt-LT\",\"@id\":\"https:\\\/\\\/championbaltics.com\\\/lt\\\/toode\\\/ninja-4500-elektrine-gerve-12-v-su-sintetiniu-lynu\\\/#local-main-organization-logo\",\"url\":\"https:\\\/\\\/championbaltics.com\\\/wp-content\\\/uploads\\\/2025\\\/08\\\/cropped-ChampionBalticsLogo.webp\",\"contentUrl\":\"https:\\\/\\\/championbaltics.com\\\/wp-content\\\/uploads\\\/2025\\\/08\\\/cropped-ChampionBalticsLogo.webp\",\"width\":512,\"height\":512,\"caption\":\"Champion Baltics\"}]}<\/script>\n<meta property=\"product:price:amount\" content=\"369.00\" \/>\n<meta property=\"product:price:currency\" content=\"EUR\" \/>\n<meta property=\"og:availability\" content=\"instock\" \/>\n<meta property=\"product:availability\" content=\"instock\" \/>\n<meta property=\"product:retailer_item_id\" content=\"45SPA12\" \/>\n<meta property=\"product:condition\" content=\"new\" \/>\n<meta name=\"geo.placename\" content=\"Tallinn\" \/>\n<meta name=\"geo.region\" content=\"Estonia\" \/>\n<!-- \/ Yoast SEO Premium plugin. -->","yoast_head_json":{"title":"Ninja 4500 elektrin\u0117 gerv\u0117 12 V \u2013 su sintetiniu lynu - Champion Baltics","description":"\u201eNinja 4500\u201c elektrin\u0117 gerv\u0117 12 V su plieniniu lynu \u2013 2041 kg traukos galia, \u012fmontuotas stabdys, 3 pakop\u0173 planetin\u0117 pavara, nuotolinio valdymo pultas, IP54 apsaugos klas\u0117, idealiai tinka ATV\/UTV ir priekaboms","robots":{"index":"index","follow":"follow","max-snippet":"max-snippet:-1","max-image-preview":"max-image-preview:large","max-video-preview":"max-video-preview:-1"},"canonical":"https:\/\/championbaltics.com\/lt\/toode\/ninja-4500-elektrine-gerve-12-v-su-sintetiniu-lynu\/","og_locale":"lt_LT","og_type":"article","og_title":"Ninja 4500 elektrin\u0117 gerv\u0117 12 V \u2013 su sintetiniu lynu","og_description":"\u201eNinja 4500\u201c elektrin\u0117 gerv\u0117 12 V su plieniniu lynu \u2013 2041 kg traukos galia, \u012fmontuotas stabdys, 3 pakop\u0173 planetin\u0117 pavara, nuotolinio valdymo pultas, IP54 apsaugos klas\u0117, idealiai tinka ATV\/UTV ir priekaboms","og_url":"https:\/\/championbaltics.com\/lt\/toode\/ninja-4500-elektrine-gerve-12-v-su-sintetiniu-lynu\/","og_site_name":"Champion Baltics","article_publisher":"https:\/\/facebook.com\/championbaltics","og_image":[{"width":1920,"height":1920,"url":"https:\/\/championbaltics.com\/wp-content\/uploads\/2025\/11\/Ninja_45SPA_winch-frontr-1-scaled.webp","type":"image\/webp"}],"twitter_card":"summary_large_image","twitter_misc":{"Price":"369,00&nbsp;&euro;","Availability":"In stock"},"schema":{"@context":"https:\/\/schema.org","@graph":[{"@type":"WebPage","@id":"https:\/\/championbaltics.com\/lt\/toode\/ninja-4500-elektrine-gerve-12-v-su-sintetiniu-lynu\/","url":"https:\/\/championbaltics.com\/lt\/toode\/ninja-4500-elektrine-gerve-12-v-su-sintetiniu-lynu\/","name":"Ninja 4500 elektrin\u0117 gerv\u0117 12 V \u2013 su sintetiniu lynu - Champion Baltics","isPartOf":{"@id":"https:\/\/championbaltics.com\/lt\/#website"},"primaryImageOfPage":{"@id":"https:\/\/championbaltics.com\/lt\/toode\/ninja-4500-elektrine-gerve-12-v-su-sintetiniu-lynu\/#primaryimage"},"image":{"@id":"https:\/\/championbaltics.com\/lt\/toode\/ninja-4500-elektrine-gerve-12-v-su-sintetiniu-lynu\/#primaryimage"},"thumbnailUrl":"https:\/\/championbaltics.com\/wp-content\/uploads\/2025\/11\/Ninja_45SPA_winch-frontr-1-scaled.webp","datePublished":"2025-11-03T10:54:29+00:00","description":"\u201eNinja 4500\u201c elektrin\u0117 gerv\u0117 12 V su plieniniu lynu \u2013 2041 kg traukos galia, \u012fmontuotas stabdys, 3 pakop\u0173 planetin\u0117 pavara, nuotolinio valdymo pultas, IP54 apsaugos klas\u0117, idealiai tinka ATV\/UTV ir priekaboms","breadcrumb":{"@id":"https:\/\/championbaltics.com\/lt\/toode\/ninja-4500-elektrine-gerve-12-v-su-sintetiniu-lynu\/#breadcrumb"},"inLanguage":"lt-LT","potentialAction":[{"@type":"ReadAction","target":["https:\/\/championbaltics.com\/lt\/toode\/ninja-4500-elektrine-gerve-12-v-su-sintetiniu-lynu\/"]}]},{"@type":"ImageObject","inLanguage":"lt-LT","@id":"https:\/\/championbaltics.com\/lt\/toode\/ninja-4500-elektrine-gerve-12-v-su-sintetiniu-lynu\/#primaryimage","url":"https:\/\/championbaltics.com\/wp-content\/uploads\/2025\/11\/Ninja_45SPA_winch-frontr-1-scaled.webp","contentUrl":"https:\/\/championbaltics.com\/wp-content\/uploads\/2025\/11\/Ninja_45SPA_winch-frontr-1-scaled.webp","width":1920,"height":1920,"caption":"gerv\u0117s priekinis vaizdas"},{"@type":"BreadcrumbList","@id":"https:\/\/championbaltics.com\/lt\/toode\/ninja-4500-elektrine-gerve-12-v-su-sintetiniu-lynu\/#breadcrumb","itemListElement":[{"@type":"ListItem","position":1,"name":"Home","item":"https:\/\/championbaltics.com\/lt\/"},{"@type":"ListItem","position":2,"name":"Parduotuv\u0117","item":"https:\/\/championbaltics.com\/lt\/parduotuve\/"},{"@type":"ListItem","position":3,"name":"Ninja 4500 elektrin\u0117 gerv\u0117 12 V \u2013 su sintetiniu lynu"}]},{"@type":"WebSite","@id":"https:\/\/championbaltics.com\/lt\/#website","url":"https:\/\/championbaltics.com\/lt\/","name":"Champion Baltics","description":"Power equipments","publisher":{"@id":"https:\/\/championbaltics.com\/lt\/#organization"},"alternateName":"Champion Power Equipment","potentialAction":[{"@type":"SearchAction","target":{"@type":"EntryPoint","urlTemplate":"https:\/\/championbaltics.com\/lt\/?s={search_term_string}"},"query-input":{"@type":"PropertyValueSpecification","valueRequired":true,"valueName":"search_term_string"}}],"inLanguage":"lt-LT"},{"@type":["Organization","Place"],"@id":"https:\/\/championbaltics.com\/lt\/#organization","name":"Champion Baltics","alternateName":"Champion Power Equipment","url":"https:\/\/championbaltics.com\/lt\/","logo":{"@id":"https:\/\/championbaltics.com\/lt\/toode\/ninja-4500-elektrine-gerve-12-v-su-sintetiniu-lynu\/#local-main-organization-logo"},"image":{"@id":"https:\/\/championbaltics.com\/lt\/toode\/ninja-4500-elektrine-gerve-12-v-su-sintetiniu-lynu\/#local-main-organization-logo"},"sameAs":["https:\/\/facebook.com\/championbaltics"],"description":"Champion power equipment representer of State of Baltics","legalName":"T.O Engineering LLC","foundingDate":"2015-01-07","numberOfEmployees":{"@type":"QuantitativeValue","minValue":"1","maxValue":"10"},"hasMerchantReturnPolicy":{"@type":"MerchantReturnPolicy","merchantReturnLink":"https:\/\/championbaltics.com\/refund_returns\/"},"address":{"@id":"https:\/\/championbaltics.com\/lt\/toode\/ninja-4500-elektrine-gerve-12-v-su-sintetiniu-lynu\/#local-main-place-address"},"telephone":[],"contactPoint":{"@type":"ContactPoint","telephone":"+3725204833","email":"info@championbaltics.com"},"openingHoursSpecification":[{"@type":"OpeningHoursSpecification","dayOfWeek":["Monday","Tuesday","Wednesday","Thursday","Friday","Saturday","Sunday"],"opens":"09:00","closes":"17:00"}],"email":"info@championbaltics.com","vatID":"EE102032772"},{"@type":"PostalAddress","@id":"https:\/\/championbaltics.com\/lt\/toode\/ninja-4500-elektrine-gerve-12-v-su-sintetiniu-lynu\/#local-main-place-address","streetAddress":"P\u00e4rnu mnt 144","addressLocality":"Tallinn","postalCode":"11317","addressRegion":"Harju","addressCountry":"EE"},{"@type":"ImageObject","inLanguage":"lt-LT","@id":"https:\/\/championbaltics.com\/lt\/toode\/ninja-4500-elektrine-gerve-12-v-su-sintetiniu-lynu\/#local-main-organization-logo","url":"https:\/\/championbaltics.com\/wp-content\/uploads\/2025\/08\/cropped-ChampionBalticsLogo.webp","contentUrl":"https:\/\/championbaltics.com\/wp-content\/uploads\/2025\/08\/cropped-ChampionBalticsLogo.webp","width":512,"height":512,"caption":"Champion Baltics"}]},"product_price_amount":"369.00","product_price_currency":"EUR","og_availability":"instock","product_availability":"instock","product_retailer_item_id":"45SPA12","product_condition":"new","geo.placename":"Tallinn","geo.region":"Estonia"},"_links":{"self":[{"href":"https:\/\/championbaltics.com\/lt\/wp-json\/wp\/v2\/product\/34245","targetHints":{"allow":["GET"]}}],"collection":[{"href":"https:\/\/championbaltics.com\/lt\/wp-json\/wp\/v2\/product"}],"about":[{"href":"https:\/\/championbaltics.com\/lt\/wp-json\/wp\/v2\/types\/product"}],"replies":[{"embeddable":true,"href":"https:\/\/championbaltics.com\/lt\/wp-json\/wp\/v2\/comments?post=34245"}],"version-history":[{"count":0,"href":"https:\/\/championbaltics.com\/lt\/wp-json\/wp\/v2\/product\/34245\/revisions"}],"wp:featuredmedia":[{"embeddable":true,"href":"https:\/\/championbaltics.com\/lt\/wp-json\/wp\/v2\/media\/34236"}],"wp:attachment":[{"href":"https:\/\/championbaltics.com\/lt\/wp-json\/wp\/v2\/media?parent=34245"}],"wp:term":[{"taxonomy":"product_brand","embeddable":true,"href":"https:\/\/championbaltics.com\/lt\/wp-json\/wp\/v2\/product_brand?post=34245"},{"taxonomy":"product_cat","embeddable":true,"href":"https:\/\/championbaltics.com\/lt\/wp-json\/wp\/v2\/product_cat?post=34245"},{"taxonomy":"product_tag","embeddable":true,"href":"https:\/\/championbaltics.com\/lt\/wp-json\/wp\/v2\/product_tag?post=34245"}],"curies":[{"name":"wp","href":"https:\/\/api.w.org\/{rel}","templated":true}]}}