{"id":30540,"date":"2025-08-26T09:54:38","date_gmt":"2025-08-26T09:54:38","guid":{"rendered":"https:\/\/championbaltics.com\/toode\/champion-7500-vatu-invertora-benzina-generators\/"},"modified":"2025-09-18T07:10:44","modified_gmt":"2025-09-18T07:10:44","slug":"champion-7500-vatu-invertora-benzina-generators","status":"publish","type":"product","link":"https:\/\/championbaltics.com\/lv\/toode\/champion-7500-vatu-invertora-benzina-generators\/","title":{"rendered":"Champion 7500 vatu invertora benz\u012bna \u0123enerators"},"content":{"rendered":"<h3>Champion jaudas apr\u012bkojums 7500 vatu invertora \u0123enerators<\/h3>\n<p>Izbaudiet maksim\u0101lu jaudu un mieru ar Champion Power Equipment 7500 vatu invertora \u0123eneratoru ar CO Shield\u00ae. Tas ir veidots klus\u0101kai darb\u012bbai, padarot to par ide\u0101lu sabiedroto p\u0101rtikas stendiem vai uzticamu rezerves risin\u0101jumu j\u016bsu b\u016btiskaj\u0101m vajadz\u012bb\u0101m. <\/p>\n<p>J\u016bsu \u0123eneratora iedarbin\u0101\u0161ana ir vienk\u0101r\u0161a ar Champion t\u0101lvad\u012bbas startu vai EZ Start Dial, un tas ir apr\u012bkots ar<strong> Cold Start Technology<\/strong> uzticamai darb\u012bbai da\u017e\u0101dos apst\u0101k\u013cos. Iztur\u012bgais 420cc Champion dzin\u0113js nodro\u0161ina iespaid\u012bgus 7500 maksim\u0101los vatus un stabilus 7000 darba vatus. <\/p>\n<p>Uztraucaties par saviem jut\u012bgajiem elektroniskajiem ier\u012bc\u0113m? Nebaidieties, jo \u0161is invertors ra\u017eo <strong>t\u012bru ener\u0123iju<\/strong> ar maz\u0101k nek\u0101 3 % <strong>kop\u0113jo harmonisko krop\u013cojumu (THD)<\/strong>, nodro\u0161inot j\u016bsu v\u0113rt\u012bgo ier\u012b\u010du dro\u0161\u012bbu. <\/p>\n<p>M\u016bsu <strong>Quick Touch Panel<\/strong> nodro\u0161ina \u0101tru piek\u013cuvi visiem j\u016bsu vad\u012bbas elementiem. Ekonomijas re\u017e\u012bms akt\u012bvi uzrauga ener\u0123ijas pat\u0113ri\u0146u re\u0101llaik\u0101, samazinot dzin\u0113ja slodzi un veicinot ilgm\u016b\u017e\u012bbu. Samazinoties elektriskajai slodzei, invertors autom\u0101tiski samazina dzin\u0113ja \u0101trumu, kas rezult\u0113jas klus\u0101k\u0101 darb\u012bb\u0101, ilg\u0101k\u0101 dzin\u0113ja m\u016b\u017e\u0101 un uzlabot\u0101 degvielas efektivit\u0101t\u0113.  <\/p>\n<p>Iek\u013cautie p\u0101rkl\u0101tie kontaktligzdas pied\u0101v\u0101:<\/p>\n<ul>\n<li>divas 16A 220V kontaktligzdas<\/li>\n<li>32A 220V kontaktligzda<\/li>\n<li>12V automobi\u013ca stila kontaktligzda<\/li>\n<li>ATS ievades ligzda (ATS panelis tiek p\u0101rdots atsevi\u0161\u0137i)<\/li>\n<\/ul>\n<p><strong>Dro\u0161\u012bba<\/strong> ir priorit\u0101te ar <strong>CO Shield<\/strong> tehnolo\u0123iju, kas r\u016bp\u012bgi uzrauga oglek\u013ca monoks\u012bda (CO) uzkr\u0101\u0161anos, kas ir kait\u012bgs g\u0101zes izpl\u016bdes produkts \u0123eneratora darb\u012bbas laik\u0101. Ja CO Shield konstat\u0113 paaugstin\u0101tu CO l\u012bmeni, kas tiek uzskat\u012bts par nedro\u0161u, tas nekav\u0113joties izsl\u0113dz dzin\u0113ju. Ir svar\u012bgi atz\u012bm\u0113t, ka CO Shield neaizst\u0101j iek\u0161telpu oglek\u013ca monoks\u012bda trauksmes vai dro\u0161as darb\u012bbas prakses. Vienm\u0113r izmantojiet \u0123eneratorus \u0101rpus telp\u0101m, t\u0101lu no apdz\u012bvot\u0101m \u0113k\u0101m, ar izpl\u016bdi v\u0113rstu prom no cilv\u0113kiem un b\u016bv\u0113m.   <\/p>\n<p>Izv\u0113lieties Champion Power Equipment 7500 vatu invertora \u0123eneratoru ar CO Shield\u00ae klusai, efekt\u012bvai un dro\u0161ai ener\u0123ijas ra\u017eo\u0161anai da\u017e\u0101diem pielietojumiem, s\u0101kot no \u0101ra piedz\u012bvojumiem l\u012bdz b\u016btisk\u0101m rezerves ener\u0123ijas vajadz\u012bb\u0101m.<\/p>\n","protected":false},"excerpt":{"rendered":"<p>Champion Power Equipment 7500 vatu invertora \u0123enerators ar CO Shield\u00ae. Paredz\u0113ts klus\u0101kai darb\u012bbai, tas ir ide\u0101ls pavadonis p\u0101rtikas stendiem vai k\u0101 uzticams rezerves risin\u0101jums j\u016bsu b\u016btiskaj\u0101m vajadz\u012bb\u0101m. <\/p>\n<p>Gatavs ATS<\/p>\n<p>Funkcijas<\/p>\n<ul>\n<li>Jaud\u012bgs 420cc dzin\u0113js nodro\u0161ina 7000 darb\u012bbas vatus.<\/li>\n<li>Klus\u0101 tehnolo\u0123ija un pagarin\u0101ts darb\u012bbas laiks: Ar iespaid\u012bgi zemu trok\u0161\u0146a l\u012bmeni 61 dBA 7m att\u0101lum\u0101, \u0161is \u0123enerators ir ide\u0101li piem\u0113rots klus\u0101m vid\u0113m, piem\u0113ram, m\u0101jas rezerves vai \u0113din\u0101\u0161anas furgoniem.<\/li>\n<li>Savienojiet ar <a href=\"https:\/\/championbaltics.com\/lv\/toode\/automatiska-parslegsanas-ierice-benzina-generatori\/\">Bimson Power ATS (autom\u0101tisko p\u0101rsl\u0113g\u0161anas sl\u0113dzi)<\/a>, lai nodro\u0161in\u0101tu t\u016bl\u012bt\u0113ju ener\u0123iju j\u016bsu m\u0101j\u0101s str\u0101vas p\u0101rtraukumu laik\u0101.<\/li>\n<li>\u0112rta t\u0101lvad\u012bbas palai\u0161ana: \u0122eneratora iesl\u0113g\u0161ana vai izsl\u0113g\u0161ana ir vienk\u0101r\u0161a ar \u0113rtu bezvadu t\u0101lvad\u012bbu.<\/li>\n<li>Intelligauge daudzfunkciju displejs: Uzraugiet savu ener\u0123ijas ra\u017eo\u0161anu ar Intelligauge, kas uzrauga spriegumu, frekvenci un darb\u012bbas stundas. Tas ar\u012b ietver CO Shield\u00ae oglek\u013ca monoks\u012bda autom\u0101tisk\u0101s izsl\u0113g\u0161anas sist\u0113mu papildu dro\u0161\u012bbai. EZ Start Dial vienk\u0101r\u0161o palai\u0161anu, savuk\u0101rt ekonomijas re\u017e\u012bms nep\u0101rtraukti uzrauga ener\u0123ijas pat\u0113ri\u0146u re\u0101llaik\u0101.  <\/li>\n<li>T\u012bra ener\u0123ija jut\u012bgai elektronikai: \u0122enerators ir izstr\u0101d\u0101ts, lai nodro\u0161in\u0101tu t\u012bru ener\u0123iju ar maz\u0101k nek\u0101 3 % kop\u0113jo harmonisko krop\u013cojumu (THD), nodro\u0161inot j\u016bsu jut\u012bgo elektronisko ier\u012b\u010du dro\u0161\u012bbu.<\/li>\n<\/ul>\n","protected":false},"featured_media":30541,"comment_status":"open","ping_status":"closed","template":"","meta":[],"product_brand":[86],"product_cat":[140,247],"product_tag":[190,141],"class_list":{"0":"post-30540","1":"product","2":"type-product","3":"status-publish","4":"has-post-thumbnail","6":"product_brand-champion","7":"product_cat-benzina-generatori-benzina-generatori","8":"product_cat-invertora-generators","9":"product_tag-generators","10":"product_tag-invertora-generators","12":"first","13":"instock","14":"taxable","15":"shipping-taxable","16":"purchasable","17":"product-type-simple"},"yoast_head":"<!-- This site is optimized with the Yoast SEO Premium plugin v27.4 (Yoast SEO v27.4) - https:\/\/yoast.com\/product\/yoast-seo-premium-wordpress\/ -->\n<title>Champion 7500 vatu invertora benz\u012bna \u0123enerators - Champion Baltics<\/title>\n<meta name=\"description\" content=\"Kluss un jaud\u012bgs Champion 7500 vatu invertora \u0123enerators ar CO Shield\u00ae dro\u0161ai darb\u012bbai. Ide\u0101li piem\u0113rots m\u0101jas rezerves ener\u0123ijai, p\u0101rtikas stendiem un izmanto\u0161anai \u0101rpus telp\u0101m. Apr\u012bkots ar t\u0101lvad\u012bbas startu, t\u012bru ener\u0123iju jut\u012bgai elektronikai un l\u012bdz pat 7000 darba vatiem.\" \/>\n<meta name=\"robots\" content=\"index, follow, max-snippet:-1, max-image-preview:large, max-video-preview:-1\" \/>\n<link rel=\"canonical\" href=\"https:\/\/championbaltics.com\/lv\/toode\/champion-7500-vatu-invertora-benzina-generators\/\" \/>\n<meta property=\"og:locale\" content=\"lv_LV\" \/>\n<meta property=\"og:type\" content=\"article\" \/>\n<meta property=\"og:title\" content=\"Champion 7500 vatu invertora benz\u012bna \u0123enerators\" \/>\n<meta property=\"og:description\" content=\"Kluss un jaud\u012bgs Champion 7500 vatu invertora \u0123enerators ar CO Shield\u00ae dro\u0161ai darb\u012bbai. Ide\u0101li piem\u0113rots m\u0101jas rezerves ener\u0123ijai, p\u0101rtikas stendiem un izmanto\u0161anai \u0101rpus telp\u0101m. Apr\u012bkots ar t\u0101lvad\u012bbas startu, t\u012bru ener\u0123iju jut\u012bgai elektronikai un l\u012bdz pat 7000 darba vatiem.\" \/>\n<meta property=\"og:url\" content=\"https:\/\/championbaltics.com\/lv\/toode\/champion-7500-vatu-invertora-benzina-generators\/\" \/>\n<meta property=\"og:site_name\" content=\"Champion Baltics\" \/>\n<meta property=\"article:publisher\" content=\"https:\/\/facebook.com\/championbaltics\" \/>\n<meta property=\"article:modified_time\" content=\"2025-09-18T07:10:44+00:00\" \/>\n<meta property=\"og:image\" content=\"https:\/\/championbaltics.com\/wp-content\/uploads\/2025\/08\/97001i-P-EU-SC.webp\" \/>\n\t<meta property=\"og:image:width\" content=\"1280\" \/>\n\t<meta property=\"og:image:height\" content=\"1280\" \/>\n\t<meta property=\"og:image:type\" content=\"image\/jpeg\" \/>\n<meta name=\"twitter:card\" content=\"summary_large_image\" \/>\n<meta name=\"twitter:label1\" content=\"Price\" \/>\n\t<meta name=\"twitter:data1\" content=\"3 599,00&nbsp;&euro;\" \/>\n\t<meta name=\"twitter:label2\" content=\"Availability\" \/>\n\t<meta name=\"twitter:data2\" content=\"In stock\" \/>\n<script type=\"application\/ld+json\" class=\"yoast-schema-graph\">{\"@context\":\"https:\\\/\\\/schema.org\",\"@graph\":[{\"@type\":\"WebPage\",\"@id\":\"https:\\\/\\\/championbaltics.com\\\/lv\\\/toode\\\/champion-7500-vatu-invertora-benzina-generators\\\/\",\"url\":\"https:\\\/\\\/championbaltics.com\\\/lv\\\/toode\\\/champion-7500-vatu-invertora-benzina-generators\\\/\",\"name\":\"Champion 7500 vatu invertora benz\u012bna \u0123enerators - Champion Baltics\",\"isPartOf\":{\"@id\":\"https:\\\/\\\/championbaltics.com\\\/lv\\\/#website\"},\"primaryImageOfPage\":{\"@id\":\"https:\\\/\\\/championbaltics.com\\\/lv\\\/toode\\\/champion-7500-vatu-invertora-benzina-generators\\\/#primaryimage\"},\"image\":{\"@id\":\"https:\\\/\\\/championbaltics.com\\\/lv\\\/toode\\\/champion-7500-vatu-invertora-benzina-generators\\\/#primaryimage\"},\"thumbnailUrl\":\"https:\\\/\\\/championbaltics.com\\\/wp-content\\\/uploads\\\/2025\\\/08\\\/97001i-P-EU-SC.webp\",\"datePublished\":\"2025-08-26T09:54:38+00:00\",\"dateModified\":\"2025-09-18T07:10:44+00:00\",\"description\":\"Kluss un jaud\u012bgs Champion 7500 vatu invertora \u0123enerators ar CO Shield\u00ae dro\u0161ai darb\u012bbai. Ide\u0101li piem\u0113rots m\u0101jas rezerves ener\u0123ijai, p\u0101rtikas stendiem un izmanto\u0161anai \u0101rpus telp\u0101m. Apr\u012bkots ar t\u0101lvad\u012bbas startu, t\u012bru ener\u0123iju jut\u012bgai elektronikai un l\u012bdz pat 7000 darba vatiem.\",\"breadcrumb\":{\"@id\":\"https:\\\/\\\/championbaltics.com\\\/lv\\\/toode\\\/champion-7500-vatu-invertora-benzina-generators\\\/#breadcrumb\"},\"inLanguage\":\"lv-LV\",\"potentialAction\":[{\"@type\":\"ReadAction\",\"target\":[\"https:\\\/\\\/championbaltics.com\\\/lv\\\/toode\\\/champion-7500-vatu-invertora-benzina-generators\\\/\"]}]},{\"@type\":\"ImageObject\",\"inLanguage\":\"lv-LV\",\"@id\":\"https:\\\/\\\/championbaltics.com\\\/lv\\\/toode\\\/champion-7500-vatu-invertora-benzina-generators\\\/#primaryimage\",\"url\":\"https:\\\/\\\/championbaltics.com\\\/wp-content\\\/uploads\\\/2025\\\/08\\\/97001i-P-EU-SC.webp\",\"contentUrl\":\"https:\\\/\\\/championbaltics.com\\\/wp-content\\\/uploads\\\/2025\\\/08\\\/97001i-P-EU-SC.webp\",\"width\":1280,\"height\":1280},{\"@type\":\"BreadcrumbList\",\"@id\":\"https:\\\/\\\/championbaltics.com\\\/lv\\\/toode\\\/champion-7500-vatu-invertora-benzina-generators\\\/#breadcrumb\",\"itemListElement\":[{\"@type\":\"ListItem\",\"position\":1,\"name\":\"Home\",\"item\":\"https:\\\/\\\/championbaltics.com\\\/lv\\\/\"},{\"@type\":\"ListItem\",\"position\":2,\"name\":\"Veikals\",\"item\":\"https:\\\/\\\/championbaltics.com\\\/lv\\\/veikals\\\/\"},{\"@type\":\"ListItem\",\"position\":3,\"name\":\"Champion 7500 vatu invertora benz\u012bna \u0123enerators\"}]},{\"@type\":\"WebSite\",\"@id\":\"https:\\\/\\\/championbaltics.com\\\/lv\\\/#website\",\"url\":\"https:\\\/\\\/championbaltics.com\\\/lv\\\/\",\"name\":\"Champion Baltics\",\"description\":\"Power equipments\",\"publisher\":{\"@id\":\"https:\\\/\\\/championbaltics.com\\\/lv\\\/#organization\"},\"alternateName\":\"Champion Power Equipment\",\"potentialAction\":[{\"@type\":\"SearchAction\",\"target\":{\"@type\":\"EntryPoint\",\"urlTemplate\":\"https:\\\/\\\/championbaltics.com\\\/lv\\\/?s={search_term_string}\"},\"query-input\":{\"@type\":\"PropertyValueSpecification\",\"valueRequired\":true,\"valueName\":\"search_term_string\"}}],\"inLanguage\":\"lv-LV\"},{\"@type\":[\"Organization\",\"Place\"],\"@id\":\"https:\\\/\\\/championbaltics.com\\\/lv\\\/#organization\",\"name\":\"Champion Baltics\",\"alternateName\":\"Champion Power Equipment\",\"url\":\"https:\\\/\\\/championbaltics.com\\\/lv\\\/\",\"logo\":{\"@id\":\"https:\\\/\\\/championbaltics.com\\\/lv\\\/toode\\\/champion-7500-vatu-invertora-benzina-generators\\\/#local-main-organization-logo\"},\"image\":{\"@id\":\"https:\\\/\\\/championbaltics.com\\\/lv\\\/toode\\\/champion-7500-vatu-invertora-benzina-generators\\\/#local-main-organization-logo\"},\"sameAs\":[\"https:\\\/\\\/facebook.com\\\/championbaltics\"],\"description\":\"Champion power equipment representer of State of Baltics\",\"legalName\":\"T.O Engineering LLC\",\"foundingDate\":\"2015-01-07\",\"numberOfEmployees\":{\"@type\":\"QuantitativeValue\",\"minValue\":\"1\",\"maxValue\":\"10\"},\"hasMerchantReturnPolicy\":{\"@type\":\"MerchantReturnPolicy\",\"merchantReturnLink\":\"https:\\\/\\\/championbaltics.com\\\/refund_returns\\\/\"},\"address\":{\"@id\":\"https:\\\/\\\/championbaltics.com\\\/lv\\\/toode\\\/champion-7500-vatu-invertora-benzina-generators\\\/#local-main-place-address\"},\"telephone\":[],\"contactPoint\":{\"@type\":\"ContactPoint\",\"telephone\":\"+3725204833\",\"email\":\"info@championbaltics.com\"},\"openingHoursSpecification\":[{\"@type\":\"OpeningHoursSpecification\",\"dayOfWeek\":[\"Monday\",\"Tuesday\",\"Wednesday\",\"Thursday\",\"Friday\",\"Saturday\",\"Sunday\"],\"opens\":\"09:00\",\"closes\":\"17:00\"}],\"email\":\"info@championbaltics.com\",\"vatID\":\"EE102032772\"},{\"@type\":\"PostalAddress\",\"@id\":\"https:\\\/\\\/championbaltics.com\\\/lv\\\/toode\\\/champion-7500-vatu-invertora-benzina-generators\\\/#local-main-place-address\",\"streetAddress\":\"P\u00e4rnu mnt 144\",\"addressLocality\":\"Tallinn\",\"postalCode\":\"11317\",\"addressRegion\":\"Harju\",\"addressCountry\":\"EE\"},{\"@type\":\"ImageObject\",\"inLanguage\":\"lv-LV\",\"@id\":\"https:\\\/\\\/championbaltics.com\\\/lv\\\/toode\\\/champion-7500-vatu-invertora-benzina-generators\\\/#local-main-organization-logo\",\"url\":\"https:\\\/\\\/championbaltics.com\\\/wp-content\\\/uploads\\\/2025\\\/08\\\/cropped-ChampionBalticsLogo.webp\",\"contentUrl\":\"https:\\\/\\\/championbaltics.com\\\/wp-content\\\/uploads\\\/2025\\\/08\\\/cropped-ChampionBalticsLogo.webp\",\"width\":512,\"height\":512,\"caption\":\"Champion Baltics\"}]}<\/script>\n<meta property=\"product:brand\" content=\"Champion\" \/>\n<meta property=\"product:price:amount\" content=\"3599.00\" \/>\n<meta property=\"product:price:currency\" content=\"EUR\" \/>\n<meta property=\"og:availability\" content=\"instock\" \/>\n<meta property=\"product:availability\" content=\"instock\" \/>\n<meta property=\"product:retailer_item_id\" content=\"97001i-P-EU-SC\" \/>\n<meta property=\"product:condition\" content=\"new\" \/>\n<meta name=\"geo.placename\" content=\"Tallinn\" \/>\n<meta name=\"geo.region\" content=\"Estonia\" \/>\n<!-- \/ Yoast SEO Premium plugin. -->","yoast_head_json":{"title":"Champion 7500 vatu invertora benz\u012bna \u0123enerators - Champion Baltics","description":"Kluss un jaud\u012bgs Champion 7500 vatu invertora \u0123enerators ar CO Shield\u00ae dro\u0161ai darb\u012bbai. Ide\u0101li piem\u0113rots m\u0101jas rezerves ener\u0123ijai, p\u0101rtikas stendiem un izmanto\u0161anai \u0101rpus telp\u0101m. Apr\u012bkots ar t\u0101lvad\u012bbas startu, t\u012bru ener\u0123iju jut\u012bgai elektronikai un l\u012bdz pat 7000 darba vatiem.","robots":{"index":"index","follow":"follow","max-snippet":"max-snippet:-1","max-image-preview":"max-image-preview:large","max-video-preview":"max-video-preview:-1"},"canonical":"https:\/\/championbaltics.com\/lv\/toode\/champion-7500-vatu-invertora-benzina-generators\/","og_locale":"lv_LV","og_type":"article","og_title":"Champion 7500 vatu invertora benz\u012bna \u0123enerators","og_description":"Kluss un jaud\u012bgs Champion 7500 vatu invertora \u0123enerators ar CO Shield\u00ae dro\u0161ai darb\u012bbai. Ide\u0101li piem\u0113rots m\u0101jas rezerves ener\u0123ijai, p\u0101rtikas stendiem un izmanto\u0161anai \u0101rpus telp\u0101m. Apr\u012bkots ar t\u0101lvad\u012bbas startu, t\u012bru ener\u0123iju jut\u012bgai elektronikai un l\u012bdz pat 7000 darba vatiem.","og_url":"https:\/\/championbaltics.com\/lv\/toode\/champion-7500-vatu-invertora-benzina-generators\/","og_site_name":"Champion Baltics","article_publisher":"https:\/\/facebook.com\/championbaltics","article_modified_time":"2025-09-18T07:10:44+00:00","og_image":[{"width":1280,"height":1280,"url":"https:\/\/championbaltics.com\/wp-content\/uploads\/2025\/08\/97001i-P-EU-SC.webp","type":"image\/jpeg"}],"twitter_card":"summary_large_image","twitter_misc":{"Price":"3 599,00&nbsp;&euro;","Availability":"In stock"},"schema":{"@context":"https:\/\/schema.org","@graph":[{"@type":"WebPage","@id":"https:\/\/championbaltics.com\/lv\/toode\/champion-7500-vatu-invertora-benzina-generators\/","url":"https:\/\/championbaltics.com\/lv\/toode\/champion-7500-vatu-invertora-benzina-generators\/","name":"Champion 7500 vatu invertora benz\u012bna \u0123enerators - Champion Baltics","isPartOf":{"@id":"https:\/\/championbaltics.com\/lv\/#website"},"primaryImageOfPage":{"@id":"https:\/\/championbaltics.com\/lv\/toode\/champion-7500-vatu-invertora-benzina-generators\/#primaryimage"},"image":{"@id":"https:\/\/championbaltics.com\/lv\/toode\/champion-7500-vatu-invertora-benzina-generators\/#primaryimage"},"thumbnailUrl":"https:\/\/championbaltics.com\/wp-content\/uploads\/2025\/08\/97001i-P-EU-SC.webp","datePublished":"2025-08-26T09:54:38+00:00","dateModified":"2025-09-18T07:10:44+00:00","description":"Kluss un jaud\u012bgs Champion 7500 vatu invertora \u0123enerators ar CO Shield\u00ae dro\u0161ai darb\u012bbai. Ide\u0101li piem\u0113rots m\u0101jas rezerves ener\u0123ijai, p\u0101rtikas stendiem un izmanto\u0161anai \u0101rpus telp\u0101m. Apr\u012bkots ar t\u0101lvad\u012bbas startu, t\u012bru ener\u0123iju jut\u012bgai elektronikai un l\u012bdz pat 7000 darba vatiem.","breadcrumb":{"@id":"https:\/\/championbaltics.com\/lv\/toode\/champion-7500-vatu-invertora-benzina-generators\/#breadcrumb"},"inLanguage":"lv-LV","potentialAction":[{"@type":"ReadAction","target":["https:\/\/championbaltics.com\/lv\/toode\/champion-7500-vatu-invertora-benzina-generators\/"]}]},{"@type":"ImageObject","inLanguage":"lv-LV","@id":"https:\/\/championbaltics.com\/lv\/toode\/champion-7500-vatu-invertora-benzina-generators\/#primaryimage","url":"https:\/\/championbaltics.com\/wp-content\/uploads\/2025\/08\/97001i-P-EU-SC.webp","contentUrl":"https:\/\/championbaltics.com\/wp-content\/uploads\/2025\/08\/97001i-P-EU-SC.webp","width":1280,"height":1280},{"@type":"BreadcrumbList","@id":"https:\/\/championbaltics.com\/lv\/toode\/champion-7500-vatu-invertora-benzina-generators\/#breadcrumb","itemListElement":[{"@type":"ListItem","position":1,"name":"Home","item":"https:\/\/championbaltics.com\/lv\/"},{"@type":"ListItem","position":2,"name":"Veikals","item":"https:\/\/championbaltics.com\/lv\/veikals\/"},{"@type":"ListItem","position":3,"name":"Champion 7500 vatu invertora benz\u012bna \u0123enerators"}]},{"@type":"WebSite","@id":"https:\/\/championbaltics.com\/lv\/#website","url":"https:\/\/championbaltics.com\/lv\/","name":"Champion Baltics","description":"Power equipments","publisher":{"@id":"https:\/\/championbaltics.com\/lv\/#organization"},"alternateName":"Champion Power Equipment","potentialAction":[{"@type":"SearchAction","target":{"@type":"EntryPoint","urlTemplate":"https:\/\/championbaltics.com\/lv\/?s={search_term_string}"},"query-input":{"@type":"PropertyValueSpecification","valueRequired":true,"valueName":"search_term_string"}}],"inLanguage":"lv-LV"},{"@type":["Organization","Place"],"@id":"https:\/\/championbaltics.com\/lv\/#organization","name":"Champion Baltics","alternateName":"Champion Power Equipment","url":"https:\/\/championbaltics.com\/lv\/","logo":{"@id":"https:\/\/championbaltics.com\/lv\/toode\/champion-7500-vatu-invertora-benzina-generators\/#local-main-organization-logo"},"image":{"@id":"https:\/\/championbaltics.com\/lv\/toode\/champion-7500-vatu-invertora-benzina-generators\/#local-main-organization-logo"},"sameAs":["https:\/\/facebook.com\/championbaltics"],"description":"Champion power equipment representer of State of Baltics","legalName":"T.O Engineering LLC","foundingDate":"2015-01-07","numberOfEmployees":{"@type":"QuantitativeValue","minValue":"1","maxValue":"10"},"hasMerchantReturnPolicy":{"@type":"MerchantReturnPolicy","merchantReturnLink":"https:\/\/championbaltics.com\/refund_returns\/"},"address":{"@id":"https:\/\/championbaltics.com\/lv\/toode\/champion-7500-vatu-invertora-benzina-generators\/#local-main-place-address"},"telephone":[],"contactPoint":{"@type":"ContactPoint","telephone":"+3725204833","email":"info@championbaltics.com"},"openingHoursSpecification":[{"@type":"OpeningHoursSpecification","dayOfWeek":["Monday","Tuesday","Wednesday","Thursday","Friday","Saturday","Sunday"],"opens":"09:00","closes":"17:00"}],"email":"info@championbaltics.com","vatID":"EE102032772"},{"@type":"PostalAddress","@id":"https:\/\/championbaltics.com\/lv\/toode\/champion-7500-vatu-invertora-benzina-generators\/#local-main-place-address","streetAddress":"P\u00e4rnu mnt 144","addressLocality":"Tallinn","postalCode":"11317","addressRegion":"Harju","addressCountry":"EE"},{"@type":"ImageObject","inLanguage":"lv-LV","@id":"https:\/\/championbaltics.com\/lv\/toode\/champion-7500-vatu-invertora-benzina-generators\/#local-main-organization-logo","url":"https:\/\/championbaltics.com\/wp-content\/uploads\/2025\/08\/cropped-ChampionBalticsLogo.webp","contentUrl":"https:\/\/championbaltics.com\/wp-content\/uploads\/2025\/08\/cropped-ChampionBalticsLogo.webp","width":512,"height":512,"caption":"Champion Baltics"}]},"product_brand":"Champion","product_price_amount":"3599.00","product_price_currency":"EUR","og_availability":"instock","product_availability":"instock","product_retailer_item_id":"97001i-P-EU-SC","product_condition":"new","geo.placename":"Tallinn","geo.region":"Estonia"},"_links":{"self":[{"href":"https:\/\/championbaltics.com\/lv\/wp-json\/wp\/v2\/product\/30540","targetHints":{"allow":["GET"]}}],"collection":[{"href":"https:\/\/championbaltics.com\/lv\/wp-json\/wp\/v2\/product"}],"about":[{"href":"https:\/\/championbaltics.com\/lv\/wp-json\/wp\/v2\/types\/product"}],"replies":[{"embeddable":true,"href":"https:\/\/championbaltics.com\/lv\/wp-json\/wp\/v2\/comments?post=30540"}],"version-history":[{"count":3,"href":"https:\/\/championbaltics.com\/lv\/wp-json\/wp\/v2\/product\/30540\/revisions"}],"predecessor-version":[{"id":32106,"href":"https:\/\/championbaltics.com\/lv\/wp-json\/wp\/v2\/product\/30540\/revisions\/32106"}],"wp:featuredmedia":[{"embeddable":true,"href":"https:\/\/championbaltics.com\/lv\/wp-json\/wp\/v2\/media\/30541"}],"wp:attachment":[{"href":"https:\/\/championbaltics.com\/lv\/wp-json\/wp\/v2\/media?parent=30540"}],"wp:term":[{"taxonomy":"product_brand","embeddable":true,"href":"https:\/\/championbaltics.com\/lv\/wp-json\/wp\/v2\/product_brand?post=30540"},{"taxonomy":"product_cat","embeddable":true,"href":"https:\/\/championbaltics.com\/lv\/wp-json\/wp\/v2\/product_cat?post=30540"},{"taxonomy":"product_tag","embeddable":true,"href":"https:\/\/championbaltics.com\/lv\/wp-json\/wp\/v2\/product_tag?post=30540"}],"curies":[{"name":"wp","href":"https:\/\/api.w.org\/{rel}","templated":true}]}}