{"id":30594,"date":"2025-08-25T12:59:03","date_gmt":"2025-08-25T12:59:03","guid":{"rendered":"https:\/\/championbaltics.com\/toode\/champion-jaudigais-3000-vatu-invertora-generators\/"},"modified":"2025-09-17T10:17:06","modified_gmt":"2025-09-17T10:17:06","slug":"champion-jaudigais-3000-vatu-invertora-generators","status":"publish","type":"product","link":"https:\/\/championbaltics.com\/lv\/toode\/champion-jaudigais-3000-vatu-invertora-generators\/","title":{"rendered":"Champion Atom fusion 3000 vatu invertora \u0123enerators"},"content":{"rendered":"<p><strong>Champion 3000 vatu invertora \u0123enerators ir viens no viegl\u0101kajiem nozar\u0113, sverot tikai 21,5 kg, padarot p\u0101rn\u0113s\u0101jamo ener\u0123iju viegl\u0101k pieejamu nek\u0101 jebkad agr\u0101k!<\/strong><\/p>\n<p>Pa\u013caujieties uz 149 cc dzin\u0113ju. Paral\u0113lais komplekts (p\u0101rdod atsevi\u0161\u0137i) var palielin\u0101t j\u016bsu jaudu. <\/p>\n<p>CO Shield\u00ae tehnolo\u0123ija uzrauga oglek\u013ca monoks\u012bda (CO) uzkr\u0101\u0161anos, kas ir ind\u012bga g\u0101ze, ko rada dzin\u0113ja izpl\u016bdes g\u0101zes, kad \u0123enerators darbojas. Ja CO Shield konstat\u0113 nedro\u0161i paaugstin\u0101tu CO g\u0101zes l\u012bmeni, tas autom\u0101tiski izsl\u0113dz dzin\u0113ju. <\/p>\n<p>Ar 3 gadu garantiju j\u016bs varat b\u016bt p\u0101rliecin\u0101ti par kvalit\u0101ti un atbalstu.<\/p>\n<p class=\"h5\"><i class=\"fas fa-clipboard-check\"><\/i>Visi jaunra\u017eotie produkti atbilst ES V posma pras\u012bb\u0101m.<\/p>\n","protected":false},"excerpt":{"rendered":"<p>ParaLink gatavs. Lab\u0101k\u0101 jaudas\/svara attiec\u012bba sav\u0101 klas\u0113, sver tikai 21,5 kg.<\/p>\n<h4>Funkcijas<\/h4>\n<ul>\n<li>\u013boti viegls, tikai 21,5 kg<\/li>\n<li>CO Shield\u00ae dro\u0161\u012bbai<\/li>\n<li>\u013boti kluss, tikai 58 dBA<\/li>\n<li>\u012asta sinusa vi\u013c\u0146u invertora tehnolo\u0123ija<\/li>\n<li>P\u0101rslodzes aizsardz\u012bba<\/li>\n<li>Paral\u0113li savienojams ar izv\u0113les ParaLINK komplektu<\/li>\n<\/ul>\n","protected":false},"featured_media":30595,"comment_status":"open","ping_status":"closed","template":"","meta":[],"product_brand":[86],"product_cat":[140,247],"product_tag":[190,141],"class_list":{"0":"post-30594","1":"product","2":"type-product","3":"status-publish","4":"has-post-thumbnail","6":"product_brand-champion","7":"product_cat-benzina-generatori-benzina-generatori","8":"product_cat-invertora-generators","9":"product_tag-generators","10":"product_tag-invertora-generators","12":"first","13":"instock","14":"taxable","15":"shipping-taxable","16":"purchasable","17":"product-type-simple"},"yoast_head":"<!-- This site is optimized with the Yoast SEO Premium plugin v27.5 (Yoast SEO v27.5) - https:\/\/yoast.com\/product\/yoast-seo-premium-wordpress\/ -->\n<title>Champion Atom fusion 3000 vatu invertora \u0123enerators - Champion Baltics<\/title>\n<meta name=\"description\" content=\"Champion 3000 vatu invertora \u0123enerators \u2013 viegls, 21,5 kg, CO Shield\u00ae dro\u0161\u012bba, paral\u0113li savienojams, atbilst ES V posmam, iek\u013cauta 3 gadu garantija.\" \/>\n<meta name=\"robots\" content=\"index, follow, max-snippet:-1, max-image-preview:large, max-video-preview:-1\" \/>\n<link rel=\"canonical\" href=\"https:\/\/championbaltics.com\/lv\/toode\/champion-jaudigais-3000-vatu-invertora-generators\/\" \/>\n<meta property=\"og:locale\" content=\"lv_LV\" \/>\n<meta property=\"og:type\" content=\"article\" \/>\n<meta property=\"og:title\" content=\"Champion Atom fusion 3000 vatu invertora \u0123enerators\" \/>\n<meta property=\"og:description\" content=\"Champion 3000 vatu invertora \u0123enerators \u2013 viegls, 21,5 kg, CO Shield\u00ae dro\u0161\u012bba, paral\u0113li savienojams, atbilst ES V posmam, iek\u013cauta 3 gadu garantija.\" \/>\n<meta property=\"og:url\" content=\"https:\/\/championbaltics.com\/lv\/toode\/champion-jaudigais-3000-vatu-invertora-generators\/\" \/>\n<meta property=\"og:site_name\" content=\"Champion Baltics\" \/>\n<meta property=\"article:publisher\" content=\"https:\/\/facebook.com\/championbaltics\" \/>\n<meta property=\"article:modified_time\" content=\"2025-09-17T10:17:06+00:00\" \/>\n<meta property=\"og:image\" content=\"https:\/\/championbaltics.com\/wp-content\/uploads\/2025\/08\/CPE_93001i-EU_3-quarter-view-scaled.webp\" \/>\n\t<meta property=\"og:image:width\" content=\"2560\" \/>\n\t<meta property=\"og:image:height\" content=\"2476\" \/>\n\t<meta property=\"og:image:type\" content=\"image\/jpeg\" \/>\n<meta name=\"twitter:card\" content=\"summary_large_image\" \/>\n<meta name=\"twitter:label1\" content=\"Price\" \/>\n\t<meta name=\"twitter:data1\" content=\"999,00&nbsp;&euro;\" \/>\n\t<meta name=\"twitter:label2\" content=\"Availability\" \/>\n\t<meta name=\"twitter:data2\" content=\"In stock\" \/>\n<script type=\"application\/ld+json\" class=\"yoast-schema-graph\">{\"@context\":\"https:\\\/\\\/schema.org\",\"@graph\":[{\"@type\":\"WebPage\",\"@id\":\"https:\\\/\\\/championbaltics.com\\\/lv\\\/toode\\\/champion-jaudigais-3000-vatu-invertora-generators\\\/\",\"url\":\"https:\\\/\\\/championbaltics.com\\\/lv\\\/toode\\\/champion-jaudigais-3000-vatu-invertora-generators\\\/\",\"name\":\"Champion Atom fusion 3000 vatu invertora \u0123enerators - Champion Baltics\",\"isPartOf\":{\"@id\":\"https:\\\/\\\/championbaltics.com\\\/lv\\\/#website\"},\"primaryImageOfPage\":{\"@id\":\"https:\\\/\\\/championbaltics.com\\\/lv\\\/toode\\\/champion-jaudigais-3000-vatu-invertora-generators\\\/#primaryimage\"},\"image\":{\"@id\":\"https:\\\/\\\/championbaltics.com\\\/lv\\\/toode\\\/champion-jaudigais-3000-vatu-invertora-generators\\\/#primaryimage\"},\"thumbnailUrl\":\"https:\\\/\\\/championbaltics.com\\\/wp-content\\\/uploads\\\/2025\\\/08\\\/CPE_93001i-EU_3-quarter-view-scaled.webp\",\"datePublished\":\"2025-08-25T12:59:03+00:00\",\"dateModified\":\"2025-09-17T10:17:06+00:00\",\"description\":\"Champion 3000 vatu invertora \u0123enerators \u2013 viegls, 21,5 kg, CO Shield\u00ae dro\u0161\u012bba, paral\u0113li savienojams, atbilst ES V posmam, iek\u013cauta 3 gadu garantija.\",\"breadcrumb\":{\"@id\":\"https:\\\/\\\/championbaltics.com\\\/lv\\\/toode\\\/champion-jaudigais-3000-vatu-invertora-generators\\\/#breadcrumb\"},\"inLanguage\":\"lv-LV\",\"potentialAction\":[{\"@type\":\"ReadAction\",\"target\":[\"https:\\\/\\\/championbaltics.com\\\/lv\\\/toode\\\/champion-jaudigais-3000-vatu-invertora-generators\\\/\"]}]},{\"@type\":\"ImageObject\",\"inLanguage\":\"lv-LV\",\"@id\":\"https:\\\/\\\/championbaltics.com\\\/lv\\\/toode\\\/champion-jaudigais-3000-vatu-invertora-generators\\\/#primaryimage\",\"url\":\"https:\\\/\\\/championbaltics.com\\\/wp-content\\\/uploads\\\/2025\\\/08\\\/CPE_93001i-EU_3-quarter-view-scaled.webp\",\"contentUrl\":\"https:\\\/\\\/championbaltics.com\\\/wp-content\\\/uploads\\\/2025\\\/08\\\/CPE_93001i-EU_3-quarter-view-scaled.webp\",\"width\":2560,\"height\":2476},{\"@type\":\"BreadcrumbList\",\"@id\":\"https:\\\/\\\/championbaltics.com\\\/lv\\\/toode\\\/champion-jaudigais-3000-vatu-invertora-generators\\\/#breadcrumb\",\"itemListElement\":[{\"@type\":\"ListItem\",\"position\":1,\"name\":\"Home\",\"item\":\"https:\\\/\\\/championbaltics.com\\\/lv\\\/\"},{\"@type\":\"ListItem\",\"position\":2,\"name\":\"Veikals\",\"item\":\"https:\\\/\\\/championbaltics.com\\\/lv\\\/veikals\\\/\"},{\"@type\":\"ListItem\",\"position\":3,\"name\":\"Champion Atom fusion 3000 vatu invertora \u0123enerators\"}]},{\"@type\":\"WebSite\",\"@id\":\"https:\\\/\\\/championbaltics.com\\\/lv\\\/#website\",\"url\":\"https:\\\/\\\/championbaltics.com\\\/lv\\\/\",\"name\":\"Champion Baltics\",\"description\":\"Power equipments\",\"publisher\":{\"@id\":\"https:\\\/\\\/championbaltics.com\\\/lv\\\/#organization\"},\"alternateName\":\"Champion Power Equipment\",\"potentialAction\":[{\"@type\":\"SearchAction\",\"target\":{\"@type\":\"EntryPoint\",\"urlTemplate\":\"https:\\\/\\\/championbaltics.com\\\/lv\\\/?s={search_term_string}\"},\"query-input\":{\"@type\":\"PropertyValueSpecification\",\"valueRequired\":true,\"valueName\":\"search_term_string\"}}],\"inLanguage\":\"lv-LV\"},{\"@type\":[\"Organization\",\"Place\"],\"@id\":\"https:\\\/\\\/championbaltics.com\\\/lv\\\/#organization\",\"name\":\"Champion Baltics\",\"alternateName\":\"Champion Power Equipment\",\"url\":\"https:\\\/\\\/championbaltics.com\\\/lv\\\/\",\"logo\":{\"@id\":\"https:\\\/\\\/championbaltics.com\\\/lv\\\/toode\\\/champion-jaudigais-3000-vatu-invertora-generators\\\/#local-main-organization-logo\"},\"image\":{\"@id\":\"https:\\\/\\\/championbaltics.com\\\/lv\\\/toode\\\/champion-jaudigais-3000-vatu-invertora-generators\\\/#local-main-organization-logo\"},\"sameAs\":[\"https:\\\/\\\/facebook.com\\\/championbaltics\"],\"description\":\"Champion power equipment representer of State of Baltics\",\"legalName\":\"T.O Engineering LLC\",\"foundingDate\":\"2015-01-07\",\"numberOfEmployees\":{\"@type\":\"QuantitativeValue\",\"minValue\":\"1\",\"maxValue\":\"10\"},\"hasMerchantReturnPolicy\":{\"@type\":\"MerchantReturnPolicy\",\"merchantReturnLink\":\"https:\\\/\\\/championbaltics.com\\\/refund_returns\\\/\"},\"address\":{\"@id\":\"https:\\\/\\\/championbaltics.com\\\/lv\\\/toode\\\/champion-jaudigais-3000-vatu-invertora-generators\\\/#local-main-place-address\"},\"telephone\":[],\"contactPoint\":{\"@type\":\"ContactPoint\",\"telephone\":\"+3725204833\",\"email\":\"info@championbaltics.com\"},\"openingHoursSpecification\":[{\"@type\":\"OpeningHoursSpecification\",\"dayOfWeek\":[\"Monday\",\"Tuesday\",\"Wednesday\",\"Thursday\",\"Friday\",\"Saturday\",\"Sunday\"],\"opens\":\"09:00\",\"closes\":\"17:00\"}],\"email\":\"info@championbaltics.com\",\"vatID\":\"EE102032772\"},{\"@type\":\"PostalAddress\",\"@id\":\"https:\\\/\\\/championbaltics.com\\\/lv\\\/toode\\\/champion-jaudigais-3000-vatu-invertora-generators\\\/#local-main-place-address\",\"streetAddress\":\"P\u00e4rnu mnt 144\",\"addressLocality\":\"Tallinn\",\"postalCode\":\"11317\",\"addressRegion\":\"Harju\",\"addressCountry\":\"EE\"},{\"@type\":\"ImageObject\",\"inLanguage\":\"lv-LV\",\"@id\":\"https:\\\/\\\/championbaltics.com\\\/lv\\\/toode\\\/champion-jaudigais-3000-vatu-invertora-generators\\\/#local-main-organization-logo\",\"url\":\"https:\\\/\\\/championbaltics.com\\\/wp-content\\\/uploads\\\/2025\\\/08\\\/cropped-ChampionBalticsLogo.webp\",\"contentUrl\":\"https:\\\/\\\/championbaltics.com\\\/wp-content\\\/uploads\\\/2025\\\/08\\\/cropped-ChampionBalticsLogo.webp\",\"width\":512,\"height\":512,\"caption\":\"Champion Baltics\"}]}<\/script>\n<meta property=\"product:brand\" content=\"Champion\" \/>\n<meta property=\"product:price:amount\" content=\"999.00\" \/>\n<meta property=\"product:price:currency\" content=\"EUR\" \/>\n<meta property=\"og:availability\" content=\"instock\" \/>\n<meta property=\"product:availability\" content=\"instock\" \/>\n<meta property=\"product:retailer_item_id\" content=\"93001i-EU-SC\" \/>\n<meta property=\"product:condition\" content=\"new\" \/>\n<meta name=\"geo.placename\" content=\"Tallinn\" \/>\n<meta name=\"geo.region\" content=\"Estonia\" \/>\n<!-- \/ Yoast SEO Premium plugin. -->","yoast_head_json":{"title":"Champion Atom fusion 3000 vatu invertora \u0123enerators - Champion Baltics","description":"Champion 3000 vatu invertora \u0123enerators \u2013 viegls, 21,5 kg, CO Shield\u00ae dro\u0161\u012bba, paral\u0113li savienojams, atbilst ES V posmam, iek\u013cauta 3 gadu garantija.","robots":{"index":"index","follow":"follow","max-snippet":"max-snippet:-1","max-image-preview":"max-image-preview:large","max-video-preview":"max-video-preview:-1"},"canonical":"https:\/\/championbaltics.com\/lv\/toode\/champion-jaudigais-3000-vatu-invertora-generators\/","og_locale":"lv_LV","og_type":"article","og_title":"Champion Atom fusion 3000 vatu invertora \u0123enerators","og_description":"Champion 3000 vatu invertora \u0123enerators \u2013 viegls, 21,5 kg, CO Shield\u00ae dro\u0161\u012bba, paral\u0113li savienojams, atbilst ES V posmam, iek\u013cauta 3 gadu garantija.","og_url":"https:\/\/championbaltics.com\/lv\/toode\/champion-jaudigais-3000-vatu-invertora-generators\/","og_site_name":"Champion Baltics","article_publisher":"https:\/\/facebook.com\/championbaltics","article_modified_time":"2025-09-17T10:17:06+00:00","og_image":[{"width":2560,"height":2476,"url":"https:\/\/championbaltics.com\/wp-content\/uploads\/2025\/08\/CPE_93001i-EU_3-quarter-view-scaled.webp","type":"image\/jpeg"}],"twitter_card":"summary_large_image","twitter_misc":{"Price":"999,00&nbsp;&euro;","Availability":"In stock"},"schema":{"@context":"https:\/\/schema.org","@graph":[{"@type":"WebPage","@id":"https:\/\/championbaltics.com\/lv\/toode\/champion-jaudigais-3000-vatu-invertora-generators\/","url":"https:\/\/championbaltics.com\/lv\/toode\/champion-jaudigais-3000-vatu-invertora-generators\/","name":"Champion Atom fusion 3000 vatu invertora \u0123enerators - Champion Baltics","isPartOf":{"@id":"https:\/\/championbaltics.com\/lv\/#website"},"primaryImageOfPage":{"@id":"https:\/\/championbaltics.com\/lv\/toode\/champion-jaudigais-3000-vatu-invertora-generators\/#primaryimage"},"image":{"@id":"https:\/\/championbaltics.com\/lv\/toode\/champion-jaudigais-3000-vatu-invertora-generators\/#primaryimage"},"thumbnailUrl":"https:\/\/championbaltics.com\/wp-content\/uploads\/2025\/08\/CPE_93001i-EU_3-quarter-view-scaled.webp","datePublished":"2025-08-25T12:59:03+00:00","dateModified":"2025-09-17T10:17:06+00:00","description":"Champion 3000 vatu invertora \u0123enerators \u2013 viegls, 21,5 kg, CO Shield\u00ae dro\u0161\u012bba, paral\u0113li savienojams, atbilst ES V posmam, iek\u013cauta 3 gadu garantija.","breadcrumb":{"@id":"https:\/\/championbaltics.com\/lv\/toode\/champion-jaudigais-3000-vatu-invertora-generators\/#breadcrumb"},"inLanguage":"lv-LV","potentialAction":[{"@type":"ReadAction","target":["https:\/\/championbaltics.com\/lv\/toode\/champion-jaudigais-3000-vatu-invertora-generators\/"]}]},{"@type":"ImageObject","inLanguage":"lv-LV","@id":"https:\/\/championbaltics.com\/lv\/toode\/champion-jaudigais-3000-vatu-invertora-generators\/#primaryimage","url":"https:\/\/championbaltics.com\/wp-content\/uploads\/2025\/08\/CPE_93001i-EU_3-quarter-view-scaled.webp","contentUrl":"https:\/\/championbaltics.com\/wp-content\/uploads\/2025\/08\/CPE_93001i-EU_3-quarter-view-scaled.webp","width":2560,"height":2476},{"@type":"BreadcrumbList","@id":"https:\/\/championbaltics.com\/lv\/toode\/champion-jaudigais-3000-vatu-invertora-generators\/#breadcrumb","itemListElement":[{"@type":"ListItem","position":1,"name":"Home","item":"https:\/\/championbaltics.com\/lv\/"},{"@type":"ListItem","position":2,"name":"Veikals","item":"https:\/\/championbaltics.com\/lv\/veikals\/"},{"@type":"ListItem","position":3,"name":"Champion Atom fusion 3000 vatu invertora \u0123enerators"}]},{"@type":"WebSite","@id":"https:\/\/championbaltics.com\/lv\/#website","url":"https:\/\/championbaltics.com\/lv\/","name":"Champion Baltics","description":"Power equipments","publisher":{"@id":"https:\/\/championbaltics.com\/lv\/#organization"},"alternateName":"Champion Power Equipment","potentialAction":[{"@type":"SearchAction","target":{"@type":"EntryPoint","urlTemplate":"https:\/\/championbaltics.com\/lv\/?s={search_term_string}"},"query-input":{"@type":"PropertyValueSpecification","valueRequired":true,"valueName":"search_term_string"}}],"inLanguage":"lv-LV"},{"@type":["Organization","Place"],"@id":"https:\/\/championbaltics.com\/lv\/#organization","name":"Champion Baltics","alternateName":"Champion Power Equipment","url":"https:\/\/championbaltics.com\/lv\/","logo":{"@id":"https:\/\/championbaltics.com\/lv\/toode\/champion-jaudigais-3000-vatu-invertora-generators\/#local-main-organization-logo"},"image":{"@id":"https:\/\/championbaltics.com\/lv\/toode\/champion-jaudigais-3000-vatu-invertora-generators\/#local-main-organization-logo"},"sameAs":["https:\/\/facebook.com\/championbaltics"],"description":"Champion power equipment representer of State of Baltics","legalName":"T.O Engineering LLC","foundingDate":"2015-01-07","numberOfEmployees":{"@type":"QuantitativeValue","minValue":"1","maxValue":"10"},"hasMerchantReturnPolicy":{"@type":"MerchantReturnPolicy","merchantReturnLink":"https:\/\/championbaltics.com\/refund_returns\/"},"address":{"@id":"https:\/\/championbaltics.com\/lv\/toode\/champion-jaudigais-3000-vatu-invertora-generators\/#local-main-place-address"},"telephone":[],"contactPoint":{"@type":"ContactPoint","telephone":"+3725204833","email":"info@championbaltics.com"},"openingHoursSpecification":[{"@type":"OpeningHoursSpecification","dayOfWeek":["Monday","Tuesday","Wednesday","Thursday","Friday","Saturday","Sunday"],"opens":"09:00","closes":"17:00"}],"email":"info@championbaltics.com","vatID":"EE102032772"},{"@type":"PostalAddress","@id":"https:\/\/championbaltics.com\/lv\/toode\/champion-jaudigais-3000-vatu-invertora-generators\/#local-main-place-address","streetAddress":"P\u00e4rnu mnt 144","addressLocality":"Tallinn","postalCode":"11317","addressRegion":"Harju","addressCountry":"EE"},{"@type":"ImageObject","inLanguage":"lv-LV","@id":"https:\/\/championbaltics.com\/lv\/toode\/champion-jaudigais-3000-vatu-invertora-generators\/#local-main-organization-logo","url":"https:\/\/championbaltics.com\/wp-content\/uploads\/2025\/08\/cropped-ChampionBalticsLogo.webp","contentUrl":"https:\/\/championbaltics.com\/wp-content\/uploads\/2025\/08\/cropped-ChampionBalticsLogo.webp","width":512,"height":512,"caption":"Champion Baltics"}]},"product_brand":"Champion","product_price_amount":"999.00","product_price_currency":"EUR","og_availability":"instock","product_availability":"instock","product_retailer_item_id":"93001i-EU-SC","product_condition":"new","geo.placename":"Tallinn","geo.region":"Estonia"},"_links":{"self":[{"href":"https:\/\/championbaltics.com\/lv\/wp-json\/wp\/v2\/product\/30594","targetHints":{"allow":["GET"]}}],"collection":[{"href":"https:\/\/championbaltics.com\/lv\/wp-json\/wp\/v2\/product"}],"about":[{"href":"https:\/\/championbaltics.com\/lv\/wp-json\/wp\/v2\/types\/product"}],"replies":[{"embeddable":true,"href":"https:\/\/championbaltics.com\/lv\/wp-json\/wp\/v2\/comments?post=30594"}],"version-history":[{"count":3,"href":"https:\/\/championbaltics.com\/lv\/wp-json\/wp\/v2\/product\/30594\/revisions"}],"predecessor-version":[{"id":32072,"href":"https:\/\/championbaltics.com\/lv\/wp-json\/wp\/v2\/product\/30594\/revisions\/32072"}],"wp:featuredmedia":[{"embeddable":true,"href":"https:\/\/championbaltics.com\/lv\/wp-json\/wp\/v2\/media\/30595"}],"wp:attachment":[{"href":"https:\/\/championbaltics.com\/lv\/wp-json\/wp\/v2\/media?parent=30594"}],"wp:term":[{"taxonomy":"product_brand","embeddable":true,"href":"https:\/\/championbaltics.com\/lv\/wp-json\/wp\/v2\/product_brand?post=30594"},{"taxonomy":"product_cat","embeddable":true,"href":"https:\/\/championbaltics.com\/lv\/wp-json\/wp\/v2\/product_cat?post=30594"},{"taxonomy":"product_tag","embeddable":true,"href":"https:\/\/championbaltics.com\/lv\/wp-json\/wp\/v2\/product_tag?post=30594"}],"curies":[{"name":"wp","href":"https:\/\/api.w.org\/{rel}","templated":true}]}}