{"id":30993,"date":"2025-08-26T11:01:31","date_gmt":"2025-08-26T11:01:31","guid":{"rendered":"https:\/\/championbaltics.com\/toode\/champion-5-cm-tira-netira-udens-suknis\/"},"modified":"2025-09-18T07:32:54","modified_gmt":"2025-09-18T07:32:54","slug":"champion-5-cm-tira-netira-udens-suknis","status":"publish","type":"product","link":"https:\/\/championbaltics.com\/lv\/toode\/champion-5-cm-tira-netira-udens-suknis\/","title":{"rendered":"Champion 5 cm t\u012bra\/net\u012bra \u016bdens s\u016bknis"},"content":{"rendered":"<h3>Champion jaudas elektronikas t\u012brs\/net\u012brs \u016bdens s\u016bknis 5 cm<\/h3>\n<p>Champion 100742 5 cm t\u012bra\/net\u012bra \u016bdens s\u016bknis ar rite\u0146u komplektu sp\u0113j p\u0101rvad\u012bt cietos atkritumus l\u012bdz 1,2 cm diametr\u0101. \u0160is p\u0101rneses s\u016bknis ir ide\u0101ls risin\u0101jums \u0101trai un efekt\u012bvai \u016bdens p\u0101rvieto\u0161anai. <\/p>\n<p>Neatkar\u012bgi no t\u0101, vai iztuk\u0161ojat vai uzpild\u0101t savu peldbaseinu vai iztuk\u0161ojat seklas appl\u016bdu\u0161as vietas, \u0161ai ier\u012bcei ir pa\u0161uzs\u016bco\u0161s dizains, kas saglab\u0101 uzs\u016bk\u0161anu pat tad, kad t\u0101 nedarbojas (lai darbotos, nepiecie\u0161ama s\u0101kotn\u0113j\u0101 uzs\u016bk\u0161ana).<\/p>\n<p>\u0160is vieglais un p\u0101rn\u0113s\u0101jamais p\u0101rneses s\u016bknis nodro\u0161ina maksim\u0101lo pieg\u0101des apjomu l\u012bdz 598 litriem min\u016bt\u0113. Ar 5 cm NPT iepl\u016bdes izpl\u016bdi \u0161ai ier\u012bcei ir kop\u0113jais pacel\u0161anas augstums 28 m un ies\u016bk\u0161anas augstums 8 m. P\u0101rvietojiet savu s\u016bkni no viena darba uz n\u0101kamo ar vieglumu, pateicoties salok\u0101majam rokturim un nekad nepl\u012bsto\u0161iem rite\u0146iem iek\u013cautaj\u0101 rite\u0146u komplekt\u0101. <\/p>\n<p>Viegl\u0101 un iztur\u012bg\u0101 t\u0113rauda r\u0101mis kop\u0101 ar \u0161\u012bs ier\u012bces kompaktu dizainu padara to \u0113rtu s\u016bk\u0146a uzglab\u0101\u0161anai l\u012bdz n\u0101kamajai reizei, kad tas b\u016bs nepiecie\u0161ams.<\/p>\n","protected":false},"excerpt":{"rendered":"<p>Funkcijas<\/p>\n<ul>\n<li>Augsta pl\u016bsmas \u0101trums: Sp\u0113j s\u016bkn\u0113t l\u012bdz 598 litriem min\u016bt\u0113.<\/li>\n<li>Jaud\u012bgs dzin\u0113js: Apr\u012bkots ar 212 cc dzin\u0113ju un 11,5 litru degvielas tvertni, nodro\u0161inot ilgsto\u0161u darb\u012bbu.<\/li>\n<li>\u0100tra palai\u0161ana: Apr\u012bkots ar pla\u0161u uzs\u016bk\u0161anas v\u0101ci\u0146u vieglai un \u0101trai palai\u0161anai.<\/li>\n<li>Cieto atkritumu apstr\u0101de: Sp\u0113j apstr\u0101d\u0101t cietos atkritumus l\u012bdz 1,2 cm diametr\u0101.<\/li>\n<li>P\u0101rn\u0113s\u0101jams dizains: Komplekt\u0101 ar rite\u0146u komplektu vieglai transport\u0113\u0161anai.<\/li>\n<\/ul>\n","protected":false},"featured_media":30994,"comment_status":"open","ping_status":"closed","template":"","meta":[],"product_brand":[86],"product_cat":[174],"product_tag":[176,175],"class_list":{"0":"post-30993","1":"product","2":"type-product","3":"status-publish","4":"has-post-thumbnail","6":"product_brand-champion","7":"product_cat-udens-sukni","8":"product_tag-tirs-netirs-udens","9":"product_tag-udens-suknis","11":"first","12":"instock","13":"taxable","14":"shipping-taxable","15":"purchasable","16":"product-type-simple"},"yoast_head":"<!-- This site is optimized with the Yoast SEO Premium plugin v27.5 (Yoast SEO v27.5) - https:\/\/yoast.com\/product\/yoast-seo-premium-wordpress\/ -->\n<title>Champion 5 cm t\u012bra\/net\u012bra \u016bdens s\u016bknis - Champion Baltics<\/title>\n<meta name=\"description\" content=\"Champion 5 cm \u016bdens s\u016bknis. Pl\u016bsma: 598 L\/min. Pacel\u0161ana\/ies\u016bk\u0161ana: 28 m \/ 8 m. Cieto da\u013ci\u0146u izm\u0113rs: 12 mm.\" \/>\n<meta name=\"robots\" content=\"index, follow, max-snippet:-1, max-image-preview:large, max-video-preview:-1\" \/>\n<link rel=\"canonical\" href=\"https:\/\/championbaltics.com\/lv\/toode\/champion-5-cm-tira-netira-udens-suknis\/\" \/>\n<meta property=\"og:locale\" content=\"lv_LV\" \/>\n<meta property=\"og:type\" content=\"article\" \/>\n<meta property=\"og:title\" content=\"Champion 5 cm t\u012bra\/net\u012bra \u016bdens s\u016bknis\" \/>\n<meta property=\"og:description\" content=\"Champion 5 cm \u016bdens s\u016bknis. Pl\u016bsma: 598 L\/min. Pacel\u0161ana\/ies\u016bk\u0161ana: 28 m \/ 8 m. Cieto da\u013ci\u0146u izm\u0113rs: 12 mm.\" \/>\n<meta property=\"og:url\" content=\"https:\/\/championbaltics.com\/lv\/toode\/champion-5-cm-tira-netira-udens-suknis\/\" \/>\n<meta property=\"og:site_name\" content=\"Champion Baltics\" \/>\n<meta property=\"article:publisher\" content=\"https:\/\/facebook.com\/championbaltics\" \/>\n<meta property=\"article:modified_time\" content=\"2025-09-18T07:32:54+00:00\" \/>\n<meta property=\"og:image\" content=\"https:\/\/championbaltics.com\/wp-content\/uploads\/2025\/08\/CPW100742-Produktbild-Medium.webp\" \/>\n\t<meta property=\"og:image:width\" content=\"640\" \/>\n\t<meta property=\"og:image:height\" content=\"640\" \/>\n\t<meta property=\"og:image:type\" content=\"image\/jpeg\" \/>\n<meta name=\"twitter:card\" content=\"summary_large_image\" \/>\n<meta name=\"twitter:label1\" content=\"Price\" \/>\n\t<meta name=\"twitter:data1\" content=\"499,00&nbsp;&euro;\" \/>\n\t<meta name=\"twitter:label2\" content=\"Availability\" \/>\n\t<meta name=\"twitter:data2\" content=\"In stock\" \/>\n<script type=\"application\/ld+json\" class=\"yoast-schema-graph\">{\"@context\":\"https:\\\/\\\/schema.org\",\"@graph\":[{\"@type\":\"WebPage\",\"@id\":\"https:\\\/\\\/championbaltics.com\\\/lv\\\/toode\\\/champion-5-cm-tira-netira-udens-suknis\\\/\",\"url\":\"https:\\\/\\\/championbaltics.com\\\/lv\\\/toode\\\/champion-5-cm-tira-netira-udens-suknis\\\/\",\"name\":\"Champion 5 cm t\u012bra\\\/net\u012bra \u016bdens s\u016bknis - Champion Baltics\",\"isPartOf\":{\"@id\":\"https:\\\/\\\/championbaltics.com\\\/lv\\\/#website\"},\"primaryImageOfPage\":{\"@id\":\"https:\\\/\\\/championbaltics.com\\\/lv\\\/toode\\\/champion-5-cm-tira-netira-udens-suknis\\\/#primaryimage\"},\"image\":{\"@id\":\"https:\\\/\\\/championbaltics.com\\\/lv\\\/toode\\\/champion-5-cm-tira-netira-udens-suknis\\\/#primaryimage\"},\"thumbnailUrl\":\"https:\\\/\\\/championbaltics.com\\\/wp-content\\\/uploads\\\/2025\\\/08\\\/CPW100742-Produktbild-Medium.webp\",\"datePublished\":\"2025-08-26T11:01:31+00:00\",\"dateModified\":\"2025-09-18T07:32:54+00:00\",\"description\":\"Champion 5 cm \u016bdens s\u016bknis. Pl\u016bsma: 598 L\\\/min. Pacel\u0161ana\\\/ies\u016bk\u0161ana: 28 m \\\/ 8 m. Cieto da\u013ci\u0146u izm\u0113rs: 12 mm.\",\"breadcrumb\":{\"@id\":\"https:\\\/\\\/championbaltics.com\\\/lv\\\/toode\\\/champion-5-cm-tira-netira-udens-suknis\\\/#breadcrumb\"},\"inLanguage\":\"lv-LV\",\"potentialAction\":[{\"@type\":\"ReadAction\",\"target\":[\"https:\\\/\\\/championbaltics.com\\\/lv\\\/toode\\\/champion-5-cm-tira-netira-udens-suknis\\\/\"]}]},{\"@type\":\"ImageObject\",\"inLanguage\":\"lv-LV\",\"@id\":\"https:\\\/\\\/championbaltics.com\\\/lv\\\/toode\\\/champion-5-cm-tira-netira-udens-suknis\\\/#primaryimage\",\"url\":\"https:\\\/\\\/championbaltics.com\\\/wp-content\\\/uploads\\\/2025\\\/08\\\/CPW100742-Produktbild-Medium.webp\",\"contentUrl\":\"https:\\\/\\\/championbaltics.com\\\/wp-content\\\/uploads\\\/2025\\\/08\\\/CPW100742-Produktbild-Medium.webp\",\"width\":640,\"height\":640,\"caption\":\"Champion 5 cm t\u012bra\\\/net\u012bra \u016bdens s\u016bknis.\"},{\"@type\":\"BreadcrumbList\",\"@id\":\"https:\\\/\\\/championbaltics.com\\\/lv\\\/toode\\\/champion-5-cm-tira-netira-udens-suknis\\\/#breadcrumb\",\"itemListElement\":[{\"@type\":\"ListItem\",\"position\":1,\"name\":\"Home\",\"item\":\"https:\\\/\\\/championbaltics.com\\\/lv\\\/\"},{\"@type\":\"ListItem\",\"position\":2,\"name\":\"Veikals\",\"item\":\"https:\\\/\\\/championbaltics.com\\\/lv\\\/veikals\\\/\"},{\"@type\":\"ListItem\",\"position\":3,\"name\":\"Champion 5 cm t\u012bra\\\/net\u012bra \u016bdens s\u016bknis\"}]},{\"@type\":\"WebSite\",\"@id\":\"https:\\\/\\\/championbaltics.com\\\/lv\\\/#website\",\"url\":\"https:\\\/\\\/championbaltics.com\\\/lv\\\/\",\"name\":\"Champion Baltics\",\"description\":\"Power equipments\",\"publisher\":{\"@id\":\"https:\\\/\\\/championbaltics.com\\\/lv\\\/#organization\"},\"alternateName\":\"Champion Power Equipment\",\"potentialAction\":[{\"@type\":\"SearchAction\",\"target\":{\"@type\":\"EntryPoint\",\"urlTemplate\":\"https:\\\/\\\/championbaltics.com\\\/lv\\\/?s={search_term_string}\"},\"query-input\":{\"@type\":\"PropertyValueSpecification\",\"valueRequired\":true,\"valueName\":\"search_term_string\"}}],\"inLanguage\":\"lv-LV\"},{\"@type\":[\"Organization\",\"Place\"],\"@id\":\"https:\\\/\\\/championbaltics.com\\\/lv\\\/#organization\",\"name\":\"Champion Baltics\",\"alternateName\":\"Champion Power Equipment\",\"url\":\"https:\\\/\\\/championbaltics.com\\\/lv\\\/\",\"logo\":{\"@id\":\"https:\\\/\\\/championbaltics.com\\\/lv\\\/toode\\\/champion-5-cm-tira-netira-udens-suknis\\\/#local-main-organization-logo\"},\"image\":{\"@id\":\"https:\\\/\\\/championbaltics.com\\\/lv\\\/toode\\\/champion-5-cm-tira-netira-udens-suknis\\\/#local-main-organization-logo\"},\"sameAs\":[\"https:\\\/\\\/facebook.com\\\/championbaltics\"],\"description\":\"Champion power equipment representer of State of Baltics\",\"legalName\":\"T.O Engineering LLC\",\"foundingDate\":\"2015-01-07\",\"numberOfEmployees\":{\"@type\":\"QuantitativeValue\",\"minValue\":\"1\",\"maxValue\":\"10\"},\"hasMerchantReturnPolicy\":{\"@type\":\"MerchantReturnPolicy\",\"merchantReturnLink\":\"https:\\\/\\\/championbaltics.com\\\/refund_returns\\\/\"},\"address\":{\"@id\":\"https:\\\/\\\/championbaltics.com\\\/lv\\\/toode\\\/champion-5-cm-tira-netira-udens-suknis\\\/#local-main-place-address\"},\"telephone\":[],\"contactPoint\":{\"@type\":\"ContactPoint\",\"telephone\":\"+3725204833\",\"email\":\"info@championbaltics.com\"},\"openingHoursSpecification\":[{\"@type\":\"OpeningHoursSpecification\",\"dayOfWeek\":[\"Monday\",\"Tuesday\",\"Wednesday\",\"Thursday\",\"Friday\",\"Saturday\",\"Sunday\"],\"opens\":\"09:00\",\"closes\":\"17:00\"}],\"email\":\"info@championbaltics.com\",\"vatID\":\"EE102032772\"},{\"@type\":\"PostalAddress\",\"@id\":\"https:\\\/\\\/championbaltics.com\\\/lv\\\/toode\\\/champion-5-cm-tira-netira-udens-suknis\\\/#local-main-place-address\",\"streetAddress\":\"P\u00e4rnu mnt 144\",\"addressLocality\":\"Tallinn\",\"postalCode\":\"11317\",\"addressRegion\":\"Harju\",\"addressCountry\":\"EE\"},{\"@type\":\"ImageObject\",\"inLanguage\":\"lv-LV\",\"@id\":\"https:\\\/\\\/championbaltics.com\\\/lv\\\/toode\\\/champion-5-cm-tira-netira-udens-suknis\\\/#local-main-organization-logo\",\"url\":\"https:\\\/\\\/championbaltics.com\\\/wp-content\\\/uploads\\\/2025\\\/08\\\/cropped-ChampionBalticsLogo.webp\",\"contentUrl\":\"https:\\\/\\\/championbaltics.com\\\/wp-content\\\/uploads\\\/2025\\\/08\\\/cropped-ChampionBalticsLogo.webp\",\"width\":512,\"height\":512,\"caption\":\"Champion Baltics\"}]}<\/script>\n<meta property=\"product:brand\" content=\"Champion\" \/>\n<meta property=\"product:price:amount\" content=\"499.00\" \/>\n<meta property=\"product:price:currency\" content=\"EUR\" \/>\n<meta property=\"og:availability\" content=\"instock\" \/>\n<meta property=\"product:availability\" content=\"instock\" \/>\n<meta property=\"product:retailer_item_id\" content=\"CPW100742-EU\" \/>\n<meta property=\"product:condition\" content=\"new\" \/>\n<meta name=\"geo.placename\" content=\"Tallinn\" \/>\n<meta name=\"geo.region\" content=\"Estonia\" \/>\n<!-- \/ Yoast SEO Premium plugin. -->","yoast_head_json":{"title":"Champion 5 cm t\u012bra\/net\u012bra \u016bdens s\u016bknis - Champion Baltics","description":"Champion 5 cm \u016bdens s\u016bknis. Pl\u016bsma: 598 L\/min. Pacel\u0161ana\/ies\u016bk\u0161ana: 28 m \/ 8 m. Cieto da\u013ci\u0146u izm\u0113rs: 12 mm.","robots":{"index":"index","follow":"follow","max-snippet":"max-snippet:-1","max-image-preview":"max-image-preview:large","max-video-preview":"max-video-preview:-1"},"canonical":"https:\/\/championbaltics.com\/lv\/toode\/champion-5-cm-tira-netira-udens-suknis\/","og_locale":"lv_LV","og_type":"article","og_title":"Champion 5 cm t\u012bra\/net\u012bra \u016bdens s\u016bknis","og_description":"Champion 5 cm \u016bdens s\u016bknis. Pl\u016bsma: 598 L\/min. Pacel\u0161ana\/ies\u016bk\u0161ana: 28 m \/ 8 m. Cieto da\u013ci\u0146u izm\u0113rs: 12 mm.","og_url":"https:\/\/championbaltics.com\/lv\/toode\/champion-5-cm-tira-netira-udens-suknis\/","og_site_name":"Champion Baltics","article_publisher":"https:\/\/facebook.com\/championbaltics","article_modified_time":"2025-09-18T07:32:54+00:00","og_image":[{"width":640,"height":640,"url":"https:\/\/championbaltics.com\/wp-content\/uploads\/2025\/08\/CPW100742-Produktbild-Medium.webp","type":"image\/jpeg"}],"twitter_card":"summary_large_image","twitter_misc":{"Price":"499,00&nbsp;&euro;","Availability":"In stock"},"schema":{"@context":"https:\/\/schema.org","@graph":[{"@type":"WebPage","@id":"https:\/\/championbaltics.com\/lv\/toode\/champion-5-cm-tira-netira-udens-suknis\/","url":"https:\/\/championbaltics.com\/lv\/toode\/champion-5-cm-tira-netira-udens-suknis\/","name":"Champion 5 cm t\u012bra\/net\u012bra \u016bdens s\u016bknis - Champion Baltics","isPartOf":{"@id":"https:\/\/championbaltics.com\/lv\/#website"},"primaryImageOfPage":{"@id":"https:\/\/championbaltics.com\/lv\/toode\/champion-5-cm-tira-netira-udens-suknis\/#primaryimage"},"image":{"@id":"https:\/\/championbaltics.com\/lv\/toode\/champion-5-cm-tira-netira-udens-suknis\/#primaryimage"},"thumbnailUrl":"https:\/\/championbaltics.com\/wp-content\/uploads\/2025\/08\/CPW100742-Produktbild-Medium.webp","datePublished":"2025-08-26T11:01:31+00:00","dateModified":"2025-09-18T07:32:54+00:00","description":"Champion 5 cm \u016bdens s\u016bknis. Pl\u016bsma: 598 L\/min. Pacel\u0161ana\/ies\u016bk\u0161ana: 28 m \/ 8 m. Cieto da\u013ci\u0146u izm\u0113rs: 12 mm.","breadcrumb":{"@id":"https:\/\/championbaltics.com\/lv\/toode\/champion-5-cm-tira-netira-udens-suknis\/#breadcrumb"},"inLanguage":"lv-LV","potentialAction":[{"@type":"ReadAction","target":["https:\/\/championbaltics.com\/lv\/toode\/champion-5-cm-tira-netira-udens-suknis\/"]}]},{"@type":"ImageObject","inLanguage":"lv-LV","@id":"https:\/\/championbaltics.com\/lv\/toode\/champion-5-cm-tira-netira-udens-suknis\/#primaryimage","url":"https:\/\/championbaltics.com\/wp-content\/uploads\/2025\/08\/CPW100742-Produktbild-Medium.webp","contentUrl":"https:\/\/championbaltics.com\/wp-content\/uploads\/2025\/08\/CPW100742-Produktbild-Medium.webp","width":640,"height":640,"caption":"Champion 5 cm t\u012bra\/net\u012bra \u016bdens s\u016bknis."},{"@type":"BreadcrumbList","@id":"https:\/\/championbaltics.com\/lv\/toode\/champion-5-cm-tira-netira-udens-suknis\/#breadcrumb","itemListElement":[{"@type":"ListItem","position":1,"name":"Home","item":"https:\/\/championbaltics.com\/lv\/"},{"@type":"ListItem","position":2,"name":"Veikals","item":"https:\/\/championbaltics.com\/lv\/veikals\/"},{"@type":"ListItem","position":3,"name":"Champion 5 cm t\u012bra\/net\u012bra \u016bdens s\u016bknis"}]},{"@type":"WebSite","@id":"https:\/\/championbaltics.com\/lv\/#website","url":"https:\/\/championbaltics.com\/lv\/","name":"Champion Baltics","description":"Power equipments","publisher":{"@id":"https:\/\/championbaltics.com\/lv\/#organization"},"alternateName":"Champion Power Equipment","potentialAction":[{"@type":"SearchAction","target":{"@type":"EntryPoint","urlTemplate":"https:\/\/championbaltics.com\/lv\/?s={search_term_string}"},"query-input":{"@type":"PropertyValueSpecification","valueRequired":true,"valueName":"search_term_string"}}],"inLanguage":"lv-LV"},{"@type":["Organization","Place"],"@id":"https:\/\/championbaltics.com\/lv\/#organization","name":"Champion Baltics","alternateName":"Champion Power Equipment","url":"https:\/\/championbaltics.com\/lv\/","logo":{"@id":"https:\/\/championbaltics.com\/lv\/toode\/champion-5-cm-tira-netira-udens-suknis\/#local-main-organization-logo"},"image":{"@id":"https:\/\/championbaltics.com\/lv\/toode\/champion-5-cm-tira-netira-udens-suknis\/#local-main-organization-logo"},"sameAs":["https:\/\/facebook.com\/championbaltics"],"description":"Champion power equipment representer of State of Baltics","legalName":"T.O Engineering LLC","foundingDate":"2015-01-07","numberOfEmployees":{"@type":"QuantitativeValue","minValue":"1","maxValue":"10"},"hasMerchantReturnPolicy":{"@type":"MerchantReturnPolicy","merchantReturnLink":"https:\/\/championbaltics.com\/refund_returns\/"},"address":{"@id":"https:\/\/championbaltics.com\/lv\/toode\/champion-5-cm-tira-netira-udens-suknis\/#local-main-place-address"},"telephone":[],"contactPoint":{"@type":"ContactPoint","telephone":"+3725204833","email":"info@championbaltics.com"},"openingHoursSpecification":[{"@type":"OpeningHoursSpecification","dayOfWeek":["Monday","Tuesday","Wednesday","Thursday","Friday","Saturday","Sunday"],"opens":"09:00","closes":"17:00"}],"email":"info@championbaltics.com","vatID":"EE102032772"},{"@type":"PostalAddress","@id":"https:\/\/championbaltics.com\/lv\/toode\/champion-5-cm-tira-netira-udens-suknis\/#local-main-place-address","streetAddress":"P\u00e4rnu mnt 144","addressLocality":"Tallinn","postalCode":"11317","addressRegion":"Harju","addressCountry":"EE"},{"@type":"ImageObject","inLanguage":"lv-LV","@id":"https:\/\/championbaltics.com\/lv\/toode\/champion-5-cm-tira-netira-udens-suknis\/#local-main-organization-logo","url":"https:\/\/championbaltics.com\/wp-content\/uploads\/2025\/08\/cropped-ChampionBalticsLogo.webp","contentUrl":"https:\/\/championbaltics.com\/wp-content\/uploads\/2025\/08\/cropped-ChampionBalticsLogo.webp","width":512,"height":512,"caption":"Champion Baltics"}]},"product_brand":"Champion","product_price_amount":"499.00","product_price_currency":"EUR","og_availability":"instock","product_availability":"instock","product_retailer_item_id":"CPW100742-EU","product_condition":"new","geo.placename":"Tallinn","geo.region":"Estonia"},"_links":{"self":[{"href":"https:\/\/championbaltics.com\/lv\/wp-json\/wp\/v2\/product\/30993","targetHints":{"allow":["GET"]}}],"collection":[{"href":"https:\/\/championbaltics.com\/lv\/wp-json\/wp\/v2\/product"}],"about":[{"href":"https:\/\/championbaltics.com\/lv\/wp-json\/wp\/v2\/types\/product"}],"replies":[{"embeddable":true,"href":"https:\/\/championbaltics.com\/lv\/wp-json\/wp\/v2\/comments?post=30993"}],"version-history":[{"count":1,"href":"https:\/\/championbaltics.com\/lv\/wp-json\/wp\/v2\/product\/30993\/revisions"}],"predecessor-version":[{"id":32114,"href":"https:\/\/championbaltics.com\/lv\/wp-json\/wp\/v2\/product\/30993\/revisions\/32114"}],"wp:featuredmedia":[{"embeddable":true,"href":"https:\/\/championbaltics.com\/lv\/wp-json\/wp\/v2\/media\/30994"}],"wp:attachment":[{"href":"https:\/\/championbaltics.com\/lv\/wp-json\/wp\/v2\/media?parent=30993"}],"wp:term":[{"taxonomy":"product_brand","embeddable":true,"href":"https:\/\/championbaltics.com\/lv\/wp-json\/wp\/v2\/product_brand?post=30993"},{"taxonomy":"product_cat","embeddable":true,"href":"https:\/\/championbaltics.com\/lv\/wp-json\/wp\/v2\/product_cat?post=30993"},{"taxonomy":"product_tag","embeddable":true,"href":"https:\/\/championbaltics.com\/lv\/wp-json\/wp\/v2\/product_tag?post=30993"}],"curies":[{"name":"wp","href":"https:\/\/api.w.org\/{rel}","templated":true}]}}