{"id":30999,"date":"2025-08-26T09:54:38","date_gmt":"2025-08-26T09:54:38","guid":{"rendered":"https:\/\/championbaltics.com\/toode\/champion-3600-vatu-invertora-generators\/"},"modified":"2026-04-28T13:51:11","modified_gmt":"2026-04-28T13:51:11","slug":"champion-3600-vatu-invertora-generators","status":"publish","type":"product","link":"https:\/\/championbaltics.com\/lv\/toode\/champion-3600-vatu-invertora-generators\/","title":{"rendered":"Champion 3600 vatu invertora \u0123enerators"},"content":{"rendered":"<h1>Champion 3600 vatu invertora \u0123enerators APEX<\/h1>\n<p><span dir=\"auto\">Champion APEX 500987-EU-SC ir jaud\u012bgs un kluss invertora \u0123enerators, kas nep\u0101rtraukti ra\u017eo 3500 vatus un sasniedz maksim\u0101lo jaudu 4500 vati. Ar komplekt\u0101 iek\u013cauto t\u0101lvad\u012bbas pulti ier\u012bci var iesl\u0113gt un izsl\u0113gt no att\u0101luma l\u012bdz pat 25 metriem.<\/span><\/p>\n<p><span dir=\"auto\">\u0160im \u0123eneratoram ir 8,7 litru degvielas tvertne, kas nodro\u0161ina darb\u012bbu l\u012bdz pat 14 stund\u0101m ar 25% slodzi. Ekonomisk\u0101 re\u017e\u012bma funkcija optimiz\u0113 degvielas pat\u0113ri\u0146u, un t\u012brais sinusa vi\u013c\u0146u spriegums padara to dro\u0161u jut\u012bg\u0101m iek\u0101rt\u0101m, piem\u0113ram, datoriem un citai delik\u0101tai elektronikai. <\/span><\/p>\n<p><span dir=\"auto\">Modelim ir ar\u012b unik\u0101la 15 sekun\u017eu jaudas aizture iedarbin\u0101\u0161anas un aptur\u0113\u0161anas laik\u0101, kas aizsarg\u0101 jut\u012bgu apr\u012bkojumu no str\u0101vas p\u0101rspriegumiem. Jaud\u012bgais 212cc Champion OHV dzin\u0113js ir apr\u012bkots ar e\u013c\u013cas aizsargu, kas autom\u0101tiski izsl\u0113dz dzin\u0113ju, ja e\u013c\u013cas l\u012bmenis nokr\u012btas p\u0101r\u0101k zemu. Tam ir ar\u012b paral\u0113l\u0101 savienojuma iesp\u0113ja, kas \u013cauj to savienot ar citu l\u012bdz\u012bgu vai citu Champion invertora \u0123eneratoru papildu jaudai.  <\/span><\/p>\n<p><span dir=\"auto\">Lieliski piem\u0113rots kempingam, med\u012bb\u0101m, ce\u013co\u0161anai, pas\u0101kumiem un viegliem darbiem m\u0101j\u0101s. Ieb\u016bv\u0113tais U veida rokturis un rite\u0146u komplekts atvieglo ier\u012bces transport\u0113\u0161anu un uzglab\u0101\u0161anu. <\/span><\/p>\n<p><span dir=\"auto\">Champion APEX atbilst pras\u012bb\u0101m un ir apstiprin\u0101ts EURO5 standartam \u2013 ar 3 gadu garantiju!<\/span><\/p>\n","protected":false},"excerpt":{"rendered":"<p>\u012apa\u0161\u012bbas:<\/p>\n<div class=\"jet-listing-grid__item jet-listing-dynamic-post-3737\" data-post-id=\"3737\">\n<div class=\"elementor elementor-2932\" data-elementor-type=\"jet-listing-items\" data-elementor-id=\"2932\" data-elementor-post-type=\"jet-engine\">\n<div class=\"elementor-element elementor-element-f363238 e-flex e-con-boxed e-con e-parent e-lazyloaded\" data-id=\"f363238\" data-element_type=\"container\" data-e-type=\"container\" data-settings=\"{\"jet_parallax_layout_list\":[]}\">\n<div class=\"e-con-inner\">\n<div class=\"elementor-element elementor-element-9e57bf1 elementor-widget elementor-widget-jet-listing-dynamic-field\" data-id=\"9e57bf1\" data-element_type=\"widget\" data-e-type=\"widget\" data-widget_type=\"jet-listing-dynamic-field.default\">\n<div class=\"elementor-widget-container\">\n<div class=\"jet-listing jet-listing-dynamic-field display-inline\">\n<div class=\"jet-listing-dynamic-field__inline-wrap\">\n<div class=\"jet-listing-dynamic-field__content\"><span dir=\"auto\">BEZVADU STARTS \u2014 l\u012bdz 25 metru att\u0101lum\u0101<\/span><\/div>\n<\/div>\n<\/div>\n<\/div>\n<\/div>\n<\/div>\n<\/div>\n<\/div>\n<\/div>\n<div class=\"jet-listing-grid__item jet-listing-dynamic-post-3737\" data-post-id=\"3737\">\n<div class=\"elementor elementor-2932\" data-elementor-type=\"jet-listing-items\" data-elementor-id=\"2932\" data-elementor-post-type=\"jet-engine\">\n<div class=\"elementor-element elementor-element-f363238 e-flex e-con-boxed e-con e-parent e-lazyloaded\" data-id=\"f363238\" data-element_type=\"container\" data-e-type=\"container\" data-settings=\"{\"jet_parallax_layout_list\":[]}\">\n<div class=\"e-con-inner\">\n<div class=\"elementor-element elementor-element-9e57bf1 elementor-widget elementor-widget-jet-listing-dynamic-field\" data-id=\"9e57bf1\" data-element_type=\"widget\" data-e-type=\"widget\" data-widget_type=\"jet-listing-dynamic-field.default\">\n<div class=\"elementor-widget-container\">\n<div class=\"jet-listing jet-listing-dynamic-field display-inline\">\n<div class=\"jet-listing-dynamic-field__inline-wrap\">\n<div class=\"jet-listing-dynamic-field__icon is-svg-icon\"><\/div>\n<div class=\"jet-listing-dynamic-field__content\"><span dir=\"auto\">T\u012aRA ELEKTR\u012aBA \u2014 t\u012brs sinusoid\u0101ls vilnis jut\u012bg\u0101m elektrisk\u0101m ier\u012bc\u0113m<\/span><\/div>\n<\/div>\n<\/div>\n<\/div>\n<\/div>\n<\/div>\n<\/div>\n<\/div>\n<\/div>\n<div class=\"jet-listing-grid__item jet-listing-dynamic-post-3737\" data-post-id=\"3737\">\n<div class=\"elementor elementor-2932\" data-elementor-type=\"jet-listing-items\" data-elementor-id=\"2932\" data-elementor-post-type=\"jet-engine\">\n<div class=\"elementor-element elementor-element-f363238 e-flex e-con-boxed e-con e-parent e-lazyloaded\" data-id=\"f363238\" data-element_type=\"container\" data-e-type=\"container\" data-settings=\"{\"jet_parallax_layout_list\":[]}\">\n<div class=\"e-con-inner\">\n<div class=\"elementor-element elementor-element-9e57bf1 elementor-widget elementor-widget-jet-listing-dynamic-field\" data-id=\"9e57bf1\" data-element_type=\"widget\" data-e-type=\"widget\" data-widget_type=\"jet-listing-dynamic-field.default\">\n<div class=\"elementor-widget-container\">\n<div class=\"jet-listing jet-listing-dynamic-field display-inline\">\n<div class=\"jet-listing-dynamic-field__inline-wrap\">\n<div class=\"jet-listing-dynamic-field__icon is-svg-icon\"><\/div>\n<div class=\"jet-listing-dynamic-field__content\"><span dir=\"auto\">\u012aPA\u0160I KLUSS \u2013 Zems trok\u0161\u0146u l\u012bmenis, augsta veiktsp\u0113ja<\/span><\/div>\n<\/div>\n<\/div>\n<\/div>\n<\/div>\n<\/div>\n<\/div>\n<\/div>\n<\/div>\n<div class=\"jet-listing-grid__item jet-listing-dynamic-post-3737\" data-post-id=\"3737\">\n<div class=\"elementor elementor-2932\" data-elementor-type=\"jet-listing-items\" data-elementor-id=\"2932\" data-elementor-post-type=\"jet-engine\">\n<div class=\"elementor-element elementor-element-f363238 e-flex e-con-boxed e-con e-parent e-lazyloaded\" data-id=\"f363238\" data-element_type=\"container\" data-e-type=\"container\" data-settings=\"{\"jet_parallax_layout_list\":[]}\">\n<div class=\"e-con-inner\">\n<div class=\"elementor-element elementor-element-9e57bf1 elementor-widget elementor-widget-jet-listing-dynamic-field\" data-id=\"9e57bf1\" data-element_type=\"widget\" data-e-type=\"widget\" data-widget_type=\"jet-listing-dynamic-field.default\">\n<div class=\"elementor-widget-container\">\n<div class=\"jet-listing jet-listing-dynamic-field display-inline\">\n<div class=\"jet-listing-dynamic-field__inline-wrap\">\n<div class=\"jet-listing-dynamic-field__icon is-svg-icon\"><\/div>\n<div class=\"jet-listing-dynamic-field__content\"><span dir=\"auto\">EZ START FUNKCIJA \u2013 Vienk\u0101r\u0161a un vienm\u0113r\u012bga dzin\u0113ja iedarbin\u0101\u0161ana<\/span><\/div>\n<\/div>\n<\/div>\n<\/div>\n<\/div>\n<\/div>\n<\/div>\n<\/div>\n<\/div>\n<div class=\"jet-listing-grid__item jet-listing-dynamic-post-3737\" data-post-id=\"3737\">\n<div class=\"elementor elementor-2932\" data-elementor-type=\"jet-listing-items\" data-elementor-id=\"2932\" data-elementor-post-type=\"jet-engine\">\n<div class=\"elementor-element elementor-element-f363238 e-flex e-con-boxed e-con e-parent e-lazyloaded\" data-id=\"f363238\" data-element_type=\"container\" data-e-type=\"container\" data-settings=\"{\"jet_parallax_layout_list\":[]}\">\n<div class=\"e-con-inner\">\n<div class=\"elementor-element elementor-element-9e57bf1 elementor-widget elementor-widget-jet-listing-dynamic-field\" data-id=\"9e57bf1\" data-element_type=\"widget\" data-e-type=\"widget\" data-widget_type=\"jet-listing-dynamic-field.default\">\n<div class=\"elementor-widget-container\">\n<div class=\"jet-listing jet-listing-dynamic-field display-inline\">\n<div class=\"jet-listing-dynamic-field__inline-wrap\">\n<div class=\"jet-listing-dynamic-field__icon is-svg-icon\"><\/div>\n<div class=\"jet-listing-dynamic-field__content\"><span dir=\"auto\">PARALLELABLE \u2013 ParaLink ready. Connect 2 units for extra power <\/span><\/div>\n<\/div>\n<\/div>\n<\/div>\n<\/div>\n<\/div>\n<\/div>\n<\/div>\n<\/div>\n<div class=\"jet-listing-grid__item jet-listing-dynamic-post-3737\" data-post-id=\"3737\">\n<div class=\"elementor elementor-2932\" data-elementor-type=\"jet-listing-items\" data-elementor-id=\"2932\" data-elementor-post-type=\"jet-engine\">\n<div class=\"elementor-element elementor-element-f363238 e-flex e-con-boxed e-con e-parent e-lazyloaded\" data-id=\"f363238\" data-element_type=\"container\" data-e-type=\"container\" data-settings=\"{\"jet_parallax_layout_list\":[]}\">\n<div class=\"e-con-inner\">\n<div class=\"elementor-element elementor-element-9e57bf1 elementor-widget elementor-widget-jet-listing-dynamic-field\" data-id=\"9e57bf1\" data-element_type=\"widget\" data-e-type=\"widget\" data-widget_type=\"jet-listing-dynamic-field.default\">\n<div class=\"elementor-widget-container\">\n<div class=\"jet-listing jet-listing-dynamic-field display-inline\">\n<div class=\"jet-listing-dynamic-field__inline-wrap\">\n<div class=\"jet-listing-dynamic-field__icon is-svg-icon\"><\/div>\n<div class=\"jet-listing-dynamic-field__content\"><span dir=\"auto\">VIENK\u0100R\u0160I LIETOJAMS LED DISPLEJS \u2014 r\u0101da ener\u0123ijas pat\u0113ri\u0146u no 0 l\u012bdz 100%<\/span><\/div>\n<\/div>\n<\/div>\n<\/div>\n<\/div>\n<\/div>\n<\/div>\n<\/div>\n<\/div>\n","protected":false},"featured_media":31000,"comment_status":"open","ping_status":"closed","template":"","meta":[],"product_brand":[],"product_cat":[140,247],"product_tag":[190,141],"class_list":{"0":"post-30999","1":"product","2":"type-product","3":"status-publish","4":"has-post-thumbnail","6":"product_cat-benzina-generatori-benzina-generatori","7":"product_cat-invertora-generators","8":"product_tag-generators","9":"product_tag-invertora-generators","11":"first","12":"instock","13":"taxable","14":"shipping-taxable","15":"purchasable","16":"product-type-simple"},"yoast_head":"<!-- This site is optimized with the Yoast SEO Premium plugin v27.4 (Yoast SEO v27.4) - https:\/\/yoast.com\/product\/yoast-seo-premium-wordpress\/ -->\n<title>Champion 3600 vatu invertora \u0123enerators - Champion Baltics<\/title>\n<meta name=\"description\" content=\"Champion 3600 invertora \u0123enerators, bezvadu iedarbin\u0101\u0161ana l\u012bdz 25 m att\u0101lum\u0101. T\u012brs sinusoid\u0101ls sign\u0101ls, zems trok\u0161\u0146u l\u012bmenis, aukst\u0101 iedarbin\u0101\u0161ana, ParaLink gatavs un viegli lietojams LED displejs.\" \/>\n<meta name=\"robots\" content=\"index, follow, max-snippet:-1, max-image-preview:large, max-video-preview:-1\" \/>\n<link rel=\"canonical\" href=\"https:\/\/championbaltics.com\/lv\/toode\/champion-3600-vatu-invertora-generators\/\" \/>\n<meta property=\"og:locale\" content=\"lv_LV\" \/>\n<meta property=\"og:type\" content=\"article\" \/>\n<meta property=\"og:title\" content=\"Champion 3600 vatu invertora \u0123enerators\" \/>\n<meta property=\"og:description\" content=\"Champion 3600 invertora \u0123enerators, bezvadu iedarbin\u0101\u0161ana l\u012bdz 25 m att\u0101lum\u0101. T\u012brs sinusoid\u0101ls sign\u0101ls, zems trok\u0161\u0146u l\u012bmenis, aukst\u0101 iedarbin\u0101\u0161ana, ParaLink gatavs un viegli lietojams LED displejs.\" \/>\n<meta property=\"og:url\" content=\"https:\/\/championbaltics.com\/lv\/toode\/champion-3600-vatu-invertora-generators\/\" \/>\n<meta property=\"og:site_name\" content=\"Champion Baltics\" \/>\n<meta property=\"article:publisher\" content=\"https:\/\/facebook.com\/championbaltics\" \/>\n<meta property=\"article:modified_time\" content=\"2026-04-28T13:51:11+00:00\" \/>\n<meta property=\"og:image\" content=\"https:\/\/championbaltics.com\/wp-content\/uploads\/2025\/08\/500987-EU-SC-Champion-3.webp\" \/>\n\t<meta property=\"og:image:width\" content=\"2560\" \/>\n\t<meta property=\"og:image:height\" content=\"2560\" \/>\n\t<meta property=\"og:image:type\" content=\"image\/jpeg\" \/>\n<meta name=\"twitter:card\" content=\"summary_large_image\" \/>\n<meta name=\"twitter:label1\" content=\"Price\" \/>\n\t<meta name=\"twitter:data1\" content=\"1 399,00&nbsp;&euro;\" \/>\n\t<meta name=\"twitter:label2\" content=\"Availability\" \/>\n\t<meta name=\"twitter:data2\" content=\"In stock\" \/>\n<script type=\"application\/ld+json\" class=\"yoast-schema-graph\">{\"@context\":\"https:\\\/\\\/schema.org\",\"@graph\":[{\"@type\":\"WebPage\",\"@id\":\"https:\\\/\\\/championbaltics.com\\\/lv\\\/toode\\\/champion-3600-vatu-invertora-generators\\\/\",\"url\":\"https:\\\/\\\/championbaltics.com\\\/lv\\\/toode\\\/champion-3600-vatu-invertora-generators\\\/\",\"name\":\"Champion 3600 vatu invertora \u0123enerators - Champion Baltics\",\"isPartOf\":{\"@id\":\"https:\\\/\\\/championbaltics.com\\\/lv\\\/#website\"},\"primaryImageOfPage\":{\"@id\":\"https:\\\/\\\/championbaltics.com\\\/lv\\\/toode\\\/champion-3600-vatu-invertora-generators\\\/#primaryimage\"},\"image\":{\"@id\":\"https:\\\/\\\/championbaltics.com\\\/lv\\\/toode\\\/champion-3600-vatu-invertora-generators\\\/#primaryimage\"},\"thumbnailUrl\":\"https:\\\/\\\/championbaltics.com\\\/wp-content\\\/uploads\\\/2025\\\/08\\\/500987-EU-SC-Champion-3.webp\",\"datePublished\":\"2025-08-26T09:54:38+00:00\",\"dateModified\":\"2026-04-28T13:51:11+00:00\",\"description\":\"Champion 3600 invertora \u0123enerators, bezvadu iedarbin\u0101\u0161ana l\u012bdz 25 m att\u0101lum\u0101. T\u012brs sinusoid\u0101ls sign\u0101ls, zems trok\u0161\u0146u l\u012bmenis, aukst\u0101 iedarbin\u0101\u0161ana, ParaLink gatavs un viegli lietojams LED displejs.\",\"breadcrumb\":{\"@id\":\"https:\\\/\\\/championbaltics.com\\\/lv\\\/toode\\\/champion-3600-vatu-invertora-generators\\\/#breadcrumb\"},\"inLanguage\":\"lv-LV\",\"potentialAction\":[{\"@type\":\"ReadAction\",\"target\":[\"https:\\\/\\\/championbaltics.com\\\/lv\\\/toode\\\/champion-3600-vatu-invertora-generators\\\/\"]}]},{\"@type\":\"ImageObject\",\"inLanguage\":\"lv-LV\",\"@id\":\"https:\\\/\\\/championbaltics.com\\\/lv\\\/toode\\\/champion-3600-vatu-invertora-generators\\\/#primaryimage\",\"url\":\"https:\\\/\\\/championbaltics.com\\\/wp-content\\\/uploads\\\/2025\\\/08\\\/500987-EU-SC-Champion-3.webp\",\"contentUrl\":\"https:\\\/\\\/championbaltics.com\\\/wp-content\\\/uploads\\\/2025\\\/08\\\/500987-EU-SC-Champion-3.webp\",\"width\":2560,\"height\":2560},{\"@type\":\"BreadcrumbList\",\"@id\":\"https:\\\/\\\/championbaltics.com\\\/lv\\\/toode\\\/champion-3600-vatu-invertora-generators\\\/#breadcrumb\",\"itemListElement\":[{\"@type\":\"ListItem\",\"position\":1,\"name\":\"Home\",\"item\":\"https:\\\/\\\/championbaltics.com\\\/lv\\\/\"},{\"@type\":\"ListItem\",\"position\":2,\"name\":\"Veikals\",\"item\":\"https:\\\/\\\/championbaltics.com\\\/lv\\\/veikals\\\/\"},{\"@type\":\"ListItem\",\"position\":3,\"name\":\"Champion 3600 vatu invertora \u0123enerators\"}]},{\"@type\":\"WebSite\",\"@id\":\"https:\\\/\\\/championbaltics.com\\\/lv\\\/#website\",\"url\":\"https:\\\/\\\/championbaltics.com\\\/lv\\\/\",\"name\":\"Champion Baltics\",\"description\":\"Power equipments\",\"publisher\":{\"@id\":\"https:\\\/\\\/championbaltics.com\\\/lv\\\/#organization\"},\"alternateName\":\"Champion Power Equipment\",\"potentialAction\":[{\"@type\":\"SearchAction\",\"target\":{\"@type\":\"EntryPoint\",\"urlTemplate\":\"https:\\\/\\\/championbaltics.com\\\/lv\\\/?s={search_term_string}\"},\"query-input\":{\"@type\":\"PropertyValueSpecification\",\"valueRequired\":true,\"valueName\":\"search_term_string\"}}],\"inLanguage\":\"lv-LV\"},{\"@type\":[\"Organization\",\"Place\"],\"@id\":\"https:\\\/\\\/championbaltics.com\\\/lv\\\/#organization\",\"name\":\"Champion Baltics\",\"alternateName\":\"Champion Power Equipment\",\"url\":\"https:\\\/\\\/championbaltics.com\\\/lv\\\/\",\"logo\":{\"@id\":\"https:\\\/\\\/championbaltics.com\\\/lv\\\/toode\\\/champion-3600-vatu-invertora-generators\\\/#local-main-organization-logo\"},\"image\":{\"@id\":\"https:\\\/\\\/championbaltics.com\\\/lv\\\/toode\\\/champion-3600-vatu-invertora-generators\\\/#local-main-organization-logo\"},\"sameAs\":[\"https:\\\/\\\/facebook.com\\\/championbaltics\"],\"description\":\"Champion power equipment representer of State of Baltics\",\"legalName\":\"T.O Engineering LLC\",\"foundingDate\":\"2015-01-07\",\"numberOfEmployees\":{\"@type\":\"QuantitativeValue\",\"minValue\":\"1\",\"maxValue\":\"10\"},\"hasMerchantReturnPolicy\":{\"@type\":\"MerchantReturnPolicy\",\"merchantReturnLink\":\"https:\\\/\\\/championbaltics.com\\\/refund_returns\\\/\"},\"address\":{\"@id\":\"https:\\\/\\\/championbaltics.com\\\/lv\\\/toode\\\/champion-3600-vatu-invertora-generators\\\/#local-main-place-address\"},\"telephone\":[],\"contactPoint\":{\"@type\":\"ContactPoint\",\"telephone\":\"+3725204833\",\"email\":\"info@championbaltics.com\"},\"openingHoursSpecification\":[{\"@type\":\"OpeningHoursSpecification\",\"dayOfWeek\":[\"Monday\",\"Tuesday\",\"Wednesday\",\"Thursday\",\"Friday\",\"Saturday\",\"Sunday\"],\"opens\":\"09:00\",\"closes\":\"17:00\"}],\"email\":\"info@championbaltics.com\",\"vatID\":\"EE102032772\"},{\"@type\":\"PostalAddress\",\"@id\":\"https:\\\/\\\/championbaltics.com\\\/lv\\\/toode\\\/champion-3600-vatu-invertora-generators\\\/#local-main-place-address\",\"streetAddress\":\"P\u00e4rnu mnt 144\",\"addressLocality\":\"Tallinn\",\"postalCode\":\"11317\",\"addressRegion\":\"Harju\",\"addressCountry\":\"EE\"},{\"@type\":\"ImageObject\",\"inLanguage\":\"lv-LV\",\"@id\":\"https:\\\/\\\/championbaltics.com\\\/lv\\\/toode\\\/champion-3600-vatu-invertora-generators\\\/#local-main-organization-logo\",\"url\":\"https:\\\/\\\/championbaltics.com\\\/wp-content\\\/uploads\\\/2025\\\/08\\\/cropped-ChampionBalticsLogo.webp\",\"contentUrl\":\"https:\\\/\\\/championbaltics.com\\\/wp-content\\\/uploads\\\/2025\\\/08\\\/cropped-ChampionBalticsLogo.webp\",\"width\":512,\"height\":512,\"caption\":\"Champion Baltics\"}]}<\/script>\n<meta property=\"product:price:amount\" content=\"1399.00\" \/>\n<meta property=\"product:price:currency\" content=\"EUR\" \/>\n<meta property=\"og:availability\" content=\"instock\" \/>\n<meta property=\"product:availability\" content=\"instock\" \/>\n<meta property=\"product:retailer_item_id\" content=\"500987-EU-SC\" \/>\n<meta property=\"product:condition\" content=\"new\" \/>\n<meta name=\"geo.placename\" content=\"Tallinn\" \/>\n<meta name=\"geo.region\" content=\"Estonia\" \/>\n<!-- \/ Yoast SEO Premium plugin. -->","yoast_head_json":{"title":"Champion 3600 vatu invertora \u0123enerators - Champion Baltics","description":"Champion 3600 invertora \u0123enerators, bezvadu iedarbin\u0101\u0161ana l\u012bdz 25 m att\u0101lum\u0101. T\u012brs sinusoid\u0101ls sign\u0101ls, zems trok\u0161\u0146u l\u012bmenis, aukst\u0101 iedarbin\u0101\u0161ana, ParaLink gatavs un viegli lietojams LED displejs.","robots":{"index":"index","follow":"follow","max-snippet":"max-snippet:-1","max-image-preview":"max-image-preview:large","max-video-preview":"max-video-preview:-1"},"canonical":"https:\/\/championbaltics.com\/lv\/toode\/champion-3600-vatu-invertora-generators\/","og_locale":"lv_LV","og_type":"article","og_title":"Champion 3600 vatu invertora \u0123enerators","og_description":"Champion 3600 invertora \u0123enerators, bezvadu iedarbin\u0101\u0161ana l\u012bdz 25 m att\u0101lum\u0101. T\u012brs sinusoid\u0101ls sign\u0101ls, zems trok\u0161\u0146u l\u012bmenis, aukst\u0101 iedarbin\u0101\u0161ana, ParaLink gatavs un viegli lietojams LED displejs.","og_url":"https:\/\/championbaltics.com\/lv\/toode\/champion-3600-vatu-invertora-generators\/","og_site_name":"Champion Baltics","article_publisher":"https:\/\/facebook.com\/championbaltics","article_modified_time":"2026-04-28T13:51:11+00:00","og_image":[{"width":2560,"height":2560,"url":"https:\/\/championbaltics.com\/wp-content\/uploads\/2025\/08\/500987-EU-SC-Champion-3.webp","type":"image\/jpeg"}],"twitter_card":"summary_large_image","twitter_misc":{"Price":"1 399,00&nbsp;&euro;","Availability":"In stock"},"schema":{"@context":"https:\/\/schema.org","@graph":[{"@type":"WebPage","@id":"https:\/\/championbaltics.com\/lv\/toode\/champion-3600-vatu-invertora-generators\/","url":"https:\/\/championbaltics.com\/lv\/toode\/champion-3600-vatu-invertora-generators\/","name":"Champion 3600 vatu invertora \u0123enerators - Champion Baltics","isPartOf":{"@id":"https:\/\/championbaltics.com\/lv\/#website"},"primaryImageOfPage":{"@id":"https:\/\/championbaltics.com\/lv\/toode\/champion-3600-vatu-invertora-generators\/#primaryimage"},"image":{"@id":"https:\/\/championbaltics.com\/lv\/toode\/champion-3600-vatu-invertora-generators\/#primaryimage"},"thumbnailUrl":"https:\/\/championbaltics.com\/wp-content\/uploads\/2025\/08\/500987-EU-SC-Champion-3.webp","datePublished":"2025-08-26T09:54:38+00:00","dateModified":"2026-04-28T13:51:11+00:00","description":"Champion 3600 invertora \u0123enerators, bezvadu iedarbin\u0101\u0161ana l\u012bdz 25 m att\u0101lum\u0101. T\u012brs sinusoid\u0101ls sign\u0101ls, zems trok\u0161\u0146u l\u012bmenis, aukst\u0101 iedarbin\u0101\u0161ana, ParaLink gatavs un viegli lietojams LED displejs.","breadcrumb":{"@id":"https:\/\/championbaltics.com\/lv\/toode\/champion-3600-vatu-invertora-generators\/#breadcrumb"},"inLanguage":"lv-LV","potentialAction":[{"@type":"ReadAction","target":["https:\/\/championbaltics.com\/lv\/toode\/champion-3600-vatu-invertora-generators\/"]}]},{"@type":"ImageObject","inLanguage":"lv-LV","@id":"https:\/\/championbaltics.com\/lv\/toode\/champion-3600-vatu-invertora-generators\/#primaryimage","url":"https:\/\/championbaltics.com\/wp-content\/uploads\/2025\/08\/500987-EU-SC-Champion-3.webp","contentUrl":"https:\/\/championbaltics.com\/wp-content\/uploads\/2025\/08\/500987-EU-SC-Champion-3.webp","width":2560,"height":2560},{"@type":"BreadcrumbList","@id":"https:\/\/championbaltics.com\/lv\/toode\/champion-3600-vatu-invertora-generators\/#breadcrumb","itemListElement":[{"@type":"ListItem","position":1,"name":"Home","item":"https:\/\/championbaltics.com\/lv\/"},{"@type":"ListItem","position":2,"name":"Veikals","item":"https:\/\/championbaltics.com\/lv\/veikals\/"},{"@type":"ListItem","position":3,"name":"Champion 3600 vatu invertora \u0123enerators"}]},{"@type":"WebSite","@id":"https:\/\/championbaltics.com\/lv\/#website","url":"https:\/\/championbaltics.com\/lv\/","name":"Champion Baltics","description":"Power equipments","publisher":{"@id":"https:\/\/championbaltics.com\/lv\/#organization"},"alternateName":"Champion Power Equipment","potentialAction":[{"@type":"SearchAction","target":{"@type":"EntryPoint","urlTemplate":"https:\/\/championbaltics.com\/lv\/?s={search_term_string}"},"query-input":{"@type":"PropertyValueSpecification","valueRequired":true,"valueName":"search_term_string"}}],"inLanguage":"lv-LV"},{"@type":["Organization","Place"],"@id":"https:\/\/championbaltics.com\/lv\/#organization","name":"Champion Baltics","alternateName":"Champion Power Equipment","url":"https:\/\/championbaltics.com\/lv\/","logo":{"@id":"https:\/\/championbaltics.com\/lv\/toode\/champion-3600-vatu-invertora-generators\/#local-main-organization-logo"},"image":{"@id":"https:\/\/championbaltics.com\/lv\/toode\/champion-3600-vatu-invertora-generators\/#local-main-organization-logo"},"sameAs":["https:\/\/facebook.com\/championbaltics"],"description":"Champion power equipment representer of State of Baltics","legalName":"T.O Engineering LLC","foundingDate":"2015-01-07","numberOfEmployees":{"@type":"QuantitativeValue","minValue":"1","maxValue":"10"},"hasMerchantReturnPolicy":{"@type":"MerchantReturnPolicy","merchantReturnLink":"https:\/\/championbaltics.com\/refund_returns\/"},"address":{"@id":"https:\/\/championbaltics.com\/lv\/toode\/champion-3600-vatu-invertora-generators\/#local-main-place-address"},"telephone":[],"contactPoint":{"@type":"ContactPoint","telephone":"+3725204833","email":"info@championbaltics.com"},"openingHoursSpecification":[{"@type":"OpeningHoursSpecification","dayOfWeek":["Monday","Tuesday","Wednesday","Thursday","Friday","Saturday","Sunday"],"opens":"09:00","closes":"17:00"}],"email":"info@championbaltics.com","vatID":"EE102032772"},{"@type":"PostalAddress","@id":"https:\/\/championbaltics.com\/lv\/toode\/champion-3600-vatu-invertora-generators\/#local-main-place-address","streetAddress":"P\u00e4rnu mnt 144","addressLocality":"Tallinn","postalCode":"11317","addressRegion":"Harju","addressCountry":"EE"},{"@type":"ImageObject","inLanguage":"lv-LV","@id":"https:\/\/championbaltics.com\/lv\/toode\/champion-3600-vatu-invertora-generators\/#local-main-organization-logo","url":"https:\/\/championbaltics.com\/wp-content\/uploads\/2025\/08\/cropped-ChampionBalticsLogo.webp","contentUrl":"https:\/\/championbaltics.com\/wp-content\/uploads\/2025\/08\/cropped-ChampionBalticsLogo.webp","width":512,"height":512,"caption":"Champion Baltics"}]},"product_price_amount":"1399.00","product_price_currency":"EUR","og_availability":"instock","product_availability":"instock","product_retailer_item_id":"500987-EU-SC","product_condition":"new","geo.placename":"Tallinn","geo.region":"Estonia"},"_links":{"self":[{"href":"https:\/\/championbaltics.com\/lv\/wp-json\/wp\/v2\/product\/30999","targetHints":{"allow":["GET"]}}],"collection":[{"href":"https:\/\/championbaltics.com\/lv\/wp-json\/wp\/v2\/product"}],"about":[{"href":"https:\/\/championbaltics.com\/lv\/wp-json\/wp\/v2\/types\/product"}],"replies":[{"embeddable":true,"href":"https:\/\/championbaltics.com\/lv\/wp-json\/wp\/v2\/comments?post=30999"}],"version-history":[{"count":2,"href":"https:\/\/championbaltics.com\/lv\/wp-json\/wp\/v2\/product\/30999\/revisions"}],"predecessor-version":[{"id":34145,"href":"https:\/\/championbaltics.com\/lv\/wp-json\/wp\/v2\/product\/30999\/revisions\/34145"}],"wp:featuredmedia":[{"embeddable":true,"href":"https:\/\/championbaltics.com\/lv\/wp-json\/wp\/v2\/media\/31000"}],"wp:attachment":[{"href":"https:\/\/championbaltics.com\/lv\/wp-json\/wp\/v2\/media?parent=30999"}],"wp:term":[{"taxonomy":"product_brand","embeddable":true,"href":"https:\/\/championbaltics.com\/lv\/wp-json\/wp\/v2\/product_brand?post=30999"},{"taxonomy":"product_cat","embeddable":true,"href":"https:\/\/championbaltics.com\/lv\/wp-json\/wp\/v2\/product_cat?post=30999"},{"taxonomy":"product_tag","embeddable":true,"href":"https:\/\/championbaltics.com\/lv\/wp-json\/wp\/v2\/product_tag?post=30999"}],"curies":[{"name":"wp","href":"https:\/\/api.w.org\/{rel}","templated":true}]}}