{"id":31015,"date":"2025-08-26T11:37:50","date_gmt":"2025-08-26T11:37:50","guid":{"rendered":"https:\/\/championbaltics.com\/toode\/bimson-625-kva-dizelgenerators\/"},"modified":"2026-04-29T09:43:46","modified_gmt":"2026-04-29T09:43:46","slug":"bimson-625-kva-dizelgenerators","status":"publish","type":"product","link":"https:\/\/championbaltics.com\/lv\/toode\/bimson-625-kva-dizelgenerators\/","title":{"rendered":"Bimson Power 6.25 kVa Diesel Generator &#8211; Wireless Start, 1 Phase"},"content":{"rendered":"<p>\u0160is jaunais un uzlabotais Bimson Power 6,25 kVa d\u012bze\u013c\u0123enerators lepojas ar palielin\u0101tu jaudu un piln\u012bb\u0101 atbilsto\u0161u EU5 standarta dzin\u0113ju, ar iek\u0161\u0113jo vara tinumu \u0123eneratoru, kas nodro\u0161ina stabilu motora \u0101trumu.<\/p>\n<p>Tas ir apr\u012bkots ar autom\u0101tisko sprieguma regulatora (AVR) vad\u012bbas sist\u0113mu, lai uzraudz\u012btu izeju un aizsarg\u0101tu ier\u012bci pret sprieguma sv\u0101rst\u012bb\u0101m, nodro\u0161inot vienm\u0113r\u012bg\u0101ku sinuso\u012bdu.<\/p>\n<p>Aptverts ar ska\u0146u izol\u0113jo\u0161u p\u0101rsegu, p\u0101rkl\u0101ts ar mat\u0113tu p\u0101rkl\u0101jumu, kas iztur\u012bgs pret skr\u0101p\u0113jumiem, iztur\u012bgais smag\u0101 r\u016bpniecisk\u0101 r\u0101mja nodro\u0161ina piln\u012bgu aizsardz\u012bbu un pal\u012bdz p\u0101rvietojam\u012bbai. \u0160im klusajam p\u0101rsegam ir papildu priek\u0161roc\u012bba &#8211; atsl\u0113gas iedarbin\u0101\u0161anas iesp\u0113ja, un vienm\u0113r\u012bgu darb\u012bbu v\u0113l vair\u0101k uzlabo pretvibr\u0101cijas stiprin\u0101jumi. <\/p>\n<p>Piln\u012bb\u0101 uzpild\u012bts 16 litru tvertne var viegli nodro\u0161in\u0101t l\u012bdz pat 12 stundu darb\u012bbu ar aptuveni 50% slodzi, padarot \u0161o Bimson Power \u0123eneratoru ide\u0101li piem\u0113rotu da\u017e\u0101diem pielietojumiem, piem\u0113ram, m\u0101jsaimniec\u012bbas pieg\u0101dei, b\u016bvniec\u012bbai, \u0113din\u0101\u0161anai un r\u016bpnieciskai lieto\u0161anai, piem\u0113ram, elektroinstrumentiem un apgaismes ier\u012bc\u0113m. K\u0101 rezerves \u0123enerators tas ir ide\u0101ls produkts str\u0101vas p\u0101rtraukumu un iztr\u016bkumu laik\u0101. <\/p>\n","protected":false},"excerpt":{"rendered":"<p>\u0160is jaunais un uzlabotais Bimson Power 6,25 kVa d\u012bze\u013c\u0123enerators lepojas ar palielin\u0101tu jaudu un piln\u012bb\u0101 atbilsto\u0161u EU5 standarta dzin\u0113ju, ar iek\u0161\u0113jo vara tinumu \u0123eneratoru, kas nodro\u0161ina stabilu motora \u0101trumu.<\/p>\n<ul>\n<li>BIMSON POWER KVALIT\u0100TE \u2013 D\u012bze\u013cdzin\u0113js ar 474 cc.<\/li>\n<li>JAUDA \u2013 6,25 kVa \u0123enerators ar maksim\u0101lo jaudu 5500 vati un darba jaudu 5000 vati.<\/li>\n<li>DARBA LAIKS &#8211; 16 litru tvertne darbojas l\u012bdz 12 stund\u0101m ar 50% slodzi.<\/li>\n<li>GUDRS + DRO\u0160S \u2013 Zema e\u013c\u013cas l\u012bme\u0146a izsl\u0113g\u0161anas sensors un Autom\u0101tisk\u0101s sprieguma regul\u0113\u0161anas (AVR) kontroles sist\u0113ma dro\u0161ai lieto\u0161anai.<\/li>\n<li>MIERS + KLUSUMS \u2013 Klusa darb\u012bba ar tikai 68 dBA trok\u0161\u0146a l\u012bmeni (7 metru att\u0101lum\u0101) un ieskauta ska\u0146u necaurlaid\u012bg\u0101 p\u0101rseg\u0101. (Skat\u012bt inform\u0101ciju par trok\u0161\u0146a l\u012bmeni)<\/li>\n<li>DAUDZVEID\u012aGI IZVADI \u2013 Ietver 1 x 120V 32amp un 1 x 240V 32amp<\/li>\n<li>BEZVADU T\u0100LVAD\u012aBA \u2013 Izbaudiet bezvadu \u0113rt\u012bbas, bet, l\u016bdzu, \u0146emiet v\u0113r\u0101, ka \u0161is modelis neatbalsta ATS.<\/li>\n<\/ul>\n<p>PIEZ\u012aME: ATS nav sader\u012bgs ar bezvadu t\u0101lvad\u012bbas starta modeli.<\/p>\n","protected":false},"featured_media":34260,"comment_status":"open","ping_status":"closed","template":"","meta":[],"product_brand":[],"product_cat":[189],"product_tag":[238,190],"class_list":{"0":"post-31015","1":"product","2":"type-product","3":"status-publish","4":"has-post-thumbnail","6":"product_cat-dizelgeneratori","7":"product_tag-dizelgenerators","8":"product_tag-generators","10":"first","11":"instock","12":"taxable","13":"shipping-taxable","14":"purchasable","15":"product-type-simple"},"yoast_head":"<!-- This site is optimized with the Yoast SEO Premium plugin v27.5 (Yoast SEO v27.5) - https:\/\/yoast.com\/product\/yoast-seo-premium-wordpress\/ -->\n<title>Bimson Power 6.25 kVa Diesel Generator - Wireless Start, 1 Phase - Champion Baltics<\/title>\n<meta name=\"description\" content=\"Uzticams un kluss Bimson Power d\u012bze\u013c\u0123enerators ar EU5 dzin\u0113ju un AVR tehnolo\u0123iju. Ide\u0101li piem\u0113rots m\u0101jas rezerves ener\u0123ijai, b\u016bvniec\u012bbai, \u0113din\u0101\u0161anai un r\u016bpnieciskai lieto\u0161anai. Darbojas l\u012bdz 12 stund\u0101m ar 16L tvertni.\" \/>\n<meta name=\"robots\" content=\"index, follow, max-snippet:-1, max-image-preview:large, max-video-preview:-1\" \/>\n<link rel=\"canonical\" href=\"https:\/\/championbaltics.com\/lv\/toode\/bimson-625-kva-dizelgenerators\/\" \/>\n<meta property=\"og:locale\" content=\"lv_LV\" \/>\n<meta property=\"og:type\" content=\"article\" \/>\n<meta property=\"og:title\" content=\"Bimson Power 6.25 kVa Diesel Generator - Wireless Start, 1 Phase\" \/>\n<meta property=\"og:description\" content=\"Uzticams un kluss Bimson Power d\u012bze\u013c\u0123enerators ar EU5 dzin\u0113ju un AVR tehnolo\u0123iju. Ide\u0101li piem\u0113rots m\u0101jas rezerves ener\u0123ijai, b\u016bvniec\u012bbai, \u0113din\u0101\u0161anai un r\u016bpnieciskai lieto\u0161anai. Darbojas l\u012bdz 12 stund\u0101m ar 16L tvertni.\" \/>\n<meta property=\"og:url\" content=\"https:\/\/championbaltics.com\/lv\/toode\/bimson-625-kva-dizelgenerators\/\" \/>\n<meta property=\"og:site_name\" content=\"Champion Baltics\" \/>\n<meta property=\"article:publisher\" content=\"https:\/\/facebook.com\/championbaltics\" \/>\n<meta property=\"article:modified_time\" content=\"2026-04-29T09:43:46+00:00\" \/>\n<meta property=\"og:image\" content=\"https:\/\/championbaltics.com\/wp-content\/uploads\/2025\/08\/BPE_LDG6500SVWRC-EU_featured_900x556.webp\" \/>\n\t<meta property=\"og:image:width\" content=\"900\" \/>\n\t<meta property=\"og:image:height\" content=\"516\" \/>\n\t<meta property=\"og:image:type\" content=\"image\/webp\" \/>\n<meta name=\"twitter:card\" content=\"summary_large_image\" \/>\n<meta name=\"twitter:label1\" content=\"Price\" \/>\n\t<meta name=\"twitter:data1\" content=\"2 079,00&nbsp;&euro;\" \/>\n\t<meta name=\"twitter:label2\" content=\"Availability\" \/>\n\t<meta name=\"twitter:data2\" content=\"In stock\" \/>\n<script type=\"application\/ld+json\" class=\"yoast-schema-graph\">{\"@context\":\"https:\\\/\\\/schema.org\",\"@graph\":[{\"@type\":\"WebPage\",\"@id\":\"https:\\\/\\\/championbaltics.com\\\/lv\\\/toode\\\/bimson-625-kva-dizelgenerators\\\/\",\"url\":\"https:\\\/\\\/championbaltics.com\\\/lv\\\/toode\\\/bimson-625-kva-dizelgenerators\\\/\",\"name\":\"Bimson Power 6.25 kVa Diesel Generator - Wireless Start, 1 Phase - Champion Baltics\",\"isPartOf\":{\"@id\":\"https:\\\/\\\/championbaltics.com\\\/lv\\\/#website\"},\"primaryImageOfPage\":{\"@id\":\"https:\\\/\\\/championbaltics.com\\\/lv\\\/toode\\\/bimson-625-kva-dizelgenerators\\\/#primaryimage\"},\"image\":{\"@id\":\"https:\\\/\\\/championbaltics.com\\\/lv\\\/toode\\\/bimson-625-kva-dizelgenerators\\\/#primaryimage\"},\"thumbnailUrl\":\"https:\\\/\\\/championbaltics.com\\\/wp-content\\\/uploads\\\/2025\\\/08\\\/BPE_LDG6500SVWRC-EU_featured_900x556.webp\",\"datePublished\":\"2025-08-26T11:37:50+00:00\",\"dateModified\":\"2026-04-29T09:43:46+00:00\",\"description\":\"Uzticams un kluss Bimson Power d\u012bze\u013c\u0123enerators ar EU5 dzin\u0113ju un AVR tehnolo\u0123iju. Ide\u0101li piem\u0113rots m\u0101jas rezerves ener\u0123ijai, b\u016bvniec\u012bbai, \u0113din\u0101\u0161anai un r\u016bpnieciskai lieto\u0161anai. Darbojas l\u012bdz 12 stund\u0101m ar 16L tvertni.\",\"breadcrumb\":{\"@id\":\"https:\\\/\\\/championbaltics.com\\\/lv\\\/toode\\\/bimson-625-kva-dizelgenerators\\\/#breadcrumb\"},\"inLanguage\":\"lv-LV\",\"potentialAction\":[{\"@type\":\"ReadAction\",\"target\":[\"https:\\\/\\\/championbaltics.com\\\/lv\\\/toode\\\/bimson-625-kva-dizelgenerators\\\/\"]}]},{\"@type\":\"ImageObject\",\"inLanguage\":\"lv-LV\",\"@id\":\"https:\\\/\\\/championbaltics.com\\\/lv\\\/toode\\\/bimson-625-kva-dizelgenerators\\\/#primaryimage\",\"url\":\"https:\\\/\\\/championbaltics.com\\\/wp-content\\\/uploads\\\/2025\\\/08\\\/BPE_LDG6500SVWRC-EU_featured_900x556.webp\",\"contentUrl\":\"https:\\\/\\\/championbaltics.com\\\/wp-content\\\/uploads\\\/2025\\\/08\\\/BPE_LDG6500SVWRC-EU_featured_900x556.webp\",\"width\":900,\"height\":516},{\"@type\":\"BreadcrumbList\",\"@id\":\"https:\\\/\\\/championbaltics.com\\\/lv\\\/toode\\\/bimson-625-kva-dizelgenerators\\\/#breadcrumb\",\"itemListElement\":[{\"@type\":\"ListItem\",\"position\":1,\"name\":\"Home\",\"item\":\"https:\\\/\\\/championbaltics.com\\\/lv\\\/\"},{\"@type\":\"ListItem\",\"position\":2,\"name\":\"Veikals\",\"item\":\"https:\\\/\\\/championbaltics.com\\\/lv\\\/veikals\\\/\"},{\"@type\":\"ListItem\",\"position\":3,\"name\":\"Bimson Power 6.25 kVa Diesel Generator &#8211; Wireless Start, 1 Phase\"}]},{\"@type\":\"WebSite\",\"@id\":\"https:\\\/\\\/championbaltics.com\\\/lv\\\/#website\",\"url\":\"https:\\\/\\\/championbaltics.com\\\/lv\\\/\",\"name\":\"Champion Baltics\",\"description\":\"Power equipments\",\"publisher\":{\"@id\":\"https:\\\/\\\/championbaltics.com\\\/lv\\\/#organization\"},\"alternateName\":\"Champion Power Equipment\",\"potentialAction\":[{\"@type\":\"SearchAction\",\"target\":{\"@type\":\"EntryPoint\",\"urlTemplate\":\"https:\\\/\\\/championbaltics.com\\\/lv\\\/?s={search_term_string}\"},\"query-input\":{\"@type\":\"PropertyValueSpecification\",\"valueRequired\":true,\"valueName\":\"search_term_string\"}}],\"inLanguage\":\"lv-LV\"},{\"@type\":[\"Organization\",\"Place\"],\"@id\":\"https:\\\/\\\/championbaltics.com\\\/lv\\\/#organization\",\"name\":\"Champion Baltics\",\"alternateName\":\"Champion Power Equipment\",\"url\":\"https:\\\/\\\/championbaltics.com\\\/lv\\\/\",\"logo\":{\"@id\":\"https:\\\/\\\/championbaltics.com\\\/lv\\\/toode\\\/bimson-625-kva-dizelgenerators\\\/#local-main-organization-logo\"},\"image\":{\"@id\":\"https:\\\/\\\/championbaltics.com\\\/lv\\\/toode\\\/bimson-625-kva-dizelgenerators\\\/#local-main-organization-logo\"},\"sameAs\":[\"https:\\\/\\\/facebook.com\\\/championbaltics\"],\"description\":\"Champion power equipment representer of State of Baltics\",\"legalName\":\"T.O Engineering LLC\",\"foundingDate\":\"2015-01-07\",\"numberOfEmployees\":{\"@type\":\"QuantitativeValue\",\"minValue\":\"1\",\"maxValue\":\"10\"},\"hasMerchantReturnPolicy\":{\"@type\":\"MerchantReturnPolicy\",\"merchantReturnLink\":\"https:\\\/\\\/championbaltics.com\\\/refund_returns\\\/\"},\"address\":{\"@id\":\"https:\\\/\\\/championbaltics.com\\\/lv\\\/toode\\\/bimson-625-kva-dizelgenerators\\\/#local-main-place-address\"},\"telephone\":[],\"contactPoint\":{\"@type\":\"ContactPoint\",\"telephone\":\"+3725204833\",\"email\":\"info@championbaltics.com\"},\"openingHoursSpecification\":[{\"@type\":\"OpeningHoursSpecification\",\"dayOfWeek\":[\"Monday\",\"Tuesday\",\"Wednesday\",\"Thursday\",\"Friday\",\"Saturday\",\"Sunday\"],\"opens\":\"09:00\",\"closes\":\"17:00\"}],\"email\":\"info@championbaltics.com\",\"vatID\":\"EE102032772\"},{\"@type\":\"PostalAddress\",\"@id\":\"https:\\\/\\\/championbaltics.com\\\/lv\\\/toode\\\/bimson-625-kva-dizelgenerators\\\/#local-main-place-address\",\"streetAddress\":\"P\u00e4rnu mnt 144\",\"addressLocality\":\"Tallinn\",\"postalCode\":\"11317\",\"addressRegion\":\"Harju\",\"addressCountry\":\"EE\"},{\"@type\":\"ImageObject\",\"inLanguage\":\"lv-LV\",\"@id\":\"https:\\\/\\\/championbaltics.com\\\/lv\\\/toode\\\/bimson-625-kva-dizelgenerators\\\/#local-main-organization-logo\",\"url\":\"https:\\\/\\\/championbaltics.com\\\/wp-content\\\/uploads\\\/2025\\\/08\\\/cropped-ChampionBalticsLogo.webp\",\"contentUrl\":\"https:\\\/\\\/championbaltics.com\\\/wp-content\\\/uploads\\\/2025\\\/08\\\/cropped-ChampionBalticsLogo.webp\",\"width\":512,\"height\":512,\"caption\":\"Champion Baltics\"}]}<\/script>\n<meta property=\"product:price:amount\" content=\"2079.00\" \/>\n<meta property=\"product:price:currency\" content=\"EUR\" \/>\n<meta property=\"og:availability\" content=\"instock\" \/>\n<meta property=\"product:availability\" content=\"instock\" \/>\n<meta property=\"product:retailer_item_id\" content=\"LDG6500SVWRC-EU\" \/>\n<meta property=\"product:condition\" content=\"new\" \/>\n<meta name=\"geo.placename\" content=\"Tallinn\" \/>\n<meta name=\"geo.region\" content=\"Estonia\" \/>\n<!-- \/ Yoast SEO Premium plugin. -->","yoast_head_json":{"title":"Bimson Power 6.25 kVa Diesel Generator - Wireless Start, 1 Phase - Champion Baltics","description":"Uzticams un kluss Bimson Power d\u012bze\u013c\u0123enerators ar EU5 dzin\u0113ju un AVR tehnolo\u0123iju. Ide\u0101li piem\u0113rots m\u0101jas rezerves ener\u0123ijai, b\u016bvniec\u012bbai, \u0113din\u0101\u0161anai un r\u016bpnieciskai lieto\u0161anai. Darbojas l\u012bdz 12 stund\u0101m ar 16L tvertni.","robots":{"index":"index","follow":"follow","max-snippet":"max-snippet:-1","max-image-preview":"max-image-preview:large","max-video-preview":"max-video-preview:-1"},"canonical":"https:\/\/championbaltics.com\/lv\/toode\/bimson-625-kva-dizelgenerators\/","og_locale":"lv_LV","og_type":"article","og_title":"Bimson Power 6.25 kVa Diesel Generator - Wireless Start, 1 Phase","og_description":"Uzticams un kluss Bimson Power d\u012bze\u013c\u0123enerators ar EU5 dzin\u0113ju un AVR tehnolo\u0123iju. Ide\u0101li piem\u0113rots m\u0101jas rezerves ener\u0123ijai, b\u016bvniec\u012bbai, \u0113din\u0101\u0161anai un r\u016bpnieciskai lieto\u0161anai. Darbojas l\u012bdz 12 stund\u0101m ar 16L tvertni.","og_url":"https:\/\/championbaltics.com\/lv\/toode\/bimson-625-kva-dizelgenerators\/","og_site_name":"Champion Baltics","article_publisher":"https:\/\/facebook.com\/championbaltics","article_modified_time":"2026-04-29T09:43:46+00:00","og_image":[{"width":900,"height":516,"url":"https:\/\/championbaltics.com\/wp-content\/uploads\/2025\/08\/BPE_LDG6500SVWRC-EU_featured_900x556.webp","type":"image\/webp"}],"twitter_card":"summary_large_image","twitter_misc":{"Price":"2 079,00&nbsp;&euro;","Availability":"In stock"},"schema":{"@context":"https:\/\/schema.org","@graph":[{"@type":"WebPage","@id":"https:\/\/championbaltics.com\/lv\/toode\/bimson-625-kva-dizelgenerators\/","url":"https:\/\/championbaltics.com\/lv\/toode\/bimson-625-kva-dizelgenerators\/","name":"Bimson Power 6.25 kVa Diesel Generator - Wireless Start, 1 Phase - Champion Baltics","isPartOf":{"@id":"https:\/\/championbaltics.com\/lv\/#website"},"primaryImageOfPage":{"@id":"https:\/\/championbaltics.com\/lv\/toode\/bimson-625-kva-dizelgenerators\/#primaryimage"},"image":{"@id":"https:\/\/championbaltics.com\/lv\/toode\/bimson-625-kva-dizelgenerators\/#primaryimage"},"thumbnailUrl":"https:\/\/championbaltics.com\/wp-content\/uploads\/2025\/08\/BPE_LDG6500SVWRC-EU_featured_900x556.webp","datePublished":"2025-08-26T11:37:50+00:00","dateModified":"2026-04-29T09:43:46+00:00","description":"Uzticams un kluss Bimson Power d\u012bze\u013c\u0123enerators ar EU5 dzin\u0113ju un AVR tehnolo\u0123iju. Ide\u0101li piem\u0113rots m\u0101jas rezerves ener\u0123ijai, b\u016bvniec\u012bbai, \u0113din\u0101\u0161anai un r\u016bpnieciskai lieto\u0161anai. Darbojas l\u012bdz 12 stund\u0101m ar 16L tvertni.","breadcrumb":{"@id":"https:\/\/championbaltics.com\/lv\/toode\/bimson-625-kva-dizelgenerators\/#breadcrumb"},"inLanguage":"lv-LV","potentialAction":[{"@type":"ReadAction","target":["https:\/\/championbaltics.com\/lv\/toode\/bimson-625-kva-dizelgenerators\/"]}]},{"@type":"ImageObject","inLanguage":"lv-LV","@id":"https:\/\/championbaltics.com\/lv\/toode\/bimson-625-kva-dizelgenerators\/#primaryimage","url":"https:\/\/championbaltics.com\/wp-content\/uploads\/2025\/08\/BPE_LDG6500SVWRC-EU_featured_900x556.webp","contentUrl":"https:\/\/championbaltics.com\/wp-content\/uploads\/2025\/08\/BPE_LDG6500SVWRC-EU_featured_900x556.webp","width":900,"height":516},{"@type":"BreadcrumbList","@id":"https:\/\/championbaltics.com\/lv\/toode\/bimson-625-kva-dizelgenerators\/#breadcrumb","itemListElement":[{"@type":"ListItem","position":1,"name":"Home","item":"https:\/\/championbaltics.com\/lv\/"},{"@type":"ListItem","position":2,"name":"Veikals","item":"https:\/\/championbaltics.com\/lv\/veikals\/"},{"@type":"ListItem","position":3,"name":"Bimson Power 6.25 kVa Diesel Generator &#8211; Wireless Start, 1 Phase"}]},{"@type":"WebSite","@id":"https:\/\/championbaltics.com\/lv\/#website","url":"https:\/\/championbaltics.com\/lv\/","name":"Champion Baltics","description":"Power equipments","publisher":{"@id":"https:\/\/championbaltics.com\/lv\/#organization"},"alternateName":"Champion Power Equipment","potentialAction":[{"@type":"SearchAction","target":{"@type":"EntryPoint","urlTemplate":"https:\/\/championbaltics.com\/lv\/?s={search_term_string}"},"query-input":{"@type":"PropertyValueSpecification","valueRequired":true,"valueName":"search_term_string"}}],"inLanguage":"lv-LV"},{"@type":["Organization","Place"],"@id":"https:\/\/championbaltics.com\/lv\/#organization","name":"Champion Baltics","alternateName":"Champion Power Equipment","url":"https:\/\/championbaltics.com\/lv\/","logo":{"@id":"https:\/\/championbaltics.com\/lv\/toode\/bimson-625-kva-dizelgenerators\/#local-main-organization-logo"},"image":{"@id":"https:\/\/championbaltics.com\/lv\/toode\/bimson-625-kva-dizelgenerators\/#local-main-organization-logo"},"sameAs":["https:\/\/facebook.com\/championbaltics"],"description":"Champion power equipment representer of State of Baltics","legalName":"T.O Engineering LLC","foundingDate":"2015-01-07","numberOfEmployees":{"@type":"QuantitativeValue","minValue":"1","maxValue":"10"},"hasMerchantReturnPolicy":{"@type":"MerchantReturnPolicy","merchantReturnLink":"https:\/\/championbaltics.com\/refund_returns\/"},"address":{"@id":"https:\/\/championbaltics.com\/lv\/toode\/bimson-625-kva-dizelgenerators\/#local-main-place-address"},"telephone":[],"contactPoint":{"@type":"ContactPoint","telephone":"+3725204833","email":"info@championbaltics.com"},"openingHoursSpecification":[{"@type":"OpeningHoursSpecification","dayOfWeek":["Monday","Tuesday","Wednesday","Thursday","Friday","Saturday","Sunday"],"opens":"09:00","closes":"17:00"}],"email":"info@championbaltics.com","vatID":"EE102032772"},{"@type":"PostalAddress","@id":"https:\/\/championbaltics.com\/lv\/toode\/bimson-625-kva-dizelgenerators\/#local-main-place-address","streetAddress":"P\u00e4rnu mnt 144","addressLocality":"Tallinn","postalCode":"11317","addressRegion":"Harju","addressCountry":"EE"},{"@type":"ImageObject","inLanguage":"lv-LV","@id":"https:\/\/championbaltics.com\/lv\/toode\/bimson-625-kva-dizelgenerators\/#local-main-organization-logo","url":"https:\/\/championbaltics.com\/wp-content\/uploads\/2025\/08\/cropped-ChampionBalticsLogo.webp","contentUrl":"https:\/\/championbaltics.com\/wp-content\/uploads\/2025\/08\/cropped-ChampionBalticsLogo.webp","width":512,"height":512,"caption":"Champion Baltics"}]},"product_price_amount":"2079.00","product_price_currency":"EUR","og_availability":"instock","product_availability":"instock","product_retailer_item_id":"LDG6500SVWRC-EU","product_condition":"new","geo.placename":"Tallinn","geo.region":"Estonia"},"_links":{"self":[{"href":"https:\/\/championbaltics.com\/lv\/wp-json\/wp\/v2\/product\/31015","targetHints":{"allow":["GET"]}}],"collection":[{"href":"https:\/\/championbaltics.com\/lv\/wp-json\/wp\/v2\/product"}],"about":[{"href":"https:\/\/championbaltics.com\/lv\/wp-json\/wp\/v2\/types\/product"}],"replies":[{"embeddable":true,"href":"https:\/\/championbaltics.com\/lv\/wp-json\/wp\/v2\/comments?post=31015"}],"version-history":[{"count":4,"href":"https:\/\/championbaltics.com\/lv\/wp-json\/wp\/v2\/product\/31015\/revisions"}],"predecessor-version":[{"id":34265,"href":"https:\/\/championbaltics.com\/lv\/wp-json\/wp\/v2\/product\/31015\/revisions\/34265"}],"wp:featuredmedia":[{"embeddable":true,"href":"https:\/\/championbaltics.com\/lv\/wp-json\/wp\/v2\/media\/34260"}],"wp:attachment":[{"href":"https:\/\/championbaltics.com\/lv\/wp-json\/wp\/v2\/media?parent=31015"}],"wp:term":[{"taxonomy":"product_brand","embeddable":true,"href":"https:\/\/championbaltics.com\/lv\/wp-json\/wp\/v2\/product_brand?post=31015"},{"taxonomy":"product_cat","embeddable":true,"href":"https:\/\/championbaltics.com\/lv\/wp-json\/wp\/v2\/product_cat?post=31015"},{"taxonomy":"product_tag","embeddable":true,"href":"https:\/\/championbaltics.com\/lv\/wp-json\/wp\/v2\/product_tag?post=31015"}],"curies":[{"name":"wp","href":"https:\/\/api.w.org\/{rel}","templated":true}]}}