{"id":31026,"date":"2025-08-26T11:37:50","date_gmt":"2025-08-26T11:37:50","guid":{"rendered":"https:\/\/championbaltics.com\/toode\/bimson-625-kva-dizelgenerators-ar-trisfazu-jaudu-2\/"},"modified":"2025-09-17T08:28:45","modified_gmt":"2025-09-17T08:28:45","slug":"bimson-625-kva-dizelgenerators-ar-trisfazu-jaudu-2","status":"publish","type":"product","link":"https:\/\/championbaltics.com\/lv\/toode\/bimson-625-kva-dizelgenerators-ar-trisfazu-jaudu-2\/","title":{"rendered":"Bimson power 6,25 kVA tr\u012bsf\u0101\u017eu d\u012bze\u013c\u0123enerators"},"content":{"rendered":"<p>\u0160is jaunais un uzlabotais Bimson Power modelis pied\u0101v\u0101 liel\u0101ku jaudu un piln\u012bb\u0101 EU5 standartam atbilsto\u0161u motoru ar iek\u0161\u0113ju sukotas vara \u0123eneratoru, kas nodro\u0161ina vienm\u0113r\u012bgu motora \u0101trumu.<\/p>\n<p>Tam ir <strong>autom\u0101tiskais sprieguma regulators (AVR)<\/strong> vad\u012bbas sist\u0113ma izejas uzraudz\u012bbai un ier\u012bces aizsardz\u012bbai pret sprieguma sv\u0101rst\u012bb\u0101m, nodro\u0161inot glud\u0101ku sinusa vilni.<\/p>\n<p>Ieskauts ska\u0146u izol\u0113jo\u0161\u0101 korpus\u0101, kas p\u0101rkl\u0101ts ar skr\u0101p\u0113jumiem iztur\u012bgu mat\u0113tu apdari, iztur\u012bgais r\u016bpnieciskais r\u0101mis nodro\u0161ina piln\u012bgu aizsardz\u012bbu un atvieglo p\u0101rvieto\u0161anu. \u0160im klusajam korpusam ir ar\u012b atsl\u0113gas iedarbin\u0101\u0161anas iesp\u0113ja un vibr\u0101ciju preto\u0161an\u0101s stiprin\u0101jumi, kas v\u0113l vair\u0101k uzlabo vienm\u0113r\u012bgu darb\u012bbu.  <\/p>\n<p>Piln\u012bb\u0101 aiztais\u012btais 16 litru tvertnes tilpums \u013cauj viegli str\u0101d\u0101t l\u012bdz 12 stund\u0101m ar aptuveni 50% slodzi, padarot \u0161o Bimson Power \u0123eneratoru ide\u0101lu jebk\u0101diem pielietojumiem, piem\u0113ram, m\u0101jsaimniec\u012bbu apg\u0101dei, b\u016bvniec\u012bbai, \u0113din\u0101\u0161anai un r\u016bpnieciskai lieto\u0161anai, piem\u0113ram, ar elektrodarbar\u012bkiem un apgaismojuma iek\u0101rt\u0101m. K\u0101 rezerves \u0123enerators tas ir ide\u0101ls produkts elektroapg\u0101des p\u0101rtraukumu un trauc\u0113jumu laik\u0101.  <\/p>\n<p>ELEKTRO modelim ir pat <strong>autom\u0101tisk\u0101s p\u0101rsl\u0113g\u0161anas (ATS)<\/strong> ieejas ports, kas ir sader\u012bgs ar m\u016bsu ATS paneli, lai \u0123enerators autom\u0101tiski iesl\u0113gtos str\u0101vas p\u0101rtraukuma gad\u012bjum\u0101 un apst\u0101tos, kad t\u012bkla baro\u0161ana ir atjaunota.<\/p>\n<p>Standarta apr\u012bkojum\u0101 ir 12 V akumulatora uzl\u0101des kontaktligzda, k\u0101 ar\u012b 415 V tr\u012bsf\u0101\u017eu un 240 V vienf\u0101\u017eu izejas kontaktligzdas.<\/p>\n<p>ELEKTRO modelim (bez t\u0101lvad\u012bbas pults) ir ar\u012b ATS ieejas ports ATS panelim 190102000010.<\/p>\n<p>Visi \u0161\u012b produkta nor\u0101d\u012btie dati attiecas uz sabalans\u0113tu slodzi; izmantojot nesabalans\u0113tas slodzes, jums j\u0101p\u0101rbauda ier\u012bces dati.<\/p>\n<p>L\u016bdzu, \u0146emiet v\u0113r\u0101: Ja izmantojat vienf\u0101\u017eu str\u0101vu caur tr\u012bsf\u0101\u017eu \u0123eneratoru, j\u016bs sa\u0146emsiet tikai aptuveni 30-35% no piln\u0101s izejas jaudas, jo j\u016bsu kontaktligzda darbojas tikai ar vienu no trim pieejamaj\u0101m f\u0101z\u0113m.<\/p>\n","protected":false},"excerpt":{"rendered":"<p>\u0160is Bimson Power modelis pied\u0101v\u0101 palielin\u0101tu jaudu un piln\u012bb\u0101 EU5 standartam atbilsto\u0161u motoru ar iek\u0161\u0113ju sukotas vara \u0123eneratoru, kas nodro\u0161ina vienm\u0113r\u012bgu motora \u0101trumu.<\/p>\n<ul>\n<li>BIMSON POWER KVALIT\u0100TE \u2013 D\u012bze\u013cmotors ar 474 cm\u00b3 motoru \u2013 3 f\u0101\u017eu gatav\u012bba.<\/li>\n<li>JAUDA \u2013 6,25 kVA \u0123enerators ar maksim\u0101lo jaudu 5 500 vati, darba jauda 5 000 vati.<\/li>\n<li>DARBA LAIKS \u2013 16 litru tvertne \u013cauj str\u0101d\u0101t l\u012bdz 12 stund\u0101m ar 50% slodzi.<\/li>\n<li>GUDRS + DRO\u0160S \u2013 Ar zema e\u013c\u013cas l\u012bme\u0146a izsl\u0113g\u0161anas sensoru un autom\u0101tisko sprieguma regulatoru (AVR) vad\u012bbas sist\u0113mu dro\u0161ai izmanto\u0161anai.<\/li>\n<li>MIERS + KLUSUMS \u2013 Klusa darb\u012bba tikai ar 68 dBA trok\u0161\u0146a l\u012bmeni (7 metru att\u0101lum\u0101) un ska\u0146u izol\u0113jo\u0161u korpusu.<\/li>\n<li>VAIR\u0100KAS KONTAKTLIGZDAS \u2013 Ieskaitot 1 x 415 V 16 A un 1 x 240 V 16 A.<\/li>\n<\/ul>\n<p>PIEZ\u012aME: ATS gatav\u012bba.<\/p>\n","protected":false},"featured_media":34264,"comment_status":"open","ping_status":"closed","template":"","meta":[],"product_brand":[92],"product_cat":[189],"product_tag":[238,190],"class_list":{"0":"post-31026","1":"product","2":"type-product","3":"status-publish","4":"has-post-thumbnail","6":"product_brand-bimson","7":"product_cat-dizelgeneratori","8":"product_tag-dizelgenerators","9":"product_tag-generators","11":"first","12":"instock","13":"taxable","14":"shipping-taxable","15":"purchasable","16":"product-type-simple"},"yoast_head":"<!-- This site is optimized with the Yoast SEO Premium plugin v27.5 (Yoast SEO v27.5) - https:\/\/yoast.com\/product\/yoast-seo-premium-wordpress\/ -->\n<title>Bimson power 6,25 kVA tr\u012bsf\u0101\u017eu d\u012bze\u013c\u0123enerators - Champion Baltics<\/title>\n<meta name=\"description\" content=\"Bimson Power 6,25 kVA d\u012bze\u013c\u0123enerators: EU5, AVR, ATS, 12h darba laiks, 3 f\u0101zes, kluss, elektr. iedarbin\u0101\u0161ana.\" \/>\n<meta name=\"robots\" content=\"index, follow, max-snippet:-1, max-image-preview:large, max-video-preview:-1\" \/>\n<link rel=\"canonical\" href=\"https:\/\/championbaltics.com\/lv\/toode\/bimson-625-kva-dizelgenerators-ar-trisfazu-jaudu-2\/\" \/>\n<meta property=\"og:locale\" content=\"lv_LV\" \/>\n<meta property=\"og:type\" content=\"article\" \/>\n<meta property=\"og:title\" content=\"Bimson power 6,25 kVA tr\u012bsf\u0101\u017eu d\u012bze\u013c\u0123enerators\" \/>\n<meta property=\"og:description\" content=\"Bimson Power 6,25 kVA d\u012bze\u013c\u0123enerators: EU5, AVR, ATS, 12h darba laiks, 3 f\u0101zes, kluss, elektr. iedarbin\u0101\u0161ana.\" \/>\n<meta property=\"og:url\" content=\"https:\/\/championbaltics.com\/lv\/toode\/bimson-625-kva-dizelgenerators-ar-trisfazu-jaudu-2\/\" \/>\n<meta property=\"og:site_name\" content=\"Champion Baltics\" \/>\n<meta property=\"article:publisher\" content=\"https:\/\/facebook.com\/championbaltics\" \/>\n<meta property=\"article:modified_time\" content=\"2025-09-17T08:28:45+00:00\" \/>\n<meta property=\"og:image\" content=\"https:\/\/championbaltics.com\/wp-content\/uploads\/2025\/08\/BPE_LDG6500SV3-EU_front-view_900x556.webp\" \/>\n\t<meta property=\"og:image:width\" content=\"900\" \/>\n\t<meta property=\"og:image:height\" content=\"556\" \/>\n\t<meta property=\"og:image:type\" content=\"image\/jpeg\" \/>\n<meta name=\"twitter:card\" content=\"summary_large_image\" \/>\n<meta name=\"twitter:label1\" content=\"Price\" \/>\n\t<meta name=\"twitter:data1\" content=\"2 079,00&nbsp;&euro;\" \/>\n\t<meta name=\"twitter:label2\" content=\"Availability\" \/>\n\t<meta name=\"twitter:data2\" content=\"In stock\" \/>\n<script type=\"application\/ld+json\" class=\"yoast-schema-graph\">{\"@context\":\"https:\\\/\\\/schema.org\",\"@graph\":[{\"@type\":\"WebPage\",\"@id\":\"https:\\\/\\\/championbaltics.com\\\/lv\\\/toode\\\/bimson-625-kva-dizelgenerators-ar-trisfazu-jaudu-2\\\/\",\"url\":\"https:\\\/\\\/championbaltics.com\\\/lv\\\/toode\\\/bimson-625-kva-dizelgenerators-ar-trisfazu-jaudu-2\\\/\",\"name\":\"Bimson power 6,25 kVA tr\u012bsf\u0101\u017eu d\u012bze\u013c\u0123enerators - Champion Baltics\",\"isPartOf\":{\"@id\":\"https:\\\/\\\/championbaltics.com\\\/lv\\\/#website\"},\"primaryImageOfPage\":{\"@id\":\"https:\\\/\\\/championbaltics.com\\\/lv\\\/toode\\\/bimson-625-kva-dizelgenerators-ar-trisfazu-jaudu-2\\\/#primaryimage\"},\"image\":{\"@id\":\"https:\\\/\\\/championbaltics.com\\\/lv\\\/toode\\\/bimson-625-kva-dizelgenerators-ar-trisfazu-jaudu-2\\\/#primaryimage\"},\"thumbnailUrl\":\"https:\\\/\\\/championbaltics.com\\\/wp-content\\\/uploads\\\/2025\\\/08\\\/BPE_LDG6500SV3-EU_front-view_900x556.webp\",\"datePublished\":\"2025-08-26T11:37:50+00:00\",\"dateModified\":\"2025-09-17T08:28:45+00:00\",\"description\":\"Bimson Power 6,25 kVA d\u012bze\u013c\u0123enerators: EU5, AVR, ATS, 12h darba laiks, 3 f\u0101zes, kluss, elektr. iedarbin\u0101\u0161ana.\",\"breadcrumb\":{\"@id\":\"https:\\\/\\\/championbaltics.com\\\/lv\\\/toode\\\/bimson-625-kva-dizelgenerators-ar-trisfazu-jaudu-2\\\/#breadcrumb\"},\"inLanguage\":\"lv-LV\",\"potentialAction\":[{\"@type\":\"ReadAction\",\"target\":[\"https:\\\/\\\/championbaltics.com\\\/lv\\\/toode\\\/bimson-625-kva-dizelgenerators-ar-trisfazu-jaudu-2\\\/\"]}]},{\"@type\":\"ImageObject\",\"inLanguage\":\"lv-LV\",\"@id\":\"https:\\\/\\\/championbaltics.com\\\/lv\\\/toode\\\/bimson-625-kva-dizelgenerators-ar-trisfazu-jaudu-2\\\/#primaryimage\",\"url\":\"https:\\\/\\\/championbaltics.com\\\/wp-content\\\/uploads\\\/2025\\\/08\\\/BPE_LDG6500SV3-EU_front-view_900x556.webp\",\"contentUrl\":\"https:\\\/\\\/championbaltics.com\\\/wp-content\\\/uploads\\\/2025\\\/08\\\/BPE_LDG6500SV3-EU_front-view_900x556.webp\",\"width\":900,\"height\":556},{\"@type\":\"BreadcrumbList\",\"@id\":\"https:\\\/\\\/championbaltics.com\\\/lv\\\/toode\\\/bimson-625-kva-dizelgenerators-ar-trisfazu-jaudu-2\\\/#breadcrumb\",\"itemListElement\":[{\"@type\":\"ListItem\",\"position\":1,\"name\":\"Home\",\"item\":\"https:\\\/\\\/championbaltics.com\\\/lv\\\/\"},{\"@type\":\"ListItem\",\"position\":2,\"name\":\"Veikals\",\"item\":\"https:\\\/\\\/championbaltics.com\\\/lv\\\/veikals\\\/\"},{\"@type\":\"ListItem\",\"position\":3,\"name\":\"Bimson power 6,25 kVA tr\u012bsf\u0101\u017eu d\u012bze\u013c\u0123enerators\"}]},{\"@type\":\"WebSite\",\"@id\":\"https:\\\/\\\/championbaltics.com\\\/lv\\\/#website\",\"url\":\"https:\\\/\\\/championbaltics.com\\\/lv\\\/\",\"name\":\"Champion Baltics\",\"description\":\"Power equipments\",\"publisher\":{\"@id\":\"https:\\\/\\\/championbaltics.com\\\/lv\\\/#organization\"},\"alternateName\":\"Champion Power Equipment\",\"potentialAction\":[{\"@type\":\"SearchAction\",\"target\":{\"@type\":\"EntryPoint\",\"urlTemplate\":\"https:\\\/\\\/championbaltics.com\\\/lv\\\/?s={search_term_string}\"},\"query-input\":{\"@type\":\"PropertyValueSpecification\",\"valueRequired\":true,\"valueName\":\"search_term_string\"}}],\"inLanguage\":\"lv-LV\"},{\"@type\":[\"Organization\",\"Place\"],\"@id\":\"https:\\\/\\\/championbaltics.com\\\/lv\\\/#organization\",\"name\":\"Champion Baltics\",\"alternateName\":\"Champion Power Equipment\",\"url\":\"https:\\\/\\\/championbaltics.com\\\/lv\\\/\",\"logo\":{\"@id\":\"https:\\\/\\\/championbaltics.com\\\/lv\\\/toode\\\/bimson-625-kva-dizelgenerators-ar-trisfazu-jaudu-2\\\/#local-main-organization-logo\"},\"image\":{\"@id\":\"https:\\\/\\\/championbaltics.com\\\/lv\\\/toode\\\/bimson-625-kva-dizelgenerators-ar-trisfazu-jaudu-2\\\/#local-main-organization-logo\"},\"sameAs\":[\"https:\\\/\\\/facebook.com\\\/championbaltics\"],\"description\":\"Champion power equipment representer of State of Baltics\",\"legalName\":\"T.O Engineering LLC\",\"foundingDate\":\"2015-01-07\",\"numberOfEmployees\":{\"@type\":\"QuantitativeValue\",\"minValue\":\"1\",\"maxValue\":\"10\"},\"hasMerchantReturnPolicy\":{\"@type\":\"MerchantReturnPolicy\",\"merchantReturnLink\":\"https:\\\/\\\/championbaltics.com\\\/refund_returns\\\/\"},\"address\":{\"@id\":\"https:\\\/\\\/championbaltics.com\\\/lv\\\/toode\\\/bimson-625-kva-dizelgenerators-ar-trisfazu-jaudu-2\\\/#local-main-place-address\"},\"telephone\":[],\"contactPoint\":{\"@type\":\"ContactPoint\",\"telephone\":\"+3725204833\",\"email\":\"info@championbaltics.com\"},\"openingHoursSpecification\":[{\"@type\":\"OpeningHoursSpecification\",\"dayOfWeek\":[\"Monday\",\"Tuesday\",\"Wednesday\",\"Thursday\",\"Friday\",\"Saturday\",\"Sunday\"],\"opens\":\"09:00\",\"closes\":\"17:00\"}],\"email\":\"info@championbaltics.com\",\"vatID\":\"EE102032772\"},{\"@type\":\"PostalAddress\",\"@id\":\"https:\\\/\\\/championbaltics.com\\\/lv\\\/toode\\\/bimson-625-kva-dizelgenerators-ar-trisfazu-jaudu-2\\\/#local-main-place-address\",\"streetAddress\":\"P\u00e4rnu mnt 144\",\"addressLocality\":\"Tallinn\",\"postalCode\":\"11317\",\"addressRegion\":\"Harju\",\"addressCountry\":\"EE\"},{\"@type\":\"ImageObject\",\"inLanguage\":\"lv-LV\",\"@id\":\"https:\\\/\\\/championbaltics.com\\\/lv\\\/toode\\\/bimson-625-kva-dizelgenerators-ar-trisfazu-jaudu-2\\\/#local-main-organization-logo\",\"url\":\"https:\\\/\\\/championbaltics.com\\\/wp-content\\\/uploads\\\/2025\\\/08\\\/cropped-ChampionBalticsLogo.webp\",\"contentUrl\":\"https:\\\/\\\/championbaltics.com\\\/wp-content\\\/uploads\\\/2025\\\/08\\\/cropped-ChampionBalticsLogo.webp\",\"width\":512,\"height\":512,\"caption\":\"Champion Baltics\"}]}<\/script>\n<meta property=\"product:brand\" content=\"Bimson\" \/>\n<meta property=\"product:price:amount\" content=\"2079.00\" \/>\n<meta property=\"product:price:currency\" content=\"EUR\" \/>\n<meta property=\"og:availability\" content=\"instock\" \/>\n<meta property=\"product:availability\" content=\"instock\" \/>\n<meta property=\"product:retailer_item_id\" content=\"LDG6500SV3-EU\" \/>\n<meta property=\"product:condition\" content=\"new\" \/>\n<meta name=\"geo.placename\" content=\"Tallinn\" \/>\n<meta name=\"geo.region\" content=\"Estonia\" \/>\n<!-- \/ Yoast SEO Premium plugin. -->","yoast_head_json":{"title":"Bimson power 6,25 kVA tr\u012bsf\u0101\u017eu d\u012bze\u013c\u0123enerators - Champion Baltics","description":"Bimson Power 6,25 kVA d\u012bze\u013c\u0123enerators: EU5, AVR, ATS, 12h darba laiks, 3 f\u0101zes, kluss, elektr. iedarbin\u0101\u0161ana.","robots":{"index":"index","follow":"follow","max-snippet":"max-snippet:-1","max-image-preview":"max-image-preview:large","max-video-preview":"max-video-preview:-1"},"canonical":"https:\/\/championbaltics.com\/lv\/toode\/bimson-625-kva-dizelgenerators-ar-trisfazu-jaudu-2\/","og_locale":"lv_LV","og_type":"article","og_title":"Bimson power 6,25 kVA tr\u012bsf\u0101\u017eu d\u012bze\u013c\u0123enerators","og_description":"Bimson Power 6,25 kVA d\u012bze\u013c\u0123enerators: EU5, AVR, ATS, 12h darba laiks, 3 f\u0101zes, kluss, elektr. iedarbin\u0101\u0161ana.","og_url":"https:\/\/championbaltics.com\/lv\/toode\/bimson-625-kva-dizelgenerators-ar-trisfazu-jaudu-2\/","og_site_name":"Champion Baltics","article_publisher":"https:\/\/facebook.com\/championbaltics","article_modified_time":"2025-09-17T08:28:45+00:00","og_image":[{"width":900,"height":556,"url":"https:\/\/championbaltics.com\/wp-content\/uploads\/2025\/08\/BPE_LDG6500SV3-EU_front-view_900x556.webp","type":"image\/jpeg"}],"twitter_card":"summary_large_image","twitter_misc":{"Price":"2 079,00&nbsp;&euro;","Availability":"In stock"},"schema":{"@context":"https:\/\/schema.org","@graph":[{"@type":"WebPage","@id":"https:\/\/championbaltics.com\/lv\/toode\/bimson-625-kva-dizelgenerators-ar-trisfazu-jaudu-2\/","url":"https:\/\/championbaltics.com\/lv\/toode\/bimson-625-kva-dizelgenerators-ar-trisfazu-jaudu-2\/","name":"Bimson power 6,25 kVA tr\u012bsf\u0101\u017eu d\u012bze\u013c\u0123enerators - Champion Baltics","isPartOf":{"@id":"https:\/\/championbaltics.com\/lv\/#website"},"primaryImageOfPage":{"@id":"https:\/\/championbaltics.com\/lv\/toode\/bimson-625-kva-dizelgenerators-ar-trisfazu-jaudu-2\/#primaryimage"},"image":{"@id":"https:\/\/championbaltics.com\/lv\/toode\/bimson-625-kva-dizelgenerators-ar-trisfazu-jaudu-2\/#primaryimage"},"thumbnailUrl":"https:\/\/championbaltics.com\/wp-content\/uploads\/2025\/08\/BPE_LDG6500SV3-EU_front-view_900x556.webp","datePublished":"2025-08-26T11:37:50+00:00","dateModified":"2025-09-17T08:28:45+00:00","description":"Bimson Power 6,25 kVA d\u012bze\u013c\u0123enerators: EU5, AVR, ATS, 12h darba laiks, 3 f\u0101zes, kluss, elektr. iedarbin\u0101\u0161ana.","breadcrumb":{"@id":"https:\/\/championbaltics.com\/lv\/toode\/bimson-625-kva-dizelgenerators-ar-trisfazu-jaudu-2\/#breadcrumb"},"inLanguage":"lv-LV","potentialAction":[{"@type":"ReadAction","target":["https:\/\/championbaltics.com\/lv\/toode\/bimson-625-kva-dizelgenerators-ar-trisfazu-jaudu-2\/"]}]},{"@type":"ImageObject","inLanguage":"lv-LV","@id":"https:\/\/championbaltics.com\/lv\/toode\/bimson-625-kva-dizelgenerators-ar-trisfazu-jaudu-2\/#primaryimage","url":"https:\/\/championbaltics.com\/wp-content\/uploads\/2025\/08\/BPE_LDG6500SV3-EU_front-view_900x556.webp","contentUrl":"https:\/\/championbaltics.com\/wp-content\/uploads\/2025\/08\/BPE_LDG6500SV3-EU_front-view_900x556.webp","width":900,"height":556},{"@type":"BreadcrumbList","@id":"https:\/\/championbaltics.com\/lv\/toode\/bimson-625-kva-dizelgenerators-ar-trisfazu-jaudu-2\/#breadcrumb","itemListElement":[{"@type":"ListItem","position":1,"name":"Home","item":"https:\/\/championbaltics.com\/lv\/"},{"@type":"ListItem","position":2,"name":"Veikals","item":"https:\/\/championbaltics.com\/lv\/veikals\/"},{"@type":"ListItem","position":3,"name":"Bimson power 6,25 kVA tr\u012bsf\u0101\u017eu d\u012bze\u013c\u0123enerators"}]},{"@type":"WebSite","@id":"https:\/\/championbaltics.com\/lv\/#website","url":"https:\/\/championbaltics.com\/lv\/","name":"Champion Baltics","description":"Power equipments","publisher":{"@id":"https:\/\/championbaltics.com\/lv\/#organization"},"alternateName":"Champion Power Equipment","potentialAction":[{"@type":"SearchAction","target":{"@type":"EntryPoint","urlTemplate":"https:\/\/championbaltics.com\/lv\/?s={search_term_string}"},"query-input":{"@type":"PropertyValueSpecification","valueRequired":true,"valueName":"search_term_string"}}],"inLanguage":"lv-LV"},{"@type":["Organization","Place"],"@id":"https:\/\/championbaltics.com\/lv\/#organization","name":"Champion Baltics","alternateName":"Champion Power Equipment","url":"https:\/\/championbaltics.com\/lv\/","logo":{"@id":"https:\/\/championbaltics.com\/lv\/toode\/bimson-625-kva-dizelgenerators-ar-trisfazu-jaudu-2\/#local-main-organization-logo"},"image":{"@id":"https:\/\/championbaltics.com\/lv\/toode\/bimson-625-kva-dizelgenerators-ar-trisfazu-jaudu-2\/#local-main-organization-logo"},"sameAs":["https:\/\/facebook.com\/championbaltics"],"description":"Champion power equipment representer of State of Baltics","legalName":"T.O Engineering LLC","foundingDate":"2015-01-07","numberOfEmployees":{"@type":"QuantitativeValue","minValue":"1","maxValue":"10"},"hasMerchantReturnPolicy":{"@type":"MerchantReturnPolicy","merchantReturnLink":"https:\/\/championbaltics.com\/refund_returns\/"},"address":{"@id":"https:\/\/championbaltics.com\/lv\/toode\/bimson-625-kva-dizelgenerators-ar-trisfazu-jaudu-2\/#local-main-place-address"},"telephone":[],"contactPoint":{"@type":"ContactPoint","telephone":"+3725204833","email":"info@championbaltics.com"},"openingHoursSpecification":[{"@type":"OpeningHoursSpecification","dayOfWeek":["Monday","Tuesday","Wednesday","Thursday","Friday","Saturday","Sunday"],"opens":"09:00","closes":"17:00"}],"email":"info@championbaltics.com","vatID":"EE102032772"},{"@type":"PostalAddress","@id":"https:\/\/championbaltics.com\/lv\/toode\/bimson-625-kva-dizelgenerators-ar-trisfazu-jaudu-2\/#local-main-place-address","streetAddress":"P\u00e4rnu mnt 144","addressLocality":"Tallinn","postalCode":"11317","addressRegion":"Harju","addressCountry":"EE"},{"@type":"ImageObject","inLanguage":"lv-LV","@id":"https:\/\/championbaltics.com\/lv\/toode\/bimson-625-kva-dizelgenerators-ar-trisfazu-jaudu-2\/#local-main-organization-logo","url":"https:\/\/championbaltics.com\/wp-content\/uploads\/2025\/08\/cropped-ChampionBalticsLogo.webp","contentUrl":"https:\/\/championbaltics.com\/wp-content\/uploads\/2025\/08\/cropped-ChampionBalticsLogo.webp","width":512,"height":512,"caption":"Champion Baltics"}]},"product_brand":"Bimson","product_price_amount":"2079.00","product_price_currency":"EUR","og_availability":"instock","product_availability":"instock","product_retailer_item_id":"LDG6500SV3-EU","product_condition":"new","geo.placename":"Tallinn","geo.region":"Estonia"},"_links":{"self":[{"href":"https:\/\/championbaltics.com\/lv\/wp-json\/wp\/v2\/product\/31026","targetHints":{"allow":["GET"]}}],"collection":[{"href":"https:\/\/championbaltics.com\/lv\/wp-json\/wp\/v2\/product"}],"about":[{"href":"https:\/\/championbaltics.com\/lv\/wp-json\/wp\/v2\/types\/product"}],"replies":[{"embeddable":true,"href":"https:\/\/championbaltics.com\/lv\/wp-json\/wp\/v2\/comments?post=31026"}],"version-history":[{"count":4,"href":"https:\/\/championbaltics.com\/lv\/wp-json\/wp\/v2\/product\/31026\/revisions"}],"predecessor-version":[{"id":32021,"href":"https:\/\/championbaltics.com\/lv\/wp-json\/wp\/v2\/product\/31026\/revisions\/32021"}],"wp:featuredmedia":[{"embeddable":true,"href":"https:\/\/championbaltics.com\/lv\/wp-json\/wp\/v2\/media\/34264"}],"wp:attachment":[{"href":"https:\/\/championbaltics.com\/lv\/wp-json\/wp\/v2\/media?parent=31026"}],"wp:term":[{"taxonomy":"product_brand","embeddable":true,"href":"https:\/\/championbaltics.com\/lv\/wp-json\/wp\/v2\/product_brand?post=31026"},{"taxonomy":"product_cat","embeddable":true,"href":"https:\/\/championbaltics.com\/lv\/wp-json\/wp\/v2\/product_cat?post=31026"},{"taxonomy":"product_tag","embeddable":true,"href":"https:\/\/championbaltics.com\/lv\/wp-json\/wp\/v2\/product_tag?post=31026"}],"curies":[{"name":"wp","href":"https:\/\/api.w.org\/{rel}","templated":true}]}}