{"id":31062,"date":"2025-08-27T08:17:54","date_gmt":"2025-08-27T08:17:54","guid":{"rendered":"https:\/\/championbaltics.com\/toode\/champion-220-bar-3200-psi-90-lpm-augstspiediena-mazgatajs\/"},"modified":"2025-09-18T09:38:58","modified_gmt":"2025-09-18T09:38:58","slug":"champion-220-bar-3200-psi-90-lpm-augstspiediena-mazgatajs","status":"publish","type":"product","link":"https:\/\/championbaltics.com\/lv\/toode\/champion-220-bar-3200-psi-90-lpm-augstspiediena-mazgatajs\/","title":{"rendered":"Champion 220 Bar (3200 PSI) 9,0 LPM augstspiediena mazg\u0101t\u0101js"},"content":{"rendered":"<h3>Champion 220 Bar 9,0 LPM augstspiediena mazg\u0101t\u0101js<\/h3>\n<p>Champion 3200 PSI benz\u012bna augstspiediena mazg\u0101t\u0101jam ar 9 LPM ir pieci uzga\u013ci, divi mazg\u0101\u0161anas l\u012bdzek\u013cu tvertnes, 7,6 m augstspiediena \u0161\u013c\u016btene, \u0113rts rokturis un aksi\u0101l\u0101s kameras s\u016bknis vienm\u0113r\u012bgai t\u012br\u012b\u0161anai.<\/p>\n<p>\u0160is Dolly stila benz\u012bna augstspiediena mazg\u0101t\u0101js ar Annovi Reverberi aksi\u0101l\u0101s kameras s\u016bkni nodro\u0161ina ekonomisku &#8220;dari pats&#8221; t\u012br\u012b\u0161anas jaudu.<\/p>\n<p>Tas ir ide\u0101ls, bezr\u016bp\u012bgs risin\u0101jums terases, kl\u0101ju, \u0101ra m\u0113be\u013cu, ap\u0161uvuma, \u017eogu, piebraucamo ce\u013cu, automa\u0161\u012bnu, kravas automa\u0161\u012bnu, laivu, RV, lauksaimniec\u012bbas tehnikas un citu t\u012br\u012b\u0161anai.<\/p>\n<p><strong>3200 PSI augstspiediena mazg\u0101t\u0101js<\/strong> ir apr\u012bkots ar <strong>piec\u0101m \u0101tri pievienojam\u0101m sprausl\u0101m<\/strong> da\u017e\u0101d\u0101m pielietojuma iesp\u0113j\u0101m: 0\u00b0, 15\u00b0, 25\u00b0, 40\u00b0, ziepes.<\/p>\n<p>Pagariniet savu sasniedzam\u012bbu ar iek\u013cauto 7,6 m augstspiediena \u0161\u013c\u016bteni un izmantojiet t\u012br\u012b\u0161anas l\u012bdzek\u013cus bez probl\u0113m\u0101m, kad pievienojat 1,2 m mazg\u0101\u0161anas l\u012bdzek\u013ca \u0161\u013c\u016bteni ar div\u0101m \u0113rt\u0101m 1,9 litru tvertn\u0113m uz kl\u0101ja.<\/p>\n<p>Augstas kvalit\u0101tes <strong>Annovi Reverberi aksi\u0101lais kameru s\u016bknis<\/strong> nodro\u0161ina stabilu sprauslas spiedienu vienm\u0113r\u012bgai t\u012br\u012b\u0161anas veiktsp\u0113jai.<\/p>\n<p>Champion rati\u0146u stila dizains kop\u0101 ar <strong>30 cm nekad neizpl\u016bsto\u0161iem riep\u0101m<\/strong> padara \u0161o augstspiediena mazg\u0101t\u0101ju viegli manevr\u0113jamu. Gudri izstr\u0101d\u0101t\u0101 uzglab\u0101\u0161anas vieta spiediena \u0161\u013c\u016btenei, spr\u016bda pistolei un izsmidzin\u0101\u0161anas stienim nodro\u0161ina, ka jums b\u016bs viss nepiecie\u0161amais, kad tas b\u016bs nepiecie\u0161ams, un j\u016bs var\u0113siet turpin\u0101t darbu, nep\u0101rtraucot un neliekot lietas mal\u0101. <\/p>\n<p>Iztur\u012bgais t\u0113rauda r\u0101mis ir veidots, lai kalpotu ilgi. To darbina 224cc <strong>Champion viencilindra OHV<\/strong> dzin\u0113js ar 3,4 litru degvielas tvertni un apr\u012bkots ar zema e\u013c\u013cas l\u012bme\u0146a izsl\u0113g\u0161an\u0101s sensoru. \u0160ai vien\u012bbai ir 0,6 litru e\u013c\u013cas ietilp\u012bba (ieteicams 10W-30). <\/p>\n<div class=\"callout warning\">\n<h4><strong>BR\u012aDIN\u0100JUMS<\/strong><\/h4>\n<p>\u0160ie augstspiediena mazg\u0101t\u0101ji ir paredz\u0113ti tikai piesl\u0113g\u0161anai pie \u016bdensvada un prasa minim\u0101lo pl\u016bsmas \u0101trumu 5 l\/min. Tie nav paredz\u0113ti lieto\u0161anai ar p\u0101rn\u0113s\u0101jam\u0101m tvertn\u0113m vai konteineriem. <\/p>\n<\/div>\n","protected":false},"excerpt":{"rendered":"<p>Champion 3200 PSI benz\u012bna augstspiediena mazg\u0101t\u0101jam ar 9 LPM ir pieci uzga\u013ci, divi mazg\u0101\u0161anas l\u012bdzek\u013cu tvertnes, 7,6 m augstspiediena \u0161\u013c\u016btene, \u0113rts rokturis un aksi\u0101l\u0101s kameras s\u016bknis vienm\u0113r\u012bgai t\u012br\u012b\u0161anai.<\/p>\n<p>3200 PSI augstspiediena mazg\u0101t\u0101js ir apr\u012bkots ar pieciem \u0101tri pievienojamiem uzga\u013ciem da\u017e\u0101diem pielietojumiem: 0\u00b0, 15\u00b0, 25\u00b0, 40\u00b0, ziepes.<\/p>\n<h4><strong>Funkcijas<\/strong><\/h4>\n<ul>\n<li>Benz\u012bna darbin\u0101ms augstspiediena mazg\u0101t\u0101js ar 3200 PSI (220 Bar)<\/li>\n<li>Minim\u0101l\u0101 pl\u016bsmas \u0101trums 9,0 LPM<\/li>\n<li>7,62 m augstspiediena \u0161\u013c\u016btene<\/li>\n<li>224cc Champion viencilindra OHV dzin\u0113js ar 3,4 litru degvielas tvertni<\/li>\n<li>Piecas \u0101tri pievienojamas sprauslas da\u017e\u0101d\u0101m pielietojuma iesp\u0113j\u0101m &#8211; 0\u00b0, 15\u00b0, 25\u00b0, 40\u00b0, ziepes<\/li>\n<li>Divi \u0113rti uzst\u0101d\u012bti 1,9 litru mazg\u0101\u0161anas l\u012bdzek\u013cu tvertnes<\/li>\n<li>Viegli velkams atsperes starts<\/li>\n<li>Ieb\u016bv\u0113ta \u0161\u013c\u016btenes uzglab\u0101\u0161ana<\/li>\n<li>30 cm nekad nepl\u012bsto\u0161i rite\u0146i<\/li>\n<li>Zema e\u013c\u013cas l\u012bme\u0146a izsl\u0113g\u0161anas sensors<\/li>\n<\/ul>\n","protected":false},"featured_media":31064,"comment_status":"open","ping_status":"closed","template":"","meta":[],"product_brand":[86],"product_cat":[192],"product_tag":[],"class_list":{"0":"post-31062","1":"product","2":"type-product","3":"status-publish","4":"has-post-thumbnail","6":"product_brand-champion","7":"product_cat-spiediena-mazgataji","9":"first","10":"instock","11":"taxable","12":"shipping-taxable","13":"purchasable","14":"product-type-simple"},"yoast_head":"<!-- This site is optimized with the Yoast SEO Premium plugin v27.5 (Yoast SEO v27.5) - https:\/\/yoast.com\/product\/yoast-seo-premium-wordpress\/ -->\n<title>Champion 220 Bar (3200 PSI) 9,0 LPM augstspiediena mazg\u0101t\u0101js - Champion Baltics<\/title>\n<meta name=\"description\" content=\"Champion 3200 PSI benz\u012bna mazg\u0101t\u0101js ar 9 LPM, 5 sprausl\u0101m, 2 tvertn\u0113m, 7,6 m \u0161\u013c\u016bteni, \u0113rtu rokturi.\" \/>\n<meta name=\"robots\" content=\"index, follow, max-snippet:-1, max-image-preview:large, max-video-preview:-1\" \/>\n<link rel=\"canonical\" href=\"https:\/\/championbaltics.com\/lv\/toode\/champion-220-bar-3200-psi-90-lpm-augstspiediena-mazgatajs\/\" \/>\n<meta property=\"og:locale\" content=\"lv_LV\" \/>\n<meta property=\"og:type\" content=\"article\" \/>\n<meta property=\"og:title\" content=\"Champion 220 Bar (3200 PSI) 9,0 LPM augstspiediena mazg\u0101t\u0101js\" \/>\n<meta property=\"og:description\" content=\"Champion 3200 PSI benz\u012bna mazg\u0101t\u0101js ar 9 LPM, 5 sprausl\u0101m, 2 tvertn\u0113m, 7,6 m \u0161\u013c\u016bteni, \u0113rtu rokturi.\" \/>\n<meta property=\"og:url\" content=\"https:\/\/championbaltics.com\/lv\/toode\/champion-220-bar-3200-psi-90-lpm-augstspiediena-mazgatajs\/\" \/>\n<meta property=\"og:site_name\" content=\"Champion Baltics\" \/>\n<meta property=\"article:publisher\" content=\"https:\/\/facebook.com\/championbaltics\" \/>\n<meta property=\"article:modified_time\" content=\"2025-09-18T09:38:58+00:00\" \/>\n<meta property=\"og:image\" content=\"https:\/\/championbaltics.com\/wp-content\/uploads\/2025\/08\/100384-buty-scaled.webp\" \/>\n\t<meta property=\"og:image:width\" content=\"2560\" \/>\n\t<meta property=\"og:image:height\" content=\"2560\" \/>\n\t<meta property=\"og:image:type\" content=\"image\/png\" \/>\n<meta name=\"twitter:card\" content=\"summary_large_image\" \/>\n<meta name=\"twitter:label1\" content=\"Price\" \/>\n\t<meta name=\"twitter:data1\" content=\"699,00&nbsp;&euro;\" \/>\n\t<meta name=\"twitter:label2\" content=\"Availability\" \/>\n\t<meta name=\"twitter:data2\" content=\"In stock\" \/>\n<script type=\"application\/ld+json\" class=\"yoast-schema-graph\">{\"@context\":\"https:\\\/\\\/schema.org\",\"@graph\":[{\"@type\":\"WebPage\",\"@id\":\"https:\\\/\\\/championbaltics.com\\\/lv\\\/toode\\\/champion-220-bar-3200-psi-90-lpm-augstspiediena-mazgatajs\\\/\",\"url\":\"https:\\\/\\\/championbaltics.com\\\/lv\\\/toode\\\/champion-220-bar-3200-psi-90-lpm-augstspiediena-mazgatajs\\\/\",\"name\":\"Champion 220 Bar (3200 PSI) 9,0 LPM augstspiediena mazg\u0101t\u0101js - Champion Baltics\",\"isPartOf\":{\"@id\":\"https:\\\/\\\/championbaltics.com\\\/lv\\\/#website\"},\"primaryImageOfPage\":{\"@id\":\"https:\\\/\\\/championbaltics.com\\\/lv\\\/toode\\\/champion-220-bar-3200-psi-90-lpm-augstspiediena-mazgatajs\\\/#primaryimage\"},\"image\":{\"@id\":\"https:\\\/\\\/championbaltics.com\\\/lv\\\/toode\\\/champion-220-bar-3200-psi-90-lpm-augstspiediena-mazgatajs\\\/#primaryimage\"},\"thumbnailUrl\":\"https:\\\/\\\/championbaltics.com\\\/wp-content\\\/uploads\\\/2025\\\/08\\\/100384-buty-scaled.webp\",\"datePublished\":\"2025-08-27T08:17:54+00:00\",\"dateModified\":\"2025-09-18T09:38:58+00:00\",\"description\":\"Champion 3200 PSI benz\u012bna mazg\u0101t\u0101js ar 9 LPM, 5 sprausl\u0101m, 2 tvertn\u0113m, 7,6 m \u0161\u013c\u016bteni, \u0113rtu rokturi.\",\"breadcrumb\":{\"@id\":\"https:\\\/\\\/championbaltics.com\\\/lv\\\/toode\\\/champion-220-bar-3200-psi-90-lpm-augstspiediena-mazgatajs\\\/#breadcrumb\"},\"inLanguage\":\"lv-LV\",\"potentialAction\":[{\"@type\":\"ReadAction\",\"target\":[\"https:\\\/\\\/championbaltics.com\\\/lv\\\/toode\\\/champion-220-bar-3200-psi-90-lpm-augstspiediena-mazgatajs\\\/\"]}]},{\"@type\":\"ImageObject\",\"inLanguage\":\"lv-LV\",\"@id\":\"https:\\\/\\\/championbaltics.com\\\/lv\\\/toode\\\/champion-220-bar-3200-psi-90-lpm-augstspiediena-mazgatajs\\\/#primaryimage\",\"url\":\"https:\\\/\\\/championbaltics.com\\\/wp-content\\\/uploads\\\/2025\\\/08\\\/100384-buty-scaled.webp\",\"contentUrl\":\"https:\\\/\\\/championbaltics.com\\\/wp-content\\\/uploads\\\/2025\\\/08\\\/100384-buty-scaled.webp\",\"width\":2560,\"height\":2560},{\"@type\":\"BreadcrumbList\",\"@id\":\"https:\\\/\\\/championbaltics.com\\\/lv\\\/toode\\\/champion-220-bar-3200-psi-90-lpm-augstspiediena-mazgatajs\\\/#breadcrumb\",\"itemListElement\":[{\"@type\":\"ListItem\",\"position\":1,\"name\":\"Home\",\"item\":\"https:\\\/\\\/championbaltics.com\\\/lv\\\/\"},{\"@type\":\"ListItem\",\"position\":2,\"name\":\"Veikals\",\"item\":\"https:\\\/\\\/championbaltics.com\\\/lv\\\/veikals\\\/\"},{\"@type\":\"ListItem\",\"position\":3,\"name\":\"Champion 220 Bar (3200 PSI) 9,0 LPM augstspiediena mazg\u0101t\u0101js\"}]},{\"@type\":\"WebSite\",\"@id\":\"https:\\\/\\\/championbaltics.com\\\/lv\\\/#website\",\"url\":\"https:\\\/\\\/championbaltics.com\\\/lv\\\/\",\"name\":\"Champion Baltics\",\"description\":\"Power equipments\",\"publisher\":{\"@id\":\"https:\\\/\\\/championbaltics.com\\\/lv\\\/#organization\"},\"alternateName\":\"Champion Power Equipment\",\"potentialAction\":[{\"@type\":\"SearchAction\",\"target\":{\"@type\":\"EntryPoint\",\"urlTemplate\":\"https:\\\/\\\/championbaltics.com\\\/lv\\\/?s={search_term_string}\"},\"query-input\":{\"@type\":\"PropertyValueSpecification\",\"valueRequired\":true,\"valueName\":\"search_term_string\"}}],\"inLanguage\":\"lv-LV\"},{\"@type\":[\"Organization\",\"Place\"],\"@id\":\"https:\\\/\\\/championbaltics.com\\\/lv\\\/#organization\",\"name\":\"Champion Baltics\",\"alternateName\":\"Champion Power Equipment\",\"url\":\"https:\\\/\\\/championbaltics.com\\\/lv\\\/\",\"logo\":{\"@id\":\"https:\\\/\\\/championbaltics.com\\\/lv\\\/toode\\\/champion-220-bar-3200-psi-90-lpm-augstspiediena-mazgatajs\\\/#local-main-organization-logo\"},\"image\":{\"@id\":\"https:\\\/\\\/championbaltics.com\\\/lv\\\/toode\\\/champion-220-bar-3200-psi-90-lpm-augstspiediena-mazgatajs\\\/#local-main-organization-logo\"},\"sameAs\":[\"https:\\\/\\\/facebook.com\\\/championbaltics\"],\"description\":\"Champion power equipment representer of State of Baltics\",\"legalName\":\"T.O Engineering LLC\",\"foundingDate\":\"2015-01-07\",\"numberOfEmployees\":{\"@type\":\"QuantitativeValue\",\"minValue\":\"1\",\"maxValue\":\"10\"},\"hasMerchantReturnPolicy\":{\"@type\":\"MerchantReturnPolicy\",\"merchantReturnLink\":\"https:\\\/\\\/championbaltics.com\\\/refund_returns\\\/\"},\"address\":{\"@id\":\"https:\\\/\\\/championbaltics.com\\\/lv\\\/toode\\\/champion-220-bar-3200-psi-90-lpm-augstspiediena-mazgatajs\\\/#local-main-place-address\"},\"telephone\":[],\"contactPoint\":{\"@type\":\"ContactPoint\",\"telephone\":\"+3725204833\",\"email\":\"info@championbaltics.com\"},\"openingHoursSpecification\":[{\"@type\":\"OpeningHoursSpecification\",\"dayOfWeek\":[\"Monday\",\"Tuesday\",\"Wednesday\",\"Thursday\",\"Friday\",\"Saturday\",\"Sunday\"],\"opens\":\"09:00\",\"closes\":\"17:00\"}],\"email\":\"info@championbaltics.com\",\"vatID\":\"EE102032772\"},{\"@type\":\"PostalAddress\",\"@id\":\"https:\\\/\\\/championbaltics.com\\\/lv\\\/toode\\\/champion-220-bar-3200-psi-90-lpm-augstspiediena-mazgatajs\\\/#local-main-place-address\",\"streetAddress\":\"P\u00e4rnu mnt 144\",\"addressLocality\":\"Tallinn\",\"postalCode\":\"11317\",\"addressRegion\":\"Harju\",\"addressCountry\":\"EE\"},{\"@type\":\"ImageObject\",\"inLanguage\":\"lv-LV\",\"@id\":\"https:\\\/\\\/championbaltics.com\\\/lv\\\/toode\\\/champion-220-bar-3200-psi-90-lpm-augstspiediena-mazgatajs\\\/#local-main-organization-logo\",\"url\":\"https:\\\/\\\/championbaltics.com\\\/wp-content\\\/uploads\\\/2025\\\/08\\\/cropped-ChampionBalticsLogo.webp\",\"contentUrl\":\"https:\\\/\\\/championbaltics.com\\\/wp-content\\\/uploads\\\/2025\\\/08\\\/cropped-ChampionBalticsLogo.webp\",\"width\":512,\"height\":512,\"caption\":\"Champion Baltics\"}]}<\/script>\n<meta property=\"product:brand\" content=\"Champion\" \/>\n<meta property=\"product:price:amount\" content=\"699.00\" \/>\n<meta property=\"product:price:currency\" content=\"EUR\" \/>\n<meta property=\"og:availability\" content=\"instock\" \/>\n<meta property=\"product:availability\" content=\"instock\" \/>\n<meta property=\"product:retailer_item_id\" content=\"100384\" \/>\n<meta property=\"product:condition\" content=\"new\" \/>\n<meta name=\"geo.placename\" content=\"Tallinn\" \/>\n<meta name=\"geo.region\" content=\"Estonia\" \/>\n<!-- \/ Yoast SEO Premium plugin. -->","yoast_head_json":{"title":"Champion 220 Bar (3200 PSI) 9,0 LPM augstspiediena mazg\u0101t\u0101js - Champion Baltics","description":"Champion 3200 PSI benz\u012bna mazg\u0101t\u0101js ar 9 LPM, 5 sprausl\u0101m, 2 tvertn\u0113m, 7,6 m \u0161\u013c\u016bteni, \u0113rtu rokturi.","robots":{"index":"index","follow":"follow","max-snippet":"max-snippet:-1","max-image-preview":"max-image-preview:large","max-video-preview":"max-video-preview:-1"},"canonical":"https:\/\/championbaltics.com\/lv\/toode\/champion-220-bar-3200-psi-90-lpm-augstspiediena-mazgatajs\/","og_locale":"lv_LV","og_type":"article","og_title":"Champion 220 Bar (3200 PSI) 9,0 LPM augstspiediena mazg\u0101t\u0101js","og_description":"Champion 3200 PSI benz\u012bna mazg\u0101t\u0101js ar 9 LPM, 5 sprausl\u0101m, 2 tvertn\u0113m, 7,6 m \u0161\u013c\u016bteni, \u0113rtu rokturi.","og_url":"https:\/\/championbaltics.com\/lv\/toode\/champion-220-bar-3200-psi-90-lpm-augstspiediena-mazgatajs\/","og_site_name":"Champion Baltics","article_publisher":"https:\/\/facebook.com\/championbaltics","article_modified_time":"2025-09-18T09:38:58+00:00","og_image":[{"width":2560,"height":2560,"url":"https:\/\/championbaltics.com\/wp-content\/uploads\/2025\/08\/100384-buty-scaled.webp","type":"image\/png"}],"twitter_card":"summary_large_image","twitter_misc":{"Price":"699,00&nbsp;&euro;","Availability":"In stock"},"schema":{"@context":"https:\/\/schema.org","@graph":[{"@type":"WebPage","@id":"https:\/\/championbaltics.com\/lv\/toode\/champion-220-bar-3200-psi-90-lpm-augstspiediena-mazgatajs\/","url":"https:\/\/championbaltics.com\/lv\/toode\/champion-220-bar-3200-psi-90-lpm-augstspiediena-mazgatajs\/","name":"Champion 220 Bar (3200 PSI) 9,0 LPM augstspiediena mazg\u0101t\u0101js - Champion Baltics","isPartOf":{"@id":"https:\/\/championbaltics.com\/lv\/#website"},"primaryImageOfPage":{"@id":"https:\/\/championbaltics.com\/lv\/toode\/champion-220-bar-3200-psi-90-lpm-augstspiediena-mazgatajs\/#primaryimage"},"image":{"@id":"https:\/\/championbaltics.com\/lv\/toode\/champion-220-bar-3200-psi-90-lpm-augstspiediena-mazgatajs\/#primaryimage"},"thumbnailUrl":"https:\/\/championbaltics.com\/wp-content\/uploads\/2025\/08\/100384-buty-scaled.webp","datePublished":"2025-08-27T08:17:54+00:00","dateModified":"2025-09-18T09:38:58+00:00","description":"Champion 3200 PSI benz\u012bna mazg\u0101t\u0101js ar 9 LPM, 5 sprausl\u0101m, 2 tvertn\u0113m, 7,6 m \u0161\u013c\u016bteni, \u0113rtu rokturi.","breadcrumb":{"@id":"https:\/\/championbaltics.com\/lv\/toode\/champion-220-bar-3200-psi-90-lpm-augstspiediena-mazgatajs\/#breadcrumb"},"inLanguage":"lv-LV","potentialAction":[{"@type":"ReadAction","target":["https:\/\/championbaltics.com\/lv\/toode\/champion-220-bar-3200-psi-90-lpm-augstspiediena-mazgatajs\/"]}]},{"@type":"ImageObject","inLanguage":"lv-LV","@id":"https:\/\/championbaltics.com\/lv\/toode\/champion-220-bar-3200-psi-90-lpm-augstspiediena-mazgatajs\/#primaryimage","url":"https:\/\/championbaltics.com\/wp-content\/uploads\/2025\/08\/100384-buty-scaled.webp","contentUrl":"https:\/\/championbaltics.com\/wp-content\/uploads\/2025\/08\/100384-buty-scaled.webp","width":2560,"height":2560},{"@type":"BreadcrumbList","@id":"https:\/\/championbaltics.com\/lv\/toode\/champion-220-bar-3200-psi-90-lpm-augstspiediena-mazgatajs\/#breadcrumb","itemListElement":[{"@type":"ListItem","position":1,"name":"Home","item":"https:\/\/championbaltics.com\/lv\/"},{"@type":"ListItem","position":2,"name":"Veikals","item":"https:\/\/championbaltics.com\/lv\/veikals\/"},{"@type":"ListItem","position":3,"name":"Champion 220 Bar (3200 PSI) 9,0 LPM augstspiediena mazg\u0101t\u0101js"}]},{"@type":"WebSite","@id":"https:\/\/championbaltics.com\/lv\/#website","url":"https:\/\/championbaltics.com\/lv\/","name":"Champion Baltics","description":"Power equipments","publisher":{"@id":"https:\/\/championbaltics.com\/lv\/#organization"},"alternateName":"Champion Power Equipment","potentialAction":[{"@type":"SearchAction","target":{"@type":"EntryPoint","urlTemplate":"https:\/\/championbaltics.com\/lv\/?s={search_term_string}"},"query-input":{"@type":"PropertyValueSpecification","valueRequired":true,"valueName":"search_term_string"}}],"inLanguage":"lv-LV"},{"@type":["Organization","Place"],"@id":"https:\/\/championbaltics.com\/lv\/#organization","name":"Champion Baltics","alternateName":"Champion Power Equipment","url":"https:\/\/championbaltics.com\/lv\/","logo":{"@id":"https:\/\/championbaltics.com\/lv\/toode\/champion-220-bar-3200-psi-90-lpm-augstspiediena-mazgatajs\/#local-main-organization-logo"},"image":{"@id":"https:\/\/championbaltics.com\/lv\/toode\/champion-220-bar-3200-psi-90-lpm-augstspiediena-mazgatajs\/#local-main-organization-logo"},"sameAs":["https:\/\/facebook.com\/championbaltics"],"description":"Champion power equipment representer of State of Baltics","legalName":"T.O Engineering LLC","foundingDate":"2015-01-07","numberOfEmployees":{"@type":"QuantitativeValue","minValue":"1","maxValue":"10"},"hasMerchantReturnPolicy":{"@type":"MerchantReturnPolicy","merchantReturnLink":"https:\/\/championbaltics.com\/refund_returns\/"},"address":{"@id":"https:\/\/championbaltics.com\/lv\/toode\/champion-220-bar-3200-psi-90-lpm-augstspiediena-mazgatajs\/#local-main-place-address"},"telephone":[],"contactPoint":{"@type":"ContactPoint","telephone":"+3725204833","email":"info@championbaltics.com"},"openingHoursSpecification":[{"@type":"OpeningHoursSpecification","dayOfWeek":["Monday","Tuesday","Wednesday","Thursday","Friday","Saturday","Sunday"],"opens":"09:00","closes":"17:00"}],"email":"info@championbaltics.com","vatID":"EE102032772"},{"@type":"PostalAddress","@id":"https:\/\/championbaltics.com\/lv\/toode\/champion-220-bar-3200-psi-90-lpm-augstspiediena-mazgatajs\/#local-main-place-address","streetAddress":"P\u00e4rnu mnt 144","addressLocality":"Tallinn","postalCode":"11317","addressRegion":"Harju","addressCountry":"EE"},{"@type":"ImageObject","inLanguage":"lv-LV","@id":"https:\/\/championbaltics.com\/lv\/toode\/champion-220-bar-3200-psi-90-lpm-augstspiediena-mazgatajs\/#local-main-organization-logo","url":"https:\/\/championbaltics.com\/wp-content\/uploads\/2025\/08\/cropped-ChampionBalticsLogo.webp","contentUrl":"https:\/\/championbaltics.com\/wp-content\/uploads\/2025\/08\/cropped-ChampionBalticsLogo.webp","width":512,"height":512,"caption":"Champion Baltics"}]},"product_brand":"Champion","product_price_amount":"699.00","product_price_currency":"EUR","og_availability":"instock","product_availability":"instock","product_retailer_item_id":"100384","product_condition":"new","geo.placename":"Tallinn","geo.region":"Estonia"},"_links":{"self":[{"href":"https:\/\/championbaltics.com\/lv\/wp-json\/wp\/v2\/product\/31062","targetHints":{"allow":["GET"]}}],"collection":[{"href":"https:\/\/championbaltics.com\/lv\/wp-json\/wp\/v2\/product"}],"about":[{"href":"https:\/\/championbaltics.com\/lv\/wp-json\/wp\/v2\/types\/product"}],"replies":[{"embeddable":true,"href":"https:\/\/championbaltics.com\/lv\/wp-json\/wp\/v2\/comments?post=31062"}],"version-history":[{"count":2,"href":"https:\/\/championbaltics.com\/lv\/wp-json\/wp\/v2\/product\/31062\/revisions"}],"predecessor-version":[{"id":32136,"href":"https:\/\/championbaltics.com\/lv\/wp-json\/wp\/v2\/product\/31062\/revisions\/32136"}],"wp:featuredmedia":[{"embeddable":true,"href":"https:\/\/championbaltics.com\/lv\/wp-json\/wp\/v2\/media\/31064"}],"wp:attachment":[{"href":"https:\/\/championbaltics.com\/lv\/wp-json\/wp\/v2\/media?parent=31062"}],"wp:term":[{"taxonomy":"product_brand","embeddable":true,"href":"https:\/\/championbaltics.com\/lv\/wp-json\/wp\/v2\/product_brand?post=31062"},{"taxonomy":"product_cat","embeddable":true,"href":"https:\/\/championbaltics.com\/lv\/wp-json\/wp\/v2\/product_cat?post=31062"},{"taxonomy":"product_tag","embeddable":true,"href":"https:\/\/championbaltics.com\/lv\/wp-json\/wp\/v2\/product_tag?post=31062"}],"curies":[{"name":"wp","href":"https:\/\/api.w.org\/{rel}","templated":true}]}}