{"id":31106,"date":"2025-08-27T08:41:43","date_gmt":"2025-08-27T08:41:43","guid":{"rendered":"https:\/\/championbaltics.com\/toode\/champion-289-bar-4200-psi-151-lpm-augstspiediena-mazgatajs\/"},"modified":"2025-09-18T10:03:23","modified_gmt":"2025-09-18T10:03:23","slug":"champion-289-bar-4200-psi-151-lpm-augstspiediena-mazgatajs","status":"publish","type":"product","link":"https:\/\/championbaltics.com\/lv\/toode\/champion-289-bar-4200-psi-151-lpm-augstspiediena-mazgatajs\/","title":{"rendered":"Champion 289 Bar (4200 PSI) 15,1 LPM augstspiediena mazg\u0101t\u0101js"},"content":{"rendered":"<h3>Champion jaudas apr\u012bkojums 4200 PSI 15,1 LPM augstspiediena mazg\u0101t\u0101js<\/h3>\n<p>Champion Power Equipment 4200-PSI 15,1 LPM zema profila benz\u012bna augstspiediena mazg\u0101t\u0101js nodro\u0161ina izmaksu zi\u0146\u0101 efekt\u012bvu &#8220;dari pats&#8221; t\u012br\u012b\u0161anas jaudu. Praktisko funkciju un augstas veiktsp\u0113jas komponentu kombin\u0101cija nodro\u0161ina lab\u0101ku t\u012br\u012b\u0161anu ar maz\u0101ku piep\u016bli visiem j\u016bsu \u0101ra projektiem. <\/p>\n<p>\u0160is <strong>4200 PSI augstspiediena mazg\u0101t\u0101js<\/strong> labi darbojas zem spiediena neatkar\u012bgi no darba. Neatkar\u012bgi no t\u0101, vai j\u016bsu \u0101ra t\u012br\u012b\u0161anas projekts ietver terasi, kl\u0101ju, \u0101ra m\u0113beles, ap\u0161uvumu, \u017eogu, piebraucamo ce\u013cu, automa\u0161\u012bnu, kravas automa\u0161\u012bnu, laivu, RV, lauksaimniec\u012bbas tehniku vai kaut ko citu, Champion zema profila augstspiediena mazg\u0101t\u0101jam ir viss nepiecie\u0161amais, lai tiktu gal\u0101 ar jebkuru darbu. <\/p>\n<p>Ir svar\u012bgi izv\u0113l\u0113ties pareizo sprauslu darbam, jo sprauslas izm\u0113rs ietekm\u0113 \u016bdens pl\u016bsmu un spiedienu. <strong>Piecas \u0101tr\u0101s savieno\u0161anas sprauslas<\/strong> (0\u00b0, 15\u00b0, 25\u00b0, 40\u00b0, ziepes) nodro\u0161ina maksim\u0101lu t\u012br\u012b\u0161anas veiktsp\u0113ju jebkura veida projekt\u0101. <\/p>\n<p>Papla\u0161iniet savu sasniedzam\u012bbu ar komplekt\u0101 iek\u013cauto <strong>15,2 m augstspiediena \u0101tr\u0101s savieno\u0161anas \u0161\u013c\u016bteni<\/strong> un izmantojiet t\u012br\u012b\u0161anas l\u012bdzek\u013cus bez probl\u0113m\u0101m ar 1,2 m mazg\u0101\u0161anas l\u012bdzek\u013ca \u0161\u013c\u016bteni.<\/p>\n<p><strong>Annovi Reverberi tr\u012bsk\u0101r\u0161\u0101 s\u016bk\u0146a<\/strong> konstrukcija nodro\u0161ina augstu veiktsp\u0113ju, augstu efektivit\u0101ti un ilgu s\u016bk\u0146a kalpo\u0161anas laiku, k\u0101 ar\u012b nodro\u0161in\u0101s stabilu sprauslas spiedienu vienm\u0113r\u012bgai t\u012br\u012b\u0161anas veiktsp\u0113jai.<\/p>\n<p>Champion zema profila dizains kop\u0101 ar <strong>25,4 cm cietajiem riep\u0101m<\/strong> padara \u0161o augstspiediena mazg\u0101t\u0101ju viegli manevr\u0113jamu. \u0112rta uzglab\u0101\u0161ana uz ku\u0123a augstspiediena \u0161\u013c\u016btenei, spr\u016bda pistolei un smidzin\u0101\u0161anas n\u016bjai nodro\u0161ina, ka jums b\u016bs viss nepiecie\u0161amais, kad tas b\u016bs nepiecie\u0161ams, un j\u016bs var\u0113siet turpin\u0101t kust\u012bbu, neapst\u0101joties un neliekot lietas prom. <\/p>\n<p>Iztur\u012bgais <strong>t\u0113rauda r\u0101mis<\/strong> ir veidots, lai kalpotu ilgi. Darbin\u0101ms ar 389 cc <strong>Champion viena cilindra OHV dzin\u0113ju<\/strong> ar 6 litru degvielas tvertni un apr\u012bkots ar zema e\u013c\u013cas l\u012bme\u0146a izsl\u0113g\u0161anas sensoru, \u0161ai vien\u012bbai ir 1,1 litra e\u013c\u013cas ietilp\u012bba (<a href=\"https:\/\/championbaltics.com\/lv\/toode\/champion-tekma-power-x-motorella-no-motul-10w30-1l\/\">ieteicams 10W-30<\/a>). <\/p>\n<div class=\"callout warning\">\n<h4>BR\u012aDIN\u0100JUMS<\/h4>\n<p>\u0160ie augstspiediena mazg\u0101t\u0101ji ir paredz\u0113ti tikai piesl\u0113g\u0161anai pie \u016bdensvada un prasa minim\u0101lo pl\u016bsmas \u0101trumu 5 l\/min. Tie nav paredz\u0113ti lieto\u0161anai ar p\u0101rn\u0113s\u0101jam\u0101m tvertn\u0113m vai konteineriem. <\/p>\n<\/div>\n","protected":false},"excerpt":{"rendered":"<p>Champion Power Equipment 4200-PSI 15,1 LPM zema profila benz\u012bna augstspiediena mazg\u0101t\u0101js nodro\u0161ina izmaksu zi\u0146\u0101 efekt\u012bvu &#8220;dari pats&#8221; t\u012br\u012b\u0161anas jaudu. Praktisko funkciju un augstas veiktsp\u0113jas komponentu kombin\u0101cija nodro\u0161ina lab\u0101ku t\u012br\u012b\u0161anu ar maz\u0101ku piep\u016bli visiem j\u016bsu \u0101ra projektiem. <\/p>\n<p>\u0160is 4200-PSI augstspiediena mazg\u0101t\u0101js labi darbojas zem spiediena neatkar\u012bgi no uzdevuma. Neatkar\u012bgi no t\u0101, vai j\u016bsu \u0101ra t\u012br\u012b\u0161anas projekts ietver terasi, kl\u0101ju, \u0101ra m\u0113beles, ap\u0161uvumu, \u017eogu, piebraucamo ce\u013cu, automa\u0161\u012bnu, kravas automa\u0161\u012bnu, laivu, RV, lauksaimniec\u012bbas tehniku vai kaut ko citu, Champion zema profila augstspiediena mazg\u0101t\u0101js ir gatavs tikt gal\u0101 ar jebkuru darbu. <\/p>\n<p>Ir svar\u012bgi izv\u0113l\u0113ties pareizo sprauslu darbam, jo sprauslas izm\u0113rs ietekm\u0113 \u016bdens pl\u016bsmu un spiedienu. Piecas \u0101tr\u0101s savieno\u0161anas sprauslas (0\u00b0, 15\u00b0, 25\u00b0, 40\u00b0, ziepes) nodro\u0161ina maksim\u0101lu t\u012br\u012b\u0161anas veiktsp\u0113ju jebkura veida projekt\u0101. <\/p>\n<p>Funkcijas<\/p>\n<ul>\n<li>Benz\u012bna darbin\u0101ms augstspiediena mazg\u0101t\u0101js ar 4200 PSI (289 Bar)<\/li>\n<li>Minim\u0101lais pl\u016bsmas \u0101trums 15,1 LPM<\/li>\n<li>Papla\u0161iniet savu sasniedzam\u012bbu ar komplekt\u0101 iek\u013cauto 15,2 m augstspiediena \u0161\u013c\u016bteni<\/li>\n<li>389 cc Champion viena cilindra OHV dzin\u0113js ar 6 litru degvielas tvertni<\/li>\n<li>Piecas \u0101tri pievienojamas sprauslas da\u017e\u0101d\u0101m pielietojuma iesp\u0113j\u0101m &#8211; 0\u00b0, 15\u00b0, 25\u00b0, 40\u00b0, ziepes<\/li>\n<li>Annovi Reverberi tr\u012bsk\u0101r\u0161ais s\u016bknis, kas izstr\u0101d\u0101ts augstai veiktsp\u0113jai<\/li>\n<li>Zema e\u013c\u013cas l\u012bme\u0146a izsl\u0113g\u0161anas sensors<\/li>\n<li>Iztur\u012bgais t\u0113rauda r\u0101mis ir veidots, lai kalpotu ilgi<\/li>\n<li>25,4 cm ciet\u0101s riepas padara \u0161o augstspiediena mazg\u0101t\u0101ju viegli manevr\u0113jamu<\/li>\n<li>Ieb\u016bv\u0113ta \u0161\u013c\u016btenes uzglab\u0101\u0161ana<\/li>\n<\/ul>\n","protected":false},"featured_media":31107,"comment_status":"open","ping_status":"closed","template":"","meta":[],"product_brand":[86],"product_cat":[192],"product_tag":[242],"class_list":{"0":"post-31106","1":"product","2":"type-product","3":"status-publish","4":"has-post-thumbnail","6":"product_brand-champion","7":"product_cat-spiediena-mazgataji","8":"product_tag-spiediena-mazgatajs","10":"first","11":"instock","12":"taxable","13":"shipping-taxable","14":"purchasable","15":"product-type-simple"},"yoast_head":"<!-- This site is optimized with the Yoast SEO Premium plugin v27.5 (Yoast SEO v27.5) - https:\/\/yoast.com\/product\/yoast-seo-premium-wordpress\/ -->\n<title>Champion 289 Bar (4200 PSI) 15,1 LPM augstspiediena mazg\u0101t\u0101js - Champion Baltics<\/title>\n<meta name=\"description\" content=\"Champion 4200 PSI augstspiediena mazg\u0101t\u0101js. Zema profila benz\u012bna augstspiediena mazg\u0101t\u0101js nodro\u0161ina izmaksu zi\u0146\u0101 efekt\u012bvu &quot;dari pats&quot; t\u012br\u012b\u0161anas jaudu\" \/>\n<meta name=\"robots\" content=\"index, follow, max-snippet:-1, max-image-preview:large, max-video-preview:-1\" \/>\n<link rel=\"canonical\" href=\"https:\/\/championbaltics.com\/lv\/toode\/champion-289-bar-4200-psi-151-lpm-augstspiediena-mazgatajs\/\" \/>\n<meta property=\"og:locale\" content=\"lv_LV\" \/>\n<meta property=\"og:type\" content=\"article\" \/>\n<meta property=\"og:title\" content=\"Champion 289 Bar (4200 PSI) 15,1 LPM augstspiediena mazg\u0101t\u0101js\" \/>\n<meta property=\"og:description\" content=\"Champion 4200 PSI augstspiediena mazg\u0101t\u0101js. Zema profila benz\u012bna augstspiediena mazg\u0101t\u0101js nodro\u0161ina izmaksu zi\u0146\u0101 efekt\u012bvu &quot;dari pats&quot; t\u012br\u012b\u0161anas jaudu\" \/>\n<meta property=\"og:url\" content=\"https:\/\/championbaltics.com\/lv\/toode\/champion-289-bar-4200-psi-151-lpm-augstspiediena-mazgatajs\/\" \/>\n<meta property=\"og:site_name\" content=\"Champion Baltics\" \/>\n<meta property=\"article:publisher\" content=\"https:\/\/facebook.com\/championbaltics\" \/>\n<meta property=\"article:modified_time\" content=\"2025-09-18T10:03:23+00:00\" \/>\n<meta property=\"og:image\" content=\"https:\/\/championbaltics.com\/wp-content\/uploads\/2025\/08\/100386-Pressure-Washer-scaled.webp\" \/>\n\t<meta property=\"og:image:width\" content=\"2560\" \/>\n\t<meta property=\"og:image:height\" content=\"2044\" \/>\n\t<meta property=\"og:image:type\" content=\"image\/jpeg\" \/>\n<meta name=\"twitter:card\" content=\"summary_large_image\" \/>\n<meta name=\"twitter:label1\" content=\"Price\" \/>\n\t<meta name=\"twitter:data1\" content=\"1 299,00&nbsp;&euro;\" \/>\n\t<meta name=\"twitter:label2\" content=\"Availability\" \/>\n\t<meta name=\"twitter:data2\" content=\"In stock\" \/>\n<script type=\"application\/ld+json\" class=\"yoast-schema-graph\">{\"@context\":\"https:\\\/\\\/schema.org\",\"@graph\":[{\"@type\":\"WebPage\",\"@id\":\"https:\\\/\\\/championbaltics.com\\\/lv\\\/toode\\\/champion-289-bar-4200-psi-151-lpm-augstspiediena-mazgatajs\\\/\",\"url\":\"https:\\\/\\\/championbaltics.com\\\/lv\\\/toode\\\/champion-289-bar-4200-psi-151-lpm-augstspiediena-mazgatajs\\\/\",\"name\":\"Champion 289 Bar (4200 PSI) 15,1 LPM augstspiediena mazg\u0101t\u0101js - Champion Baltics\",\"isPartOf\":{\"@id\":\"https:\\\/\\\/championbaltics.com\\\/lv\\\/#website\"},\"primaryImageOfPage\":{\"@id\":\"https:\\\/\\\/championbaltics.com\\\/lv\\\/toode\\\/champion-289-bar-4200-psi-151-lpm-augstspiediena-mazgatajs\\\/#primaryimage\"},\"image\":{\"@id\":\"https:\\\/\\\/championbaltics.com\\\/lv\\\/toode\\\/champion-289-bar-4200-psi-151-lpm-augstspiediena-mazgatajs\\\/#primaryimage\"},\"thumbnailUrl\":\"https:\\\/\\\/championbaltics.com\\\/wp-content\\\/uploads\\\/2025\\\/08\\\/100386-Pressure-Washer-scaled.webp\",\"datePublished\":\"2025-08-27T08:41:43+00:00\",\"dateModified\":\"2025-09-18T10:03:23+00:00\",\"description\":\"Champion 4200 PSI augstspiediena mazg\u0101t\u0101js. Zema profila benz\u012bna augstspiediena mazg\u0101t\u0101js nodro\u0161ina izmaksu zi\u0146\u0101 efekt\u012bvu \\\"dari pats\\\" t\u012br\u012b\u0161anas jaudu\",\"breadcrumb\":{\"@id\":\"https:\\\/\\\/championbaltics.com\\\/lv\\\/toode\\\/champion-289-bar-4200-psi-151-lpm-augstspiediena-mazgatajs\\\/#breadcrumb\"},\"inLanguage\":\"lv-LV\",\"potentialAction\":[{\"@type\":\"ReadAction\",\"target\":[\"https:\\\/\\\/championbaltics.com\\\/lv\\\/toode\\\/champion-289-bar-4200-psi-151-lpm-augstspiediena-mazgatajs\\\/\"]}]},{\"@type\":\"ImageObject\",\"inLanguage\":\"lv-LV\",\"@id\":\"https:\\\/\\\/championbaltics.com\\\/lv\\\/toode\\\/champion-289-bar-4200-psi-151-lpm-augstspiediena-mazgatajs\\\/#primaryimage\",\"url\":\"https:\\\/\\\/championbaltics.com\\\/wp-content\\\/uploads\\\/2025\\\/08\\\/100386-Pressure-Washer-scaled.webp\",\"contentUrl\":\"https:\\\/\\\/championbaltics.com\\\/wp-content\\\/uploads\\\/2025\\\/08\\\/100386-Pressure-Washer-scaled.webp\",\"width\":2560,\"height\":2044},{\"@type\":\"BreadcrumbList\",\"@id\":\"https:\\\/\\\/championbaltics.com\\\/lv\\\/toode\\\/champion-289-bar-4200-psi-151-lpm-augstspiediena-mazgatajs\\\/#breadcrumb\",\"itemListElement\":[{\"@type\":\"ListItem\",\"position\":1,\"name\":\"Home\",\"item\":\"https:\\\/\\\/championbaltics.com\\\/lv\\\/\"},{\"@type\":\"ListItem\",\"position\":2,\"name\":\"Veikals\",\"item\":\"https:\\\/\\\/championbaltics.com\\\/lv\\\/veikals\\\/\"},{\"@type\":\"ListItem\",\"position\":3,\"name\":\"Champion 289 Bar (4200 PSI) 15,1 LPM augstspiediena mazg\u0101t\u0101js\"}]},{\"@type\":\"WebSite\",\"@id\":\"https:\\\/\\\/championbaltics.com\\\/lv\\\/#website\",\"url\":\"https:\\\/\\\/championbaltics.com\\\/lv\\\/\",\"name\":\"Champion Baltics\",\"description\":\"Power equipments\",\"publisher\":{\"@id\":\"https:\\\/\\\/championbaltics.com\\\/lv\\\/#organization\"},\"alternateName\":\"Champion Power Equipment\",\"potentialAction\":[{\"@type\":\"SearchAction\",\"target\":{\"@type\":\"EntryPoint\",\"urlTemplate\":\"https:\\\/\\\/championbaltics.com\\\/lv\\\/?s={search_term_string}\"},\"query-input\":{\"@type\":\"PropertyValueSpecification\",\"valueRequired\":true,\"valueName\":\"search_term_string\"}}],\"inLanguage\":\"lv-LV\"},{\"@type\":[\"Organization\",\"Place\"],\"@id\":\"https:\\\/\\\/championbaltics.com\\\/lv\\\/#organization\",\"name\":\"Champion Baltics\",\"alternateName\":\"Champion Power Equipment\",\"url\":\"https:\\\/\\\/championbaltics.com\\\/lv\\\/\",\"logo\":{\"@id\":\"https:\\\/\\\/championbaltics.com\\\/lv\\\/toode\\\/champion-289-bar-4200-psi-151-lpm-augstspiediena-mazgatajs\\\/#local-main-organization-logo\"},\"image\":{\"@id\":\"https:\\\/\\\/championbaltics.com\\\/lv\\\/toode\\\/champion-289-bar-4200-psi-151-lpm-augstspiediena-mazgatajs\\\/#local-main-organization-logo\"},\"sameAs\":[\"https:\\\/\\\/facebook.com\\\/championbaltics\"],\"description\":\"Champion power equipment representer of State of Baltics\",\"legalName\":\"T.O Engineering LLC\",\"foundingDate\":\"2015-01-07\",\"numberOfEmployees\":{\"@type\":\"QuantitativeValue\",\"minValue\":\"1\",\"maxValue\":\"10\"},\"hasMerchantReturnPolicy\":{\"@type\":\"MerchantReturnPolicy\",\"merchantReturnLink\":\"https:\\\/\\\/championbaltics.com\\\/refund_returns\\\/\"},\"address\":{\"@id\":\"https:\\\/\\\/championbaltics.com\\\/lv\\\/toode\\\/champion-289-bar-4200-psi-151-lpm-augstspiediena-mazgatajs\\\/#local-main-place-address\"},\"telephone\":[],\"contactPoint\":{\"@type\":\"ContactPoint\",\"telephone\":\"+3725204833\",\"email\":\"info@championbaltics.com\"},\"openingHoursSpecification\":[{\"@type\":\"OpeningHoursSpecification\",\"dayOfWeek\":[\"Monday\",\"Tuesday\",\"Wednesday\",\"Thursday\",\"Friday\",\"Saturday\",\"Sunday\"],\"opens\":\"09:00\",\"closes\":\"17:00\"}],\"email\":\"info@championbaltics.com\",\"vatID\":\"EE102032772\"},{\"@type\":\"PostalAddress\",\"@id\":\"https:\\\/\\\/championbaltics.com\\\/lv\\\/toode\\\/champion-289-bar-4200-psi-151-lpm-augstspiediena-mazgatajs\\\/#local-main-place-address\",\"streetAddress\":\"P\u00e4rnu mnt 144\",\"addressLocality\":\"Tallinn\",\"postalCode\":\"11317\",\"addressRegion\":\"Harju\",\"addressCountry\":\"EE\"},{\"@type\":\"ImageObject\",\"inLanguage\":\"lv-LV\",\"@id\":\"https:\\\/\\\/championbaltics.com\\\/lv\\\/toode\\\/champion-289-bar-4200-psi-151-lpm-augstspiediena-mazgatajs\\\/#local-main-organization-logo\",\"url\":\"https:\\\/\\\/championbaltics.com\\\/wp-content\\\/uploads\\\/2025\\\/08\\\/cropped-ChampionBalticsLogo.webp\",\"contentUrl\":\"https:\\\/\\\/championbaltics.com\\\/wp-content\\\/uploads\\\/2025\\\/08\\\/cropped-ChampionBalticsLogo.webp\",\"width\":512,\"height\":512,\"caption\":\"Champion Baltics\"}]}<\/script>\n<meta property=\"product:brand\" content=\"Champion\" \/>\n<meta property=\"product:price:amount\" content=\"1299.00\" \/>\n<meta property=\"product:price:currency\" content=\"EUR\" \/>\n<meta property=\"og:availability\" content=\"instock\" \/>\n<meta property=\"product:availability\" content=\"instock\" \/>\n<meta property=\"product:retailer_item_id\" content=\"100386\" \/>\n<meta property=\"product:condition\" content=\"new\" \/>\n<meta name=\"geo.placename\" content=\"Tallinn\" \/>\n<meta name=\"geo.region\" content=\"Estonia\" \/>\n<!-- \/ Yoast SEO Premium plugin. -->","yoast_head_json":{"title":"Champion 289 Bar (4200 PSI) 15,1 LPM augstspiediena mazg\u0101t\u0101js - Champion Baltics","description":"Champion 4200 PSI augstspiediena mazg\u0101t\u0101js. Zema profila benz\u012bna augstspiediena mazg\u0101t\u0101js nodro\u0161ina izmaksu zi\u0146\u0101 efekt\u012bvu \"dari pats\" t\u012br\u012b\u0161anas jaudu","robots":{"index":"index","follow":"follow","max-snippet":"max-snippet:-1","max-image-preview":"max-image-preview:large","max-video-preview":"max-video-preview:-1"},"canonical":"https:\/\/championbaltics.com\/lv\/toode\/champion-289-bar-4200-psi-151-lpm-augstspiediena-mazgatajs\/","og_locale":"lv_LV","og_type":"article","og_title":"Champion 289 Bar (4200 PSI) 15,1 LPM augstspiediena mazg\u0101t\u0101js","og_description":"Champion 4200 PSI augstspiediena mazg\u0101t\u0101js. Zema profila benz\u012bna augstspiediena mazg\u0101t\u0101js nodro\u0161ina izmaksu zi\u0146\u0101 efekt\u012bvu \"dari pats\" t\u012br\u012b\u0161anas jaudu","og_url":"https:\/\/championbaltics.com\/lv\/toode\/champion-289-bar-4200-psi-151-lpm-augstspiediena-mazgatajs\/","og_site_name":"Champion Baltics","article_publisher":"https:\/\/facebook.com\/championbaltics","article_modified_time":"2025-09-18T10:03:23+00:00","og_image":[{"width":2560,"height":2044,"url":"https:\/\/championbaltics.com\/wp-content\/uploads\/2025\/08\/100386-Pressure-Washer-scaled.webp","type":"image\/jpeg"}],"twitter_card":"summary_large_image","twitter_misc":{"Price":"1 299,00&nbsp;&euro;","Availability":"In stock"},"schema":{"@context":"https:\/\/schema.org","@graph":[{"@type":"WebPage","@id":"https:\/\/championbaltics.com\/lv\/toode\/champion-289-bar-4200-psi-151-lpm-augstspiediena-mazgatajs\/","url":"https:\/\/championbaltics.com\/lv\/toode\/champion-289-bar-4200-psi-151-lpm-augstspiediena-mazgatajs\/","name":"Champion 289 Bar (4200 PSI) 15,1 LPM augstspiediena mazg\u0101t\u0101js - Champion Baltics","isPartOf":{"@id":"https:\/\/championbaltics.com\/lv\/#website"},"primaryImageOfPage":{"@id":"https:\/\/championbaltics.com\/lv\/toode\/champion-289-bar-4200-psi-151-lpm-augstspiediena-mazgatajs\/#primaryimage"},"image":{"@id":"https:\/\/championbaltics.com\/lv\/toode\/champion-289-bar-4200-psi-151-lpm-augstspiediena-mazgatajs\/#primaryimage"},"thumbnailUrl":"https:\/\/championbaltics.com\/wp-content\/uploads\/2025\/08\/100386-Pressure-Washer-scaled.webp","datePublished":"2025-08-27T08:41:43+00:00","dateModified":"2025-09-18T10:03:23+00:00","description":"Champion 4200 PSI augstspiediena mazg\u0101t\u0101js. Zema profila benz\u012bna augstspiediena mazg\u0101t\u0101js nodro\u0161ina izmaksu zi\u0146\u0101 efekt\u012bvu \"dari pats\" t\u012br\u012b\u0161anas jaudu","breadcrumb":{"@id":"https:\/\/championbaltics.com\/lv\/toode\/champion-289-bar-4200-psi-151-lpm-augstspiediena-mazgatajs\/#breadcrumb"},"inLanguage":"lv-LV","potentialAction":[{"@type":"ReadAction","target":["https:\/\/championbaltics.com\/lv\/toode\/champion-289-bar-4200-psi-151-lpm-augstspiediena-mazgatajs\/"]}]},{"@type":"ImageObject","inLanguage":"lv-LV","@id":"https:\/\/championbaltics.com\/lv\/toode\/champion-289-bar-4200-psi-151-lpm-augstspiediena-mazgatajs\/#primaryimage","url":"https:\/\/championbaltics.com\/wp-content\/uploads\/2025\/08\/100386-Pressure-Washer-scaled.webp","contentUrl":"https:\/\/championbaltics.com\/wp-content\/uploads\/2025\/08\/100386-Pressure-Washer-scaled.webp","width":2560,"height":2044},{"@type":"BreadcrumbList","@id":"https:\/\/championbaltics.com\/lv\/toode\/champion-289-bar-4200-psi-151-lpm-augstspiediena-mazgatajs\/#breadcrumb","itemListElement":[{"@type":"ListItem","position":1,"name":"Home","item":"https:\/\/championbaltics.com\/lv\/"},{"@type":"ListItem","position":2,"name":"Veikals","item":"https:\/\/championbaltics.com\/lv\/veikals\/"},{"@type":"ListItem","position":3,"name":"Champion 289 Bar (4200 PSI) 15,1 LPM augstspiediena mazg\u0101t\u0101js"}]},{"@type":"WebSite","@id":"https:\/\/championbaltics.com\/lv\/#website","url":"https:\/\/championbaltics.com\/lv\/","name":"Champion Baltics","description":"Power equipments","publisher":{"@id":"https:\/\/championbaltics.com\/lv\/#organization"},"alternateName":"Champion Power Equipment","potentialAction":[{"@type":"SearchAction","target":{"@type":"EntryPoint","urlTemplate":"https:\/\/championbaltics.com\/lv\/?s={search_term_string}"},"query-input":{"@type":"PropertyValueSpecification","valueRequired":true,"valueName":"search_term_string"}}],"inLanguage":"lv-LV"},{"@type":["Organization","Place"],"@id":"https:\/\/championbaltics.com\/lv\/#organization","name":"Champion Baltics","alternateName":"Champion Power Equipment","url":"https:\/\/championbaltics.com\/lv\/","logo":{"@id":"https:\/\/championbaltics.com\/lv\/toode\/champion-289-bar-4200-psi-151-lpm-augstspiediena-mazgatajs\/#local-main-organization-logo"},"image":{"@id":"https:\/\/championbaltics.com\/lv\/toode\/champion-289-bar-4200-psi-151-lpm-augstspiediena-mazgatajs\/#local-main-organization-logo"},"sameAs":["https:\/\/facebook.com\/championbaltics"],"description":"Champion power equipment representer of State of Baltics","legalName":"T.O Engineering LLC","foundingDate":"2015-01-07","numberOfEmployees":{"@type":"QuantitativeValue","minValue":"1","maxValue":"10"},"hasMerchantReturnPolicy":{"@type":"MerchantReturnPolicy","merchantReturnLink":"https:\/\/championbaltics.com\/refund_returns\/"},"address":{"@id":"https:\/\/championbaltics.com\/lv\/toode\/champion-289-bar-4200-psi-151-lpm-augstspiediena-mazgatajs\/#local-main-place-address"},"telephone":[],"contactPoint":{"@type":"ContactPoint","telephone":"+3725204833","email":"info@championbaltics.com"},"openingHoursSpecification":[{"@type":"OpeningHoursSpecification","dayOfWeek":["Monday","Tuesday","Wednesday","Thursday","Friday","Saturday","Sunday"],"opens":"09:00","closes":"17:00"}],"email":"info@championbaltics.com","vatID":"EE102032772"},{"@type":"PostalAddress","@id":"https:\/\/championbaltics.com\/lv\/toode\/champion-289-bar-4200-psi-151-lpm-augstspiediena-mazgatajs\/#local-main-place-address","streetAddress":"P\u00e4rnu mnt 144","addressLocality":"Tallinn","postalCode":"11317","addressRegion":"Harju","addressCountry":"EE"},{"@type":"ImageObject","inLanguage":"lv-LV","@id":"https:\/\/championbaltics.com\/lv\/toode\/champion-289-bar-4200-psi-151-lpm-augstspiediena-mazgatajs\/#local-main-organization-logo","url":"https:\/\/championbaltics.com\/wp-content\/uploads\/2025\/08\/cropped-ChampionBalticsLogo.webp","contentUrl":"https:\/\/championbaltics.com\/wp-content\/uploads\/2025\/08\/cropped-ChampionBalticsLogo.webp","width":512,"height":512,"caption":"Champion Baltics"}]},"product_brand":"Champion","product_price_amount":"1299.00","product_price_currency":"EUR","og_availability":"instock","product_availability":"instock","product_retailer_item_id":"100386","product_condition":"new","geo.placename":"Tallinn","geo.region":"Estonia"},"_links":{"self":[{"href":"https:\/\/championbaltics.com\/lv\/wp-json\/wp\/v2\/product\/31106","targetHints":{"allow":["GET"]}}],"collection":[{"href":"https:\/\/championbaltics.com\/lv\/wp-json\/wp\/v2\/product"}],"about":[{"href":"https:\/\/championbaltics.com\/lv\/wp-json\/wp\/v2\/types\/product"}],"replies":[{"embeddable":true,"href":"https:\/\/championbaltics.com\/lv\/wp-json\/wp\/v2\/comments?post=31106"}],"version-history":[{"count":3,"href":"https:\/\/championbaltics.com\/lv\/wp-json\/wp\/v2\/product\/31106\/revisions"}],"predecessor-version":[{"id":32145,"href":"https:\/\/championbaltics.com\/lv\/wp-json\/wp\/v2\/product\/31106\/revisions\/32145"}],"wp:featuredmedia":[{"embeddable":true,"href":"https:\/\/championbaltics.com\/lv\/wp-json\/wp\/v2\/media\/31107"}],"wp:attachment":[{"href":"https:\/\/championbaltics.com\/lv\/wp-json\/wp\/v2\/media?parent=31106"}],"wp:term":[{"taxonomy":"product_brand","embeddable":true,"href":"https:\/\/championbaltics.com\/lv\/wp-json\/wp\/v2\/product_brand?post=31106"},{"taxonomy":"product_cat","embeddable":true,"href":"https:\/\/championbaltics.com\/lv\/wp-json\/wp\/v2\/product_cat?post=31106"},{"taxonomy":"product_tag","embeddable":true,"href":"https:\/\/championbaltics.com\/lv\/wp-json\/wp\/v2\/product_tag?post=31106"}],"curies":[{"name":"wp","href":"https:\/\/api.w.org\/{rel}","templated":true}]}}