{"id":31123,"date":"2025-08-25T12:03:57","date_gmt":"2025-08-25T12:03:57","guid":{"rendered":"https:\/\/championbaltics.com\/toode\/champion-2200-vatu-invertora-generators-varenais-atoms\/"},"modified":"2025-11-25T07:44:31","modified_gmt":"2025-11-25T07:44:31","slug":"champion-2200-vatu-invertora-generators-varenais-atoms","status":"publish","type":"product","link":"https:\/\/championbaltics.com\/lv\/toode\/champion-2200-vatu-invertora-generators-varenais-atoms\/","title":{"rendered":"Champion 2200 vatu invertora \u0123enerators &#8211; varenais Atoms!"},"content":{"rendered":"<h3>Champion 2200 vatu invertora \u0123enerators &#8211; &#8216;varenais Atoms!&#8217;<\/h3>\n<p><strong>Ar tikai 17,6 kg (38,8 lb) 2,2 kW &#8216;Mighty Atom&#8217; ir pat viegl\u0101ks nek\u0101 viegl\u0101kais 2000 vatu invertora \u0123enerators, kas pa\u0161laik ir tirg\u016b*!<\/strong><\/p>\n<p>Tagad p\u0101rn\u0113s\u0101jama jauda un viegls dizains ir j\u016bsu r\u012bc\u012bb\u0101 ar Champion 2200 vatu invertora \u0123eneratoru. Pa\u013caujieties uz 79 cc dzin\u0113ju un baudiet klusu 58 dBA darb\u012bbu l\u012bdz pat 10,5 stund\u0101m (pie 25% slodzes). <\/p>\n<p>True Sine Wave invertora tehnolo\u0123ija padara \u0161o \u0123eneratoru ide\u0101li piem\u0113rotu jut\u012bgai elektronikai, piem\u0113ram, datoriem, kl\u0113pjdatoriem un televizoriem. Ide\u0101li piem\u0113rots n\u0101kamajam kempinga braucienam vai mazu m\u0101jsaimniec\u012bbas priek\u0161metu, piem\u0113ram, ledusskapju\/sald\u0113tavu, elektroinstrumentu, apgaismojuma ier\u012b\u010du un d\u0101rza tehnikas darbin\u0101\u0161anai. \u0160im invertoram ir paral\u0113l\u0101 savienojuma iesp\u0113ja, kas \u013cauj savienot to ar citiem Champion invertoriem, izmantojot izv\u0113les paral\u0113lo komplektu.  <\/p>\n<p>Ar 3 gadu garantiju j\u016bs varat b\u016bt p\u0101rliecin\u0101ti par kvalit\u0101ti un atbalstu.<\/p>\n<p class=\"h6\">*Laik\u0101, kad tika laists tirg\u016b 2020. gada j\u016blij\u0101. Nor\u0101d\u012btais svars neietver degvielu. <\/p>\n<p class=\"h5\"><i class=\"fas fa-clipboard-check\"><\/i>Visi jaunra\u017eotie produkti atbilst ES V posma pras\u012bb\u0101m.<\/p>\n","protected":false},"excerpt":{"rendered":"<p>Ar tikai 17,5 kg 2200W Mighty Atom ir pat viegl\u0101ks nek\u0101 viegl\u0101kais 2000 vatu invertora \u0123enerators, kas pa\u0161laik pieejams tirg\u016b. ParaLink gatavs. <\/p>\n<h4>Funkcijas<\/h4>\n<ul>\n<li>Sver tikai 17,6 kg! Mighty Atom ir pasaul\u0113 viegl\u0101kais 2kW invertora \u0123enerators. <\/li>\n<li>Benz\u012bna dzin\u0113js ar 79 cm\u00b3, l\u012bdz 10,5 stundu darb\u012bbas laiku (pie 25% slodzes).<\/li>\n<li>Dro\u0161i piesl\u0113dziet savas elektronisk\u0101s ier\u012bces ar patiesu sinusa vi\u013c\u0146u tehnolo\u0123iju (&lt; 3% THD).<\/li>\n<li>Uzticamais Champion dzin\u0113js ra\u017eo 2200 maksim\u0101los vatus, 1900 darb\u012bbas vatus.<\/li>\n<li>Vair\u0101ki kontaktligzdas, tostarp divas 220V 16A kontaktligzdas un viena 12V DC kontaktligzda.<\/li>\n<li>Klus\u0101 darb\u012bba tikai 58 dBA 7m att\u0101lum\u0101.<\/li>\n<li>LED indikatori un ekonomijas re\u017e\u012bms degvielas taup\u012b\u0161anai.<\/li>\n<li>Izstr\u0101d\u0101ts ar zema e\u013c\u013cas l\u012bme\u0146a izsl\u0113g\u0161anas sensoru, \u0161im invertoram ir 500 ml e\u013c\u013cas ietilp\u012bba.<\/li>\n<li>Piesl\u0113dziet \u0161o invertoru ar citu Champion 2200 vatu invertoru, lai ieg\u016btu liel\u0101ku jaudu (ar izv\u0113les ParaLINK paral\u0113lo komplektu).<\/li>\n<\/ul>\n","protected":false},"featured_media":30317,"comment_status":"open","ping_status":"closed","template":"","meta":[],"product_brand":[86],"product_cat":[140,247],"product_tag":[190,141],"class_list":{"0":"post-31123","1":"product","2":"type-product","3":"status-publish","4":"has-post-thumbnail","6":"product_brand-champion","7":"product_cat-benzina-generatori-benzina-generatori","8":"product_cat-invertora-generators","9":"product_tag-generators","10":"product_tag-invertora-generators","12":"first","13":"instock","14":"taxable","15":"shipping-taxable","16":"purchasable","17":"product-type-simple"},"yoast_head":"<!-- This site is optimized with the Yoast SEO Premium plugin v27.5 (Yoast SEO v27.5) - https:\/\/yoast.com\/product\/yoast-seo-premium-wordpress\/ -->\n<title>Champion 2200 vatu invertora \u0123enerators - varenais Atoms! - Champion Baltics<\/title>\n<meta name=\"description\" content=\"Champion 2200W invertora \u0123enerators \u2013 17,6 kg, 58 dBA, 10,5h darb\u012bba, ES V posms, paral\u0113li gatavs, 3 gadu garantija.\" \/>\n<meta name=\"robots\" content=\"index, follow, max-snippet:-1, max-image-preview:large, max-video-preview:-1\" \/>\n<link rel=\"canonical\" href=\"https:\/\/championbaltics.com\/lv\/toode\/champion-2200-vatu-invertora-generators-varenais-atoms\/\" \/>\n<meta property=\"og:locale\" content=\"lv_LV\" \/>\n<meta property=\"og:type\" content=\"article\" \/>\n<meta property=\"og:title\" content=\"Champion 2200 vatu invertora \u0123enerators - varenais Atoms!\" \/>\n<meta property=\"og:description\" content=\"Champion 2200W invertora \u0123enerators \u2013 17,6 kg, 58 dBA, 10,5h darb\u012bba, ES V posms, paral\u0113li gatavs, 3 gadu garantija.\" \/>\n<meta property=\"og:url\" content=\"https:\/\/championbaltics.com\/lv\/toode\/champion-2200-vatu-invertora-generators-varenais-atoms\/\" \/>\n<meta property=\"og:site_name\" content=\"Champion Baltics\" \/>\n<meta property=\"article:publisher\" content=\"https:\/\/facebook.com\/championbaltics\" \/>\n<meta property=\"article:modified_time\" content=\"2025-11-25T07:44:31+00:00\" \/>\n<meta property=\"og:image\" content=\"https:\/\/championbaltics.com\/wp-content\/uploads\/2025\/08\/92001i-EU.webp\" \/>\n\t<meta property=\"og:image:width\" content=\"2500\" \/>\n\t<meta property=\"og:image:height\" content=\"2500\" \/>\n\t<meta property=\"og:image:type\" content=\"image\/jpeg\" \/>\n<meta name=\"twitter:card\" content=\"summary_large_image\" \/>\n<meta name=\"twitter:label1\" content=\"Price\" \/>\n\t<meta name=\"twitter:data1\" content=\"699,00&nbsp;&euro;\" \/>\n\t<meta name=\"twitter:label2\" content=\"Availability\" \/>\n\t<meta name=\"twitter:data2\" content=\"In stock\" \/>\n<script type=\"application\/ld+json\" class=\"yoast-schema-graph\">{\"@context\":\"https:\\\/\\\/schema.org\",\"@graph\":[{\"@type\":\"WebPage\",\"@id\":\"https:\\\/\\\/championbaltics.com\\\/lv\\\/toode\\\/champion-2200-vatu-invertora-generators-varenais-atoms\\\/\",\"url\":\"https:\\\/\\\/championbaltics.com\\\/lv\\\/toode\\\/champion-2200-vatu-invertora-generators-varenais-atoms\\\/\",\"name\":\"Champion 2200 vatu invertora \u0123enerators - varenais Atoms! - Champion Baltics\",\"isPartOf\":{\"@id\":\"https:\\\/\\\/championbaltics.com\\\/lv\\\/#website\"},\"primaryImageOfPage\":{\"@id\":\"https:\\\/\\\/championbaltics.com\\\/lv\\\/toode\\\/champion-2200-vatu-invertora-generators-varenais-atoms\\\/#primaryimage\"},\"image\":{\"@id\":\"https:\\\/\\\/championbaltics.com\\\/lv\\\/toode\\\/champion-2200-vatu-invertora-generators-varenais-atoms\\\/#primaryimage\"},\"thumbnailUrl\":\"https:\\\/\\\/championbaltics.com\\\/wp-content\\\/uploads\\\/2025\\\/08\\\/92001i-EU.webp\",\"datePublished\":\"2025-08-25T12:03:57+00:00\",\"dateModified\":\"2025-11-25T07:44:31+00:00\",\"description\":\"Champion 2200W invertora \u0123enerators \u2013 17,6 kg, 58 dBA, 10,5h darb\u012bba, ES V posms, paral\u0113li gatavs, 3 gadu garantija.\",\"breadcrumb\":{\"@id\":\"https:\\\/\\\/championbaltics.com\\\/lv\\\/toode\\\/champion-2200-vatu-invertora-generators-varenais-atoms\\\/#breadcrumb\"},\"inLanguage\":\"lv-LV\",\"potentialAction\":[{\"@type\":\"ReadAction\",\"target\":[\"https:\\\/\\\/championbaltics.com\\\/lv\\\/toode\\\/champion-2200-vatu-invertora-generators-varenais-atoms\\\/\"]}]},{\"@type\":\"ImageObject\",\"inLanguage\":\"lv-LV\",\"@id\":\"https:\\\/\\\/championbaltics.com\\\/lv\\\/toode\\\/champion-2200-vatu-invertora-generators-varenais-atoms\\\/#primaryimage\",\"url\":\"https:\\\/\\\/championbaltics.com\\\/wp-content\\\/uploads\\\/2025\\\/08\\\/92001i-EU.webp\",\"contentUrl\":\"https:\\\/\\\/championbaltics.com\\\/wp-content\\\/uploads\\\/2025\\\/08\\\/92001i-EU.webp\",\"width\":2500,\"height\":2500,\"caption\":\"Champion 2200W invertergenerators \u2013 varenais Aatom!\"},{\"@type\":\"BreadcrumbList\",\"@id\":\"https:\\\/\\\/championbaltics.com\\\/lv\\\/toode\\\/champion-2200-vatu-invertora-generators-varenais-atoms\\\/#breadcrumb\",\"itemListElement\":[{\"@type\":\"ListItem\",\"position\":1,\"name\":\"Home\",\"item\":\"https:\\\/\\\/championbaltics.com\\\/lv\\\/\"},{\"@type\":\"ListItem\",\"position\":2,\"name\":\"Veikals\",\"item\":\"https:\\\/\\\/championbaltics.com\\\/lv\\\/veikals\\\/\"},{\"@type\":\"ListItem\",\"position\":3,\"name\":\"Champion 2200 vatu invertora \u0123enerators &#8212; varenais Atoms!\"}]},{\"@type\":\"WebSite\",\"@id\":\"https:\\\/\\\/championbaltics.com\\\/lv\\\/#website\",\"url\":\"https:\\\/\\\/championbaltics.com\\\/lv\\\/\",\"name\":\"Champion Baltics\",\"description\":\"Power equipments\",\"publisher\":{\"@id\":\"https:\\\/\\\/championbaltics.com\\\/lv\\\/#organization\"},\"alternateName\":\"Champion Power Equipment\",\"potentialAction\":[{\"@type\":\"SearchAction\",\"target\":{\"@type\":\"EntryPoint\",\"urlTemplate\":\"https:\\\/\\\/championbaltics.com\\\/lv\\\/?s={search_term_string}\"},\"query-input\":{\"@type\":\"PropertyValueSpecification\",\"valueRequired\":true,\"valueName\":\"search_term_string\"}}],\"inLanguage\":\"lv-LV\"},{\"@type\":[\"Organization\",\"Place\"],\"@id\":\"https:\\\/\\\/championbaltics.com\\\/lv\\\/#organization\",\"name\":\"Champion Baltics\",\"alternateName\":\"Champion Power Equipment\",\"url\":\"https:\\\/\\\/championbaltics.com\\\/lv\\\/\",\"logo\":{\"@id\":\"https:\\\/\\\/championbaltics.com\\\/lv\\\/toode\\\/champion-2200-vatu-invertora-generators-varenais-atoms\\\/#local-main-organization-logo\"},\"image\":{\"@id\":\"https:\\\/\\\/championbaltics.com\\\/lv\\\/toode\\\/champion-2200-vatu-invertora-generators-varenais-atoms\\\/#local-main-organization-logo\"},\"sameAs\":[\"https:\\\/\\\/facebook.com\\\/championbaltics\"],\"description\":\"Champion power equipment representer of State of Baltics\",\"legalName\":\"T.O Engineering LLC\",\"foundingDate\":\"2015-01-07\",\"numberOfEmployees\":{\"@type\":\"QuantitativeValue\",\"minValue\":\"1\",\"maxValue\":\"10\"},\"hasMerchantReturnPolicy\":{\"@type\":\"MerchantReturnPolicy\",\"merchantReturnLink\":\"https:\\\/\\\/championbaltics.com\\\/refund_returns\\\/\"},\"address\":{\"@id\":\"https:\\\/\\\/championbaltics.com\\\/lv\\\/toode\\\/champion-2200-vatu-invertora-generators-varenais-atoms\\\/#local-main-place-address\"},\"telephone\":[],\"contactPoint\":{\"@type\":\"ContactPoint\",\"telephone\":\"+3725204833\",\"email\":\"info@championbaltics.com\"},\"openingHoursSpecification\":[{\"@type\":\"OpeningHoursSpecification\",\"dayOfWeek\":[\"Monday\",\"Tuesday\",\"Wednesday\",\"Thursday\",\"Friday\",\"Saturday\",\"Sunday\"],\"opens\":\"09:00\",\"closes\":\"17:00\"}],\"email\":\"info@championbaltics.com\",\"vatID\":\"EE102032772\"},{\"@type\":\"PostalAddress\",\"@id\":\"https:\\\/\\\/championbaltics.com\\\/lv\\\/toode\\\/champion-2200-vatu-invertora-generators-varenais-atoms\\\/#local-main-place-address\",\"streetAddress\":\"P\u00e4rnu mnt 144\",\"addressLocality\":\"Tallinn\",\"postalCode\":\"11317\",\"addressRegion\":\"Harju\",\"addressCountry\":\"EE\"},{\"@type\":\"ImageObject\",\"inLanguage\":\"lv-LV\",\"@id\":\"https:\\\/\\\/championbaltics.com\\\/lv\\\/toode\\\/champion-2200-vatu-invertora-generators-varenais-atoms\\\/#local-main-organization-logo\",\"url\":\"https:\\\/\\\/championbaltics.com\\\/wp-content\\\/uploads\\\/2025\\\/08\\\/cropped-ChampionBalticsLogo.webp\",\"contentUrl\":\"https:\\\/\\\/championbaltics.com\\\/wp-content\\\/uploads\\\/2025\\\/08\\\/cropped-ChampionBalticsLogo.webp\",\"width\":512,\"height\":512,\"caption\":\"Champion Baltics\"}]}<\/script>\n<meta property=\"product:brand\" content=\"Champion\" \/>\n<meta property=\"product:price:amount\" content=\"699.00\" \/>\n<meta property=\"product:price:currency\" content=\"EUR\" \/>\n<meta property=\"og:availability\" content=\"instock\" \/>\n<meta property=\"product:availability\" content=\"instock\" \/>\n<meta property=\"product:retailer_item_id\" content=\"92001i-EU-SC\" \/>\n<meta property=\"product:condition\" content=\"new\" \/>\n<meta name=\"geo.placename\" content=\"Tallinn\" \/>\n<meta name=\"geo.region\" content=\"Estonia\" \/>\n<!-- \/ Yoast SEO Premium plugin. -->","yoast_head_json":{"title":"Champion 2200 vatu invertora \u0123enerators - varenais Atoms! - Champion Baltics","description":"Champion 2200W invertora \u0123enerators \u2013 17,6 kg, 58 dBA, 10,5h darb\u012bba, ES V posms, paral\u0113li gatavs, 3 gadu garantija.","robots":{"index":"index","follow":"follow","max-snippet":"max-snippet:-1","max-image-preview":"max-image-preview:large","max-video-preview":"max-video-preview:-1"},"canonical":"https:\/\/championbaltics.com\/lv\/toode\/champion-2200-vatu-invertora-generators-varenais-atoms\/","og_locale":"lv_LV","og_type":"article","og_title":"Champion 2200 vatu invertora \u0123enerators - varenais Atoms!","og_description":"Champion 2200W invertora \u0123enerators \u2013 17,6 kg, 58 dBA, 10,5h darb\u012bba, ES V posms, paral\u0113li gatavs, 3 gadu garantija.","og_url":"https:\/\/championbaltics.com\/lv\/toode\/champion-2200-vatu-invertora-generators-varenais-atoms\/","og_site_name":"Champion Baltics","article_publisher":"https:\/\/facebook.com\/championbaltics","article_modified_time":"2025-11-25T07:44:31+00:00","og_image":[{"width":2500,"height":2500,"url":"https:\/\/championbaltics.com\/wp-content\/uploads\/2025\/08\/92001i-EU.webp","type":"image\/jpeg"}],"twitter_card":"summary_large_image","twitter_misc":{"Price":"699,00&nbsp;&euro;","Availability":"In stock"},"schema":{"@context":"https:\/\/schema.org","@graph":[{"@type":"WebPage","@id":"https:\/\/championbaltics.com\/lv\/toode\/champion-2200-vatu-invertora-generators-varenais-atoms\/","url":"https:\/\/championbaltics.com\/lv\/toode\/champion-2200-vatu-invertora-generators-varenais-atoms\/","name":"Champion 2200 vatu invertora \u0123enerators - varenais Atoms! - Champion Baltics","isPartOf":{"@id":"https:\/\/championbaltics.com\/lv\/#website"},"primaryImageOfPage":{"@id":"https:\/\/championbaltics.com\/lv\/toode\/champion-2200-vatu-invertora-generators-varenais-atoms\/#primaryimage"},"image":{"@id":"https:\/\/championbaltics.com\/lv\/toode\/champion-2200-vatu-invertora-generators-varenais-atoms\/#primaryimage"},"thumbnailUrl":"https:\/\/championbaltics.com\/wp-content\/uploads\/2025\/08\/92001i-EU.webp","datePublished":"2025-08-25T12:03:57+00:00","dateModified":"2025-11-25T07:44:31+00:00","description":"Champion 2200W invertora \u0123enerators \u2013 17,6 kg, 58 dBA, 10,5h darb\u012bba, ES V posms, paral\u0113li gatavs, 3 gadu garantija.","breadcrumb":{"@id":"https:\/\/championbaltics.com\/lv\/toode\/champion-2200-vatu-invertora-generators-varenais-atoms\/#breadcrumb"},"inLanguage":"lv-LV","potentialAction":[{"@type":"ReadAction","target":["https:\/\/championbaltics.com\/lv\/toode\/champion-2200-vatu-invertora-generators-varenais-atoms\/"]}]},{"@type":"ImageObject","inLanguage":"lv-LV","@id":"https:\/\/championbaltics.com\/lv\/toode\/champion-2200-vatu-invertora-generators-varenais-atoms\/#primaryimage","url":"https:\/\/championbaltics.com\/wp-content\/uploads\/2025\/08\/92001i-EU.webp","contentUrl":"https:\/\/championbaltics.com\/wp-content\/uploads\/2025\/08\/92001i-EU.webp","width":2500,"height":2500,"caption":"Champion 2200W invertergenerators \u2013 varenais Aatom!"},{"@type":"BreadcrumbList","@id":"https:\/\/championbaltics.com\/lv\/toode\/champion-2200-vatu-invertora-generators-varenais-atoms\/#breadcrumb","itemListElement":[{"@type":"ListItem","position":1,"name":"Home","item":"https:\/\/championbaltics.com\/lv\/"},{"@type":"ListItem","position":2,"name":"Veikals","item":"https:\/\/championbaltics.com\/lv\/veikals\/"},{"@type":"ListItem","position":3,"name":"Champion 2200 vatu invertora \u0123enerators &#8212; varenais Atoms!"}]},{"@type":"WebSite","@id":"https:\/\/championbaltics.com\/lv\/#website","url":"https:\/\/championbaltics.com\/lv\/","name":"Champion Baltics","description":"Power equipments","publisher":{"@id":"https:\/\/championbaltics.com\/lv\/#organization"},"alternateName":"Champion Power Equipment","potentialAction":[{"@type":"SearchAction","target":{"@type":"EntryPoint","urlTemplate":"https:\/\/championbaltics.com\/lv\/?s={search_term_string}"},"query-input":{"@type":"PropertyValueSpecification","valueRequired":true,"valueName":"search_term_string"}}],"inLanguage":"lv-LV"},{"@type":["Organization","Place"],"@id":"https:\/\/championbaltics.com\/lv\/#organization","name":"Champion Baltics","alternateName":"Champion Power Equipment","url":"https:\/\/championbaltics.com\/lv\/","logo":{"@id":"https:\/\/championbaltics.com\/lv\/toode\/champion-2200-vatu-invertora-generators-varenais-atoms\/#local-main-organization-logo"},"image":{"@id":"https:\/\/championbaltics.com\/lv\/toode\/champion-2200-vatu-invertora-generators-varenais-atoms\/#local-main-organization-logo"},"sameAs":["https:\/\/facebook.com\/championbaltics"],"description":"Champion power equipment representer of State of Baltics","legalName":"T.O Engineering LLC","foundingDate":"2015-01-07","numberOfEmployees":{"@type":"QuantitativeValue","minValue":"1","maxValue":"10"},"hasMerchantReturnPolicy":{"@type":"MerchantReturnPolicy","merchantReturnLink":"https:\/\/championbaltics.com\/refund_returns\/"},"address":{"@id":"https:\/\/championbaltics.com\/lv\/toode\/champion-2200-vatu-invertora-generators-varenais-atoms\/#local-main-place-address"},"telephone":[],"contactPoint":{"@type":"ContactPoint","telephone":"+3725204833","email":"info@championbaltics.com"},"openingHoursSpecification":[{"@type":"OpeningHoursSpecification","dayOfWeek":["Monday","Tuesday","Wednesday","Thursday","Friday","Saturday","Sunday"],"opens":"09:00","closes":"17:00"}],"email":"info@championbaltics.com","vatID":"EE102032772"},{"@type":"PostalAddress","@id":"https:\/\/championbaltics.com\/lv\/toode\/champion-2200-vatu-invertora-generators-varenais-atoms\/#local-main-place-address","streetAddress":"P\u00e4rnu mnt 144","addressLocality":"Tallinn","postalCode":"11317","addressRegion":"Harju","addressCountry":"EE"},{"@type":"ImageObject","inLanguage":"lv-LV","@id":"https:\/\/championbaltics.com\/lv\/toode\/champion-2200-vatu-invertora-generators-varenais-atoms\/#local-main-organization-logo","url":"https:\/\/championbaltics.com\/wp-content\/uploads\/2025\/08\/cropped-ChampionBalticsLogo.webp","contentUrl":"https:\/\/championbaltics.com\/wp-content\/uploads\/2025\/08\/cropped-ChampionBalticsLogo.webp","width":512,"height":512,"caption":"Champion Baltics"}]},"product_brand":"Champion","product_price_amount":"699.00","product_price_currency":"EUR","og_availability":"instock","product_availability":"instock","product_retailer_item_id":"92001i-EU-SC","product_condition":"new","geo.placename":"Tallinn","geo.region":"Estonia"},"_links":{"self":[{"href":"https:\/\/championbaltics.com\/lv\/wp-json\/wp\/v2\/product\/31123","targetHints":{"allow":["GET"]}}],"collection":[{"href":"https:\/\/championbaltics.com\/lv\/wp-json\/wp\/v2\/product"}],"about":[{"href":"https:\/\/championbaltics.com\/lv\/wp-json\/wp\/v2\/types\/product"}],"replies":[{"embeddable":true,"href":"https:\/\/championbaltics.com\/lv\/wp-json\/wp\/v2\/comments?post=31123"}],"version-history":[{"count":3,"href":"https:\/\/championbaltics.com\/lv\/wp-json\/wp\/v2\/product\/31123\/revisions"}],"predecessor-version":[{"id":32060,"href":"https:\/\/championbaltics.com\/lv\/wp-json\/wp\/v2\/product\/31123\/revisions\/32060"}],"wp:featuredmedia":[{"embeddable":true,"href":"https:\/\/championbaltics.com\/lv\/wp-json\/wp\/v2\/media\/30317"}],"wp:attachment":[{"href":"https:\/\/championbaltics.com\/lv\/wp-json\/wp\/v2\/media?parent=31123"}],"wp:term":[{"taxonomy":"product_brand","embeddable":true,"href":"https:\/\/championbaltics.com\/lv\/wp-json\/wp\/v2\/product_brand?post=31123"},{"taxonomy":"product_cat","embeddable":true,"href":"https:\/\/championbaltics.com\/lv\/wp-json\/wp\/v2\/product_cat?post=31123"},{"taxonomy":"product_tag","embeddable":true,"href":"https:\/\/championbaltics.com\/lv\/wp-json\/wp\/v2\/product_tag?post=31123"}],"curies":[{"name":"wp","href":"https:\/\/api.w.org\/{rel}","templated":true}]}}