{"id":31304,"date":"2025-08-28T05:58:58","date_gmt":"2025-08-28T05:58:58","guid":{"rendered":"https:\/\/championbaltics.com\/toode\/champion-tekma-power-x-motorella-no-motul-10w30-1l\/"},"modified":"2025-09-15T08:59:55","modified_gmt":"2025-09-15T08:59:55","slug":"champion-tekma-power-x-motorella-no-motul-10w30-1l","status":"publish","type":"product","link":"https:\/\/championbaltics.com\/lv\/toode\/champion-tekma-power-x-motorella-no-motul-10w30-1l\/","title":{"rendered":"Champion tekma power x motore\u013c\u013ca no Motul 10W30 (1L)"},"content":{"rendered":"<p>Uzturiet savu \u0123eneratoru un apr\u012bkojumu nevainojam\u0101 darba k\u0101rt\u012bb\u0101 ar m\u016bsu <strong data-start=\"195\" data-end=\"221\">augstas kvalit\u0101tes motore\u013c\u013cu<\/strong>. \u012apa\u0161i izstr\u0101d\u0101ta, lai b\u016btu <strong data-start=\"250\" data-end=\"283\">piem\u0113rota visiem m\u016bsu produktiem<\/strong>, \u0161\u012b <strong data-start=\"290\" data-end=\"303\">1L pudele<\/strong> nodro\u0161ina uzticamu e\u013c\u013co\u0161anu, lai aizsarg\u0101tu dzin\u0113ju, samazin\u0101tu nodilumu un pagarin\u0101tu t\u0101 kalpo\u0161anas laiku. Ide\u0101li piem\u0113rota regul\u0101rai apkopei, lai nodro\u0161in\u0101tu augst\u0101ko veiktsp\u0113ju un ilgsto\u0161u iztur\u012bbu.  <\/p>\n","protected":false},"excerpt":{"rendered":"<p>Premium <strong data-start=\"524\" data-end=\"540\">1L motore\u013c\u013ca<\/strong>, kas piem\u0113rota visiem m\u016bsu \u0123eneratoriem un apr\u012bkojumam. Aizsarg\u0101 dzin\u0113jus, samazina nodilumu un nodro\u0161ina uzticamu veiktsp\u0113ju un ilgm\u016b\u017e\u012bbu. <\/p>\n","protected":false},"featured_media":31305,"comment_status":"open","ping_status":"closed","template":"","meta":[],"product_brand":[97],"product_cat":[205,140,142,189,274,200,192,174],"product_tag":[218],"class_list":{"0":"post-31304","1":"product","2":"type-product","3":"status-publish","4":"has-post-thumbnail","6":"product_brand-motul","7":"product_cat-aksesuari","8":"product_cat-benzina-generatori-benzina-generatori","9":"product_cat-divu-degvielu-generatori","10":"product_cat-dizelgeneratori","11":"product_cat-motorella","12":"product_cat-rezerves-dalas","13":"product_cat-spiediena-mazgataji","14":"product_cat-udens-sukni","15":"product_tag-ella","17":"first","18":"instock","19":"taxable","20":"shipping-taxable","21":"purchasable","22":"product-type-simple"},"yoast_head":"<!-- This site is optimized with the Yoast SEO Premium plugin v27.4 (Yoast SEO v27.4) - https:\/\/yoast.com\/product\/yoast-seo-premium-wordpress\/ -->\n<title>Champion tekma power x motore\u013c\u013ca no Motul 10W30 (1L) - Champion Baltics<\/title>\n<meta name=\"description\" content=\"1L motore\u013c\u013ca \u0123eneratoriem. Aizsarg\u0101, samazina nodilumu, nodro\u0161ina veiktsp\u0113ju.\" \/>\n<meta name=\"robots\" content=\"index, follow, max-snippet:-1, max-image-preview:large, max-video-preview:-1\" \/>\n<link rel=\"canonical\" href=\"https:\/\/championbaltics.com\/lv\/toode\/champion-tekma-power-x-motorella-no-motul-10w30-1l\/\" \/>\n<meta property=\"og:locale\" content=\"lv_LV\" \/>\n<meta property=\"og:type\" content=\"article\" \/>\n<meta property=\"og:title\" content=\"Champion tekma power x motore\u013c\u013ca no Motul 10W30 (1L)\" \/>\n<meta property=\"og:description\" content=\"1L motore\u013c\u013ca \u0123eneratoriem. Aizsarg\u0101, samazina nodilumu, nodro\u0161ina veiktsp\u0113ju.\" \/>\n<meta property=\"og:url\" content=\"https:\/\/championbaltics.com\/lv\/toode\/champion-tekma-power-x-motorella-no-motul-10w30-1l\/\" \/>\n<meta property=\"og:site_name\" content=\"Champion Baltics\" \/>\n<meta property=\"article:publisher\" content=\"https:\/\/facebook.com\/championbaltics\" \/>\n<meta property=\"article:modified_time\" content=\"2025-09-15T08:59:55+00:00\" \/>\n<meta property=\"og:image\" content=\"https:\/\/championbaltics.com\/wp-content\/uploads\/2025\/08\/OL-111573.webp\" \/>\n\t<meta property=\"og:image:width\" content=\"1739\" \/>\n\t<meta property=\"og:image:height\" content=\"1739\" \/>\n\t<meta property=\"og:image:type\" content=\"image\/jpeg\" \/>\n<meta name=\"twitter:card\" content=\"summary_large_image\" \/>\n<meta name=\"twitter:label1\" content=\"Price\" \/>\n\t<meta name=\"twitter:data1\" content=\"10,00&nbsp;&euro;\" \/>\n\t<meta name=\"twitter:label2\" content=\"Availability\" \/>\n\t<meta name=\"twitter:data2\" content=\"In stock\" \/>\n<script type=\"application\/ld+json\" class=\"yoast-schema-graph\">{\"@context\":\"https:\\\/\\\/schema.org\",\"@graph\":[{\"@type\":\"WebPage\",\"@id\":\"https:\\\/\\\/championbaltics.com\\\/lv\\\/toode\\\/champion-tekma-power-x-motorella-no-motul-10w30-1l\\\/\",\"url\":\"https:\\\/\\\/championbaltics.com\\\/lv\\\/toode\\\/champion-tekma-power-x-motorella-no-motul-10w30-1l\\\/\",\"name\":\"Champion tekma power x motore\u013c\u013ca no Motul 10W30 (1L) - Champion Baltics\",\"isPartOf\":{\"@id\":\"https:\\\/\\\/championbaltics.com\\\/lv\\\/#website\"},\"primaryImageOfPage\":{\"@id\":\"https:\\\/\\\/championbaltics.com\\\/lv\\\/toode\\\/champion-tekma-power-x-motorella-no-motul-10w30-1l\\\/#primaryimage\"},\"image\":{\"@id\":\"https:\\\/\\\/championbaltics.com\\\/lv\\\/toode\\\/champion-tekma-power-x-motorella-no-motul-10w30-1l\\\/#primaryimage\"},\"thumbnailUrl\":\"https:\\\/\\\/championbaltics.com\\\/wp-content\\\/uploads\\\/2025\\\/08\\\/OL-111573.webp\",\"datePublished\":\"2025-08-28T05:58:58+00:00\",\"dateModified\":\"2025-09-15T08:59:55+00:00\",\"description\":\"1L motore\u013c\u013ca \u0123eneratoriem. Aizsarg\u0101, samazina nodilumu, nodro\u0161ina veiktsp\u0113ju.\",\"breadcrumb\":{\"@id\":\"https:\\\/\\\/championbaltics.com\\\/lv\\\/toode\\\/champion-tekma-power-x-motorella-no-motul-10w30-1l\\\/#breadcrumb\"},\"inLanguage\":\"lv-LV\",\"potentialAction\":[{\"@type\":\"ReadAction\",\"target\":[\"https:\\\/\\\/championbaltics.com\\\/lv\\\/toode\\\/champion-tekma-power-x-motorella-no-motul-10w30-1l\\\/\"]}]},{\"@type\":\"ImageObject\",\"inLanguage\":\"lv-LV\",\"@id\":\"https:\\\/\\\/championbaltics.com\\\/lv\\\/toode\\\/champion-tekma-power-x-motorella-no-motul-10w30-1l\\\/#primaryimage\",\"url\":\"https:\\\/\\\/championbaltics.com\\\/wp-content\\\/uploads\\\/2025\\\/08\\\/OL-111573.webp\",\"contentUrl\":\"https:\\\/\\\/championbaltics.com\\\/wp-content\\\/uploads\\\/2025\\\/08\\\/OL-111573.webp\",\"width\":1739,\"height\":1739,\"caption\":\"Ekr\u0101nuz\u0146\u0113mums\"},{\"@type\":\"BreadcrumbList\",\"@id\":\"https:\\\/\\\/championbaltics.com\\\/lv\\\/toode\\\/champion-tekma-power-x-motorella-no-motul-10w30-1l\\\/#breadcrumb\",\"itemListElement\":[{\"@type\":\"ListItem\",\"position\":1,\"name\":\"Home\",\"item\":\"https:\\\/\\\/championbaltics.com\\\/lv\\\/\"},{\"@type\":\"ListItem\",\"position\":2,\"name\":\"Veikals\",\"item\":\"https:\\\/\\\/championbaltics.com\\\/lv\\\/veikals\\\/\"},{\"@type\":\"ListItem\",\"position\":3,\"name\":\"Champion tekma power x motore\u013c\u013ca no Motul 10W30 (1L)\"}]},{\"@type\":\"WebSite\",\"@id\":\"https:\\\/\\\/championbaltics.com\\\/lv\\\/#website\",\"url\":\"https:\\\/\\\/championbaltics.com\\\/lv\\\/\",\"name\":\"Champion Baltics\",\"description\":\"Power equipments\",\"publisher\":{\"@id\":\"https:\\\/\\\/championbaltics.com\\\/lv\\\/#organization\"},\"alternateName\":\"Champion Power Equipment\",\"potentialAction\":[{\"@type\":\"SearchAction\",\"target\":{\"@type\":\"EntryPoint\",\"urlTemplate\":\"https:\\\/\\\/championbaltics.com\\\/lv\\\/?s={search_term_string}\"},\"query-input\":{\"@type\":\"PropertyValueSpecification\",\"valueRequired\":true,\"valueName\":\"search_term_string\"}}],\"inLanguage\":\"lv-LV\"},{\"@type\":[\"Organization\",\"Place\"],\"@id\":\"https:\\\/\\\/championbaltics.com\\\/lv\\\/#organization\",\"name\":\"Champion Baltics\",\"alternateName\":\"Champion Power Equipment\",\"url\":\"https:\\\/\\\/championbaltics.com\\\/lv\\\/\",\"logo\":{\"@id\":\"https:\\\/\\\/championbaltics.com\\\/lv\\\/toode\\\/champion-tekma-power-x-motorella-no-motul-10w30-1l\\\/#local-main-organization-logo\"},\"image\":{\"@id\":\"https:\\\/\\\/championbaltics.com\\\/lv\\\/toode\\\/champion-tekma-power-x-motorella-no-motul-10w30-1l\\\/#local-main-organization-logo\"},\"sameAs\":[\"https:\\\/\\\/facebook.com\\\/championbaltics\"],\"description\":\"Champion power equipment representer of State of Baltics\",\"legalName\":\"T.O Engineering LLC\",\"foundingDate\":\"2015-01-07\",\"numberOfEmployees\":{\"@type\":\"QuantitativeValue\",\"minValue\":\"1\",\"maxValue\":\"10\"},\"hasMerchantReturnPolicy\":{\"@type\":\"MerchantReturnPolicy\",\"merchantReturnLink\":\"https:\\\/\\\/championbaltics.com\\\/refund_returns\\\/\"},\"address\":{\"@id\":\"https:\\\/\\\/championbaltics.com\\\/lv\\\/toode\\\/champion-tekma-power-x-motorella-no-motul-10w30-1l\\\/#local-main-place-address\"},\"telephone\":[],\"contactPoint\":{\"@type\":\"ContactPoint\",\"telephone\":\"+3725204833\",\"email\":\"info@championbaltics.com\"},\"openingHoursSpecification\":[{\"@type\":\"OpeningHoursSpecification\",\"dayOfWeek\":[\"Monday\",\"Tuesday\",\"Wednesday\",\"Thursday\",\"Friday\",\"Saturday\",\"Sunday\"],\"opens\":\"09:00\",\"closes\":\"17:00\"}],\"email\":\"info@championbaltics.com\",\"vatID\":\"EE102032772\"},{\"@type\":\"PostalAddress\",\"@id\":\"https:\\\/\\\/championbaltics.com\\\/lv\\\/toode\\\/champion-tekma-power-x-motorella-no-motul-10w30-1l\\\/#local-main-place-address\",\"streetAddress\":\"P\u00e4rnu mnt 144\",\"addressLocality\":\"Tallinn\",\"postalCode\":\"11317\",\"addressRegion\":\"Harju\",\"addressCountry\":\"EE\"},{\"@type\":\"ImageObject\",\"inLanguage\":\"lv-LV\",\"@id\":\"https:\\\/\\\/championbaltics.com\\\/lv\\\/toode\\\/champion-tekma-power-x-motorella-no-motul-10w30-1l\\\/#local-main-organization-logo\",\"url\":\"https:\\\/\\\/championbaltics.com\\\/wp-content\\\/uploads\\\/2025\\\/08\\\/cropped-ChampionBalticsLogo.webp\",\"contentUrl\":\"https:\\\/\\\/championbaltics.com\\\/wp-content\\\/uploads\\\/2025\\\/08\\\/cropped-ChampionBalticsLogo.webp\",\"width\":512,\"height\":512,\"caption\":\"Champion Baltics\"}]}<\/script>\n<meta property=\"product:brand\" content=\"Motul\" \/>\n<meta property=\"product:price:amount\" content=\"10.00\" \/>\n<meta property=\"product:price:currency\" content=\"EUR\" \/>\n<meta property=\"og:availability\" content=\"instock\" \/>\n<meta property=\"product:availability\" content=\"instock\" \/>\n<meta property=\"product:retailer_item_id\" content=\"OL-111573\" \/>\n<meta property=\"product:condition\" content=\"new\" \/>\n<meta name=\"geo.placename\" content=\"Tallinn\" \/>\n<meta name=\"geo.region\" content=\"Estonia\" \/>\n<!-- \/ Yoast SEO Premium plugin. -->","yoast_head_json":{"title":"Champion tekma power x motore\u013c\u013ca no Motul 10W30 (1L) - Champion Baltics","description":"1L motore\u013c\u013ca \u0123eneratoriem. Aizsarg\u0101, samazina nodilumu, nodro\u0161ina veiktsp\u0113ju.","robots":{"index":"index","follow":"follow","max-snippet":"max-snippet:-1","max-image-preview":"max-image-preview:large","max-video-preview":"max-video-preview:-1"},"canonical":"https:\/\/championbaltics.com\/lv\/toode\/champion-tekma-power-x-motorella-no-motul-10w30-1l\/","og_locale":"lv_LV","og_type":"article","og_title":"Champion tekma power x motore\u013c\u013ca no Motul 10W30 (1L)","og_description":"1L motore\u013c\u013ca \u0123eneratoriem. Aizsarg\u0101, samazina nodilumu, nodro\u0161ina veiktsp\u0113ju.","og_url":"https:\/\/championbaltics.com\/lv\/toode\/champion-tekma-power-x-motorella-no-motul-10w30-1l\/","og_site_name":"Champion Baltics","article_publisher":"https:\/\/facebook.com\/championbaltics","article_modified_time":"2025-09-15T08:59:55+00:00","og_image":[{"width":1739,"height":1739,"url":"https:\/\/championbaltics.com\/wp-content\/uploads\/2025\/08\/OL-111573.webp","type":"image\/jpeg"}],"twitter_card":"summary_large_image","twitter_misc":{"Price":"10,00&nbsp;&euro;","Availability":"In stock"},"schema":{"@context":"https:\/\/schema.org","@graph":[{"@type":"WebPage","@id":"https:\/\/championbaltics.com\/lv\/toode\/champion-tekma-power-x-motorella-no-motul-10w30-1l\/","url":"https:\/\/championbaltics.com\/lv\/toode\/champion-tekma-power-x-motorella-no-motul-10w30-1l\/","name":"Champion tekma power x motore\u013c\u013ca no Motul 10W30 (1L) - Champion Baltics","isPartOf":{"@id":"https:\/\/championbaltics.com\/lv\/#website"},"primaryImageOfPage":{"@id":"https:\/\/championbaltics.com\/lv\/toode\/champion-tekma-power-x-motorella-no-motul-10w30-1l\/#primaryimage"},"image":{"@id":"https:\/\/championbaltics.com\/lv\/toode\/champion-tekma-power-x-motorella-no-motul-10w30-1l\/#primaryimage"},"thumbnailUrl":"https:\/\/championbaltics.com\/wp-content\/uploads\/2025\/08\/OL-111573.webp","datePublished":"2025-08-28T05:58:58+00:00","dateModified":"2025-09-15T08:59:55+00:00","description":"1L motore\u013c\u013ca \u0123eneratoriem. Aizsarg\u0101, samazina nodilumu, nodro\u0161ina veiktsp\u0113ju.","breadcrumb":{"@id":"https:\/\/championbaltics.com\/lv\/toode\/champion-tekma-power-x-motorella-no-motul-10w30-1l\/#breadcrumb"},"inLanguage":"lv-LV","potentialAction":[{"@type":"ReadAction","target":["https:\/\/championbaltics.com\/lv\/toode\/champion-tekma-power-x-motorella-no-motul-10w30-1l\/"]}]},{"@type":"ImageObject","inLanguage":"lv-LV","@id":"https:\/\/championbaltics.com\/lv\/toode\/champion-tekma-power-x-motorella-no-motul-10w30-1l\/#primaryimage","url":"https:\/\/championbaltics.com\/wp-content\/uploads\/2025\/08\/OL-111573.webp","contentUrl":"https:\/\/championbaltics.com\/wp-content\/uploads\/2025\/08\/OL-111573.webp","width":1739,"height":1739,"caption":"Ekr\u0101nuz\u0146\u0113mums"},{"@type":"BreadcrumbList","@id":"https:\/\/championbaltics.com\/lv\/toode\/champion-tekma-power-x-motorella-no-motul-10w30-1l\/#breadcrumb","itemListElement":[{"@type":"ListItem","position":1,"name":"Home","item":"https:\/\/championbaltics.com\/lv\/"},{"@type":"ListItem","position":2,"name":"Veikals","item":"https:\/\/championbaltics.com\/lv\/veikals\/"},{"@type":"ListItem","position":3,"name":"Champion tekma power x motore\u013c\u013ca no Motul 10W30 (1L)"}]},{"@type":"WebSite","@id":"https:\/\/championbaltics.com\/lv\/#website","url":"https:\/\/championbaltics.com\/lv\/","name":"Champion Baltics","description":"Power equipments","publisher":{"@id":"https:\/\/championbaltics.com\/lv\/#organization"},"alternateName":"Champion Power Equipment","potentialAction":[{"@type":"SearchAction","target":{"@type":"EntryPoint","urlTemplate":"https:\/\/championbaltics.com\/lv\/?s={search_term_string}"},"query-input":{"@type":"PropertyValueSpecification","valueRequired":true,"valueName":"search_term_string"}}],"inLanguage":"lv-LV"},{"@type":["Organization","Place"],"@id":"https:\/\/championbaltics.com\/lv\/#organization","name":"Champion Baltics","alternateName":"Champion Power Equipment","url":"https:\/\/championbaltics.com\/lv\/","logo":{"@id":"https:\/\/championbaltics.com\/lv\/toode\/champion-tekma-power-x-motorella-no-motul-10w30-1l\/#local-main-organization-logo"},"image":{"@id":"https:\/\/championbaltics.com\/lv\/toode\/champion-tekma-power-x-motorella-no-motul-10w30-1l\/#local-main-organization-logo"},"sameAs":["https:\/\/facebook.com\/championbaltics"],"description":"Champion power equipment representer of State of Baltics","legalName":"T.O Engineering LLC","foundingDate":"2015-01-07","numberOfEmployees":{"@type":"QuantitativeValue","minValue":"1","maxValue":"10"},"hasMerchantReturnPolicy":{"@type":"MerchantReturnPolicy","merchantReturnLink":"https:\/\/championbaltics.com\/refund_returns\/"},"address":{"@id":"https:\/\/championbaltics.com\/lv\/toode\/champion-tekma-power-x-motorella-no-motul-10w30-1l\/#local-main-place-address"},"telephone":[],"contactPoint":{"@type":"ContactPoint","telephone":"+3725204833","email":"info@championbaltics.com"},"openingHoursSpecification":[{"@type":"OpeningHoursSpecification","dayOfWeek":["Monday","Tuesday","Wednesday","Thursday","Friday","Saturday","Sunday"],"opens":"09:00","closes":"17:00"}],"email":"info@championbaltics.com","vatID":"EE102032772"},{"@type":"PostalAddress","@id":"https:\/\/championbaltics.com\/lv\/toode\/champion-tekma-power-x-motorella-no-motul-10w30-1l\/#local-main-place-address","streetAddress":"P\u00e4rnu mnt 144","addressLocality":"Tallinn","postalCode":"11317","addressRegion":"Harju","addressCountry":"EE"},{"@type":"ImageObject","inLanguage":"lv-LV","@id":"https:\/\/championbaltics.com\/lv\/toode\/champion-tekma-power-x-motorella-no-motul-10w30-1l\/#local-main-organization-logo","url":"https:\/\/championbaltics.com\/wp-content\/uploads\/2025\/08\/cropped-ChampionBalticsLogo.webp","contentUrl":"https:\/\/championbaltics.com\/wp-content\/uploads\/2025\/08\/cropped-ChampionBalticsLogo.webp","width":512,"height":512,"caption":"Champion Baltics"}]},"product_brand":"Motul","product_price_amount":"10.00","product_price_currency":"EUR","og_availability":"instock","product_availability":"instock","product_retailer_item_id":"OL-111573","product_condition":"new","geo.placename":"Tallinn","geo.region":"Estonia"},"_links":{"self":[{"href":"https:\/\/championbaltics.com\/lv\/wp-json\/wp\/v2\/product\/31304","targetHints":{"allow":["GET"]}}],"collection":[{"href":"https:\/\/championbaltics.com\/lv\/wp-json\/wp\/v2\/product"}],"about":[{"href":"https:\/\/championbaltics.com\/lv\/wp-json\/wp\/v2\/types\/product"}],"replies":[{"embeddable":true,"href":"https:\/\/championbaltics.com\/lv\/wp-json\/wp\/v2\/comments?post=31304"}],"version-history":[{"count":2,"href":"https:\/\/championbaltics.com\/lv\/wp-json\/wp\/v2\/product\/31304\/revisions"}],"predecessor-version":[{"id":31954,"href":"https:\/\/championbaltics.com\/lv\/wp-json\/wp\/v2\/product\/31304\/revisions\/31954"}],"wp:featuredmedia":[{"embeddable":true,"href":"https:\/\/championbaltics.com\/lv\/wp-json\/wp\/v2\/media\/31305"}],"wp:attachment":[{"href":"https:\/\/championbaltics.com\/lv\/wp-json\/wp\/v2\/media?parent=31304"}],"wp:term":[{"taxonomy":"product_brand","embeddable":true,"href":"https:\/\/championbaltics.com\/lv\/wp-json\/wp\/v2\/product_brand?post=31304"},{"taxonomy":"product_cat","embeddable":true,"href":"https:\/\/championbaltics.com\/lv\/wp-json\/wp\/v2\/product_cat?post=31304"},{"taxonomy":"product_tag","embeddable":true,"href":"https:\/\/championbaltics.com\/lv\/wp-json\/wp\/v2\/product_tag?post=31304"}],"curies":[{"name":"wp","href":"https:\/\/api.w.org\/{rel}","templated":true}]}}