{"id":32981,"date":"2025-11-05T13:27:26","date_gmt":"2025-11-05T13:27:26","guid":{"rendered":"https:\/\/championbaltics.com\/toode\/nh-10000-hidrauliska-vinca-terauda-trose\/"},"modified":"2025-11-05T13:27:26","modified_gmt":"2025-11-05T13:27:26","slug":"nh-10000-hidrauliska-vinca-terauda-trose","status":"publish","type":"product","link":"https:\/\/championbaltics.com\/lv\/toode\/nh-10000-hidrauliska-vinca-terauda-trose\/","title":{"rendered":"NH 10000 hidraulisk\u0101 vin\u010da \u2013 t\u0113rauda trose"},"content":{"rendered":"<div class=\"elementor-element elementor-element-bff7dea elementor-widget elementor-widget-theme-post-title elementor-page-title elementor-widget-heading\" data-id=\"bff7dea\" data-element_type=\"widget\" data-widget_type=\"theme-post-title.default\">\n<div class=\"elementor-element elementor-element-bff7dea elementor-widget elementor-widget-theme-post-title elementor-page-title elementor-widget-heading\" data-id=\"bff7dea\" data-element_type=\"widget\" data-widget_type=\"theme-post-title.default\">\n<div class=\"elementor-element elementor-element-bff7dea elementor-widget elementor-widget-theme-post-title elementor-page-title elementor-widget-heading\" data-id=\"bff7dea\" data-element_type=\"widget\" data-widget_type=\"theme-post-title.default\">\n<h2 class=\"elementor-heading-title elementor-size-default\"><span dir=\"auto\">NH 10000 hidraulisk\u0101 vin\u010da \u2013 t\u0113rauda trose<\/span><\/h2>\n<\/div>\n<div class=\"elementor-element elementor-element-a536ae3 elementor-widget elementor-widget-jet-listing-dynamic-field\" data-id=\"a536ae3\" data-element_type=\"widget\" data-widget_type=\"jet-listing-dynamic-field.default\">\n<div class=\"jet-listing jet-listing-dynamic-field display-inline\">\n<div class=\"jet-listing-dynamic-field__inline-wrap\">\n<div class=\"jet-listing-dynamic-field__content\">\n<p><span dir=\"auto\">NH s\u0113rija ir m\u016bsu s\u0101kuma l\u012bme\u0146a hidraulisk\u0101 s\u0113rija. T\u0101 ir pieejama divos izm\u0113ros \u2013 10 000 m\u0101rci\u0146u un 15 000 m\u0101rci\u0146u. NH s\u0113rija ir kompakta un iztur\u012bga, un tai ir augstas efektivit\u0101tes hidrauliskais motors, kas nodro\u0161ina izcilu veiktsp\u0113ju. \u0160ai hidrauliskajai vin\u010dai ir ar\u012b patent\u0113ti t\u0113rauda p\u0101rnesumi un integr\u0113ta dro\u0161a bremze. NH s\u0113rija pied\u0101v\u0101 lieliskas vin\u010das gan r\u016bpnieciskiem, gan komerci\u0101liem lietojumiem, un to bie\u017ei izmanto, piem\u0113ram, uz maz\u0101kiem gl\u0101b\u0161anas rati\u0146iem. Komplekt\u0101cij\u0101 ir iek\u013cauts troses virz\u012bt\u0101js un ner\u016bs\u0113jo\u0161\u0101 t\u0113rauda kron\u0161teini.     <\/span><\/p>\n<p><span dir=\"auto\">Balansa v\u0101rsts BAL001 tiek ieg\u0101d\u0101ts atsevi\u0161\u0137i.<\/span><\/p>\n<p><img loading=\"lazy\" decoding=\"async\" class=\"alignnone wp-image-32431\" src=\"https:\/\/championbaltics.com\/wp-content\/uploads\/2025\/11\/chart_winch-400x131.png\" alt=\"\" width=\"739\" height=\"242\"><\/p>\n<\/div>\n<\/div>\n<\/div>\n<\/div>\n<\/div>\n<\/div>\n","protected":false},"excerpt":{"rendered":"<p>NH s\u0113rija ir kompakta un iztur\u012bga, ar augstas efektivit\u0101tes hidraulisko motoru, kas nodro\u0161ina izcilu veiktsp\u0113ju. \u0160ai hidrauliskajai vin\u010dai ir ar\u012b patent\u0113ti t\u0113rauda p\u0101rnesumi un integr\u0113ta dro\u0161a bremze. Lieliski piem\u0113rota tiem, kam nepiecie\u0161ama uzticama hidraulisk\u0101 vin\u010da atp\u016btas nol\u016bkiem. Ieteicams ar\u012b izmantot uz maz\u0101kiem gl\u0101b\u0161anas rati\u0146iem. Komplekt\u0101cij\u0101 ir iek\u013cauts troses virz\u012bt\u0101js un ner\u016bs\u0113jo\u0161\u0101 t\u0113rauda kron\u0161teini.    <\/p>\n<p>\u012apa\u0161\u012bbas:<\/p>\n<p>Patent\u0113ts p\u0101rnesums<br \/>\nIntegr\u0113ta, autom\u0101tiska dro\u0161a bremze<br \/>\nAtsperes manu\u0101la atbr\u012bvo\u0161ana<br \/>\nTroses virz\u012bt\u0101js un ner\u016bs\u0113jo\u0161\u0101 t\u0113rauda stiprin\u0101jumi<br \/>\nIztur\u012bga un labi izstr\u0101d\u0101ta ilgm\u016b\u017e\u012bbai<\/p>\n","protected":false},"featured_media":32435,"comment_status":"open","ping_status":"closed","template":"","meta":[],"product_brand":[292],"product_cat":[315],"product_tag":[348,347,346,317,316],"class_list":{"0":"post-32981","1":"product","2":"type-product","3":"status-publish","4":"has-post-thumbnail","6":"product_brand-warrior-winches","7":"product_cat-vincas","8":"product_tag-hidrauliska-vinca","9":"product_tag-nh-serija","10":"product_tag-premium","11":"product_tag-terauda-trose","12":"product_tag-vinca","14":"first","15":"instock","16":"taxable","17":"shipping-taxable","18":"purchasable","19":"product-type-simple"},"yoast_head":"<!-- This site is optimized with the Yoast SEO Premium plugin v27.5 (Yoast SEO v27.5) - https:\/\/yoast.com\/product\/yoast-seo-premium-wordpress\/ -->\n<title>NH 10000 hidraulisk\u0101 vin\u010da \u2013 t\u0113rauda trose - Champion Baltics<\/title>\n<meta name=\"description\" content=\"Warrior NH 10000 hidraulisk\u0101 vin\u010da ar t\u0113rauda trosi. Kompakta un iztur\u012bga 10 000 m\u0101rci\u0146u vin\u010da ar augstas efektivit\u0101tes motoru, patent\u0113tiem p\u0101rnesumiem un dro\u0161u bremzi r\u016bpnieciskai un komerci\u0101lai lieto\u0161anai.\" \/>\n<meta name=\"robots\" content=\"index, follow, max-snippet:-1, max-image-preview:large, max-video-preview:-1\" \/>\n<link rel=\"canonical\" href=\"https:\/\/championbaltics.com\/lv\/toode\/nh-10000-hidrauliska-vinca-terauda-trose\/\" \/>\n<meta property=\"og:locale\" content=\"lv_LV\" \/>\n<meta property=\"og:type\" content=\"article\" \/>\n<meta property=\"og:title\" content=\"NH 10000 hidraulisk\u0101 vin\u010da \u2013 t\u0113rauda trose\" \/>\n<meta property=\"og:description\" content=\"Warrior NH 10000 hidraulisk\u0101 vin\u010da ar t\u0113rauda trosi. Kompakta un iztur\u012bga 10 000 m\u0101rci\u0146u vin\u010da ar augstas efektivit\u0101tes motoru, patent\u0113tiem p\u0101rnesumiem un dro\u0161u bremzi r\u016bpnieciskai un komerci\u0101lai lieto\u0161anai.\" \/>\n<meta property=\"og:url\" content=\"https:\/\/championbaltics.com\/lv\/toode\/nh-10000-hidrauliska-vinca-terauda-trose\/\" \/>\n<meta property=\"og:site_name\" content=\"Champion Baltics\" \/>\n<meta property=\"article:publisher\" content=\"https:\/\/facebook.com\/championbaltics\" \/>\n<meta property=\"og:image\" content=\"https:\/\/championbaltics.com\/wp-content\/uploads\/2025\/11\/WW_10NHSHY_front-view-scaled.webp\" \/>\n\t<meta property=\"og:image:width\" content=\"1920\" \/>\n\t<meta property=\"og:image:height\" content=\"1317\" \/>\n\t<meta property=\"og:image:type\" content=\"image\/webp\" \/>\n<meta name=\"twitter:card\" content=\"summary_large_image\" \/>\n<meta name=\"twitter:label1\" content=\"Price\" \/>\n\t<meta name=\"twitter:data1\" content=\"1 099,00&nbsp;&euro;\" \/>\n\t<meta name=\"twitter:label2\" content=\"Availability\" \/>\n\t<meta name=\"twitter:data2\" content=\"In stock\" \/>\n<script type=\"application\/ld+json\" class=\"yoast-schema-graph\">{\"@context\":\"https:\\\/\\\/schema.org\",\"@graph\":[{\"@type\":\"WebPage\",\"@id\":\"https:\\\/\\\/championbaltics.com\\\/lv\\\/toode\\\/nh-10000-hidrauliska-vinca-terauda-trose\\\/\",\"url\":\"https:\\\/\\\/championbaltics.com\\\/lv\\\/toode\\\/nh-10000-hidrauliska-vinca-terauda-trose\\\/\",\"name\":\"NH 10000 hidraulisk\u0101 vin\u010da \u2013 t\u0113rauda trose - Champion Baltics\",\"isPartOf\":{\"@id\":\"https:\\\/\\\/championbaltics.com\\\/lv\\\/#website\"},\"primaryImageOfPage\":{\"@id\":\"https:\\\/\\\/championbaltics.com\\\/lv\\\/toode\\\/nh-10000-hidrauliska-vinca-terauda-trose\\\/#primaryimage\"},\"image\":{\"@id\":\"https:\\\/\\\/championbaltics.com\\\/lv\\\/toode\\\/nh-10000-hidrauliska-vinca-terauda-trose\\\/#primaryimage\"},\"thumbnailUrl\":\"https:\\\/\\\/championbaltics.com\\\/wp-content\\\/uploads\\\/2025\\\/11\\\/WW_10NHSHY_front-view-scaled.webp\",\"datePublished\":\"2025-11-05T13:27:26+00:00\",\"description\":\"Warrior NH 10000 hidraulisk\u0101 vin\u010da ar t\u0113rauda trosi. Kompakta un iztur\u012bga 10 000 m\u0101rci\u0146u vin\u010da ar augstas efektivit\u0101tes motoru, patent\u0113tiem p\u0101rnesumiem un dro\u0161u bremzi r\u016bpnieciskai un komerci\u0101lai lieto\u0161anai.\",\"breadcrumb\":{\"@id\":\"https:\\\/\\\/championbaltics.com\\\/lv\\\/toode\\\/nh-10000-hidrauliska-vinca-terauda-trose\\\/#breadcrumb\"},\"inLanguage\":\"lv-LV\",\"potentialAction\":[{\"@type\":\"ReadAction\",\"target\":[\"https:\\\/\\\/championbaltics.com\\\/lv\\\/toode\\\/nh-10000-hidrauliska-vinca-terauda-trose\\\/\"]}]},{\"@type\":\"ImageObject\",\"inLanguage\":\"lv-LV\",\"@id\":\"https:\\\/\\\/championbaltics.com\\\/lv\\\/toode\\\/nh-10000-hidrauliska-vinca-terauda-trose\\\/#primaryimage\",\"url\":\"https:\\\/\\\/championbaltics.com\\\/wp-content\\\/uploads\\\/2025\\\/11\\\/WW_10NHSHY_front-view-scaled.webp\",\"contentUrl\":\"https:\\\/\\\/championbaltics.com\\\/wp-content\\\/uploads\\\/2025\\\/11\\\/WW_10NHSHY_front-view-scaled.webp\",\"width\":1920,\"height\":1317,\"caption\":\"winch front view\"},{\"@type\":\"BreadcrumbList\",\"@id\":\"https:\\\/\\\/championbaltics.com\\\/lv\\\/toode\\\/nh-10000-hidrauliska-vinca-terauda-trose\\\/#breadcrumb\",\"itemListElement\":[{\"@type\":\"ListItem\",\"position\":1,\"name\":\"Home\",\"item\":\"https:\\\/\\\/championbaltics.com\\\/lv\\\/\"},{\"@type\":\"ListItem\",\"position\":2,\"name\":\"Veikals\",\"item\":\"https:\\\/\\\/championbaltics.com\\\/lv\\\/veikals\\\/\"},{\"@type\":\"ListItem\",\"position\":3,\"name\":\"NH 10000 hidraulisk\u0101 vin\u010da \u2013 t\u0113rauda trose\"}]},{\"@type\":\"WebSite\",\"@id\":\"https:\\\/\\\/championbaltics.com\\\/lv\\\/#website\",\"url\":\"https:\\\/\\\/championbaltics.com\\\/lv\\\/\",\"name\":\"Champion Baltics\",\"description\":\"Power equipments\",\"publisher\":{\"@id\":\"https:\\\/\\\/championbaltics.com\\\/lv\\\/#organization\"},\"alternateName\":\"Champion Power Equipment\",\"potentialAction\":[{\"@type\":\"SearchAction\",\"target\":{\"@type\":\"EntryPoint\",\"urlTemplate\":\"https:\\\/\\\/championbaltics.com\\\/lv\\\/?s={search_term_string}\"},\"query-input\":{\"@type\":\"PropertyValueSpecification\",\"valueRequired\":true,\"valueName\":\"search_term_string\"}}],\"inLanguage\":\"lv-LV\"},{\"@type\":[\"Organization\",\"Place\"],\"@id\":\"https:\\\/\\\/championbaltics.com\\\/lv\\\/#organization\",\"name\":\"Champion Baltics\",\"alternateName\":\"Champion Power Equipment\",\"url\":\"https:\\\/\\\/championbaltics.com\\\/lv\\\/\",\"logo\":{\"@id\":\"https:\\\/\\\/championbaltics.com\\\/lv\\\/toode\\\/nh-10000-hidrauliska-vinca-terauda-trose\\\/#local-main-organization-logo\"},\"image\":{\"@id\":\"https:\\\/\\\/championbaltics.com\\\/lv\\\/toode\\\/nh-10000-hidrauliska-vinca-terauda-trose\\\/#local-main-organization-logo\"},\"sameAs\":[\"https:\\\/\\\/facebook.com\\\/championbaltics\"],\"description\":\"Champion power equipment representer of State of Baltics\",\"legalName\":\"T.O Engineering LLC\",\"foundingDate\":\"2015-01-07\",\"numberOfEmployees\":{\"@type\":\"QuantitativeValue\",\"minValue\":\"1\",\"maxValue\":\"10\"},\"hasMerchantReturnPolicy\":{\"@type\":\"MerchantReturnPolicy\",\"merchantReturnLink\":\"https:\\\/\\\/championbaltics.com\\\/refund_returns\\\/\"},\"address\":{\"@id\":\"https:\\\/\\\/championbaltics.com\\\/lv\\\/toode\\\/nh-10000-hidrauliska-vinca-terauda-trose\\\/#local-main-place-address\"},\"telephone\":[],\"contactPoint\":{\"@type\":\"ContactPoint\",\"telephone\":\"+3725204833\",\"email\":\"info@championbaltics.com\"},\"openingHoursSpecification\":[{\"@type\":\"OpeningHoursSpecification\",\"dayOfWeek\":[\"Monday\",\"Tuesday\",\"Wednesday\",\"Thursday\",\"Friday\",\"Saturday\",\"Sunday\"],\"opens\":\"09:00\",\"closes\":\"17:00\"}],\"email\":\"info@championbaltics.com\",\"vatID\":\"EE102032772\"},{\"@type\":\"PostalAddress\",\"@id\":\"https:\\\/\\\/championbaltics.com\\\/lv\\\/toode\\\/nh-10000-hidrauliska-vinca-terauda-trose\\\/#local-main-place-address\",\"streetAddress\":\"P\u00e4rnu mnt 144\",\"addressLocality\":\"Tallinn\",\"postalCode\":\"11317\",\"addressRegion\":\"Harju\",\"addressCountry\":\"EE\"},{\"@type\":\"ImageObject\",\"inLanguage\":\"lv-LV\",\"@id\":\"https:\\\/\\\/championbaltics.com\\\/lv\\\/toode\\\/nh-10000-hidrauliska-vinca-terauda-trose\\\/#local-main-organization-logo\",\"url\":\"https:\\\/\\\/championbaltics.com\\\/wp-content\\\/uploads\\\/2025\\\/08\\\/cropped-ChampionBalticsLogo.webp\",\"contentUrl\":\"https:\\\/\\\/championbaltics.com\\\/wp-content\\\/uploads\\\/2025\\\/08\\\/cropped-ChampionBalticsLogo.webp\",\"width\":512,\"height\":512,\"caption\":\"Champion Baltics\"}]}<\/script>\n<meta property=\"product:brand\" content=\"Warrior Winches\" \/>\n<meta property=\"product:price:amount\" content=\"1099.00\" \/>\n<meta property=\"product:price:currency\" content=\"EUR\" \/>\n<meta property=\"og:availability\" content=\"instock\" \/>\n<meta property=\"product:availability\" content=\"instock\" \/>\n<meta property=\"product:retailer_item_id\" content=\"10NHSHY\" \/>\n<meta property=\"product:condition\" content=\"new\" \/>\n<meta name=\"geo.placename\" content=\"Tallinn\" \/>\n<meta name=\"geo.region\" content=\"Estonia\" \/>\n<!-- \/ Yoast SEO Premium plugin. -->","yoast_head_json":{"title":"NH 10000 hidraulisk\u0101 vin\u010da \u2013 t\u0113rauda trose - Champion Baltics","description":"Warrior NH 10000 hidraulisk\u0101 vin\u010da ar t\u0113rauda trosi. Kompakta un iztur\u012bga 10 000 m\u0101rci\u0146u vin\u010da ar augstas efektivit\u0101tes motoru, patent\u0113tiem p\u0101rnesumiem un dro\u0161u bremzi r\u016bpnieciskai un komerci\u0101lai lieto\u0161anai.","robots":{"index":"index","follow":"follow","max-snippet":"max-snippet:-1","max-image-preview":"max-image-preview:large","max-video-preview":"max-video-preview:-1"},"canonical":"https:\/\/championbaltics.com\/lv\/toode\/nh-10000-hidrauliska-vinca-terauda-trose\/","og_locale":"lv_LV","og_type":"article","og_title":"NH 10000 hidraulisk\u0101 vin\u010da \u2013 t\u0113rauda trose","og_description":"Warrior NH 10000 hidraulisk\u0101 vin\u010da ar t\u0113rauda trosi. Kompakta un iztur\u012bga 10 000 m\u0101rci\u0146u vin\u010da ar augstas efektivit\u0101tes motoru, patent\u0113tiem p\u0101rnesumiem un dro\u0161u bremzi r\u016bpnieciskai un komerci\u0101lai lieto\u0161anai.","og_url":"https:\/\/championbaltics.com\/lv\/toode\/nh-10000-hidrauliska-vinca-terauda-trose\/","og_site_name":"Champion Baltics","article_publisher":"https:\/\/facebook.com\/championbaltics","og_image":[{"width":1920,"height":1317,"url":"https:\/\/championbaltics.com\/wp-content\/uploads\/2025\/11\/WW_10NHSHY_front-view-scaled.webp","type":"image\/webp"}],"twitter_card":"summary_large_image","twitter_misc":{"Price":"1 099,00&nbsp;&euro;","Availability":"In stock"},"schema":{"@context":"https:\/\/schema.org","@graph":[{"@type":"WebPage","@id":"https:\/\/championbaltics.com\/lv\/toode\/nh-10000-hidrauliska-vinca-terauda-trose\/","url":"https:\/\/championbaltics.com\/lv\/toode\/nh-10000-hidrauliska-vinca-terauda-trose\/","name":"NH 10000 hidraulisk\u0101 vin\u010da \u2013 t\u0113rauda trose - Champion Baltics","isPartOf":{"@id":"https:\/\/championbaltics.com\/lv\/#website"},"primaryImageOfPage":{"@id":"https:\/\/championbaltics.com\/lv\/toode\/nh-10000-hidrauliska-vinca-terauda-trose\/#primaryimage"},"image":{"@id":"https:\/\/championbaltics.com\/lv\/toode\/nh-10000-hidrauliska-vinca-terauda-trose\/#primaryimage"},"thumbnailUrl":"https:\/\/championbaltics.com\/wp-content\/uploads\/2025\/11\/WW_10NHSHY_front-view-scaled.webp","datePublished":"2025-11-05T13:27:26+00:00","description":"Warrior NH 10000 hidraulisk\u0101 vin\u010da ar t\u0113rauda trosi. Kompakta un iztur\u012bga 10 000 m\u0101rci\u0146u vin\u010da ar augstas efektivit\u0101tes motoru, patent\u0113tiem p\u0101rnesumiem un dro\u0161u bremzi r\u016bpnieciskai un komerci\u0101lai lieto\u0161anai.","breadcrumb":{"@id":"https:\/\/championbaltics.com\/lv\/toode\/nh-10000-hidrauliska-vinca-terauda-trose\/#breadcrumb"},"inLanguage":"lv-LV","potentialAction":[{"@type":"ReadAction","target":["https:\/\/championbaltics.com\/lv\/toode\/nh-10000-hidrauliska-vinca-terauda-trose\/"]}]},{"@type":"ImageObject","inLanguage":"lv-LV","@id":"https:\/\/championbaltics.com\/lv\/toode\/nh-10000-hidrauliska-vinca-terauda-trose\/#primaryimage","url":"https:\/\/championbaltics.com\/wp-content\/uploads\/2025\/11\/WW_10NHSHY_front-view-scaled.webp","contentUrl":"https:\/\/championbaltics.com\/wp-content\/uploads\/2025\/11\/WW_10NHSHY_front-view-scaled.webp","width":1920,"height":1317,"caption":"winch front view"},{"@type":"BreadcrumbList","@id":"https:\/\/championbaltics.com\/lv\/toode\/nh-10000-hidrauliska-vinca-terauda-trose\/#breadcrumb","itemListElement":[{"@type":"ListItem","position":1,"name":"Home","item":"https:\/\/championbaltics.com\/lv\/"},{"@type":"ListItem","position":2,"name":"Veikals","item":"https:\/\/championbaltics.com\/lv\/veikals\/"},{"@type":"ListItem","position":3,"name":"NH 10000 hidraulisk\u0101 vin\u010da \u2013 t\u0113rauda trose"}]},{"@type":"WebSite","@id":"https:\/\/championbaltics.com\/lv\/#website","url":"https:\/\/championbaltics.com\/lv\/","name":"Champion Baltics","description":"Power equipments","publisher":{"@id":"https:\/\/championbaltics.com\/lv\/#organization"},"alternateName":"Champion Power Equipment","potentialAction":[{"@type":"SearchAction","target":{"@type":"EntryPoint","urlTemplate":"https:\/\/championbaltics.com\/lv\/?s={search_term_string}"},"query-input":{"@type":"PropertyValueSpecification","valueRequired":true,"valueName":"search_term_string"}}],"inLanguage":"lv-LV"},{"@type":["Organization","Place"],"@id":"https:\/\/championbaltics.com\/lv\/#organization","name":"Champion Baltics","alternateName":"Champion Power Equipment","url":"https:\/\/championbaltics.com\/lv\/","logo":{"@id":"https:\/\/championbaltics.com\/lv\/toode\/nh-10000-hidrauliska-vinca-terauda-trose\/#local-main-organization-logo"},"image":{"@id":"https:\/\/championbaltics.com\/lv\/toode\/nh-10000-hidrauliska-vinca-terauda-trose\/#local-main-organization-logo"},"sameAs":["https:\/\/facebook.com\/championbaltics"],"description":"Champion power equipment representer of State of Baltics","legalName":"T.O Engineering LLC","foundingDate":"2015-01-07","numberOfEmployees":{"@type":"QuantitativeValue","minValue":"1","maxValue":"10"},"hasMerchantReturnPolicy":{"@type":"MerchantReturnPolicy","merchantReturnLink":"https:\/\/championbaltics.com\/refund_returns\/"},"address":{"@id":"https:\/\/championbaltics.com\/lv\/toode\/nh-10000-hidrauliska-vinca-terauda-trose\/#local-main-place-address"},"telephone":[],"contactPoint":{"@type":"ContactPoint","telephone":"+3725204833","email":"info@championbaltics.com"},"openingHoursSpecification":[{"@type":"OpeningHoursSpecification","dayOfWeek":["Monday","Tuesday","Wednesday","Thursday","Friday","Saturday","Sunday"],"opens":"09:00","closes":"17:00"}],"email":"info@championbaltics.com","vatID":"EE102032772"},{"@type":"PostalAddress","@id":"https:\/\/championbaltics.com\/lv\/toode\/nh-10000-hidrauliska-vinca-terauda-trose\/#local-main-place-address","streetAddress":"P\u00e4rnu mnt 144","addressLocality":"Tallinn","postalCode":"11317","addressRegion":"Harju","addressCountry":"EE"},{"@type":"ImageObject","inLanguage":"lv-LV","@id":"https:\/\/championbaltics.com\/lv\/toode\/nh-10000-hidrauliska-vinca-terauda-trose\/#local-main-organization-logo","url":"https:\/\/championbaltics.com\/wp-content\/uploads\/2025\/08\/cropped-ChampionBalticsLogo.webp","contentUrl":"https:\/\/championbaltics.com\/wp-content\/uploads\/2025\/08\/cropped-ChampionBalticsLogo.webp","width":512,"height":512,"caption":"Champion Baltics"}]},"product_brand":"Warrior Winches","product_price_amount":"1099.00","product_price_currency":"EUR","og_availability":"instock","product_availability":"instock","product_retailer_item_id":"10NHSHY","product_condition":"new","geo.placename":"Tallinn","geo.region":"Estonia"},"_links":{"self":[{"href":"https:\/\/championbaltics.com\/lv\/wp-json\/wp\/v2\/product\/32981","targetHints":{"allow":["GET"]}}],"collection":[{"href":"https:\/\/championbaltics.com\/lv\/wp-json\/wp\/v2\/product"}],"about":[{"href":"https:\/\/championbaltics.com\/lv\/wp-json\/wp\/v2\/types\/product"}],"replies":[{"embeddable":true,"href":"https:\/\/championbaltics.com\/lv\/wp-json\/wp\/v2\/comments?post=32981"}],"version-history":[{"count":0,"href":"https:\/\/championbaltics.com\/lv\/wp-json\/wp\/v2\/product\/32981\/revisions"}],"wp:featuredmedia":[{"embeddable":true,"href":"https:\/\/championbaltics.com\/lv\/wp-json\/wp\/v2\/media\/32435"}],"wp:attachment":[{"href":"https:\/\/championbaltics.com\/lv\/wp-json\/wp\/v2\/media?parent=32981"}],"wp:term":[{"taxonomy":"product_brand","embeddable":true,"href":"https:\/\/championbaltics.com\/lv\/wp-json\/wp\/v2\/product_brand?post=32981"},{"taxonomy":"product_cat","embeddable":true,"href":"https:\/\/championbaltics.com\/lv\/wp-json\/wp\/v2\/product_cat?post=32981"},{"taxonomy":"product_tag","embeddable":true,"href":"https:\/\/championbaltics.com\/lv\/wp-json\/wp\/v2\/product_tag?post=32981"}],"curies":[{"name":"wp","href":"https:\/\/api.w.org\/{rel}","templated":true}]}}