{"id":33044,"date":"2025-11-05T14:21:51","date_gmt":"2025-11-05T14:21:51","guid":{"rendered":"https:\/\/championbaltics.com\/toode\/rv-10000-hidrauliska-vinca-terauda-troses\/"},"modified":"2025-11-05T14:21:51","modified_gmt":"2025-11-05T14:21:51","slug":"rv-10000-hidrauliska-vinca-terauda-troses","status":"publish","type":"product","link":"https:\/\/championbaltics.com\/lv\/toode\/rv-10000-hidrauliska-vinca-terauda-troses\/","title":{"rendered":"RV 10000 hidraulisk\u0101 vin\u010da &#8211; t\u0113rauda troses"},"content":{"rendered":"<div class=\"elementor-element elementor-element-bff7dea elementor-widget elementor-widget-theme-post-title elementor-page-title elementor-widget-heading\" data-id=\"bff7dea\" data-element_type=\"widget\" data-widget_type=\"theme-post-title.default\">\n<div class=\"elementor-element elementor-element-bff7dea elementor-widget elementor-widget-theme-post-title elementor-page-title elementor-widget-heading\" data-id=\"bff7dea\" data-element_type=\"widget\" data-widget_type=\"theme-post-title.default\">\n<div class=\"elementor-element elementor-element-bff7dea elementor-widget elementor-widget-theme-post-title elementor-page-title elementor-widget-heading\" data-id=\"bff7dea\" data-element_type=\"widget\" data-widget_type=\"theme-post-title.default\">\n<div class=\"elementor-element elementor-element-bff7dea elementor-widget elementor-widget-theme-post-title elementor-page-title elementor-widget-heading\" data-id=\"bff7dea\" data-element_type=\"widget\" data-widget_type=\"theme-post-title.default\">\n<div class=\"elementor-element elementor-element-bff7dea elementor-widget elementor-widget-theme-post-title elementor-page-title elementor-widget-heading\" data-id=\"bff7dea\" data-element_type=\"widget\" data-widget_type=\"theme-post-title.default\">\n<h2 class=\"elementor-heading-title elementor-size-default\"><span dir=\"auto\">RV 10000 hidraulisk\u0101 vin\u010da \u2013 t\u0113rauda trose<\/span><\/h2>\n<\/div>\n<div class=\"elementor-element elementor-element-a536ae3 elementor-widget elementor-widget-jet-listing-dynamic-field\" data-id=\"a536ae3\" data-element_type=\"widget\" data-widget_type=\"jet-listing-dynamic-field.default\">\n<div class=\"jet-listing jet-listing-dynamic-field display-inline\">\n<div class=\"jet-listing-dynamic-field__inline-wrap\">\n<div class=\"jet-listing-dynamic-field__content\">\n<p><span dir=\"auto\">Warrior Winches hidraulisk\u0101 RV s\u0113rija ir \u012bpa\u0161i izstr\u0101d\u0101ta, lai atbilstu BS EN 14492-1:2006+A1:2009 un SAEJ-706 standartiem. Mode\u013ci ir izstr\u0101d\u0101ti pras\u012bgiem komerci\u0101liem un r\u016bpnieciskiem pielietojumiem un ir pieejami ar jaudu no 8000 m\u0101rci\u0146\u0101m (3629 kg) l\u012bdz 18000 m\u0101rci\u0146\u0101m (8164 kg). S\u0113rij\u0101 ietilpst ar\u012b 8000 m\u0101rci\u0146u modelis ar \u012bsu trumu\u013ca.  <\/span><\/p>\n<p><span dir=\"auto\">Dro\u0161\u012bba mums ir svar\u012bga, t\u0101p\u0113c m\u0113s esam palielin\u0101ju\u0161i t\u0113rauda troses izm\u0113ru 2:1 attiec\u012bb\u0101, un troses stiprin\u0101jums var iztur\u0113t l\u012bdz pat 2,5 reizes liel\u0101ku vin\u010das vilk\u0161anas sp\u0113ku, nodro\u0161inot lietot\u0101jam papildu dro\u0161\u012bbu un uzticam\u012bbu. RV s\u0113rijas hidraulisk\u0101 bremze var iztur\u0113t pilnu iestat\u012bto vilk\u0161anas svaru, nodro\u0161inot lielisku kontroli, palielin\u0101tu dro\u0161\u012bbu un uzticam\u012bbu vin\u010do\u0161anas laik\u0101. <\/span><\/p>\n<p><span dir=\"auto\">ISTR18 mont\u0101\u017eas pl\u0101ksne ir papildu piederums un ir ar\u012b apstiprin\u0101ta atbilsto\u0161i BS EN 14492-1:2006+A1:2009.<\/span><\/p>\n<\/div>\n<\/div>\n<\/div>\n<\/div>\n<\/div>\n<\/div>\n<div class=\"elementor-element elementor-element-a536ae3 elementor-widget elementor-widget-jet-listing-dynamic-field\" data-id=\"a536ae3\" data-element_type=\"widget\" data-widget_type=\"jet-listing-dynamic-field.default\">\n<div class=\"jet-listing jet-listing-dynamic-field display-inline\">\n<p><img loading=\"lazy\" decoding=\"async\" class=\"alignnone wp-image-32445\" src=\"https:\/\/championbaltics.com\/wp-content\/uploads\/2025\/11\/chart_winch_2-400x112.png\" alt=\"\" width=\"764\" height=\"214\"><\/p>\n<\/div>\n<\/div>\n<\/div>\n<\/div>\n","protected":false},"excerpt":{"rendered":"<p>RV s\u0113rija ir \u012bpa\u0161i izstr\u0101d\u0101ta, lai atbilstu EN 14992 un SAEJ-706 standartiem. T\u0101s ir paredz\u0113tas pras\u012bgiem komerci\u0101liem un r\u016bpnieciskiem pielietojumiem un ir pieejamas ar jaudu no 3629 l\u012bdz 8165 kg. Dro\u0161\u012bba ir pirmaj\u0101 viet\u0101, ar palielin\u0101ta izm\u0113ra t\u0113rauda trosi 2:1 attiec\u012bb\u0101 un troses stiprin\u0101jumu, kas sp\u0113j iztur\u0113t l\u012bdz pat 2,5 reizes liel\u0101ku vin\u010das vilk\u0161anas sp\u0113ku. Hidraulisk\u0101 bremze var iztur\u0113t pilnu vilk\u0161anas svaru, nodro\u0161inot lielisku kontroli un papildu dro\u0161\u012bbu!   <\/p>\n<p>\u012apa\u0161\u012bbas:<\/p>\n<p>Apstiprin\u0101ts saska\u0146\u0101 ar EN14492-1 \/ Ma\u0161\u012bnu direkt\u012bvu 2006\/42\/EK<br \/>\nTrumu\u013ca troses attiec\u012bba 10:1<br \/>\nT\u0113rauda troses 2:1 dro\u0161\u012bbas koeficients<br \/>\nHidraulisk\u0101 bremze, kas var notur\u0113t kravu<br \/>\nTroses stiprin\u0101jums var iztur\u0113t 2,5 reizes liel\u0101ku nomin\u0101lo slodzi<br \/>\nApgrie\u017eama orient\u0101cija: \u0160\u012bs vin\u010das var uzst\u0101d\u012bt dzin\u0113ja kreisaj\u0101 vai labaj\u0101 pus\u0113 ar trosi, kas tinas no aug\u0161as vai apak\u0161as.<\/p>\n","protected":false},"featured_media":32451,"comment_status":"open","ping_status":"closed","template":"","meta":[],"product_brand":[292],"product_cat":[315],"product_tag":[348,356,357,317,316],"class_list":{"0":"post-33044","1":"product","2":"type-product","3":"status-publish","4":"has-post-thumbnail","6":"product_brand-warrior-winches","7":"product_cat-vincas","8":"product_tag-hidrauliska-vinca","9":"product_tag-profesionala","10":"product_tag-rv-serija","11":"product_tag-terauda-trose","12":"product_tag-vinca","14":"first","15":"instock","16":"taxable","17":"shipping-taxable","18":"purchasable","19":"product-type-simple"},"yoast_head":"<!-- This site is optimized with the Yoast SEO Premium plugin v27.5 (Yoast SEO v27.5) - https:\/\/yoast.com\/product\/yoast-seo-premium-wordpress\/ -->\n<title>RV 10000 hidraulisk\u0101 vin\u010da - t\u0113rauda troses - Champion Baltics<\/title>\n<meta name=\"description\" content=\"Warrior RV 10000 hidraulisk\u0101 vin\u010da ar t\u0113rauda trosi. Kompakta un iztur\u012bga 10 000 m\u0101rci\u0146u vin\u010da ar augstas efektivit\u0101tes motoru, patent\u0113tiem zobratiem un dro\u0161\u012bbas bremzi industri\u0101lai un komerci\u0101lai lieto\u0161anai.\" \/>\n<meta name=\"robots\" content=\"index, follow, max-snippet:-1, max-image-preview:large, max-video-preview:-1\" \/>\n<link rel=\"canonical\" href=\"https:\/\/championbaltics.com\/lv\/toode\/rv-10000-hidrauliska-vinca-terauda-troses\/\" \/>\n<meta property=\"og:locale\" content=\"lv_LV\" \/>\n<meta property=\"og:type\" content=\"article\" \/>\n<meta property=\"og:title\" content=\"RV 10000 hidraulisk\u0101 vin\u010da - t\u0113rauda troses\" \/>\n<meta property=\"og:description\" content=\"Warrior RV 10000 hidraulisk\u0101 vin\u010da ar t\u0113rauda trosi. Kompakta un iztur\u012bga 10 000 m\u0101rci\u0146u vin\u010da ar augstas efektivit\u0101tes motoru, patent\u0113tiem zobratiem un dro\u0161\u012bbas bremzi industri\u0101lai un komerci\u0101lai lieto\u0161anai.\" \/>\n<meta property=\"og:url\" content=\"https:\/\/championbaltics.com\/lv\/toode\/rv-10000-hidrauliska-vinca-terauda-troses\/\" \/>\n<meta property=\"og:site_name\" content=\"Champion Baltics\" \/>\n<meta property=\"article:publisher\" content=\"https:\/\/facebook.com\/championbaltics\" \/>\n<meta property=\"og:image\" content=\"https:\/\/championbaltics.com\/wp-content\/uploads\/2025\/11\/WW_10RVSHY_front-view-scaled.webp\" \/>\n\t<meta property=\"og:image:width\" content=\"1920\" \/>\n\t<meta property=\"og:image:height\" content=\"1291\" \/>\n\t<meta property=\"og:image:type\" content=\"image\/webp\" \/>\n<meta name=\"twitter:card\" content=\"summary_large_image\" \/>\n<meta name=\"twitter:label1\" content=\"Price\" \/>\n\t<meta name=\"twitter:data1\" content=\"1 699,00&nbsp;&euro;\" \/>\n\t<meta name=\"twitter:label2\" content=\"Availability\" \/>\n\t<meta name=\"twitter:data2\" content=\"In stock\" \/>\n<script type=\"application\/ld+json\" class=\"yoast-schema-graph\">{\"@context\":\"https:\\\/\\\/schema.org\",\"@graph\":[{\"@type\":\"WebPage\",\"@id\":\"https:\\\/\\\/championbaltics.com\\\/lv\\\/toode\\\/rv-10000-hidrauliska-vinca-terauda-troses\\\/\",\"url\":\"https:\\\/\\\/championbaltics.com\\\/lv\\\/toode\\\/rv-10000-hidrauliska-vinca-terauda-troses\\\/\",\"name\":\"RV 10000 hidraulisk\u0101 vin\u010da - t\u0113rauda troses - Champion Baltics\",\"isPartOf\":{\"@id\":\"https:\\\/\\\/championbaltics.com\\\/lv\\\/#website\"},\"primaryImageOfPage\":{\"@id\":\"https:\\\/\\\/championbaltics.com\\\/lv\\\/toode\\\/rv-10000-hidrauliska-vinca-terauda-troses\\\/#primaryimage\"},\"image\":{\"@id\":\"https:\\\/\\\/championbaltics.com\\\/lv\\\/toode\\\/rv-10000-hidrauliska-vinca-terauda-troses\\\/#primaryimage\"},\"thumbnailUrl\":\"https:\\\/\\\/championbaltics.com\\\/wp-content\\\/uploads\\\/2025\\\/11\\\/WW_10RVSHY_front-view-scaled.webp\",\"datePublished\":\"2025-11-05T14:21:51+00:00\",\"description\":\"Warrior RV 10000 hidraulisk\u0101 vin\u010da ar t\u0113rauda trosi. Kompakta un iztur\u012bga 10 000 m\u0101rci\u0146u vin\u010da ar augstas efektivit\u0101tes motoru, patent\u0113tiem zobratiem un dro\u0161\u012bbas bremzi industri\u0101lai un komerci\u0101lai lieto\u0161anai.\",\"breadcrumb\":{\"@id\":\"https:\\\/\\\/championbaltics.com\\\/lv\\\/toode\\\/rv-10000-hidrauliska-vinca-terauda-troses\\\/#breadcrumb\"},\"inLanguage\":\"lv-LV\",\"potentialAction\":[{\"@type\":\"ReadAction\",\"target\":[\"https:\\\/\\\/championbaltics.com\\\/lv\\\/toode\\\/rv-10000-hidrauliska-vinca-terauda-troses\\\/\"]}]},{\"@type\":\"ImageObject\",\"inLanguage\":\"lv-LV\",\"@id\":\"https:\\\/\\\/championbaltics.com\\\/lv\\\/toode\\\/rv-10000-hidrauliska-vinca-terauda-troses\\\/#primaryimage\",\"url\":\"https:\\\/\\\/championbaltics.com\\\/wp-content\\\/uploads\\\/2025\\\/11\\\/WW_10RVSHY_front-view-scaled.webp\",\"contentUrl\":\"https:\\\/\\\/championbaltics.com\\\/wp-content\\\/uploads\\\/2025\\\/11\\\/WW_10RVSHY_front-view-scaled.webp\",\"width\":1920,\"height\":1291,\"caption\":\"winch front\"},{\"@type\":\"BreadcrumbList\",\"@id\":\"https:\\\/\\\/championbaltics.com\\\/lv\\\/toode\\\/rv-10000-hidrauliska-vinca-terauda-troses\\\/#breadcrumb\",\"itemListElement\":[{\"@type\":\"ListItem\",\"position\":1,\"name\":\"Home\",\"item\":\"https:\\\/\\\/championbaltics.com\\\/lv\\\/\"},{\"@type\":\"ListItem\",\"position\":2,\"name\":\"Veikals\",\"item\":\"https:\\\/\\\/championbaltics.com\\\/lv\\\/veikals\\\/\"},{\"@type\":\"ListItem\",\"position\":3,\"name\":\"RV 10000 hidraulisk\u0101 vin\u010da &#8211; t\u0113rauda troses\"}]},{\"@type\":\"WebSite\",\"@id\":\"https:\\\/\\\/championbaltics.com\\\/lv\\\/#website\",\"url\":\"https:\\\/\\\/championbaltics.com\\\/lv\\\/\",\"name\":\"Champion Baltics\",\"description\":\"Power equipments\",\"publisher\":{\"@id\":\"https:\\\/\\\/championbaltics.com\\\/lv\\\/#organization\"},\"alternateName\":\"Champion Power Equipment\",\"potentialAction\":[{\"@type\":\"SearchAction\",\"target\":{\"@type\":\"EntryPoint\",\"urlTemplate\":\"https:\\\/\\\/championbaltics.com\\\/lv\\\/?s={search_term_string}\"},\"query-input\":{\"@type\":\"PropertyValueSpecification\",\"valueRequired\":true,\"valueName\":\"search_term_string\"}}],\"inLanguage\":\"lv-LV\"},{\"@type\":[\"Organization\",\"Place\"],\"@id\":\"https:\\\/\\\/championbaltics.com\\\/lv\\\/#organization\",\"name\":\"Champion Baltics\",\"alternateName\":\"Champion Power Equipment\",\"url\":\"https:\\\/\\\/championbaltics.com\\\/lv\\\/\",\"logo\":{\"@id\":\"https:\\\/\\\/championbaltics.com\\\/lv\\\/toode\\\/rv-10000-hidrauliska-vinca-terauda-troses\\\/#local-main-organization-logo\"},\"image\":{\"@id\":\"https:\\\/\\\/championbaltics.com\\\/lv\\\/toode\\\/rv-10000-hidrauliska-vinca-terauda-troses\\\/#local-main-organization-logo\"},\"sameAs\":[\"https:\\\/\\\/facebook.com\\\/championbaltics\"],\"description\":\"Champion power equipment representer of State of Baltics\",\"legalName\":\"T.O Engineering LLC\",\"foundingDate\":\"2015-01-07\",\"numberOfEmployees\":{\"@type\":\"QuantitativeValue\",\"minValue\":\"1\",\"maxValue\":\"10\"},\"hasMerchantReturnPolicy\":{\"@type\":\"MerchantReturnPolicy\",\"merchantReturnLink\":\"https:\\\/\\\/championbaltics.com\\\/refund_returns\\\/\"},\"address\":{\"@id\":\"https:\\\/\\\/championbaltics.com\\\/lv\\\/toode\\\/rv-10000-hidrauliska-vinca-terauda-troses\\\/#local-main-place-address\"},\"telephone\":[],\"contactPoint\":{\"@type\":\"ContactPoint\",\"telephone\":\"+3725204833\",\"email\":\"info@championbaltics.com\"},\"openingHoursSpecification\":[{\"@type\":\"OpeningHoursSpecification\",\"dayOfWeek\":[\"Monday\",\"Tuesday\",\"Wednesday\",\"Thursday\",\"Friday\",\"Saturday\",\"Sunday\"],\"opens\":\"09:00\",\"closes\":\"17:00\"}],\"email\":\"info@championbaltics.com\",\"vatID\":\"EE102032772\"},{\"@type\":\"PostalAddress\",\"@id\":\"https:\\\/\\\/championbaltics.com\\\/lv\\\/toode\\\/rv-10000-hidrauliska-vinca-terauda-troses\\\/#local-main-place-address\",\"streetAddress\":\"P\u00e4rnu mnt 144\",\"addressLocality\":\"Tallinn\",\"postalCode\":\"11317\",\"addressRegion\":\"Harju\",\"addressCountry\":\"EE\"},{\"@type\":\"ImageObject\",\"inLanguage\":\"lv-LV\",\"@id\":\"https:\\\/\\\/championbaltics.com\\\/lv\\\/toode\\\/rv-10000-hidrauliska-vinca-terauda-troses\\\/#local-main-organization-logo\",\"url\":\"https:\\\/\\\/championbaltics.com\\\/wp-content\\\/uploads\\\/2025\\\/08\\\/cropped-ChampionBalticsLogo.webp\",\"contentUrl\":\"https:\\\/\\\/championbaltics.com\\\/wp-content\\\/uploads\\\/2025\\\/08\\\/cropped-ChampionBalticsLogo.webp\",\"width\":512,\"height\":512,\"caption\":\"Champion Baltics\"}]}<\/script>\n<meta property=\"product:brand\" content=\"Warrior Winches\" \/>\n<meta property=\"product:price:amount\" content=\"1699.00\" \/>\n<meta property=\"product:price:currency\" content=\"EUR\" \/>\n<meta property=\"og:availability\" content=\"instock\" \/>\n<meta property=\"product:availability\" content=\"instock\" \/>\n<meta property=\"product:retailer_item_id\" content=\"10RVSHY\" \/>\n<meta property=\"product:condition\" content=\"new\" \/>\n<meta name=\"geo.placename\" content=\"Tallinn\" \/>\n<meta name=\"geo.region\" content=\"Estonia\" \/>\n<!-- \/ Yoast SEO Premium plugin. -->","yoast_head_json":{"title":"RV 10000 hidraulisk\u0101 vin\u010da - t\u0113rauda troses - Champion Baltics","description":"Warrior RV 10000 hidraulisk\u0101 vin\u010da ar t\u0113rauda trosi. Kompakta un iztur\u012bga 10 000 m\u0101rci\u0146u vin\u010da ar augstas efektivit\u0101tes motoru, patent\u0113tiem zobratiem un dro\u0161\u012bbas bremzi industri\u0101lai un komerci\u0101lai lieto\u0161anai.","robots":{"index":"index","follow":"follow","max-snippet":"max-snippet:-1","max-image-preview":"max-image-preview:large","max-video-preview":"max-video-preview:-1"},"canonical":"https:\/\/championbaltics.com\/lv\/toode\/rv-10000-hidrauliska-vinca-terauda-troses\/","og_locale":"lv_LV","og_type":"article","og_title":"RV 10000 hidraulisk\u0101 vin\u010da - t\u0113rauda troses","og_description":"Warrior RV 10000 hidraulisk\u0101 vin\u010da ar t\u0113rauda trosi. Kompakta un iztur\u012bga 10 000 m\u0101rci\u0146u vin\u010da ar augstas efektivit\u0101tes motoru, patent\u0113tiem zobratiem un dro\u0161\u012bbas bremzi industri\u0101lai un komerci\u0101lai lieto\u0161anai.","og_url":"https:\/\/championbaltics.com\/lv\/toode\/rv-10000-hidrauliska-vinca-terauda-troses\/","og_site_name":"Champion Baltics","article_publisher":"https:\/\/facebook.com\/championbaltics","og_image":[{"width":1920,"height":1291,"url":"https:\/\/championbaltics.com\/wp-content\/uploads\/2025\/11\/WW_10RVSHY_front-view-scaled.webp","type":"image\/webp"}],"twitter_card":"summary_large_image","twitter_misc":{"Price":"1 699,00&nbsp;&euro;","Availability":"In stock"},"schema":{"@context":"https:\/\/schema.org","@graph":[{"@type":"WebPage","@id":"https:\/\/championbaltics.com\/lv\/toode\/rv-10000-hidrauliska-vinca-terauda-troses\/","url":"https:\/\/championbaltics.com\/lv\/toode\/rv-10000-hidrauliska-vinca-terauda-troses\/","name":"RV 10000 hidraulisk\u0101 vin\u010da - t\u0113rauda troses - Champion Baltics","isPartOf":{"@id":"https:\/\/championbaltics.com\/lv\/#website"},"primaryImageOfPage":{"@id":"https:\/\/championbaltics.com\/lv\/toode\/rv-10000-hidrauliska-vinca-terauda-troses\/#primaryimage"},"image":{"@id":"https:\/\/championbaltics.com\/lv\/toode\/rv-10000-hidrauliska-vinca-terauda-troses\/#primaryimage"},"thumbnailUrl":"https:\/\/championbaltics.com\/wp-content\/uploads\/2025\/11\/WW_10RVSHY_front-view-scaled.webp","datePublished":"2025-11-05T14:21:51+00:00","description":"Warrior RV 10000 hidraulisk\u0101 vin\u010da ar t\u0113rauda trosi. Kompakta un iztur\u012bga 10 000 m\u0101rci\u0146u vin\u010da ar augstas efektivit\u0101tes motoru, patent\u0113tiem zobratiem un dro\u0161\u012bbas bremzi industri\u0101lai un komerci\u0101lai lieto\u0161anai.","breadcrumb":{"@id":"https:\/\/championbaltics.com\/lv\/toode\/rv-10000-hidrauliska-vinca-terauda-troses\/#breadcrumb"},"inLanguage":"lv-LV","potentialAction":[{"@type":"ReadAction","target":["https:\/\/championbaltics.com\/lv\/toode\/rv-10000-hidrauliska-vinca-terauda-troses\/"]}]},{"@type":"ImageObject","inLanguage":"lv-LV","@id":"https:\/\/championbaltics.com\/lv\/toode\/rv-10000-hidrauliska-vinca-terauda-troses\/#primaryimage","url":"https:\/\/championbaltics.com\/wp-content\/uploads\/2025\/11\/WW_10RVSHY_front-view-scaled.webp","contentUrl":"https:\/\/championbaltics.com\/wp-content\/uploads\/2025\/11\/WW_10RVSHY_front-view-scaled.webp","width":1920,"height":1291,"caption":"winch front"},{"@type":"BreadcrumbList","@id":"https:\/\/championbaltics.com\/lv\/toode\/rv-10000-hidrauliska-vinca-terauda-troses\/#breadcrumb","itemListElement":[{"@type":"ListItem","position":1,"name":"Home","item":"https:\/\/championbaltics.com\/lv\/"},{"@type":"ListItem","position":2,"name":"Veikals","item":"https:\/\/championbaltics.com\/lv\/veikals\/"},{"@type":"ListItem","position":3,"name":"RV 10000 hidraulisk\u0101 vin\u010da &#8211; t\u0113rauda troses"}]},{"@type":"WebSite","@id":"https:\/\/championbaltics.com\/lv\/#website","url":"https:\/\/championbaltics.com\/lv\/","name":"Champion Baltics","description":"Power equipments","publisher":{"@id":"https:\/\/championbaltics.com\/lv\/#organization"},"alternateName":"Champion Power Equipment","potentialAction":[{"@type":"SearchAction","target":{"@type":"EntryPoint","urlTemplate":"https:\/\/championbaltics.com\/lv\/?s={search_term_string}"},"query-input":{"@type":"PropertyValueSpecification","valueRequired":true,"valueName":"search_term_string"}}],"inLanguage":"lv-LV"},{"@type":["Organization","Place"],"@id":"https:\/\/championbaltics.com\/lv\/#organization","name":"Champion Baltics","alternateName":"Champion Power Equipment","url":"https:\/\/championbaltics.com\/lv\/","logo":{"@id":"https:\/\/championbaltics.com\/lv\/toode\/rv-10000-hidrauliska-vinca-terauda-troses\/#local-main-organization-logo"},"image":{"@id":"https:\/\/championbaltics.com\/lv\/toode\/rv-10000-hidrauliska-vinca-terauda-troses\/#local-main-organization-logo"},"sameAs":["https:\/\/facebook.com\/championbaltics"],"description":"Champion power equipment representer of State of Baltics","legalName":"T.O Engineering LLC","foundingDate":"2015-01-07","numberOfEmployees":{"@type":"QuantitativeValue","minValue":"1","maxValue":"10"},"hasMerchantReturnPolicy":{"@type":"MerchantReturnPolicy","merchantReturnLink":"https:\/\/championbaltics.com\/refund_returns\/"},"address":{"@id":"https:\/\/championbaltics.com\/lv\/toode\/rv-10000-hidrauliska-vinca-terauda-troses\/#local-main-place-address"},"telephone":[],"contactPoint":{"@type":"ContactPoint","telephone":"+3725204833","email":"info@championbaltics.com"},"openingHoursSpecification":[{"@type":"OpeningHoursSpecification","dayOfWeek":["Monday","Tuesday","Wednesday","Thursday","Friday","Saturday","Sunday"],"opens":"09:00","closes":"17:00"}],"email":"info@championbaltics.com","vatID":"EE102032772"},{"@type":"PostalAddress","@id":"https:\/\/championbaltics.com\/lv\/toode\/rv-10000-hidrauliska-vinca-terauda-troses\/#local-main-place-address","streetAddress":"P\u00e4rnu mnt 144","addressLocality":"Tallinn","postalCode":"11317","addressRegion":"Harju","addressCountry":"EE"},{"@type":"ImageObject","inLanguage":"lv-LV","@id":"https:\/\/championbaltics.com\/lv\/toode\/rv-10000-hidrauliska-vinca-terauda-troses\/#local-main-organization-logo","url":"https:\/\/championbaltics.com\/wp-content\/uploads\/2025\/08\/cropped-ChampionBalticsLogo.webp","contentUrl":"https:\/\/championbaltics.com\/wp-content\/uploads\/2025\/08\/cropped-ChampionBalticsLogo.webp","width":512,"height":512,"caption":"Champion Baltics"}]},"product_brand":"Warrior Winches","product_price_amount":"1699.00","product_price_currency":"EUR","og_availability":"instock","product_availability":"instock","product_retailer_item_id":"10RVSHY","product_condition":"new","geo.placename":"Tallinn","geo.region":"Estonia"},"_links":{"self":[{"href":"https:\/\/championbaltics.com\/lv\/wp-json\/wp\/v2\/product\/33044","targetHints":{"allow":["GET"]}}],"collection":[{"href":"https:\/\/championbaltics.com\/lv\/wp-json\/wp\/v2\/product"}],"about":[{"href":"https:\/\/championbaltics.com\/lv\/wp-json\/wp\/v2\/types\/product"}],"replies":[{"embeddable":true,"href":"https:\/\/championbaltics.com\/lv\/wp-json\/wp\/v2\/comments?post=33044"}],"version-history":[{"count":0,"href":"https:\/\/championbaltics.com\/lv\/wp-json\/wp\/v2\/product\/33044\/revisions"}],"wp:featuredmedia":[{"embeddable":true,"href":"https:\/\/championbaltics.com\/lv\/wp-json\/wp\/v2\/media\/32451"}],"wp:attachment":[{"href":"https:\/\/championbaltics.com\/lv\/wp-json\/wp\/v2\/media?parent=33044"}],"wp:term":[{"taxonomy":"product_brand","embeddable":true,"href":"https:\/\/championbaltics.com\/lv\/wp-json\/wp\/v2\/product_brand?post=33044"},{"taxonomy":"product_cat","embeddable":true,"href":"https:\/\/championbaltics.com\/lv\/wp-json\/wp\/v2\/product_cat?post=33044"},{"taxonomy":"product_tag","embeddable":true,"href":"https:\/\/championbaltics.com\/lv\/wp-json\/wp\/v2\/product_tag?post=33044"}],"curies":[{"name":"wp","href":"https:\/\/api.w.org\/{rel}","templated":true}]}}