{"id":33398,"date":"2025-11-05T11:54:16","date_gmt":"2025-11-05T11:54:16","guid":{"rendered":"https:\/\/championbaltics.com\/toode\/t1000-22000-aizsardzibas-speku-vinca-12v-terauda-trose\/"},"modified":"2025-11-05T11:54:16","modified_gmt":"2025-11-05T11:54:16","slug":"t1000-22000-aizsardzibas-speku-vinca-12v-terauda-trose","status":"publish","type":"product","link":"https:\/\/championbaltics.com\/lv\/toode\/t1000-22000-aizsardzibas-speku-vinca-12v-terauda-trose\/","title":{"rendered":"T1000 22000 aizsardz\u012bbas sp\u0113ku vin\u010da 12V \u2013 t\u0113rauda trose"},"content":{"rendered":"<div class=\"elementor-element elementor-element-bff7dea elementor-widget elementor-widget-theme-post-title elementor-page-title elementor-widget-heading\" data-id=\"bff7dea\" data-element_type=\"widget\" data-widget_type=\"theme-post-title.default\">\n<div class=\"elementor-element elementor-element-bff7dea elementor-widget elementor-widget-theme-post-title elementor-page-title elementor-widget-heading\" data-id=\"bff7dea\" data-element_type=\"widget\" data-widget_type=\"theme-post-title.default\">\n<div class=\"elementor-element elementor-element-bff7dea elementor-widget elementor-widget-theme-post-title elementor-page-title elementor-widget-heading\" data-id=\"bff7dea\" data-element_type=\"widget\" data-widget_type=\"theme-post-title.default\">\n<h2 class=\"elementor-heading-title elementor-size-default\"><span dir=\"auto\">T1000 22000 Aizsardz\u012bbas sp\u0113ku vin\u010da 12V \u2013 T\u0113rauda trose<\/span><\/h2>\n<\/div>\n<div class=\"elementor-element elementor-element-a536ae3 elementor-widget elementor-widget-jet-listing-dynamic-field\" data-id=\"a536ae3\" data-element_type=\"widget\" data-widget_type=\"jet-listing-dynamic-field.default\">\n<div class=\"jet-listing jet-listing-dynamic-field display-inline\">\n<div class=\"jet-listing-dynamic-field__inline-wrap\">\n<div class=\"jet-listing-dynamic-field__content\">\n<p><span dir=\"auto\">T1000 s\u0113rija ir Warrior Winches visekstr\u0113m\u0101k\u0101 elektrisk\u0101 vin\u010da. T\u0101 s\u0101kotn\u0113ji tika izstr\u0101d\u0101ta k\u0101 augsti att\u012bst\u012bts prototips milit\u0101r\u0101m vajadz\u012bb\u0101m, kur sp\u0113ja darboties jebk\u0101d\u0101 klimat\u0101, vid\u0113 vai apst\u0101k\u013cos ir \u0101rk\u0101rt\u012bgi svar\u012bga. <\/span><\/p>\n<p><span dir=\"auto\">P\u0113c veiksm\u012bgas izmanto\u0161anas da\u017e\u0101du aizsardz\u012bbas sp\u0113ku dienest\u0101 un liel\u0101s intereses par \u0161o s\u0113riju Starptautiskaj\u0101 aizsardz\u012bbas un dro\u0161\u012bbas apr\u012bkojuma izst\u0101d\u0113, tika nolemts papla\u0161in\u0101t T1000 s\u0113rijas m\u0101rketingu un pied\u0101v\u0101t to visp\u0101r\u0113jai lieto\u0161anai.<\/span><br \/>\n<span dir=\"auto\">Tom\u0113r t\u0101 ir t\u0101 pati vin\u010da, piln\u012bgi nemain\u012bta, ko m\u0113s \u0161odien pied\u0101v\u0101jam tirg\u016b.<\/span><\/p>\n<p><span dir=\"auto\">T1000 ir pieejama gan 12V, gan 24V versij\u0101s, gan ar t\u0113rauda trosi, gan ar popul\u0101r\u0101ko Armortek Extreme versiju. Kl\u0101st\u0101 ietilpst vin\u010das ar celtsp\u0113ju no 14 500 m\u0101rci\u0146\u0101m (6577 kg) l\u012bdz pat iespaid\u012bg\u0101m 22 000 m\u0101rci\u0146\u0101m (10 tonn\u0101m!), un k\u0101 parasti Warrior Winches gad\u012bjum\u0101, skaitlis nor\u0101da uz to, ko vin\u010da var vilkt ilgtermi\u0146\u0101 \u2013 nevis tikai da\u017e\u0101s sekund\u0113s. <\/span><\/p>\n<p><span dir=\"auto\">T1000 ir piem\u0113rota visiem m\u0113r\u0137iem, jo t\u0101 var iztur\u0113t jebko. Vai t\u0101 b\u016btu r\u016bpnieciska, komerci\u0101la vai milit\u0101ra izmanto\u0161ana, vai priv\u0101tperson\u0101m, kas v\u0113las tikai lab\u0101ko, T1000 ir vair\u0101k nek\u0101 iesp\u0113jams risin\u0101jums \u2013 tas ir risin\u0101jums. Tie\u0161i t\u0101pat k\u0101 t\u0101s nosaukums liecina, T1000 neap\u0161aub\u0101mi ir viena no vismodern\u0101kaj\u0101m ier\u012bc\u0113m tirg\u016b un patiesi ir augst\u0101k\u0101s klases Warrior.  <\/span><\/p>\n<\/div>\n<\/div>\n<\/div>\n<\/div>\n<\/div>\n<\/div>\n","protected":false},"excerpt":{"rendered":"<p>Warrior T1000 s\u0113rija s\u0101kotn\u0113ji tika izstr\u0101d\u0101ta k\u0101 augsto tehnolo\u0123iju prototipi milit\u0101r\u0101m vajadz\u012bb\u0101m, kur sp\u0113ja darboties ekstrem\u0101los klimatiskajos apst\u0101k\u013cos un vispiepras\u012bt\u0101kaj\u0101s vid\u0113s ir oblig\u0101ta. P\u0113c veiksm\u012bg\u0101m lauka oper\u0101cij\u0101m un augsta nov\u0113rt\u0113juma sa\u0146em\u0161anas Starptautiskaj\u0101 aizsardz\u012bbas un dro\u0161\u012bbas apr\u012bkojuma izst\u0101d\u0113, tika nolemts padar\u012bt T1000 s\u0113riju visp\u0101r\u0113ji pieejamu. <\/p>\n<p>\u012apa\u0161\u012bbas:<\/p>\n<p>Milit\u0101r\u0101 IP68 klase vin\u010dai un vad\u012bbas blokam<br \/>\nRevolucion\u0101ra \u0101r\u0113j\u0101 bremze, kas paredz\u0113ta, lai nov\u0113rstu kritisku temperat\u016bras paaugstin\u0101\u0161anos cilindr\u0101, kas cit\u0101di var\u0113tu saboj\u0101t sint\u0113tisko trosi<br \/>\n\u0100r\u0113j\u0101 bremze ir paredz\u0113ta, lai lab\u0101k nolaist un notur\u0113t kravu nek\u0101 standarta bremzes<br \/>\n\u012apa\u0161a litija e\u013c\u013co\u0161ana nodro\u0161ina vin\u010das darb\u012bbu visos klimatiskajos apst\u0101k\u013cos<br \/>\nR\u016bd\u012bts tr\u012bspak\u0101pju planet\u0101rais p\u0101rnesums nodro\u0161ina uzticam\u012bbu un efektivit\u0101ti<br \/>\n\u0136\u012bmiski un korozijas iztur\u012bgs pulvera p\u0101rkl\u0101jums<br \/>\nAlum\u012bnija troses vadotne k\u0101 standarts<br \/>\nNer\u016bs\u0113jo\u0161\u0101 t\u0113rauda stiprin\u0101jumi<\/p>\n","protected":false},"featured_media":32413,"comment_status":"open","ping_status":"closed","template":"","meta":[],"product_brand":[292],"product_cat":[315],"product_tag":[371,366,317,375,316],"class_list":{"0":"post-33398","1":"product","2":"type-product","3":"status-publish","4":"has-post-thumbnail","6":"product_brand-warrior-winches","7":"product_cat-vincas","8":"product_tag-elektriska-vinca","9":"product_tag-industrials","10":"product_tag-terauda-trose","11":"product_tag-terminator","12":"product_tag-vinca","14":"first","15":"instock","16":"taxable","17":"shipping-taxable","18":"purchasable","19":"product-type-simple"},"yoast_head":"<!-- This site is optimized with the Yoast SEO Premium plugin v27.5 (Yoast SEO v27.5) - https:\/\/yoast.com\/product\/yoast-seo-premium-wordpress\/ -->\n<title>T1000 22000 aizsardz\u012bbas sp\u0113ku vin\u010da 12V \u2013 t\u0113rauda trose - Champion Baltics<\/title>\n<meta name=\"description\" content=\"Warrior T1000 22000 Aizsardz\u012bbas sp\u0113ku vin\u010da 12V ar t\u0113rauda trosi. Milit\u0101r\u0101s klases jauda un iztur\u012bba, 22 000 m\u0101rci\u0146u vilk\u0161anas sp\u0113ks, rad\u012bta jebkuram apvidum vai apst\u0101k\u013ciem.\" \/>\n<meta name=\"robots\" content=\"index, follow, max-snippet:-1, max-image-preview:large, max-video-preview:-1\" \/>\n<link rel=\"canonical\" href=\"https:\/\/championbaltics.com\/lv\/toode\/t1000-22000-aizsardzibas-speku-vinca-12v-terauda-trose\/\" \/>\n<meta property=\"og:locale\" content=\"lv_LV\" \/>\n<meta property=\"og:type\" content=\"article\" \/>\n<meta property=\"og:title\" content=\"T1000 22000 aizsardz\u012bbas sp\u0113ku vin\u010da 12V \u2013 t\u0113rauda trose\" \/>\n<meta property=\"og:description\" content=\"Warrior T1000 22000 Aizsardz\u012bbas sp\u0113ku vin\u010da 12V ar t\u0113rauda trosi. Milit\u0101r\u0101s klases jauda un iztur\u012bba, 22 000 m\u0101rci\u0146u vilk\u0161anas sp\u0113ks, rad\u012bta jebkuram apvidum vai apst\u0101k\u013ciem.\" \/>\n<meta property=\"og:url\" content=\"https:\/\/championbaltics.com\/lv\/toode\/t1000-22000-aizsardzibas-speku-vinca-12v-terauda-trose\/\" \/>\n<meta property=\"og:site_name\" content=\"Champion Baltics\" \/>\n<meta property=\"article:publisher\" content=\"https:\/\/facebook.com\/championbaltics\" \/>\n<meta property=\"og:image\" content=\"https:\/\/championbaltics.com\/wp-content\/uploads\/2025\/11\/T122S12_steel-2-scaled.webp\" \/>\n\t<meta property=\"og:image:width\" content=\"1920\" \/>\n\t<meta property=\"og:image:height\" content=\"1283\" \/>\n\t<meta property=\"og:image:type\" content=\"image\/webp\" \/>\n<meta name=\"twitter:card\" content=\"summary_large_image\" \/>\n<meta name=\"twitter:label1\" content=\"Price\" \/>\n\t<meta name=\"twitter:data1\" content=\"2 149,00&nbsp;&euro;\" \/>\n\t<meta name=\"twitter:label2\" content=\"Availability\" \/>\n\t<meta name=\"twitter:data2\" content=\"In stock\" \/>\n<script type=\"application\/ld+json\" class=\"yoast-schema-graph\">{\"@context\":\"https:\\\/\\\/schema.org\",\"@graph\":[{\"@type\":\"WebPage\",\"@id\":\"https:\\\/\\\/championbaltics.com\\\/lv\\\/toode\\\/t1000-22000-aizsardzibas-speku-vinca-12v-terauda-trose\\\/\",\"url\":\"https:\\\/\\\/championbaltics.com\\\/lv\\\/toode\\\/t1000-22000-aizsardzibas-speku-vinca-12v-terauda-trose\\\/\",\"name\":\"T1000 22000 aizsardz\u012bbas sp\u0113ku vin\u010da 12V \u2013 t\u0113rauda trose - Champion Baltics\",\"isPartOf\":{\"@id\":\"https:\\\/\\\/championbaltics.com\\\/lv\\\/#website\"},\"primaryImageOfPage\":{\"@id\":\"https:\\\/\\\/championbaltics.com\\\/lv\\\/toode\\\/t1000-22000-aizsardzibas-speku-vinca-12v-terauda-trose\\\/#primaryimage\"},\"image\":{\"@id\":\"https:\\\/\\\/championbaltics.com\\\/lv\\\/toode\\\/t1000-22000-aizsardzibas-speku-vinca-12v-terauda-trose\\\/#primaryimage\"},\"thumbnailUrl\":\"https:\\\/\\\/championbaltics.com\\\/wp-content\\\/uploads\\\/2025\\\/11\\\/T122S12_steel-2-scaled.webp\",\"datePublished\":\"2025-11-05T11:54:16+00:00\",\"description\":\"Warrior T1000 22000 Aizsardz\u012bbas sp\u0113ku vin\u010da 12V ar t\u0113rauda trosi. Milit\u0101r\u0101s klases jauda un iztur\u012bba, 22 000 m\u0101rci\u0146u vilk\u0161anas sp\u0113ks, rad\u012bta jebkuram apvidum vai apst\u0101k\u013ciem.\",\"breadcrumb\":{\"@id\":\"https:\\\/\\\/championbaltics.com\\\/lv\\\/toode\\\/t1000-22000-aizsardzibas-speku-vinca-12v-terauda-trose\\\/#breadcrumb\"},\"inLanguage\":\"lv-LV\",\"potentialAction\":[{\"@type\":\"ReadAction\",\"target\":[\"https:\\\/\\\/championbaltics.com\\\/lv\\\/toode\\\/t1000-22000-aizsardzibas-speku-vinca-12v-terauda-trose\\\/\"]}]},{\"@type\":\"ImageObject\",\"inLanguage\":\"lv-LV\",\"@id\":\"https:\\\/\\\/championbaltics.com\\\/lv\\\/toode\\\/t1000-22000-aizsardzibas-speku-vinca-12v-terauda-trose\\\/#primaryimage\",\"url\":\"https:\\\/\\\/championbaltics.com\\\/wp-content\\\/uploads\\\/2025\\\/11\\\/T122S12_steel-2-scaled.webp\",\"contentUrl\":\"https:\\\/\\\/championbaltics.com\\\/wp-content\\\/uploads\\\/2025\\\/11\\\/T122S12_steel-2-scaled.webp\",\"width\":1920,\"height\":1283,\"caption\":\"winch front\"},{\"@type\":\"BreadcrumbList\",\"@id\":\"https:\\\/\\\/championbaltics.com\\\/lv\\\/toode\\\/t1000-22000-aizsardzibas-speku-vinca-12v-terauda-trose\\\/#breadcrumb\",\"itemListElement\":[{\"@type\":\"ListItem\",\"position\":1,\"name\":\"Home\",\"item\":\"https:\\\/\\\/championbaltics.com\\\/lv\\\/\"},{\"@type\":\"ListItem\",\"position\":2,\"name\":\"Veikals\",\"item\":\"https:\\\/\\\/championbaltics.com\\\/lv\\\/veikals\\\/\"},{\"@type\":\"ListItem\",\"position\":3,\"name\":\"T1000 22000 aizsardz\u012bbas sp\u0113ku vin\u010da 12V \u2013 t\u0113rauda trose\"}]},{\"@type\":\"WebSite\",\"@id\":\"https:\\\/\\\/championbaltics.com\\\/lv\\\/#website\",\"url\":\"https:\\\/\\\/championbaltics.com\\\/lv\\\/\",\"name\":\"Champion Baltics\",\"description\":\"Power equipments\",\"publisher\":{\"@id\":\"https:\\\/\\\/championbaltics.com\\\/lv\\\/#organization\"},\"alternateName\":\"Champion Power Equipment\",\"potentialAction\":[{\"@type\":\"SearchAction\",\"target\":{\"@type\":\"EntryPoint\",\"urlTemplate\":\"https:\\\/\\\/championbaltics.com\\\/lv\\\/?s={search_term_string}\"},\"query-input\":{\"@type\":\"PropertyValueSpecification\",\"valueRequired\":true,\"valueName\":\"search_term_string\"}}],\"inLanguage\":\"lv-LV\"},{\"@type\":[\"Organization\",\"Place\"],\"@id\":\"https:\\\/\\\/championbaltics.com\\\/lv\\\/#organization\",\"name\":\"Champion Baltics\",\"alternateName\":\"Champion Power Equipment\",\"url\":\"https:\\\/\\\/championbaltics.com\\\/lv\\\/\",\"logo\":{\"@id\":\"https:\\\/\\\/championbaltics.com\\\/lv\\\/toode\\\/t1000-22000-aizsardzibas-speku-vinca-12v-terauda-trose\\\/#local-main-organization-logo\"},\"image\":{\"@id\":\"https:\\\/\\\/championbaltics.com\\\/lv\\\/toode\\\/t1000-22000-aizsardzibas-speku-vinca-12v-terauda-trose\\\/#local-main-organization-logo\"},\"sameAs\":[\"https:\\\/\\\/facebook.com\\\/championbaltics\"],\"description\":\"Champion power equipment representer of State of Baltics\",\"legalName\":\"T.O Engineering LLC\",\"foundingDate\":\"2015-01-07\",\"numberOfEmployees\":{\"@type\":\"QuantitativeValue\",\"minValue\":\"1\",\"maxValue\":\"10\"},\"hasMerchantReturnPolicy\":{\"@type\":\"MerchantReturnPolicy\",\"merchantReturnLink\":\"https:\\\/\\\/championbaltics.com\\\/refund_returns\\\/\"},\"address\":{\"@id\":\"https:\\\/\\\/championbaltics.com\\\/lv\\\/toode\\\/t1000-22000-aizsardzibas-speku-vinca-12v-terauda-trose\\\/#local-main-place-address\"},\"telephone\":[],\"contactPoint\":{\"@type\":\"ContactPoint\",\"telephone\":\"+3725204833\",\"email\":\"info@championbaltics.com\"},\"openingHoursSpecification\":[{\"@type\":\"OpeningHoursSpecification\",\"dayOfWeek\":[\"Monday\",\"Tuesday\",\"Wednesday\",\"Thursday\",\"Friday\",\"Saturday\",\"Sunday\"],\"opens\":\"09:00\",\"closes\":\"17:00\"}],\"email\":\"info@championbaltics.com\",\"vatID\":\"EE102032772\"},{\"@type\":\"PostalAddress\",\"@id\":\"https:\\\/\\\/championbaltics.com\\\/lv\\\/toode\\\/t1000-22000-aizsardzibas-speku-vinca-12v-terauda-trose\\\/#local-main-place-address\",\"streetAddress\":\"P\u00e4rnu mnt 144\",\"addressLocality\":\"Tallinn\",\"postalCode\":\"11317\",\"addressRegion\":\"Harju\",\"addressCountry\":\"EE\"},{\"@type\":\"ImageObject\",\"inLanguage\":\"lv-LV\",\"@id\":\"https:\\\/\\\/championbaltics.com\\\/lv\\\/toode\\\/t1000-22000-aizsardzibas-speku-vinca-12v-terauda-trose\\\/#local-main-organization-logo\",\"url\":\"https:\\\/\\\/championbaltics.com\\\/wp-content\\\/uploads\\\/2025\\\/08\\\/cropped-ChampionBalticsLogo.webp\",\"contentUrl\":\"https:\\\/\\\/championbaltics.com\\\/wp-content\\\/uploads\\\/2025\\\/08\\\/cropped-ChampionBalticsLogo.webp\",\"width\":512,\"height\":512,\"caption\":\"Champion Baltics\"}]}<\/script>\n<meta property=\"product:brand\" content=\"Warrior Winches\" \/>\n<meta property=\"product:price:amount\" content=\"2149.00\" \/>\n<meta property=\"product:price:currency\" content=\"EUR\" \/>\n<meta property=\"og:availability\" content=\"instock\" \/>\n<meta property=\"product:availability\" content=\"instock\" \/>\n<meta property=\"product:retailer_item_id\" content=\"T122S12\" \/>\n<meta property=\"product:condition\" content=\"new\" \/>\n<meta name=\"geo.placename\" content=\"Tallinn\" \/>\n<meta name=\"geo.region\" content=\"Estonia\" \/>\n<!-- \/ Yoast SEO Premium plugin. -->","yoast_head_json":{"title":"T1000 22000 aizsardz\u012bbas sp\u0113ku vin\u010da 12V \u2013 t\u0113rauda trose - Champion Baltics","description":"Warrior T1000 22000 Aizsardz\u012bbas sp\u0113ku vin\u010da 12V ar t\u0113rauda trosi. Milit\u0101r\u0101s klases jauda un iztur\u012bba, 22 000 m\u0101rci\u0146u vilk\u0161anas sp\u0113ks, rad\u012bta jebkuram apvidum vai apst\u0101k\u013ciem.","robots":{"index":"index","follow":"follow","max-snippet":"max-snippet:-1","max-image-preview":"max-image-preview:large","max-video-preview":"max-video-preview:-1"},"canonical":"https:\/\/championbaltics.com\/lv\/toode\/t1000-22000-aizsardzibas-speku-vinca-12v-terauda-trose\/","og_locale":"lv_LV","og_type":"article","og_title":"T1000 22000 aizsardz\u012bbas sp\u0113ku vin\u010da 12V \u2013 t\u0113rauda trose","og_description":"Warrior T1000 22000 Aizsardz\u012bbas sp\u0113ku vin\u010da 12V ar t\u0113rauda trosi. Milit\u0101r\u0101s klases jauda un iztur\u012bba, 22 000 m\u0101rci\u0146u vilk\u0161anas sp\u0113ks, rad\u012bta jebkuram apvidum vai apst\u0101k\u013ciem.","og_url":"https:\/\/championbaltics.com\/lv\/toode\/t1000-22000-aizsardzibas-speku-vinca-12v-terauda-trose\/","og_site_name":"Champion Baltics","article_publisher":"https:\/\/facebook.com\/championbaltics","og_image":[{"width":1920,"height":1283,"url":"https:\/\/championbaltics.com\/wp-content\/uploads\/2025\/11\/T122S12_steel-2-scaled.webp","type":"image\/webp"}],"twitter_card":"summary_large_image","twitter_misc":{"Price":"2 149,00&nbsp;&euro;","Availability":"In stock"},"schema":{"@context":"https:\/\/schema.org","@graph":[{"@type":"WebPage","@id":"https:\/\/championbaltics.com\/lv\/toode\/t1000-22000-aizsardzibas-speku-vinca-12v-terauda-trose\/","url":"https:\/\/championbaltics.com\/lv\/toode\/t1000-22000-aizsardzibas-speku-vinca-12v-terauda-trose\/","name":"T1000 22000 aizsardz\u012bbas sp\u0113ku vin\u010da 12V \u2013 t\u0113rauda trose - Champion Baltics","isPartOf":{"@id":"https:\/\/championbaltics.com\/lv\/#website"},"primaryImageOfPage":{"@id":"https:\/\/championbaltics.com\/lv\/toode\/t1000-22000-aizsardzibas-speku-vinca-12v-terauda-trose\/#primaryimage"},"image":{"@id":"https:\/\/championbaltics.com\/lv\/toode\/t1000-22000-aizsardzibas-speku-vinca-12v-terauda-trose\/#primaryimage"},"thumbnailUrl":"https:\/\/championbaltics.com\/wp-content\/uploads\/2025\/11\/T122S12_steel-2-scaled.webp","datePublished":"2025-11-05T11:54:16+00:00","description":"Warrior T1000 22000 Aizsardz\u012bbas sp\u0113ku vin\u010da 12V ar t\u0113rauda trosi. Milit\u0101r\u0101s klases jauda un iztur\u012bba, 22 000 m\u0101rci\u0146u vilk\u0161anas sp\u0113ks, rad\u012bta jebkuram apvidum vai apst\u0101k\u013ciem.","breadcrumb":{"@id":"https:\/\/championbaltics.com\/lv\/toode\/t1000-22000-aizsardzibas-speku-vinca-12v-terauda-trose\/#breadcrumb"},"inLanguage":"lv-LV","potentialAction":[{"@type":"ReadAction","target":["https:\/\/championbaltics.com\/lv\/toode\/t1000-22000-aizsardzibas-speku-vinca-12v-terauda-trose\/"]}]},{"@type":"ImageObject","inLanguage":"lv-LV","@id":"https:\/\/championbaltics.com\/lv\/toode\/t1000-22000-aizsardzibas-speku-vinca-12v-terauda-trose\/#primaryimage","url":"https:\/\/championbaltics.com\/wp-content\/uploads\/2025\/11\/T122S12_steel-2-scaled.webp","contentUrl":"https:\/\/championbaltics.com\/wp-content\/uploads\/2025\/11\/T122S12_steel-2-scaled.webp","width":1920,"height":1283,"caption":"winch front"},{"@type":"BreadcrumbList","@id":"https:\/\/championbaltics.com\/lv\/toode\/t1000-22000-aizsardzibas-speku-vinca-12v-terauda-trose\/#breadcrumb","itemListElement":[{"@type":"ListItem","position":1,"name":"Home","item":"https:\/\/championbaltics.com\/lv\/"},{"@type":"ListItem","position":2,"name":"Veikals","item":"https:\/\/championbaltics.com\/lv\/veikals\/"},{"@type":"ListItem","position":3,"name":"T1000 22000 aizsardz\u012bbas sp\u0113ku vin\u010da 12V \u2013 t\u0113rauda trose"}]},{"@type":"WebSite","@id":"https:\/\/championbaltics.com\/lv\/#website","url":"https:\/\/championbaltics.com\/lv\/","name":"Champion Baltics","description":"Power equipments","publisher":{"@id":"https:\/\/championbaltics.com\/lv\/#organization"},"alternateName":"Champion Power Equipment","potentialAction":[{"@type":"SearchAction","target":{"@type":"EntryPoint","urlTemplate":"https:\/\/championbaltics.com\/lv\/?s={search_term_string}"},"query-input":{"@type":"PropertyValueSpecification","valueRequired":true,"valueName":"search_term_string"}}],"inLanguage":"lv-LV"},{"@type":["Organization","Place"],"@id":"https:\/\/championbaltics.com\/lv\/#organization","name":"Champion Baltics","alternateName":"Champion Power Equipment","url":"https:\/\/championbaltics.com\/lv\/","logo":{"@id":"https:\/\/championbaltics.com\/lv\/toode\/t1000-22000-aizsardzibas-speku-vinca-12v-terauda-trose\/#local-main-organization-logo"},"image":{"@id":"https:\/\/championbaltics.com\/lv\/toode\/t1000-22000-aizsardzibas-speku-vinca-12v-terauda-trose\/#local-main-organization-logo"},"sameAs":["https:\/\/facebook.com\/championbaltics"],"description":"Champion power equipment representer of State of Baltics","legalName":"T.O Engineering LLC","foundingDate":"2015-01-07","numberOfEmployees":{"@type":"QuantitativeValue","minValue":"1","maxValue":"10"},"hasMerchantReturnPolicy":{"@type":"MerchantReturnPolicy","merchantReturnLink":"https:\/\/championbaltics.com\/refund_returns\/"},"address":{"@id":"https:\/\/championbaltics.com\/lv\/toode\/t1000-22000-aizsardzibas-speku-vinca-12v-terauda-trose\/#local-main-place-address"},"telephone":[],"contactPoint":{"@type":"ContactPoint","telephone":"+3725204833","email":"info@championbaltics.com"},"openingHoursSpecification":[{"@type":"OpeningHoursSpecification","dayOfWeek":["Monday","Tuesday","Wednesday","Thursday","Friday","Saturday","Sunday"],"opens":"09:00","closes":"17:00"}],"email":"info@championbaltics.com","vatID":"EE102032772"},{"@type":"PostalAddress","@id":"https:\/\/championbaltics.com\/lv\/toode\/t1000-22000-aizsardzibas-speku-vinca-12v-terauda-trose\/#local-main-place-address","streetAddress":"P\u00e4rnu mnt 144","addressLocality":"Tallinn","postalCode":"11317","addressRegion":"Harju","addressCountry":"EE"},{"@type":"ImageObject","inLanguage":"lv-LV","@id":"https:\/\/championbaltics.com\/lv\/toode\/t1000-22000-aizsardzibas-speku-vinca-12v-terauda-trose\/#local-main-organization-logo","url":"https:\/\/championbaltics.com\/wp-content\/uploads\/2025\/08\/cropped-ChampionBalticsLogo.webp","contentUrl":"https:\/\/championbaltics.com\/wp-content\/uploads\/2025\/08\/cropped-ChampionBalticsLogo.webp","width":512,"height":512,"caption":"Champion Baltics"}]},"product_brand":"Warrior Winches","product_price_amount":"2149.00","product_price_currency":"EUR","og_availability":"instock","product_availability":"instock","product_retailer_item_id":"T122S12","product_condition":"new","geo.placename":"Tallinn","geo.region":"Estonia"},"_links":{"self":[{"href":"https:\/\/championbaltics.com\/lv\/wp-json\/wp\/v2\/product\/33398","targetHints":{"allow":["GET"]}}],"collection":[{"href":"https:\/\/championbaltics.com\/lv\/wp-json\/wp\/v2\/product"}],"about":[{"href":"https:\/\/championbaltics.com\/lv\/wp-json\/wp\/v2\/types\/product"}],"replies":[{"embeddable":true,"href":"https:\/\/championbaltics.com\/lv\/wp-json\/wp\/v2\/comments?post=33398"}],"version-history":[{"count":0,"href":"https:\/\/championbaltics.com\/lv\/wp-json\/wp\/v2\/product\/33398\/revisions"}],"wp:featuredmedia":[{"embeddable":true,"href":"https:\/\/championbaltics.com\/lv\/wp-json\/wp\/v2\/media\/32413"}],"wp:attachment":[{"href":"https:\/\/championbaltics.com\/lv\/wp-json\/wp\/v2\/media?parent=33398"}],"wp:term":[{"taxonomy":"product_brand","embeddable":true,"href":"https:\/\/championbaltics.com\/lv\/wp-json\/wp\/v2\/product_brand?post=33398"},{"taxonomy":"product_cat","embeddable":true,"href":"https:\/\/championbaltics.com\/lv\/wp-json\/wp\/v2\/product_cat?post=33398"},{"taxonomy":"product_tag","embeddable":true,"href":"https:\/\/championbaltics.com\/lv\/wp-json\/wp\/v2\/product_tag?post=33398"}],"curies":[{"name":"wp","href":"https:\/\/api.w.org\/{rel}","templated":true}]}}