{"id":33422,"date":"2025-11-04T14:04:41","date_gmt":"2025-11-04T14:04:41","guid":{"rendered":"https:\/\/championbaltics.com\/toode\/titan-6000-elektriskais-vincs-24v-ar-terauda-kabeli\/"},"modified":"2025-11-04T14:04:41","modified_gmt":"2025-11-04T14:04:41","slug":"titan-6000-elektriskais-vincs-24v-ar-terauda-kabeli","status":"publish","type":"product","link":"https:\/\/championbaltics.com\/lv\/toode\/titan-6000-elektriskais-vincs-24v-ar-terauda-kabeli\/","title":{"rendered":"Titan 6000 elektriskais vin\u010ds 24V &#8211; ar t\u0113rauda kabeli"},"content":{"rendered":"<div class=\"elementor-element elementor-element-bff7dea elementor-widget elementor-widget-theme-post-title elementor-page-title elementor-widget-heading\" data-id=\"bff7dea\" data-element_type=\"widget\" data-widget_type=\"theme-post-title.default\">\n<div class=\"elementor-element elementor-element-bff7dea elementor-widget elementor-widget-theme-post-title elementor-page-title elementor-widget-heading\" data-id=\"bff7dea\" data-element_type=\"widget\" data-widget_type=\"theme-post-title.default\">\n<div class=\"elementor-element elementor-element-bff7dea elementor-widget elementor-widget-theme-post-title elementor-page-title elementor-widget-heading\" data-id=\"bff7dea\" data-element_type=\"widget\" data-widget_type=\"theme-post-title.default\">\n<div class=\"elementor-element elementor-element-bff7dea elementor-widget elementor-widget-theme-post-title elementor-page-title elementor-widget-heading\" data-id=\"bff7dea\" data-element_type=\"widget\" data-widget_type=\"theme-post-title.default\">\n<div class=\"elementor-element elementor-element-bff7dea elementor-widget elementor-widget-theme-post-title elementor-page-title elementor-widget-heading\" data-id=\"bff7dea\" data-element_type=\"widget\" data-widget_type=\"theme-post-title.default\">\n<div class=\"elementor-element elementor-element-bff7dea elementor-widget elementor-widget-theme-post-title elementor-page-title elementor-widget-heading\" data-id=\"bff7dea\" data-element_type=\"widget\" data-widget_type=\"theme-post-title.default\">\n<div class=\"elementor-element elementor-element-bff7dea elementor-widget elementor-widget-theme-post-title elementor-page-title elementor-widget-heading\" data-id=\"bff7dea\" data-element_type=\"widget\" data-widget_type=\"theme-post-title.default\">\n<div class=\"elementor-element elementor-element-bff7dea elementor-widget elementor-widget-theme-post-title elementor-page-title elementor-widget-heading\" data-id=\"bff7dea\" data-element_type=\"widget\" data-widget_type=\"theme-post-title.default\">\n<div class=\"elementor-element elementor-element-bff7dea elementor-widget elementor-widget-theme-post-title elementor-page-title elementor-widget-heading\" data-id=\"bff7dea\" data-element_type=\"widget\" data-widget_type=\"theme-post-title.default\">\n<div class=\"elementor-element elementor-element-bff7dea elementor-widget elementor-widget-theme-post-title elementor-page-title elementor-widget-heading\" data-id=\"bff7dea\" data-element_type=\"widget\" data-widget_type=\"theme-post-title.default\">\n<div class=\"elementor-element elementor-element-bff7dea elementor-widget elementor-widget-theme-post-title elementor-page-title elementor-widget-heading\" data-id=\"bff7dea\" data-element_type=\"widget\" data-widget_type=\"theme-post-title.default\">\n<div class=\"elementor-element elementor-element-bff7dea elementor-widget elementor-widget-theme-post-title elementor-page-title elementor-widget-heading\" data-id=\"bff7dea\" data-element_type=\"widget\" data-widget_type=\"theme-post-title.default\">\n<div class=\"elementor-element elementor-element-bff7dea elementor-widget elementor-widget-theme-post-title elementor-page-title elementor-widget-heading\" data-id=\"bff7dea\" data-element_type=\"widget\" data-widget_type=\"theme-post-title.default\">\n<div class=\"elementor-element elementor-element-bff7dea elementor-widget elementor-widget-theme-post-title elementor-page-title elementor-widget-heading\" data-id=\"bff7dea\" data-element_type=\"widget\" data-widget_type=\"theme-post-title.default\">\n<h2 class=\"elementor-heading-title elementor-size-default\"><span dir=\"auto\">Titan 6000 elektriskais vin\u010ds 24V \u2013 ar t\u0113rauda kabeli<\/span><\/h2>\n<\/div>\n<div class=\"elementor-element elementor-element-a536ae3 elementor-widget elementor-widget-jet-listing-dynamic-field\" data-id=\"a536ae3\" data-element_type=\"widget\" data-widget_type=\"jet-listing-dynamic-field.default\">\n<div class=\"jet-listing jet-listing-dynamic-field display-inline\">\n<div class=\"jet-listing-dynamic-field__inline-wrap\">\n<div class=\"jet-listing-dynamic-field__content\">\n<p><span dir=\"auto\">Ar m\u016bsu jauno Titan s\u0113riju m\u0113s nosak\u0101m jaunu standartu ATV\/UTV\/QUAD un piekabju vin\u010do\u0161an\u0101. Gatava vissare\u017e\u0123\u012bt\u0101kajiem apst\u0101k\u013ciem ar \u012bpa\u0161i izstr\u0101d\u0101tu brem\u017eu tehnolo\u0123iju, 3 pak\u0101pju planet\u0101ro p\u0101rnesumk\u0101rbu un klusu, \u0113rtu darb\u012bbu. \u0160eit j\u016bs ieg\u016bstat piln\u012bb\u0101 met\u0101la korpusa vin\u010du ar uzlabotu IP nov\u0113rt\u0113jumu (IP67), jaunu stil\u012bgu dizainu un jaun\u0101ko uzl\u0101d\u0113jamo bezvadu t\u0101lvad\u012bbas pulti.  <\/span><\/p>\n<p><span dir=\"auto\">Izstr\u0101d\u0101ta ekstr\u0113miem bezce\u013cu entuziastiem un smagai lieto\u0161anai, Titan s\u0113rija apvieno progres\u012bvu in\u017eenieriju un augstas kvalit\u0101tes materi\u0101lus, lai nodro\u0161in\u0101tu uzticamu veiktsp\u0113ju, kad t\u0101 ir visvair\u0101k nepiecie\u0161ama.<\/span><\/p>\n<p><span dir=\"auto\">Vai tas b\u016btu akme\u0146ainu taku \u0161\u0137\u0113rso\u0161ana, vilk\u0161ana caur dzi\u013c\u0101m dub\u013cu bedr\u0113m, smagas tehnikas gl\u0101b\u0161ana vai laivu nolai\u0161ana un pacel\u0161ana, \u0161\u012bs vin\u010das nodro\u0161ina \u0101trumu, jaudu un kontroli, kas nepiecie\u0161ama, lai p\u0101rvar\u0113tu katru izaicin\u0101jumu.<\/span><\/p>\n<p><span dir=\"auto\">S\u0113rija ietver mode\u013cus 12V un 24V versij\u0101s ar t\u0113rauda trosi vai Armortek Extreme trosi, kas ir visiztur\u012bg\u0101k\u0101 sint\u0113tisk\u0101 trose tirg\u016b.<\/span><\/p>\n<p><span dir=\"auto\">Vis\u0101m s\u0113rijas vin\u010d\u0101m ir <\/span><strong><span dir=\"auto\">5 gadu garantija<\/span><\/strong><span dir=\"auto\"> , kas sniedz jums sirdsmieru un p\u0101rliec\u012bbu uz daudziem gadiem!<\/span><\/p>\n<\/div>\n<\/div>\n<\/div>\n<\/div>\n<\/div>\n<\/div>\n<\/div>\n<\/div>\n<\/div>\n<\/div>\n<\/div>\n<\/div>\n<\/div>\n<\/div>\n<\/div>\n<\/div>\n<\/div>\n","protected":false},"excerpt":{"rendered":"<p><span dir=\"auto\">Paredz\u0113ts ekstr\u0113miem bezce\u013cu entuziastiem un smagas slodzes lieto\u0161anai, Titan s\u0113rija apvieno progres\u012bvu in\u017eenieriju un augst\u0101k\u0101s kvalit\u0101tes materi\u0101lus, lai nodro\u0161in\u0101tu uzticamu veiktsp\u0113ju, kad tas ir visvair\u0101k nepiecie\u0161ams.<\/span><\/p>\n<p>Funkcijas:<\/p>\n<p>Maksim\u0101la aizsardz\u012bba visos apst\u0101k\u013cos: Piln\u012bb\u0101 met\u0101la korpuss aizsarg\u0101 iek\u0161\u0113j\u0101s sast\u0101vda\u013cas ekstr\u0113mos apst\u0101k\u013cos.<br \/>\n\u0100tr\u0101ks: Augst\u0101ka \u0101truma t\u0113rauda trose nodro\u0161ina \u0101tr\u0101ku vin\u010do\u0161anu<br \/>\nUzlabota dro\u0161\u012bba nog\u0101z\u0113s un smag\u0101m krav\u0101m: \u012apa\u0161ais brem\u017eu dizains nodro\u0161ina prec\u012bzu bremz\u0113\u0161anas sp\u0113ku.<br \/>\nKlus\u0101ka darb\u012bba lab\u0101kai lietot\u0101ja pieredzei: Samazin\u0101ts trok\u0161\u0146u l\u012bmenis \u013cauj vienm\u0113r\u012bg\u0101kai un \u0113rt\u0101kai lieto\u0161anai.<br \/>\nJaud\u012bga veiktsp\u0113ja: 3-pak\u0101pju planet\u0101r\u0101 p\u0101rnesumk\u0101rba maksim\u0101li palielina griezes momentu, saglab\u0101jot vienm\u0113r\u012bgu darb\u012bbu.<br \/>\nUzl\u0101des sp\u0113j\u012bga 2-in-1 bezvadu\/vadu t\u0101lvad\u012bba<\/p>\n","protected":false},"featured_media":33427,"comment_status":"open","ping_status":"closed","template":"","meta":[],"product_brand":[],"product_cat":[315],"product_tag":[371,317,388,316],"class_list":{"0":"post-33422","1":"product","2":"type-product","3":"status-publish","4":"has-post-thumbnail","6":"product_cat-vincas","7":"product_tag-elektriska-vinca","8":"product_tag-terauda-trose","9":"product_tag-titan","10":"product_tag-vinca","12":"first","13":"instock","14":"taxable","15":"shipping-taxable","16":"purchasable","17":"product-type-simple"},"yoast_head":"<!-- This site is optimized with the Yoast SEO Premium plugin v27.5 (Yoast SEO v27.5) - https:\/\/yoast.com\/product\/yoast-seo-premium-wordpress\/ -->\n<title>Titan 6000 elektriskais vin\u010ds 24V - ar t\u0113rauda kabeli - Champion Baltics<\/title>\n<meta name=\"description\" content=\"Warrior Titan 6000 elektriskais vin\u010ds 24V ar iztur\u012bgu t\u0113rauda kabeli \u2013 IP67 klase, piln\u012bb\u0101 met\u0101la korpuss, 3-pak\u0101pju p\u0101rnesumk\u0101rba, uzlabota brem\u017eu sist\u0113ma un bezvadu t\u0101lvad\u012bba. Paredz\u0113ts ATV, UTV un piekabju lieto\u0161anai. Iek\u013cauta 5 gadu garantija.\" \/>\n<meta name=\"robots\" content=\"index, follow, max-snippet:-1, max-image-preview:large, max-video-preview:-1\" \/>\n<link rel=\"canonical\" href=\"https:\/\/championbaltics.com\/lv\/toode\/titan-6000-elektriskais-vincs-24v-ar-terauda-kabeli\/\" \/>\n<meta property=\"og:locale\" content=\"lv_LV\" \/>\n<meta property=\"og:type\" content=\"article\" \/>\n<meta property=\"og:title\" content=\"Titan 6000 elektriskais vin\u010ds 24V - ar t\u0113rauda kabeli\" \/>\n<meta property=\"og:description\" content=\"Warrior Titan 6000 elektriskais vin\u010ds 24V ar iztur\u012bgu t\u0113rauda kabeli \u2013 IP67 klase, piln\u012bb\u0101 met\u0101la korpuss, 3-pak\u0101pju p\u0101rnesumk\u0101rba, uzlabota brem\u017eu sist\u0113ma un bezvadu t\u0101lvad\u012bba. Paredz\u0113ts ATV, UTV un piekabju lieto\u0161anai. Iek\u013cauta 5 gadu garantija.\" \/>\n<meta property=\"og:url\" content=\"https:\/\/championbaltics.com\/lv\/toode\/titan-6000-elektriskais-vincs-24v-ar-terauda-kabeli\/\" \/>\n<meta property=\"og:site_name\" content=\"Champion Baltics\" \/>\n<meta property=\"article:publisher\" content=\"https:\/\/facebook.com\/championbaltics\" \/>\n<meta property=\"og:image\" content=\"https:\/\/championbaltics.com\/wp-content\/uploads\/2025\/11\/WW_Titan-60TTSU_EU_Front-view-scaled.webp\" \/>\n\t<meta property=\"og:image:width\" content=\"1920\" \/>\n\t<meta property=\"og:image:height\" content=\"1920\" \/>\n\t<meta property=\"og:image:type\" content=\"image\/webp\" \/>\n<meta name=\"twitter:card\" content=\"summary_large_image\" \/>\n<meta name=\"twitter:label1\" content=\"Price\" \/>\n\t<meta name=\"twitter:data1\" content=\"649,00&nbsp;&euro;\" \/>\n\t<meta name=\"twitter:label2\" content=\"Availability\" \/>\n\t<meta name=\"twitter:data2\" content=\"In stock\" \/>\n<script type=\"application\/ld+json\" class=\"yoast-schema-graph\">{\"@context\":\"https:\\\/\\\/schema.org\",\"@graph\":[{\"@type\":\"WebPage\",\"@id\":\"https:\\\/\\\/championbaltics.com\\\/lv\\\/toode\\\/titan-6000-elektriskais-vincs-24v-ar-terauda-kabeli\\\/\",\"url\":\"https:\\\/\\\/championbaltics.com\\\/lv\\\/toode\\\/titan-6000-elektriskais-vincs-24v-ar-terauda-kabeli\\\/\",\"name\":\"Titan 6000 elektriskais vin\u010ds 24V - ar t\u0113rauda kabeli - Champion Baltics\",\"isPartOf\":{\"@id\":\"https:\\\/\\\/championbaltics.com\\\/lv\\\/#website\"},\"primaryImageOfPage\":{\"@id\":\"https:\\\/\\\/championbaltics.com\\\/lv\\\/toode\\\/titan-6000-elektriskais-vincs-24v-ar-terauda-kabeli\\\/#primaryimage\"},\"image\":{\"@id\":\"https:\\\/\\\/championbaltics.com\\\/lv\\\/toode\\\/titan-6000-elektriskais-vincs-24v-ar-terauda-kabeli\\\/#primaryimage\"},\"thumbnailUrl\":\"https:\\\/\\\/championbaltics.com\\\/wp-content\\\/uploads\\\/2025\\\/11\\\/WW_Titan-60TTSU_EU_Front-view-scaled.webp\",\"datePublished\":\"2025-11-04T14:04:41+00:00\",\"description\":\"Warrior Titan 6000 elektriskais vin\u010ds 24V ar iztur\u012bgu t\u0113rauda kabeli \u2013 IP67 klase, piln\u012bb\u0101 met\u0101la korpuss, 3-pak\u0101pju p\u0101rnesumk\u0101rba, uzlabota brem\u017eu sist\u0113ma un bezvadu t\u0101lvad\u012bba. Paredz\u0113ts ATV, UTV un piekabju lieto\u0161anai. Iek\u013cauta 5 gadu garantija.\",\"breadcrumb\":{\"@id\":\"https:\\\/\\\/championbaltics.com\\\/lv\\\/toode\\\/titan-6000-elektriskais-vincs-24v-ar-terauda-kabeli\\\/#breadcrumb\"},\"inLanguage\":\"lv-LV\",\"potentialAction\":[{\"@type\":\"ReadAction\",\"target\":[\"https:\\\/\\\/championbaltics.com\\\/lv\\\/toode\\\/titan-6000-elektriskais-vincs-24v-ar-terauda-kabeli\\\/\"]}]},{\"@type\":\"ImageObject\",\"inLanguage\":\"lv-LV\",\"@id\":\"https:\\\/\\\/championbaltics.com\\\/lv\\\/toode\\\/titan-6000-elektriskais-vincs-24v-ar-terauda-kabeli\\\/#primaryimage\",\"url\":\"https:\\\/\\\/championbaltics.com\\\/wp-content\\\/uploads\\\/2025\\\/11\\\/WW_Titan-60TTSU_EU_Front-view-scaled.webp\",\"contentUrl\":\"https:\\\/\\\/championbaltics.com\\\/wp-content\\\/uploads\\\/2025\\\/11\\\/WW_Titan-60TTSU_EU_Front-view-scaled.webp\",\"width\":1920,\"height\":1920,\"caption\":\"vin\u010das skats no priek\u0161puses\"},{\"@type\":\"BreadcrumbList\",\"@id\":\"https:\\\/\\\/championbaltics.com\\\/lv\\\/toode\\\/titan-6000-elektriskais-vincs-24v-ar-terauda-kabeli\\\/#breadcrumb\",\"itemListElement\":[{\"@type\":\"ListItem\",\"position\":1,\"name\":\"Home\",\"item\":\"https:\\\/\\\/championbaltics.com\\\/lv\\\/\"},{\"@type\":\"ListItem\",\"position\":2,\"name\":\"Veikals\",\"item\":\"https:\\\/\\\/championbaltics.com\\\/lv\\\/veikals\\\/\"},{\"@type\":\"ListItem\",\"position\":3,\"name\":\"Titan 6000 elektriskais vin\u010ds 24V &#8211; ar t\u0113rauda kabeli\"}]},{\"@type\":\"WebSite\",\"@id\":\"https:\\\/\\\/championbaltics.com\\\/lv\\\/#website\",\"url\":\"https:\\\/\\\/championbaltics.com\\\/lv\\\/\",\"name\":\"Champion Baltics\",\"description\":\"Power equipments\",\"publisher\":{\"@id\":\"https:\\\/\\\/championbaltics.com\\\/lv\\\/#organization\"},\"alternateName\":\"Champion Power Equipment\",\"potentialAction\":[{\"@type\":\"SearchAction\",\"target\":{\"@type\":\"EntryPoint\",\"urlTemplate\":\"https:\\\/\\\/championbaltics.com\\\/lv\\\/?s={search_term_string}\"},\"query-input\":{\"@type\":\"PropertyValueSpecification\",\"valueRequired\":true,\"valueName\":\"search_term_string\"}}],\"inLanguage\":\"lv-LV\"},{\"@type\":[\"Organization\",\"Place\"],\"@id\":\"https:\\\/\\\/championbaltics.com\\\/lv\\\/#organization\",\"name\":\"Champion Baltics\",\"alternateName\":\"Champion Power Equipment\",\"url\":\"https:\\\/\\\/championbaltics.com\\\/lv\\\/\",\"logo\":{\"@id\":\"https:\\\/\\\/championbaltics.com\\\/lv\\\/toode\\\/titan-6000-elektriskais-vincs-24v-ar-terauda-kabeli\\\/#local-main-organization-logo\"},\"image\":{\"@id\":\"https:\\\/\\\/championbaltics.com\\\/lv\\\/toode\\\/titan-6000-elektriskais-vincs-24v-ar-terauda-kabeli\\\/#local-main-organization-logo\"},\"sameAs\":[\"https:\\\/\\\/facebook.com\\\/championbaltics\"],\"description\":\"Champion power equipment representer of State of Baltics\",\"legalName\":\"T.O Engineering LLC\",\"foundingDate\":\"2015-01-07\",\"numberOfEmployees\":{\"@type\":\"QuantitativeValue\",\"minValue\":\"1\",\"maxValue\":\"10\"},\"hasMerchantReturnPolicy\":{\"@type\":\"MerchantReturnPolicy\",\"merchantReturnLink\":\"https:\\\/\\\/championbaltics.com\\\/refund_returns\\\/\"},\"address\":{\"@id\":\"https:\\\/\\\/championbaltics.com\\\/lv\\\/toode\\\/titan-6000-elektriskais-vincs-24v-ar-terauda-kabeli\\\/#local-main-place-address\"},\"telephone\":[],\"contactPoint\":{\"@type\":\"ContactPoint\",\"telephone\":\"+3725204833\",\"email\":\"info@championbaltics.com\"},\"openingHoursSpecification\":[{\"@type\":\"OpeningHoursSpecification\",\"dayOfWeek\":[\"Monday\",\"Tuesday\",\"Wednesday\",\"Thursday\",\"Friday\",\"Saturday\",\"Sunday\"],\"opens\":\"09:00\",\"closes\":\"17:00\"}],\"email\":\"info@championbaltics.com\",\"vatID\":\"EE102032772\"},{\"@type\":\"PostalAddress\",\"@id\":\"https:\\\/\\\/championbaltics.com\\\/lv\\\/toode\\\/titan-6000-elektriskais-vincs-24v-ar-terauda-kabeli\\\/#local-main-place-address\",\"streetAddress\":\"P\u00e4rnu mnt 144\",\"addressLocality\":\"Tallinn\",\"postalCode\":\"11317\",\"addressRegion\":\"Harju\",\"addressCountry\":\"EE\"},{\"@type\":\"ImageObject\",\"inLanguage\":\"lv-LV\",\"@id\":\"https:\\\/\\\/championbaltics.com\\\/lv\\\/toode\\\/titan-6000-elektriskais-vincs-24v-ar-terauda-kabeli\\\/#local-main-organization-logo\",\"url\":\"https:\\\/\\\/championbaltics.com\\\/wp-content\\\/uploads\\\/2025\\\/08\\\/cropped-ChampionBalticsLogo.webp\",\"contentUrl\":\"https:\\\/\\\/championbaltics.com\\\/wp-content\\\/uploads\\\/2025\\\/08\\\/cropped-ChampionBalticsLogo.webp\",\"width\":512,\"height\":512,\"caption\":\"Champion Baltics\"}]}<\/script>\n<meta property=\"product:price:amount\" content=\"649.00\" \/>\n<meta property=\"product:price:currency\" content=\"EUR\" \/>\n<meta property=\"og:availability\" content=\"instock\" \/>\n<meta property=\"product:availability\" content=\"instock\" \/>\n<meta property=\"product:retailer_item_id\" content=\"60TTSU24\" \/>\n<meta property=\"product:condition\" content=\"new\" \/>\n<meta name=\"geo.placename\" content=\"Tallinn\" \/>\n<meta name=\"geo.region\" content=\"Estonia\" \/>\n<!-- \/ Yoast SEO Premium plugin. -->","yoast_head_json":{"title":"Titan 6000 elektriskais vin\u010ds 24V - ar t\u0113rauda kabeli - Champion Baltics","description":"Warrior Titan 6000 elektriskais vin\u010ds 24V ar iztur\u012bgu t\u0113rauda kabeli \u2013 IP67 klase, piln\u012bb\u0101 met\u0101la korpuss, 3-pak\u0101pju p\u0101rnesumk\u0101rba, uzlabota brem\u017eu sist\u0113ma un bezvadu t\u0101lvad\u012bba. Paredz\u0113ts ATV, UTV un piekabju lieto\u0161anai. Iek\u013cauta 5 gadu garantija.","robots":{"index":"index","follow":"follow","max-snippet":"max-snippet:-1","max-image-preview":"max-image-preview:large","max-video-preview":"max-video-preview:-1"},"canonical":"https:\/\/championbaltics.com\/lv\/toode\/titan-6000-elektriskais-vincs-24v-ar-terauda-kabeli\/","og_locale":"lv_LV","og_type":"article","og_title":"Titan 6000 elektriskais vin\u010ds 24V - ar t\u0113rauda kabeli","og_description":"Warrior Titan 6000 elektriskais vin\u010ds 24V ar iztur\u012bgu t\u0113rauda kabeli \u2013 IP67 klase, piln\u012bb\u0101 met\u0101la korpuss, 3-pak\u0101pju p\u0101rnesumk\u0101rba, uzlabota brem\u017eu sist\u0113ma un bezvadu t\u0101lvad\u012bba. Paredz\u0113ts ATV, UTV un piekabju lieto\u0161anai. Iek\u013cauta 5 gadu garantija.","og_url":"https:\/\/championbaltics.com\/lv\/toode\/titan-6000-elektriskais-vincs-24v-ar-terauda-kabeli\/","og_site_name":"Champion Baltics","article_publisher":"https:\/\/facebook.com\/championbaltics","og_image":[{"width":1920,"height":1920,"url":"https:\/\/championbaltics.com\/wp-content\/uploads\/2025\/11\/WW_Titan-60TTSU_EU_Front-view-scaled.webp","type":"image\/webp"}],"twitter_card":"summary_large_image","twitter_misc":{"Price":"649,00&nbsp;&euro;","Availability":"In stock"},"schema":{"@context":"https:\/\/schema.org","@graph":[{"@type":"WebPage","@id":"https:\/\/championbaltics.com\/lv\/toode\/titan-6000-elektriskais-vincs-24v-ar-terauda-kabeli\/","url":"https:\/\/championbaltics.com\/lv\/toode\/titan-6000-elektriskais-vincs-24v-ar-terauda-kabeli\/","name":"Titan 6000 elektriskais vin\u010ds 24V - ar t\u0113rauda kabeli - Champion Baltics","isPartOf":{"@id":"https:\/\/championbaltics.com\/lv\/#website"},"primaryImageOfPage":{"@id":"https:\/\/championbaltics.com\/lv\/toode\/titan-6000-elektriskais-vincs-24v-ar-terauda-kabeli\/#primaryimage"},"image":{"@id":"https:\/\/championbaltics.com\/lv\/toode\/titan-6000-elektriskais-vincs-24v-ar-terauda-kabeli\/#primaryimage"},"thumbnailUrl":"https:\/\/championbaltics.com\/wp-content\/uploads\/2025\/11\/WW_Titan-60TTSU_EU_Front-view-scaled.webp","datePublished":"2025-11-04T14:04:41+00:00","description":"Warrior Titan 6000 elektriskais vin\u010ds 24V ar iztur\u012bgu t\u0113rauda kabeli \u2013 IP67 klase, piln\u012bb\u0101 met\u0101la korpuss, 3-pak\u0101pju p\u0101rnesumk\u0101rba, uzlabota brem\u017eu sist\u0113ma un bezvadu t\u0101lvad\u012bba. Paredz\u0113ts ATV, UTV un piekabju lieto\u0161anai. Iek\u013cauta 5 gadu garantija.","breadcrumb":{"@id":"https:\/\/championbaltics.com\/lv\/toode\/titan-6000-elektriskais-vincs-24v-ar-terauda-kabeli\/#breadcrumb"},"inLanguage":"lv-LV","potentialAction":[{"@type":"ReadAction","target":["https:\/\/championbaltics.com\/lv\/toode\/titan-6000-elektriskais-vincs-24v-ar-terauda-kabeli\/"]}]},{"@type":"ImageObject","inLanguage":"lv-LV","@id":"https:\/\/championbaltics.com\/lv\/toode\/titan-6000-elektriskais-vincs-24v-ar-terauda-kabeli\/#primaryimage","url":"https:\/\/championbaltics.com\/wp-content\/uploads\/2025\/11\/WW_Titan-60TTSU_EU_Front-view-scaled.webp","contentUrl":"https:\/\/championbaltics.com\/wp-content\/uploads\/2025\/11\/WW_Titan-60TTSU_EU_Front-view-scaled.webp","width":1920,"height":1920,"caption":"vin\u010das skats no priek\u0161puses"},{"@type":"BreadcrumbList","@id":"https:\/\/championbaltics.com\/lv\/toode\/titan-6000-elektriskais-vincs-24v-ar-terauda-kabeli\/#breadcrumb","itemListElement":[{"@type":"ListItem","position":1,"name":"Home","item":"https:\/\/championbaltics.com\/lv\/"},{"@type":"ListItem","position":2,"name":"Veikals","item":"https:\/\/championbaltics.com\/lv\/veikals\/"},{"@type":"ListItem","position":3,"name":"Titan 6000 elektriskais vin\u010ds 24V &#8211; ar t\u0113rauda kabeli"}]},{"@type":"WebSite","@id":"https:\/\/championbaltics.com\/lv\/#website","url":"https:\/\/championbaltics.com\/lv\/","name":"Champion Baltics","description":"Power equipments","publisher":{"@id":"https:\/\/championbaltics.com\/lv\/#organization"},"alternateName":"Champion Power Equipment","potentialAction":[{"@type":"SearchAction","target":{"@type":"EntryPoint","urlTemplate":"https:\/\/championbaltics.com\/lv\/?s={search_term_string}"},"query-input":{"@type":"PropertyValueSpecification","valueRequired":true,"valueName":"search_term_string"}}],"inLanguage":"lv-LV"},{"@type":["Organization","Place"],"@id":"https:\/\/championbaltics.com\/lv\/#organization","name":"Champion Baltics","alternateName":"Champion Power Equipment","url":"https:\/\/championbaltics.com\/lv\/","logo":{"@id":"https:\/\/championbaltics.com\/lv\/toode\/titan-6000-elektriskais-vincs-24v-ar-terauda-kabeli\/#local-main-organization-logo"},"image":{"@id":"https:\/\/championbaltics.com\/lv\/toode\/titan-6000-elektriskais-vincs-24v-ar-terauda-kabeli\/#local-main-organization-logo"},"sameAs":["https:\/\/facebook.com\/championbaltics"],"description":"Champion power equipment representer of State of Baltics","legalName":"T.O Engineering LLC","foundingDate":"2015-01-07","numberOfEmployees":{"@type":"QuantitativeValue","minValue":"1","maxValue":"10"},"hasMerchantReturnPolicy":{"@type":"MerchantReturnPolicy","merchantReturnLink":"https:\/\/championbaltics.com\/refund_returns\/"},"address":{"@id":"https:\/\/championbaltics.com\/lv\/toode\/titan-6000-elektriskais-vincs-24v-ar-terauda-kabeli\/#local-main-place-address"},"telephone":[],"contactPoint":{"@type":"ContactPoint","telephone":"+3725204833","email":"info@championbaltics.com"},"openingHoursSpecification":[{"@type":"OpeningHoursSpecification","dayOfWeek":["Monday","Tuesday","Wednesday","Thursday","Friday","Saturday","Sunday"],"opens":"09:00","closes":"17:00"}],"email":"info@championbaltics.com","vatID":"EE102032772"},{"@type":"PostalAddress","@id":"https:\/\/championbaltics.com\/lv\/toode\/titan-6000-elektriskais-vincs-24v-ar-terauda-kabeli\/#local-main-place-address","streetAddress":"P\u00e4rnu mnt 144","addressLocality":"Tallinn","postalCode":"11317","addressRegion":"Harju","addressCountry":"EE"},{"@type":"ImageObject","inLanguage":"lv-LV","@id":"https:\/\/championbaltics.com\/lv\/toode\/titan-6000-elektriskais-vincs-24v-ar-terauda-kabeli\/#local-main-organization-logo","url":"https:\/\/championbaltics.com\/wp-content\/uploads\/2025\/08\/cropped-ChampionBalticsLogo.webp","contentUrl":"https:\/\/championbaltics.com\/wp-content\/uploads\/2025\/08\/cropped-ChampionBalticsLogo.webp","width":512,"height":512,"caption":"Champion Baltics"}]},"product_price_amount":"649.00","product_price_currency":"EUR","og_availability":"instock","product_availability":"instock","product_retailer_item_id":"60TTSU24","product_condition":"new","geo.placename":"Tallinn","geo.region":"Estonia"},"_links":{"self":[{"href":"https:\/\/championbaltics.com\/lv\/wp-json\/wp\/v2\/product\/33422","targetHints":{"allow":["GET"]}}],"collection":[{"href":"https:\/\/championbaltics.com\/lv\/wp-json\/wp\/v2\/product"}],"about":[{"href":"https:\/\/championbaltics.com\/lv\/wp-json\/wp\/v2\/types\/product"}],"replies":[{"embeddable":true,"href":"https:\/\/championbaltics.com\/lv\/wp-json\/wp\/v2\/comments?post=33422"}],"version-history":[{"count":0,"href":"https:\/\/championbaltics.com\/lv\/wp-json\/wp\/v2\/product\/33422\/revisions"}],"wp:featuredmedia":[{"embeddable":true,"href":"https:\/\/championbaltics.com\/lv\/wp-json\/wp\/v2\/media\/33427"}],"wp:attachment":[{"href":"https:\/\/championbaltics.com\/lv\/wp-json\/wp\/v2\/media?parent=33422"}],"wp:term":[{"taxonomy":"product_brand","embeddable":true,"href":"https:\/\/championbaltics.com\/lv\/wp-json\/wp\/v2\/product_brand?post=33422"},{"taxonomy":"product_cat","embeddable":true,"href":"https:\/\/championbaltics.com\/lv\/wp-json\/wp\/v2\/product_cat?post=33422"},{"taxonomy":"product_tag","embeddable":true,"href":"https:\/\/championbaltics.com\/lv\/wp-json\/wp\/v2\/product_tag?post=33422"}],"curies":[{"name":"wp","href":"https:\/\/api.w.org\/{rel}","templated":true}]}}