{"id":33873,"date":"2025-11-03T12:56:51","date_gmt":"2025-11-03T12:56:51","guid":{"rendered":"https:\/\/championbaltics.com\/toode\/trojan-4000-parnesajama-elektriska-vinca-terauda-trose-12v\/"},"modified":"2025-11-03T12:56:51","modified_gmt":"2025-11-03T12:56:51","slug":"trojan-4000-parnesajama-elektriska-vinca-terauda-trose-12v","status":"publish","type":"product","link":"https:\/\/championbaltics.com\/lv\/toode\/trojan-4000-parnesajama-elektriska-vinca-terauda-trose-12v\/","title":{"rendered":"Trojan 4000 p\u0101rn\u0113s\u0101jama elektrisk\u0101 vin\u010da \u2013 t\u0113rauda trose 12V"},"content":{"rendered":"<div class=\"elementor-element elementor-element-bff7dea elementor-widget elementor-widget-theme-post-title elementor-page-title elementor-widget-heading\" data-id=\"bff7dea\" data-element_type=\"widget\" data-widget_type=\"theme-post-title.default\">\n<h3 class=\"elementor-heading-title elementor-size-default\"><span dir=\"auto\">Trojan 4000 p\u0101rn\u0113s\u0101jama elektrisk\u0101 vin\u010da \u2013 ar t\u0113rauda trosi 12V<\/span><\/h3>\n<\/div>\n<div class=\"elementor-element elementor-element-a536ae3 elementor-widget elementor-widget-jet-listing-dynamic-field\" data-id=\"a536ae3\" data-element_type=\"widget\" data-widget_type=\"jet-listing-dynamic-field.default\">\n<div class=\"jet-listing jet-listing-dynamic-field display-inline\">\n<div class=\"jet-listing-dynamic-field__inline-wrap\">\n<div class=\"jet-listing-dynamic-field__content\">\n<p>Warrior Winches Trojan ir p\u0101rn\u0113s\u0101jama vin\u010da, kas integr\u0113ta \u0113rt\u0101 instrumentu kast\u0113. Vin\u010da var apstr\u0101d\u0101t 4000 m\u0101rci\u0146as, kas ir aptuveni 2000 kg, un viss nepiecie\u0161amais ir iek\u013cauts kast\u0113. Vin\u010da un instrumentu kaste ir uzst\u0101d\u012btas uz iztur\u012bga pulverp\u0101rkl\u0101juma r\u0101mja, ko var piestiprin\u0101t da\u017e\u0101dos veidos, pateicoties t\u0101 iepriek\u0161 izurbtajiem stiprin\u0101juma punktiem, kur tikai lietot\u0101ja izt\u0113le nosaka robe\u017eas.  <\/p>\n<p>Trojan ir piln\u012bb\u0101 p\u0101rn\u0113s\u0101jams un tam nav nepiecie\u0161ama uzst\u0101d\u012b\u0161ana vai vin\u010das piestiprin\u0101\u0161ana \u2013 ta\u010du to var izmantot ar\u012b past\u0101v\u012bg\u0101kos risin\u0101jumos. Neatkar\u012bgi no j\u016bsu vajadz\u012bb\u0101m, j\u016bs varat viegli pa\u0146emt vin\u010du l\u012bdzi un izmantot to, tikl\u012bdz atverat v\u0101ku. <\/p>\n<\/div>\n<\/div>\n<\/div>\n<\/div>\n","protected":false},"excerpt":{"rendered":"<p><span dir=\"auto\">Warrior Winches Trojan ir p\u0101rn\u0113s\u0101jama vin\u010da, kas integr\u0113ta \u0113rt\u0101 instrumentu kast\u0113. Vin\u010da var apstr\u0101d\u0101t 4000 m\u0101rci\u0146as, kas ir aptuveni 2000 kg, un viss nepiecie\u0161amais ir iek\u013cauts kast\u0113.  <\/span><\/p>\n<p>\u012apa\u0161\u012bbas:<\/p>\n<p>1814 kg vilk\u0161anas jauda<br \/>\nIeb\u016bv\u0113ta 6 mm mont\u0101\u017eas pl\u0101ksne<br \/>\nVar uzst\u0101d\u012bt past\u0101v\u012bgi, ja nepiecie\u0161ams<br \/>\nDubulti nobl\u012bv\u0113ts cilindrs (P\u0101rnesumk\u0101rba\/Dzin\u0113js)<br \/>\n\u0100tra plug-and-play funkcionalit\u0101te<\/p>\n","protected":false},"featured_media":32573,"comment_status":"open","ping_status":"closed","template":"","meta":[],"product_brand":[292],"product_cat":[315],"product_tag":[371,346,317,402,316],"class_list":{"0":"post-33873","1":"product","2":"type-product","3":"status-publish","4":"has-post-thumbnail","6":"product_brand-warrior-winches","7":"product_cat-vincas","8":"product_tag-elektriska-vinca","9":"product_tag-premium","10":"product_tag-terauda-trose","11":"product_tag-trojan","12":"product_tag-vinca","14":"first","15":"instock","16":"taxable","17":"shipping-taxable","18":"purchasable","19":"product-type-simple"},"yoast_head":"<!-- This site is optimized with the Yoast SEO Premium plugin v27.5 (Yoast SEO v27.5) - https:\/\/yoast.com\/product\/yoast-seo-premium-wordpress\/ -->\n<title>Trojan 4000 p\u0101rn\u0113s\u0101jama elektrisk\u0101 vin\u010da \u2013 t\u0113rauda trose 12V - Champion Baltics<\/title>\n<meta name=\"description\" content=\"Trojan 4000 p\u0101rn\u0113s\u0101jama elektrisk\u0101 vin\u010da 12V ar sint\u0113tisko trosi \u2013 2000 kg vilces sp\u0113ks, integr\u0113ta \u0113rt\u0101 instrumentu kast\u0113, piln\u012bb\u0101 p\u0101rn\u0113s\u0101jama, viegli uzst\u0101d\u0101ma, gatava lieto\u0161anai jebkur.\" \/>\n<meta name=\"robots\" content=\"index, follow, max-snippet:-1, max-image-preview:large, max-video-preview:-1\" \/>\n<link rel=\"canonical\" href=\"https:\/\/championbaltics.com\/lv\/toode\/trojan-4000-parnesajama-elektriska-vinca-terauda-trose-12v\/\" \/>\n<meta property=\"og:locale\" content=\"lv_LV\" \/>\n<meta property=\"og:type\" content=\"article\" \/>\n<meta property=\"og:title\" content=\"Trojan 4000 p\u0101rn\u0113s\u0101jama elektrisk\u0101 vin\u010da \u2013 t\u0113rauda trose 12V\" \/>\n<meta property=\"og:description\" content=\"Trojan 4000 p\u0101rn\u0113s\u0101jama elektrisk\u0101 vin\u010da 12V ar sint\u0113tisko trosi \u2013 2000 kg vilces sp\u0113ks, integr\u0113ta \u0113rt\u0101 instrumentu kast\u0113, piln\u012bb\u0101 p\u0101rn\u0113s\u0101jama, viegli uzst\u0101d\u0101ma, gatava lieto\u0161anai jebkur.\" \/>\n<meta property=\"og:url\" content=\"https:\/\/championbaltics.com\/lv\/toode\/trojan-4000-parnesajama-elektriska-vinca-terauda-trose-12v\/\" \/>\n<meta property=\"og:site_name\" content=\"Champion Baltics\" \/>\n<meta property=\"article:publisher\" content=\"https:\/\/facebook.com\/championbaltics\" \/>\n<meta property=\"og:image\" content=\"https:\/\/championbaltics.com\/wp-content\/uploads\/2025\/11\/Warrior-Trojan_front-scaled.webp\" \/>\n\t<meta property=\"og:image:width\" content=\"1920\" \/>\n\t<meta property=\"og:image:height\" content=\"1118\" \/>\n\t<meta property=\"og:image:type\" content=\"image\/webp\" \/>\n<meta name=\"twitter:card\" content=\"summary_large_image\" \/>\n<meta name=\"twitter:label1\" content=\"Price\" \/>\n\t<meta name=\"twitter:data1\" content=\"379,00&nbsp;&euro;\" \/>\n\t<meta name=\"twitter:label2\" content=\"Availability\" \/>\n\t<meta name=\"twitter:data2\" content=\"In stock\" \/>\n<script type=\"application\/ld+json\" class=\"yoast-schema-graph\">{\"@context\":\"https:\\\/\\\/schema.org\",\"@graph\":[{\"@type\":\"WebPage\",\"@id\":\"https:\\\/\\\/championbaltics.com\\\/lv\\\/toode\\\/trojan-4000-parnesajama-elektriska-vinca-terauda-trose-12v\\\/\",\"url\":\"https:\\\/\\\/championbaltics.com\\\/lv\\\/toode\\\/trojan-4000-parnesajama-elektriska-vinca-terauda-trose-12v\\\/\",\"name\":\"Trojan 4000 p\u0101rn\u0113s\u0101jama elektrisk\u0101 vin\u010da \u2013 t\u0113rauda trose 12V - Champion Baltics\",\"isPartOf\":{\"@id\":\"https:\\\/\\\/championbaltics.com\\\/lv\\\/#website\"},\"primaryImageOfPage\":{\"@id\":\"https:\\\/\\\/championbaltics.com\\\/lv\\\/toode\\\/trojan-4000-parnesajama-elektriska-vinca-terauda-trose-12v\\\/#primaryimage\"},\"image\":{\"@id\":\"https:\\\/\\\/championbaltics.com\\\/lv\\\/toode\\\/trojan-4000-parnesajama-elektriska-vinca-terauda-trose-12v\\\/#primaryimage\"},\"thumbnailUrl\":\"https:\\\/\\\/championbaltics.com\\\/wp-content\\\/uploads\\\/2025\\\/11\\\/Warrior-Trojan_front-scaled.webp\",\"datePublished\":\"2025-11-03T12:56:51+00:00\",\"description\":\"Trojan 4000 p\u0101rn\u0113s\u0101jama elektrisk\u0101 vin\u010da 12V ar sint\u0113tisko trosi \u2013 2000 kg vilces sp\u0113ks, integr\u0113ta \u0113rt\u0101 instrumentu kast\u0113, piln\u012bb\u0101 p\u0101rn\u0113s\u0101jama, viegli uzst\u0101d\u0101ma, gatava lieto\u0161anai jebkur.\",\"breadcrumb\":{\"@id\":\"https:\\\/\\\/championbaltics.com\\\/lv\\\/toode\\\/trojan-4000-parnesajama-elektriska-vinca-terauda-trose-12v\\\/#breadcrumb\"},\"inLanguage\":\"lv-LV\",\"potentialAction\":[{\"@type\":\"ReadAction\",\"target\":[\"https:\\\/\\\/championbaltics.com\\\/lv\\\/toode\\\/trojan-4000-parnesajama-elektriska-vinca-terauda-trose-12v\\\/\"]}]},{\"@type\":\"ImageObject\",\"inLanguage\":\"lv-LV\",\"@id\":\"https:\\\/\\\/championbaltics.com\\\/lv\\\/toode\\\/trojan-4000-parnesajama-elektriska-vinca-terauda-trose-12v\\\/#primaryimage\",\"url\":\"https:\\\/\\\/championbaltics.com\\\/wp-content\\\/uploads\\\/2025\\\/11\\\/Warrior-Trojan_front-scaled.webp\",\"contentUrl\":\"https:\\\/\\\/championbaltics.com\\\/wp-content\\\/uploads\\\/2025\\\/11\\\/Warrior-Trojan_front-scaled.webp\",\"width\":1920,\"height\":1118},{\"@type\":\"BreadcrumbList\",\"@id\":\"https:\\\/\\\/championbaltics.com\\\/lv\\\/toode\\\/trojan-4000-parnesajama-elektriska-vinca-terauda-trose-12v\\\/#breadcrumb\",\"itemListElement\":[{\"@type\":\"ListItem\",\"position\":1,\"name\":\"Home\",\"item\":\"https:\\\/\\\/championbaltics.com\\\/lv\\\/\"},{\"@type\":\"ListItem\",\"position\":2,\"name\":\"Veikals\",\"item\":\"https:\\\/\\\/championbaltics.com\\\/lv\\\/veikals\\\/\"},{\"@type\":\"ListItem\",\"position\":3,\"name\":\"Trojan 4000 p\u0101rn\u0113s\u0101jama elektrisk\u0101 vin\u010da \u2013 t\u0113rauda trose 12V\"}]},{\"@type\":\"WebSite\",\"@id\":\"https:\\\/\\\/championbaltics.com\\\/lv\\\/#website\",\"url\":\"https:\\\/\\\/championbaltics.com\\\/lv\\\/\",\"name\":\"Champion Baltics\",\"description\":\"Power equipments\",\"publisher\":{\"@id\":\"https:\\\/\\\/championbaltics.com\\\/lv\\\/#organization\"},\"alternateName\":\"Champion Power Equipment\",\"potentialAction\":[{\"@type\":\"SearchAction\",\"target\":{\"@type\":\"EntryPoint\",\"urlTemplate\":\"https:\\\/\\\/championbaltics.com\\\/lv\\\/?s={search_term_string}\"},\"query-input\":{\"@type\":\"PropertyValueSpecification\",\"valueRequired\":true,\"valueName\":\"search_term_string\"}}],\"inLanguage\":\"lv-LV\"},{\"@type\":[\"Organization\",\"Place\"],\"@id\":\"https:\\\/\\\/championbaltics.com\\\/lv\\\/#organization\",\"name\":\"Champion Baltics\",\"alternateName\":\"Champion Power Equipment\",\"url\":\"https:\\\/\\\/championbaltics.com\\\/lv\\\/\",\"logo\":{\"@id\":\"https:\\\/\\\/championbaltics.com\\\/lv\\\/toode\\\/trojan-4000-parnesajama-elektriska-vinca-terauda-trose-12v\\\/#local-main-organization-logo\"},\"image\":{\"@id\":\"https:\\\/\\\/championbaltics.com\\\/lv\\\/toode\\\/trojan-4000-parnesajama-elektriska-vinca-terauda-trose-12v\\\/#local-main-organization-logo\"},\"sameAs\":[\"https:\\\/\\\/facebook.com\\\/championbaltics\"],\"description\":\"Champion power equipment representer of State of Baltics\",\"legalName\":\"T.O Engineering LLC\",\"foundingDate\":\"2015-01-07\",\"numberOfEmployees\":{\"@type\":\"QuantitativeValue\",\"minValue\":\"1\",\"maxValue\":\"10\"},\"hasMerchantReturnPolicy\":{\"@type\":\"MerchantReturnPolicy\",\"merchantReturnLink\":\"https:\\\/\\\/championbaltics.com\\\/refund_returns\\\/\"},\"address\":{\"@id\":\"https:\\\/\\\/championbaltics.com\\\/lv\\\/toode\\\/trojan-4000-parnesajama-elektriska-vinca-terauda-trose-12v\\\/#local-main-place-address\"},\"telephone\":[],\"contactPoint\":{\"@type\":\"ContactPoint\",\"telephone\":\"+3725204833\",\"email\":\"info@championbaltics.com\"},\"openingHoursSpecification\":[{\"@type\":\"OpeningHoursSpecification\",\"dayOfWeek\":[\"Monday\",\"Tuesday\",\"Wednesday\",\"Thursday\",\"Friday\",\"Saturday\",\"Sunday\"],\"opens\":\"09:00\",\"closes\":\"17:00\"}],\"email\":\"info@championbaltics.com\",\"vatID\":\"EE102032772\"},{\"@type\":\"PostalAddress\",\"@id\":\"https:\\\/\\\/championbaltics.com\\\/lv\\\/toode\\\/trojan-4000-parnesajama-elektriska-vinca-terauda-trose-12v\\\/#local-main-place-address\",\"streetAddress\":\"P\u00e4rnu mnt 144\",\"addressLocality\":\"Tallinn\",\"postalCode\":\"11317\",\"addressRegion\":\"Harju\",\"addressCountry\":\"EE\"},{\"@type\":\"ImageObject\",\"inLanguage\":\"lv-LV\",\"@id\":\"https:\\\/\\\/championbaltics.com\\\/lv\\\/toode\\\/trojan-4000-parnesajama-elektriska-vinca-terauda-trose-12v\\\/#local-main-organization-logo\",\"url\":\"https:\\\/\\\/championbaltics.com\\\/wp-content\\\/uploads\\\/2025\\\/08\\\/cropped-ChampionBalticsLogo.webp\",\"contentUrl\":\"https:\\\/\\\/championbaltics.com\\\/wp-content\\\/uploads\\\/2025\\\/08\\\/cropped-ChampionBalticsLogo.webp\",\"width\":512,\"height\":512,\"caption\":\"Champion Baltics\"}]}<\/script>\n<meta property=\"product:brand\" content=\"Warrior Winches\" \/>\n<meta property=\"product:price:amount\" content=\"379.00\" \/>\n<meta property=\"product:price:currency\" content=\"EUR\" \/>\n<meta property=\"og:availability\" content=\"instock\" \/>\n<meta property=\"product:availability\" content=\"instock\" \/>\n<meta property=\"product:retailer_item_id\" content=\"40PUS12\" \/>\n<meta property=\"product:condition\" content=\"new\" \/>\n<meta name=\"geo.placename\" content=\"Tallinn\" \/>\n<meta name=\"geo.region\" content=\"Estonia\" \/>\n<!-- \/ Yoast SEO Premium plugin. -->","yoast_head_json":{"title":"Trojan 4000 p\u0101rn\u0113s\u0101jama elektrisk\u0101 vin\u010da \u2013 t\u0113rauda trose 12V - Champion Baltics","description":"Trojan 4000 p\u0101rn\u0113s\u0101jama elektrisk\u0101 vin\u010da 12V ar sint\u0113tisko trosi \u2013 2000 kg vilces sp\u0113ks, integr\u0113ta \u0113rt\u0101 instrumentu kast\u0113, piln\u012bb\u0101 p\u0101rn\u0113s\u0101jama, viegli uzst\u0101d\u0101ma, gatava lieto\u0161anai jebkur.","robots":{"index":"index","follow":"follow","max-snippet":"max-snippet:-1","max-image-preview":"max-image-preview:large","max-video-preview":"max-video-preview:-1"},"canonical":"https:\/\/championbaltics.com\/lv\/toode\/trojan-4000-parnesajama-elektriska-vinca-terauda-trose-12v\/","og_locale":"lv_LV","og_type":"article","og_title":"Trojan 4000 p\u0101rn\u0113s\u0101jama elektrisk\u0101 vin\u010da \u2013 t\u0113rauda trose 12V","og_description":"Trojan 4000 p\u0101rn\u0113s\u0101jama elektrisk\u0101 vin\u010da 12V ar sint\u0113tisko trosi \u2013 2000 kg vilces sp\u0113ks, integr\u0113ta \u0113rt\u0101 instrumentu kast\u0113, piln\u012bb\u0101 p\u0101rn\u0113s\u0101jama, viegli uzst\u0101d\u0101ma, gatava lieto\u0161anai jebkur.","og_url":"https:\/\/championbaltics.com\/lv\/toode\/trojan-4000-parnesajama-elektriska-vinca-terauda-trose-12v\/","og_site_name":"Champion Baltics","article_publisher":"https:\/\/facebook.com\/championbaltics","og_image":[{"width":1920,"height":1118,"url":"https:\/\/championbaltics.com\/wp-content\/uploads\/2025\/11\/Warrior-Trojan_front-scaled.webp","type":"image\/webp"}],"twitter_card":"summary_large_image","twitter_misc":{"Price":"379,00&nbsp;&euro;","Availability":"In stock"},"schema":{"@context":"https:\/\/schema.org","@graph":[{"@type":"WebPage","@id":"https:\/\/championbaltics.com\/lv\/toode\/trojan-4000-parnesajama-elektriska-vinca-terauda-trose-12v\/","url":"https:\/\/championbaltics.com\/lv\/toode\/trojan-4000-parnesajama-elektriska-vinca-terauda-trose-12v\/","name":"Trojan 4000 p\u0101rn\u0113s\u0101jama elektrisk\u0101 vin\u010da \u2013 t\u0113rauda trose 12V - Champion Baltics","isPartOf":{"@id":"https:\/\/championbaltics.com\/lv\/#website"},"primaryImageOfPage":{"@id":"https:\/\/championbaltics.com\/lv\/toode\/trojan-4000-parnesajama-elektriska-vinca-terauda-trose-12v\/#primaryimage"},"image":{"@id":"https:\/\/championbaltics.com\/lv\/toode\/trojan-4000-parnesajama-elektriska-vinca-terauda-trose-12v\/#primaryimage"},"thumbnailUrl":"https:\/\/championbaltics.com\/wp-content\/uploads\/2025\/11\/Warrior-Trojan_front-scaled.webp","datePublished":"2025-11-03T12:56:51+00:00","description":"Trojan 4000 p\u0101rn\u0113s\u0101jama elektrisk\u0101 vin\u010da 12V ar sint\u0113tisko trosi \u2013 2000 kg vilces sp\u0113ks, integr\u0113ta \u0113rt\u0101 instrumentu kast\u0113, piln\u012bb\u0101 p\u0101rn\u0113s\u0101jama, viegli uzst\u0101d\u0101ma, gatava lieto\u0161anai jebkur.","breadcrumb":{"@id":"https:\/\/championbaltics.com\/lv\/toode\/trojan-4000-parnesajama-elektriska-vinca-terauda-trose-12v\/#breadcrumb"},"inLanguage":"lv-LV","potentialAction":[{"@type":"ReadAction","target":["https:\/\/championbaltics.com\/lv\/toode\/trojan-4000-parnesajama-elektriska-vinca-terauda-trose-12v\/"]}]},{"@type":"ImageObject","inLanguage":"lv-LV","@id":"https:\/\/championbaltics.com\/lv\/toode\/trojan-4000-parnesajama-elektriska-vinca-terauda-trose-12v\/#primaryimage","url":"https:\/\/championbaltics.com\/wp-content\/uploads\/2025\/11\/Warrior-Trojan_front-scaled.webp","contentUrl":"https:\/\/championbaltics.com\/wp-content\/uploads\/2025\/11\/Warrior-Trojan_front-scaled.webp","width":1920,"height":1118},{"@type":"BreadcrumbList","@id":"https:\/\/championbaltics.com\/lv\/toode\/trojan-4000-parnesajama-elektriska-vinca-terauda-trose-12v\/#breadcrumb","itemListElement":[{"@type":"ListItem","position":1,"name":"Home","item":"https:\/\/championbaltics.com\/lv\/"},{"@type":"ListItem","position":2,"name":"Veikals","item":"https:\/\/championbaltics.com\/lv\/veikals\/"},{"@type":"ListItem","position":3,"name":"Trojan 4000 p\u0101rn\u0113s\u0101jama elektrisk\u0101 vin\u010da \u2013 t\u0113rauda trose 12V"}]},{"@type":"WebSite","@id":"https:\/\/championbaltics.com\/lv\/#website","url":"https:\/\/championbaltics.com\/lv\/","name":"Champion Baltics","description":"Power equipments","publisher":{"@id":"https:\/\/championbaltics.com\/lv\/#organization"},"alternateName":"Champion Power Equipment","potentialAction":[{"@type":"SearchAction","target":{"@type":"EntryPoint","urlTemplate":"https:\/\/championbaltics.com\/lv\/?s={search_term_string}"},"query-input":{"@type":"PropertyValueSpecification","valueRequired":true,"valueName":"search_term_string"}}],"inLanguage":"lv-LV"},{"@type":["Organization","Place"],"@id":"https:\/\/championbaltics.com\/lv\/#organization","name":"Champion Baltics","alternateName":"Champion Power Equipment","url":"https:\/\/championbaltics.com\/lv\/","logo":{"@id":"https:\/\/championbaltics.com\/lv\/toode\/trojan-4000-parnesajama-elektriska-vinca-terauda-trose-12v\/#local-main-organization-logo"},"image":{"@id":"https:\/\/championbaltics.com\/lv\/toode\/trojan-4000-parnesajama-elektriska-vinca-terauda-trose-12v\/#local-main-organization-logo"},"sameAs":["https:\/\/facebook.com\/championbaltics"],"description":"Champion power equipment representer of State of Baltics","legalName":"T.O Engineering LLC","foundingDate":"2015-01-07","numberOfEmployees":{"@type":"QuantitativeValue","minValue":"1","maxValue":"10"},"hasMerchantReturnPolicy":{"@type":"MerchantReturnPolicy","merchantReturnLink":"https:\/\/championbaltics.com\/refund_returns\/"},"address":{"@id":"https:\/\/championbaltics.com\/lv\/toode\/trojan-4000-parnesajama-elektriska-vinca-terauda-trose-12v\/#local-main-place-address"},"telephone":[],"contactPoint":{"@type":"ContactPoint","telephone":"+3725204833","email":"info@championbaltics.com"},"openingHoursSpecification":[{"@type":"OpeningHoursSpecification","dayOfWeek":["Monday","Tuesday","Wednesday","Thursday","Friday","Saturday","Sunday"],"opens":"09:00","closes":"17:00"}],"email":"info@championbaltics.com","vatID":"EE102032772"},{"@type":"PostalAddress","@id":"https:\/\/championbaltics.com\/lv\/toode\/trojan-4000-parnesajama-elektriska-vinca-terauda-trose-12v\/#local-main-place-address","streetAddress":"P\u00e4rnu mnt 144","addressLocality":"Tallinn","postalCode":"11317","addressRegion":"Harju","addressCountry":"EE"},{"@type":"ImageObject","inLanguage":"lv-LV","@id":"https:\/\/championbaltics.com\/lv\/toode\/trojan-4000-parnesajama-elektriska-vinca-terauda-trose-12v\/#local-main-organization-logo","url":"https:\/\/championbaltics.com\/wp-content\/uploads\/2025\/08\/cropped-ChampionBalticsLogo.webp","contentUrl":"https:\/\/championbaltics.com\/wp-content\/uploads\/2025\/08\/cropped-ChampionBalticsLogo.webp","width":512,"height":512,"caption":"Champion Baltics"}]},"product_brand":"Warrior Winches","product_price_amount":"379.00","product_price_currency":"EUR","og_availability":"instock","product_availability":"instock","product_retailer_item_id":"40PUS12","product_condition":"new","geo.placename":"Tallinn","geo.region":"Estonia"},"_links":{"self":[{"href":"https:\/\/championbaltics.com\/lv\/wp-json\/wp\/v2\/product\/33873","targetHints":{"allow":["GET"]}}],"collection":[{"href":"https:\/\/championbaltics.com\/lv\/wp-json\/wp\/v2\/product"}],"about":[{"href":"https:\/\/championbaltics.com\/lv\/wp-json\/wp\/v2\/types\/product"}],"replies":[{"embeddable":true,"href":"https:\/\/championbaltics.com\/lv\/wp-json\/wp\/v2\/comments?post=33873"}],"version-history":[{"count":0,"href":"https:\/\/championbaltics.com\/lv\/wp-json\/wp\/v2\/product\/33873\/revisions"}],"wp:featuredmedia":[{"embeddable":true,"href":"https:\/\/championbaltics.com\/lv\/wp-json\/wp\/v2\/media\/32573"}],"wp:attachment":[{"href":"https:\/\/championbaltics.com\/lv\/wp-json\/wp\/v2\/media?parent=33873"}],"wp:term":[{"taxonomy":"product_brand","embeddable":true,"href":"https:\/\/championbaltics.com\/lv\/wp-json\/wp\/v2\/product_brand?post=33873"},{"taxonomy":"product_cat","embeddable":true,"href":"https:\/\/championbaltics.com\/lv\/wp-json\/wp\/v2\/product_cat?post=33873"},{"taxonomy":"product_tag","embeddable":true,"href":"https:\/\/championbaltics.com\/lv\/wp-json\/wp\/v2\/product_tag?post=33873"}],"curies":[{"name":"wp","href":"https:\/\/api.w.org\/{rel}","templated":true}]}}